{"id":1861,"date":"2024-04-30T14:28:59","date_gmt":"2024-04-30T13:28:59","guid":{"rendered":"https:\/\/www.ariens.eu\/?page_id=1861"},"modified":"2024-06-18T12:56:28","modified_gmt":"2024-06-18T11:56:28","slug":"actions-nouvelles","status":"publish","type":"page","link":"https:\/\/www.ariens.eu\/fr\/nouvelles\/actions-nouvelles\/","title":{"rendered":"Actions &#038; Nouvelles"},"content":{"rendered":"","protected":false},"excerpt":{"rendered":"","protected":false},"author":7,"featured_media":0,"parent":1752,"menu_order":0,"comment_status":"closed","ping_status":"closed","template":"template-posts_archive.php","meta":{"_acf_changed":false,"_relevanssi_hide_post":"","_relevanssi_hide_content":"","_relevanssi_pin_for_all":"","_relevanssi_pin_keywords":"","_relevanssi_unpin_keywords":"","_relevanssi_related_keywords":"","_relevanssi_related_include_ids":"","_relevanssi_related_exclude_ids":"","_relevanssi_related_no_append":"","_relevanssi_related_not_related":"","_relevanssi_related_posts":"","_relevanssi_noindex_reason":"","footnotes":""},"class_list":["post-1861","page","type-page","status-publish","hentry"],"acf":[],"yoast_head":"<!-- This site is optimized with the Yoast SEO plugin v27.3 - https:\/\/yoast.com\/product\/yoast-seo-wordpress\/ -->\n<title>Promotions des ventes, concours et nouveaux produits d&#039;Ariens<\/title>\n<meta name=\"description\" content=\"D\u00e9couvrez les promotions actuelles et futures, les concours et les innovations d&#039;Ariens - votre expert en mati\u00e8re de tondeuses \u00e0 rayon de braquage z\u00e9ro et de souffleuses \u00e0 neige.\" \/>\n<meta name=\"robots\" content=\"index, follow, max-snippet:-1, max-image-preview:large, max-video-preview:-1\" \/>\n<link rel=\"canonical\" href=\"https:\/\/www.ariens.eu\/fr\/nouvelles\/actions-nouvelles\/\" \/>\n<meta property=\"og:locale\" content=\"fr_FR\" \/>\n<meta property=\"og:type\" content=\"article\" \/>\n<meta property=\"og:title\" content=\"Promotions des ventes, concours et nouveaux produits d&#039;Ariens\" \/>\n<meta property=\"og:description\" content=\"D\u00e9couvrez les promotions actuelles et futures, les concours et les innovations d&#039;Ariens - votre expert en mati\u00e8re de tondeuses \u00e0 rayon de braquage z\u00e9ro et de souffleuses \u00e0 neige.\" \/>\n<meta property=\"og:url\" content=\"https:\/\/www.ariens.eu\/fr\/nouvelles\/actions-nouvelles\/\" \/>\n<meta property=\"og:site_name\" content=\"Ariens | EMEAA\" \/>\n<meta property=\"article:modified_time\" content=\"2024-06-18T11:56:28+00:00\" \/>\n<meta property=\"og:image\" content=\"https:\/\/www.ariens.eu\/fr\/wp-content\/uploads\/sites\/4\/2024\/05\/Facivon_Ariens-logo.png\" \/>\n\t<meta property=\"og:image:width\" content=\"300\" \/>\n\t<meta property=\"og:image:height\" content=\"300\" \/>\n\t<meta property=\"og:image:type\" content=\"image\/png\" \/>\n<meta name=\"twitter:card\" content=\"summary_large_image\" \/>\n<script type=\"application\/ld+json\" class=\"yoast-schema-graph\">{\"@context\":\"https:\\\/\\\/schema.org\",\"@graph\":[{\"@type\":\"WebPage\",\"@id\":\"https:\\\/\\\/www.ariens.eu\\\/fr\\\/nouvelles\\\/actions-nouvelles\\\/\",\"url\":\"https:\\\/\\\/www.ariens.eu\\\/fr\\\/nouvelles\\\/actions-nouvelles\\\/\",\"name\":\"Promotions des ventes, concours et nouveaux produits d'Ariens\",\"isPartOf\":{\"@id\":\"https:\\\/\\\/www.ariens.eu\\\/fr\\\/#website\"},\"datePublished\":\"2024-04-30T13:28:59+00:00\",\"dateModified\":\"2024-06-18T11:56:28+00:00\",\"description\":\"D\u00e9couvrez les promotions actuelles et futures, les concours et les innovations d'Ariens - votre expert en mati\u00e8re de tondeuses \u00e0 rayon de braquage z\u00e9ro et de souffleuses \u00e0 neige.\",\"breadcrumb\":{\"@id\":\"https:\\\/\\\/www.ariens.eu\\\/fr\\\/nouvelles\\\/actions-nouvelles\\\/#breadcrumb\"},\"inLanguage\":\"fr-FR\",\"potentialAction\":[{\"@type\":\"ReadAction\",\"target\":[\"https:\\\/\\\/www.ariens.eu\\\/fr\\\/nouvelles\\\/actions-nouvelles\\\/\"]}]},{\"@type\":\"BreadcrumbList\",\"@id\":\"https:\\\/\\\/www.ariens.eu\\\/fr\\\/nouvelles\\\/actions-nouvelles\\\/#breadcrumb\",\"itemListElement\":[{\"@type\":\"ListItem\",\"position\":1,\"name\":\"Home\",\"item\":\"https:\\\/\\\/www.ariens.eu\\\/fr\\\/\"},{\"@type\":\"ListItem\",\"position\":2,\"name\":\"Nouvelles\",\"item\":\"https:\\\/\\\/www.ariens.eu\\\/fr\\\/nouvelles\\\/\"},{\"@type\":\"ListItem\",\"position\":3,\"name\":\"Actions &#038; Nouvelles\"}]},{\"@type\":\"WebSite\",\"@id\":\"https:\\\/\\\/www.ariens.eu\\\/fr\\\/#website\",\"url\":\"https:\\\/\\\/www.ariens.eu\\\/fr\\\/\",\"name\":\"Ariens | EMEAA\",\"description\":\"Powerful and reliable zero-turn mowers &amp; snow blowers for professional users and demanding private customers\",\"potentialAction\":[{\"@type\":\"SearchAction\",\"target\":{\"@type\":\"EntryPoint\",\"urlTemplate\":\"https:\\\/\\\/www.ariens.eu\\\/fr\\\/?s={search_term_string}\"},\"query-input\":{\"@type\":\"PropertyValueSpecification\",\"valueRequired\":true,\"valueName\":\"search_term_string\"}}],\"inLanguage\":\"fr-FR\"}]}<\/script>\n<!-- \/ Yoast SEO plugin. -->","yoast_head_json":{"title":"Promotions des ventes, concours et nouveaux produits d'Ariens","description":"D\u00e9couvrez les promotions actuelles et futures, les concours et les innovations d'Ariens - votre expert en mati\u00e8re de tondeuses \u00e0 rayon de braquage z\u00e9ro et de souffleuses \u00e0 neige.","robots":{"index":"index","follow":"follow","max-snippet":"max-snippet:-1","max-image-preview":"max-image-preview:large","max-video-preview":"max-video-preview:-1"},"canonical":"https:\/\/www.ariens.eu\/fr\/nouvelles\/actions-nouvelles\/","og_locale":"fr_FR","og_type":"article","og_title":"Promotions des ventes, concours et nouveaux produits d'Ariens","og_description":"D\u00e9couvrez les promotions actuelles et futures, les concours et les innovations d'Ariens - votre expert en mati\u00e8re de tondeuses \u00e0 rayon de braquage z\u00e9ro et de souffleuses \u00e0 neige.","og_url":"https:\/\/www.ariens.eu\/fr\/nouvelles\/actions-nouvelles\/","og_site_name":"Ariens | EMEAA","article_modified_time":"2024-06-18T11:56:28+00:00","og_image":[{"width":300,"height":300,"url":"https:\/\/www.ariens.eu\/fr\/wp-content\/uploads\/sites\/4\/2024\/05\/Facivon_Ariens-logo.png","type":"image\/png"}],"twitter_card":"summary_large_image","schema":{"@context":"https:\/\/schema.org","@graph":[{"@type":"WebPage","@id":"https:\/\/www.ariens.eu\/fr\/nouvelles\/actions-nouvelles\/","url":"https:\/\/www.ariens.eu\/fr\/nouvelles\/actions-nouvelles\/","name":"Promotions des ventes, concours et nouveaux produits d'Ariens","isPartOf":{"@id":"https:\/\/www.ariens.eu\/fr\/#website"},"datePublished":"2024-04-30T13:28:59+00:00","dateModified":"2024-06-18T11:56:28+00:00","description":"D\u00e9couvrez les promotions actuelles et futures, les concours et les innovations d'Ariens - votre expert en mati\u00e8re de tondeuses \u00e0 rayon de braquage z\u00e9ro et de souffleuses \u00e0 neige.","breadcrumb":{"@id":"https:\/\/www.ariens.eu\/fr\/nouvelles\/actions-nouvelles\/#breadcrumb"},"inLanguage":"fr-FR","potentialAction":[{"@type":"ReadAction","target":["https:\/\/www.ariens.eu\/fr\/nouvelles\/actions-nouvelles\/"]}]},{"@type":"BreadcrumbList","@id":"https:\/\/www.ariens.eu\/fr\/nouvelles\/actions-nouvelles\/#breadcrumb","itemListElement":[{"@type":"ListItem","position":1,"name":"Home","item":"https:\/\/www.ariens.eu\/fr\/"},{"@type":"ListItem","position":2,"name":"Nouvelles","item":"https:\/\/www.ariens.eu\/fr\/nouvelles\/"},{"@type":"ListItem","position":3,"name":"Actions &#038; Nouvelles"}]},{"@type":"WebSite","@id":"https:\/\/www.ariens.eu\/fr\/#website","url":"https:\/\/www.ariens.eu\/fr\/","name":"Ariens | EMEAA","description":"Powerful and reliable zero-turn mowers &amp; snow blowers for professional users and demanding private customers","potentialAction":[{"@type":"SearchAction","target":{"@type":"EntryPoint","urlTemplate":"https:\/\/www.ariens.eu\/fr\/?s={search_term_string}"},"query-input":{"@type":"PropertyValueSpecification","valueRequired":true,"valueName":"search_term_string"}}],"inLanguage":"fr-FR"}]}},"_links":{"self":[{"href":"https:\/\/www.ariens.eu\/fr\/wp-json\/wp\/v2\/pages\/1861","targetHints":{"allow":["GET"]}}],"collection":[{"href":"https:\/\/www.ariens.eu\/fr\/wp-json\/wp\/v2\/pages"}],"about":[{"href":"https:\/\/www.ariens.eu\/fr\/wp-json\/wp\/v2\/types\/page"}],"author":[{"embeddable":true,"href":"https:\/\/www.ariens.eu\/fr\/wp-json\/wp\/v2\/users\/7"}],"replies":[{"embeddable":true,"href":"https:\/\/www.ariens.eu\/fr\/wp-json\/wp\/v2\/comments?post=1861"}],"version-history":[{"count":7,"href":"https:\/\/www.ariens.eu\/fr\/wp-json\/wp\/v2\/pages\/1861\/revisions"}],"predecessor-version":[{"id":4386,"href":"https:\/\/www.ariens.eu\/fr\/wp-json\/wp\/v2\/pages\/1861\/revisions\/4386"}],"up":[{"embeddable":true,"href":"https:\/\/www.ariens.eu\/fr\/wp-json\/wp\/v2\/pages\/1752"}],"wp:attachment":[{"href":"https:\/\/www.ariens.eu\/fr\/wp-json\/wp\/v2\/media?parent=1861"}],"curies":[{"name":"wp","href":"https:\/\/api.w.org\/{rel}","templated":true}]}}