{"id":2999,"date":"2024-05-29T09:12:08","date_gmt":"2024-05-29T08:12:08","guid":{"rendered":"https:\/\/www.ariens.eu\/?page_id=2999"},"modified":"2025-03-19T09:23:42","modified_gmt":"2025-03-19T09:23:42","slug":"contact-form","status":"publish","type":"page","link":"https:\/\/www.ariens.eu\/fr\/contact-form\/","title":{"rendered":"Formulaire de contact"},"content":{"rendered":"","protected":false},"excerpt":{"rendered":"","protected":false},"author":3,"featured_media":4722,"parent":0,"menu_order":0,"comment_status":"closed","ping_status":"closed","template":"","meta":{"_acf_changed":false,"_relevanssi_hide_post":"","_relevanssi_hide_content":"","_relevanssi_pin_for_all":"","_relevanssi_pin_keywords":"","_relevanssi_unpin_keywords":"","_relevanssi_related_keywords":"","_relevanssi_related_include_ids":"","_relevanssi_related_exclude_ids":"","_relevanssi_related_no_append":"","_relevanssi_related_not_related":"","_relevanssi_related_posts":"","_relevanssi_noindex_reason":"","footnotes":""},"class_list":["post-2999","page","type-page","status-publish","has-post-thumbnail","hentry"],"acf":[],"yoast_head":"<!-- This site is optimized with the Yoast SEO plugin v27.3 - https:\/\/yoast.com\/product\/yoast-seo-wordpress\/ -->\n<title>Contactez Ariens | Conseil expert &amp; support revendeur<\/title>\n<meta name=\"description\" content=\"Entrez en contact avec Ariens ! Que vous ayez des questions sur nos produits, que vous ayez besoin de conseils d&#039;experts ou que vous souhaitiez entrer en contact avec un concessionnaire local, notre \u00e9quipe transmettra votre demande au sp\u00e9cialiste appropri\u00e9 en fonction de votre localisation.\" \/>\n<meta name=\"robots\" content=\"index, follow, max-snippet:-1, max-image-preview:large, max-video-preview:-1\" \/>\n<link rel=\"canonical\" href=\"https:\/\/www.ariens.eu\/fr\/contact-form\/\" \/>\n<meta property=\"og:locale\" content=\"fr_FR\" \/>\n<meta property=\"og:type\" content=\"article\" \/>\n<meta property=\"og:title\" content=\"Contactez Ariens | Conseil expert &amp; support revendeur\" \/>\n<meta property=\"og:description\" content=\"Entrez en contact avec Ariens ! Que vous ayez des questions sur nos produits, que vous ayez besoin de conseils d&#039;experts ou que vous souhaitiez entrer en contact avec un concessionnaire local, notre \u00e9quipe transmettra votre demande au sp\u00e9cialiste appropri\u00e9 en fonction de votre localisation.\" \/>\n<meta property=\"og:url\" content=\"https:\/\/www.ariens.eu\/fr\/contact-form\/\" \/>\n<meta property=\"og:site_name\" content=\"Ariens | EMEAA\" \/>\n<meta property=\"article:modified_time\" content=\"2025-03-19T09:23:42+00:00\" \/>\n<meta property=\"og:image\" content=\"https:\/\/www.ariens.eu\/fr\/wp-content\/uploads\/sites\/4\/2025\/03\/ariens-contact-og-image.jpg\" \/>\n\t<meta property=\"og:image:width\" content=\"1200\" \/>\n\t<meta property=\"og:image:height\" content=\"630\" \/>\n\t<meta property=\"og:image:type\" content=\"image\/jpeg\" \/>\n<meta name=\"twitter:card\" content=\"summary_large_image\" \/>\n<meta name=\"twitter:label1\" content=\"Dur\u00e9e de lecture estim\u00e9e\" \/>\n\t<meta name=\"twitter:data1\" content=\"1 minute\" \/>\n<script type=\"application\/ld+json\" class=\"yoast-schema-graph\">{\"@context\":\"https:\\\/\\\/schema.org\",\"@graph\":[{\"@type\":\"WebPage\",\"@id\":\"https:\\\/\\\/www.ariens.eu\\\/fr\\\/contact-form\\\/\",\"url\":\"https:\\\/\\\/www.ariens.eu\\\/fr\\\/contact-form\\\/\",\"name\":\"Contactez Ariens | Conseil expert & support revendeur\",\"isPartOf\":{\"@id\":\"https:\\\/\\\/www.ariens.eu\\\/fr\\\/#website\"},\"primaryImageOfPage\":{\"@id\":\"https:\\\/\\\/www.ariens.eu\\\/fr\\\/contact-form\\\/#primaryimage\"},\"image\":{\"@id\":\"https:\\\/\\\/www.ariens.eu\\\/fr\\\/contact-form\\\/#primaryimage\"},\"thumbnailUrl\":\"https:\\\/\\\/www.ariens.eu\\\/fr\\\/wp-content\\\/uploads\\\/sites\\\/4\\\/2025\\\/03\\\/ariens-contact-og-image.jpg\",\"datePublished\":\"2024-05-29T08:12:08+00:00\",\"dateModified\":\"2025-03-19T09:23:42+00:00\",\"description\":\"Entrez en contact avec Ariens ! Que vous ayez des questions sur nos produits, que vous ayez besoin de conseils d'experts ou que vous souhaitiez entrer en contact avec un concessionnaire local, notre \u00e9quipe transmettra votre demande au sp\u00e9cialiste appropri\u00e9 en fonction de votre localisation.\",\"breadcrumb\":{\"@id\":\"https:\\\/\\\/www.ariens.eu\\\/fr\\\/contact-form\\\/#breadcrumb\"},\"inLanguage\":\"fr-FR\",\"potentialAction\":[{\"@type\":\"ReadAction\",\"target\":[\"https:\\\/\\\/www.ariens.eu\\\/fr\\\/contact-form\\\/\"]}]},{\"@type\":\"ImageObject\",\"inLanguage\":\"fr-FR\",\"@id\":\"https:\\\/\\\/www.ariens.eu\\\/fr\\\/contact-form\\\/#primaryimage\",\"url\":\"https:\\\/\\\/www.ariens.eu\\\/fr\\\/wp-content\\\/uploads\\\/sites\\\/4\\\/2025\\\/03\\\/ariens-contact-og-image.jpg\",\"contentUrl\":\"https:\\\/\\\/www.ariens.eu\\\/fr\\\/wp-content\\\/uploads\\\/sites\\\/4\\\/2025\\\/03\\\/ariens-contact-og-image.jpg\",\"width\":1200,\"height\":630,\"caption\":\"Ariens Contact page, illustrative image of a Zero-Turn mower and contact icons like telephone, mail etc\"},{\"@type\":\"BreadcrumbList\",\"@id\":\"https:\\\/\\\/www.ariens.eu\\\/fr\\\/contact-form\\\/#breadcrumb\",\"itemListElement\":[{\"@type\":\"ListItem\",\"position\":1,\"name\":\"Home\",\"item\":\"https:\\\/\\\/www.ariens.eu\\\/fr\\\/\"},{\"@type\":\"ListItem\",\"position\":2,\"name\":\"Formulaire de contact\"}]},{\"@type\":\"WebSite\",\"@id\":\"https:\\\/\\\/www.ariens.eu\\\/fr\\\/#website\",\"url\":\"https:\\\/\\\/www.ariens.eu\\\/fr\\\/\",\"name\":\"Ariens | EMEAA\",\"description\":\"Powerful and reliable zero-turn mowers &amp; snow blowers for professional users and demanding private customers\",\"potentialAction\":[{\"@type\":\"SearchAction\",\"target\":{\"@type\":\"EntryPoint\",\"urlTemplate\":\"https:\\\/\\\/www.ariens.eu\\\/fr\\\/?s={search_term_string}\"},\"query-input\":{\"@type\":\"PropertyValueSpecification\",\"valueRequired\":true,\"valueName\":\"search_term_string\"}}],\"inLanguage\":\"fr-FR\"}]}<\/script>\n<!-- \/ Yoast SEO plugin. -->","yoast_head_json":{"title":"Contactez Ariens | Conseil expert & support revendeur","description":"Entrez en contact avec Ariens ! Que vous ayez des questions sur nos produits, que vous ayez besoin de conseils d'experts ou que vous souhaitiez entrer en contact avec un concessionnaire local, notre \u00e9quipe transmettra votre demande au sp\u00e9cialiste appropri\u00e9 en fonction de votre localisation.","robots":{"index":"index","follow":"follow","max-snippet":"max-snippet:-1","max-image-preview":"max-image-preview:large","max-video-preview":"max-video-preview:-1"},"canonical":"https:\/\/www.ariens.eu\/fr\/contact-form\/","og_locale":"fr_FR","og_type":"article","og_title":"Contactez Ariens | Conseil expert & support revendeur","og_description":"Entrez en contact avec Ariens ! Que vous ayez des questions sur nos produits, que vous ayez besoin de conseils d'experts ou que vous souhaitiez entrer en contact avec un concessionnaire local, notre \u00e9quipe transmettra votre demande au sp\u00e9cialiste appropri\u00e9 en fonction de votre localisation.","og_url":"https:\/\/www.ariens.eu\/fr\/contact-form\/","og_site_name":"Ariens | EMEAA","article_modified_time":"2025-03-19T09:23:42+00:00","og_image":[{"width":1200,"height":630,"url":"https:\/\/www.ariens.eu\/fr\/wp-content\/uploads\/sites\/4\/2025\/03\/ariens-contact-og-image.jpg","type":"image\/jpeg"}],"twitter_card":"summary_large_image","twitter_misc":{"Dur\u00e9e de lecture estim\u00e9e":"1 minute"},"schema":{"@context":"https:\/\/schema.org","@graph":[{"@type":"WebPage","@id":"https:\/\/www.ariens.eu\/fr\/contact-form\/","url":"https:\/\/www.ariens.eu\/fr\/contact-form\/","name":"Contactez Ariens | Conseil expert & support revendeur","isPartOf":{"@id":"https:\/\/www.ariens.eu\/fr\/#website"},"primaryImageOfPage":{"@id":"https:\/\/www.ariens.eu\/fr\/contact-form\/#primaryimage"},"image":{"@id":"https:\/\/www.ariens.eu\/fr\/contact-form\/#primaryimage"},"thumbnailUrl":"https:\/\/www.ariens.eu\/fr\/wp-content\/uploads\/sites\/4\/2025\/03\/ariens-contact-og-image.jpg","datePublished":"2024-05-29T08:12:08+00:00","dateModified":"2025-03-19T09:23:42+00:00","description":"Entrez en contact avec Ariens ! Que vous ayez des questions sur nos produits, que vous ayez besoin de conseils d'experts ou que vous souhaitiez entrer en contact avec un concessionnaire local, notre \u00e9quipe transmettra votre demande au sp\u00e9cialiste appropri\u00e9 en fonction de votre localisation.","breadcrumb":{"@id":"https:\/\/www.ariens.eu\/fr\/contact-form\/#breadcrumb"},"inLanguage":"fr-FR","potentialAction":[{"@type":"ReadAction","target":["https:\/\/www.ariens.eu\/fr\/contact-form\/"]}]},{"@type":"ImageObject","inLanguage":"fr-FR","@id":"https:\/\/www.ariens.eu\/fr\/contact-form\/#primaryimage","url":"https:\/\/www.ariens.eu\/fr\/wp-content\/uploads\/sites\/4\/2025\/03\/ariens-contact-og-image.jpg","contentUrl":"https:\/\/www.ariens.eu\/fr\/wp-content\/uploads\/sites\/4\/2025\/03\/ariens-contact-og-image.jpg","width":1200,"height":630,"caption":"Ariens Contact page, illustrative image of a Zero-Turn mower and contact icons like telephone, mail etc"},{"@type":"BreadcrumbList","@id":"https:\/\/www.ariens.eu\/fr\/contact-form\/#breadcrumb","itemListElement":[{"@type":"ListItem","position":1,"name":"Home","item":"https:\/\/www.ariens.eu\/fr\/"},{"@type":"ListItem","position":2,"name":"Formulaire de contact"}]},{"@type":"WebSite","@id":"https:\/\/www.ariens.eu\/fr\/#website","url":"https:\/\/www.ariens.eu\/fr\/","name":"Ariens | EMEAA","description":"Powerful and reliable zero-turn mowers &amp; snow blowers for professional users and demanding private customers","potentialAction":[{"@type":"SearchAction","target":{"@type":"EntryPoint","urlTemplate":"https:\/\/www.ariens.eu\/fr\/?s={search_term_string}"},"query-input":{"@type":"PropertyValueSpecification","valueRequired":true,"valueName":"search_term_string"}}],"inLanguage":"fr-FR"}]}},"_links":{"self":[{"href":"https:\/\/www.ariens.eu\/fr\/wp-json\/wp\/v2\/pages\/2999","targetHints":{"allow":["GET"]}}],"collection":[{"href":"https:\/\/www.ariens.eu\/fr\/wp-json\/wp\/v2\/pages"}],"about":[{"href":"https:\/\/www.ariens.eu\/fr\/wp-json\/wp\/v2\/types\/page"}],"author":[{"embeddable":true,"href":"https:\/\/www.ariens.eu\/fr\/wp-json\/wp\/v2\/users\/3"}],"replies":[{"embeddable":true,"href":"https:\/\/www.ariens.eu\/fr\/wp-json\/wp\/v2\/comments?post=2999"}],"version-history":[{"count":1,"href":"https:\/\/www.ariens.eu\/fr\/wp-json\/wp\/v2\/pages\/2999\/revisions"}],"predecessor-version":[{"id":4723,"href":"https:\/\/www.ariens.eu\/fr\/wp-json\/wp\/v2\/pages\/2999\/revisions\/4723"}],"wp:featuredmedia":[{"embeddable":true,"href":"https:\/\/www.ariens.eu\/fr\/wp-json\/wp\/v2\/media\/4722"}],"wp:attachment":[{"href":"https:\/\/www.ariens.eu\/fr\/wp-json\/wp\/v2\/media?parent=2999"}],"curies":[{"name":"wp","href":"https:\/\/api.w.org\/{rel}","templated":true}]}}