{"id":5030,"date":"2025-11-12T07:23:44","date_gmt":"2025-11-12T07:23:44","guid":{"rendered":"https:\/\/www.ariens.eu\/fr\/?page_id=5030"},"modified":"2025-11-12T07:23:44","modified_gmt":"2025-11-12T07:23:44","slug":"garantie","status":"publish","type":"page","link":"https:\/\/www.ariens.eu\/fr\/support-client\/garantie\/","title":{"rendered":"Garantie"},"content":{"rendered":"","protected":false},"excerpt":{"rendered":"","protected":false},"author":10,"featured_media":5038,"parent":1925,"menu_order":0,"comment_status":"closed","ping_status":"closed","template":"","meta":{"_acf_changed":false,"_relevanssi_hide_post":"","_relevanssi_hide_content":"","_relevanssi_pin_for_all":"","_relevanssi_pin_keywords":"","_relevanssi_unpin_keywords":"","_relevanssi_related_keywords":"","_relevanssi_related_include_ids":"","_relevanssi_related_exclude_ids":"","_relevanssi_related_no_append":"","_relevanssi_related_not_related":"","_relevanssi_related_posts":"","_relevanssi_noindex_reason":"","footnotes":""},"class_list":["post-5030","page","type-page","status-publish","has-post-thumbnail","hentry"],"acf":[],"yoast_head":"<!-- This site is optimized with the Yoast SEO plugin v27.3 - https:\/\/yoast.com\/product\/yoast-seo-wordpress\/ -->\n<title>Avantages de la garantie Ariens \u2013 Couverture pouvant aller jusqu&#039;\u00e0 5 ans- Ariens | EMEAA<\/title>\n<meta name=\"description\" content=\"D\u00e9couvrez les avantages de la garantie Ariens dans la r\u00e9gion EMEAA : jusqu&#039;\u00e0 5 ans pour les professionnels et les propri\u00e9taires. Des tondeuses \u00e0 rayon de braquage z\u00e9ro fiables, b\u00e9n\u00e9ficiant d&#039;un service et d&#039;une assistance experts.\" \/>\n<meta name=\"robots\" content=\"index, follow, max-snippet:-1, max-image-preview:large, max-video-preview:-1\" \/>\n<link rel=\"canonical\" href=\"https:\/\/www.ariens.eu\/fr\/support-client\/garantie\/\" \/>\n<meta property=\"og:locale\" content=\"fr_FR\" \/>\n<meta property=\"og:type\" content=\"article\" \/>\n<meta property=\"og:title\" content=\"Avantages de la garantie Ariens \u2013 Couverture pouvant aller jusqu&#039;\u00e0 5 ans- Ariens | EMEAA\" \/>\n<meta property=\"og:description\" content=\"D\u00e9couvrez les avantages de la garantie Ariens dans la r\u00e9gion EMEAA : jusqu&#039;\u00e0 5 ans pour les professionnels et les propri\u00e9taires. Des tondeuses \u00e0 rayon de braquage z\u00e9ro fiables, b\u00e9n\u00e9ficiant d&#039;un service et d&#039;une assistance experts.\" \/>\n<meta property=\"og:url\" content=\"https:\/\/www.ariens.eu\/fr\/support-client\/garantie\/\" \/>\n<meta property=\"og:site_name\" content=\"Ariens | EMEAA\" \/>\n<meta property=\"og:image\" content=\"https:\/\/www.ariens.eu\/fr\/wp-content\/uploads\/sites\/4\/2025\/11\/warranty-ariens-og-image.jpg\" \/>\n\t<meta property=\"og:image:width\" content=\"1200\" \/>\n\t<meta property=\"og:image:height\" content=\"630\" \/>\n\t<meta property=\"og:image:type\" content=\"image\/jpeg\" \/>\n<meta name=\"twitter:card\" content=\"summary_large_image\" \/>\n<meta name=\"twitter:label1\" content=\"Dur\u00e9e de lecture estim\u00e9e\" \/>\n\t<meta name=\"twitter:data1\" content=\"1 minute\" \/>\n<script type=\"application\/ld+json\" class=\"yoast-schema-graph\">{\"@context\":\"https:\\\/\\\/schema.org\",\"@graph\":[{\"@type\":\"WebPage\",\"@id\":\"https:\\\/\\\/www.ariens.eu\\\/fr\\\/support-client\\\/garantie\\\/\",\"url\":\"https:\\\/\\\/www.ariens.eu\\\/fr\\\/support-client\\\/garantie\\\/\",\"name\":\"Avantages de la garantie Ariens \u2013 Couverture pouvant aller jusqu'\u00e0 5 ans- Ariens | EMEAA\",\"isPartOf\":{\"@id\":\"https:\\\/\\\/www.ariens.eu\\\/fr\\\/#website\"},\"primaryImageOfPage\":{\"@id\":\"https:\\\/\\\/www.ariens.eu\\\/fr\\\/support-client\\\/garantie\\\/#primaryimage\"},\"image\":{\"@id\":\"https:\\\/\\\/www.ariens.eu\\\/fr\\\/support-client\\\/garantie\\\/#primaryimage\"},\"thumbnailUrl\":\"https:\\\/\\\/www.ariens.eu\\\/fr\\\/wp-content\\\/uploads\\\/sites\\\/4\\\/2025\\\/11\\\/warranty-ariens-og-image.jpg\",\"datePublished\":\"2025-11-12T07:23:44+00:00\",\"description\":\"D\u00e9couvrez les avantages de la garantie Ariens dans la r\u00e9gion EMEAA : jusqu'\u00e0 5 ans pour les professionnels et les propri\u00e9taires. Des tondeuses \u00e0 rayon de braquage z\u00e9ro fiables, b\u00e9n\u00e9ficiant d'un service et d'une assistance experts.\",\"breadcrumb\":{\"@id\":\"https:\\\/\\\/www.ariens.eu\\\/fr\\\/support-client\\\/garantie\\\/#breadcrumb\"},\"inLanguage\":\"fr-FR\",\"potentialAction\":[{\"@type\":\"ReadAction\",\"target\":[\"https:\\\/\\\/www.ariens.eu\\\/fr\\\/support-client\\\/garantie\\\/\"]}]},{\"@type\":\"ImageObject\",\"inLanguage\":\"fr-FR\",\"@id\":\"https:\\\/\\\/www.ariens.eu\\\/fr\\\/support-client\\\/garantie\\\/#primaryimage\",\"url\":\"https:\\\/\\\/www.ariens.eu\\\/fr\\\/wp-content\\\/uploads\\\/sites\\\/4\\\/2025\\\/11\\\/warranty-ariens-og-image.jpg\",\"contentUrl\":\"https:\\\/\\\/www.ariens.eu\\\/fr\\\/wp-content\\\/uploads\\\/sites\\\/4\\\/2025\\\/11\\\/warranty-ariens-og-image.jpg\",\"width\":1200,\"height\":630,\"caption\":\"Ariens Warranty feature. Ariens worker assembles an Ariens Zero-Turn stand-on mower in the factory\"},{\"@type\":\"BreadcrumbList\",\"@id\":\"https:\\\/\\\/www.ariens.eu\\\/fr\\\/support-client\\\/garantie\\\/#breadcrumb\",\"itemListElement\":[{\"@type\":\"ListItem\",\"position\":1,\"name\":\"Home\",\"item\":\"https:\\\/\\\/www.ariens.eu\\\/fr\\\/\"},{\"@type\":\"ListItem\",\"position\":2,\"name\":\"Support Client\",\"item\":\"https:\\\/\\\/www.ariens.eu\\\/fr\\\/support-client\\\/\"},{\"@type\":\"ListItem\",\"position\":3,\"name\":\"Garantie\"}]},{\"@type\":\"WebSite\",\"@id\":\"https:\\\/\\\/www.ariens.eu\\\/fr\\\/#website\",\"url\":\"https:\\\/\\\/www.ariens.eu\\\/fr\\\/\",\"name\":\"Ariens | EMEAA\",\"description\":\"Powerful and reliable zero-turn mowers &amp; snow blowers for professional users and demanding private customers\",\"potentialAction\":[{\"@type\":\"SearchAction\",\"target\":{\"@type\":\"EntryPoint\",\"urlTemplate\":\"https:\\\/\\\/www.ariens.eu\\\/fr\\\/?s={search_term_string}\"},\"query-input\":{\"@type\":\"PropertyValueSpecification\",\"valueRequired\":true,\"valueName\":\"search_term_string\"}}],\"inLanguage\":\"fr-FR\"}]}<\/script>\n<!-- \/ Yoast SEO plugin. -->","yoast_head_json":{"title":"Avantages de la garantie Ariens \u2013 Couverture pouvant aller jusqu'\u00e0 5 ans- Ariens | EMEAA","description":"D\u00e9couvrez les avantages de la garantie Ariens dans la r\u00e9gion EMEAA : jusqu'\u00e0 5 ans pour les professionnels et les propri\u00e9taires. Des tondeuses \u00e0 rayon de braquage z\u00e9ro fiables, b\u00e9n\u00e9ficiant d'un service et d'une assistance experts.","robots":{"index":"index","follow":"follow","max-snippet":"max-snippet:-1","max-image-preview":"max-image-preview:large","max-video-preview":"max-video-preview:-1"},"canonical":"https:\/\/www.ariens.eu\/fr\/support-client\/garantie\/","og_locale":"fr_FR","og_type":"article","og_title":"Avantages de la garantie Ariens \u2013 Couverture pouvant aller jusqu'\u00e0 5 ans- Ariens | EMEAA","og_description":"D\u00e9couvrez les avantages de la garantie Ariens dans la r\u00e9gion EMEAA : jusqu'\u00e0 5 ans pour les professionnels et les propri\u00e9taires. Des tondeuses \u00e0 rayon de braquage z\u00e9ro fiables, b\u00e9n\u00e9ficiant d'un service et d'une assistance experts.","og_url":"https:\/\/www.ariens.eu\/fr\/support-client\/garantie\/","og_site_name":"Ariens | EMEAA","og_image":[{"width":1200,"height":630,"url":"https:\/\/www.ariens.eu\/fr\/wp-content\/uploads\/sites\/4\/2025\/11\/warranty-ariens-og-image.jpg","type":"image\/jpeg"}],"twitter_card":"summary_large_image","twitter_misc":{"Dur\u00e9e de lecture estim\u00e9e":"1 minute"},"schema":{"@context":"https:\/\/schema.org","@graph":[{"@type":"WebPage","@id":"https:\/\/www.ariens.eu\/fr\/support-client\/garantie\/","url":"https:\/\/www.ariens.eu\/fr\/support-client\/garantie\/","name":"Avantages de la garantie Ariens \u2013 Couverture pouvant aller jusqu'\u00e0 5 ans- Ariens | EMEAA","isPartOf":{"@id":"https:\/\/www.ariens.eu\/fr\/#website"},"primaryImageOfPage":{"@id":"https:\/\/www.ariens.eu\/fr\/support-client\/garantie\/#primaryimage"},"image":{"@id":"https:\/\/www.ariens.eu\/fr\/support-client\/garantie\/#primaryimage"},"thumbnailUrl":"https:\/\/www.ariens.eu\/fr\/wp-content\/uploads\/sites\/4\/2025\/11\/warranty-ariens-og-image.jpg","datePublished":"2025-11-12T07:23:44+00:00","description":"D\u00e9couvrez les avantages de la garantie Ariens dans la r\u00e9gion EMEAA : jusqu'\u00e0 5 ans pour les professionnels et les propri\u00e9taires. Des tondeuses \u00e0 rayon de braquage z\u00e9ro fiables, b\u00e9n\u00e9ficiant d'un service et d'une assistance experts.","breadcrumb":{"@id":"https:\/\/www.ariens.eu\/fr\/support-client\/garantie\/#breadcrumb"},"inLanguage":"fr-FR","potentialAction":[{"@type":"ReadAction","target":["https:\/\/www.ariens.eu\/fr\/support-client\/garantie\/"]}]},{"@type":"ImageObject","inLanguage":"fr-FR","@id":"https:\/\/www.ariens.eu\/fr\/support-client\/garantie\/#primaryimage","url":"https:\/\/www.ariens.eu\/fr\/wp-content\/uploads\/sites\/4\/2025\/11\/warranty-ariens-og-image.jpg","contentUrl":"https:\/\/www.ariens.eu\/fr\/wp-content\/uploads\/sites\/4\/2025\/11\/warranty-ariens-og-image.jpg","width":1200,"height":630,"caption":"Ariens Warranty feature. Ariens worker assembles an Ariens Zero-Turn stand-on mower in the factory"},{"@type":"BreadcrumbList","@id":"https:\/\/www.ariens.eu\/fr\/support-client\/garantie\/#breadcrumb","itemListElement":[{"@type":"ListItem","position":1,"name":"Home","item":"https:\/\/www.ariens.eu\/fr\/"},{"@type":"ListItem","position":2,"name":"Support Client","item":"https:\/\/www.ariens.eu\/fr\/support-client\/"},{"@type":"ListItem","position":3,"name":"Garantie"}]},{"@type":"WebSite","@id":"https:\/\/www.ariens.eu\/fr\/#website","url":"https:\/\/www.ariens.eu\/fr\/","name":"Ariens | EMEAA","description":"Powerful and reliable zero-turn mowers &amp; snow blowers for professional users and demanding private customers","potentialAction":[{"@type":"SearchAction","target":{"@type":"EntryPoint","urlTemplate":"https:\/\/www.ariens.eu\/fr\/?s={search_term_string}"},"query-input":{"@type":"PropertyValueSpecification","valueRequired":true,"valueName":"search_term_string"}}],"inLanguage":"fr-FR"}]}},"_links":{"self":[{"href":"https:\/\/www.ariens.eu\/fr\/wp-json\/wp\/v2\/pages\/5030","targetHints":{"allow":["GET"]}}],"collection":[{"href":"https:\/\/www.ariens.eu\/fr\/wp-json\/wp\/v2\/pages"}],"about":[{"href":"https:\/\/www.ariens.eu\/fr\/wp-json\/wp\/v2\/types\/page"}],"author":[{"embeddable":true,"href":"https:\/\/www.ariens.eu\/fr\/wp-json\/wp\/v2\/users\/10"}],"replies":[{"embeddable":true,"href":"https:\/\/www.ariens.eu\/fr\/wp-json\/wp\/v2\/comments?post=5030"}],"version-history":[{"count":2,"href":"https:\/\/www.ariens.eu\/fr\/wp-json\/wp\/v2\/pages\/5030\/revisions"}],"predecessor-version":[{"id":5040,"href":"https:\/\/www.ariens.eu\/fr\/wp-json\/wp\/v2\/pages\/5030\/revisions\/5040"}],"up":[{"embeddable":true,"href":"https:\/\/www.ariens.eu\/fr\/wp-json\/wp\/v2\/pages\/1925"}],"wp:featuredmedia":[{"embeddable":true,"href":"https:\/\/www.ariens.eu\/fr\/wp-json\/wp\/v2\/media\/5038"}],"wp:attachment":[{"href":"https:\/\/www.ariens.eu\/fr\/wp-json\/wp\/v2\/media?parent=5030"}],"curies":[{"name":"wp","href":"https:\/\/api.w.org\/{rel}","templated":true}]}}