{"id":5041,"date":"2025-11-12T07:37:18","date_gmt":"2025-11-12T07:37:18","guid":{"rendered":"https:\/\/www.ariens.eu\/fr\/?page_id=5041"},"modified":"2025-11-12T07:37:18","modified_gmt":"2025-11-12T07:37:18","slug":"notre-marque-soeur-as-motor","status":"publish","type":"page","link":"https:\/\/www.ariens.eu\/fr\/entreprise\/notre-marque-soeur-as-motor\/","title":{"rendered":"Notre marque s\u0153ur : AS-Motor"},"content":{"rendered":"","protected":false},"excerpt":{"rendered":"","protected":false},"author":10,"featured_media":5047,"parent":2051,"menu_order":0,"comment_status":"closed","ping_status":"closed","template":"","meta":{"_acf_changed":false,"_relevanssi_hide_post":"","_relevanssi_hide_content":"","_relevanssi_pin_for_all":"","_relevanssi_pin_keywords":"","_relevanssi_unpin_keywords":"","_relevanssi_related_keywords":"","_relevanssi_related_include_ids":"","_relevanssi_related_exclude_ids":"","_relevanssi_related_no_append":"","_relevanssi_related_not_related":"","_relevanssi_related_posts":"","_relevanssi_noindex_reason":"","footnotes":""},"class_list":["post-5041","page","type-page","status-publish","has-post-thumbnail","hentry"],"acf":[],"yoast_head":"<!-- This site is optimized with the Yoast SEO plugin v27.3 - https:\/\/yoast.com\/product\/yoast-seo-wordpress\/ -->\n<title>AS-Motor : Solutions pour herbes hautes et terrains difficiles par AriensCo - Ariens | EMEAA<\/title>\n<meta name=\"description\" content=\"D\u00e9couvrez AS-Motor, membre de la famille AriensCo, sp\u00e9cialis\u00e9 dans les solutions de tonte pour herbes hautes et terrains accident\u00e9s. Explorez les mod\u00e8les Sherpa, Ovis EVO RC, Yak et Allm\u00e4her pour des r\u00e9sultats professionnels.\" \/>\n<meta name=\"robots\" content=\"index, follow, max-snippet:-1, max-image-preview:large, max-video-preview:-1\" \/>\n<link rel=\"canonical\" href=\"https:\/\/www.ariens.eu\/fr\/entreprise\/notre-marque-soeur-as-motor\/\" \/>\n<meta property=\"og:locale\" content=\"fr_FR\" \/>\n<meta property=\"og:type\" content=\"article\" \/>\n<meta property=\"og:title\" content=\"Our Sister brand: AS-Motor\" \/>\n<meta property=\"og:description\" content=\"Discover AS-Motor, part of the AriensCo family, specializing in high grass and rugged terrain mowing solutions. Explore the Sherpa, Ovis EVO RC, Yak, and Allm\u00e4her for professional results.\" \/>\n<meta property=\"og:url\" content=\"https:\/\/www.ariens.eu\/fr\/entreprise\/notre-marque-soeur-as-motor\/\" \/>\n<meta property=\"og:site_name\" content=\"Ariens | EMEAA\" \/>\n<meta property=\"og:image\" content=\"https:\/\/www.ariens.eu\/fr\/wp-content\/uploads\/sites\/4\/2024\/05\/Facivon_Ariens-logo.png\" \/>\n\t<meta property=\"og:image:width\" content=\"300\" \/>\n\t<meta property=\"og:image:height\" content=\"300\" \/>\n\t<meta property=\"og:image:type\" content=\"image\/png\" \/>\n<meta name=\"twitter:card\" content=\"summary_large_image\" \/>\n<meta name=\"twitter:title\" content=\"Our Sister brand: AS-Motor\" \/>\n<meta name=\"twitter:description\" content=\"Discover AS-Motor, part of the AriensCo family, specializing in high grass and rugged terrain mowing solutions. Explore the Sherpa, Ovis EVO RC, Yak, and Allm\u00e4her for professional results.\" \/>\n<meta name=\"twitter:label1\" content=\"Dur\u00e9e de lecture estim\u00e9e\" \/>\n\t<meta name=\"twitter:data1\" content=\"1 minute\" \/>\n<script type=\"application\/ld+json\" class=\"yoast-schema-graph\">{\"@context\":\"https:\\\/\\\/schema.org\",\"@graph\":[{\"@type\":\"WebPage\",\"@id\":\"https:\\\/\\\/www.ariens.eu\\\/fr\\\/entreprise\\\/notre-marque-soeur-as-motor\\\/\",\"url\":\"https:\\\/\\\/www.ariens.eu\\\/fr\\\/entreprise\\\/notre-marque-soeur-as-motor\\\/\",\"name\":\"AS-Motor : Solutions pour herbes hautes et terrains difficiles par AriensCo - Ariens | EMEAA\",\"isPartOf\":{\"@id\":\"https:\\\/\\\/www.ariens.eu\\\/fr\\\/#website\"},\"primaryImageOfPage\":{\"@id\":\"https:\\\/\\\/www.ariens.eu\\\/fr\\\/entreprise\\\/notre-marque-soeur-as-motor\\\/#primaryimage\"},\"image\":{\"@id\":\"https:\\\/\\\/www.ariens.eu\\\/fr\\\/entreprise\\\/notre-marque-soeur-as-motor\\\/#primaryimage\"},\"thumbnailUrl\":\"https:\\\/\\\/www.ariens.eu\\\/fr\\\/wp-content\\\/uploads\\\/sites\\\/4\\\/2025\\\/11\\\/google-sear-image.jpg\",\"datePublished\":\"2025-11-12T07:37:18+00:00\",\"description\":\"D\u00e9couvrez AS-Motor, membre de la famille AriensCo, sp\u00e9cialis\u00e9 dans les solutions de tonte pour herbes hautes et terrains accident\u00e9s. Explorez les mod\u00e8les Sherpa, Ovis EVO RC, Yak et Allm\u00e4her pour des r\u00e9sultats professionnels.\",\"breadcrumb\":{\"@id\":\"https:\\\/\\\/www.ariens.eu\\\/fr\\\/entreprise\\\/notre-marque-soeur-as-motor\\\/#breadcrumb\"},\"inLanguage\":\"fr-FR\",\"potentialAction\":[{\"@type\":\"ReadAction\",\"target\":[\"https:\\\/\\\/www.ariens.eu\\\/fr\\\/entreprise\\\/notre-marque-soeur-as-motor\\\/\"]}]},{\"@type\":\"ImageObject\",\"inLanguage\":\"fr-FR\",\"@id\":\"https:\\\/\\\/www.ariens.eu\\\/fr\\\/entreprise\\\/notre-marque-soeur-as-motor\\\/#primaryimage\",\"url\":\"https:\\\/\\\/www.ariens.eu\\\/fr\\\/wp-content\\\/uploads\\\/sites\\\/4\\\/2025\\\/11\\\/google-sear-image.jpg\",\"contentUrl\":\"https:\\\/\\\/www.ariens.eu\\\/fr\\\/wp-content\\\/uploads\\\/sites\\\/4\\\/2025\\\/11\\\/google-sear-image.jpg\",\"width\":1200,\"height\":675,\"caption\":\"AS-Motor. Mowers used for high gras, steep slopes and weed removal\"},{\"@type\":\"BreadcrumbList\",\"@id\":\"https:\\\/\\\/www.ariens.eu\\\/fr\\\/entreprise\\\/notre-marque-soeur-as-motor\\\/#breadcrumb\",\"itemListElement\":[{\"@type\":\"ListItem\",\"position\":1,\"name\":\"Home\",\"item\":\"https:\\\/\\\/www.ariens.eu\\\/fr\\\/\"},{\"@type\":\"ListItem\",\"position\":2,\"name\":\"Entreprise\",\"item\":\"https:\\\/\\\/www.ariens.eu\\\/fr\\\/entreprise\\\/\"},{\"@type\":\"ListItem\",\"position\":3,\"name\":\"Notre marque s\u0153ur : AS-Motor\"}]},{\"@type\":\"WebSite\",\"@id\":\"https:\\\/\\\/www.ariens.eu\\\/fr\\\/#website\",\"url\":\"https:\\\/\\\/www.ariens.eu\\\/fr\\\/\",\"name\":\"Ariens | EMEAA\",\"description\":\"Powerful and reliable zero-turn mowers &amp; snow blowers for professional users and demanding private customers\",\"potentialAction\":[{\"@type\":\"SearchAction\",\"target\":{\"@type\":\"EntryPoint\",\"urlTemplate\":\"https:\\\/\\\/www.ariens.eu\\\/fr\\\/?s={search_term_string}\"},\"query-input\":{\"@type\":\"PropertyValueSpecification\",\"valueRequired\":true,\"valueName\":\"search_term_string\"}}],\"inLanguage\":\"fr-FR\"}]}<\/script>\n<!-- \/ Yoast SEO plugin. -->","yoast_head_json":{"title":"AS-Motor : Solutions pour herbes hautes et terrains difficiles par AriensCo - Ariens | EMEAA","description":"D\u00e9couvrez AS-Motor, membre de la famille AriensCo, sp\u00e9cialis\u00e9 dans les solutions de tonte pour herbes hautes et terrains accident\u00e9s. Explorez les mod\u00e8les Sherpa, Ovis EVO RC, Yak et Allm\u00e4her pour des r\u00e9sultats professionnels.","robots":{"index":"index","follow":"follow","max-snippet":"max-snippet:-1","max-image-preview":"max-image-preview:large","max-video-preview":"max-video-preview:-1"},"canonical":"https:\/\/www.ariens.eu\/fr\/entreprise\/notre-marque-soeur-as-motor\/","og_locale":"fr_FR","og_type":"article","og_title":"Our Sister brand: AS-Motor","og_description":"Discover AS-Motor, part of the AriensCo family, specializing in high grass and rugged terrain mowing solutions. Explore the Sherpa, Ovis EVO RC, Yak, and Allm\u00e4her for professional results.","og_url":"https:\/\/www.ariens.eu\/fr\/entreprise\/notre-marque-soeur-as-motor\/","og_site_name":"Ariens | EMEAA","og_image":[{"width":300,"height":300,"url":"https:\/\/www.ariens.eu\/fr\/wp-content\/uploads\/sites\/4\/2024\/05\/Facivon_Ariens-logo.png","type":"image\/png"}],"twitter_card":"summary_large_image","twitter_title":"Our Sister brand: AS-Motor","twitter_description":"Discover AS-Motor, part of the AriensCo family, specializing in high grass and rugged terrain mowing solutions. Explore the Sherpa, Ovis EVO RC, Yak, and Allm\u00e4her for professional results.","twitter_misc":{"Dur\u00e9e de lecture estim\u00e9e":"1 minute"},"schema":{"@context":"https:\/\/schema.org","@graph":[{"@type":"WebPage","@id":"https:\/\/www.ariens.eu\/fr\/entreprise\/notre-marque-soeur-as-motor\/","url":"https:\/\/www.ariens.eu\/fr\/entreprise\/notre-marque-soeur-as-motor\/","name":"AS-Motor : Solutions pour herbes hautes et terrains difficiles par AriensCo - Ariens | EMEAA","isPartOf":{"@id":"https:\/\/www.ariens.eu\/fr\/#website"},"primaryImageOfPage":{"@id":"https:\/\/www.ariens.eu\/fr\/entreprise\/notre-marque-soeur-as-motor\/#primaryimage"},"image":{"@id":"https:\/\/www.ariens.eu\/fr\/entreprise\/notre-marque-soeur-as-motor\/#primaryimage"},"thumbnailUrl":"https:\/\/www.ariens.eu\/fr\/wp-content\/uploads\/sites\/4\/2025\/11\/google-sear-image.jpg","datePublished":"2025-11-12T07:37:18+00:00","description":"D\u00e9couvrez AS-Motor, membre de la famille AriensCo, sp\u00e9cialis\u00e9 dans les solutions de tonte pour herbes hautes et terrains accident\u00e9s. Explorez les mod\u00e8les Sherpa, Ovis EVO RC, Yak et Allm\u00e4her pour des r\u00e9sultats professionnels.","breadcrumb":{"@id":"https:\/\/www.ariens.eu\/fr\/entreprise\/notre-marque-soeur-as-motor\/#breadcrumb"},"inLanguage":"fr-FR","potentialAction":[{"@type":"ReadAction","target":["https:\/\/www.ariens.eu\/fr\/entreprise\/notre-marque-soeur-as-motor\/"]}]},{"@type":"ImageObject","inLanguage":"fr-FR","@id":"https:\/\/www.ariens.eu\/fr\/entreprise\/notre-marque-soeur-as-motor\/#primaryimage","url":"https:\/\/www.ariens.eu\/fr\/wp-content\/uploads\/sites\/4\/2025\/11\/google-sear-image.jpg","contentUrl":"https:\/\/www.ariens.eu\/fr\/wp-content\/uploads\/sites\/4\/2025\/11\/google-sear-image.jpg","width":1200,"height":675,"caption":"AS-Motor. Mowers used for high gras, steep slopes and weed removal"},{"@type":"BreadcrumbList","@id":"https:\/\/www.ariens.eu\/fr\/entreprise\/notre-marque-soeur-as-motor\/#breadcrumb","itemListElement":[{"@type":"ListItem","position":1,"name":"Home","item":"https:\/\/www.ariens.eu\/fr\/"},{"@type":"ListItem","position":2,"name":"Entreprise","item":"https:\/\/www.ariens.eu\/fr\/entreprise\/"},{"@type":"ListItem","position":3,"name":"Notre marque s\u0153ur : AS-Motor"}]},{"@type":"WebSite","@id":"https:\/\/www.ariens.eu\/fr\/#website","url":"https:\/\/www.ariens.eu\/fr\/","name":"Ariens | EMEAA","description":"Powerful and reliable zero-turn mowers &amp; snow blowers for professional users and demanding private customers","potentialAction":[{"@type":"SearchAction","target":{"@type":"EntryPoint","urlTemplate":"https:\/\/www.ariens.eu\/fr\/?s={search_term_string}"},"query-input":{"@type":"PropertyValueSpecification","valueRequired":true,"valueName":"search_term_string"}}],"inLanguage":"fr-FR"}]}},"_links":{"self":[{"href":"https:\/\/www.ariens.eu\/fr\/wp-json\/wp\/v2\/pages\/5041","targetHints":{"allow":["GET"]}}],"collection":[{"href":"https:\/\/www.ariens.eu\/fr\/wp-json\/wp\/v2\/pages"}],"about":[{"href":"https:\/\/www.ariens.eu\/fr\/wp-json\/wp\/v2\/types\/page"}],"author":[{"embeddable":true,"href":"https:\/\/www.ariens.eu\/fr\/wp-json\/wp\/v2\/users\/10"}],"replies":[{"embeddable":true,"href":"https:\/\/www.ariens.eu\/fr\/wp-json\/wp\/v2\/comments?post=5041"}],"version-history":[{"count":1,"href":"https:\/\/www.ariens.eu\/fr\/wp-json\/wp\/v2\/pages\/5041\/revisions"}],"predecessor-version":[{"id":5049,"href":"https:\/\/www.ariens.eu\/fr\/wp-json\/wp\/v2\/pages\/5041\/revisions\/5049"}],"up":[{"embeddable":true,"href":"https:\/\/www.ariens.eu\/fr\/wp-json\/wp\/v2\/pages\/2051"}],"wp:featuredmedia":[{"embeddable":true,"href":"https:\/\/www.ariens.eu\/fr\/wp-json\/wp\/v2\/media\/5047"}],"wp:attachment":[{"href":"https:\/\/www.ariens.eu\/fr\/wp-json\/wp\/v2\/media?parent=5041"}],"curies":[{"name":"wp","href":"https:\/\/api.w.org\/{rel}","templated":true}]}}