{"id":5246,"date":"2026-01-14T06:25:08","date_gmt":"2026-01-14T06:25:08","guid":{"rendered":"https:\/\/www.ariens.eu\/fr\/?page_id=5246"},"modified":"2026-01-14T06:25:08","modified_gmt":"2026-01-14T06:25:08","slug":"declaration-daccessibilite","status":"publish","type":"page","link":"https:\/\/www.ariens.eu\/fr\/declaration-daccessibilite\/","title":{"rendered":"D\u00e9claration d\u2019accessibilit\u00e9"},"content":{"rendered":"","protected":false},"excerpt":{"rendered":"","protected":false},"author":10,"featured_media":0,"parent":0,"menu_order":0,"comment_status":"closed","ping_status":"closed","template":"","meta":{"_acf_changed":false,"_relevanssi_hide_post":"","_relevanssi_hide_content":"","_relevanssi_pin_for_all":"","_relevanssi_pin_keywords":"","_relevanssi_unpin_keywords":"","_relevanssi_related_keywords":"","_relevanssi_related_include_ids":"","_relevanssi_related_exclude_ids":"","_relevanssi_related_no_append":"","_relevanssi_related_not_related":"","_relevanssi_related_posts":"","_relevanssi_noindex_reason":"","footnotes":""},"class_list":["post-5246","page","type-page","status-publish","hentry"],"acf":[],"yoast_head":"<!-- This site is optimized with the Yoast SEO plugin v27.3 - https:\/\/yoast.com\/product\/yoast-seo-wordpress\/ -->\n<title>D\u00e9claration d\u2019accessibilit\u00e9 - Ariens | EMEAA<\/title>\n<meta name=\"description\" content=\"Ce site web est partiellement conforme aux exigences de la loi allemande sur le renforcement de l&#039;accessibilit\u00e9 (Barrierefreiheitsst\u00e4rkungsgesetz, BFSG) et de l&#039;ordonnance sur les technologies de l&#039;information accessibles (BITV 2.0). Cette \u00e9valuation repose sur une auto-\u00e9valuation interne.\" \/>\n<meta name=\"robots\" content=\"index, follow, max-snippet:-1, max-image-preview:large, max-video-preview:-1\" \/>\n<link rel=\"canonical\" href=\"https:\/\/www.ariens.eu\/fr\/declaration-daccessibilite\/\" \/>\n<meta property=\"og:locale\" content=\"fr_FR\" \/>\n<meta property=\"og:type\" content=\"article\" \/>\n<meta property=\"og:title\" content=\"D\u00e9claration d\u2019accessibilit\u00e9 - Ariens | EMEAA\" \/>\n<meta property=\"og:description\" content=\"Ce site web est partiellement conforme aux exigences de la loi allemande sur le renforcement de l&#039;accessibilit\u00e9 (Barrierefreiheitsst\u00e4rkungsgesetz, BFSG) et de l&#039;ordonnance sur les technologies de l&#039;information accessibles (BITV 2.0). Cette \u00e9valuation repose sur une auto-\u00e9valuation interne.\" \/>\n<meta property=\"og:url\" content=\"https:\/\/www.ariens.eu\/fr\/declaration-daccessibilite\/\" \/>\n<meta property=\"og:site_name\" content=\"Ariens | EMEAA\" \/>\n<meta property=\"og:image\" content=\"https:\/\/www.ariens.eu\/fr\/wp-content\/uploads\/sites\/4\/2024\/05\/Facivon_Ariens-logo.png\" \/>\n\t<meta property=\"og:image:width\" content=\"300\" \/>\n\t<meta property=\"og:image:height\" content=\"300\" \/>\n\t<meta property=\"og:image:type\" content=\"image\/png\" \/>\n<meta name=\"twitter:card\" content=\"summary_large_image\" \/>\n<script type=\"application\/ld+json\" class=\"yoast-schema-graph\">{\"@context\":\"https:\\\/\\\/schema.org\",\"@graph\":[{\"@type\":\"WebPage\",\"@id\":\"https:\\\/\\\/www.ariens.eu\\\/fr\\\/declaration-daccessibilite\\\/\",\"url\":\"https:\\\/\\\/www.ariens.eu\\\/fr\\\/declaration-daccessibilite\\\/\",\"name\":\"D\u00e9claration d\u2019accessibilit\u00e9 - Ariens | EMEAA\",\"isPartOf\":{\"@id\":\"https:\\\/\\\/www.ariens.eu\\\/fr\\\/#website\"},\"datePublished\":\"2026-01-14T06:25:08+00:00\",\"description\":\"Ce site web est partiellement conforme aux exigences de la loi allemande sur le renforcement de l'accessibilit\u00e9 (Barrierefreiheitsst\u00e4rkungsgesetz, BFSG) et de l'ordonnance sur les technologies de l'information accessibles (BITV 2.0). Cette \u00e9valuation repose sur une auto-\u00e9valuation interne.\",\"breadcrumb\":{\"@id\":\"https:\\\/\\\/www.ariens.eu\\\/fr\\\/declaration-daccessibilite\\\/#breadcrumb\"},\"inLanguage\":\"fr-FR\",\"potentialAction\":[{\"@type\":\"ReadAction\",\"target\":[\"https:\\\/\\\/www.ariens.eu\\\/fr\\\/declaration-daccessibilite\\\/\"]}]},{\"@type\":\"BreadcrumbList\",\"@id\":\"https:\\\/\\\/www.ariens.eu\\\/fr\\\/declaration-daccessibilite\\\/#breadcrumb\",\"itemListElement\":[{\"@type\":\"ListItem\",\"position\":1,\"name\":\"Home\",\"item\":\"https:\\\/\\\/www.ariens.eu\\\/fr\\\/\"},{\"@type\":\"ListItem\",\"position\":2,\"name\":\"D\u00e9claration d\u2019accessibilit\u00e9\"}]},{\"@type\":\"WebSite\",\"@id\":\"https:\\\/\\\/www.ariens.eu\\\/fr\\\/#website\",\"url\":\"https:\\\/\\\/www.ariens.eu\\\/fr\\\/\",\"name\":\"Ariens | EMEAA\",\"description\":\"Powerful and reliable zero-turn mowers &amp; snow blowers for professional users and demanding private customers\",\"potentialAction\":[{\"@type\":\"SearchAction\",\"target\":{\"@type\":\"EntryPoint\",\"urlTemplate\":\"https:\\\/\\\/www.ariens.eu\\\/fr\\\/?s={search_term_string}\"},\"query-input\":{\"@type\":\"PropertyValueSpecification\",\"valueRequired\":true,\"valueName\":\"search_term_string\"}}],\"inLanguage\":\"fr-FR\"}]}<\/script>\n<!-- \/ Yoast SEO plugin. -->","yoast_head_json":{"title":"D\u00e9claration d\u2019accessibilit\u00e9 - Ariens | EMEAA","description":"Ce site web est partiellement conforme aux exigences de la loi allemande sur le renforcement de l'accessibilit\u00e9 (Barrierefreiheitsst\u00e4rkungsgesetz, BFSG) et de l'ordonnance sur les technologies de l'information accessibles (BITV 2.0). Cette \u00e9valuation repose sur une auto-\u00e9valuation interne.","robots":{"index":"index","follow":"follow","max-snippet":"max-snippet:-1","max-image-preview":"max-image-preview:large","max-video-preview":"max-video-preview:-1"},"canonical":"https:\/\/www.ariens.eu\/fr\/declaration-daccessibilite\/","og_locale":"fr_FR","og_type":"article","og_title":"D\u00e9claration d\u2019accessibilit\u00e9 - Ariens | EMEAA","og_description":"Ce site web est partiellement conforme aux exigences de la loi allemande sur le renforcement de l'accessibilit\u00e9 (Barrierefreiheitsst\u00e4rkungsgesetz, BFSG) et de l'ordonnance sur les technologies de l'information accessibles (BITV 2.0). Cette \u00e9valuation repose sur une auto-\u00e9valuation interne.","og_url":"https:\/\/www.ariens.eu\/fr\/declaration-daccessibilite\/","og_site_name":"Ariens | EMEAA","og_image":[{"width":300,"height":300,"url":"https:\/\/www.ariens.eu\/fr\/wp-content\/uploads\/sites\/4\/2024\/05\/Facivon_Ariens-logo.png","type":"image\/png"}],"twitter_card":"summary_large_image","schema":{"@context":"https:\/\/schema.org","@graph":[{"@type":"WebPage","@id":"https:\/\/www.ariens.eu\/fr\/declaration-daccessibilite\/","url":"https:\/\/www.ariens.eu\/fr\/declaration-daccessibilite\/","name":"D\u00e9claration d\u2019accessibilit\u00e9 - Ariens | EMEAA","isPartOf":{"@id":"https:\/\/www.ariens.eu\/fr\/#website"},"datePublished":"2026-01-14T06:25:08+00:00","description":"Ce site web est partiellement conforme aux exigences de la loi allemande sur le renforcement de l'accessibilit\u00e9 (Barrierefreiheitsst\u00e4rkungsgesetz, BFSG) et de l'ordonnance sur les technologies de l'information accessibles (BITV 2.0). Cette \u00e9valuation repose sur une auto-\u00e9valuation interne.","breadcrumb":{"@id":"https:\/\/www.ariens.eu\/fr\/declaration-daccessibilite\/#breadcrumb"},"inLanguage":"fr-FR","potentialAction":[{"@type":"ReadAction","target":["https:\/\/www.ariens.eu\/fr\/declaration-daccessibilite\/"]}]},{"@type":"BreadcrumbList","@id":"https:\/\/www.ariens.eu\/fr\/declaration-daccessibilite\/#breadcrumb","itemListElement":[{"@type":"ListItem","position":1,"name":"Home","item":"https:\/\/www.ariens.eu\/fr\/"},{"@type":"ListItem","position":2,"name":"D\u00e9claration d\u2019accessibilit\u00e9"}]},{"@type":"WebSite","@id":"https:\/\/www.ariens.eu\/fr\/#website","url":"https:\/\/www.ariens.eu\/fr\/","name":"Ariens | EMEAA","description":"Powerful and reliable zero-turn mowers &amp; snow blowers for professional users and demanding private customers","potentialAction":[{"@type":"SearchAction","target":{"@type":"EntryPoint","urlTemplate":"https:\/\/www.ariens.eu\/fr\/?s={search_term_string}"},"query-input":{"@type":"PropertyValueSpecification","valueRequired":true,"valueName":"search_term_string"}}],"inLanguage":"fr-FR"}]}},"_links":{"self":[{"href":"https:\/\/www.ariens.eu\/fr\/wp-json\/wp\/v2\/pages\/5246","targetHints":{"allow":["GET"]}}],"collection":[{"href":"https:\/\/www.ariens.eu\/fr\/wp-json\/wp\/v2\/pages"}],"about":[{"href":"https:\/\/www.ariens.eu\/fr\/wp-json\/wp\/v2\/types\/page"}],"author":[{"embeddable":true,"href":"https:\/\/www.ariens.eu\/fr\/wp-json\/wp\/v2\/users\/10"}],"replies":[{"embeddable":true,"href":"https:\/\/www.ariens.eu\/fr\/wp-json\/wp\/v2\/comments?post=5246"}],"version-history":[{"count":2,"href":"https:\/\/www.ariens.eu\/fr\/wp-json\/wp\/v2\/pages\/5246\/revisions"}],"predecessor-version":[{"id":5249,"href":"https:\/\/www.ariens.eu\/fr\/wp-json\/wp\/v2\/pages\/5246\/revisions\/5249"}],"wp:attachment":[{"href":"https:\/\/www.ariens.eu\/fr\/wp-json\/wp\/v2\/media?parent=5246"}],"curies":[{"name":"wp","href":"https:\/\/api.w.org\/{rel}","templated":true}]}}