{"id":5339,"date":"2026-05-12T08:28:05","date_gmt":"2026-05-12T07:28:05","guid":{"rendered":"https:\/\/www.ariens.eu\/fr\/?page_id=5339"},"modified":"2026-05-12T08:44:22","modified_gmt":"2026-05-12T07:44:22","slug":"past-events-exhibitions","status":"publish","type":"page","link":"https:\/\/www.ariens.eu\/fr\/nouvelles\/salons-et-evenements\/past-events-exhibitions\/","title":{"rendered":"Salons et \u00e9v\u00e9nements pass\u00e9s"},"content":{"rendered":"","protected":false},"excerpt":{"rendered":"","protected":false},"author":10,"featured_media":5342,"parent":1859,"menu_order":0,"comment_status":"closed","ping_status":"closed","template":"template-posts_archive.php","meta":{"_acf_changed":false,"_relevanssi_hide_post":"","_relevanssi_hide_content":"","_relevanssi_pin_for_all":"","_relevanssi_pin_keywords":"","_relevanssi_unpin_keywords":"","_relevanssi_related_keywords":"","_relevanssi_related_include_ids":"","_relevanssi_related_exclude_ids":"","_relevanssi_related_no_append":"","_relevanssi_related_not_related":"","_relevanssi_related_posts":"","_relevanssi_noindex_reason":"","footnotes":""},"class_list":["post-5339","page","type-page","status-publish","has-post-thumbnail","hentry"],"acf":[],"yoast_head":"<!-- This site is optimized with the Yoast SEO plugin v27.3 - https:\/\/yoast.com\/product\/yoast-seo-wordpress\/ -->\n<title>Salons et \u00e9v\u00e9nements pass\u00e9s - Ariens | EMEAA<\/title>\n<meta name=\"description\" content=\"Nous participons \u00e0 des salons professionnels et \u00e0 des \u00e9v\u00e9nements partout dans le monde afin que vous puissiez d\u00e9couvrir et tester nos produits. Rejoignez-nous lors de l&#039;un de nos \u00e9v\u00e9nements et obtenez des r\u00e9ponses \u00e0 vos questions.\" \/>\n<meta name=\"robots\" content=\"index, follow, max-snippet:-1, max-image-preview:large, max-video-preview:-1\" \/>\n<link rel=\"canonical\" href=\"https:\/\/www.ariens.eu\/fr\/nouvelles\/salons-et-evenements\/past-events-exhibitions\/\" \/>\n<meta property=\"og:locale\" content=\"fr_FR\" \/>\n<meta property=\"og:type\" content=\"article\" \/>\n<meta property=\"og:title\" content=\"Salons et \u00e9v\u00e9nements pass\u00e9s - Ariens | EMEAA\" \/>\n<meta property=\"og:description\" content=\"Nous participons \u00e0 des salons professionnels et \u00e0 des \u00e9v\u00e9nements partout dans le monde afin que vous puissiez d\u00e9couvrir et tester nos produits. Rejoignez-nous lors de l&#039;un de nos \u00e9v\u00e9nements et obtenez des r\u00e9ponses \u00e0 vos questions.\" \/>\n<meta property=\"og:url\" content=\"https:\/\/www.ariens.eu\/fr\/nouvelles\/salons-et-evenements\/past-events-exhibitions\/\" \/>\n<meta property=\"og:site_name\" content=\"Ariens | EMEAA\" \/>\n<meta property=\"article:modified_time\" content=\"2026-05-12T07:44:22+00:00\" \/>\n<meta property=\"og:image\" content=\"https:\/\/www.ariens.eu\/fr\/wp-content\/uploads\/sites\/4\/2026\/05\/card-events-fairs.jpg\" \/>\n\t<meta property=\"og:image:width\" content=\"1200\" \/>\n\t<meta property=\"og:image:height\" content=\"676\" \/>\n\t<meta property=\"og:image:type\" content=\"image\/jpeg\" \/>\n<meta name=\"twitter:card\" content=\"summary_large_image\" \/>\n<meta name=\"twitter:label1\" content=\"Dur\u00e9e de lecture estim\u00e9e\" \/>\n\t<meta name=\"twitter:data1\" content=\"1 minute\" \/>\n<script type=\"application\/ld+json\" class=\"yoast-schema-graph\">{\"@context\":\"https:\\\/\\\/schema.org\",\"@graph\":[{\"@type\":\"WebPage\",\"@id\":\"https:\\\/\\\/www.ariens.eu\\\/fr\\\/nouvelles\\\/salons-et-evenements\\\/past-events-exhibitions\\\/\",\"url\":\"https:\\\/\\\/www.ariens.eu\\\/fr\\\/nouvelles\\\/salons-et-evenements\\\/past-events-exhibitions\\\/\",\"name\":\"Salons et \u00e9v\u00e9nements pass\u00e9s - Ariens | EMEAA\",\"isPartOf\":{\"@id\":\"https:\\\/\\\/www.ariens.eu\\\/fr\\\/#website\"},\"primaryImageOfPage\":{\"@id\":\"https:\\\/\\\/www.ariens.eu\\\/fr\\\/nouvelles\\\/salons-et-evenements\\\/past-events-exhibitions\\\/#primaryimage\"},\"image\":{\"@id\":\"https:\\\/\\\/www.ariens.eu\\\/fr\\\/nouvelles\\\/salons-et-evenements\\\/past-events-exhibitions\\\/#primaryimage\"},\"thumbnailUrl\":\"https:\\\/\\\/www.ariens.eu\\\/fr\\\/wp-content\\\/uploads\\\/sites\\\/4\\\/2026\\\/05\\\/card-events-fairs.jpg\",\"datePublished\":\"2026-05-12T07:28:05+00:00\",\"dateModified\":\"2026-05-12T07:44:22+00:00\",\"description\":\"Nous participons \u00e0 des salons professionnels et \u00e0 des \u00e9v\u00e9nements partout dans le monde afin que vous puissiez d\u00e9couvrir et tester nos produits. Rejoignez-nous lors de l'un de nos \u00e9v\u00e9nements et obtenez des r\u00e9ponses \u00e0 vos questions.\",\"breadcrumb\":{\"@id\":\"https:\\\/\\\/www.ariens.eu\\\/fr\\\/nouvelles\\\/salons-et-evenements\\\/past-events-exhibitions\\\/#breadcrumb\"},\"inLanguage\":\"fr-FR\",\"potentialAction\":[{\"@type\":\"ReadAction\",\"target\":[\"https:\\\/\\\/www.ariens.eu\\\/fr\\\/nouvelles\\\/salons-et-evenements\\\/past-events-exhibitions\\\/\"]}]},{\"@type\":\"ImageObject\",\"inLanguage\":\"fr-FR\",\"@id\":\"https:\\\/\\\/www.ariens.eu\\\/fr\\\/nouvelles\\\/salons-et-evenements\\\/past-events-exhibitions\\\/#primaryimage\",\"url\":\"https:\\\/\\\/www.ariens.eu\\\/fr\\\/wp-content\\\/uploads\\\/sites\\\/4\\\/2026\\\/05\\\/card-events-fairs.jpg\",\"contentUrl\":\"https:\\\/\\\/www.ariens.eu\\\/fr\\\/wp-content\\\/uploads\\\/sites\\\/4\\\/2026\\\/05\\\/card-events-fairs.jpg\",\"width\":1200,\"height\":676},{\"@type\":\"BreadcrumbList\",\"@id\":\"https:\\\/\\\/www.ariens.eu\\\/fr\\\/nouvelles\\\/salons-et-evenements\\\/past-events-exhibitions\\\/#breadcrumb\",\"itemListElement\":[{\"@type\":\"ListItem\",\"position\":1,\"name\":\"Home\",\"item\":\"https:\\\/\\\/www.ariens.eu\\\/fr\\\/\"},{\"@type\":\"ListItem\",\"position\":2,\"name\":\"Nouvelles\",\"item\":\"https:\\\/\\\/www.ariens.eu\\\/fr\\\/nouvelles\\\/\"},{\"@type\":\"ListItem\",\"position\":3,\"name\":\"Salons et \u00e9v\u00e9nements\",\"item\":\"https:\\\/\\\/www.ariens.eu\\\/fr\\\/nouvelles\\\/salons-et-evenements\\\/\"},{\"@type\":\"ListItem\",\"position\":4,\"name\":\"Salons et \u00e9v\u00e9nements pass\u00e9s\"}]},{\"@type\":\"WebSite\",\"@id\":\"https:\\\/\\\/www.ariens.eu\\\/fr\\\/#website\",\"url\":\"https:\\\/\\\/www.ariens.eu\\\/fr\\\/\",\"name\":\"Ariens | EMEAA\",\"description\":\"Powerful and reliable zero-turn mowers &amp; snow blowers for professional users and demanding private customers\",\"potentialAction\":[{\"@type\":\"SearchAction\",\"target\":{\"@type\":\"EntryPoint\",\"urlTemplate\":\"https:\\\/\\\/www.ariens.eu\\\/fr\\\/?s={search_term_string}\"},\"query-input\":{\"@type\":\"PropertyValueSpecification\",\"valueRequired\":true,\"valueName\":\"search_term_string\"}}],\"inLanguage\":\"fr-FR\"}]}<\/script>\n<!-- \/ Yoast SEO plugin. -->","yoast_head_json":{"title":"Salons et \u00e9v\u00e9nements pass\u00e9s - Ariens | EMEAA","description":"Nous participons \u00e0 des salons professionnels et \u00e0 des \u00e9v\u00e9nements partout dans le monde afin que vous puissiez d\u00e9couvrir et tester nos produits. Rejoignez-nous lors de l'un de nos \u00e9v\u00e9nements et obtenez des r\u00e9ponses \u00e0 vos questions.","robots":{"index":"index","follow":"follow","max-snippet":"max-snippet:-1","max-image-preview":"max-image-preview:large","max-video-preview":"max-video-preview:-1"},"canonical":"https:\/\/www.ariens.eu\/fr\/nouvelles\/salons-et-evenements\/past-events-exhibitions\/","og_locale":"fr_FR","og_type":"article","og_title":"Salons et \u00e9v\u00e9nements pass\u00e9s - Ariens | EMEAA","og_description":"Nous participons \u00e0 des salons professionnels et \u00e0 des \u00e9v\u00e9nements partout dans le monde afin que vous puissiez d\u00e9couvrir et tester nos produits. Rejoignez-nous lors de l'un de nos \u00e9v\u00e9nements et obtenez des r\u00e9ponses \u00e0 vos questions.","og_url":"https:\/\/www.ariens.eu\/fr\/nouvelles\/salons-et-evenements\/past-events-exhibitions\/","og_site_name":"Ariens | EMEAA","article_modified_time":"2026-05-12T07:44:22+00:00","og_image":[{"width":1200,"height":676,"url":"https:\/\/www.ariens.eu\/fr\/wp-content\/uploads\/sites\/4\/2026\/05\/card-events-fairs.jpg","type":"image\/jpeg"}],"twitter_card":"summary_large_image","twitter_misc":{"Dur\u00e9e de lecture estim\u00e9e":"1 minute"},"schema":{"@context":"https:\/\/schema.org","@graph":[{"@type":"WebPage","@id":"https:\/\/www.ariens.eu\/fr\/nouvelles\/salons-et-evenements\/past-events-exhibitions\/","url":"https:\/\/www.ariens.eu\/fr\/nouvelles\/salons-et-evenements\/past-events-exhibitions\/","name":"Salons et \u00e9v\u00e9nements pass\u00e9s - Ariens | EMEAA","isPartOf":{"@id":"https:\/\/www.ariens.eu\/fr\/#website"},"primaryImageOfPage":{"@id":"https:\/\/www.ariens.eu\/fr\/nouvelles\/salons-et-evenements\/past-events-exhibitions\/#primaryimage"},"image":{"@id":"https:\/\/www.ariens.eu\/fr\/nouvelles\/salons-et-evenements\/past-events-exhibitions\/#primaryimage"},"thumbnailUrl":"https:\/\/www.ariens.eu\/fr\/wp-content\/uploads\/sites\/4\/2026\/05\/card-events-fairs.jpg","datePublished":"2026-05-12T07:28:05+00:00","dateModified":"2026-05-12T07:44:22+00:00","description":"Nous participons \u00e0 des salons professionnels et \u00e0 des \u00e9v\u00e9nements partout dans le monde afin que vous puissiez d\u00e9couvrir et tester nos produits. Rejoignez-nous lors de l'un de nos \u00e9v\u00e9nements et obtenez des r\u00e9ponses \u00e0 vos questions.","breadcrumb":{"@id":"https:\/\/www.ariens.eu\/fr\/nouvelles\/salons-et-evenements\/past-events-exhibitions\/#breadcrumb"},"inLanguage":"fr-FR","potentialAction":[{"@type":"ReadAction","target":["https:\/\/www.ariens.eu\/fr\/nouvelles\/salons-et-evenements\/past-events-exhibitions\/"]}]},{"@type":"ImageObject","inLanguage":"fr-FR","@id":"https:\/\/www.ariens.eu\/fr\/nouvelles\/salons-et-evenements\/past-events-exhibitions\/#primaryimage","url":"https:\/\/www.ariens.eu\/fr\/wp-content\/uploads\/sites\/4\/2026\/05\/card-events-fairs.jpg","contentUrl":"https:\/\/www.ariens.eu\/fr\/wp-content\/uploads\/sites\/4\/2026\/05\/card-events-fairs.jpg","width":1200,"height":676},{"@type":"BreadcrumbList","@id":"https:\/\/www.ariens.eu\/fr\/nouvelles\/salons-et-evenements\/past-events-exhibitions\/#breadcrumb","itemListElement":[{"@type":"ListItem","position":1,"name":"Home","item":"https:\/\/www.ariens.eu\/fr\/"},{"@type":"ListItem","position":2,"name":"Nouvelles","item":"https:\/\/www.ariens.eu\/fr\/nouvelles\/"},{"@type":"ListItem","position":3,"name":"Salons et \u00e9v\u00e9nements","item":"https:\/\/www.ariens.eu\/fr\/nouvelles\/salons-et-evenements\/"},{"@type":"ListItem","position":4,"name":"Salons et \u00e9v\u00e9nements pass\u00e9s"}]},{"@type":"WebSite","@id":"https:\/\/www.ariens.eu\/fr\/#website","url":"https:\/\/www.ariens.eu\/fr\/","name":"Ariens | EMEAA","description":"Powerful and reliable zero-turn mowers &amp; snow blowers for professional users and demanding private customers","potentialAction":[{"@type":"SearchAction","target":{"@type":"EntryPoint","urlTemplate":"https:\/\/www.ariens.eu\/fr\/?s={search_term_string}"},"query-input":{"@type":"PropertyValueSpecification","valueRequired":true,"valueName":"search_term_string"}}],"inLanguage":"fr-FR"}]}},"_links":{"self":[{"href":"https:\/\/www.ariens.eu\/fr\/wp-json\/wp\/v2\/pages\/5339","targetHints":{"allow":["GET"]}}],"collection":[{"href":"https:\/\/www.ariens.eu\/fr\/wp-json\/wp\/v2\/pages"}],"about":[{"href":"https:\/\/www.ariens.eu\/fr\/wp-json\/wp\/v2\/types\/page"}],"author":[{"embeddable":true,"href":"https:\/\/www.ariens.eu\/fr\/wp-json\/wp\/v2\/users\/10"}],"replies":[{"embeddable":true,"href":"https:\/\/www.ariens.eu\/fr\/wp-json\/wp\/v2\/comments?post=5339"}],"version-history":[{"count":3,"href":"https:\/\/www.ariens.eu\/fr\/wp-json\/wp\/v2\/pages\/5339\/revisions"}],"predecessor-version":[{"id":5345,"href":"https:\/\/www.ariens.eu\/fr\/wp-json\/wp\/v2\/pages\/5339\/revisions\/5345"}],"up":[{"embeddable":true,"href":"https:\/\/www.ariens.eu\/fr\/wp-json\/wp\/v2\/pages\/1859"}],"wp:featuredmedia":[{"embeddable":true,"href":"https:\/\/www.ariens.eu\/fr\/wp-json\/wp\/v2\/media\/5342"}],"wp:attachment":[{"href":"https:\/\/www.ariens.eu\/fr\/wp-json\/wp\/v2\/media?parent=5339"}],"curies":[{"name":"wp","href":"https:\/\/api.w.org\/{rel}","templated":true}]}}