{"id":2303,"date":"2024-05-10T11:04:35","date_gmt":"2024-05-10T10:04:35","guid":{"rendered":"https:\/\/www.ariens.eu\/product\/mammoth-850\/"},"modified":"2026-01-06T12:10:30","modified_gmt":"2026-01-06T12:10:30","slug":"mammoth-850","status":"publish","type":"product","link":"https:\/\/www.ariens.eu\/fr\/produit\/fraise-a-neige\/serie-mammoth-850\/mammoth-850","title":{"rendered":"MAMMOTH 850"},"content":{"rendered":"<div class=\"acfd-block acfd-block__twocolumns mb-asm-1 container-fluid px-0 bg-default\">\n<div class=\"acfd-twocolumns\">\n<div class=\"row\">\n<div class='col-lg-9 mb-4'>\n<div class=\"acfd-block acfd-block__headline container-fluid px-0 bg-default\">\n<div class=\"acfd-headline\" >\n<h2 class='h2 text-left'>Le porte-outils polyvalent pour le service hivernal<\/h2>\n<\/p><\/div>\n<\/div><\/div>\n<div class='col-lg'>                    <\/div>\n<\/p><\/div>\n<\/div>\n<\/div>\n<div class=\"acfd-block acfd-block__twocolumns mb-asm-2 container-fluid px-0 bg-default\">\n<div class=\"acfd-twocolumns\">\n<div class=\"row\">\n<div class='col-lg-9 mb-4'>\n<div class=\"acfd-block acfd-block__text container-fluid px-0 bg-default\">\n<div class=\"acfd-text\">\n<p>La s\u00e9rie Ariens MAMMOTH<sup>TM<\/sup> , un v\u00e9hicule de d\u00e9neigement lourd de premier ordre, est con\u00e7ue pour les t\u00e2ches les plus exigeantes. \u00c9quip\u00e9 d&#8217;un puissant moteur Kawasaki 850V-EFI de 28,5 ch, il offre une efficacit\u00e9 et une puissance in\u00e9gal\u00e9es en mati\u00e8re de d\u00e9neigement. Ses quatre roues motrices, soutenues par de robustes pneus Terra-trac de 22 pouces, offrent une traction et une maniabilit\u00e9 exceptionnelles dans les paysages enneig\u00e9s difficiles. La s\u00e9rie Mammoth propose divers accessoires, tels que des lames de d\u00e9neigement et des fraises \u00e0 neige, pour r\u00e9pondre aux diff\u00e9rents besoins en mati\u00e8re de d\u00e9neigement. Cette polyvalence et cette puissance en font un choix de premier ordre pour les op\u00e9rations de d\u00e9neigement professionnelles et commerciales.<\/p>\n<p><strong>Moteur puissant:<\/strong> \u00c9quip\u00e9e d&#8217;un moteur Kawasaki 850V-EFI de 28,5 ch pour un d\u00e9neigement efficace et performant.<\/p>\n<p><strong>Traction avanc\u00e9e:<\/strong> Quatre roues motrices avec des pneus Terra-trac de 22 \u00bb pour une maniabilit\u00e9 sup\u00e9rieure dans les conditions enneig\u00e9es.<\/p>\n<p><strong>Accessoires polyvalents:<\/strong> Offre une gamme d&#8217;outils comprenant des lames de d\u00e9neigement et des fraises \u00e0 neige, parfaits pour diff\u00e9rents types de t\u00e2ches de d\u00e9neigement.<\/p>\n<\/div>\n<\/div><\/div>\n<div class='col-lg'>                    <\/div>\n<\/p><\/div>\n<\/div>\n<\/div>\n<div class=\"acfd-block acfd-block__twocolumns mb-asm-2 container-fluid container-fluid--force px-0 bg-default\">\n<div class=\"acfd-twocolumns\">\n<div class=\"row\">\n<div class='col-lg-12 mb-4'>\n<div class=\"acfd-product-advantages--wrapper\">\n<h2 class=\"h1 bigger text-color-black text-center mb-5\">\n        Features &#038; Benefits    <\/h2>\n<div class=\"acfd-product-advantages\">\n<div class=\"row\">\n<div class=\"col-md-6 mb-4 content\">\n                    <span class=\"d-block h5 text-color-brand mb-1\">Le meilleur moteur de sa cat\u00e9gorie<\/span><\/p>\n<p>Moteur Kawasaki 850V-EFI de 29,5 ch, avec injection \u00e9lectronique de carburant pour les journ\u00e9es froides et un d\u00e9marrage fiable.<\/p>\n<\/p><\/div>\n<div class=\"col-md-6 mb4 image\"  style=\"background-image:url(https:\/\/www.ariens.eu\/fr\/wp-content\/uploads\/sites\/4\/2024\/05\/mammoth-herofeature1-efi-engine.png)\">\n                <\/div>\n<\/p><\/div>\n<div class=\"row\">\n<div class=\"col-md-6 mb-4 content\">\n                    <span class=\"d-block h5 text-color-brand mb-1\">Puissance des quatre roues motrices<\/span><\/p>\n<p>Les pompes Parker HP2 et les moteurs Parker assurent la puissance et le contr\u00f4le des quatre roues.<\/p>\n<\/p><\/div>\n<div class=\"col-md-6 mb4 image\"  style=\"background-image:url(https:\/\/www.ariens.eu\/fr\/wp-content\/uploads\/sites\/4\/2024\/05\/mammoth-herofeature2-all-wheel-drive.png)\">\n                <\/div>\n<\/p><\/div>\n<div class=\"row\">\n<div class=\"col-md-6 mb-4 content\">\n                    <span class=\"d-block h5 text-color-brand mb-1\">Disposition pratique du tableau de bord<\/span><\/p>\n<p>Les commandes sont \u00e0 port\u00e9e de main. Une main conduit tandis que l&rsquo;autre manipule le joystick de l&rsquo;accessoire. Les poign\u00e9es chauffantes sont fournies en standard.<\/p>\n<\/p><\/div>\n<div class=\"col-md-6 mb4 image\"  style=\"background-image:url(https:\/\/www.ariens.eu\/fr\/wp-content\/uploads\/sites\/4\/2024\/05\/Thumb_Controls_and_Adjust_Speed_Controls.png)\">\n                <\/div>\n<\/p><\/div>\n<\/p><\/div>\n<\/div><\/div>\n<div class='col-lg'>                    <\/div>\n<\/p><\/div>\n<\/div>\n<\/div>\n","protected":false},"excerpt":{"rendered":"<p>Le porte-outils polyvalent pour le service hivernal La s\u00e9rie Ariens MAMMOTHTM , un v\u00e9hicule de d\u00e9neigement lourd de premier ordre, est con\u00e7ue pour les t\u00e2ches les plus exigeantes. \u00c9quip\u00e9 d&#8217;un puissant moteur Kawasaki 850V-EFI de 28,5 ch, il offre une efficacit\u00e9 et une puissance in\u00e9gal\u00e9es en mati\u00e8re de d\u00e9neigement. Ses quatre roues motrices, soutenues par [&hellip;]<\/p>\n","protected":false},"featured_media":2698,"comment_status":"open","ping_status":"closed","template":"","meta":{"_acf_changed":false,"_relevanssi_hide_post":"","_relevanssi_hide_content":"","_relevanssi_pin_for_all":"","_relevanssi_pin_keywords":"","_relevanssi_unpin_keywords":"","_relevanssi_related_keywords":"","_relevanssi_related_include_ids":"","_relevanssi_related_exclude_ids":"","_relevanssi_related_no_append":"","_relevanssi_related_not_related":"","_relevanssi_related_posts":"","_relevanssi_noindex_reason":""},"product_brand":[],"product_cat":[15],"product_tag":[],"class_list":{"0":"post-2303","1":"product","2":"type-product","3":"status-publish","4":"has-post-thumbnail","6":"product_variant-serie-mammoth-850","7":"product_usage_areas-municipalites-chantiers","8":"product_usage_areas-service-hivernal","10":"first","11":"instock","12":"shipping-taxable","13":"product-type-simple"},"acf":[],"yoast_head":"<!-- This site is optimized with the Yoast SEO plugin v27.3 - https:\/\/yoast.com\/product\/yoast-seo-wordpress\/ -->\n<title>MAMMOTH\u2122 850 | Ariens<\/title>\n<meta name=\"description\" content=\"D\u00e9couvrez la s\u00e9rie Ariens MAMMOTH\u2122 : un v\u00e9hicule de d\u00e9neigement lourd \u00e9quip\u00e9 d&#039;un puissant moteur Kawasaki de 28,5 CV, de quatre roues motrices et de pneus Terra-Trac pour des performances de d\u00e9neigement et une polyvalence in\u00e9gal\u00e9es.\" \/>\n<meta name=\"robots\" content=\"index, follow, max-snippet:-1, max-image-preview:large, max-video-preview:-1\" \/>\n<link rel=\"canonical\" href=\"https:\/\/www.ariens.eu\/fr\/produit\/fraise-a-neige\/serie-mammoth-850\/mammoth-850\/\" \/>\n<meta property=\"og:locale\" content=\"fr_FR\" \/>\n<meta property=\"og:type\" content=\"article\" \/>\n<meta property=\"og:title\" content=\"MAMMOTH\u2122 850 | Ariens\" \/>\n<meta property=\"og:description\" content=\"D\u00e9couvrez la s\u00e9rie Ariens MAMMOTH\u2122 : un v\u00e9hicule de d\u00e9neigement lourd \u00e9quip\u00e9 d&#039;un puissant moteur Kawasaki de 28,5 CV, de quatre roues motrices et de pneus Terra-Trac pour des performances de d\u00e9neigement et une polyvalence in\u00e9gal\u00e9es.\" \/>\n<meta property=\"og:url\" content=\"https:\/\/www.ariens.eu\/fr\/produit\/fraise-a-neige\/serie-mammoth-850\/mammoth-850\/\" \/>\n<meta property=\"og:site_name\" content=\"Ariens | EMEAA\" \/>\n<meta property=\"article:modified_time\" content=\"2026-01-06T12:10:30+00:00\" \/>\n<meta property=\"og:image\" content=\"https:\/\/www.ariens.eu\/fr\/wp-content\/uploads\/sites\/4\/2024\/05\/951001-Mammoth-Standalone_FL34L-4000x3000-2d96997-2.webp\" \/>\n\t<meta property=\"og:image:width\" content=\"1280\" \/>\n\t<meta property=\"og:image:height\" content=\"960\" \/>\n\t<meta property=\"og:image:type\" content=\"image\/webp\" \/>\n<meta name=\"twitter:card\" content=\"summary_large_image\" \/>\n<meta name=\"twitter:label1\" content=\"Dur\u00e9e de lecture estim\u00e9e\" \/>\n\t<meta name=\"twitter:data1\" content=\"2 minutes\" \/>\n<script type=\"application\/ld+json\" class=\"yoast-schema-graph\">{\"@context\":\"https:\\\/\\\/schema.org\",\"@graph\":[{\"@type\":\"WebPage\",\"@id\":\"https:\\\/\\\/www.ariens.eu\\\/fr\\\/produit\\\/fraise-a-neige\\\/serie-mammoth-850\\\/mammoth-850\\\/\",\"url\":\"https:\\\/\\\/www.ariens.eu\\\/fr\\\/produit\\\/fraise-a-neige\\\/serie-mammoth-850\\\/mammoth-850\\\/\",\"name\":\"MAMMOTH\u2122 850 | Ariens\",\"isPartOf\":{\"@id\":\"https:\\\/\\\/www.ariens.eu\\\/fr\\\/#website\"},\"primaryImageOfPage\":{\"@id\":\"https:\\\/\\\/www.ariens.eu\\\/fr\\\/produit\\\/fraise-a-neige\\\/serie-mammoth-850\\\/mammoth-850\\\/#primaryimage\"},\"image\":{\"@id\":\"https:\\\/\\\/www.ariens.eu\\\/fr\\\/produit\\\/fraise-a-neige\\\/serie-mammoth-850\\\/mammoth-850\\\/#primaryimage\"},\"thumbnailUrl\":\"https:\\\/\\\/www.ariens.eu\\\/fr\\\/wp-content\\\/uploads\\\/sites\\\/4\\\/2024\\\/05\\\/951001-Mammoth-Standalone_FL34L-4000x3000-2d96997-2.webp\",\"datePublished\":\"2024-05-10T10:04:35+00:00\",\"dateModified\":\"2026-01-06T12:10:30+00:00\",\"description\":\"D\u00e9couvrez la s\u00e9rie Ariens MAMMOTH\u2122 : un v\u00e9hicule de d\u00e9neigement lourd \u00e9quip\u00e9 d'un puissant moteur Kawasaki de 28,5 CV, de quatre roues motrices et de pneus Terra-Trac pour des performances de d\u00e9neigement et une polyvalence in\u00e9gal\u00e9es.\",\"breadcrumb\":{\"@id\":\"https:\\\/\\\/www.ariens.eu\\\/fr\\\/produit\\\/fraise-a-neige\\\/serie-mammoth-850\\\/mammoth-850\\\/#breadcrumb\"},\"inLanguage\":\"fr-FR\",\"potentialAction\":[{\"@type\":\"ReadAction\",\"target\":[\"https:\\\/\\\/www.ariens.eu\\\/fr\\\/produit\\\/fraise-a-neige\\\/serie-mammoth-850\\\/mammoth-850\\\/\"]}]},{\"@type\":\"ImageObject\",\"inLanguage\":\"fr-FR\",\"@id\":\"https:\\\/\\\/www.ariens.eu\\\/fr\\\/produit\\\/fraise-a-neige\\\/serie-mammoth-850\\\/mammoth-850\\\/#primaryimage\",\"url\":\"https:\\\/\\\/www.ariens.eu\\\/fr\\\/wp-content\\\/uploads\\\/sites\\\/4\\\/2024\\\/05\\\/951001-Mammoth-Standalone_FL34L-4000x3000-2d96997-2.webp\",\"contentUrl\":\"https:\\\/\\\/www.ariens.eu\\\/fr\\\/wp-content\\\/uploads\\\/sites\\\/4\\\/2024\\\/05\\\/951001-Mammoth-Standalone_FL34L-4000x3000-2d96997-2.webp\",\"width\":1280,\"height\":960},{\"@type\":\"BreadcrumbList\",\"@id\":\"https:\\\/\\\/www.ariens.eu\\\/fr\\\/produit\\\/fraise-a-neige\\\/serie-mammoth-850\\\/mammoth-850\\\/#breadcrumb\",\"itemListElement\":[{\"@type\":\"ListItem\",\"position\":1,\"name\":\"Home\",\"item\":\"https:\\\/\\\/www.ariens.eu\\\/fr\\\/\"},{\"@type\":\"ListItem\",\"position\":2,\"name\":\"Shop\",\"item\":\"https:\\\/\\\/www.ariens.eu\\\/fr\\\/shop\\\/\"},{\"@type\":\"ListItem\",\"position\":3,\"name\":\"MAMMOTH 850\"}]},{\"@type\":\"WebSite\",\"@id\":\"https:\\\/\\\/www.ariens.eu\\\/fr\\\/#website\",\"url\":\"https:\\\/\\\/www.ariens.eu\\\/fr\\\/\",\"name\":\"Ariens | EMEAA\",\"description\":\"Powerful and reliable zero-turn mowers &amp; snow blowers for professional users and demanding private customers\",\"potentialAction\":[{\"@type\":\"SearchAction\",\"target\":{\"@type\":\"EntryPoint\",\"urlTemplate\":\"https:\\\/\\\/www.ariens.eu\\\/fr\\\/?s={search_term_string}\"},\"query-input\":{\"@type\":\"PropertyValueSpecification\",\"valueRequired\":true,\"valueName\":\"search_term_string\"}}],\"inLanguage\":\"fr-FR\"}]}<\/script>\n<!-- \/ Yoast SEO plugin. -->","yoast_head_json":{"title":"MAMMOTH\u2122 850 | Ariens","description":"D\u00e9couvrez la s\u00e9rie Ariens MAMMOTH\u2122 : un v\u00e9hicule de d\u00e9neigement lourd \u00e9quip\u00e9 d'un puissant moteur Kawasaki de 28,5 CV, de quatre roues motrices et de pneus Terra-Trac pour des performances de d\u00e9neigement et une polyvalence in\u00e9gal\u00e9es.","robots":{"index":"index","follow":"follow","max-snippet":"max-snippet:-1","max-image-preview":"max-image-preview:large","max-video-preview":"max-video-preview:-1"},"canonical":"https:\/\/www.ariens.eu\/fr\/produit\/fraise-a-neige\/serie-mammoth-850\/mammoth-850\/","og_locale":"fr_FR","og_type":"article","og_title":"MAMMOTH\u2122 850 | Ariens","og_description":"D\u00e9couvrez la s\u00e9rie Ariens MAMMOTH\u2122 : un v\u00e9hicule de d\u00e9neigement lourd \u00e9quip\u00e9 d'un puissant moteur Kawasaki de 28,5 CV, de quatre roues motrices et de pneus Terra-Trac pour des performances de d\u00e9neigement et une polyvalence in\u00e9gal\u00e9es.","og_url":"https:\/\/www.ariens.eu\/fr\/produit\/fraise-a-neige\/serie-mammoth-850\/mammoth-850\/","og_site_name":"Ariens | EMEAA","article_modified_time":"2026-01-06T12:10:30+00:00","og_image":[{"width":1280,"height":960,"url":"https:\/\/www.ariens.eu\/fr\/wp-content\/uploads\/sites\/4\/2024\/05\/951001-Mammoth-Standalone_FL34L-4000x3000-2d96997-2.webp","type":"image\/webp"}],"twitter_card":"summary_large_image","twitter_misc":{"Dur\u00e9e de lecture estim\u00e9e":"2 minutes"},"schema":{"@context":"https:\/\/schema.org","@graph":[{"@type":"WebPage","@id":"https:\/\/www.ariens.eu\/fr\/produit\/fraise-a-neige\/serie-mammoth-850\/mammoth-850\/","url":"https:\/\/www.ariens.eu\/fr\/produit\/fraise-a-neige\/serie-mammoth-850\/mammoth-850\/","name":"MAMMOTH\u2122 850 | Ariens","isPartOf":{"@id":"https:\/\/www.ariens.eu\/fr\/#website"},"primaryImageOfPage":{"@id":"https:\/\/www.ariens.eu\/fr\/produit\/fraise-a-neige\/serie-mammoth-850\/mammoth-850\/#primaryimage"},"image":{"@id":"https:\/\/www.ariens.eu\/fr\/produit\/fraise-a-neige\/serie-mammoth-850\/mammoth-850\/#primaryimage"},"thumbnailUrl":"https:\/\/www.ariens.eu\/fr\/wp-content\/uploads\/sites\/4\/2024\/05\/951001-Mammoth-Standalone_FL34L-4000x3000-2d96997-2.webp","datePublished":"2024-05-10T10:04:35+00:00","dateModified":"2026-01-06T12:10:30+00:00","description":"D\u00e9couvrez la s\u00e9rie Ariens MAMMOTH\u2122 : un v\u00e9hicule de d\u00e9neigement lourd \u00e9quip\u00e9 d'un puissant moteur Kawasaki de 28,5 CV, de quatre roues motrices et de pneus Terra-Trac pour des performances de d\u00e9neigement et une polyvalence in\u00e9gal\u00e9es.","breadcrumb":{"@id":"https:\/\/www.ariens.eu\/fr\/produit\/fraise-a-neige\/serie-mammoth-850\/mammoth-850\/#breadcrumb"},"inLanguage":"fr-FR","potentialAction":[{"@type":"ReadAction","target":["https:\/\/www.ariens.eu\/fr\/produit\/fraise-a-neige\/serie-mammoth-850\/mammoth-850\/"]}]},{"@type":"ImageObject","inLanguage":"fr-FR","@id":"https:\/\/www.ariens.eu\/fr\/produit\/fraise-a-neige\/serie-mammoth-850\/mammoth-850\/#primaryimage","url":"https:\/\/www.ariens.eu\/fr\/wp-content\/uploads\/sites\/4\/2024\/05\/951001-Mammoth-Standalone_FL34L-4000x3000-2d96997-2.webp","contentUrl":"https:\/\/www.ariens.eu\/fr\/wp-content\/uploads\/sites\/4\/2024\/05\/951001-Mammoth-Standalone_FL34L-4000x3000-2d96997-2.webp","width":1280,"height":960},{"@type":"BreadcrumbList","@id":"https:\/\/www.ariens.eu\/fr\/produit\/fraise-a-neige\/serie-mammoth-850\/mammoth-850\/#breadcrumb","itemListElement":[{"@type":"ListItem","position":1,"name":"Home","item":"https:\/\/www.ariens.eu\/fr\/"},{"@type":"ListItem","position":2,"name":"Shop","item":"https:\/\/www.ariens.eu\/fr\/shop\/"},{"@type":"ListItem","position":3,"name":"MAMMOTH 850"}]},{"@type":"WebSite","@id":"https:\/\/www.ariens.eu\/fr\/#website","url":"https:\/\/www.ariens.eu\/fr\/","name":"Ariens | EMEAA","description":"Powerful and reliable zero-turn mowers &amp; snow blowers for professional users and demanding private customers","potentialAction":[{"@type":"SearchAction","target":{"@type":"EntryPoint","urlTemplate":"https:\/\/www.ariens.eu\/fr\/?s={search_term_string}"},"query-input":{"@type":"PropertyValueSpecification","valueRequired":true,"valueName":"search_term_string"}}],"inLanguage":"fr-FR"}]}},"_links":{"self":[{"href":"https:\/\/www.ariens.eu\/fr\/wp-json\/wp\/v2\/product\/2303","targetHints":{"allow":["GET"]}}],"collection":[{"href":"https:\/\/www.ariens.eu\/fr\/wp-json\/wp\/v2\/product"}],"about":[{"href":"https:\/\/www.ariens.eu\/fr\/wp-json\/wp\/v2\/types\/product"}],"replies":[{"embeddable":true,"href":"https:\/\/www.ariens.eu\/fr\/wp-json\/wp\/v2\/comments?post=2303"}],"wp:featuredmedia":[{"embeddable":true,"href":"https:\/\/www.ariens.eu\/fr\/wp-json\/wp\/v2\/media\/2698"}],"wp:attachment":[{"href":"https:\/\/www.ariens.eu\/fr\/wp-json\/wp\/v2\/media?parent=2303"}],"wp:term":[{"taxonomy":"product_brand","embeddable":true,"href":"https:\/\/www.ariens.eu\/fr\/wp-json\/wp\/v2\/product_brand?post=2303"},{"taxonomy":"product_cat","embeddable":true,"href":"https:\/\/www.ariens.eu\/fr\/wp-json\/wp\/v2\/product_cat?post=2303"},{"taxonomy":"product_tag","embeddable":true,"href":"https:\/\/www.ariens.eu\/fr\/wp-json\/wp\/v2\/product_tag?post=2303"}],"curies":[{"name":"wp","href":"https:\/\/api.w.org\/{rel}","templated":true}]}}