{"id":2304,"date":"2024-05-10T11:04:35","date_gmt":"2024-05-10T10:04:35","guid":{"rendered":"https:\/\/www.ariens.eu\/product\/professional-28\/"},"modified":"2025-11-10T10:48:19","modified_gmt":"2025-11-10T10:48:19","slug":"professional-28","status":"publish","type":"product","link":"https:\/\/www.ariens.eu\/fr\/produit\/fraise-a-neige\/professional-serien\/professional-28","title":{"rendered":"PROFESSIONAL 28"},"content":{"rendered":"<div class=\"acfd-block acfd-block__twocolumns mb-asm-1 container-fluid px-0 bg-default\">\n<div class=\"acfd-twocolumns\">\n<div class=\"row\">\n<div class='col-lg-9 mb-4'>\n<div class=\"acfd-block acfd-block__headline container-fluid px-0 bg-default\">\n<div class=\"acfd-headline\" >\n<h2 class='h2 text-left'>Machine robuste pour une utilisation intensive et commerciale<\/h2>\n<\/p><\/div>\n<\/div><\/div>\n<div class='col-lg'>                    <\/div>\n<\/p><\/div>\n<\/div>\n<\/div>\n<div class=\"acfd-block acfd-block__twocolumns mb-asm-2 container-fluid px-0 bg-default\">\n<div class=\"acfd-twocolumns\">\n<div class=\"row\">\n<div class='col-lg-9 mb-4'>\n<div class=\"acfd-block acfd-block__text container-fluid px-0 bg-default\">\n<div class=\"acfd-text\">\n<p>Des milliards de flocons de neige contre une machine. C&#8217;est \u00e0 peu pr\u00e8s \u00e7a. Ils domptent facilement les temp\u00eates de neige les plus violentes. Les chutes de neige les plus profondes et les plus lourdes re\u00e7oivent les derniers sacrements d\u00e8s que vous allumez ce moteur de 420 cm3. Il n&#8217;est pas n\u00e9cessaire d&#8217;\u00eatre un professionnel pour en poss\u00e9der une, il suffit d&#8217;avoir envie de d\u00e9placer le plus de neige possible en un minimum de temps. Allez-y, am\u00e9liorez votre statut d&#8217;amateur et lancez comme les pros.<\/p>\n<p>Utilisation intensive et caract\u00e9ristiques de qualit\u00e9 commerciale du Professional 28.<\/p>\n<ul>\n<li>Largeur de d\u00e9blaiement de 71 cm (28&#8243;) permettant de d\u00e9placer 79 tonnes de neige \u00e0 l&#8217;heure<\/li>\n<li>Puissant moteur Ariens AX EFI de 420 cm3 avec d\u00e9marrage \u00e9lectrique par bouton-poussoir<\/li>\n<li>Hauteur de carter extra haute pour la neige profonde<\/li>\n<li>Poign\u00e9es \u00e0 verrouillage pour une utilisation d&#8217;une seule main<\/li>\n<li>Caract\u00e9ristiques haut de gamme de s\u00e9rie : \u00e9clairage \u00e0 LED, chauffe-mains, d\u00e9flecteur \u00e0 distance et patins de qualit\u00e9 commerciale.<\/li>\n<li>Pour une utilisation commerciale<\/li>\n<\/ul>\n<\/div>\n<\/div><\/div>\n<div class='col-lg'>                    <\/div>\n<\/p><\/div>\n<\/div>\n<\/div>\n<div class=\"acfd-block acfd-block__category mb-asm-3 container-fluid px-0 bg-default\">\n<div class=\"acfd-product-categories\">\n<h2 class=\"text-left mb-3\">\n        Eins\u00e4tze    <\/h2>\n<div class=\"product-categories_wrapper\">\n         <span\n                data-description=\"Le syst\u00e8me de direction brevet\u00e9 Ariens AutoTurn<sup>&reg;<\/sup> emp\u00eache une roue motrice ou une chenille RapidTrak\u2122 de tourner. En m\u00eame temps, il permet de diriger facilement la machine en rel\u00e2chant automatiquement un c\u00f4t\u00e9 d'entra\u00eenement lors de la direction. Toutes les fraises \u00e0 neige Ariens, \u00e0 l'exception du mod\u00e8le CLASSIC, sont \u00e9quip\u00e9es du syst\u00e8me AutoTurn.\"                class=\"product-category-single\"> AutoTurn<sup>&reg;<\/sup>                <sup><i class=\"fa fa-info-circle\" aria-hidden=\"true\"><\/i><\/sup>            <\/span>  <span\n                data-description=\"SHO est l'abr\u00e9viation de Super-High-Output. La roue de soufflage haute performance des mod\u00e8les PLATINUM et PROFESSIONAL produit plus de neige par heure et l'\u00e9jecte plus loin.\"                class=\"product-category-single\"> Roue de soufflerie SHO                <sup><i class=\"fa fa-info-circle\" aria-hidden=\"true\"><\/i><\/sup>            <\/span>  <span\n                data-description=\"Une connexion de 230 volts vous permet de d\u00e9marrer la machine en appuyant sur un bouton. De s\u00e9rie sur tous les mod\u00e8les.\"                class=\"product-category-single\"> D\u00e9marrage \u00e9lectrique                <sup><i class=\"fa fa-info-circle\" aria-hidden=\"true\"><\/i><\/sup>            <\/span>     <\/div>\n<\/div>\n<\/div>\n<div class=\"acfd-block acfd-block__twocolumns mb-asm-2 container-fluid container-fluid--force px-0 bg-default\">\n<div class=\"acfd-twocolumns\">\n<div class=\"row\">\n<div class='col-lg-12 mb-4'>\n<div class=\"acfd-product-advantages--wrapper\">\n<h2 class=\"h1 bigger text-color-black text-center mb-5\">\n        Features &#038; Benefits    <\/h2>\n<div class=\"acfd-product-advantages\">\n<div class=\"row\">\n<div class=\"col-md-6 mb-4 content\">\n                    <span class=\"d-block h5 text-color-brand mb-1\">Transmission hydrostatique<\/span><\/p>\n<p>Adaptation continue de la vitesse pendant le trajet. R\u00e9glage simple \u00e0 l\u2019aide du levier de r\u00e9glage.<\/p>\n<\/p><\/div>\n<div class=\"col-md-6 mb4 image\"  style=\"background-image:url(https:\/\/www.ariens.eu\/fr\/wp-content\/uploads\/sites\/4\/2024\/05\/Hydrostatic_Drive_03-scaled.webp)\">\n                <\/div>\n<\/p><\/div>\n<div class=\"row\">\n<div class=\"col-md-6 mb-4 content\">\n                    <span class=\"d-block h5 text-color-brand mb-1\">Roue turbine de 35,5 cm \u00e0 haut rendement sho<\/span><\/p>\n<p>La technologie Ariens SHO signifie Super High Output. Ou, pour le dire plus simplement : la roue de sablage est particuli\u00e8rement puissante et d\u00e9barrasse plus rapidement la neige de la fraiseuse situ\u00e9e en amont. Jusqu&rsquo;\u00e0 90 tonnes\/heure max.<\/p>\n<\/p><\/div>\n<div class=\"col-md-6 mb4 image\"  style=\"background-image:url(https:\/\/www.ariens.eu\/fr\/wp-content\/uploads\/sites\/4\/2024\/05\/SHO_Impeller.webp)\">\n                <\/div>\n<\/p><\/div>\n<div class=\"row\">\n<div class=\"col-md-6 mb-4 content\">\n                    <span class=\"d-block h5 text-color-brand mb-1\">Lumi\u00e8re L.E.D.<\/span><\/p>\n<p>Lumi\u00e8re LED ultra-lumineuse de s\u00e9rie sur tous les mod\u00e8les de la s\u00e9rie Professional. Un travail pr\u00e9cis le matin, le soir et la nuit.<\/p>\n<\/p><\/div>\n<div class=\"col-md-6 mb4 image\"  style=\"background-image:url(https:\/\/www.ariens.eu\/fr\/wp-content\/uploads\/sites\/4\/2024\/05\/LED_LIGHT_Solo-1.webp)\">\n                <\/div>\n<\/p><\/div>\n<div class=\"row\">\n<div class=\"col-md-6 mb-4 content\">\n                    <span class=\"d-block h5 text-color-brand mb-1\">Direction auto-turn<\/span><\/p>\n<p>Conduire en ligne droite avec l\u2019essieu arri\u00e8re bloqu\u00e9 pour une adh\u00e9rence maximale. D\u00e8s qu\u2018on dirige la machine, l\u2019essieu est d\u00e9bloqu\u00e9 automatiquement et tourner sur place est un v\u00e9ritable jeu d\u2019enfant. Une invention brevet\u00e9e d\u2019Ariens.<\/p>\n<\/p><\/div>\n<div class=\"col-md-6 mb4 image\"  style=\"background-image:url(https:\/\/www.ariens.eu\/fr\/wp-content\/uploads\/sites\/4\/2024\/05\/feature6ars_fb_profe-2.png)\">\n                <\/div>\n<\/p><\/div>\n<div class=\"row\">\n<div class=\"col-md-6 mb-4 content\">\n                    <span class=\"d-block h5 text-color-brand mb-1\">Moteur Ariens<sup>&reg;<\/sup> AX 420 EFI<\/span><\/p>\n<p>Moteur puissant avec injection \u00e9lectronique de carburant (EFI) qui d\u00e9marre facilement m\u00eame dans les conditions les plus difficiles. Hautes performances, consommation de carburant \u00e9conomique et fourniture de puissance plus rapide.<\/p>\n<\/p><\/div>\n<div class=\"col-md-6 mb4 image\"  style=\"background-image:url(https:\/\/www.ariens.eu\/fr\/wp-content\/uploads\/sites\/4\/2024\/05\/Electric_start.webp)\">\n                <\/div>\n<\/p><\/div>\n<div class=\"row\">\n<div class=\"col-md-6 mb-4 content\">\n                    <span class=\"d-block h5 text-color-brand mb-1\">Guidon massif en acier renforc\u00e9<\/span><\/p>\n<p>Les machines puissantes ont besoin de guidons forts et robustes. Ceux-ci sont 100 % en acier tr\u00e8s stable.<\/p>\n<\/p><\/div>\n<div class=\"col-md-6 mb4 image\"  style=\"background-image:url(https:\/\/www.ariens.eu\/fr\/wp-content\/uploads\/sites\/4\/2024\/05\/Reinforced_Handlebars_02-scaled.webp)\">\n                <\/div>\n<\/p><\/div>\n<\/p><\/div>\n<\/div><\/div>\n<div class='col-lg'>                    <\/div>\n<\/p><\/div>\n<\/div>\n<\/div>\n","protected":false},"excerpt":{"rendered":"<p>Machine robuste pour une utilisation intensive et commerciale Des milliards de flocons de neige contre une machine. C&#8217;est \u00e0 peu pr\u00e8s \u00e7a. Ils domptent facilement les temp\u00eates de neige les plus violentes. Les chutes de neige les plus profondes et les plus lourdes re\u00e7oivent les derniers sacrements d\u00e8s que vous allumez ce moteur de 420 [&hellip;]<\/p>\n","protected":false},"featured_media":2691,"comment_status":"open","ping_status":"closed","template":"","meta":{"_acf_changed":false,"_relevanssi_hide_post":"","_relevanssi_hide_content":"","_relevanssi_pin_for_all":"","_relevanssi_pin_keywords":"","_relevanssi_unpin_keywords":"","_relevanssi_related_keywords":"","_relevanssi_related_include_ids":"","_relevanssi_related_exclude_ids":"","_relevanssi_related_no_append":"","_relevanssi_related_not_related":"","_relevanssi_related_posts":"","_relevanssi_noindex_reason":""},"product_brand":[],"product_cat":[15],"product_tag":[],"class_list":{"0":"post-2304","1":"product","2":"type-product","3":"status-publish","4":"has-post-thumbnail","6":"product_variant-professional-serien","7":"product_usage_areas-municipalites-chantiers","8":"product_usage_areas-service-hivernal","10":"first","11":"instock","12":"shipping-taxable","13":"product-type-simple"},"acf":[],"yoast_head":"<!-- This site is optimized with the Yoast SEO plugin v27.3 - https:\/\/yoast.com\/product\/yoast-seo-wordpress\/ -->\n<title>PROFESSIONAL 28 - Fraise \u00e0 neige | Ariens<\/title>\n<meta name=\"description\" content=\"Avec une grande largeur de d\u00e9blaiement de 71 cm (28\u2033) qui d\u00e9place 79 tonnes de neige par heure. Machine robuste pour une utilisation intensive et commerciale.\" \/>\n<meta name=\"robots\" content=\"index, follow, max-snippet:-1, max-image-preview:large, max-video-preview:-1\" \/>\n<link rel=\"canonical\" href=\"https:\/\/www.ariens.eu\/fr\/produit\/fraise-a-neige\/serie-professional\/professional-28\/\" \/>\n<meta property=\"og:locale\" content=\"fr_FR\" \/>\n<meta property=\"og:type\" content=\"article\" \/>\n<meta property=\"og:title\" content=\"PROFESSIONAL 28 - Fraise \u00e0 neige | Ariens\" \/>\n<meta property=\"og:description\" content=\"Avec une grande largeur de d\u00e9blaiement de 71 cm (28\u2033) qui d\u00e9place 79 tonnes de neige par heure. Machine robuste pour une utilisation intensive et commerciale.\" \/>\n<meta property=\"og:url\" content=\"https:\/\/www.ariens.eu\/fr\/produit\/fraise-a-neige\/serie-professional\/professional-28\/\" \/>\n<meta property=\"og:site_name\" content=\"Ariens | EMEAA\" \/>\n<meta property=\"article:modified_time\" content=\"2025-11-10T10:48:19+00:00\" \/>\n<meta property=\"og:image\" content=\"https:\/\/www.ariens.eu\/fr\/wp-content\/uploads\/sites\/4\/2024\/05\/ariens-professional-28-two-stage-snow-thrower-front34-768x555-3.webp\" \/>\n\t<meta property=\"og:image:width\" content=\"768\" \/>\n\t<meta property=\"og:image:height\" content=\"555\" \/>\n\t<meta property=\"og:image:type\" content=\"image\/webp\" \/>\n<meta name=\"twitter:card\" content=\"summary_large_image\" \/>\n<meta name=\"twitter:label1\" content=\"Dur\u00e9e de lecture estim\u00e9e\" \/>\n\t<meta name=\"twitter:data1\" content=\"2 minutes\" \/>\n<script type=\"application\/ld+json\" class=\"yoast-schema-graph\">{\"@context\":\"https:\\\/\\\/schema.org\",\"@graph\":[{\"@type\":\"WebPage\",\"@id\":\"https:\\\/\\\/www.ariens.eu\\\/fr\\\/produit\\\/fraise-a-neige\\\/serie-professional\\\/professional-28\\\/\",\"url\":\"https:\\\/\\\/www.ariens.eu\\\/fr\\\/produit\\\/fraise-a-neige\\\/serie-professional\\\/professional-28\\\/\",\"name\":\"PROFESSIONAL 28 - Fraise \u00e0 neige | Ariens\",\"isPartOf\":{\"@id\":\"https:\\\/\\\/www.ariens.eu\\\/fr\\\/#website\"},\"primaryImageOfPage\":{\"@id\":\"https:\\\/\\\/www.ariens.eu\\\/fr\\\/produit\\\/fraise-a-neige\\\/serie-professional\\\/professional-28\\\/#primaryimage\"},\"image\":{\"@id\":\"https:\\\/\\\/www.ariens.eu\\\/fr\\\/produit\\\/fraise-a-neige\\\/serie-professional\\\/professional-28\\\/#primaryimage\"},\"thumbnailUrl\":\"https:\\\/\\\/www.ariens.eu\\\/fr\\\/wp-content\\\/uploads\\\/sites\\\/4\\\/2024\\\/05\\\/ariens-professional-28-two-stage-snow-thrower-front34-768x555-3.webp\",\"datePublished\":\"2024-05-10T10:04:35+00:00\",\"dateModified\":\"2025-11-10T10:48:19+00:00\",\"description\":\"Avec une grande largeur de d\u00e9blaiement de 71 cm (28\u2033) qui d\u00e9place 79 tonnes de neige par heure. Machine robuste pour une utilisation intensive et commerciale.\",\"breadcrumb\":{\"@id\":\"https:\\\/\\\/www.ariens.eu\\\/fr\\\/produit\\\/fraise-a-neige\\\/serie-professional\\\/professional-28\\\/#breadcrumb\"},\"inLanguage\":\"fr-FR\",\"potentialAction\":[{\"@type\":\"ReadAction\",\"target\":[\"https:\\\/\\\/www.ariens.eu\\\/fr\\\/produit\\\/fraise-a-neige\\\/serie-professional\\\/professional-28\\\/\"]}]},{\"@type\":\"ImageObject\",\"inLanguage\":\"fr-FR\",\"@id\":\"https:\\\/\\\/www.ariens.eu\\\/fr\\\/produit\\\/fraise-a-neige\\\/serie-professional\\\/professional-28\\\/#primaryimage\",\"url\":\"https:\\\/\\\/www.ariens.eu\\\/fr\\\/wp-content\\\/uploads\\\/sites\\\/4\\\/2024\\\/05\\\/ariens-professional-28-two-stage-snow-thrower-front34-768x555-3.webp\",\"contentUrl\":\"https:\\\/\\\/www.ariens.eu\\\/fr\\\/wp-content\\\/uploads\\\/sites\\\/4\\\/2024\\\/05\\\/ariens-professional-28-two-stage-snow-thrower-front34-768x555-3.webp\",\"width\":768,\"height\":555},{\"@type\":\"BreadcrumbList\",\"@id\":\"https:\\\/\\\/www.ariens.eu\\\/fr\\\/produit\\\/fraise-a-neige\\\/serie-professional\\\/professional-28\\\/#breadcrumb\",\"itemListElement\":[{\"@type\":\"ListItem\",\"position\":1,\"name\":\"Home\",\"item\":\"https:\\\/\\\/www.ariens.eu\\\/fr\\\/\"},{\"@type\":\"ListItem\",\"position\":2,\"name\":\"Shop\",\"item\":\"https:\\\/\\\/www.ariens.eu\\\/fr\\\/shop\\\/\"},{\"@type\":\"ListItem\",\"position\":3,\"name\":\"PROFESSIONAL 28\"}]},{\"@type\":\"WebSite\",\"@id\":\"https:\\\/\\\/www.ariens.eu\\\/fr\\\/#website\",\"url\":\"https:\\\/\\\/www.ariens.eu\\\/fr\\\/\",\"name\":\"Ariens | EMEAA\",\"description\":\"Powerful and reliable zero-turn mowers &amp; snow blowers for professional users and demanding private customers\",\"potentialAction\":[{\"@type\":\"SearchAction\",\"target\":{\"@type\":\"EntryPoint\",\"urlTemplate\":\"https:\\\/\\\/www.ariens.eu\\\/fr\\\/?s={search_term_string}\"},\"query-input\":{\"@type\":\"PropertyValueSpecification\",\"valueRequired\":true,\"valueName\":\"search_term_string\"}}],\"inLanguage\":\"fr-FR\"}]}<\/script>\n<!-- \/ Yoast SEO plugin. -->","yoast_head_json":{"title":"PROFESSIONAL 28 - Fraise \u00e0 neige | Ariens","description":"Avec une grande largeur de d\u00e9blaiement de 71 cm (28\u2033) qui d\u00e9place 79 tonnes de neige par heure. Machine robuste pour une utilisation intensive et commerciale.","robots":{"index":"index","follow":"follow","max-snippet":"max-snippet:-1","max-image-preview":"max-image-preview:large","max-video-preview":"max-video-preview:-1"},"canonical":"https:\/\/www.ariens.eu\/fr\/produit\/fraise-a-neige\/serie-professional\/professional-28\/","og_locale":"fr_FR","og_type":"article","og_title":"PROFESSIONAL 28 - Fraise \u00e0 neige | Ariens","og_description":"Avec une grande largeur de d\u00e9blaiement de 71 cm (28\u2033) qui d\u00e9place 79 tonnes de neige par heure. Machine robuste pour une utilisation intensive et commerciale.","og_url":"https:\/\/www.ariens.eu\/fr\/produit\/fraise-a-neige\/serie-professional\/professional-28\/","og_site_name":"Ariens | EMEAA","article_modified_time":"2025-11-10T10:48:19+00:00","og_image":[{"width":768,"height":555,"url":"https:\/\/www.ariens.eu\/fr\/wp-content\/uploads\/sites\/4\/2024\/05\/ariens-professional-28-two-stage-snow-thrower-front34-768x555-3.webp","type":"image\/webp"}],"twitter_card":"summary_large_image","twitter_misc":{"Dur\u00e9e de lecture estim\u00e9e":"2 minutes"},"schema":{"@context":"https:\/\/schema.org","@graph":[{"@type":"WebPage","@id":"https:\/\/www.ariens.eu\/fr\/produit\/fraise-a-neige\/serie-professional\/professional-28\/","url":"https:\/\/www.ariens.eu\/fr\/produit\/fraise-a-neige\/serie-professional\/professional-28\/","name":"PROFESSIONAL 28 - Fraise \u00e0 neige | Ariens","isPartOf":{"@id":"https:\/\/www.ariens.eu\/fr\/#website"},"primaryImageOfPage":{"@id":"https:\/\/www.ariens.eu\/fr\/produit\/fraise-a-neige\/serie-professional\/professional-28\/#primaryimage"},"image":{"@id":"https:\/\/www.ariens.eu\/fr\/produit\/fraise-a-neige\/serie-professional\/professional-28\/#primaryimage"},"thumbnailUrl":"https:\/\/www.ariens.eu\/fr\/wp-content\/uploads\/sites\/4\/2024\/05\/ariens-professional-28-two-stage-snow-thrower-front34-768x555-3.webp","datePublished":"2024-05-10T10:04:35+00:00","dateModified":"2025-11-10T10:48:19+00:00","description":"Avec une grande largeur de d\u00e9blaiement de 71 cm (28\u2033) qui d\u00e9place 79 tonnes de neige par heure. Machine robuste pour une utilisation intensive et commerciale.","breadcrumb":{"@id":"https:\/\/www.ariens.eu\/fr\/produit\/fraise-a-neige\/serie-professional\/professional-28\/#breadcrumb"},"inLanguage":"fr-FR","potentialAction":[{"@type":"ReadAction","target":["https:\/\/www.ariens.eu\/fr\/produit\/fraise-a-neige\/serie-professional\/professional-28\/"]}]},{"@type":"ImageObject","inLanguage":"fr-FR","@id":"https:\/\/www.ariens.eu\/fr\/produit\/fraise-a-neige\/serie-professional\/professional-28\/#primaryimage","url":"https:\/\/www.ariens.eu\/fr\/wp-content\/uploads\/sites\/4\/2024\/05\/ariens-professional-28-two-stage-snow-thrower-front34-768x555-3.webp","contentUrl":"https:\/\/www.ariens.eu\/fr\/wp-content\/uploads\/sites\/4\/2024\/05\/ariens-professional-28-two-stage-snow-thrower-front34-768x555-3.webp","width":768,"height":555},{"@type":"BreadcrumbList","@id":"https:\/\/www.ariens.eu\/fr\/produit\/fraise-a-neige\/serie-professional\/professional-28\/#breadcrumb","itemListElement":[{"@type":"ListItem","position":1,"name":"Home","item":"https:\/\/www.ariens.eu\/fr\/"},{"@type":"ListItem","position":2,"name":"Shop","item":"https:\/\/www.ariens.eu\/fr\/shop\/"},{"@type":"ListItem","position":3,"name":"PROFESSIONAL 28"}]},{"@type":"WebSite","@id":"https:\/\/www.ariens.eu\/fr\/#website","url":"https:\/\/www.ariens.eu\/fr\/","name":"Ariens | EMEAA","description":"Powerful and reliable zero-turn mowers &amp; snow blowers for professional users and demanding private customers","potentialAction":[{"@type":"SearchAction","target":{"@type":"EntryPoint","urlTemplate":"https:\/\/www.ariens.eu\/fr\/?s={search_term_string}"},"query-input":{"@type":"PropertyValueSpecification","valueRequired":true,"valueName":"search_term_string"}}],"inLanguage":"fr-FR"}]}},"_links":{"self":[{"href":"https:\/\/www.ariens.eu\/fr\/wp-json\/wp\/v2\/product\/2304","targetHints":{"allow":["GET"]}}],"collection":[{"href":"https:\/\/www.ariens.eu\/fr\/wp-json\/wp\/v2\/product"}],"about":[{"href":"https:\/\/www.ariens.eu\/fr\/wp-json\/wp\/v2\/types\/product"}],"replies":[{"embeddable":true,"href":"https:\/\/www.ariens.eu\/fr\/wp-json\/wp\/v2\/comments?post=2304"}],"wp:featuredmedia":[{"embeddable":true,"href":"https:\/\/www.ariens.eu\/fr\/wp-json\/wp\/v2\/media\/2691"}],"wp:attachment":[{"href":"https:\/\/www.ariens.eu\/fr\/wp-json\/wp\/v2\/media?parent=2304"}],"wp:term":[{"taxonomy":"product_brand","embeddable":true,"href":"https:\/\/www.ariens.eu\/fr\/wp-json\/wp\/v2\/product_brand?post=2304"},{"taxonomy":"product_cat","embeddable":true,"href":"https:\/\/www.ariens.eu\/fr\/wp-json\/wp\/v2\/product_cat?post=2304"},{"taxonomy":"product_tag","embeddable":true,"href":"https:\/\/www.ariens.eu\/fr\/wp-json\/wp\/v2\/product_tag?post=2304"}],"curies":[{"name":"wp","href":"https:\/\/api.w.org\/{rel}","templated":true}]}}