{"id":2309,"date":"2024-05-10T11:04:35","date_gmt":"2024-05-10T10:04:35","guid":{"rendered":"https:\/\/www.ariens.eu\/product\/platinum-28-sho-efi-rapidtrak\/"},"modified":"2026-01-06T09:19:25","modified_gmt":"2026-01-06T09:19:25","slug":"platinum-28-rapidtrak","status":"publish","type":"product","link":"https:\/\/www.ariens.eu\/fr\/produit\/fraise-a-neige\/serie-platinum\/platinum-28-rapidtrak","title":{"rendered":"PLATINUM 28 RAPIDTRAK"},"content":{"rendered":"<div class=\"acfd-block acfd-block__twocolumns mb-asm-1 container-fluid px-0 bg-default\">\n<div class=\"acfd-twocolumns\">\n<div class=\"row\">\n<div class='col-lg-9 mb-4'>\n<div class=\"acfd-block acfd-block__headline container-fluid px-0 bg-default\">\n<div class=\"acfd-headline\" >\n<h2 class='h2 text-left'>Con\u00e7ue pour une grande quantit\u00e9 de neige et une traction maximale<\/h2>\n<\/p><\/div>\n<\/div><\/div>\n<div class='col-lg'>                    <\/div>\n<\/p><\/div>\n<\/div>\n<\/div>\n<div class=\"acfd-block acfd-block__twocolumns mb-asm-2 container-fluid px-0 bg-default\">\n<div class=\"acfd-twocolumns\">\n<div class=\"row\">\n<div class='col-lg-9 mb-4'>\n<div class=\"acfd-block acfd-block__text container-fluid px-0 bg-default\">\n<div class=\"acfd-text\">\n<p>La puissance \u00e0 l&#8217;\u00e9tat pur contre la neige. Lorsque vous prendrez place derri\u00e8re votre PLATINUM, vous voudrez continuer &#8211; all\u00e9e apr\u00e8s all\u00e9e. Ces unit\u00e9s ont \u00e9t\u00e9 con\u00e7ues pour des charges de travail \u00e9lev\u00e9es, d&#8217;o\u00f9 leurs chauffe-mains standard et leurs roues \u00e0 tr\u00e8s haut rendement (SHO). La s\u00e9rie PLATINUM est dot\u00e9e de nombreuses autres caract\u00e9ristiques qui r\u00e9pondront \u00e0 vos besoins en mati\u00e8re de d\u00e9neigement.<\/p>\n<ul>\n<li>La largeur de d\u00e9blaiement de 71 cm (28&#8243;) permet de d\u00e9placer 77 tonnes de neige par heure<\/li>\n<li>Puissant moteur Ariens AX EFI de 369 cm3<\/li>\n<li>Souffle la neige jusqu&#8217;\u00e0 17 m\u00e8tres<\/li>\n<li>Diam\u00e8tre de la tari\u00e8re et de la turbine de 36 cm (14&#8243;)<\/li>\n<li>Hauteur du carter de 53 cm pour la neige plus profonde<\/li>\n<li>Direction sans g\u00e2chette Auto-Turn<\/li>\n<li>Poign\u00e9es embo\u00eet\u00e9es pour une utilisation d&#8217;une seule main<\/li>\n<li>La technologie Rapidtrak\u2122 exclusive \u00e0 Ariens est capable de s&#8217;attaquer \u00e0 tous les terrains<\/li>\n<\/ul>\n<\/div>\n<\/div><\/div>\n<div class='col-lg'>                    <\/div>\n<\/p><\/div>\n<\/div>\n<\/div>\n<div class=\"acfd-block acfd-block__category mb-asm-3 container-fluid px-0 bg-default\">\n<div class=\"acfd-product-categories\">\n<h2 class=\"text-left mb-3\">\n        Eins\u00e4tze    <\/h2>\n<div class=\"product-categories_wrapper\">\n         <span\n                data-description=\"L'entra\u00eenement brevet\u00e9 de la chenille RapidTrak\u2122 offre la meilleure traction sur la neige tass\u00e9e et fra\u00eeche. La chenille est r\u00e9glable. Elle peut \u00eatre utilis\u00e9e comme une roue motrice pour faciliter la direction, comme une chenille motrice pour une traction maximale et en mode creusage pour une pression maximale sur la barre de raclage et pour d\u00e9blayer de grandes montagnes de neige. Il est recommand\u00e9 d'utiliser les roues motrices avec des cha\u00eenes \u00e0 neige \u00e0 crampons sur les surfaces verglac\u00e9es.\"                class=\"product-category-single\"> RapidTrak\u2122                <sup><i class=\"fa fa-info-circle\" aria-hidden=\"true\"><\/i><\/sup>            <\/span>  <span\n                data-description=\"Le syst\u00e8me de direction brevet\u00e9 Ariens AutoTurn<sup>&reg;<\/sup> emp\u00eache une roue motrice ou une chenille RapidTrak\u2122 de tourner. En m\u00eame temps, il permet de diriger facilement la machine en rel\u00e2chant automatiquement un c\u00f4t\u00e9 d'entra\u00eenement lors de la direction. Toutes les fraises \u00e0 neige Ariens, \u00e0 l'exception du mod\u00e8le CLASSIC, sont \u00e9quip\u00e9es du syst\u00e8me AutoTurn.\"                class=\"product-category-single\"> AutoTurn<sup>&reg;<\/sup>                <sup><i class=\"fa fa-info-circle\" aria-hidden=\"true\"><\/i><\/sup>            <\/span>  <span\n                data-description=\"SHO est l'abr\u00e9viation de Super-High-Output. La roue de soufflage haute performance des mod\u00e8les PLATINUM et PROFESSIONAL produit plus de neige par heure et l'\u00e9jecte plus loin.\"                class=\"product-category-single\"> Roue de soufflerie SHO                <sup><i class=\"fa fa-info-circle\" aria-hidden=\"true\"><\/i><\/sup>            <\/span>  <span\n                data-description=\"Une connexion de 230 volts vous permet de d\u00e9marrer la machine en appuyant sur un bouton. De s\u00e9rie sur tous les mod\u00e8les.\"                class=\"product-category-single\"> D\u00e9marrage \u00e9lectrique                <sup><i class=\"fa fa-info-circle\" aria-hidden=\"true\"><\/i><\/sup>            <\/span>     <\/div>\n<\/div>\n<\/div>\n<div class=\"acfd-block acfd-block__twocolumns mb-asm-2 container-fluid container-fluid--force px-0 bg-default\">\n<div class=\"acfd-twocolumns\">\n<div class=\"row\">\n<div class='col-lg-12 mb-4'>\n<div class=\"acfd-product-advantages--wrapper\">\n<h2 class=\"h1 bigger text-color-black text-center mb-5\">\n        Features &#038; Benefits    <\/h2>\n<div class=\"acfd-product-advantages\">\n<div class=\"row\">\n<div class=\"col-md-6 mb-4 content\">\n                    <span class=\"d-block h5 text-color-brand mb-1\">Poign\u00e9es chauffantes<\/span><\/p>\n<p>Le chauffage des poign\u00e9es, command\u00e9 depuis le tableau de bord, permet de garder les mains au chaud pour un meilleur contr\u00f4le et un plus grand confort.<\/p>\n<\/p><\/div>\n<div class=\"col-md-6 mb4 image\"  style=\"background-image:url(https:\/\/www.ariens.eu\/fr\/wp-content\/uploads\/sites\/4\/2024\/05\/Heated_handgrips-scaled.webp)\">\n                <\/div>\n<\/p><\/div>\n<div class=\"row\">\n<div class=\"col-md-6 mb-4 content\">\n                    <span class=\"d-block h5 text-color-brand mb-1\">Direction auto-turn<\/span><\/p>\n<p>Conduire en ligne droite avec l\u2019essieu arri\u00e8re bloqu\u00e9 pour une adh\u00e9rence maximale. D\u00e8s qu\u2018on dirige la machine, l\u2019essieu est d\u00e9bloqu\u00e9 automatiquement et tourner sur place est un v\u00e9ritable jeu d\u2019enfant. Une invention brevet\u00e9e d\u2019Ariens.<\/p>\n<\/p><\/div>\n<div class=\"col-md-6 mb4 image\"  style=\"background-image:url(https:\/\/www.ariens.eu\/fr\/wp-content\/uploads\/sites\/4\/2024\/05\/feature6ars_fb_profe-2.png)\">\n                <\/div>\n<\/p><\/div>\n<div class=\"row\">\n<div class=\"col-md-6 mb-4 content\">\n                    <span class=\"d-block h5 text-color-brand mb-1\">Moteur EFI<\/span><\/p>\n<p>Le moteur \u00e0 injection \u00e9lectronique de carburant (EFI) d\u00e9marre plus facilement et est plus \u00e9conome en carburant, avec un r\u00e9glage de puissance plus rapide. De s\u00e9rie sur les mod\u00e8les de la s\u00e9rie PLATINUM.<\/p>\n<\/p><\/div>\n<div class=\"col-md-6 mb4 image\"  style=\"background-image:url(https:\/\/www.ariens.eu\/fr\/wp-content\/uploads\/sites\/4\/2024\/05\/EFI_ENGINE_Front-scaled.webp)\">\n                <\/div>\n<\/p><\/div>\n<div class=\"row\">\n<div class=\"col-md-6 mb-4 content\">\n                    <span class=\"d-block h5 text-color-brand mb-1\">Feux avant L.E.D.<\/span><\/p>\n<p>Tous les mod\u00e8les Sno-Thro<sup>&reg;<\/sup> de la s\u00e9rie Platinum sont \u00e9quip\u00e9s en standard d\u2019un \u00e9clairage LED ultra-lumineux.<\/p>\n<\/p><\/div>\n<div class=\"col-md-6 mb4 image\"  style=\"background-image:url(https:\/\/www.ariens.eu\/fr\/wp-content\/uploads\/sites\/4\/2024\/05\/LED_LIGHT_Solo.webp)\">\n                <\/div>\n<\/p><\/div>\n<div class=\"row\">\n<div class=\"col-md-6 mb-4 content\">\n                    <span class=\"d-block h5 text-color-brand mb-1\">Roue \u00e0 aubes haute performance<\/span><\/p>\n<p>La technologie Ariens SHO signifie Super High Output. Ou pour le dire plus simplement : la roue \u00e0 godets est particuli\u00e8rement puissante et projette la neige de la fraiseuse en amont plus rapidement et plus loin. Jusqu&rsquo;\u00e0 83 tonnes\/heure max.<\/p>\n<\/p><\/div>\n<div class=\"col-md-6 mb4 image\"  style=\"background-image:url(https:\/\/www.ariens.eu\/fr\/wp-content\/uploads\/sites\/4\/2024\/05\/SHO_Impeller.webp)\">\n                <\/div>\n<\/p><\/div>\n<div class=\"row\">\n<div class=\"col-md-6 mb-4 content\">\n                    <span class=\"d-block h5 text-color-brand mb-1\">Rotation rapide du canal d\u2019\u00e9jection<\/span><\/p>\n<p>Tournez simplement la chemin\u00e9e d\u2019\u00e9jection \u00e0 l\u2019aide d\u2019un seul levier \u2013 dans toutes les directions.<\/p>\n<\/p><\/div>\n<div class=\"col-md-6 mb4 image\"  style=\"background-image:url(https:\/\/www.ariens.eu\/fr\/wp-content\/uploads\/sites\/4\/2024\/05\/Quick_turn_Chute_Rotation-scaled.webp)\">\n                <\/div>\n<\/p><\/div>\n<\/p><\/div>\n<\/div><\/div>\n<div class='col-lg'>                    <\/div>\n<\/p><\/div>\n<\/div>\n<\/div>\n","protected":false},"excerpt":{"rendered":"<p>Con\u00e7ue pour une grande quantit\u00e9 de neige et une traction maximale La puissance \u00e0 l&#8217;\u00e9tat pur contre la neige. Lorsque vous prendrez place derri\u00e8re votre PLATINUM, vous voudrez continuer &#8211; all\u00e9e apr\u00e8s all\u00e9e. Ces unit\u00e9s ont \u00e9t\u00e9 con\u00e7ues pour des charges de travail \u00e9lev\u00e9es, d&#8217;o\u00f9 leurs chauffe-mains standard et leurs roues \u00e0 tr\u00e8s haut rendement [&hellip;]<\/p>\n","protected":false},"featured_media":2697,"comment_status":"open","ping_status":"closed","template":"","meta":{"_acf_changed":false,"_relevanssi_hide_post":"","_relevanssi_hide_content":"","_relevanssi_pin_for_all":"","_relevanssi_pin_keywords":"","_relevanssi_unpin_keywords":"","_relevanssi_related_keywords":"","_relevanssi_related_include_ids":"","_relevanssi_related_exclude_ids":"","_relevanssi_related_no_append":"","_relevanssi_related_not_related":"","_relevanssi_related_posts":"","_relevanssi_noindex_reason":""},"product_brand":[],"product_cat":[15],"product_tag":[],"class_list":{"0":"post-2309","1":"product","2":"type-product","3":"status-publish","4":"has-post-thumbnail","6":"product_variant-serie-platinum","7":"product_usage_areas-municipalites-chantiers","8":"product_usage_areas-service-hivernal","10":"first","11":"instock","12":"shipping-taxable","13":"product-type-simple"},"acf":[],"yoast_head":"<!-- This site is optimized with the Yoast SEO plugin v27.3 - https:\/\/yoast.com\/product\/yoast-seo-wordpress\/ -->\n<title>PLATINUM 28 RAPIDTRAK\u00ae \u2013 Snow blower | Ariens<\/title>\n<meta name=\"description\" content=\"Con\u00e7ue pour les hautes altitudes, cette machine \u00e0 moteur EFI vous offrira les performances dont vous avez besoin et d\u00e9passera vos attentes. La puissance pour beaucoup de neige.\" \/>\n<meta name=\"robots\" content=\"index, follow, max-snippet:-1, max-image-preview:large, max-video-preview:-1\" \/>\n<link rel=\"canonical\" href=\"https:\/\/www.ariens.eu\/fr\/produit\/fraise-a-neige\/serie-platinum\/platinum-28-rapidtrak\/\" \/>\n<meta property=\"og:locale\" content=\"fr_FR\" \/>\n<meta property=\"og:type\" content=\"article\" \/>\n<meta property=\"og:title\" content=\"PLATINUM 28 RAPIDTRAK\u00ae \u2013 Snow blower | Ariens\" \/>\n<meta property=\"og:description\" content=\"Con\u00e7ue pour les hautes altitudes, cette machine \u00e0 moteur EFI vous offrira les performances dont vous avez besoin et d\u00e9passera vos attentes. La puissance pour beaucoup de neige.\" \/>\n<meta property=\"og:url\" content=\"https:\/\/www.ariens.eu\/fr\/produit\/fraise-a-neige\/serie-platinum\/platinum-28-rapidtrak\/\" \/>\n<meta property=\"og:site_name\" content=\"Ariens | EMEAA\" \/>\n<meta property=\"article:modified_time\" content=\"2026-01-06T09:19:25+00:00\" \/>\n<meta property=\"og:image\" content=\"https:\/\/www.ariens.eu\/fr\/wp-content\/uploads\/sites\/4\/2024\/05\/ariens-platinum-rapidtrak-snow-thrower-angle-view-rear34.webp\" \/>\n\t<meta property=\"og:image:width\" content=\"900\" \/>\n\t<meta property=\"og:image:height\" content=\"650\" \/>\n\t<meta property=\"og:image:type\" content=\"image\/webp\" \/>\n<meta name=\"twitter:card\" content=\"summary_large_image\" \/>\n<meta name=\"twitter:label1\" content=\"Dur\u00e9e de lecture estim\u00e9e\" \/>\n\t<meta name=\"twitter:data1\" content=\"2 minutes\" \/>\n<script type=\"application\/ld+json\" class=\"yoast-schema-graph\">{\"@context\":\"https:\\\/\\\/schema.org\",\"@graph\":[{\"@type\":\"WebPage\",\"@id\":\"https:\\\/\\\/www.ariens.eu\\\/fr\\\/produit\\\/fraise-a-neige\\\/serie-platinum\\\/platinum-28-rapidtrak\\\/\",\"url\":\"https:\\\/\\\/www.ariens.eu\\\/fr\\\/produit\\\/fraise-a-neige\\\/serie-platinum\\\/platinum-28-rapidtrak\\\/\",\"name\":\"PLATINUM 28 RAPIDTRAK\u00ae \u2013 Snow blower | Ariens\",\"isPartOf\":{\"@id\":\"https:\\\/\\\/www.ariens.eu\\\/fr\\\/#website\"},\"primaryImageOfPage\":{\"@id\":\"https:\\\/\\\/www.ariens.eu\\\/fr\\\/produit\\\/fraise-a-neige\\\/serie-platinum\\\/platinum-28-rapidtrak\\\/#primaryimage\"},\"image\":{\"@id\":\"https:\\\/\\\/www.ariens.eu\\\/fr\\\/produit\\\/fraise-a-neige\\\/serie-platinum\\\/platinum-28-rapidtrak\\\/#primaryimage\"},\"thumbnailUrl\":\"https:\\\/\\\/www.ariens.eu\\\/fr\\\/wp-content\\\/uploads\\\/sites\\\/4\\\/2024\\\/05\\\/ariens-platinum-rapidtrak-snow-thrower-angle-view-rear34.webp\",\"datePublished\":\"2024-05-10T10:04:35+00:00\",\"dateModified\":\"2026-01-06T09:19:25+00:00\",\"description\":\"Con\u00e7ue pour les hautes altitudes, cette machine \u00e0 moteur EFI vous offrira les performances dont vous avez besoin et d\u00e9passera vos attentes. La puissance pour beaucoup de neige.\",\"breadcrumb\":{\"@id\":\"https:\\\/\\\/www.ariens.eu\\\/fr\\\/produit\\\/fraise-a-neige\\\/serie-platinum\\\/platinum-28-rapidtrak\\\/#breadcrumb\"},\"inLanguage\":\"fr-FR\",\"potentialAction\":[{\"@type\":\"ReadAction\",\"target\":[\"https:\\\/\\\/www.ariens.eu\\\/fr\\\/produit\\\/fraise-a-neige\\\/serie-platinum\\\/platinum-28-rapidtrak\\\/\"]}]},{\"@type\":\"ImageObject\",\"inLanguage\":\"fr-FR\",\"@id\":\"https:\\\/\\\/www.ariens.eu\\\/fr\\\/produit\\\/fraise-a-neige\\\/serie-platinum\\\/platinum-28-rapidtrak\\\/#primaryimage\",\"url\":\"https:\\\/\\\/www.ariens.eu\\\/fr\\\/wp-content\\\/uploads\\\/sites\\\/4\\\/2024\\\/05\\\/ariens-platinum-rapidtrak-snow-thrower-angle-view-rear34.webp\",\"contentUrl\":\"https:\\\/\\\/www.ariens.eu\\\/fr\\\/wp-content\\\/uploads\\\/sites\\\/4\\\/2024\\\/05\\\/ariens-platinum-rapidtrak-snow-thrower-angle-view-rear34.webp\",\"width\":900,\"height\":650},{\"@type\":\"BreadcrumbList\",\"@id\":\"https:\\\/\\\/www.ariens.eu\\\/fr\\\/produit\\\/fraise-a-neige\\\/serie-platinum\\\/platinum-28-rapidtrak\\\/#breadcrumb\",\"itemListElement\":[{\"@type\":\"ListItem\",\"position\":1,\"name\":\"Home\",\"item\":\"https:\\\/\\\/www.ariens.eu\\\/fr\\\/\"},{\"@type\":\"ListItem\",\"position\":2,\"name\":\"Shop\",\"item\":\"https:\\\/\\\/www.ariens.eu\\\/fr\\\/shop\\\/\"},{\"@type\":\"ListItem\",\"position\":3,\"name\":\"PLATINUM 28 RAPIDTRAK\"}]},{\"@type\":\"WebSite\",\"@id\":\"https:\\\/\\\/www.ariens.eu\\\/fr\\\/#website\",\"url\":\"https:\\\/\\\/www.ariens.eu\\\/fr\\\/\",\"name\":\"Ariens | EMEAA\",\"description\":\"Powerful and reliable zero-turn mowers &amp; snow blowers for professional users and demanding private customers\",\"potentialAction\":[{\"@type\":\"SearchAction\",\"target\":{\"@type\":\"EntryPoint\",\"urlTemplate\":\"https:\\\/\\\/www.ariens.eu\\\/fr\\\/?s={search_term_string}\"},\"query-input\":{\"@type\":\"PropertyValueSpecification\",\"valueRequired\":true,\"valueName\":\"search_term_string\"}}],\"inLanguage\":\"fr-FR\"}]}<\/script>\n<!-- \/ Yoast SEO plugin. -->","yoast_head_json":{"title":"PLATINUM 28 RAPIDTRAK\u00ae \u2013 Snow blower | Ariens","description":"Con\u00e7ue pour les hautes altitudes, cette machine \u00e0 moteur EFI vous offrira les performances dont vous avez besoin et d\u00e9passera vos attentes. La puissance pour beaucoup de neige.","robots":{"index":"index","follow":"follow","max-snippet":"max-snippet:-1","max-image-preview":"max-image-preview:large","max-video-preview":"max-video-preview:-1"},"canonical":"https:\/\/www.ariens.eu\/fr\/produit\/fraise-a-neige\/serie-platinum\/platinum-28-rapidtrak\/","og_locale":"fr_FR","og_type":"article","og_title":"PLATINUM 28 RAPIDTRAK\u00ae \u2013 Snow blower | Ariens","og_description":"Con\u00e7ue pour les hautes altitudes, cette machine \u00e0 moteur EFI vous offrira les performances dont vous avez besoin et d\u00e9passera vos attentes. La puissance pour beaucoup de neige.","og_url":"https:\/\/www.ariens.eu\/fr\/produit\/fraise-a-neige\/serie-platinum\/platinum-28-rapidtrak\/","og_site_name":"Ariens | EMEAA","article_modified_time":"2026-01-06T09:19:25+00:00","og_image":[{"width":900,"height":650,"url":"https:\/\/www.ariens.eu\/fr\/wp-content\/uploads\/sites\/4\/2024\/05\/ariens-platinum-rapidtrak-snow-thrower-angle-view-rear34.webp","type":"image\/webp"}],"twitter_card":"summary_large_image","twitter_misc":{"Dur\u00e9e de lecture estim\u00e9e":"2 minutes"},"schema":{"@context":"https:\/\/schema.org","@graph":[{"@type":"WebPage","@id":"https:\/\/www.ariens.eu\/fr\/produit\/fraise-a-neige\/serie-platinum\/platinum-28-rapidtrak\/","url":"https:\/\/www.ariens.eu\/fr\/produit\/fraise-a-neige\/serie-platinum\/platinum-28-rapidtrak\/","name":"PLATINUM 28 RAPIDTRAK\u00ae \u2013 Snow blower | Ariens","isPartOf":{"@id":"https:\/\/www.ariens.eu\/fr\/#website"},"primaryImageOfPage":{"@id":"https:\/\/www.ariens.eu\/fr\/produit\/fraise-a-neige\/serie-platinum\/platinum-28-rapidtrak\/#primaryimage"},"image":{"@id":"https:\/\/www.ariens.eu\/fr\/produit\/fraise-a-neige\/serie-platinum\/platinum-28-rapidtrak\/#primaryimage"},"thumbnailUrl":"https:\/\/www.ariens.eu\/fr\/wp-content\/uploads\/sites\/4\/2024\/05\/ariens-platinum-rapidtrak-snow-thrower-angle-view-rear34.webp","datePublished":"2024-05-10T10:04:35+00:00","dateModified":"2026-01-06T09:19:25+00:00","description":"Con\u00e7ue pour les hautes altitudes, cette machine \u00e0 moteur EFI vous offrira les performances dont vous avez besoin et d\u00e9passera vos attentes. La puissance pour beaucoup de neige.","breadcrumb":{"@id":"https:\/\/www.ariens.eu\/fr\/produit\/fraise-a-neige\/serie-platinum\/platinum-28-rapidtrak\/#breadcrumb"},"inLanguage":"fr-FR","potentialAction":[{"@type":"ReadAction","target":["https:\/\/www.ariens.eu\/fr\/produit\/fraise-a-neige\/serie-platinum\/platinum-28-rapidtrak\/"]}]},{"@type":"ImageObject","inLanguage":"fr-FR","@id":"https:\/\/www.ariens.eu\/fr\/produit\/fraise-a-neige\/serie-platinum\/platinum-28-rapidtrak\/#primaryimage","url":"https:\/\/www.ariens.eu\/fr\/wp-content\/uploads\/sites\/4\/2024\/05\/ariens-platinum-rapidtrak-snow-thrower-angle-view-rear34.webp","contentUrl":"https:\/\/www.ariens.eu\/fr\/wp-content\/uploads\/sites\/4\/2024\/05\/ariens-platinum-rapidtrak-snow-thrower-angle-view-rear34.webp","width":900,"height":650},{"@type":"BreadcrumbList","@id":"https:\/\/www.ariens.eu\/fr\/produit\/fraise-a-neige\/serie-platinum\/platinum-28-rapidtrak\/#breadcrumb","itemListElement":[{"@type":"ListItem","position":1,"name":"Home","item":"https:\/\/www.ariens.eu\/fr\/"},{"@type":"ListItem","position":2,"name":"Shop","item":"https:\/\/www.ariens.eu\/fr\/shop\/"},{"@type":"ListItem","position":3,"name":"PLATINUM 28 RAPIDTRAK"}]},{"@type":"WebSite","@id":"https:\/\/www.ariens.eu\/fr\/#website","url":"https:\/\/www.ariens.eu\/fr\/","name":"Ariens | EMEAA","description":"Powerful and reliable zero-turn mowers &amp; snow blowers for professional users and demanding private customers","potentialAction":[{"@type":"SearchAction","target":{"@type":"EntryPoint","urlTemplate":"https:\/\/www.ariens.eu\/fr\/?s={search_term_string}"},"query-input":{"@type":"PropertyValueSpecification","valueRequired":true,"valueName":"search_term_string"}}],"inLanguage":"fr-FR"}]}},"_links":{"self":[{"href":"https:\/\/www.ariens.eu\/fr\/wp-json\/wp\/v2\/product\/2309","targetHints":{"allow":["GET"]}}],"collection":[{"href":"https:\/\/www.ariens.eu\/fr\/wp-json\/wp\/v2\/product"}],"about":[{"href":"https:\/\/www.ariens.eu\/fr\/wp-json\/wp\/v2\/types\/product"}],"replies":[{"embeddable":true,"href":"https:\/\/www.ariens.eu\/fr\/wp-json\/wp\/v2\/comments?post=2309"}],"wp:featuredmedia":[{"embeddable":true,"href":"https:\/\/www.ariens.eu\/fr\/wp-json\/wp\/v2\/media\/2697"}],"wp:attachment":[{"href":"https:\/\/www.ariens.eu\/fr\/wp-json\/wp\/v2\/media?parent=2309"}],"wp:term":[{"taxonomy":"product_brand","embeddable":true,"href":"https:\/\/www.ariens.eu\/fr\/wp-json\/wp\/v2\/product_brand?post=2309"},{"taxonomy":"product_cat","embeddable":true,"href":"https:\/\/www.ariens.eu\/fr\/wp-json\/wp\/v2\/product_cat?post=2309"},{"taxonomy":"product_tag","embeddable":true,"href":"https:\/\/www.ariens.eu\/fr\/wp-json\/wp\/v2\/product_tag?post=2309"}],"curies":[{"name":"wp","href":"https:\/\/api.w.org\/{rel}","templated":true}]}}