{"id":2311,"date":"2024-05-10T11:04:36","date_gmt":"2024-05-10T10:04:36","guid":{"rendered":"https:\/\/www.ariens.eu\/product\/deluxe-28\/"},"modified":"2025-11-10T10:48:20","modified_gmt":"2025-11-10T10:48:20","slug":"deluxe-28","status":"publish","type":"product","link":"https:\/\/www.ariens.eu\/fr\/produit\/fraise-a-neige\/serie-deluxe\/deluxe-28","title":{"rendered":"DELUXE 28"},"content":{"rendered":"<div class=\"acfd-block acfd-block__twocolumns mb-asm-1 container-fluid px-0 bg-default\">\n<div class=\"acfd-twocolumns\">\n<div class=\"row\">\n<div class='col-lg-9 mb-4'>\n<div class=\"acfd-block acfd-block__headline container-fluid px-0 bg-default\">\n<div class=\"acfd-headline\" >\n<h2 class='h2 text-left'>Augmentation des performances de la zone et confort total. D\u00e9neigement de luxe.<\/h2>\n<\/p><\/div>\n<\/div><\/div>\n<div class='col-lg'>                    <\/div>\n<\/p><\/div>\n<\/div>\n<\/div>\n<div class=\"acfd-block acfd-block__twocolumns mb-asm-2 container-fluid px-0 bg-default\">\n<div class=\"acfd-twocolumns\">\n<div class=\"row\">\n<div class='col-lg-9 mb-4'>\n<div class=\"acfd-block acfd-block__text container-fluid px-0 bg-default\">\n<div class=\"acfd-text\">\n<p>Une puissance directe pour des performances in\u00e9gal\u00e9es. Il n&#8217;est pas \u00e9tonnant que la s\u00e9rie DELUXE soit toujours l&#8217;une de nos meilleures ventes. Apr\u00e8s tout, elle fait constamment descendre l&#8217;hiver de quelques crans. Ils sont faciles \u00e0 man\u0153uvrer et \u00e0 contr\u00f4ler gr\u00e2ce \u00e0 la direction Auto-Turn\u2122 de s\u00e9rie. Avec plusieurs tailles et choix de puissants moteurs Ariens AX, il est facile de trouver le Sno-Thro<sup>&reg;<\/sup> qui convient \u00e0 votre propri\u00e9t\u00e9.<\/p>\n<p>D\u00e9blayez la neige sans compromis gr\u00e2ce \u00e0 la puissance et aux performances du Deluxe 28. Les mod\u00e8les Deluxe sont des best-sellers dans le monde entier.<\/p>\n<ul>\n<li>Largeur de d\u00e9broussaillage de 71 cm<\/li>\n<li>Rendement maximum : 65 tonnes de neige par heure<\/li>\n<li>Puissant moteur Ariens AX de 254 cm3<\/li>\n<li>D\u00e9marrage \u00e9lectrique \u00e0 230 V<\/li>\n<li>Projette la neige jusqu&#8217;\u00e0 15 m\u00e8tres<\/li>\n<li>Diam\u00e8tre de la tari\u00e8re et de la turbine de 36 cm (14&#8243;)<\/li>\n<li>Hauteur du carter de 53 cm pour une neige plus profonde<\/li>\n<li>Direction sans g\u00e2chette Auto-Turn<\/li>\n<li>Poign\u00e9es embo\u00eet\u00e9es pour une utilisation d&#8217;une seule main<\/li>\n<\/ul>\n<\/div>\n<\/div><\/div>\n<div class='col-lg'>                    <\/div>\n<\/p><\/div>\n<\/div>\n<\/div>\n<div class=\"acfd-block acfd-block__category mb-asm-3 container-fluid px-0 bg-default\">\n<div class=\"acfd-product-categories\">\n<h2 class=\"text-left mb-3\">\n        Eins\u00e4tze    <\/h2>\n<div class=\"product-categories_wrapper\">\n         <span\n                data-description=\"Le syst\u00e8me de direction brevet\u00e9 Ariens AutoTurn<sup>&reg;<\/sup> emp\u00eache une roue motrice ou une chenille RapidTrak\u2122 de tourner. En m\u00eame temps, il permet de diriger facilement la machine en rel\u00e2chant automatiquement un c\u00f4t\u00e9 d'entra\u00eenement lors de la direction. Toutes les fraises \u00e0 neige Ariens, \u00e0 l'exception du mod\u00e8le CLASSIC, sont \u00e9quip\u00e9es du syst\u00e8me AutoTurn.\"                class=\"product-category-single\"> AutoTurn<sup>&reg;<\/sup>                <sup><i class=\"fa fa-info-circle\" aria-hidden=\"true\"><\/i><\/sup>            <\/span>  <span\n                data-description=\"Une connexion de 230 volts vous permet de d\u00e9marrer la machine en appuyant sur un bouton. De s\u00e9rie sur tous les mod\u00e8les.\"                class=\"product-category-single\"> D\u00e9marrage \u00e9lectrique                <sup><i class=\"fa fa-info-circle\" aria-hidden=\"true\"><\/i><\/sup>            <\/span>     <\/div>\n<\/div>\n<\/div>\n<div class=\"acfd-block acfd-block__twocolumns container-fluid container-fluid--force px-0 bg-default\">\n<div class=\"acfd-twocolumns\">\n<div class=\"row\">\n<div class='col-lg-12 mb-4'>\n<div class=\"acfd-product-advantages--wrapper\">\n<h2 class=\"h1 bigger text-color-black text-center mb-5\">\n        Features &#038; Benefits    <\/h2>\n<div class=\"acfd-product-advantages\">\n<div class=\"row\">\n<div class=\"col-md-6 mb-4 content\">\n                    <span class=\"d-block h5 text-color-brand mb-1\">Turbine de 35,6 cm<\/span><\/p>\n<p>L\u2019impulseur en acier de 35,6 cm offre des performances exceptionnelles dans toutes les conditions de neige. Il projette la neige de 0,9 \u00e0 15,2 m\u00e8tres.<\/p>\n<\/p><\/div>\n<div class=\"col-md-6 mb4 image\"  style=\"background-image:url(https:\/\/www.ariens.eu\/fr\/wp-content\/uploads\/sites\/4\/2024\/05\/deluxe-30-herofeature1.webp)\">\n                <\/div>\n<\/p><\/div>\n<div class=\"row\">\n<div class=\"col-md-6 mb-4 content\">\n                    <span class=\"d-block h5 text-color-brand mb-1\">Fraisage en fonte de fer<\/span><\/p>\n<p>L\u2019engrenage de la fraiseuse est une pi\u00e8ce tr\u00e8s sollicit\u00e9e. Nous nous effor\u00e7ons de le rendre particuli\u00e8rement stable. C\u2019est pourquoi nous accordons une garantie de 5 ans.<\/p>\n<\/p><\/div>\n<div class=\"col-md-6 mb4 image\"  style=\"background-image:url(https:\/\/www.ariens.eu\/fr\/wp-content\/uploads\/sites\/4\/2024\/05\/compact-24.webp)\">\n                <\/div>\n<\/p><\/div>\n<div class=\"row\">\n<div class=\"col-md-6 mb-4 content\">\n                    <span class=\"d-block h5 text-color-brand mb-1\">Entra\u00eenement \u00e0 double courroie<\/span><\/p>\n<p>Ce syst\u00e8me Ariens utilise deux courroies au lieu d\u2019une seule afin d\u2019utiliser efficacement le couple moteur et de pouvoir d\u00e9blayer plus de neige. Un syst\u00e8me \u00e0 double courroie signifie que l\u2019usure globale des courroies est moindre et que la neige peut \u00eatre projet\u00e9e plus loin.<\/p>\n<\/p><\/div>\n<div class=\"col-md-6 mb4 image\"  style=\"background-image:url(https:\/\/www.ariens.eu\/fr\/wp-content\/uploads\/sites\/4\/2024\/05\/herofeature3.webp)\">\n                <\/div>\n<\/p><\/div>\n<div class=\"row\">\n<div class=\"col-md-6 mb-4 content\">\n                    <span class=\"d-block h5 text-color-brand mb-1\">Syst\u00e8me de direction auto-turn<\/span><\/p>\n<p>Rayon de braquage z\u00e9ro sans effort \u2013 pour des man\u0153uvres douces, pr\u00e9cises et r\u00e9guli\u00e8res qui vous font gagner du temps. Un effort minimal est n\u00e9cessaire pour diriger la machine.<\/p>\n<\/p><\/div>\n<div class=\"col-md-6 mb4 image\"  style=\"background-image:url(https:\/\/www.ariens.eu\/fr\/wp-content\/uploads\/sites\/4\/2024\/05\/deluxe-30-thumbnailfeature1.webp)\">\n                <\/div>\n<\/p><\/div>\n<div class=\"row\">\n<div class=\"col-md-6 mb-4 content\">\n                    <span class=\"d-block h5 text-color-brand mb-1\">Grands pneus de neige<\/span><\/p>\n<p>Les pneus de 41 cm (16\u2033) offrent une agilit\u00e9 et une adh\u00e9rence id\u00e9ale pour de meilleures performances lorsque le terrain devient glissant.<\/p>\n<\/p><\/div>\n<div class=\"col-md-6 mb4 image\"  style=\"background-image:url(https:\/\/www.ariens.eu\/fr\/wp-content\/uploads\/sites\/4\/2024\/05\/deluxe-30-thumbnailfeature2.webp)\">\n                <\/div>\n<\/p><\/div>\n<div class=\"row\">\n<div class=\"col-md-6 mb-4 content\">\n                    <span class=\"d-block h5 text-color-brand mb-1\">Construction tr\u00e8s r\u00e9sistante<\/span><\/p>\n<p>Le guidon, le tableau de bord, le bo\u00eetier, la chemin\u00e9e d\u2019\u00e9jection et m\u00eame les patins sont fabriqu\u00e9s \u00e0 100 % en acier.<\/p>\n<\/p><\/div>\n<div class=\"col-md-6 mb4 image\"  style=\"background-image:url(https:\/\/www.ariens.eu\/fr\/wp-content\/uploads\/sites\/4\/2024\/05\/deluxe-30-thumbnailfeature3.webp)\">\n                <\/div>\n<\/p><\/div>\n<\/p><\/div>\n<\/div><\/div>\n<div class='col-lg'>                    <\/div>\n<\/p><\/div>\n<\/div>\n<\/div>\n","protected":false},"excerpt":{"rendered":"<p>Augmentation des performances de la zone et confort total. D\u00e9neigement de luxe. Une puissance directe pour des performances in\u00e9gal\u00e9es. Il n&#8217;est pas \u00e9tonnant que la s\u00e9rie DELUXE soit toujours l&#8217;une de nos meilleures ventes. Apr\u00e8s tout, elle fait constamment descendre l&#8217;hiver de quelques crans. Ils sont faciles \u00e0 man\u0153uvrer et \u00e0 contr\u00f4ler gr\u00e2ce \u00e0 la [&hellip;]<\/p>\n","protected":false},"featured_media":2688,"comment_status":"open","ping_status":"closed","template":"","meta":{"_acf_changed":false,"_relevanssi_hide_post":"","_relevanssi_hide_content":"","_relevanssi_pin_for_all":"","_relevanssi_pin_keywords":"","_relevanssi_unpin_keywords":"","_relevanssi_related_keywords":"","_relevanssi_related_include_ids":"","_relevanssi_related_exclude_ids":"","_relevanssi_related_no_append":"","_relevanssi_related_not_related":"","_relevanssi_related_posts":"","_relevanssi_noindex_reason":""},"product_brand":[],"product_cat":[15],"product_tag":[],"class_list":{"0":"post-2311","1":"product","2":"type-product","3":"status-publish","4":"has-post-thumbnail","6":"product_variant-serie-deluxe","7":"product_usage_areas-municipalites-chantiers","8":"product_usage_areas-service-hivernal","10":"first","11":"instock","12":"shipping-taxable","13":"product-type-simple"},"acf":[],"yoast_head":"<!-- This site is optimized with the Yoast SEO plugin v27.3 - https:\/\/yoast.com\/product\/yoast-seo-wordpress\/ -->\n<title>DELUXE 28 \u2013 Fraise \u00e0 neige | Ariens<\/title>\n<meta name=\"description\" content=\"D\u00e9blayez la neige sans compromis gr\u00e2ce \u00e0 la puissance et aux performances du Deluxe 28. Les mod\u00e8les Deluxe sont des best-sellers dans le monde entier. D\u00e9neigement deluxe.\" \/>\n<meta name=\"robots\" content=\"index, follow, max-snippet:-1, max-image-preview:large, max-video-preview:-1\" \/>\n<link rel=\"canonical\" href=\"https:\/\/www.ariens.eu\/fr\/produit\/fraise-a-neige\/serie-deluxe\/deluxe-28\/\" \/>\n<meta property=\"og:locale\" content=\"fr_FR\" \/>\n<meta property=\"og:type\" content=\"article\" \/>\n<meta property=\"og:title\" content=\"DELUXE 28 \u2013 Fraise \u00e0 neige | Ariens\" \/>\n<meta property=\"og:description\" content=\"D\u00e9blayez la neige sans compromis gr\u00e2ce \u00e0 la puissance et aux performances du Deluxe 28. Les mod\u00e8les Deluxe sont des best-sellers dans le monde entier. D\u00e9neigement deluxe.\" \/>\n<meta property=\"og:url\" content=\"https:\/\/www.ariens.eu\/fr\/produit\/fraise-a-neige\/serie-deluxe\/deluxe-28\/\" \/>\n<meta property=\"og:site_name\" content=\"Ariens | EMEAA\" \/>\n<meta property=\"article:modified_time\" content=\"2025-11-10T10:48:20+00:00\" \/>\n<meta property=\"og:image\" content=\"https:\/\/www.ariens.eu\/fr\/wp-content\/uploads\/sites\/4\/2024\/05\/deluxe-28-studio.webp\" \/>\n\t<meta property=\"og:image:width\" content=\"802\" \/>\n\t<meta property=\"og:image:height\" content=\"580\" \/>\n\t<meta property=\"og:image:type\" content=\"image\/webp\" \/>\n<meta name=\"twitter:card\" content=\"summary_large_image\" \/>\n<meta name=\"twitter:label1\" content=\"Dur\u00e9e de lecture estim\u00e9e\" \/>\n\t<meta name=\"twitter:data1\" content=\"3 minutes\" \/>\n<script type=\"application\/ld+json\" class=\"yoast-schema-graph\">{\"@context\":\"https:\\\/\\\/schema.org\",\"@graph\":[{\"@type\":\"WebPage\",\"@id\":\"https:\\\/\\\/www.ariens.eu\\\/fr\\\/produit\\\/fraise-a-neige\\\/serie-deluxe\\\/deluxe-28\\\/\",\"url\":\"https:\\\/\\\/www.ariens.eu\\\/fr\\\/produit\\\/fraise-a-neige\\\/serie-deluxe\\\/deluxe-28\\\/\",\"name\":\"DELUXE 28 \u2013 Fraise \u00e0 neige | Ariens\",\"isPartOf\":{\"@id\":\"https:\\\/\\\/www.ariens.eu\\\/fr\\\/#website\"},\"primaryImageOfPage\":{\"@id\":\"https:\\\/\\\/www.ariens.eu\\\/fr\\\/produit\\\/fraise-a-neige\\\/serie-deluxe\\\/deluxe-28\\\/#primaryimage\"},\"image\":{\"@id\":\"https:\\\/\\\/www.ariens.eu\\\/fr\\\/produit\\\/fraise-a-neige\\\/serie-deluxe\\\/deluxe-28\\\/#primaryimage\"},\"thumbnailUrl\":\"https:\\\/\\\/www.ariens.eu\\\/fr\\\/wp-content\\\/uploads\\\/sites\\\/4\\\/2024\\\/05\\\/deluxe-28-studio.webp\",\"datePublished\":\"2024-05-10T10:04:36+00:00\",\"dateModified\":\"2025-11-10T10:48:20+00:00\",\"description\":\"D\u00e9blayez la neige sans compromis gr\u00e2ce \u00e0 la puissance et aux performances du Deluxe 28. Les mod\u00e8les Deluxe sont des best-sellers dans le monde entier. D\u00e9neigement deluxe.\",\"breadcrumb\":{\"@id\":\"https:\\\/\\\/www.ariens.eu\\\/fr\\\/produit\\\/fraise-a-neige\\\/serie-deluxe\\\/deluxe-28\\\/#breadcrumb\"},\"inLanguage\":\"fr-FR\",\"potentialAction\":[{\"@type\":\"ReadAction\",\"target\":[\"https:\\\/\\\/www.ariens.eu\\\/fr\\\/produit\\\/fraise-a-neige\\\/serie-deluxe\\\/deluxe-28\\\/\"]}]},{\"@type\":\"ImageObject\",\"inLanguage\":\"fr-FR\",\"@id\":\"https:\\\/\\\/www.ariens.eu\\\/fr\\\/produit\\\/fraise-a-neige\\\/serie-deluxe\\\/deluxe-28\\\/#primaryimage\",\"url\":\"https:\\\/\\\/www.ariens.eu\\\/fr\\\/wp-content\\\/uploads\\\/sites\\\/4\\\/2024\\\/05\\\/deluxe-28-studio.webp\",\"contentUrl\":\"https:\\\/\\\/www.ariens.eu\\\/fr\\\/wp-content\\\/uploads\\\/sites\\\/4\\\/2024\\\/05\\\/deluxe-28-studio.webp\",\"width\":802,\"height\":580},{\"@type\":\"BreadcrumbList\",\"@id\":\"https:\\\/\\\/www.ariens.eu\\\/fr\\\/produit\\\/fraise-a-neige\\\/serie-deluxe\\\/deluxe-28\\\/#breadcrumb\",\"itemListElement\":[{\"@type\":\"ListItem\",\"position\":1,\"name\":\"Home\",\"item\":\"https:\\\/\\\/www.ariens.eu\\\/fr\\\/\"},{\"@type\":\"ListItem\",\"position\":2,\"name\":\"Shop\",\"item\":\"https:\\\/\\\/www.ariens.eu\\\/fr\\\/shop\\\/\"},{\"@type\":\"ListItem\",\"position\":3,\"name\":\"DELUXE 28\"}]},{\"@type\":\"WebSite\",\"@id\":\"https:\\\/\\\/www.ariens.eu\\\/fr\\\/#website\",\"url\":\"https:\\\/\\\/www.ariens.eu\\\/fr\\\/\",\"name\":\"Ariens | EMEAA\",\"description\":\"Powerful and reliable zero-turn mowers &amp; snow blowers for professional users and demanding private customers\",\"potentialAction\":[{\"@type\":\"SearchAction\",\"target\":{\"@type\":\"EntryPoint\",\"urlTemplate\":\"https:\\\/\\\/www.ariens.eu\\\/fr\\\/?s={search_term_string}\"},\"query-input\":{\"@type\":\"PropertyValueSpecification\",\"valueRequired\":true,\"valueName\":\"search_term_string\"}}],\"inLanguage\":\"fr-FR\"}]}<\/script>\n<!-- \/ Yoast SEO plugin. -->","yoast_head_json":{"title":"DELUXE 28 \u2013 Fraise \u00e0 neige | Ariens","description":"D\u00e9blayez la neige sans compromis gr\u00e2ce \u00e0 la puissance et aux performances du Deluxe 28. Les mod\u00e8les Deluxe sont des best-sellers dans le monde entier. D\u00e9neigement deluxe.","robots":{"index":"index","follow":"follow","max-snippet":"max-snippet:-1","max-image-preview":"max-image-preview:large","max-video-preview":"max-video-preview:-1"},"canonical":"https:\/\/www.ariens.eu\/fr\/produit\/fraise-a-neige\/serie-deluxe\/deluxe-28\/","og_locale":"fr_FR","og_type":"article","og_title":"DELUXE 28 \u2013 Fraise \u00e0 neige | Ariens","og_description":"D\u00e9blayez la neige sans compromis gr\u00e2ce \u00e0 la puissance et aux performances du Deluxe 28. Les mod\u00e8les Deluxe sont des best-sellers dans le monde entier. D\u00e9neigement deluxe.","og_url":"https:\/\/www.ariens.eu\/fr\/produit\/fraise-a-neige\/serie-deluxe\/deluxe-28\/","og_site_name":"Ariens | EMEAA","article_modified_time":"2025-11-10T10:48:20+00:00","og_image":[{"width":802,"height":580,"url":"https:\/\/www.ariens.eu\/fr\/wp-content\/uploads\/sites\/4\/2024\/05\/deluxe-28-studio.webp","type":"image\/webp"}],"twitter_card":"summary_large_image","twitter_misc":{"Dur\u00e9e de lecture estim\u00e9e":"3 minutes"},"schema":{"@context":"https:\/\/schema.org","@graph":[{"@type":"WebPage","@id":"https:\/\/www.ariens.eu\/fr\/produit\/fraise-a-neige\/serie-deluxe\/deluxe-28\/","url":"https:\/\/www.ariens.eu\/fr\/produit\/fraise-a-neige\/serie-deluxe\/deluxe-28\/","name":"DELUXE 28 \u2013 Fraise \u00e0 neige | Ariens","isPartOf":{"@id":"https:\/\/www.ariens.eu\/fr\/#website"},"primaryImageOfPage":{"@id":"https:\/\/www.ariens.eu\/fr\/produit\/fraise-a-neige\/serie-deluxe\/deluxe-28\/#primaryimage"},"image":{"@id":"https:\/\/www.ariens.eu\/fr\/produit\/fraise-a-neige\/serie-deluxe\/deluxe-28\/#primaryimage"},"thumbnailUrl":"https:\/\/www.ariens.eu\/fr\/wp-content\/uploads\/sites\/4\/2024\/05\/deluxe-28-studio.webp","datePublished":"2024-05-10T10:04:36+00:00","dateModified":"2025-11-10T10:48:20+00:00","description":"D\u00e9blayez la neige sans compromis gr\u00e2ce \u00e0 la puissance et aux performances du Deluxe 28. Les mod\u00e8les Deluxe sont des best-sellers dans le monde entier. D\u00e9neigement deluxe.","breadcrumb":{"@id":"https:\/\/www.ariens.eu\/fr\/produit\/fraise-a-neige\/serie-deluxe\/deluxe-28\/#breadcrumb"},"inLanguage":"fr-FR","potentialAction":[{"@type":"ReadAction","target":["https:\/\/www.ariens.eu\/fr\/produit\/fraise-a-neige\/serie-deluxe\/deluxe-28\/"]}]},{"@type":"ImageObject","inLanguage":"fr-FR","@id":"https:\/\/www.ariens.eu\/fr\/produit\/fraise-a-neige\/serie-deluxe\/deluxe-28\/#primaryimage","url":"https:\/\/www.ariens.eu\/fr\/wp-content\/uploads\/sites\/4\/2024\/05\/deluxe-28-studio.webp","contentUrl":"https:\/\/www.ariens.eu\/fr\/wp-content\/uploads\/sites\/4\/2024\/05\/deluxe-28-studio.webp","width":802,"height":580},{"@type":"BreadcrumbList","@id":"https:\/\/www.ariens.eu\/fr\/produit\/fraise-a-neige\/serie-deluxe\/deluxe-28\/#breadcrumb","itemListElement":[{"@type":"ListItem","position":1,"name":"Home","item":"https:\/\/www.ariens.eu\/fr\/"},{"@type":"ListItem","position":2,"name":"Shop","item":"https:\/\/www.ariens.eu\/fr\/shop\/"},{"@type":"ListItem","position":3,"name":"DELUXE 28"}]},{"@type":"WebSite","@id":"https:\/\/www.ariens.eu\/fr\/#website","url":"https:\/\/www.ariens.eu\/fr\/","name":"Ariens | EMEAA","description":"Powerful and reliable zero-turn mowers &amp; snow blowers for professional users and demanding private customers","potentialAction":[{"@type":"SearchAction","target":{"@type":"EntryPoint","urlTemplate":"https:\/\/www.ariens.eu\/fr\/?s={search_term_string}"},"query-input":{"@type":"PropertyValueSpecification","valueRequired":true,"valueName":"search_term_string"}}],"inLanguage":"fr-FR"}]}},"_links":{"self":[{"href":"https:\/\/www.ariens.eu\/fr\/wp-json\/wp\/v2\/product\/2311","targetHints":{"allow":["GET"]}}],"collection":[{"href":"https:\/\/www.ariens.eu\/fr\/wp-json\/wp\/v2\/product"}],"about":[{"href":"https:\/\/www.ariens.eu\/fr\/wp-json\/wp\/v2\/types\/product"}],"replies":[{"embeddable":true,"href":"https:\/\/www.ariens.eu\/fr\/wp-json\/wp\/v2\/comments?post=2311"}],"wp:featuredmedia":[{"embeddable":true,"href":"https:\/\/www.ariens.eu\/fr\/wp-json\/wp\/v2\/media\/2688"}],"wp:attachment":[{"href":"https:\/\/www.ariens.eu\/fr\/wp-json\/wp\/v2\/media?parent=2311"}],"wp:term":[{"taxonomy":"product_brand","embeddable":true,"href":"https:\/\/www.ariens.eu\/fr\/wp-json\/wp\/v2\/product_brand?post=2311"},{"taxonomy":"product_cat","embeddable":true,"href":"https:\/\/www.ariens.eu\/fr\/wp-json\/wp\/v2\/product_cat?post=2311"},{"taxonomy":"product_tag","embeddable":true,"href":"https:\/\/www.ariens.eu\/fr\/wp-json\/wp\/v2\/product_tag?post=2311"}],"curies":[{"name":"wp","href":"https:\/\/api.w.org\/{rel}","templated":true}]}}