{"id":2313,"date":"2024-05-10T11:04:36","date_gmt":"2024-05-10T10:04:36","guid":{"rendered":"https:\/\/www.ariens.eu\/product\/compact-24\/"},"modified":"2025-11-10T10:48:20","modified_gmt":"2025-11-10T10:48:20","slug":"compact-24","status":"publish","type":"product","link":"https:\/\/www.ariens.eu\/fr\/produit\/fraise-a-neige\/compact-serien\/compact-24","title":{"rendered":"COMPACT 24"},"content":{"rendered":"<div class=\"acfd-block acfd-block__twocolumns mb-asm-1 container-fluid px-0 bg-default\">\n<div class=\"acfd-twocolumns\">\n<div class=\"row\">\n<div class='col-lg-9 mb-4'>\n<div class=\"acfd-block acfd-block__headline container-fluid px-0 bg-default\">\n<div class=\"acfd-headline\" >\n<h2 class='h2 text-left'>Pr\u00eat \u00e0 l&#8217;emploi en quelques minutes. Pratique avec le d\u00e9marrage \u00e9lectrique.<\/h2>\n<\/p><\/div>\n<\/div><\/div>\n<div class='col-lg'>                    <\/div>\n<\/p><\/div>\n<\/div>\n<\/div>\n<div class=\"acfd-block acfd-block__twocolumns mb-asm-2 container-fluid px-0 bg-default\">\n<div class=\"acfd-twocolumns\">\n<div class=\"row\">\n<div class='col-lg-9 mb-4'>\n<div class=\"acfd-block acfd-block__text container-fluid px-0 bg-default\">\n<div class=\"acfd-text\">\n<p>Vaincre la neige pendant la temp\u00eate. Ne vous fiez pas \u00e0 sa taille, l\u2018Ariens<sup>&reg;<\/sup> COMPACT cache une grande puissance. Elle a \u00e9t\u00e9 con\u00e7ue pour intervenir rapidement et facilement lors d&#8217;une l\u00e9g\u00e8re bourrasque de neige, mais elle est \u00e9galement suffisamment performante pour venir \u00e0 bout de 59 tonnes de neige par heure. La s\u00e9rie COMPACT se caract\u00e9rise par une maniabilit\u00e9 sans effort, tout en offrant de grandes performances.<\/p>\n<p>Le COMPACT 24 a des dimensions compactes mais il est puissant en termes de d\u00e9blaiement. Gr\u00e2ce \u00e0 la fonction AUTO-TURN, il est incroyablement facile \u00e0 man\u0153uvrer. Elle est enti\u00e8rement construite en m\u00e9tal et \u00e9quip\u00e9e d&#8217;une bo\u00eete de vitesses finement r\u00e9gl\u00e9e. Il projette la neige de 0,9 m\u00e8tre \u00e0 12,2 m\u00e8tres.<\/p>\n<ul>\n<li>Largeur de d\u00e9blaiement de 61 cm (24&#8243;) permettant de d\u00e9placer 52 tonnes de neige par heure<\/li>\n<li>Moteur Ariens AX 208cc fiable et d\u00e9marrage \u00e9lectrique<\/li>\n<li>La tari\u00e8re dentel\u00e9e en acier de 27,9 cm (11&#8243;) offre des performances exceptionnelles dans toutes les conditions d&#8217;enneigement<\/li>\n<li>Garantie commerciale de 90 jours et garantie domestique de 3 ans<\/li>\n<\/ul>\n<\/div>\n<\/div><\/div>\n<div class='col-lg'>                    <\/div>\n<\/p><\/div>\n<\/div>\n<\/div>\n<div class=\"acfd-block acfd-block__category mb-asm-3 container-fluid px-0 bg-default\">\n<div class=\"acfd-product-categories\">\n<h2 class=\"text-left mb-3\">\n        Eins\u00e4tze    <\/h2>\n<div class=\"product-categories_wrapper\">\n         <span\n                data-description=\"Le syst\u00e8me de direction brevet\u00e9 Ariens AutoTurn<sup>&reg;<\/sup> emp\u00eache une roue motrice ou une chenille RapidTrak\u2122 de tourner. En m\u00eame temps, il permet de diriger facilement la machine en rel\u00e2chant automatiquement un c\u00f4t\u00e9 d'entra\u00eenement lors de la direction. Toutes les fraises \u00e0 neige Ariens, \u00e0 l'exception du mod\u00e8le CLASSIC, sont \u00e9quip\u00e9es du syst\u00e8me AutoTurn.\"                class=\"product-category-single\"> AutoTurn<sup>&reg;<\/sup>                <sup><i class=\"fa fa-info-circle\" aria-hidden=\"true\"><\/i><\/sup>            <\/span>  <span\n                data-description=\"Une connexion de 230 volts vous permet de d\u00e9marrer la machine en appuyant sur un bouton. De s\u00e9rie sur tous les mod\u00e8les.\"                class=\"product-category-single\"> D\u00e9marrage \u00e9lectrique                <sup><i class=\"fa fa-info-circle\" aria-hidden=\"true\"><\/i><\/sup>            <\/span>     <\/div>\n<\/div>\n<\/div>\n<div class=\"acfd-block acfd-block__twocolumns container-fluid container-fluid--force px-0 bg-default\">\n<div class=\"acfd-twocolumns\">\n<div class=\"row\">\n<div class='col-lg-12 mb-4'>\n<div class=\"acfd-product-advantages--wrapper\">\n<h2 class=\"h1 bigger text-color-black text-center mb-5\">\n        Features &#038; Benefits    <\/h2>\n<div class=\"acfd-product-advantages\">\n<div class=\"row\">\n<div class=\"col-md-6 mb-4 content\">\n                    <span class=\"d-block h5 text-color-brand mb-1\">Construction tout acier<\/span><\/p>\n<p>Une solide t\u00f4le d\u2019acier soud\u00e9e avec des moulures embouties et des bords renforc\u00e9s sont le secret de la long\u00e9vit\u00e9 des fraises \u00e0 neige Ariens.<\/p>\n<\/p><\/div>\n<div class=\"col-md-6 mb4 image\"  style=\"background-image:url(https:\/\/www.ariens.eu\/fr\/wp-content\/uploads\/sites\/4\/2024\/05\/all-steal-construction.webp)\">\n                <\/div>\n<\/p><\/div>\n<div class=\"row\">\n<div class=\"col-md-6 mb-4 content\">\n                    <span class=\"d-block h5 text-color-brand mb-1\">Direction auto-turn<\/span><\/p>\n<p>Conduire en ligne droite avec l\u2019essieu arri\u00e8re bloqu\u00e9 pour une adh\u00e9rence maximale. D\u00e8s qu\u2018on dirige la machine, l\u2019essieu est d\u00e9bloqu\u00e9 automatiquement et tourner sur place est un v\u00e9ritable jeu d\u2019enfant. Une invention brevet\u00e9e d\u2019Ariens.<\/p>\n<\/p><\/div>\n<div class=\"col-md-6 mb4 image\"  style=\"background-image:url(https:\/\/www.ariens.eu\/fr\/wp-content\/uploads\/sites\/4\/2024\/05\/feature6ars_fb_profe-2.png)\">\n                <\/div>\n<\/p><\/div>\n<div class=\"row\">\n<div class=\"col-md-6 mb-4 content\">\n                    <span class=\"d-block h5 text-color-brand mb-1\">D\u00e9marreur \u00e9lectrique<\/span><\/p>\n<p>Les mod\u00e8les Compact peuvent \u00eatre d\u00e9marr\u00e9s soit avec le\u00a0 lanceur, soit tr\u00e8s facilement en appuyant sur un bouton du d\u00e9marreur \u00e9lectrique qui se branche sur une prise de courant de 230 V. Tr\u00e8s confortable par basses temp\u00e9ratures.<\/p>\n<\/p><\/div>\n<div class=\"col-md-6 mb4 image\"  style=\"background-image:url(https:\/\/www.ariens.eu\/fr\/wp-content\/uploads\/sites\/4\/2024\/05\/Electric_Start-1.webp)\">\n                <\/div>\n<\/p><\/div>\n<div class=\"row\">\n<div class=\"col-md-6 mb-4 content\">\n                    <span class=\"d-block h5 text-color-brand mb-1\">Fraisage en fonte de fer<\/span><\/p>\n<p>L\u2019engrenage de la fraiseuse est une pi\u00e8ce tr\u00e8s sollicit\u00e9e. Nous nous effor\u00e7ons de le rendre particuli\u00e8rement stable. C\u2019est pourquoi nous accordons une garantie de 5 ans.<\/p>\n<\/p><\/div>\n<div class=\"col-md-6 mb4 image\"  style=\"background-image:url(https:\/\/www.ariens.eu\/fr\/wp-content\/uploads\/sites\/4\/2024\/05\/compact-24.webp)\">\n                <\/div>\n<\/p><\/div>\n<div class=\"row\">\n<div class=\"col-md-6 mb-4 content\">\n                    <span class=\"d-block h5 text-color-brand mb-1\">Pneus neige adh\u00e9rents<\/span><\/p>\n<p>Profil sp\u00e9cial neige pour une traction maximale. 38 cm (15\u2033) de diam\u00e8tre.<\/p>\n<\/p><\/div>\n<div class=\"col-md-6 mb4 image\"  style=\"background-image:url(https:\/\/www.ariens.eu\/fr\/wp-content\/uploads\/sites\/4\/2024\/05\/15in_Tires-scaled.webp)\">\n                <\/div>\n<\/p><\/div>\n<\/p><\/div>\n<\/div><\/div>\n<div class='col-lg'>                    <\/div>\n<\/p><\/div>\n<\/div>\n<\/div>\n","protected":false},"excerpt":{"rendered":"<p>Pr\u00eat \u00e0 l&#8217;emploi en quelques minutes. Pratique avec le d\u00e9marrage \u00e9lectrique. Vaincre la neige pendant la temp\u00eate. Ne vous fiez pas \u00e0 sa taille, l\u2018Ariens&reg; COMPACT cache une grande puissance. Elle a \u00e9t\u00e9 con\u00e7ue pour intervenir rapidement et facilement lors d&#8217;une l\u00e9g\u00e8re bourrasque de neige, mais elle est \u00e9galement suffisamment performante pour venir \u00e0 bout [&hellip;]<\/p>\n","protected":false},"featured_media":2690,"comment_status":"open","ping_status":"closed","template":"","meta":{"_acf_changed":false,"_relevanssi_hide_post":"","_relevanssi_hide_content":"","_relevanssi_pin_for_all":"","_relevanssi_pin_keywords":"","_relevanssi_unpin_keywords":"","_relevanssi_related_keywords":"","_relevanssi_related_include_ids":"","_relevanssi_related_exclude_ids":"","_relevanssi_related_no_append":"","_relevanssi_related_not_related":"","_relevanssi_related_posts":"","_relevanssi_noindex_reason":""},"product_cat":[15],"product_tag":[],"acf":[],"yoast_head":"<!-- This site is optimized with the Yoast SEO plugin v23.0 - https:\/\/yoast.com\/wordpress\/plugins\/seo\/ -->\n<title>COMPACT 24 - Fraise \u00e0 neige | Ariens<\/title>\n<meta name=\"description\" content=\"Le Ariens COMPACT 24 Sno-Thro\u00ae combine l&#039;agilit\u00e9 sans effort et les capacit\u00e9s l\u00e9gendaires d&#039;Ariens\u00ae. Facile \u00e0 manipuler et \u00e0 contr\u00f4ler gr\u00e2ce \u00e0 des commandes ergonomiques am\u00e9lior\u00e9es.\" \/>\n<meta name=\"robots\" content=\"index, follow, max-snippet:-1, max-image-preview:large, max-video-preview:-1\" \/>\n<link rel=\"canonical\" href=\"https:\/\/www.ariens.eu\/fr\/produit\/fraise-a-neige\/serie-compact\/compact-24\/\" \/>\n<meta property=\"og:locale\" content=\"fr_FR\" \/>\n<meta property=\"og:type\" content=\"article\" \/>\n<meta property=\"og:title\" content=\"COMPACT 24 - Fraise \u00e0 neige | Ariens\" \/>\n<meta property=\"og:description\" content=\"Le Ariens COMPACT 24 Sno-Thro\u00ae combine l&#039;agilit\u00e9 sans effort et les capacit\u00e9s l\u00e9gendaires d&#039;Ariens\u00ae. Facile \u00e0 manipuler et \u00e0 contr\u00f4ler gr\u00e2ce \u00e0 des commandes ergonomiques am\u00e9lior\u00e9es.\" \/>\n<meta property=\"og:url\" content=\"https:\/\/www.ariens.eu\/fr\/produit\/fraise-a-neige\/serie-compact\/compact-24\/\" \/>\n<meta property=\"og:site_name\" content=\"Ariens | EMEAA\" \/>\n<meta property=\"article:modified_time\" content=\"2025-11-10T10:48:20+00:00\" \/>\n<meta property=\"og:image\" content=\"https:\/\/www.ariens.eu\/fr\/wp-content\/uploads\/sites\/4\/2024\/05\/ariens-compact-snow-thrower-angle-view-front34-3.webp\" \/>\n\t<meta property=\"og:image:width\" content=\"900\" \/>\n\t<meta property=\"og:image:height\" content=\"650\" \/>\n\t<meta property=\"og:image:type\" content=\"image\/webp\" \/>\n<meta name=\"twitter:card\" content=\"summary_large_image\" \/>\n<meta name=\"twitter:label1\" content=\"Dur\u00e9e de lecture estim\u00e9e\" \/>\n\t<meta name=\"twitter:data1\" content=\"2 minutes\" \/>\n<script type=\"application\/ld+json\" class=\"yoast-schema-graph\">{\"@context\":\"https:\/\/schema.org\",\"@graph\":[{\"@type\":\"WebPage\",\"@id\":\"https:\/\/www.ariens.eu\/fr\/produit\/fraise-a-neige\/serie-compact\/compact-24\/\",\"url\":\"https:\/\/www.ariens.eu\/fr\/produit\/fraise-a-neige\/serie-compact\/compact-24\/\",\"name\":\"COMPACT 24 - Fraise \u00e0 neige | Ariens\",\"isPartOf\":{\"@id\":\"https:\/\/www.ariens.eu\/fr\/#website\"},\"primaryImageOfPage\":{\"@id\":\"https:\/\/www.ariens.eu\/fr\/produit\/fraise-a-neige\/serie-compact\/compact-24\/#primaryimage\"},\"image\":{\"@id\":\"https:\/\/www.ariens.eu\/fr\/produit\/fraise-a-neige\/serie-compact\/compact-24\/#primaryimage\"},\"thumbnailUrl\":\"https:\/\/www.ariens.eu\/fr\/wp-content\/uploads\/sites\/4\/2024\/05\/ariens-compact-snow-thrower-angle-view-front34-3.webp\",\"datePublished\":\"2024-05-10T10:04:36+00:00\",\"dateModified\":\"2025-11-10T10:48:20+00:00\",\"description\":\"Le Ariens COMPACT 24 Sno-Thro\u00ae combine l'agilit\u00e9 sans effort et les capacit\u00e9s l\u00e9gendaires d'Ariens\u00ae. Facile \u00e0 manipuler et \u00e0 contr\u00f4ler gr\u00e2ce \u00e0 des commandes ergonomiques am\u00e9lior\u00e9es.\",\"breadcrumb\":{\"@id\":\"https:\/\/www.ariens.eu\/fr\/produit\/fraise-a-neige\/serie-compact\/compact-24\/#breadcrumb\"},\"inLanguage\":\"fr-FR\",\"potentialAction\":[{\"@type\":\"ReadAction\",\"target\":[\"https:\/\/www.ariens.eu\/fr\/produit\/fraise-a-neige\/serie-compact\/compact-24\/\"]}]},{\"@type\":\"ImageObject\",\"inLanguage\":\"fr-FR\",\"@id\":\"https:\/\/www.ariens.eu\/fr\/produit\/fraise-a-neige\/serie-compact\/compact-24\/#primaryimage\",\"url\":\"https:\/\/www.ariens.eu\/fr\/wp-content\/uploads\/sites\/4\/2024\/05\/ariens-compact-snow-thrower-angle-view-front34-3.webp\",\"contentUrl\":\"https:\/\/www.ariens.eu\/fr\/wp-content\/uploads\/sites\/4\/2024\/05\/ariens-compact-snow-thrower-angle-view-front34-3.webp\",\"width\":900,\"height\":650},{\"@type\":\"BreadcrumbList\",\"@id\":\"https:\/\/www.ariens.eu\/fr\/produit\/fraise-a-neige\/serie-compact\/compact-24\/#breadcrumb\",\"itemListElement\":[{\"@type\":\"ListItem\",\"position\":1,\"name\":\"Home\",\"item\":\"https:\/\/www.ariens.eu\/fr\/\"},{\"@type\":\"ListItem\",\"position\":2,\"name\":\"Shop\",\"item\":\"https:\/\/www.ariens.eu\/fr\/shop\/\"},{\"@type\":\"ListItem\",\"position\":3,\"name\":\"COMPACT 24\"}]},{\"@type\":\"WebSite\",\"@id\":\"https:\/\/www.ariens.eu\/fr\/#website\",\"url\":\"https:\/\/www.ariens.eu\/fr\/\",\"name\":\"Ariens | EMEAA\",\"description\":\"Powerful and reliable zero-turn mowers &amp; snow blowers for professional users and demanding private customers\",\"potentialAction\":[{\"@type\":\"SearchAction\",\"target\":{\"@type\":\"EntryPoint\",\"urlTemplate\":\"https:\/\/www.ariens.eu\/fr\/?s={search_term_string}\"},\"query-input\":\"required name=search_term_string\"}],\"inLanguage\":\"fr-FR\"}]}<\/script>\n<!-- \/ Yoast SEO plugin. -->","yoast_head_json":{"title":"COMPACT 24 - Fraise \u00e0 neige | Ariens","description":"Le Ariens COMPACT 24 Sno-Thro\u00ae combine l'agilit\u00e9 sans effort et les capacit\u00e9s l\u00e9gendaires d'Ariens\u00ae. Facile \u00e0 manipuler et \u00e0 contr\u00f4ler gr\u00e2ce \u00e0 des commandes ergonomiques am\u00e9lior\u00e9es.","robots":{"index":"index","follow":"follow","max-snippet":"max-snippet:-1","max-image-preview":"max-image-preview:large","max-video-preview":"max-video-preview:-1"},"canonical":"https:\/\/www.ariens.eu\/fr\/produit\/fraise-a-neige\/serie-compact\/compact-24\/","og_locale":"fr_FR","og_type":"article","og_title":"COMPACT 24 - Fraise \u00e0 neige | Ariens","og_description":"Le Ariens COMPACT 24 Sno-Thro\u00ae combine l'agilit\u00e9 sans effort et les capacit\u00e9s l\u00e9gendaires d'Ariens\u00ae. Facile \u00e0 manipuler et \u00e0 contr\u00f4ler gr\u00e2ce \u00e0 des commandes ergonomiques am\u00e9lior\u00e9es.","og_url":"https:\/\/www.ariens.eu\/fr\/produit\/fraise-a-neige\/serie-compact\/compact-24\/","og_site_name":"Ariens | EMEAA","article_modified_time":"2025-11-10T10:48:20+00:00","og_image":[{"width":900,"height":650,"url":"https:\/\/www.ariens.eu\/fr\/wp-content\/uploads\/sites\/4\/2024\/05\/ariens-compact-snow-thrower-angle-view-front34-3.webp","type":"image\/webp"}],"twitter_card":"summary_large_image","twitter_misc":{"Dur\u00e9e de lecture estim\u00e9e":"2 minutes"},"schema":{"@context":"https:\/\/schema.org","@graph":[{"@type":"WebPage","@id":"https:\/\/www.ariens.eu\/fr\/produit\/fraise-a-neige\/serie-compact\/compact-24\/","url":"https:\/\/www.ariens.eu\/fr\/produit\/fraise-a-neige\/serie-compact\/compact-24\/","name":"COMPACT 24 - Fraise \u00e0 neige | Ariens","isPartOf":{"@id":"https:\/\/www.ariens.eu\/fr\/#website"},"primaryImageOfPage":{"@id":"https:\/\/www.ariens.eu\/fr\/produit\/fraise-a-neige\/serie-compact\/compact-24\/#primaryimage"},"image":{"@id":"https:\/\/www.ariens.eu\/fr\/produit\/fraise-a-neige\/serie-compact\/compact-24\/#primaryimage"},"thumbnailUrl":"https:\/\/www.ariens.eu\/fr\/wp-content\/uploads\/sites\/4\/2024\/05\/ariens-compact-snow-thrower-angle-view-front34-3.webp","datePublished":"2024-05-10T10:04:36+00:00","dateModified":"2025-11-10T10:48:20+00:00","description":"Le Ariens COMPACT 24 Sno-Thro\u00ae combine l'agilit\u00e9 sans effort et les capacit\u00e9s l\u00e9gendaires d'Ariens\u00ae. Facile \u00e0 manipuler et \u00e0 contr\u00f4ler gr\u00e2ce \u00e0 des commandes ergonomiques am\u00e9lior\u00e9es.","breadcrumb":{"@id":"https:\/\/www.ariens.eu\/fr\/produit\/fraise-a-neige\/serie-compact\/compact-24\/#breadcrumb"},"inLanguage":"fr-FR","potentialAction":[{"@type":"ReadAction","target":["https:\/\/www.ariens.eu\/fr\/produit\/fraise-a-neige\/serie-compact\/compact-24\/"]}]},{"@type":"ImageObject","inLanguage":"fr-FR","@id":"https:\/\/www.ariens.eu\/fr\/produit\/fraise-a-neige\/serie-compact\/compact-24\/#primaryimage","url":"https:\/\/www.ariens.eu\/fr\/wp-content\/uploads\/sites\/4\/2024\/05\/ariens-compact-snow-thrower-angle-view-front34-3.webp","contentUrl":"https:\/\/www.ariens.eu\/fr\/wp-content\/uploads\/sites\/4\/2024\/05\/ariens-compact-snow-thrower-angle-view-front34-3.webp","width":900,"height":650},{"@type":"BreadcrumbList","@id":"https:\/\/www.ariens.eu\/fr\/produit\/fraise-a-neige\/serie-compact\/compact-24\/#breadcrumb","itemListElement":[{"@type":"ListItem","position":1,"name":"Home","item":"https:\/\/www.ariens.eu\/fr\/"},{"@type":"ListItem","position":2,"name":"Shop","item":"https:\/\/www.ariens.eu\/fr\/shop\/"},{"@type":"ListItem","position":3,"name":"COMPACT 24"}]},{"@type":"WebSite","@id":"https:\/\/www.ariens.eu\/fr\/#website","url":"https:\/\/www.ariens.eu\/fr\/","name":"Ariens | EMEAA","description":"Powerful and reliable zero-turn mowers &amp; snow blowers for professional users and demanding private customers","potentialAction":[{"@type":"SearchAction","target":{"@type":"EntryPoint","urlTemplate":"https:\/\/www.ariens.eu\/fr\/?s={search_term_string}"},"query-input":"required name=search_term_string"}],"inLanguage":"fr-FR"}]}},"_links":{"self":[{"href":"https:\/\/www.ariens.eu\/fr\/wp-json\/wp\/v2\/product\/2313"}],"collection":[{"href":"https:\/\/www.ariens.eu\/fr\/wp-json\/wp\/v2\/product"}],"about":[{"href":"https:\/\/www.ariens.eu\/fr\/wp-json\/wp\/v2\/types\/product"}],"replies":[{"embeddable":true,"href":"https:\/\/www.ariens.eu\/fr\/wp-json\/wp\/v2\/comments?post=2313"}],"wp:featuredmedia":[{"embeddable":true,"href":"https:\/\/www.ariens.eu\/fr\/wp-json\/wp\/v2\/media\/2690"}],"wp:attachment":[{"href":"https:\/\/www.ariens.eu\/fr\/wp-json\/wp\/v2\/media?parent=2313"}],"wp:term":[{"taxonomy":"product_cat","embeddable":true,"href":"https:\/\/www.ariens.eu\/fr\/wp-json\/wp\/v2\/product_cat?post=2313"},{"taxonomy":"product_tag","embeddable":true,"href":"https:\/\/www.ariens.eu\/fr\/wp-json\/wp\/v2\/product_tag?post=2313"}],"curies":[{"name":"wp","href":"https:\/\/api.w.org\/{rel}","templated":true}]}}