{"id":2315,"date":"2024-05-10T11:04:36","date_gmt":"2024-05-10T10:04:36","guid":{"rendered":"https:\/\/www.ariens.eu\/product\/classic-24\/"},"modified":"2025-11-10T10:48:20","modified_gmt":"2025-11-10T10:48:20","slug":"classic-24","status":"publish","type":"product","link":"https:\/\/www.ariens.eu\/fr\/produit\/fraise-a-neige\/serie-classic\/classic-24","title":{"rendered":"CLASSIC 24"},"content":{"rendered":"<div class=\"acfd-block acfd-block__twocolumns mb-asm-1 container-fluid px-0 bg-default\">\n<div class=\"acfd-twocolumns\">\n<div class=\"row\">\n<div class='col-lg-9 mb-4'>\n<div class=\"acfd-block acfd-block__headline container-fluid px-0 bg-default\">\n<div class=\"acfd-headline\" >\n<h2 class='h2 text-left'>Simple et robuste. Fait pour de nombreux hivers et pour votre propri\u00e9t\u00e9.<\/h2>\n<\/p><\/div>\n<\/div><\/div>\n<div class='col-lg'>                    <\/div>\n<\/p><\/div>\n<\/div>\n<\/div>\n<div class=\"acfd-block acfd-block__twocolumns mb-asm-2 container-fluid px-0 bg-default\">\n<div class=\"acfd-twocolumns\">\n<div class=\"row\">\n<div class='col-lg-9 mb-4'>\n<div class=\"acfd-block acfd-block__text container-fluid px-0 bg-default\">\n<div class=\"acfd-text\">\n<p>Pr\u00e9visions m\u00e9t\u00e9orologiques pour demain : &#8220;Rien ne peut arr\u00eater votre Ariens.&#8221;<\/p>\n<p>Cette machine enti\u00e8rement en acier est l\u00e9g\u00e8re et facile \u00e0 utiliser. Elle a \u00e9t\u00e9 con\u00e7ue pour d\u00e9blayer des quantit\u00e9s de neige importantes. Les leviers qui s&#8217;embo\u00eetent l\u2018un dans l\u2018autre permettent une utilisation d&#8217;une seule main pour \u00e9jecter la neige et avancer. La tari\u00e8re dent\u00e9e avale rapidement tout type de neige, qu&#8217;elle soit lourde et humide ou l\u00e9g\u00e8re et poudreuse. La s\u00e9rie Ariens CLASSIC fraise et \u00e9jecte tout.<\/p>\n<p>Le CLASSIC 24 est construit de mani\u00e8re si robuste qu&#8217;il offrira des ann\u00e9es de service.<\/p>\n<ul>\n<li>Largeur de d\u00e9broussaillage 60 cm (24&#8243;)<\/li>\n<li>Puissant moteur Ariens de 208 cm\u00b3<\/li>\n<li>D\u00e9marrage \u00e9lectrique 230 V et d\u00e9marrage par corde de s\u00e9rie<\/li>\n<li>Capacit\u00e9 maximale : 52 tonnes par heure<\/li>\n<li>La conception conviviale permet au conducteur d&#8217;utiliser la machine confortablement et facilement d&#8217;une seule main<\/li>\n<li>Entra\u00eenement des roues sans diff\u00e9rentiel, une roue peut \u00eatre d\u00e9bray\u00e9e par un bouchon de s\u00e9curit\u00e9<\/li>\n<\/ul>\n<\/div>\n<\/div><\/div>\n<div class='col-lg'>                    <\/div>\n<\/p><\/div>\n<\/div>\n<\/div>\n<div class=\"acfd-block acfd-block__twocolumns mb-asm-2 container-fluid container-fluid--force px-0 bg-default\">\n<div class=\"acfd-twocolumns\">\n<div class=\"row\">\n<div class='col-lg-12 mb-4'>\n<div class=\"acfd-product-advantages--wrapper\">\n<h2 class=\"h1 bigger text-color-black text-center mb-5\">\n        Features &#038; Benefits    <\/h2>\n<div class=\"acfd-product-advantages\">\n<div class=\"row\">\n<div class=\"col-md-6 mb-4 content\">\n                    <span class=\"d-block h5 text-color-brand mb-1\">Construction robuste tout en acier<\/span><\/p>\n<p>La construction robuste en acier de la Classic \u2013 du guidon \u00e0 la vis sans fin crant\u00e9e en passant par le bo\u00eetier \u2013 est con\u00e7ue pour durer des d\u00e9cennies.<\/p>\n<\/p><\/div>\n<div class=\"col-md-6 mb4 image\"  style=\"background-image:url(https:\/\/www.ariens.eu\/fr\/wp-content\/uploads\/sites\/4\/2024\/05\/all-steal-construction.webp)\">\n                <\/div>\n<\/p><\/div>\n<div class=\"row\">\n<div class=\"col-md-6 mb-4 content\">\n                    <span class=\"d-block h5 text-color-brand mb-1\">Garantie du produit<\/span><\/p>\n<p>Trois ans de garantie pour les particuliers, 90 jours de garantie pour les professionnels. Il est bon de savoir qu\u2019Ariens s\u2019en occupe.<\/p>\n<\/p><\/div>\n<div class=\"col-md-6 mb4 image\"  style=\"background-image:url(https:\/\/www.ariens.eu\/fr\/wp-content\/uploads\/sites\/4\/2024\/05\/warranty.webp)\">\n                <\/div>\n<\/p><\/div>\n<div class=\"row\">\n<div class=\"col-md-6 mb-4 content\">\n                    <span class=\"d-block h5 text-color-brand mb-1\">Canal d\u2019\u00e9jection et d\u00e9flecteur t\u00e9l\u00e9command\u00e9s<\/span><\/p>\n<p>Une chemin\u00e9e d\u2019\u00e9jection \u00e0 rotation rapide 2,5 fois, avec une plage de pivotement de 205\u00b0, dirige la neige \u00e0 sa place.<\/p>\n<\/p><\/div>\n<div class=\"col-md-6 mb4 image\"  style=\"background-image:url(https:\/\/www.ariens.eu\/fr\/wp-content\/uploads\/sites\/4\/2024\/05\/remote-chute-cap.webp)\">\n                <\/div>\n<\/p><\/div>\n<div class=\"row\">\n<div class=\"col-md-6 mb-4 content\">\n                    <span class=\"d-block h5 text-color-brand mb-1\">Moteur Ariens AX 208 cm\u00b3<\/span><\/p>\n<p>Fort et efficace, le couple de 9,5 pieds-livres d&rsquo;Ariens d\u00e9place la neige avec facilit\u00e9.<\/p>\n<\/p><\/div>\n<div class=\"col-md-6 mb4 image\"  style=\"background-image:url(https:\/\/www.ariens.eu\/fr\/wp-content\/uploads\/sites\/4\/2024\/05\/quick-turn-chute.png)\">\n                <\/div>\n<\/p><\/div>\n<div class=\"row\">\n<div class=\"col-md-6 mb-4 content\">\n                    <span class=\"d-block h5 text-color-brand mb-1\">Demarrage \u00e9lectrique<\/span><\/p>\n<p>D\u00e9marrage par bouton-poussoir pour une utilisation rapide et facile dans les temp\u00e9ratures les plus extr\u00eames.<\/p>\n<\/p><\/div>\n<div class=\"col-md-6 mb4 image\"  style=\"background-image:url(https:\/\/www.ariens.eu\/fr\/wp-content\/uploads\/sites\/4\/2024\/05\/electric-start.webp)\">\n                <\/div>\n<\/p><\/div>\n<\/p><\/div>\n<\/div><\/div>\n<div class='col-lg'>                    <\/div>\n<\/p><\/div>\n<\/div>\n<\/div>\n","protected":false},"excerpt":{"rendered":"<p>Simple et robuste. Fait pour de nombreux hivers et pour votre propri\u00e9t\u00e9. Pr\u00e9visions m\u00e9t\u00e9orologiques pour demain : &#8220;Rien ne peut arr\u00eater votre Ariens.&#8221; Cette machine enti\u00e8rement en acier est l\u00e9g\u00e8re et facile \u00e0 utiliser. Elle a \u00e9t\u00e9 con\u00e7ue pour d\u00e9blayer des quantit\u00e9s de neige importantes. Les leviers qui s&#8217;embo\u00eetent l\u2018un dans l\u2018autre permettent une utilisation [&hellip;]<\/p>\n","protected":false},"featured_media":2677,"comment_status":"open","ping_status":"closed","template":"","meta":{"_acf_changed":false,"_relevanssi_hide_post":"","_relevanssi_hide_content":"","_relevanssi_pin_for_all":"","_relevanssi_pin_keywords":"","_relevanssi_unpin_keywords":"","_relevanssi_related_keywords":"","_relevanssi_related_include_ids":"","_relevanssi_related_exclude_ids":"","_relevanssi_related_no_append":"","_relevanssi_related_not_related":"","_relevanssi_related_posts":"","_relevanssi_noindex_reason":""},"product_brand":[],"product_cat":[15],"product_tag":[],"class_list":{"0":"post-2315","1":"product","2":"type-product","3":"status-publish","4":"has-post-thumbnail","6":"product_variant-serie-classic","7":"product_usage_areas-municipalites-chantiers","8":"product_usage_areas-service-hivernal","10":"first","11":"instock","12":"shipping-taxable","13":"product-type-simple"},"acf":[],"yoast_head":"<!-- This site is optimized with the Yoast SEO plugin v27.3 - https:\/\/yoast.com\/product\/yoast-seo-wordpress\/ -->\n<title>CLASSIC 24 - Fraise \u00e0 neige | Ariens<\/title>\n<meta name=\"description\" content=\"La fraise \u00e0 neige CLASSIC 24 est notre fraise \u00e0 neige classique et est aliment\u00e9e par les syst\u00e8mes de base qui font d&#039;Ariens\u00ae le King of Snow\u2122.\" \/>\n<meta name=\"robots\" content=\"index, follow, max-snippet:-1, max-image-preview:large, max-video-preview:-1\" \/>\n<link rel=\"canonical\" href=\"https:\/\/www.ariens.eu\/fr\/produit\/fraise-a-neige\/serie-classic\/classic-24\/\" \/>\n<meta property=\"og:locale\" content=\"fr_FR\" \/>\n<meta property=\"og:type\" content=\"article\" \/>\n<meta property=\"og:title\" content=\"CLASSIC 24 - Fraise \u00e0 neige | Ariens\" \/>\n<meta property=\"og:description\" content=\"La fraise \u00e0 neige CLASSIC 24 est notre fraise \u00e0 neige classique et est aliment\u00e9e par les syst\u00e8mes de base qui font d&#039;Ariens\u00ae le King of Snow\u2122.\" \/>\n<meta property=\"og:url\" content=\"https:\/\/www.ariens.eu\/fr\/produit\/fraise-a-neige\/serie-classic\/classic-24\/\" \/>\n<meta property=\"og:site_name\" content=\"Ariens | EMEAA\" \/>\n<meta property=\"article:modified_time\" content=\"2025-11-10T10:48:20+00:00\" \/>\n<meta property=\"og:image\" content=\"https:\/\/www.ariens.eu\/fr\/wp-content\/uploads\/sites\/4\/2024\/05\/ariens-classic-24_front-3-4.webp\" \/>\n\t<meta property=\"og:image:width\" content=\"900\" \/>\n\t<meta property=\"og:image:height\" content=\"650\" \/>\n\t<meta property=\"og:image:type\" content=\"image\/webp\" \/>\n<meta name=\"twitter:card\" content=\"summary_large_image\" \/>\n<meta name=\"twitter:label1\" content=\"Dur\u00e9e de lecture estim\u00e9e\" \/>\n\t<meta name=\"twitter:data1\" content=\"2 minutes\" \/>\n<script type=\"application\/ld+json\" class=\"yoast-schema-graph\">{\"@context\":\"https:\\\/\\\/schema.org\",\"@graph\":[{\"@type\":\"WebPage\",\"@id\":\"https:\\\/\\\/www.ariens.eu\\\/fr\\\/produit\\\/fraise-a-neige\\\/serie-classic\\\/classic-24\\\/\",\"url\":\"https:\\\/\\\/www.ariens.eu\\\/fr\\\/produit\\\/fraise-a-neige\\\/serie-classic\\\/classic-24\\\/\",\"name\":\"CLASSIC 24 - Fraise \u00e0 neige | Ariens\",\"isPartOf\":{\"@id\":\"https:\\\/\\\/www.ariens.eu\\\/fr\\\/#website\"},\"primaryImageOfPage\":{\"@id\":\"https:\\\/\\\/www.ariens.eu\\\/fr\\\/produit\\\/fraise-a-neige\\\/serie-classic\\\/classic-24\\\/#primaryimage\"},\"image\":{\"@id\":\"https:\\\/\\\/www.ariens.eu\\\/fr\\\/produit\\\/fraise-a-neige\\\/serie-classic\\\/classic-24\\\/#primaryimage\"},\"thumbnailUrl\":\"https:\\\/\\\/www.ariens.eu\\\/fr\\\/wp-content\\\/uploads\\\/sites\\\/4\\\/2024\\\/05\\\/ariens-classic-24_front-3-4.webp\",\"datePublished\":\"2024-05-10T10:04:36+00:00\",\"dateModified\":\"2025-11-10T10:48:20+00:00\",\"description\":\"La fraise \u00e0 neige CLASSIC 24 est notre fraise \u00e0 neige classique et est aliment\u00e9e par les syst\u00e8mes de base qui font d'Ariens\u00ae le King of Snow\u2122.\",\"breadcrumb\":{\"@id\":\"https:\\\/\\\/www.ariens.eu\\\/fr\\\/produit\\\/fraise-a-neige\\\/serie-classic\\\/classic-24\\\/#breadcrumb\"},\"inLanguage\":\"fr-FR\",\"potentialAction\":[{\"@type\":\"ReadAction\",\"target\":[\"https:\\\/\\\/www.ariens.eu\\\/fr\\\/produit\\\/fraise-a-neige\\\/serie-classic\\\/classic-24\\\/\"]}]},{\"@type\":\"ImageObject\",\"inLanguage\":\"fr-FR\",\"@id\":\"https:\\\/\\\/www.ariens.eu\\\/fr\\\/produit\\\/fraise-a-neige\\\/serie-classic\\\/classic-24\\\/#primaryimage\",\"url\":\"https:\\\/\\\/www.ariens.eu\\\/fr\\\/wp-content\\\/uploads\\\/sites\\\/4\\\/2024\\\/05\\\/ariens-classic-24_front-3-4.webp\",\"contentUrl\":\"https:\\\/\\\/www.ariens.eu\\\/fr\\\/wp-content\\\/uploads\\\/sites\\\/4\\\/2024\\\/05\\\/ariens-classic-24_front-3-4.webp\",\"width\":900,\"height\":650},{\"@type\":\"BreadcrumbList\",\"@id\":\"https:\\\/\\\/www.ariens.eu\\\/fr\\\/produit\\\/fraise-a-neige\\\/serie-classic\\\/classic-24\\\/#breadcrumb\",\"itemListElement\":[{\"@type\":\"ListItem\",\"position\":1,\"name\":\"Home\",\"item\":\"https:\\\/\\\/www.ariens.eu\\\/fr\\\/\"},{\"@type\":\"ListItem\",\"position\":2,\"name\":\"Shop\",\"item\":\"https:\\\/\\\/www.ariens.eu\\\/fr\\\/shop\\\/\"},{\"@type\":\"ListItem\",\"position\":3,\"name\":\"CLASSIC 24\"}]},{\"@type\":\"WebSite\",\"@id\":\"https:\\\/\\\/www.ariens.eu\\\/fr\\\/#website\",\"url\":\"https:\\\/\\\/www.ariens.eu\\\/fr\\\/\",\"name\":\"Ariens | EMEAA\",\"description\":\"Powerful and reliable zero-turn mowers &amp; snow blowers for professional users and demanding private customers\",\"potentialAction\":[{\"@type\":\"SearchAction\",\"target\":{\"@type\":\"EntryPoint\",\"urlTemplate\":\"https:\\\/\\\/www.ariens.eu\\\/fr\\\/?s={search_term_string}\"},\"query-input\":{\"@type\":\"PropertyValueSpecification\",\"valueRequired\":true,\"valueName\":\"search_term_string\"}}],\"inLanguage\":\"fr-FR\"}]}<\/script>\n<!-- \/ Yoast SEO plugin. -->","yoast_head_json":{"title":"CLASSIC 24 - Fraise \u00e0 neige | Ariens","description":"La fraise \u00e0 neige CLASSIC 24 est notre fraise \u00e0 neige classique et est aliment\u00e9e par les syst\u00e8mes de base qui font d'Ariens\u00ae le King of Snow\u2122.","robots":{"index":"index","follow":"follow","max-snippet":"max-snippet:-1","max-image-preview":"max-image-preview:large","max-video-preview":"max-video-preview:-1"},"canonical":"https:\/\/www.ariens.eu\/fr\/produit\/fraise-a-neige\/serie-classic\/classic-24\/","og_locale":"fr_FR","og_type":"article","og_title":"CLASSIC 24 - Fraise \u00e0 neige | Ariens","og_description":"La fraise \u00e0 neige CLASSIC 24 est notre fraise \u00e0 neige classique et est aliment\u00e9e par les syst\u00e8mes de base qui font d'Ariens\u00ae le King of Snow\u2122.","og_url":"https:\/\/www.ariens.eu\/fr\/produit\/fraise-a-neige\/serie-classic\/classic-24\/","og_site_name":"Ariens | EMEAA","article_modified_time":"2025-11-10T10:48:20+00:00","og_image":[{"width":900,"height":650,"url":"https:\/\/www.ariens.eu\/fr\/wp-content\/uploads\/sites\/4\/2024\/05\/ariens-classic-24_front-3-4.webp","type":"image\/webp"}],"twitter_card":"summary_large_image","twitter_misc":{"Dur\u00e9e de lecture estim\u00e9e":"2 minutes"},"schema":{"@context":"https:\/\/schema.org","@graph":[{"@type":"WebPage","@id":"https:\/\/www.ariens.eu\/fr\/produit\/fraise-a-neige\/serie-classic\/classic-24\/","url":"https:\/\/www.ariens.eu\/fr\/produit\/fraise-a-neige\/serie-classic\/classic-24\/","name":"CLASSIC 24 - Fraise \u00e0 neige | Ariens","isPartOf":{"@id":"https:\/\/www.ariens.eu\/fr\/#website"},"primaryImageOfPage":{"@id":"https:\/\/www.ariens.eu\/fr\/produit\/fraise-a-neige\/serie-classic\/classic-24\/#primaryimage"},"image":{"@id":"https:\/\/www.ariens.eu\/fr\/produit\/fraise-a-neige\/serie-classic\/classic-24\/#primaryimage"},"thumbnailUrl":"https:\/\/www.ariens.eu\/fr\/wp-content\/uploads\/sites\/4\/2024\/05\/ariens-classic-24_front-3-4.webp","datePublished":"2024-05-10T10:04:36+00:00","dateModified":"2025-11-10T10:48:20+00:00","description":"La fraise \u00e0 neige CLASSIC 24 est notre fraise \u00e0 neige classique et est aliment\u00e9e par les syst\u00e8mes de base qui font d'Ariens\u00ae le King of Snow\u2122.","breadcrumb":{"@id":"https:\/\/www.ariens.eu\/fr\/produit\/fraise-a-neige\/serie-classic\/classic-24\/#breadcrumb"},"inLanguage":"fr-FR","potentialAction":[{"@type":"ReadAction","target":["https:\/\/www.ariens.eu\/fr\/produit\/fraise-a-neige\/serie-classic\/classic-24\/"]}]},{"@type":"ImageObject","inLanguage":"fr-FR","@id":"https:\/\/www.ariens.eu\/fr\/produit\/fraise-a-neige\/serie-classic\/classic-24\/#primaryimage","url":"https:\/\/www.ariens.eu\/fr\/wp-content\/uploads\/sites\/4\/2024\/05\/ariens-classic-24_front-3-4.webp","contentUrl":"https:\/\/www.ariens.eu\/fr\/wp-content\/uploads\/sites\/4\/2024\/05\/ariens-classic-24_front-3-4.webp","width":900,"height":650},{"@type":"BreadcrumbList","@id":"https:\/\/www.ariens.eu\/fr\/produit\/fraise-a-neige\/serie-classic\/classic-24\/#breadcrumb","itemListElement":[{"@type":"ListItem","position":1,"name":"Home","item":"https:\/\/www.ariens.eu\/fr\/"},{"@type":"ListItem","position":2,"name":"Shop","item":"https:\/\/www.ariens.eu\/fr\/shop\/"},{"@type":"ListItem","position":3,"name":"CLASSIC 24"}]},{"@type":"WebSite","@id":"https:\/\/www.ariens.eu\/fr\/#website","url":"https:\/\/www.ariens.eu\/fr\/","name":"Ariens | EMEAA","description":"Powerful and reliable zero-turn mowers &amp; snow blowers for professional users and demanding private customers","potentialAction":[{"@type":"SearchAction","target":{"@type":"EntryPoint","urlTemplate":"https:\/\/www.ariens.eu\/fr\/?s={search_term_string}"},"query-input":{"@type":"PropertyValueSpecification","valueRequired":true,"valueName":"search_term_string"}}],"inLanguage":"fr-FR"}]}},"_links":{"self":[{"href":"https:\/\/www.ariens.eu\/fr\/wp-json\/wp\/v2\/product\/2315","targetHints":{"allow":["GET"]}}],"collection":[{"href":"https:\/\/www.ariens.eu\/fr\/wp-json\/wp\/v2\/product"}],"about":[{"href":"https:\/\/www.ariens.eu\/fr\/wp-json\/wp\/v2\/types\/product"}],"replies":[{"embeddable":true,"href":"https:\/\/www.ariens.eu\/fr\/wp-json\/wp\/v2\/comments?post=2315"}],"wp:featuredmedia":[{"embeddable":true,"href":"https:\/\/www.ariens.eu\/fr\/wp-json\/wp\/v2\/media\/2677"}],"wp:attachment":[{"href":"https:\/\/www.ariens.eu\/fr\/wp-json\/wp\/v2\/media?parent=2315"}],"wp:term":[{"taxonomy":"product_brand","embeddable":true,"href":"https:\/\/www.ariens.eu\/fr\/wp-json\/wp\/v2\/product_brand?post=2315"},{"taxonomy":"product_cat","embeddable":true,"href":"https:\/\/www.ariens.eu\/fr\/wp-json\/wp\/v2\/product_cat?post=2315"},{"taxonomy":"product_tag","embeddable":true,"href":"https:\/\/www.ariens.eu\/fr\/wp-json\/wp\/v2\/product_tag?post=2315"}],"curies":[{"name":"wp","href":"https:\/\/api.w.org\/{rel}","templated":true}]}}