{"id":2316,"date":"2024-05-10T11:04:36","date_gmt":"2024-05-10T10:04:36","guid":{"rendered":"https:\/\/www.ariens.eu\/product\/v-plow-48-122-cm\/"},"modified":"2025-11-10T10:48:20","modified_gmt":"2025-11-10T10:48:20","slug":"v-plow-48-122-cm","status":"publish","type":"product","link":"https:\/\/www.ariens.eu\/fr\/produit\/fraise-a-neige\/outils-portes-mammoth-850-series\/v-plow-48-122-cm","title":{"rendered":"V-PLOW 48&Prime; 122 cm"},"content":{"rendered":"<div class=\"acfd-block acfd-block__twocolumns mb-asm-1 container-fluid px-0 bg-default\">\n<div class=\"acfd-twocolumns\">\n<div class=\"row\">\n<div class='col-lg-9 mb-4'>\n<div class=\"acfd-block acfd-block__headline mb-asm-1 container-fluid px-0 bg-default\">\n<div class=\"acfd-headline\" >\n<h2 class='h2 text-left'>Chasse-neige polyvalent et r\u00e9glable. Pousser, d\u00e9gager et empiler.<\/h2>\n<\/p><\/div>\n<\/div>\n<div class=\"acfd-block acfd-block__text container-fluid px-0 bg-default\">\n<div class=\"acfd-text\">\n<p>D\u00e9couvrez une polyvalence in\u00e9gal\u00e9e en mati\u00e8re de d\u00e9neigement gr\u00e2ce \u00e0 notre chasse-neige polyvalent innovant. Cet accessoire unique offre trois modes pour un d\u00e9neigement optimal : chasse-neige en V, lame droite et mode pelle, ce qui en fait un choix polyvalent pour toutes les conditions hivernales.<\/p>\n<p>La conception avanc\u00e9e de la lame \u00e0 ar\u00eate de coupe garantit un d\u00e9neigement en douceur sur les surfaces irr\u00e9guli\u00e8res, ce qui am\u00e9liore l&#8217;efficacit\u00e9. De plus, l&#8217;accessoire dispose de r\u00e9glages de pression flottante et descendante, prot\u00e9geant \u00e0 la fois la surface et l&#8217;op\u00e9rateur tout en d\u00e9blayant efficacement la neige fortement tass\u00e9e. Pour plus de fonctionnalit\u00e9, le kit d&#8217;aile de 6 \u00bb \u00e9tend la largeur de la lame, offrant un meilleur contr\u00f4le et une plus grande pr\u00e9cision sur les bords du chasse-neige. Cette solution tout-en-un est id\u00e9ale pour tous ceux qui recherchent un chasse-neige fiable et multifonctionnel.<\/p>\n<\/div>\n<\/div><\/div>\n<div class='col-lg'>                    <\/div>\n<\/p><\/div>\n<\/div>\n<\/div>\n","protected":false},"excerpt":{"rendered":"<p>Chasse-neige polyvalent et r\u00e9glable. Pousser, d\u00e9gager et empiler. D\u00e9couvrez une polyvalence in\u00e9gal\u00e9e en mati\u00e8re de d\u00e9neigement gr\u00e2ce \u00e0 notre chasse-neige polyvalent innovant. Cet accessoire unique offre trois modes pour un d\u00e9neigement optimal : chasse-neige en V, lame droite et mode pelle, ce qui en fait un choix polyvalent pour toutes les conditions hivernales. La conception [&hellip;]<\/p>\n","protected":false},"featured_media":3025,"comment_status":"open","ping_status":"closed","template":"","meta":{"_acf_changed":false,"_relevanssi_hide_post":"","_relevanssi_hide_content":"","_relevanssi_pin_for_all":"","_relevanssi_pin_keywords":"","_relevanssi_unpin_keywords":"","_relevanssi_related_keywords":"","_relevanssi_related_include_ids":"","_relevanssi_related_exclude_ids":"","_relevanssi_related_no_append":"","_relevanssi_related_not_related":"","_relevanssi_related_posts":"","_relevanssi_noindex_reason":""},"product_brand":[],"product_cat":[15],"product_tag":[],"class_list":{"0":"post-2316","1":"product","2":"type-product","3":"status-publish","4":"has-post-thumbnail","6":"product_variant-outils-portes-mammoth-850-series","7":"product_usage_areas-service-hivernal","9":"first","10":"instock","11":"shipping-taxable","12":"product-type-simple"},"acf":[],"yoast_head":"<!-- This site is optimized with the Yoast SEO plugin v27.3 - https:\/\/yoast.com\/product\/yoast-seo-wordpress\/ -->\n<title>\u00c9trave \u00e0 neige forme V 48&quot; 122 cm- MAMMOTH\u2122 850 Series<\/title>\n<meta name=\"description\" content=\"Optimisez le d\u00e9neigement avec notre accessoire polyvalent : Modes chasse-neige en V, lame droite, pelle. D\u00e9neigement en douceur, s\u00fbr et pr\u00e9cis. Kit d&#039;aile de 6&quot; inclus.\" \/>\n<meta name=\"robots\" content=\"index, follow, max-snippet:-1, max-image-preview:large, max-video-preview:-1\" \/>\n<link rel=\"canonical\" href=\"https:\/\/www.ariens.eu\/fr\/produit\/fraise-a-neige\/outils-portes-mammoth-850-series\/v-plow-48-122-cm\/\" \/>\n<meta property=\"og:locale\" content=\"fr_FR\" \/>\n<meta property=\"og:type\" content=\"article\" \/>\n<meta property=\"og:title\" content=\"\u00c9trave \u00e0 neige forme V 48&quot; 122 cm- MAMMOTH\u2122 850 Series\" \/>\n<meta property=\"og:description\" content=\"Optimisez le d\u00e9neigement avec notre accessoire polyvalent : Modes chasse-neige en V, lame droite, pelle. D\u00e9neigement en douceur, s\u00fbr et pr\u00e9cis. Kit d&#039;aile de 6&quot; inclus.\" \/>\n<meta property=\"og:url\" content=\"https:\/\/www.ariens.eu\/fr\/produit\/fraise-a-neige\/outils-portes-mammoth-850-series\/v-plow-48-122-cm\/\" \/>\n<meta property=\"og:site_name\" content=\"Ariens | EMEAA\" \/>\n<meta property=\"article:modified_time\" content=\"2025-11-10T10:48:20+00:00\" \/>\n<meta property=\"og:image\" content=\"https:\/\/www.ariens.eu\/fr\/wp-content\/uploads\/sites\/4\/2024\/05\/951001_Mammoth_V-Plow_F-4000x3000-2d96997-scaled.webp\" \/>\n\t<meta property=\"og:image:width\" content=\"2560\" \/>\n\t<meta property=\"og:image:height\" content=\"1920\" \/>\n\t<meta property=\"og:image:type\" content=\"image\/webp\" \/>\n<meta name=\"twitter:card\" content=\"summary_large_image\" \/>\n<meta name=\"twitter:label1\" content=\"Dur\u00e9e de lecture estim\u00e9e\" \/>\n\t<meta name=\"twitter:data1\" content=\"1 minute\" \/>\n<script type=\"application\/ld+json\" class=\"yoast-schema-graph\">{\"@context\":\"https:\\\/\\\/schema.org\",\"@graph\":[{\"@type\":\"WebPage\",\"@id\":\"https:\\\/\\\/www.ariens.eu\\\/fr\\\/produit\\\/fraise-a-neige\\\/outils-portes-mammoth-850-series\\\/v-plow-48-122-cm\\\/\",\"url\":\"https:\\\/\\\/www.ariens.eu\\\/fr\\\/produit\\\/fraise-a-neige\\\/outils-portes-mammoth-850-series\\\/v-plow-48-122-cm\\\/\",\"name\":\"\u00c9trave \u00e0 neige forme V 48\\\" 122 cm- MAMMOTH\u2122 850 Series\",\"isPartOf\":{\"@id\":\"https:\\\/\\\/www.ariens.eu\\\/fr\\\/#website\"},\"primaryImageOfPage\":{\"@id\":\"https:\\\/\\\/www.ariens.eu\\\/fr\\\/produit\\\/fraise-a-neige\\\/outils-portes-mammoth-850-series\\\/v-plow-48-122-cm\\\/#primaryimage\"},\"image\":{\"@id\":\"https:\\\/\\\/www.ariens.eu\\\/fr\\\/produit\\\/fraise-a-neige\\\/outils-portes-mammoth-850-series\\\/v-plow-48-122-cm\\\/#primaryimage\"},\"thumbnailUrl\":\"https:\\\/\\\/www.ariens.eu\\\/fr\\\/wp-content\\\/uploads\\\/sites\\\/4\\\/2024\\\/05\\\/951001_Mammoth_V-Plow_F-4000x3000-2d96997-scaled.webp\",\"datePublished\":\"2024-05-10T10:04:36+00:00\",\"dateModified\":\"2025-11-10T10:48:20+00:00\",\"description\":\"Optimisez le d\u00e9neigement avec notre accessoire polyvalent : Modes chasse-neige en V, lame droite, pelle. D\u00e9neigement en douceur, s\u00fbr et pr\u00e9cis. Kit d'aile de 6\\\" inclus.\",\"breadcrumb\":{\"@id\":\"https:\\\/\\\/www.ariens.eu\\\/fr\\\/produit\\\/fraise-a-neige\\\/outils-portes-mammoth-850-series\\\/v-plow-48-122-cm\\\/#breadcrumb\"},\"inLanguage\":\"fr-FR\",\"potentialAction\":[{\"@type\":\"ReadAction\",\"target\":[\"https:\\\/\\\/www.ariens.eu\\\/fr\\\/produit\\\/fraise-a-neige\\\/outils-portes-mammoth-850-series\\\/v-plow-48-122-cm\\\/\"]}]},{\"@type\":\"ImageObject\",\"inLanguage\":\"fr-FR\",\"@id\":\"https:\\\/\\\/www.ariens.eu\\\/fr\\\/produit\\\/fraise-a-neige\\\/outils-portes-mammoth-850-series\\\/v-plow-48-122-cm\\\/#primaryimage\",\"url\":\"https:\\\/\\\/www.ariens.eu\\\/fr\\\/wp-content\\\/uploads\\\/sites\\\/4\\\/2024\\\/05\\\/951001_Mammoth_V-Plow_F-4000x3000-2d96997-scaled.webp\",\"contentUrl\":\"https:\\\/\\\/www.ariens.eu\\\/fr\\\/wp-content\\\/uploads\\\/sites\\\/4\\\/2024\\\/05\\\/951001_Mammoth_V-Plow_F-4000x3000-2d96997-scaled.webp\",\"width\":2560,\"height\":1920},{\"@type\":\"BreadcrumbList\",\"@id\":\"https:\\\/\\\/www.ariens.eu\\\/fr\\\/produit\\\/fraise-a-neige\\\/outils-portes-mammoth-850-series\\\/v-plow-48-122-cm\\\/#breadcrumb\",\"itemListElement\":[{\"@type\":\"ListItem\",\"position\":1,\"name\":\"Home\",\"item\":\"https:\\\/\\\/www.ariens.eu\\\/fr\\\/\"},{\"@type\":\"ListItem\",\"position\":2,\"name\":\"Shop\",\"item\":\"https:\\\/\\\/www.ariens.eu\\\/fr\\\/shop\\\/\"},{\"@type\":\"ListItem\",\"position\":3,\"name\":\"V-PLOW 48&#8243; 122 cm\"}]},{\"@type\":\"WebSite\",\"@id\":\"https:\\\/\\\/www.ariens.eu\\\/fr\\\/#website\",\"url\":\"https:\\\/\\\/www.ariens.eu\\\/fr\\\/\",\"name\":\"Ariens | EMEAA\",\"description\":\"Powerful and reliable zero-turn mowers &amp; snow blowers for professional users and demanding private customers\",\"potentialAction\":[{\"@type\":\"SearchAction\",\"target\":{\"@type\":\"EntryPoint\",\"urlTemplate\":\"https:\\\/\\\/www.ariens.eu\\\/fr\\\/?s={search_term_string}\"},\"query-input\":{\"@type\":\"PropertyValueSpecification\",\"valueRequired\":true,\"valueName\":\"search_term_string\"}}],\"inLanguage\":\"fr-FR\"}]}<\/script>\n<!-- \/ Yoast SEO plugin. -->","yoast_head_json":{"title":"\u00c9trave \u00e0 neige forme V 48\" 122 cm- MAMMOTH\u2122 850 Series","description":"Optimisez le d\u00e9neigement avec notre accessoire polyvalent : Modes chasse-neige en V, lame droite, pelle. D\u00e9neigement en douceur, s\u00fbr et pr\u00e9cis. Kit d'aile de 6\" inclus.","robots":{"index":"index","follow":"follow","max-snippet":"max-snippet:-1","max-image-preview":"max-image-preview:large","max-video-preview":"max-video-preview:-1"},"canonical":"https:\/\/www.ariens.eu\/fr\/produit\/fraise-a-neige\/outils-portes-mammoth-850-series\/v-plow-48-122-cm\/","og_locale":"fr_FR","og_type":"article","og_title":"\u00c9trave \u00e0 neige forme V 48\" 122 cm- MAMMOTH\u2122 850 Series","og_description":"Optimisez le d\u00e9neigement avec notre accessoire polyvalent : Modes chasse-neige en V, lame droite, pelle. D\u00e9neigement en douceur, s\u00fbr et pr\u00e9cis. Kit d'aile de 6\" inclus.","og_url":"https:\/\/www.ariens.eu\/fr\/produit\/fraise-a-neige\/outils-portes-mammoth-850-series\/v-plow-48-122-cm\/","og_site_name":"Ariens | EMEAA","article_modified_time":"2025-11-10T10:48:20+00:00","og_image":[{"width":2560,"height":1920,"url":"https:\/\/www.ariens.eu\/fr\/wp-content\/uploads\/sites\/4\/2024\/05\/951001_Mammoth_V-Plow_F-4000x3000-2d96997-scaled.webp","type":"image\/webp"}],"twitter_card":"summary_large_image","twitter_misc":{"Dur\u00e9e de lecture estim\u00e9e":"1 minute"},"schema":{"@context":"https:\/\/schema.org","@graph":[{"@type":"WebPage","@id":"https:\/\/www.ariens.eu\/fr\/produit\/fraise-a-neige\/outils-portes-mammoth-850-series\/v-plow-48-122-cm\/","url":"https:\/\/www.ariens.eu\/fr\/produit\/fraise-a-neige\/outils-portes-mammoth-850-series\/v-plow-48-122-cm\/","name":"\u00c9trave \u00e0 neige forme V 48\" 122 cm- MAMMOTH\u2122 850 Series","isPartOf":{"@id":"https:\/\/www.ariens.eu\/fr\/#website"},"primaryImageOfPage":{"@id":"https:\/\/www.ariens.eu\/fr\/produit\/fraise-a-neige\/outils-portes-mammoth-850-series\/v-plow-48-122-cm\/#primaryimage"},"image":{"@id":"https:\/\/www.ariens.eu\/fr\/produit\/fraise-a-neige\/outils-portes-mammoth-850-series\/v-plow-48-122-cm\/#primaryimage"},"thumbnailUrl":"https:\/\/www.ariens.eu\/fr\/wp-content\/uploads\/sites\/4\/2024\/05\/951001_Mammoth_V-Plow_F-4000x3000-2d96997-scaled.webp","datePublished":"2024-05-10T10:04:36+00:00","dateModified":"2025-11-10T10:48:20+00:00","description":"Optimisez le d\u00e9neigement avec notre accessoire polyvalent : Modes chasse-neige en V, lame droite, pelle. D\u00e9neigement en douceur, s\u00fbr et pr\u00e9cis. Kit d'aile de 6\" inclus.","breadcrumb":{"@id":"https:\/\/www.ariens.eu\/fr\/produit\/fraise-a-neige\/outils-portes-mammoth-850-series\/v-plow-48-122-cm\/#breadcrumb"},"inLanguage":"fr-FR","potentialAction":[{"@type":"ReadAction","target":["https:\/\/www.ariens.eu\/fr\/produit\/fraise-a-neige\/outils-portes-mammoth-850-series\/v-plow-48-122-cm\/"]}]},{"@type":"ImageObject","inLanguage":"fr-FR","@id":"https:\/\/www.ariens.eu\/fr\/produit\/fraise-a-neige\/outils-portes-mammoth-850-series\/v-plow-48-122-cm\/#primaryimage","url":"https:\/\/www.ariens.eu\/fr\/wp-content\/uploads\/sites\/4\/2024\/05\/951001_Mammoth_V-Plow_F-4000x3000-2d96997-scaled.webp","contentUrl":"https:\/\/www.ariens.eu\/fr\/wp-content\/uploads\/sites\/4\/2024\/05\/951001_Mammoth_V-Plow_F-4000x3000-2d96997-scaled.webp","width":2560,"height":1920},{"@type":"BreadcrumbList","@id":"https:\/\/www.ariens.eu\/fr\/produit\/fraise-a-neige\/outils-portes-mammoth-850-series\/v-plow-48-122-cm\/#breadcrumb","itemListElement":[{"@type":"ListItem","position":1,"name":"Home","item":"https:\/\/www.ariens.eu\/fr\/"},{"@type":"ListItem","position":2,"name":"Shop","item":"https:\/\/www.ariens.eu\/fr\/shop\/"},{"@type":"ListItem","position":3,"name":"V-PLOW 48&#8243; 122 cm"}]},{"@type":"WebSite","@id":"https:\/\/www.ariens.eu\/fr\/#website","url":"https:\/\/www.ariens.eu\/fr\/","name":"Ariens | EMEAA","description":"Powerful and reliable zero-turn mowers &amp; snow blowers for professional users and demanding private customers","potentialAction":[{"@type":"SearchAction","target":{"@type":"EntryPoint","urlTemplate":"https:\/\/www.ariens.eu\/fr\/?s={search_term_string}"},"query-input":{"@type":"PropertyValueSpecification","valueRequired":true,"valueName":"search_term_string"}}],"inLanguage":"fr-FR"}]}},"_links":{"self":[{"href":"https:\/\/www.ariens.eu\/fr\/wp-json\/wp\/v2\/product\/2316","targetHints":{"allow":["GET"]}}],"collection":[{"href":"https:\/\/www.ariens.eu\/fr\/wp-json\/wp\/v2\/product"}],"about":[{"href":"https:\/\/www.ariens.eu\/fr\/wp-json\/wp\/v2\/types\/product"}],"replies":[{"embeddable":true,"href":"https:\/\/www.ariens.eu\/fr\/wp-json\/wp\/v2\/comments?post=2316"}],"wp:featuredmedia":[{"embeddable":true,"href":"https:\/\/www.ariens.eu\/fr\/wp-json\/wp\/v2\/media\/3025"}],"wp:attachment":[{"href":"https:\/\/www.ariens.eu\/fr\/wp-json\/wp\/v2\/media?parent=2316"}],"wp:term":[{"taxonomy":"product_brand","embeddable":true,"href":"https:\/\/www.ariens.eu\/fr\/wp-json\/wp\/v2\/product_brand?post=2316"},{"taxonomy":"product_cat","embeddable":true,"href":"https:\/\/www.ariens.eu\/fr\/wp-json\/wp\/v2\/product_cat?post=2316"},{"taxonomy":"product_tag","embeddable":true,"href":"https:\/\/www.ariens.eu\/fr\/wp-json\/wp\/v2\/product_tag?post=2316"}],"curies":[{"name":"wp","href":"https:\/\/api.w.org\/{rel}","templated":true}]}}