{"id":2317,"date":"2024-05-10T11:04:36","date_gmt":"2024-05-10T10:04:36","guid":{"rendered":"https:\/\/www.ariens.eu\/product\/snow-blade-48-122-cm\/"},"modified":"2026-01-06T12:15:06","modified_gmt":"2026-01-06T12:15:06","slug":"snow-blade-48-122-cm","status":"publish","type":"product","link":"https:\/\/www.ariens.eu\/fr\/produit\/fraise-a-neige\/outils-portes-mammoth-850-series\/snow-blade-48-122-cm","title":{"rendered":"SNOW BLADE 48&Prime; 122 cm"},"content":{"rendered":"<div class=\"acfd-block acfd-block__twocolumns mb-asm-1 container-fluid px-0 bg-default\">\n<div class=\"acfd-twocolumns\">\n<div class=\"row\">\n<div class='col-lg-9 mb-4'>\n<div class=\"acfd-block acfd-block__headline mb-asm-1 container-fluid px-0 bg-default\">\n<div class=\"acfd-headline\" >\n<h2 class='h2 text-left'>D\u00e9blayer la neige rapidement et facilement<\/h2>\n<\/p><\/div>\n<\/div>\n<div class=\"acfd-block acfd-block__text container-fluid px-0 bg-default\">\n<div class=\"acfd-text\">\n<p>Faites l&#8217;exp\u00e9rience d&#8217;un d\u00e9neigement sans effort avec la lame racleuse Mammoth\u2122 Snow-Plow, dot\u00e9e d&#8217;une construction robuste en acier de 48 pouces d&#8217;\u00e9paisseur. Cette lame excelle dans le d\u00e9gagement rapide de la neige et de la neige fondue, garantissant une surface propre et s\u00fbre.<\/p>\n<p>Compatible avec le syst\u00e8me de fixation innovant Snowzilla\u2122, elle permet une fixation ou un d\u00e9tachement rapide par une seule personne en seulement 30 secondes, rationalisant ainsi votre processus de d\u00e9neigement. La lame Mammoth\u2122 est contr\u00f4l\u00e9e sans effort via un joystick \u00e9lectrique situ\u00e9 sur le tableau de bord, offrant une maniabilit\u00e9 pr\u00e9cise. R\u00e9glez le flottement, appliquez une pression vers le bas ou faites pivoter la lame jusqu&#8217;\u00e0 30 degr\u00e9s vers la gauche ou la droite pour un d\u00e9neigement optimal. Chaque unit\u00e9 est \u00e9quip\u00e9e d&#8217;une lame de raclage en acier durable, con\u00e7ue pour des performances \u00e0 long terme. Cette lame racleuse de chasse-neige est indispensable pour une gestion efficace et performante de la neige avec le Mammoth\u2122 850.<\/p>\n<\/div>\n<\/div><\/div>\n<div class='col-lg'>                    <\/div>\n<\/p><\/div>\n<\/div>\n<\/div>\n","protected":false},"excerpt":{"rendered":"<p>D\u00e9blayer la neige rapidement et facilement Faites l&#8217;exp\u00e9rience d&#8217;un d\u00e9neigement sans effort avec la lame racleuse Mammoth\u2122 Snow-Plow, dot\u00e9e d&#8217;une construction robuste en acier de 48 pouces d&#8217;\u00e9paisseur. Cette lame excelle dans le d\u00e9gagement rapide de la neige et de la neige fondue, garantissant une surface propre et s\u00fbre. Compatible avec le syst\u00e8me de fixation [&hellip;]<\/p>\n","protected":false},"featured_media":3026,"comment_status":"open","ping_status":"closed","template":"","meta":{"_acf_changed":false,"_relevanssi_hide_post":"","_relevanssi_hide_content":"","_relevanssi_pin_for_all":"","_relevanssi_pin_keywords":"","_relevanssi_unpin_keywords":"","_relevanssi_related_keywords":"","_relevanssi_related_include_ids":"","_relevanssi_related_exclude_ids":"","_relevanssi_related_no_append":"","_relevanssi_related_not_related":"","_relevanssi_related_posts":"","_relevanssi_noindex_reason":""},"product_brand":[],"product_cat":[15],"product_tag":[],"class_list":{"0":"post-2317","1":"product","2":"type-product","3":"status-publish","4":"has-post-thumbnail","6":"product_variant-outils-portes-mammoth-850-series","7":"product_usage_areas-service-hivernal","9":"first","10":"instock","11":"shipping-taxable","12":"product-type-simple"},"acf":[],"yoast_head":"<!-- This site is optimized with the Yoast SEO plugin v27.3 - https:\/\/yoast.com\/product\/yoast-seo-wordpress\/ -->\n<title>Lame de d\u00e9neigement 122 cm - MAMMOTH\u2122 850 Series | Ariens<\/title>\n<meta name=\"description\" content=\"D\u00e9couvrez la puissance de la lame racleuse MAMMOTH\u2122 Snow-Plow pour un d\u00e9neigement sans effort. Dot\u00e9e d&#039;une conception robuste en acier de 48 pouces et d&#039;un syst\u00e8me de fixation rapide Snowzilla\u2122.\" \/>\n<meta name=\"robots\" content=\"index, follow, max-snippet:-1, max-image-preview:large, max-video-preview:-1\" \/>\n<link rel=\"canonical\" href=\"https:\/\/www.ariens.eu\/fr\/produit\/fraise-a-neige\/outils-portes-mammoth-850-series\/snow-blade-48-122-cm\/\" \/>\n<meta property=\"og:locale\" content=\"fr_FR\" \/>\n<meta property=\"og:type\" content=\"article\" \/>\n<meta property=\"og:title\" content=\"Lame de d\u00e9neigement 122 cm - MAMMOTH\u2122 850 Series | Ariens\" \/>\n<meta property=\"og:description\" content=\"D\u00e9couvrez la puissance de la lame racleuse MAMMOTH\u2122 Snow-Plow pour un d\u00e9neigement sans effort. Dot\u00e9e d&#039;une conception robuste en acier de 48 pouces et d&#039;un syst\u00e8me de fixation rapide Snowzilla\u2122.\" \/>\n<meta property=\"og:url\" content=\"https:\/\/www.ariens.eu\/fr\/produit\/fraise-a-neige\/outils-portes-mammoth-850-series\/snow-blade-48-122-cm\/\" \/>\n<meta property=\"og:site_name\" content=\"Ariens | EMEAA\" \/>\n<meta property=\"article:modified_time\" content=\"2026-01-06T12:15:06+00:00\" \/>\n<meta property=\"og:image\" content=\"https:\/\/www.ariens.eu\/fr\/wp-content\/uploads\/sites\/4\/2024\/05\/951001-Mammoth-48in_Blade_FL34-4000x3000-2d96997-1-scaled.webp\" \/>\n\t<meta property=\"og:image:width\" content=\"2560\" \/>\n\t<meta property=\"og:image:height\" content=\"1920\" \/>\n\t<meta property=\"og:image:type\" content=\"image\/webp\" \/>\n<meta name=\"twitter:card\" content=\"summary_large_image\" \/>\n<meta name=\"twitter:label1\" content=\"Dur\u00e9e de lecture estim\u00e9e\" \/>\n\t<meta name=\"twitter:data1\" content=\"2 minutes\" \/>\n<script type=\"application\/ld+json\" class=\"yoast-schema-graph\">{\"@context\":\"https:\\\/\\\/schema.org\",\"@graph\":[{\"@type\":\"WebPage\",\"@id\":\"https:\\\/\\\/www.ariens.eu\\\/fr\\\/produit\\\/fraise-a-neige\\\/outils-portes-mammoth-850-series\\\/snow-blade-48-122-cm\\\/\",\"url\":\"https:\\\/\\\/www.ariens.eu\\\/fr\\\/produit\\\/fraise-a-neige\\\/outils-portes-mammoth-850-series\\\/snow-blade-48-122-cm\\\/\",\"name\":\"Lame de d\u00e9neigement 122 cm - MAMMOTH\u2122 850 Series | Ariens\",\"isPartOf\":{\"@id\":\"https:\\\/\\\/www.ariens.eu\\\/fr\\\/#website\"},\"primaryImageOfPage\":{\"@id\":\"https:\\\/\\\/www.ariens.eu\\\/fr\\\/produit\\\/fraise-a-neige\\\/outils-portes-mammoth-850-series\\\/snow-blade-48-122-cm\\\/#primaryimage\"},\"image\":{\"@id\":\"https:\\\/\\\/www.ariens.eu\\\/fr\\\/produit\\\/fraise-a-neige\\\/outils-portes-mammoth-850-series\\\/snow-blade-48-122-cm\\\/#primaryimage\"},\"thumbnailUrl\":\"https:\\\/\\\/www.ariens.eu\\\/fr\\\/wp-content\\\/uploads\\\/sites\\\/4\\\/2024\\\/05\\\/951001-Mammoth-48in_Blade_FL34-4000x3000-2d96997-1-scaled.webp\",\"datePublished\":\"2024-05-10T10:04:36+00:00\",\"dateModified\":\"2026-01-06T12:15:06+00:00\",\"description\":\"D\u00e9couvrez la puissance de la lame racleuse MAMMOTH\u2122 Snow-Plow pour un d\u00e9neigement sans effort. Dot\u00e9e d'une conception robuste en acier de 48 pouces et d'un syst\u00e8me de fixation rapide Snowzilla\u2122.\",\"breadcrumb\":{\"@id\":\"https:\\\/\\\/www.ariens.eu\\\/fr\\\/produit\\\/fraise-a-neige\\\/outils-portes-mammoth-850-series\\\/snow-blade-48-122-cm\\\/#breadcrumb\"},\"inLanguage\":\"fr-FR\",\"potentialAction\":[{\"@type\":\"ReadAction\",\"target\":[\"https:\\\/\\\/www.ariens.eu\\\/fr\\\/produit\\\/fraise-a-neige\\\/outils-portes-mammoth-850-series\\\/snow-blade-48-122-cm\\\/\"]}]},{\"@type\":\"ImageObject\",\"inLanguage\":\"fr-FR\",\"@id\":\"https:\\\/\\\/www.ariens.eu\\\/fr\\\/produit\\\/fraise-a-neige\\\/outils-portes-mammoth-850-series\\\/snow-blade-48-122-cm\\\/#primaryimage\",\"url\":\"https:\\\/\\\/www.ariens.eu\\\/fr\\\/wp-content\\\/uploads\\\/sites\\\/4\\\/2024\\\/05\\\/951001-Mammoth-48in_Blade_FL34-4000x3000-2d96997-1-scaled.webp\",\"contentUrl\":\"https:\\\/\\\/www.ariens.eu\\\/fr\\\/wp-content\\\/uploads\\\/sites\\\/4\\\/2024\\\/05\\\/951001-Mammoth-48in_Blade_FL34-4000x3000-2d96997-1-scaled.webp\",\"width\":2560,\"height\":1920},{\"@type\":\"BreadcrumbList\",\"@id\":\"https:\\\/\\\/www.ariens.eu\\\/fr\\\/produit\\\/fraise-a-neige\\\/outils-portes-mammoth-850-series\\\/snow-blade-48-122-cm\\\/#breadcrumb\",\"itemListElement\":[{\"@type\":\"ListItem\",\"position\":1,\"name\":\"Home\",\"item\":\"https:\\\/\\\/www.ariens.eu\\\/fr\\\/\"},{\"@type\":\"ListItem\",\"position\":2,\"name\":\"Shop\",\"item\":\"https:\\\/\\\/www.ariens.eu\\\/fr\\\/shop\\\/\"},{\"@type\":\"ListItem\",\"position\":3,\"name\":\"SNOW BLADE 48&#8243; 122 cm\"}]},{\"@type\":\"WebSite\",\"@id\":\"https:\\\/\\\/www.ariens.eu\\\/fr\\\/#website\",\"url\":\"https:\\\/\\\/www.ariens.eu\\\/fr\\\/\",\"name\":\"Ariens | EMEAA\",\"description\":\"Powerful and reliable zero-turn mowers &amp; snow blowers for professional users and demanding private customers\",\"potentialAction\":[{\"@type\":\"SearchAction\",\"target\":{\"@type\":\"EntryPoint\",\"urlTemplate\":\"https:\\\/\\\/www.ariens.eu\\\/fr\\\/?s={search_term_string}\"},\"query-input\":{\"@type\":\"PropertyValueSpecification\",\"valueRequired\":true,\"valueName\":\"search_term_string\"}}],\"inLanguage\":\"fr-FR\"}]}<\/script>\n<!-- \/ Yoast SEO plugin. -->","yoast_head_json":{"title":"Lame de d\u00e9neigement 122 cm - MAMMOTH\u2122 850 Series | Ariens","description":"D\u00e9couvrez la puissance de la lame racleuse MAMMOTH\u2122 Snow-Plow pour un d\u00e9neigement sans effort. Dot\u00e9e d'une conception robuste en acier de 48 pouces et d'un syst\u00e8me de fixation rapide Snowzilla\u2122.","robots":{"index":"index","follow":"follow","max-snippet":"max-snippet:-1","max-image-preview":"max-image-preview:large","max-video-preview":"max-video-preview:-1"},"canonical":"https:\/\/www.ariens.eu\/fr\/produit\/fraise-a-neige\/outils-portes-mammoth-850-series\/snow-blade-48-122-cm\/","og_locale":"fr_FR","og_type":"article","og_title":"Lame de d\u00e9neigement 122 cm - MAMMOTH\u2122 850 Series | Ariens","og_description":"D\u00e9couvrez la puissance de la lame racleuse MAMMOTH\u2122 Snow-Plow pour un d\u00e9neigement sans effort. Dot\u00e9e d'une conception robuste en acier de 48 pouces et d'un syst\u00e8me de fixation rapide Snowzilla\u2122.","og_url":"https:\/\/www.ariens.eu\/fr\/produit\/fraise-a-neige\/outils-portes-mammoth-850-series\/snow-blade-48-122-cm\/","og_site_name":"Ariens | EMEAA","article_modified_time":"2026-01-06T12:15:06+00:00","og_image":[{"width":2560,"height":1920,"url":"https:\/\/www.ariens.eu\/fr\/wp-content\/uploads\/sites\/4\/2024\/05\/951001-Mammoth-48in_Blade_FL34-4000x3000-2d96997-1-scaled.webp","type":"image\/webp"}],"twitter_card":"summary_large_image","twitter_misc":{"Dur\u00e9e de lecture estim\u00e9e":"2 minutes"},"schema":{"@context":"https:\/\/schema.org","@graph":[{"@type":"WebPage","@id":"https:\/\/www.ariens.eu\/fr\/produit\/fraise-a-neige\/outils-portes-mammoth-850-series\/snow-blade-48-122-cm\/","url":"https:\/\/www.ariens.eu\/fr\/produit\/fraise-a-neige\/outils-portes-mammoth-850-series\/snow-blade-48-122-cm\/","name":"Lame de d\u00e9neigement 122 cm - MAMMOTH\u2122 850 Series | Ariens","isPartOf":{"@id":"https:\/\/www.ariens.eu\/fr\/#website"},"primaryImageOfPage":{"@id":"https:\/\/www.ariens.eu\/fr\/produit\/fraise-a-neige\/outils-portes-mammoth-850-series\/snow-blade-48-122-cm\/#primaryimage"},"image":{"@id":"https:\/\/www.ariens.eu\/fr\/produit\/fraise-a-neige\/outils-portes-mammoth-850-series\/snow-blade-48-122-cm\/#primaryimage"},"thumbnailUrl":"https:\/\/www.ariens.eu\/fr\/wp-content\/uploads\/sites\/4\/2024\/05\/951001-Mammoth-48in_Blade_FL34-4000x3000-2d96997-1-scaled.webp","datePublished":"2024-05-10T10:04:36+00:00","dateModified":"2026-01-06T12:15:06+00:00","description":"D\u00e9couvrez la puissance de la lame racleuse MAMMOTH\u2122 Snow-Plow pour un d\u00e9neigement sans effort. Dot\u00e9e d'une conception robuste en acier de 48 pouces et d'un syst\u00e8me de fixation rapide Snowzilla\u2122.","breadcrumb":{"@id":"https:\/\/www.ariens.eu\/fr\/produit\/fraise-a-neige\/outils-portes-mammoth-850-series\/snow-blade-48-122-cm\/#breadcrumb"},"inLanguage":"fr-FR","potentialAction":[{"@type":"ReadAction","target":["https:\/\/www.ariens.eu\/fr\/produit\/fraise-a-neige\/outils-portes-mammoth-850-series\/snow-blade-48-122-cm\/"]}]},{"@type":"ImageObject","inLanguage":"fr-FR","@id":"https:\/\/www.ariens.eu\/fr\/produit\/fraise-a-neige\/outils-portes-mammoth-850-series\/snow-blade-48-122-cm\/#primaryimage","url":"https:\/\/www.ariens.eu\/fr\/wp-content\/uploads\/sites\/4\/2024\/05\/951001-Mammoth-48in_Blade_FL34-4000x3000-2d96997-1-scaled.webp","contentUrl":"https:\/\/www.ariens.eu\/fr\/wp-content\/uploads\/sites\/4\/2024\/05\/951001-Mammoth-48in_Blade_FL34-4000x3000-2d96997-1-scaled.webp","width":2560,"height":1920},{"@type":"BreadcrumbList","@id":"https:\/\/www.ariens.eu\/fr\/produit\/fraise-a-neige\/outils-portes-mammoth-850-series\/snow-blade-48-122-cm\/#breadcrumb","itemListElement":[{"@type":"ListItem","position":1,"name":"Home","item":"https:\/\/www.ariens.eu\/fr\/"},{"@type":"ListItem","position":2,"name":"Shop","item":"https:\/\/www.ariens.eu\/fr\/shop\/"},{"@type":"ListItem","position":3,"name":"SNOW BLADE 48&#8243; 122 cm"}]},{"@type":"WebSite","@id":"https:\/\/www.ariens.eu\/fr\/#website","url":"https:\/\/www.ariens.eu\/fr\/","name":"Ariens | EMEAA","description":"Powerful and reliable zero-turn mowers &amp; snow blowers for professional users and demanding private customers","potentialAction":[{"@type":"SearchAction","target":{"@type":"EntryPoint","urlTemplate":"https:\/\/www.ariens.eu\/fr\/?s={search_term_string}"},"query-input":{"@type":"PropertyValueSpecification","valueRequired":true,"valueName":"search_term_string"}}],"inLanguage":"fr-FR"}]}},"_links":{"self":[{"href":"https:\/\/www.ariens.eu\/fr\/wp-json\/wp\/v2\/product\/2317","targetHints":{"allow":["GET"]}}],"collection":[{"href":"https:\/\/www.ariens.eu\/fr\/wp-json\/wp\/v2\/product"}],"about":[{"href":"https:\/\/www.ariens.eu\/fr\/wp-json\/wp\/v2\/types\/product"}],"replies":[{"embeddable":true,"href":"https:\/\/www.ariens.eu\/fr\/wp-json\/wp\/v2\/comments?post=2317"}],"wp:featuredmedia":[{"embeddable":true,"href":"https:\/\/www.ariens.eu\/fr\/wp-json\/wp\/v2\/media\/3026"}],"wp:attachment":[{"href":"https:\/\/www.ariens.eu\/fr\/wp-json\/wp\/v2\/media?parent=2317"}],"wp:term":[{"taxonomy":"product_brand","embeddable":true,"href":"https:\/\/www.ariens.eu\/fr\/wp-json\/wp\/v2\/product_brand?post=2317"},{"taxonomy":"product_cat","embeddable":true,"href":"https:\/\/www.ariens.eu\/fr\/wp-json\/wp\/v2\/product_cat?post=2317"},{"taxonomy":"product_tag","embeddable":true,"href":"https:\/\/www.ariens.eu\/fr\/wp-json\/wp\/v2\/product_tag?post=2317"}],"curies":[{"name":"wp","href":"https:\/\/api.w.org\/{rel}","templated":true}]}}