{"id":2318,"date":"2024-05-10T11:04:36","date_gmt":"2024-05-10T10:04:36","guid":{"rendered":"https:\/\/www.ariens.eu\/product\/power-brush-44-112-cm\/"},"modified":"2026-01-06T12:22:20","modified_gmt":"2026-01-06T12:22:20","slug":"power-brush-44-112-cm","status":"publish","type":"product","link":"https:\/\/www.ariens.eu\/fr\/produit\/fraise-a-neige\/outils-portes-mammoth-850-series\/power-brush-44-112-cm","title":{"rendered":"POWER BRUSH 44&Prime; 112 cm"},"content":{"rendered":"<div class=\"acfd-block acfd-block__twocolumns mb-asm-1 container-fluid px-0 bg-default\">\n<div class=\"acfd-twocolumns\">\n<div class=\"row\">\n<div class='col-lg-9 mb-4'>\n<div class=\"acfd-block acfd-block__headline mb-asm-1 container-fluid px-0 bg-default\">\n<div class=\"acfd-headline\" >\n<h2 class='h2 text-left'>Effet de d\u00e9neigement maximal avec de la neige fra\u00eeche<\/h2>\n<\/p><\/div>\n<\/div>\n<div class=\"acfd-block acfd-block__text container-fluid px-0 bg-default\">\n<div class=\"acfd-text\">\n<p>Le balai m\u00e9canique 44&#8243; est une solution de premier ordre pour un nettoyage en profondeur des surfaces. Id\u00e9al pour les propri\u00e9t\u00e9s \u00e0 tol\u00e9rance z\u00e9ro, ce balai m\u00e9canique nettoie de mani\u00e8re experte jusqu&#8217;\u00e0 la surface.<\/p>\n<p>Il est \u00e9quip\u00e9 de disques \u00e0 poils individuels en polym\u00e8re innovants, garantissant long\u00e9vit\u00e9 et facilit\u00e9 d&#8217;entretien gr\u00e2ce \u00e0 des options de remplacement simples en cas d&#8217;usure. Mesurant 42 pouces de longueur, 48 pouces de largeur et 26,5 pouces de hauteur, il est con\u00e7u pour une couverture efficace. Avec un poids de 435 livres, il est robuste tout en restant maniable. Le balai m\u00e9canique pr\u00e9sente un angle de pivotement maximal de 40 degr\u00e9s, ce qui permet un contr\u00f4le directionnel efficace. Sa vitesse de rotation impressionnante de 220 tr\/min assure un nettoyage rapide et efficace. C&#8217;est un outil indispensable pour tous ceux qui ont besoin d&#8217;un nettoyage pr\u00e9cis et complet des surfaces.<\/p>\n<\/div>\n<\/div><\/div>\n<div class='col-lg'>                    <\/div>\n<\/p><\/div>\n<\/div>\n<\/div>\n<div class=\"acfd-block acfd-block__twocolumns container-fluid px-0 bg-default\">\n<div class=\"acfd-twocolumns\">\n<div class=\"row\">\n<div class='col-lg-9 mb-4'>                    <\/div>\n<div class='col-lg'>                    <\/div>\n<\/p><\/div>\n<\/div>\n<\/div>\n","protected":false},"excerpt":{"rendered":"<p>Effet de d\u00e9neigement maximal avec de la neige fra\u00eeche Le balai m\u00e9canique 44&#8243; est une solution de premier ordre pour un nettoyage en profondeur des surfaces. Id\u00e9al pour les propri\u00e9t\u00e9s \u00e0 tol\u00e9rance z\u00e9ro, ce balai m\u00e9canique nettoie de mani\u00e8re experte jusqu&#8217;\u00e0 la surface. Il est \u00e9quip\u00e9 de disques \u00e0 poils individuels en polym\u00e8re innovants, garantissant [&hellip;]<\/p>\n","protected":false},"featured_media":3019,"comment_status":"open","ping_status":"closed","template":"","meta":{"_acf_changed":false,"_relevanssi_hide_post":"","_relevanssi_hide_content":"","_relevanssi_pin_for_all":"","_relevanssi_pin_keywords":"","_relevanssi_unpin_keywords":"","_relevanssi_related_keywords":"","_relevanssi_related_include_ids":"","_relevanssi_related_exclude_ids":"","_relevanssi_related_no_append":"","_relevanssi_related_not_related":"","_relevanssi_related_posts":"","_relevanssi_noindex_reason":""},"product_cat":[15],"product_tag":[],"acf":[],"yoast_head":"<!-- This site is optimized with the Yoast SEO plugin v23.0 - https:\/\/yoast.com\/wordpress\/plugins\/seo\/ -->\n<title>Balayeuse 44&quot; 112 cm - MAMMOTH\u2122 850 Series | Ariens<\/title>\n<meta name=\"description\" content=\"Ma\u00eetrisez le nettoyage des surfaces avec le balai m\u00e9canique 44&quot;. Parfait pour les zones de tol\u00e9rance z\u00e9ro, il est dot\u00e9 de poils en polym\u00e8re rempla\u00e7ables et d&#039;une vitesse de rotation robuste de 220 tr\/min.\" \/>\n<meta name=\"robots\" content=\"index, follow, max-snippet:-1, max-image-preview:large, max-video-preview:-1\" \/>\n<link rel=\"canonical\" href=\"https:\/\/www.ariens.eu\/fr\/produit\/fraise-a-neige\/outils-portes-mammoth-850-series\/power-brush-44-112-cm\/\" \/>\n<meta property=\"og:locale\" content=\"fr_FR\" \/>\n<meta property=\"og:type\" content=\"article\" \/>\n<meta property=\"og:title\" content=\"Balayeuse 44&quot; 112 cm - MAMMOTH\u2122 850 Series | Ariens\" \/>\n<meta property=\"og:description\" content=\"Ma\u00eetrisez le nettoyage des surfaces avec le balai m\u00e9canique 44&quot;. Parfait pour les zones de tol\u00e9rance z\u00e9ro, il est dot\u00e9 de poils en polym\u00e8re rempla\u00e7ables et d&#039;une vitesse de rotation robuste de 220 tr\/min.\" \/>\n<meta property=\"og:url\" content=\"https:\/\/www.ariens.eu\/fr\/produit\/fraise-a-neige\/outils-portes-mammoth-850-series\/power-brush-44-112-cm\/\" \/>\n<meta property=\"og:site_name\" content=\"Ariens | EMEAA\" \/>\n<meta property=\"article:modified_time\" content=\"2026-01-06T12:22:20+00:00\" \/>\n<meta property=\"og:image\" content=\"https:\/\/www.ariens.eu\/fr\/wp-content\/uploads\/sites\/4\/2024\/05\/951001-Mammoth-44in_Brush_FL34-scaled.webp\" \/>\n\t<meta property=\"og:image:width\" content=\"2560\" \/>\n\t<meta property=\"og:image:height\" content=\"1920\" \/>\n\t<meta property=\"og:image:type\" content=\"image\/webp\" \/>\n<meta name=\"twitter:card\" content=\"summary_large_image\" \/>\n<meta name=\"twitter:label1\" content=\"Dur\u00e9e de lecture estim\u00e9e\" \/>\n\t<meta name=\"twitter:data1\" content=\"1 minute\" \/>\n<script type=\"application\/ld+json\" class=\"yoast-schema-graph\">{\"@context\":\"https:\/\/schema.org\",\"@graph\":[{\"@type\":\"WebPage\",\"@id\":\"https:\/\/www.ariens.eu\/fr\/produit\/fraise-a-neige\/outils-portes-mammoth-850-series\/power-brush-44-112-cm\/\",\"url\":\"https:\/\/www.ariens.eu\/fr\/produit\/fraise-a-neige\/outils-portes-mammoth-850-series\/power-brush-44-112-cm\/\",\"name\":\"Balayeuse 44\\\" 112 cm - MAMMOTH\u2122 850 Series | Ariens\",\"isPartOf\":{\"@id\":\"https:\/\/www.ariens.eu\/fr\/#website\"},\"primaryImageOfPage\":{\"@id\":\"https:\/\/www.ariens.eu\/fr\/produit\/fraise-a-neige\/outils-portes-mammoth-850-series\/power-brush-44-112-cm\/#primaryimage\"},\"image\":{\"@id\":\"https:\/\/www.ariens.eu\/fr\/produit\/fraise-a-neige\/outils-portes-mammoth-850-series\/power-brush-44-112-cm\/#primaryimage\"},\"thumbnailUrl\":\"https:\/\/www.ariens.eu\/fr\/wp-content\/uploads\/sites\/4\/2024\/05\/951001-Mammoth-44in_Brush_FL34-scaled.webp\",\"datePublished\":\"2024-05-10T10:04:36+00:00\",\"dateModified\":\"2026-01-06T12:22:20+00:00\",\"description\":\"Ma\u00eetrisez le nettoyage des surfaces avec le balai m\u00e9canique 44\\\". Parfait pour les zones de tol\u00e9rance z\u00e9ro, il est dot\u00e9 de poils en polym\u00e8re rempla\u00e7ables et d'une vitesse de rotation robuste de 220 tr\/min.\",\"breadcrumb\":{\"@id\":\"https:\/\/www.ariens.eu\/fr\/produit\/fraise-a-neige\/outils-portes-mammoth-850-series\/power-brush-44-112-cm\/#breadcrumb\"},\"inLanguage\":\"fr-FR\",\"potentialAction\":[{\"@type\":\"ReadAction\",\"target\":[\"https:\/\/www.ariens.eu\/fr\/produit\/fraise-a-neige\/outils-portes-mammoth-850-series\/power-brush-44-112-cm\/\"]}]},{\"@type\":\"ImageObject\",\"inLanguage\":\"fr-FR\",\"@id\":\"https:\/\/www.ariens.eu\/fr\/produit\/fraise-a-neige\/outils-portes-mammoth-850-series\/power-brush-44-112-cm\/#primaryimage\",\"url\":\"https:\/\/www.ariens.eu\/fr\/wp-content\/uploads\/sites\/4\/2024\/05\/951001-Mammoth-44in_Brush_FL34-scaled.webp\",\"contentUrl\":\"https:\/\/www.ariens.eu\/fr\/wp-content\/uploads\/sites\/4\/2024\/05\/951001-Mammoth-44in_Brush_FL34-scaled.webp\",\"width\":2560,\"height\":1920},{\"@type\":\"BreadcrumbList\",\"@id\":\"https:\/\/www.ariens.eu\/fr\/produit\/fraise-a-neige\/outils-portes-mammoth-850-series\/power-brush-44-112-cm\/#breadcrumb\",\"itemListElement\":[{\"@type\":\"ListItem\",\"position\":1,\"name\":\"Home\",\"item\":\"https:\/\/www.ariens.eu\/fr\/\"},{\"@type\":\"ListItem\",\"position\":2,\"name\":\"Shop\",\"item\":\"https:\/\/www.ariens.eu\/fr\/shop\/\"},{\"@type\":\"ListItem\",\"position\":3,\"name\":\"POWER BRUSH 44&#8243; 112 cm\"}]},{\"@type\":\"WebSite\",\"@id\":\"https:\/\/www.ariens.eu\/fr\/#website\",\"url\":\"https:\/\/www.ariens.eu\/fr\/\",\"name\":\"Ariens | EMEAA\",\"description\":\"Powerful and reliable zero-turn mowers &amp; snow blowers for professional users and demanding private customers\",\"potentialAction\":[{\"@type\":\"SearchAction\",\"target\":{\"@type\":\"EntryPoint\",\"urlTemplate\":\"https:\/\/www.ariens.eu\/fr\/?s={search_term_string}\"},\"query-input\":\"required name=search_term_string\"}],\"inLanguage\":\"fr-FR\"}]}<\/script>\n<!-- \/ Yoast SEO plugin. -->","yoast_head_json":{"title":"Balayeuse 44\" 112 cm - MAMMOTH\u2122 850 Series | Ariens","description":"Ma\u00eetrisez le nettoyage des surfaces avec le balai m\u00e9canique 44\". Parfait pour les zones de tol\u00e9rance z\u00e9ro, il est dot\u00e9 de poils en polym\u00e8re rempla\u00e7ables et d'une vitesse de rotation robuste de 220 tr\/min.","robots":{"index":"index","follow":"follow","max-snippet":"max-snippet:-1","max-image-preview":"max-image-preview:large","max-video-preview":"max-video-preview:-1"},"canonical":"https:\/\/www.ariens.eu\/fr\/produit\/fraise-a-neige\/outils-portes-mammoth-850-series\/power-brush-44-112-cm\/","og_locale":"fr_FR","og_type":"article","og_title":"Balayeuse 44\" 112 cm - MAMMOTH\u2122 850 Series | Ariens","og_description":"Ma\u00eetrisez le nettoyage des surfaces avec le balai m\u00e9canique 44\". Parfait pour les zones de tol\u00e9rance z\u00e9ro, il est dot\u00e9 de poils en polym\u00e8re rempla\u00e7ables et d'une vitesse de rotation robuste de 220 tr\/min.","og_url":"https:\/\/www.ariens.eu\/fr\/produit\/fraise-a-neige\/outils-portes-mammoth-850-series\/power-brush-44-112-cm\/","og_site_name":"Ariens | EMEAA","article_modified_time":"2026-01-06T12:22:20+00:00","og_image":[{"width":2560,"height":1920,"url":"https:\/\/www.ariens.eu\/fr\/wp-content\/uploads\/sites\/4\/2024\/05\/951001-Mammoth-44in_Brush_FL34-scaled.webp","type":"image\/webp"}],"twitter_card":"summary_large_image","twitter_misc":{"Dur\u00e9e de lecture estim\u00e9e":"1 minute"},"schema":{"@context":"https:\/\/schema.org","@graph":[{"@type":"WebPage","@id":"https:\/\/www.ariens.eu\/fr\/produit\/fraise-a-neige\/outils-portes-mammoth-850-series\/power-brush-44-112-cm\/","url":"https:\/\/www.ariens.eu\/fr\/produit\/fraise-a-neige\/outils-portes-mammoth-850-series\/power-brush-44-112-cm\/","name":"Balayeuse 44\" 112 cm - MAMMOTH\u2122 850 Series | Ariens","isPartOf":{"@id":"https:\/\/www.ariens.eu\/fr\/#website"},"primaryImageOfPage":{"@id":"https:\/\/www.ariens.eu\/fr\/produit\/fraise-a-neige\/outils-portes-mammoth-850-series\/power-brush-44-112-cm\/#primaryimage"},"image":{"@id":"https:\/\/www.ariens.eu\/fr\/produit\/fraise-a-neige\/outils-portes-mammoth-850-series\/power-brush-44-112-cm\/#primaryimage"},"thumbnailUrl":"https:\/\/www.ariens.eu\/fr\/wp-content\/uploads\/sites\/4\/2024\/05\/951001-Mammoth-44in_Brush_FL34-scaled.webp","datePublished":"2024-05-10T10:04:36+00:00","dateModified":"2026-01-06T12:22:20+00:00","description":"Ma\u00eetrisez le nettoyage des surfaces avec le balai m\u00e9canique 44\". Parfait pour les zones de tol\u00e9rance z\u00e9ro, il est dot\u00e9 de poils en polym\u00e8re rempla\u00e7ables et d'une vitesse de rotation robuste de 220 tr\/min.","breadcrumb":{"@id":"https:\/\/www.ariens.eu\/fr\/produit\/fraise-a-neige\/outils-portes-mammoth-850-series\/power-brush-44-112-cm\/#breadcrumb"},"inLanguage":"fr-FR","potentialAction":[{"@type":"ReadAction","target":["https:\/\/www.ariens.eu\/fr\/produit\/fraise-a-neige\/outils-portes-mammoth-850-series\/power-brush-44-112-cm\/"]}]},{"@type":"ImageObject","inLanguage":"fr-FR","@id":"https:\/\/www.ariens.eu\/fr\/produit\/fraise-a-neige\/outils-portes-mammoth-850-series\/power-brush-44-112-cm\/#primaryimage","url":"https:\/\/www.ariens.eu\/fr\/wp-content\/uploads\/sites\/4\/2024\/05\/951001-Mammoth-44in_Brush_FL34-scaled.webp","contentUrl":"https:\/\/www.ariens.eu\/fr\/wp-content\/uploads\/sites\/4\/2024\/05\/951001-Mammoth-44in_Brush_FL34-scaled.webp","width":2560,"height":1920},{"@type":"BreadcrumbList","@id":"https:\/\/www.ariens.eu\/fr\/produit\/fraise-a-neige\/outils-portes-mammoth-850-series\/power-brush-44-112-cm\/#breadcrumb","itemListElement":[{"@type":"ListItem","position":1,"name":"Home","item":"https:\/\/www.ariens.eu\/fr\/"},{"@type":"ListItem","position":2,"name":"Shop","item":"https:\/\/www.ariens.eu\/fr\/shop\/"},{"@type":"ListItem","position":3,"name":"POWER BRUSH 44&#8243; 112 cm"}]},{"@type":"WebSite","@id":"https:\/\/www.ariens.eu\/fr\/#website","url":"https:\/\/www.ariens.eu\/fr\/","name":"Ariens | EMEAA","description":"Powerful and reliable zero-turn mowers &amp; snow blowers for professional users and demanding private customers","potentialAction":[{"@type":"SearchAction","target":{"@type":"EntryPoint","urlTemplate":"https:\/\/www.ariens.eu\/fr\/?s={search_term_string}"},"query-input":"required name=search_term_string"}],"inLanguage":"fr-FR"}]}},"_links":{"self":[{"href":"https:\/\/www.ariens.eu\/fr\/wp-json\/wp\/v2\/product\/2318"}],"collection":[{"href":"https:\/\/www.ariens.eu\/fr\/wp-json\/wp\/v2\/product"}],"about":[{"href":"https:\/\/www.ariens.eu\/fr\/wp-json\/wp\/v2\/types\/product"}],"replies":[{"embeddable":true,"href":"https:\/\/www.ariens.eu\/fr\/wp-json\/wp\/v2\/comments?post=2318"}],"wp:featuredmedia":[{"embeddable":true,"href":"https:\/\/www.ariens.eu\/fr\/wp-json\/wp\/v2\/media\/3019"}],"wp:attachment":[{"href":"https:\/\/www.ariens.eu\/fr\/wp-json\/wp\/v2\/media?parent=2318"}],"wp:term":[{"taxonomy":"product_cat","embeddable":true,"href":"https:\/\/www.ariens.eu\/fr\/wp-json\/wp\/v2\/product_cat?post=2318"},{"taxonomy":"product_tag","embeddable":true,"href":"https:\/\/www.ariens.eu\/fr\/wp-json\/wp\/v2\/product_tag?post=2318"}],"curies":[{"name":"wp","href":"https:\/\/api.w.org\/{rel}","templated":true}]}}