{"id":2319,"date":"2024-05-10T11:04:36","date_gmt":"2024-05-10T10:04:36","guid":{"rendered":"https:\/\/www.ariens.eu\/product\/snow-thrower-36-91-cm\/"},"modified":"2026-01-06T12:17:34","modified_gmt":"2026-01-06T12:17:34","slug":"snowblower-36-91-cm","status":"publish","type":"product","link":"https:\/\/www.ariens.eu\/fr\/produit\/fraise-a-neige\/outils-portes-mammoth-850-series\/snowblower-36-91-cm","title":{"rendered":"SNOWBLOWER 36&Prime; 91 cm"},"content":{"rendered":"<div class=\"acfd-block acfd-block__twocolumns container-fluid px-0 bg-default\">\n<div class=\"acfd-twocolumns\">\n<div class=\"row\">\n<div class='col-lg-9 mb-4'>\n<div class=\"acfd-block acfd-block__headline mb-asm-1 container-fluid px-0 bg-default\">\n<div class=\"acfd-headline\" >\n<h2 class='h2 text-left'>Performances extr\u00eames en mati\u00e8re de d\u00e9blayage et de projection<\/h2>\n<\/p><\/div>\n<\/div>\n<div class=\"acfd-block acfd-block__text container-fluid px-0 bg-default\">\n<div class=\"acfd-text\">\n<p>Am\u00e9liorez vos capacit\u00e9s de d\u00e9neigement avec notre accessoire de 36 \u00bb tout en acier haute performance pour la machine autonome Ariens MAMMOTH<sup>TM<\/sup>\u00a0850. Cet accessoire, une souffleuse \u00e0 longue port\u00e9e, est con\u00e7u pour les t\u00e2ches lourdes, propulsant la neige jusqu&#8217;\u00e0 60 pieds avec facilit\u00e9.<\/p>\n<p>Il est \u00e9quip\u00e9 d&#8217;un joystick intuitif pour un maniement pr\u00e9cis et de lames de raclage et de patins en acier robustes. Id\u00e9al pour un usage r\u00e9sidentiel et commercial, cet accessoire transforme le MAMMOTH<sup>TM<\/sup>\u00a0 850 en une v\u00e9ritable centrale de d\u00e9neigement pour les conditions hivernales difficiles.<\/p>\n<\/div>\n<\/div><\/div>\n<div class='col-lg'>                    <\/div>\n<\/p><\/div>\n<\/div>\n<\/div>\n","protected":false},"excerpt":{"rendered":"<p>Performances extr\u00eames en mati\u00e8re de d\u00e9blayage et de projection Am\u00e9liorez vos capacit\u00e9s de d\u00e9neigement avec notre accessoire de 36 \u00bb tout en acier haute performance pour la machine autonome Ariens MAMMOTHTM\u00a0850. Cet accessoire, une souffleuse \u00e0 longue port\u00e9e, est con\u00e7u pour les t\u00e2ches lourdes, propulsant la neige jusqu&#8217;\u00e0 60 pieds avec facilit\u00e9. Il est \u00e9quip\u00e9 [&hellip;]<\/p>\n","protected":false},"featured_media":3029,"comment_status":"open","ping_status":"closed","template":"","meta":{"_acf_changed":false,"_relevanssi_hide_post":"","_relevanssi_hide_content":"","_relevanssi_pin_for_all":"","_relevanssi_pin_keywords":"","_relevanssi_unpin_keywords":"","_relevanssi_related_keywords":"","_relevanssi_related_include_ids":"","_relevanssi_related_exclude_ids":"","_relevanssi_related_no_append":"","_relevanssi_related_not_related":"","_relevanssi_related_posts":"","_relevanssi_noindex_reason":""},"product_brand":[],"product_cat":[15],"product_tag":[],"class_list":{"0":"post-2319","1":"product","2":"type-product","3":"status-publish","4":"has-post-thumbnail","6":"product_variant-outils-portes-mammoth-850-series","7":"product_usage_areas-service-hivernal","9":"first","10":"instock","11":"shipping-taxable","12":"product-type-simple"},"acf":[],"yoast_head":"<!-- This site is optimized with the Yoast SEO plugin v27.3 - https:\/\/yoast.com\/product\/yoast-seo-wordpress\/ -->\n<title>Fraise \u00e0 neige 91 cm - MAMMOTH\u2122 850 Series | Ariens<\/title>\n<meta name=\"description\" content=\"Am\u00e9liorez le Ariens MAMMOTH\u2122 850 avec notre accessoire de d\u00e9neigement robuste tout en acier, offrant jusqu&#039;\u00e0 60 pieds de propulsion de la neige et une commande de pr\u00e9cision par joystick.\" \/>\n<meta name=\"robots\" content=\"index, follow, max-snippet:-1, max-image-preview:large, max-video-preview:-1\" \/>\n<link rel=\"canonical\" href=\"https:\/\/www.ariens.eu\/fr\/produit\/fraise-a-neige\/outils-portes-mammoth-850-series\/snowblower-36-91-cm\/\" \/>\n<meta property=\"og:locale\" content=\"fr_FR\" \/>\n<meta property=\"og:type\" content=\"article\" \/>\n<meta property=\"og:title\" content=\"Fraise \u00e0 neige 91 cm - MAMMOTH\u2122 850 Series | Ariens\" \/>\n<meta property=\"og:description\" content=\"Am\u00e9liorez le Ariens MAMMOTH\u2122 850 avec notre accessoire de d\u00e9neigement robuste tout en acier, offrant jusqu&#039;\u00e0 60 pieds de propulsion de la neige et une commande de pr\u00e9cision par joystick.\" \/>\n<meta property=\"og:url\" content=\"https:\/\/www.ariens.eu\/fr\/produit\/fraise-a-neige\/outils-portes-mammoth-850-series\/snowblower-36-91-cm\/\" \/>\n<meta property=\"og:site_name\" content=\"Ariens | EMEAA\" \/>\n<meta property=\"article:modified_time\" content=\"2026-01-06T12:17:34+00:00\" \/>\n<meta property=\"og:image\" content=\"https:\/\/www.ariens.eu\/fr\/wp-content\/uploads\/sites\/4\/2024\/05\/851301-Ariens-Mammoth-48-Snow-Blower_Front_3-4.png\" \/>\n\t<meta property=\"og:image:width\" content=\"2560\" \/>\n\t<meta property=\"og:image:height\" content=\"1920\" \/>\n\t<meta property=\"og:image:type\" content=\"image\/png\" \/>\n<meta name=\"twitter:card\" content=\"summary_large_image\" \/>\n<meta name=\"twitter:label1\" content=\"Dur\u00e9e de lecture estim\u00e9e\" \/>\n\t<meta name=\"twitter:data1\" content=\"1 minute\" \/>\n<script type=\"application\/ld+json\" class=\"yoast-schema-graph\">{\"@context\":\"https:\\\/\\\/schema.org\",\"@graph\":[{\"@type\":\"WebPage\",\"@id\":\"https:\\\/\\\/www.ariens.eu\\\/fr\\\/produit\\\/fraise-a-neige\\\/outils-portes-mammoth-850-series\\\/snowblower-36-91-cm\\\/\",\"url\":\"https:\\\/\\\/www.ariens.eu\\\/fr\\\/produit\\\/fraise-a-neige\\\/outils-portes-mammoth-850-series\\\/snowblower-36-91-cm\\\/\",\"name\":\"Fraise \u00e0 neige 91 cm - MAMMOTH\u2122 850 Series | Ariens\",\"isPartOf\":{\"@id\":\"https:\\\/\\\/www.ariens.eu\\\/fr\\\/#website\"},\"primaryImageOfPage\":{\"@id\":\"https:\\\/\\\/www.ariens.eu\\\/fr\\\/produit\\\/fraise-a-neige\\\/outils-portes-mammoth-850-series\\\/snowblower-36-91-cm\\\/#primaryimage\"},\"image\":{\"@id\":\"https:\\\/\\\/www.ariens.eu\\\/fr\\\/produit\\\/fraise-a-neige\\\/outils-portes-mammoth-850-series\\\/snowblower-36-91-cm\\\/#primaryimage\"},\"thumbnailUrl\":\"https:\\\/\\\/www.ariens.eu\\\/fr\\\/wp-content\\\/uploads\\\/sites\\\/4\\\/2024\\\/05\\\/851301-Ariens-Mammoth-48-Snow-Blower_Front_3-4.png\",\"datePublished\":\"2024-05-10T10:04:36+00:00\",\"dateModified\":\"2026-01-06T12:17:34+00:00\",\"description\":\"Am\u00e9liorez le Ariens MAMMOTH\u2122 850 avec notre accessoire de d\u00e9neigement robuste tout en acier, offrant jusqu'\u00e0 60 pieds de propulsion de la neige et une commande de pr\u00e9cision par joystick.\",\"breadcrumb\":{\"@id\":\"https:\\\/\\\/www.ariens.eu\\\/fr\\\/produit\\\/fraise-a-neige\\\/outils-portes-mammoth-850-series\\\/snowblower-36-91-cm\\\/#breadcrumb\"},\"inLanguage\":\"fr-FR\",\"potentialAction\":[{\"@type\":\"ReadAction\",\"target\":[\"https:\\\/\\\/www.ariens.eu\\\/fr\\\/produit\\\/fraise-a-neige\\\/outils-portes-mammoth-850-series\\\/snowblower-36-91-cm\\\/\"]}]},{\"@type\":\"ImageObject\",\"inLanguage\":\"fr-FR\",\"@id\":\"https:\\\/\\\/www.ariens.eu\\\/fr\\\/produit\\\/fraise-a-neige\\\/outils-portes-mammoth-850-series\\\/snowblower-36-91-cm\\\/#primaryimage\",\"url\":\"https:\\\/\\\/www.ariens.eu\\\/fr\\\/wp-content\\\/uploads\\\/sites\\\/4\\\/2024\\\/05\\\/851301-Ariens-Mammoth-48-Snow-Blower_Front_3-4.png\",\"contentUrl\":\"https:\\\/\\\/www.ariens.eu\\\/fr\\\/wp-content\\\/uploads\\\/sites\\\/4\\\/2024\\\/05\\\/851301-Ariens-Mammoth-48-Snow-Blower_Front_3-4.png\",\"width\":2560,\"height\":1920},{\"@type\":\"BreadcrumbList\",\"@id\":\"https:\\\/\\\/www.ariens.eu\\\/fr\\\/produit\\\/fraise-a-neige\\\/outils-portes-mammoth-850-series\\\/snowblower-36-91-cm\\\/#breadcrumb\",\"itemListElement\":[{\"@type\":\"ListItem\",\"position\":1,\"name\":\"Home\",\"item\":\"https:\\\/\\\/www.ariens.eu\\\/fr\\\/\"},{\"@type\":\"ListItem\",\"position\":2,\"name\":\"Shop\",\"item\":\"https:\\\/\\\/www.ariens.eu\\\/fr\\\/shop\\\/\"},{\"@type\":\"ListItem\",\"position\":3,\"name\":\"SNOWBLOWER 36&#8243; 91 cm\"}]},{\"@type\":\"WebSite\",\"@id\":\"https:\\\/\\\/www.ariens.eu\\\/fr\\\/#website\",\"url\":\"https:\\\/\\\/www.ariens.eu\\\/fr\\\/\",\"name\":\"Ariens | EMEAA\",\"description\":\"Powerful and reliable zero-turn mowers &amp; snow blowers for professional users and demanding private customers\",\"potentialAction\":[{\"@type\":\"SearchAction\",\"target\":{\"@type\":\"EntryPoint\",\"urlTemplate\":\"https:\\\/\\\/www.ariens.eu\\\/fr\\\/?s={search_term_string}\"},\"query-input\":{\"@type\":\"PropertyValueSpecification\",\"valueRequired\":true,\"valueName\":\"search_term_string\"}}],\"inLanguage\":\"fr-FR\"}]}<\/script>\n<!-- \/ Yoast SEO plugin. -->","yoast_head_json":{"title":"Fraise \u00e0 neige 91 cm - MAMMOTH\u2122 850 Series | Ariens","description":"Am\u00e9liorez le Ariens MAMMOTH\u2122 850 avec notre accessoire de d\u00e9neigement robuste tout en acier, offrant jusqu'\u00e0 60 pieds de propulsion de la neige et une commande de pr\u00e9cision par joystick.","robots":{"index":"index","follow":"follow","max-snippet":"max-snippet:-1","max-image-preview":"max-image-preview:large","max-video-preview":"max-video-preview:-1"},"canonical":"https:\/\/www.ariens.eu\/fr\/produit\/fraise-a-neige\/outils-portes-mammoth-850-series\/snowblower-36-91-cm\/","og_locale":"fr_FR","og_type":"article","og_title":"Fraise \u00e0 neige 91 cm - MAMMOTH\u2122 850 Series | Ariens","og_description":"Am\u00e9liorez le Ariens MAMMOTH\u2122 850 avec notre accessoire de d\u00e9neigement robuste tout en acier, offrant jusqu'\u00e0 60 pieds de propulsion de la neige et une commande de pr\u00e9cision par joystick.","og_url":"https:\/\/www.ariens.eu\/fr\/produit\/fraise-a-neige\/outils-portes-mammoth-850-series\/snowblower-36-91-cm\/","og_site_name":"Ariens | EMEAA","article_modified_time":"2026-01-06T12:17:34+00:00","og_image":[{"width":2560,"height":1920,"url":"https:\/\/www.ariens.eu\/fr\/wp-content\/uploads\/sites\/4\/2024\/05\/851301-Ariens-Mammoth-48-Snow-Blower_Front_3-4.png","type":"image\/png"}],"twitter_card":"summary_large_image","twitter_misc":{"Dur\u00e9e de lecture estim\u00e9e":"1 minute"},"schema":{"@context":"https:\/\/schema.org","@graph":[{"@type":"WebPage","@id":"https:\/\/www.ariens.eu\/fr\/produit\/fraise-a-neige\/outils-portes-mammoth-850-series\/snowblower-36-91-cm\/","url":"https:\/\/www.ariens.eu\/fr\/produit\/fraise-a-neige\/outils-portes-mammoth-850-series\/snowblower-36-91-cm\/","name":"Fraise \u00e0 neige 91 cm - MAMMOTH\u2122 850 Series | Ariens","isPartOf":{"@id":"https:\/\/www.ariens.eu\/fr\/#website"},"primaryImageOfPage":{"@id":"https:\/\/www.ariens.eu\/fr\/produit\/fraise-a-neige\/outils-portes-mammoth-850-series\/snowblower-36-91-cm\/#primaryimage"},"image":{"@id":"https:\/\/www.ariens.eu\/fr\/produit\/fraise-a-neige\/outils-portes-mammoth-850-series\/snowblower-36-91-cm\/#primaryimage"},"thumbnailUrl":"https:\/\/www.ariens.eu\/fr\/wp-content\/uploads\/sites\/4\/2024\/05\/851301-Ariens-Mammoth-48-Snow-Blower_Front_3-4.png","datePublished":"2024-05-10T10:04:36+00:00","dateModified":"2026-01-06T12:17:34+00:00","description":"Am\u00e9liorez le Ariens MAMMOTH\u2122 850 avec notre accessoire de d\u00e9neigement robuste tout en acier, offrant jusqu'\u00e0 60 pieds de propulsion de la neige et une commande de pr\u00e9cision par joystick.","breadcrumb":{"@id":"https:\/\/www.ariens.eu\/fr\/produit\/fraise-a-neige\/outils-portes-mammoth-850-series\/snowblower-36-91-cm\/#breadcrumb"},"inLanguage":"fr-FR","potentialAction":[{"@type":"ReadAction","target":["https:\/\/www.ariens.eu\/fr\/produit\/fraise-a-neige\/outils-portes-mammoth-850-series\/snowblower-36-91-cm\/"]}]},{"@type":"ImageObject","inLanguage":"fr-FR","@id":"https:\/\/www.ariens.eu\/fr\/produit\/fraise-a-neige\/outils-portes-mammoth-850-series\/snowblower-36-91-cm\/#primaryimage","url":"https:\/\/www.ariens.eu\/fr\/wp-content\/uploads\/sites\/4\/2024\/05\/851301-Ariens-Mammoth-48-Snow-Blower_Front_3-4.png","contentUrl":"https:\/\/www.ariens.eu\/fr\/wp-content\/uploads\/sites\/4\/2024\/05\/851301-Ariens-Mammoth-48-Snow-Blower_Front_3-4.png","width":2560,"height":1920},{"@type":"BreadcrumbList","@id":"https:\/\/www.ariens.eu\/fr\/produit\/fraise-a-neige\/outils-portes-mammoth-850-series\/snowblower-36-91-cm\/#breadcrumb","itemListElement":[{"@type":"ListItem","position":1,"name":"Home","item":"https:\/\/www.ariens.eu\/fr\/"},{"@type":"ListItem","position":2,"name":"Shop","item":"https:\/\/www.ariens.eu\/fr\/shop\/"},{"@type":"ListItem","position":3,"name":"SNOWBLOWER 36&#8243; 91 cm"}]},{"@type":"WebSite","@id":"https:\/\/www.ariens.eu\/fr\/#website","url":"https:\/\/www.ariens.eu\/fr\/","name":"Ariens | EMEAA","description":"Powerful and reliable zero-turn mowers &amp; snow blowers for professional users and demanding private customers","potentialAction":[{"@type":"SearchAction","target":{"@type":"EntryPoint","urlTemplate":"https:\/\/www.ariens.eu\/fr\/?s={search_term_string}"},"query-input":{"@type":"PropertyValueSpecification","valueRequired":true,"valueName":"search_term_string"}}],"inLanguage":"fr-FR"}]}},"_links":{"self":[{"href":"https:\/\/www.ariens.eu\/fr\/wp-json\/wp\/v2\/product\/2319","targetHints":{"allow":["GET"]}}],"collection":[{"href":"https:\/\/www.ariens.eu\/fr\/wp-json\/wp\/v2\/product"}],"about":[{"href":"https:\/\/www.ariens.eu\/fr\/wp-json\/wp\/v2\/types\/product"}],"replies":[{"embeddable":true,"href":"https:\/\/www.ariens.eu\/fr\/wp-json\/wp\/v2\/comments?post=2319"}],"wp:featuredmedia":[{"embeddable":true,"href":"https:\/\/www.ariens.eu\/fr\/wp-json\/wp\/v2\/media\/3029"}],"wp:attachment":[{"href":"https:\/\/www.ariens.eu\/fr\/wp-json\/wp\/v2\/media?parent=2319"}],"wp:term":[{"taxonomy":"product_brand","embeddable":true,"href":"https:\/\/www.ariens.eu\/fr\/wp-json\/wp\/v2\/product_brand?post=2319"},{"taxonomy":"product_cat","embeddable":true,"href":"https:\/\/www.ariens.eu\/fr\/wp-json\/wp\/v2\/product_cat?post=2319"},{"taxonomy":"product_tag","embeddable":true,"href":"https:\/\/www.ariens.eu\/fr\/wp-json\/wp\/v2\/product_tag?post=2319"}],"curies":[{"name":"wp","href":"https:\/\/api.w.org\/{rel}","templated":true}]}}