{"id":2321,"date":"2024-05-10T11:04:36","date_gmt":"2024-05-10T10:04:36","guid":{"rendered":"https:\/\/www.ariens.eu\/product\/salt-spreader-113-cm\/"},"modified":"2026-01-06T12:25:20","modified_gmt":"2026-01-06T12:25:20","slug":"salt-spreader-113-cm","status":"publish","type":"product","link":"https:\/\/www.ariens.eu\/fr\/produit\/fraise-a-neige\/outils-portes-mammoth-850-series\/salt-spreader-113-cm","title":{"rendered":"SALT SPREADER 113 cm"},"content":{"rendered":"<div class=\"acfd-block acfd-block__twocolumns mb-asm-1 container-fluid px-0 bg-default\">\n<div class=\"acfd-twocolumns\">\n<div class=\"row\">\n<div class='col-lg-9 mb-4'>\n<div class=\"acfd-block acfd-block__headline mb-asm-1 container-fluid px-0 bg-default\">\n<div class=\"acfd-headline\" >\n<h2 class='h2 text-left'>S\u00e9curit\u00e9 routi\u00e8re maximale gr\u00e2ce \u00e0 l&rsquo;\u00e9pandage de sel<\/h2>\n<\/p><\/div>\n<\/div>\n<div class=\"acfd-block acfd-block__text container-fluid px-0 bg-default\">\n<div class=\"acfd-text\">\n<p>Un entretien hivernal efficace gr\u00e2ce \u00e0 l&#8217;\u00e9pandeur de sel, un \u00e9pandeur \u00e0 montage arri\u00e8re haut de gamme. Con\u00e7u pour le salage et le sablage, cet \u00e9pandeur a une capacit\u00e9 de 2,0 pieds cubes, la meilleure de sa cat\u00e9gorie, ce qui vous permet de couvrir plus de terrain avec moins de remplissages.<\/p>\n<p>Son panneau de commande pratique mont\u00e9 sur le tableau de bord place toutes les commandes n\u00e9cessaires \u00e0 port\u00e9e de main de l&#8217;op\u00e9rateur, maximisant ainsi l&#8217;efficacit\u00e9 et la facilit\u00e9 d&#8217;utilisation. L&#8217;\u00e9pandeur mesure 63,9 pouces de longueur, 44,8 pouces de largeur et 30,2 pouces de hauteur, ce qui le rend parfaitement adapt\u00e9 \u00e0 toute une s\u00e9rie d&#8217;applications. Il a un poids assembl\u00e9 de 191,2 livres et peut supporter un poids total de 350 livres. Avec une largeur de couverture allant de 30 pouces \u00e0 36 pouces, il offre des applications r\u00e9glables pour r\u00e9pondre \u00e0 diff\u00e9rents besoins. Id\u00e9al pour une utilisation commerciale et r\u00e9sidentielle, l&#8217;\u00e9pandeur de sel est votre partenaire fiable pour un entretien efficace des routes et des chemins en hiver.<\/p>\n<\/div>\n<\/div><\/div>\n<div class='col-lg'>                    <\/div>\n<\/p><\/div>\n<\/div>\n<\/div>\n","protected":false},"excerpt":{"rendered":"<p>S\u00e9curit\u00e9 routi\u00e8re maximale gr\u00e2ce \u00e0 l&rsquo;\u00e9pandage de sel Un entretien hivernal efficace gr\u00e2ce \u00e0 l&#8217;\u00e9pandeur de sel, un \u00e9pandeur \u00e0 montage arri\u00e8re haut de gamme. Con\u00e7u pour le salage et le sablage, cet \u00e9pandeur a une capacit\u00e9 de 2,0 pieds cubes, la meilleure de sa cat\u00e9gorie, ce qui vous permet de couvrir plus de terrain [&hellip;]<\/p>\n","protected":false},"featured_media":3028,"comment_status":"open","ping_status":"closed","template":"","meta":{"_acf_changed":false,"_relevanssi_hide_post":"","_relevanssi_hide_content":"","_relevanssi_pin_for_all":"","_relevanssi_pin_keywords":"","_relevanssi_unpin_keywords":"","_relevanssi_related_keywords":"","_relevanssi_related_include_ids":"","_relevanssi_related_exclude_ids":"","_relevanssi_related_no_append":"","_relevanssi_related_not_related":"","_relevanssi_related_posts":"","_relevanssi_noindex_reason":""},"product_brand":[],"product_cat":[15],"product_tag":[],"class_list":{"0":"post-2321","1":"product","2":"type-product","3":"status-publish","4":"has-post-thumbnail","6":"product_variant-outils-portes-mammoth-850-series","7":"product_usage_areas-service-hivernal","9":"first","10":"instock","11":"shipping-taxable","12":"product-type-simple"},"acf":[],"yoast_head":"<!-- This site is optimized with the Yoast SEO plugin v27.3 - https:\/\/yoast.com\/product\/yoast-seo-wordpress\/ -->\n<title>Epandeur de sel - MAMMOTH\u2122 850 Series | Ariens<\/title>\n<meta name=\"description\" content=\"Voici l&#039;\u00e9pandeur de sel, votre outil essentiel pour un entretien efficace des routes en hiver. Parfait pour le salage et le sablage.\" \/>\n<meta name=\"robots\" content=\"index, follow, max-snippet:-1, max-image-preview:large, max-video-preview:-1\" \/>\n<link rel=\"canonical\" href=\"https:\/\/www.ariens.eu\/fr\/produit\/fraise-a-neige\/outils-portes-mammoth-850-series\/salt-spreader-113-cm\/\" \/>\n<meta property=\"og:locale\" content=\"fr_FR\" \/>\n<meta property=\"og:type\" content=\"article\" \/>\n<meta property=\"og:title\" content=\"Epandeur de sel - MAMMOTH\u2122 850 Series | Ariens\" \/>\n<meta property=\"og:description\" content=\"Voici l&#039;\u00e9pandeur de sel, votre outil essentiel pour un entretien efficace des routes en hiver. Parfait pour le salage et le sablage.\" \/>\n<meta property=\"og:url\" content=\"https:\/\/www.ariens.eu\/fr\/produit\/fraise-a-neige\/outils-portes-mammoth-850-series\/salt-spreader-113-cm\/\" \/>\n<meta property=\"og:site_name\" content=\"Ariens | EMEAA\" \/>\n<meta property=\"article:modified_time\" content=\"2026-01-06T12:25:20+00:00\" \/>\n<meta property=\"og:image\" content=\"https:\/\/www.ariens.eu\/fr\/wp-content\/uploads\/sites\/4\/2024\/05\/951001-Mammoth-Salt_Spreader_BL34-4-2.webp\" \/>\n\t<meta property=\"og:image:width\" content=\"1900\" \/>\n\t<meta property=\"og:image:height\" content=\"1560\" \/>\n\t<meta property=\"og:image:type\" content=\"image\/webp\" \/>\n<meta name=\"twitter:card\" content=\"summary_large_image\" \/>\n<meta name=\"twitter:label1\" content=\"Dur\u00e9e de lecture estim\u00e9e\" \/>\n\t<meta name=\"twitter:data1\" content=\"2 minutes\" \/>\n<script type=\"application\/ld+json\" class=\"yoast-schema-graph\">{\"@context\":\"https:\\\/\\\/schema.org\",\"@graph\":[{\"@type\":\"WebPage\",\"@id\":\"https:\\\/\\\/www.ariens.eu\\\/fr\\\/produit\\\/fraise-a-neige\\\/outils-portes-mammoth-850-series\\\/salt-spreader-113-cm\\\/\",\"url\":\"https:\\\/\\\/www.ariens.eu\\\/fr\\\/produit\\\/fraise-a-neige\\\/outils-portes-mammoth-850-series\\\/salt-spreader-113-cm\\\/\",\"name\":\"Epandeur de sel - MAMMOTH\u2122 850 Series | Ariens\",\"isPartOf\":{\"@id\":\"https:\\\/\\\/www.ariens.eu\\\/fr\\\/#website\"},\"primaryImageOfPage\":{\"@id\":\"https:\\\/\\\/www.ariens.eu\\\/fr\\\/produit\\\/fraise-a-neige\\\/outils-portes-mammoth-850-series\\\/salt-spreader-113-cm\\\/#primaryimage\"},\"image\":{\"@id\":\"https:\\\/\\\/www.ariens.eu\\\/fr\\\/produit\\\/fraise-a-neige\\\/outils-portes-mammoth-850-series\\\/salt-spreader-113-cm\\\/#primaryimage\"},\"thumbnailUrl\":\"https:\\\/\\\/www.ariens.eu\\\/fr\\\/wp-content\\\/uploads\\\/sites\\\/4\\\/2024\\\/05\\\/951001-Mammoth-Salt_Spreader_BL34-4-2.webp\",\"datePublished\":\"2024-05-10T10:04:36+00:00\",\"dateModified\":\"2026-01-06T12:25:20+00:00\",\"description\":\"Voici l'\u00e9pandeur de sel, votre outil essentiel pour un entretien efficace des routes en hiver. Parfait pour le salage et le sablage.\",\"breadcrumb\":{\"@id\":\"https:\\\/\\\/www.ariens.eu\\\/fr\\\/produit\\\/fraise-a-neige\\\/outils-portes-mammoth-850-series\\\/salt-spreader-113-cm\\\/#breadcrumb\"},\"inLanguage\":\"fr-FR\",\"potentialAction\":[{\"@type\":\"ReadAction\",\"target\":[\"https:\\\/\\\/www.ariens.eu\\\/fr\\\/produit\\\/fraise-a-neige\\\/outils-portes-mammoth-850-series\\\/salt-spreader-113-cm\\\/\"]}]},{\"@type\":\"ImageObject\",\"inLanguage\":\"fr-FR\",\"@id\":\"https:\\\/\\\/www.ariens.eu\\\/fr\\\/produit\\\/fraise-a-neige\\\/outils-portes-mammoth-850-series\\\/salt-spreader-113-cm\\\/#primaryimage\",\"url\":\"https:\\\/\\\/www.ariens.eu\\\/fr\\\/wp-content\\\/uploads\\\/sites\\\/4\\\/2024\\\/05\\\/951001-Mammoth-Salt_Spreader_BL34-4-2.webp\",\"contentUrl\":\"https:\\\/\\\/www.ariens.eu\\\/fr\\\/wp-content\\\/uploads\\\/sites\\\/4\\\/2024\\\/05\\\/951001-Mammoth-Salt_Spreader_BL34-4-2.webp\",\"width\":1900,\"height\":1560},{\"@type\":\"BreadcrumbList\",\"@id\":\"https:\\\/\\\/www.ariens.eu\\\/fr\\\/produit\\\/fraise-a-neige\\\/outils-portes-mammoth-850-series\\\/salt-spreader-113-cm\\\/#breadcrumb\",\"itemListElement\":[{\"@type\":\"ListItem\",\"position\":1,\"name\":\"Home\",\"item\":\"https:\\\/\\\/www.ariens.eu\\\/fr\\\/\"},{\"@type\":\"ListItem\",\"position\":2,\"name\":\"Shop\",\"item\":\"https:\\\/\\\/www.ariens.eu\\\/fr\\\/shop\\\/\"},{\"@type\":\"ListItem\",\"position\":3,\"name\":\"SALT SPREADER 113 cm\"}]},{\"@type\":\"WebSite\",\"@id\":\"https:\\\/\\\/www.ariens.eu\\\/fr\\\/#website\",\"url\":\"https:\\\/\\\/www.ariens.eu\\\/fr\\\/\",\"name\":\"Ariens | EMEAA\",\"description\":\"Powerful and reliable zero-turn mowers &amp; snow blowers for professional users and demanding private customers\",\"potentialAction\":[{\"@type\":\"SearchAction\",\"target\":{\"@type\":\"EntryPoint\",\"urlTemplate\":\"https:\\\/\\\/www.ariens.eu\\\/fr\\\/?s={search_term_string}\"},\"query-input\":{\"@type\":\"PropertyValueSpecification\",\"valueRequired\":true,\"valueName\":\"search_term_string\"}}],\"inLanguage\":\"fr-FR\"}]}<\/script>\n<!-- \/ Yoast SEO plugin. -->","yoast_head_json":{"title":"Epandeur de sel - MAMMOTH\u2122 850 Series | Ariens","description":"Voici l'\u00e9pandeur de sel, votre outil essentiel pour un entretien efficace des routes en hiver. Parfait pour le salage et le sablage.","robots":{"index":"index","follow":"follow","max-snippet":"max-snippet:-1","max-image-preview":"max-image-preview:large","max-video-preview":"max-video-preview:-1"},"canonical":"https:\/\/www.ariens.eu\/fr\/produit\/fraise-a-neige\/outils-portes-mammoth-850-series\/salt-spreader-113-cm\/","og_locale":"fr_FR","og_type":"article","og_title":"Epandeur de sel - MAMMOTH\u2122 850 Series | Ariens","og_description":"Voici l'\u00e9pandeur de sel, votre outil essentiel pour un entretien efficace des routes en hiver. Parfait pour le salage et le sablage.","og_url":"https:\/\/www.ariens.eu\/fr\/produit\/fraise-a-neige\/outils-portes-mammoth-850-series\/salt-spreader-113-cm\/","og_site_name":"Ariens | EMEAA","article_modified_time":"2026-01-06T12:25:20+00:00","og_image":[{"width":1900,"height":1560,"url":"https:\/\/www.ariens.eu\/fr\/wp-content\/uploads\/sites\/4\/2024\/05\/951001-Mammoth-Salt_Spreader_BL34-4-2.webp","type":"image\/webp"}],"twitter_card":"summary_large_image","twitter_misc":{"Dur\u00e9e de lecture estim\u00e9e":"2 minutes"},"schema":{"@context":"https:\/\/schema.org","@graph":[{"@type":"WebPage","@id":"https:\/\/www.ariens.eu\/fr\/produit\/fraise-a-neige\/outils-portes-mammoth-850-series\/salt-spreader-113-cm\/","url":"https:\/\/www.ariens.eu\/fr\/produit\/fraise-a-neige\/outils-portes-mammoth-850-series\/salt-spreader-113-cm\/","name":"Epandeur de sel - MAMMOTH\u2122 850 Series | Ariens","isPartOf":{"@id":"https:\/\/www.ariens.eu\/fr\/#website"},"primaryImageOfPage":{"@id":"https:\/\/www.ariens.eu\/fr\/produit\/fraise-a-neige\/outils-portes-mammoth-850-series\/salt-spreader-113-cm\/#primaryimage"},"image":{"@id":"https:\/\/www.ariens.eu\/fr\/produit\/fraise-a-neige\/outils-portes-mammoth-850-series\/salt-spreader-113-cm\/#primaryimage"},"thumbnailUrl":"https:\/\/www.ariens.eu\/fr\/wp-content\/uploads\/sites\/4\/2024\/05\/951001-Mammoth-Salt_Spreader_BL34-4-2.webp","datePublished":"2024-05-10T10:04:36+00:00","dateModified":"2026-01-06T12:25:20+00:00","description":"Voici l'\u00e9pandeur de sel, votre outil essentiel pour un entretien efficace des routes en hiver. Parfait pour le salage et le sablage.","breadcrumb":{"@id":"https:\/\/www.ariens.eu\/fr\/produit\/fraise-a-neige\/outils-portes-mammoth-850-series\/salt-spreader-113-cm\/#breadcrumb"},"inLanguage":"fr-FR","potentialAction":[{"@type":"ReadAction","target":["https:\/\/www.ariens.eu\/fr\/produit\/fraise-a-neige\/outils-portes-mammoth-850-series\/salt-spreader-113-cm\/"]}]},{"@type":"ImageObject","inLanguage":"fr-FR","@id":"https:\/\/www.ariens.eu\/fr\/produit\/fraise-a-neige\/outils-portes-mammoth-850-series\/salt-spreader-113-cm\/#primaryimage","url":"https:\/\/www.ariens.eu\/fr\/wp-content\/uploads\/sites\/4\/2024\/05\/951001-Mammoth-Salt_Spreader_BL34-4-2.webp","contentUrl":"https:\/\/www.ariens.eu\/fr\/wp-content\/uploads\/sites\/4\/2024\/05\/951001-Mammoth-Salt_Spreader_BL34-4-2.webp","width":1900,"height":1560},{"@type":"BreadcrumbList","@id":"https:\/\/www.ariens.eu\/fr\/produit\/fraise-a-neige\/outils-portes-mammoth-850-series\/salt-spreader-113-cm\/#breadcrumb","itemListElement":[{"@type":"ListItem","position":1,"name":"Home","item":"https:\/\/www.ariens.eu\/fr\/"},{"@type":"ListItem","position":2,"name":"Shop","item":"https:\/\/www.ariens.eu\/fr\/shop\/"},{"@type":"ListItem","position":3,"name":"SALT SPREADER 113 cm"}]},{"@type":"WebSite","@id":"https:\/\/www.ariens.eu\/fr\/#website","url":"https:\/\/www.ariens.eu\/fr\/","name":"Ariens | EMEAA","description":"Powerful and reliable zero-turn mowers &amp; snow blowers for professional users and demanding private customers","potentialAction":[{"@type":"SearchAction","target":{"@type":"EntryPoint","urlTemplate":"https:\/\/www.ariens.eu\/fr\/?s={search_term_string}"},"query-input":{"@type":"PropertyValueSpecification","valueRequired":true,"valueName":"search_term_string"}}],"inLanguage":"fr-FR"}]}},"_links":{"self":[{"href":"https:\/\/www.ariens.eu\/fr\/wp-json\/wp\/v2\/product\/2321","targetHints":{"allow":["GET"]}}],"collection":[{"href":"https:\/\/www.ariens.eu\/fr\/wp-json\/wp\/v2\/product"}],"about":[{"href":"https:\/\/www.ariens.eu\/fr\/wp-json\/wp\/v2\/types\/product"}],"replies":[{"embeddable":true,"href":"https:\/\/www.ariens.eu\/fr\/wp-json\/wp\/v2\/comments?post=2321"}],"wp:featuredmedia":[{"embeddable":true,"href":"https:\/\/www.ariens.eu\/fr\/wp-json\/wp\/v2\/media\/3028"}],"wp:attachment":[{"href":"https:\/\/www.ariens.eu\/fr\/wp-json\/wp\/v2\/media?parent=2321"}],"wp:term":[{"taxonomy":"product_brand","embeddable":true,"href":"https:\/\/www.ariens.eu\/fr\/wp-json\/wp\/v2\/product_brand?post=2321"},{"taxonomy":"product_cat","embeddable":true,"href":"https:\/\/www.ariens.eu\/fr\/wp-json\/wp\/v2\/product_cat?post=2321"},{"taxonomy":"product_tag","embeddable":true,"href":"https:\/\/www.ariens.eu\/fr\/wp-json\/wp\/v2\/product_tag?post=2321"}],"curies":[{"name":"wp","href":"https:\/\/api.w.org\/{rel}","templated":true}]}}