{"id":2322,"date":"2024-05-10T11:04:36","date_gmt":"2024-05-10T10:04:36","guid":{"rendered":"https:\/\/www.ariens.eu\/product\/brine-sprayer-69-119-cm\/"},"modified":"2026-01-06T09:58:28","modified_gmt":"2026-01-06T09:58:28","slug":"brine-sprayer-69-119-cm","status":"publish","type":"product","link":"https:\/\/www.ariens.eu\/fr\/produit\/fraise-a-neige\/outils-portes-mammoth-850-series\/brine-sprayer-69-119-cm","title":{"rendered":"BRINE SPRAYER 69 &#8211; 119 cm"},"content":{"rendered":"<div class=\"acfd-block acfd-block__twocolumns mb-asm-1 container-fluid px-0 bg-default\">\n<div class=\"acfd-twocolumns\">\n<div class=\"row\">\n<div class='col-lg-9 mb-4'>\n<div class=\"acfd-block acfd-block__headline mb-asm-1 container-fluid px-0 bg-default\">\n<div class=\"acfd-headline\" >\n<h2 class='h2 text-left'>R\u00e9glage variable de la largeur. D\u00e9cong\u00e9lation fiable.<\/h2>\n<\/p><\/div>\n<\/div>\n<div class=\"acfd-block acfd-block__text container-fluid px-0 bg-default\">\n<div class=\"acfd-text\">\n<p>L&#8217;\u00e9pandeur de saumure pour la s\u00e9rie MAMMOTH<sup>TM<\/sup> 850 est une solution compl\u00e8te pour une gestion efficace de la glace. Cet \u00e9pandeur de saumure est \u00e9quip\u00e9 de cinq buses de pulv\u00e9risation, d&#8217;une lance de pulv\u00e9risation manuelle et d&#8217;un r\u00e9servoir de saumure de 20 gallons, ce qui permet de lutter efficacement contre la glace dans toutes les conditions.<\/p>\n<p>Le kit complet comprend tous les tuyaux, pompes et buses n\u00e9cessaires pour une installation sans faille. Avec une largeur de couverture minimale de 27 pouces (68,58 cm) et maximale de 47 pouces (119,38 cm), il offre des options d&#8217;application polyvalentes. L&#8217;\u00e9pandeur offre un volume de pulv\u00e9risation impressionnant de 1,15 gpm \u00e0 15 psi et de 2,03 gpm \u00e0 40 psi, compl\u00e9t\u00e9 par une fonction de contr\u00f4le du d\u00e9bit pour une pulv\u00e9risation de pr\u00e9cision. L&#8217;accessoire de la lance de pulv\u00e9risation am\u00e9liore la facilit\u00e9 d&#8217;utilisation, permettant une application cibl\u00e9e. Id\u00e9al pour une utilisation commerciale et r\u00e9sidentielle, l&#8217;\u00e9pandeur de saumure est le choix id\u00e9al pour lutter efficacement contre le verglas.<\/p>\n<\/div>\n<\/div><\/div>\n<div class='col-lg'>                    <\/div>\n<\/p><\/div>\n<\/div>\n<\/div>\n","protected":false},"excerpt":{"rendered":"<p>R\u00e9glage variable de la largeur. D\u00e9cong\u00e9lation fiable. L&#8217;\u00e9pandeur de saumure pour la s\u00e9rie MAMMOTHTM 850 est une solution compl\u00e8te pour une gestion efficace de la glace. Cet \u00e9pandeur de saumure est \u00e9quip\u00e9 de cinq buses de pulv\u00e9risation, d&#8217;une lance de pulv\u00e9risation manuelle et d&#8217;un r\u00e9servoir de saumure de 20 gallons, ce qui permet de lutter [&hellip;]<\/p>\n","protected":false},"featured_media":3027,"comment_status":"open","ping_status":"closed","template":"","meta":{"_acf_changed":false,"_relevanssi_hide_post":"","_relevanssi_hide_content":"","_relevanssi_pin_for_all":"","_relevanssi_pin_keywords":"","_relevanssi_unpin_keywords":"","_relevanssi_related_keywords":"","_relevanssi_related_include_ids":"","_relevanssi_related_exclude_ids":"","_relevanssi_related_no_append":"","_relevanssi_related_not_related":"","_relevanssi_related_posts":"","_relevanssi_noindex_reason":""},"product_brand":[],"product_cat":[15],"product_tag":[],"class_list":{"0":"post-2322","1":"product","2":"type-product","3":"status-publish","4":"has-post-thumbnail","6":"product_variant-outils-portes-mammoth-850-series","7":"product_usage_areas-service-hivernal","9":"first","10":"instock","11":"shipping-taxable","12":"product-type-simple"},"acf":[],"yoast_head":"<!-- This site is optimized with the Yoast SEO plugin v27.3 - https:\/\/yoast.com\/product\/yoast-seo-wordpress\/ -->\n<title>Epandeur de saumur - MAMMOTH\u2122 850 Series | Ariens<\/title>\n<meta name=\"description\" content=\"Vaincre la glace avec l&#039;\u00e9pandeur de saumure, dot\u00e9 de cinq buses de pulv\u00e9risation, d&#039;un r\u00e9servoir de 20 gallons et d&#039;une lance de pulv\u00e9risation manuelle pour une gestion efficace de la glace.\" \/>\n<meta name=\"robots\" content=\"index, follow, max-snippet:-1, max-image-preview:large, max-video-preview:-1\" \/>\n<link rel=\"canonical\" href=\"https:\/\/www.ariens.eu\/fr\/produit\/fraise-a-neige\/outils-portes-mammoth-850-series\/brine-sprayer-69-119-cm\/\" \/>\n<meta property=\"og:locale\" content=\"fr_FR\" \/>\n<meta property=\"og:type\" content=\"article\" \/>\n<meta property=\"og:title\" content=\"Epandeur de saumur - MAMMOTH\u2122 850 Series | Ariens\" \/>\n<meta property=\"og:description\" content=\"Vaincre la glace avec l&#039;\u00e9pandeur de saumure, dot\u00e9 de cinq buses de pulv\u00e9risation, d&#039;un r\u00e9servoir de 20 gallons et d&#039;une lance de pulv\u00e9risation manuelle pour une gestion efficace de la glace.\" \/>\n<meta property=\"og:url\" content=\"https:\/\/www.ariens.eu\/fr\/produit\/fraise-a-neige\/outils-portes-mammoth-850-series\/brine-sprayer-69-119-cm\/\" \/>\n<meta property=\"og:site_name\" content=\"Ariens | EMEAA\" \/>\n<meta property=\"article:modified_time\" content=\"2026-01-06T09:58:28+00:00\" \/>\n<meta property=\"og:image\" content=\"https:\/\/www.ariens.eu\/fr\/wp-content\/uploads\/sites\/4\/2024\/05\/mammoth-brine.webp\" \/>\n\t<meta property=\"og:image:width\" content=\"475\" \/>\n\t<meta property=\"og:image:height\" content=\"475\" \/>\n\t<meta property=\"og:image:type\" content=\"image\/webp\" \/>\n<meta name=\"twitter:card\" content=\"summary_large_image\" \/>\n<meta name=\"twitter:label1\" content=\"Dur\u00e9e de lecture estim\u00e9e\" \/>\n\t<meta name=\"twitter:data1\" content=\"2 minutes\" \/>\n<script type=\"application\/ld+json\" class=\"yoast-schema-graph\">{\"@context\":\"https:\\\/\\\/schema.org\",\"@graph\":[{\"@type\":\"WebPage\",\"@id\":\"https:\\\/\\\/www.ariens.eu\\\/fr\\\/produit\\\/fraise-a-neige\\\/outils-portes-mammoth-850-series\\\/brine-sprayer-69-119-cm\\\/\",\"url\":\"https:\\\/\\\/www.ariens.eu\\\/fr\\\/produit\\\/fraise-a-neige\\\/outils-portes-mammoth-850-series\\\/brine-sprayer-69-119-cm\\\/\",\"name\":\"Epandeur de saumur - MAMMOTH\u2122 850 Series | Ariens\",\"isPartOf\":{\"@id\":\"https:\\\/\\\/www.ariens.eu\\\/fr\\\/#website\"},\"primaryImageOfPage\":{\"@id\":\"https:\\\/\\\/www.ariens.eu\\\/fr\\\/produit\\\/fraise-a-neige\\\/outils-portes-mammoth-850-series\\\/brine-sprayer-69-119-cm\\\/#primaryimage\"},\"image\":{\"@id\":\"https:\\\/\\\/www.ariens.eu\\\/fr\\\/produit\\\/fraise-a-neige\\\/outils-portes-mammoth-850-series\\\/brine-sprayer-69-119-cm\\\/#primaryimage\"},\"thumbnailUrl\":\"https:\\\/\\\/www.ariens.eu\\\/fr\\\/wp-content\\\/uploads\\\/sites\\\/4\\\/2024\\\/05\\\/mammoth-brine.webp\",\"datePublished\":\"2024-05-10T10:04:36+00:00\",\"dateModified\":\"2026-01-06T09:58:28+00:00\",\"description\":\"Vaincre la glace avec l'\u00e9pandeur de saumure, dot\u00e9 de cinq buses de pulv\u00e9risation, d'un r\u00e9servoir de 20 gallons et d'une lance de pulv\u00e9risation manuelle pour une gestion efficace de la glace.\",\"breadcrumb\":{\"@id\":\"https:\\\/\\\/www.ariens.eu\\\/fr\\\/produit\\\/fraise-a-neige\\\/outils-portes-mammoth-850-series\\\/brine-sprayer-69-119-cm\\\/#breadcrumb\"},\"inLanguage\":\"fr-FR\",\"potentialAction\":[{\"@type\":\"ReadAction\",\"target\":[\"https:\\\/\\\/www.ariens.eu\\\/fr\\\/produit\\\/fraise-a-neige\\\/outils-portes-mammoth-850-series\\\/brine-sprayer-69-119-cm\\\/\"]}]},{\"@type\":\"ImageObject\",\"inLanguage\":\"fr-FR\",\"@id\":\"https:\\\/\\\/www.ariens.eu\\\/fr\\\/produit\\\/fraise-a-neige\\\/outils-portes-mammoth-850-series\\\/brine-sprayer-69-119-cm\\\/#primaryimage\",\"url\":\"https:\\\/\\\/www.ariens.eu\\\/fr\\\/wp-content\\\/uploads\\\/sites\\\/4\\\/2024\\\/05\\\/mammoth-brine.webp\",\"contentUrl\":\"https:\\\/\\\/www.ariens.eu\\\/fr\\\/wp-content\\\/uploads\\\/sites\\\/4\\\/2024\\\/05\\\/mammoth-brine.webp\",\"width\":475,\"height\":475},{\"@type\":\"BreadcrumbList\",\"@id\":\"https:\\\/\\\/www.ariens.eu\\\/fr\\\/produit\\\/fraise-a-neige\\\/outils-portes-mammoth-850-series\\\/brine-sprayer-69-119-cm\\\/#breadcrumb\",\"itemListElement\":[{\"@type\":\"ListItem\",\"position\":1,\"name\":\"Home\",\"item\":\"https:\\\/\\\/www.ariens.eu\\\/fr\\\/\"},{\"@type\":\"ListItem\",\"position\":2,\"name\":\"Shop\",\"item\":\"https:\\\/\\\/www.ariens.eu\\\/fr\\\/shop\\\/\"},{\"@type\":\"ListItem\",\"position\":3,\"name\":\"BRINE SPRAYER 69 &#8211; 119 cm\"}]},{\"@type\":\"WebSite\",\"@id\":\"https:\\\/\\\/www.ariens.eu\\\/fr\\\/#website\",\"url\":\"https:\\\/\\\/www.ariens.eu\\\/fr\\\/\",\"name\":\"Ariens | EMEAA\",\"description\":\"Powerful and reliable zero-turn mowers &amp; snow blowers for professional users and demanding private customers\",\"potentialAction\":[{\"@type\":\"SearchAction\",\"target\":{\"@type\":\"EntryPoint\",\"urlTemplate\":\"https:\\\/\\\/www.ariens.eu\\\/fr\\\/?s={search_term_string}\"},\"query-input\":{\"@type\":\"PropertyValueSpecification\",\"valueRequired\":true,\"valueName\":\"search_term_string\"}}],\"inLanguage\":\"fr-FR\"}]}<\/script>\n<!-- \/ Yoast SEO plugin. -->","yoast_head_json":{"title":"Epandeur de saumur - MAMMOTH\u2122 850 Series | Ariens","description":"Vaincre la glace avec l'\u00e9pandeur de saumure, dot\u00e9 de cinq buses de pulv\u00e9risation, d'un r\u00e9servoir de 20 gallons et d'une lance de pulv\u00e9risation manuelle pour une gestion efficace de la glace.","robots":{"index":"index","follow":"follow","max-snippet":"max-snippet:-1","max-image-preview":"max-image-preview:large","max-video-preview":"max-video-preview:-1"},"canonical":"https:\/\/www.ariens.eu\/fr\/produit\/fraise-a-neige\/outils-portes-mammoth-850-series\/brine-sprayer-69-119-cm\/","og_locale":"fr_FR","og_type":"article","og_title":"Epandeur de saumur - MAMMOTH\u2122 850 Series | Ariens","og_description":"Vaincre la glace avec l'\u00e9pandeur de saumure, dot\u00e9 de cinq buses de pulv\u00e9risation, d'un r\u00e9servoir de 20 gallons et d'une lance de pulv\u00e9risation manuelle pour une gestion efficace de la glace.","og_url":"https:\/\/www.ariens.eu\/fr\/produit\/fraise-a-neige\/outils-portes-mammoth-850-series\/brine-sprayer-69-119-cm\/","og_site_name":"Ariens | EMEAA","article_modified_time":"2026-01-06T09:58:28+00:00","og_image":[{"width":475,"height":475,"url":"https:\/\/www.ariens.eu\/fr\/wp-content\/uploads\/sites\/4\/2024\/05\/mammoth-brine.webp","type":"image\/webp"}],"twitter_card":"summary_large_image","twitter_misc":{"Dur\u00e9e de lecture estim\u00e9e":"2 minutes"},"schema":{"@context":"https:\/\/schema.org","@graph":[{"@type":"WebPage","@id":"https:\/\/www.ariens.eu\/fr\/produit\/fraise-a-neige\/outils-portes-mammoth-850-series\/brine-sprayer-69-119-cm\/","url":"https:\/\/www.ariens.eu\/fr\/produit\/fraise-a-neige\/outils-portes-mammoth-850-series\/brine-sprayer-69-119-cm\/","name":"Epandeur de saumur - MAMMOTH\u2122 850 Series | Ariens","isPartOf":{"@id":"https:\/\/www.ariens.eu\/fr\/#website"},"primaryImageOfPage":{"@id":"https:\/\/www.ariens.eu\/fr\/produit\/fraise-a-neige\/outils-portes-mammoth-850-series\/brine-sprayer-69-119-cm\/#primaryimage"},"image":{"@id":"https:\/\/www.ariens.eu\/fr\/produit\/fraise-a-neige\/outils-portes-mammoth-850-series\/brine-sprayer-69-119-cm\/#primaryimage"},"thumbnailUrl":"https:\/\/www.ariens.eu\/fr\/wp-content\/uploads\/sites\/4\/2024\/05\/mammoth-brine.webp","datePublished":"2024-05-10T10:04:36+00:00","dateModified":"2026-01-06T09:58:28+00:00","description":"Vaincre la glace avec l'\u00e9pandeur de saumure, dot\u00e9 de cinq buses de pulv\u00e9risation, d'un r\u00e9servoir de 20 gallons et d'une lance de pulv\u00e9risation manuelle pour une gestion efficace de la glace.","breadcrumb":{"@id":"https:\/\/www.ariens.eu\/fr\/produit\/fraise-a-neige\/outils-portes-mammoth-850-series\/brine-sprayer-69-119-cm\/#breadcrumb"},"inLanguage":"fr-FR","potentialAction":[{"@type":"ReadAction","target":["https:\/\/www.ariens.eu\/fr\/produit\/fraise-a-neige\/outils-portes-mammoth-850-series\/brine-sprayer-69-119-cm\/"]}]},{"@type":"ImageObject","inLanguage":"fr-FR","@id":"https:\/\/www.ariens.eu\/fr\/produit\/fraise-a-neige\/outils-portes-mammoth-850-series\/brine-sprayer-69-119-cm\/#primaryimage","url":"https:\/\/www.ariens.eu\/fr\/wp-content\/uploads\/sites\/4\/2024\/05\/mammoth-brine.webp","contentUrl":"https:\/\/www.ariens.eu\/fr\/wp-content\/uploads\/sites\/4\/2024\/05\/mammoth-brine.webp","width":475,"height":475},{"@type":"BreadcrumbList","@id":"https:\/\/www.ariens.eu\/fr\/produit\/fraise-a-neige\/outils-portes-mammoth-850-series\/brine-sprayer-69-119-cm\/#breadcrumb","itemListElement":[{"@type":"ListItem","position":1,"name":"Home","item":"https:\/\/www.ariens.eu\/fr\/"},{"@type":"ListItem","position":2,"name":"Shop","item":"https:\/\/www.ariens.eu\/fr\/shop\/"},{"@type":"ListItem","position":3,"name":"BRINE SPRAYER 69 &#8211; 119 cm"}]},{"@type":"WebSite","@id":"https:\/\/www.ariens.eu\/fr\/#website","url":"https:\/\/www.ariens.eu\/fr\/","name":"Ariens | EMEAA","description":"Powerful and reliable zero-turn mowers &amp; snow blowers for professional users and demanding private customers","potentialAction":[{"@type":"SearchAction","target":{"@type":"EntryPoint","urlTemplate":"https:\/\/www.ariens.eu\/fr\/?s={search_term_string}"},"query-input":{"@type":"PropertyValueSpecification","valueRequired":true,"valueName":"search_term_string"}}],"inLanguage":"fr-FR"}]}},"_links":{"self":[{"href":"https:\/\/www.ariens.eu\/fr\/wp-json\/wp\/v2\/product\/2322","targetHints":{"allow":["GET"]}}],"collection":[{"href":"https:\/\/www.ariens.eu\/fr\/wp-json\/wp\/v2\/product"}],"about":[{"href":"https:\/\/www.ariens.eu\/fr\/wp-json\/wp\/v2\/types\/product"}],"replies":[{"embeddable":true,"href":"https:\/\/www.ariens.eu\/fr\/wp-json\/wp\/v2\/comments?post=2322"}],"wp:featuredmedia":[{"embeddable":true,"href":"https:\/\/www.ariens.eu\/fr\/wp-json\/wp\/v2\/media\/3027"}],"wp:attachment":[{"href":"https:\/\/www.ariens.eu\/fr\/wp-json\/wp\/v2\/media?parent=2322"}],"wp:term":[{"taxonomy":"product_brand","embeddable":true,"href":"https:\/\/www.ariens.eu\/fr\/wp-json\/wp\/v2\/product_brand?post=2322"},{"taxonomy":"product_cat","embeddable":true,"href":"https:\/\/www.ariens.eu\/fr\/wp-json\/wp\/v2\/product_cat?post=2322"},{"taxonomy":"product_tag","embeddable":true,"href":"https:\/\/www.ariens.eu\/fr\/wp-json\/wp\/v2\/product_tag?post=2322"}],"curies":[{"name":"wp","href":"https:\/\/api.w.org\/{rel}","templated":true}]}}