{"id":2324,"date":"2024-05-10T11:04:36","date_gmt":"2024-05-10T10:04:36","guid":{"rendered":"https:\/\/www.ariens.eu\/product\/edge-42\/"},"modified":"2026-02-25T10:37:01","modified_gmt":"2026-02-25T10:37:01","slug":"edge-42","status":"publish","type":"product","link":"https:\/\/www.ariens.eu\/fr\/produit\/zero-turn-mowers\/serie-edge\/edge-42","title":{"rendered":"EDGE 42"},"content":{"rendered":"<div class=\"acfd-block acfd-block__headline mb-asm-1 container-fluid px-0 bg-default\">\n<div class=\"acfd-headline\" >\n<h2 class='h2 text-left'>Plus maniable et plus rapide que les tracteurs de pelouse conventionnels<\/h2>\n<\/p><\/div>\n<\/div>\n<div class=\"acfd-block acfd-block__twocolumns mb-asm-2 container bg-default\">\n<div class=\"acfd-twocolumns\">\n<div class=\"row\">\n<div class='col-lg-9 mb-4'>\n<div class=\"acfd-block acfd-block__text container-fluid px-0 bg-default\">\n<div class=\"acfd-text\">\n<p>Profitez des avantages d&#8217;une tondeuse ZeroTurn dans votre jardin. Tondez avec plus de maniabilit\u00e9 et de confort qu&#8217;avec n&#8217;importe quel tracteur de pelouse, tout en vous amusant. Con\u00e7ue pour les jardins de petite et moyenne taille avec des passages \u00e9troits.<\/p>\n<p>L&#8217;EDGE 42 est la tondeuse \u00e0 rayon de braquage nul parfaite pour les jardins de taille moyenne.<\/p>\n<ul>\n<li>Dot\u00e9e d&#8217;un plateau de coupe de 107 cm (42&#8243;) construit en acier robuste de 2,4 mm<\/li>\n<li>Entra\u00een\u00e9e par un moteur Ariens de 635 cm\u00b3<\/li>\n<li>Relevage du plateau au pied pour un r\u00e9glage rapide et facile de la hauteur de coupe.<\/li>\n<li>Le syst\u00e8me de levage du plateau \u00e0 quatre points offre une stabilit\u00e9 in\u00e9gal\u00e9e et une coupe r\u00e9guli\u00e8re<\/li>\n<li>Si\u00e8ge rembourr\u00e9 \u00e0 haut dossier de s\u00e9rie pour le confort de l&#8217;utilisateur<\/li>\n<li>Une gamme d&#8217;accessoires en option est disponible<\/li>\n<li>Garantie de 2 ans ou 150 heures<\/li>\n<\/ul>\n<\/div>\n<\/div><\/div>\n<div class='col-lg'>                    <\/div>\n<\/p><\/div>\n<\/div>\n<\/div>\n<div class=\"acfd-block acfd-block__category mb-asm-2 container-fluid px-0 bg-default\">\n<div class=\"acfd-product-categories\">\n<h2 class=\"text-left mb-3\">\n        Eins\u00e4tze    <\/h2>\n<div class=\"product-categories_wrapper\">\n         <span\n                data-description=\"Vous avez une belle pelouse dans votre jardin ou autour de votre propri\u00e9t\u00e9 ? Vous souhaitez entretenir r\u00e9guli\u00e8rement votre pelouse \u00e0 partir de la mi-mars ? En fonction de la largeur de coupe, nos tondeuses peuvent s'adapter \u00e0 toutes les tailles de jardin.\"                class=\"product-category-single\"> Priv\u00e9                <sup><i class=\"fa fa-info-circle\" aria-hidden=\"true\"><\/i><\/sup>            <\/span>  <span\n                data-description=\"Nos tondeuses sont \u00e9quip\u00e9es de moteurs Kawasaki<sup>&reg;<\/sup> ou Ariens de haute qualit\u00e9. Ils offrent des performances et une fiabilit\u00e9 sup\u00e9rieures \u00e0 la moyenne.\"                class=\"product-category-single\"> Essence                <sup><i class=\"fa fa-info-circle\" aria-hidden=\"true\"><\/i><\/sup>            <\/span>  <span\n                data-description=\"Si vous utilisez un kit de broyage adapt\u00e9 \u00e0 votre tondeuse, l'\u00e9jection lat\u00e9rale n'est plus n\u00e9cessaire. L'herbe coup\u00e9e est finement d\u00e9chiquet\u00e9e et r\u00e9partie uniform\u00e9ment \u00e0 l'arri\u00e8re de la pelouse. L'engrais \u00e9ventuellement appliqu\u00e9 reste en surface et les fines particules d'herbe disparaissent presque invisiblement dans la pelouse.\"                class=\"product-category-single\"> Kit mulching en option                <sup><i class=\"fa fa-info-circle\" aria-hidden=\"true\"><\/i><\/sup>            <\/span>  <span\n                data-description=\"Les tondeuses autoport\u00e9es Ariens offrent un niveau de confort \u00e9lev\u00e9. Nous utilisons des si\u00e8ges de haute qualit\u00e9 d\u00e8s le mod\u00e8le d'entr\u00e9e de gamme. L'espace pour les jambes et les commandes ergonomiques sont de s\u00e9rie.\"                class=\"product-category-single\"> Autoport\u00e9e (assise)                <sup><i class=\"fa fa-info-circle\" aria-hidden=\"true\"><\/i><\/sup>            <\/span>  <span\n                data-description=\"Avec les mod\u00e8les APEX et ZENITH, vous avez le choix entre des plateaux de coupe \u00e0 \u00e9jection lat\u00e9rale et \u00e0 \u00e9jection arri\u00e8re. Un carter de tondeuse \u00e0 \u00e9jection lat\u00e9rale \u00e9jecte l'herbe coup\u00e9e par une ouverture lat\u00e9rale et un d\u00e9flecteur. Le puissant flux d'air les r\u00e9partit ensuite sur une grande surface. Un kit de mulching peut \u00eatre install\u00e9 en option sur les plateaux de coupe \u00e0 \u00e9jection lat\u00e9rale. Lorsqu'un kit mulching est utilis\u00e9, l'herbe est finement d\u00e9chiquet\u00e9e et \u00e9ject\u00e9e vers l'arri\u00e8re. L'\u00e9jection lat\u00e9rale et le d\u00e9flecteur sont alors ferm\u00e9s ou retir\u00e9s.\"                class=\"product-category-single\"> D\u00e9charge lat\u00e9rale                <sup><i class=\"fa fa-info-circle\" aria-hidden=\"true\"><\/i><\/sup>            <\/span>  <span\n                data-description=\"Toutes les tondeuses Ariens conviennent aux pelouses plates. Choisissez votre largeur de coupe en fonction de la taille de votre terrain et des zones \u00e9troites limitantes.\"                class=\"product-category-single\"> Terrain plat                <sup><i class=\"fa fa-info-circle\" aria-hidden=\"true\"><\/i><\/sup>            <\/span>  <span\n                data-description=\"Il est pr\u00e9f\u00e9rable de choisir une machine avec des roues larges. Ne d\u00e9passez pas la limite de s\u00e9curit\u00e9 sp\u00e9cifi\u00e9e de 15\u00b0 d'inclinaison pour les tondeuses autoport\u00e9es et de 20\u00b0 pour les tondeuses autoport\u00e9es. Sur les terrains vallonn\u00e9s, choisissez des plateaux de coupe plus \u00e9troits pour une coupe plus uniforme. Le mod\u00e8le ZENITH est \u00e9quip\u00e9 de s\u00e9rie d'une protection anti-retournement. Il peut \u00eatre install\u00e9 ult\u00e9rieurement sur l'APEX.\"                class=\"product-category-single\"> Terrain vallonn\u00e9                <sup><i class=\"fa fa-info-circle\" aria-hidden=\"true\"><\/i><\/sup>            <\/span>  <span\n                data-description=\"Les tondeuses \u00e0 rayon de braquage z\u00e9ro ne sont pas r\u00e9serv\u00e9es aux grandes surfaces. Le mod\u00e8le EDGE, avec une largeur de coupe de 86 cm, convient aux surfaces \u00e0 partir d'environ 800 m\u00b2 et aux passages \u00e9troits.\"                class=\"product-category-single\"> Petites zones                <sup><i class=\"fa fa-info-circle\" aria-hidden=\"true\"><\/i><\/sup>            <\/span>  <span\n                data-description=\"Utilisez des largeurs de tonte de 107 cm et 122 cm pour les pelouses de taille moyenne \u00e0 grande.\"                class=\"product-category-single\"> Zones de taille moyenne                <sup><i class=\"fa fa-info-circle\" aria-hidden=\"true\"><\/i><\/sup>            <\/span>     <\/div>\n<\/div>\n<\/div>\n<div class=\"acfd-block acfd-block__twocolumns mb-asm-2 container-fluid container-fluid--force px-0 bg-default\">\n<div class=\"acfd-twocolumns\">\n<div class=\"row\">\n<div class='col-lg-12 mb-4'>\n<div class=\"acfd-product-advantages--wrapper\">\n<h2 class=\"h1 bigger text-color-black text-center mb-5\">\n        Features &#038; Benefits    <\/h2>\n<div class=\"acfd-product-advantages\">\n<div class=\"row\">\n<div class=\"col-md-6 mb-4 content\">\n                    <span class=\"d-block h5 text-color-brand mb-1\">Utilisation intuitive<\/span><\/p>\n<p>Avec seulement deux leviers de commande, vous contr\u00f4lez les deux entra\u00eenements de roues qui fonctionnent ind\u00e9pendamment l\u2019un de l\u2019autre. La pr\u00e9cision et la l\u00e9g\u00e8ret\u00e9 de cette direction vous enthousiasmeront. Chaque utilisateur deviendra en un rien de temps un v\u00e9ritable PRO du z\u00e9ro-tour. Essayez-le une fois.<\/p>\n<\/p><\/div>\n<div class=\"col-md-6 mb4 image\"  style=\"background-image:url(https:\/\/www.ariens.eu\/fr\/wp-content\/uploads\/sites\/4\/2024\/05\/intuitive-control.webp)\">\n                <\/div>\n<\/p><\/div>\n<div class=\"row\">\n<div class=\"col-md-6 mb-4 content\">\n                    <span class=\"d-block h5 text-color-brand mb-1\">Tr\u00e8s bonne qualit\u00e9 de coupe<\/span><\/p>\n<p>Plateau de coupe soud\u00e9 de l&rsquo;EDGE 42 \u00bb avec deux lames. Kit de mulching en option.<\/p>\n<\/p><\/div>\n<div class=\"col-md-6 mb4 image\"  style=\"background-image:url(https:\/\/www.ariens.eu\/fr\/wp-content\/uploads\/sites\/4\/2024\/12\/quality-of-cut.png)\">\n                <\/div>\n<\/p><\/div>\n<div class=\"row\">\n<div class=\"col-md-6 mb-4 content\">\n                    <span class=\"d-block h5 text-color-brand mb-1\">Pneus plus larges<\/span><\/p>\n<p>Les pneus de grand diam\u00e8tre avec une large empreinte au sol offrent une meilleure traction et une sensation de conduite plus souple et agr\u00e9able.<\/p>\n<\/p><\/div>\n<div class=\"col-md-6 mb4 image\"  style=\"background-image:url(https:\/\/www.ariens.eu\/fr\/wp-content\/uploads\/sites\/4\/2024\/05\/larger-tires.webp)\">\n                <\/div>\n<\/p><\/div>\n<div class=\"row\">\n<div class=\"col-md-6 mb-4 content\">\n                    <span class=\"d-block h5 text-color-brand mb-1\">Confort<\/span><\/p>\n<p>Le si\u00e8ge profil\u00e9e de l\u2019EDGE est dot\u00e9e d\u2019une grande d\u00e9coupe. La circulation de l\u2019air ainsi permise permet de garder votre dos au sec et d\u2019augmenter le confort de conduite lorsque les temp\u00e9ratures ext\u00e9rieures sont \u00e9lev\u00e9es.<\/p>\n<\/p><\/div>\n<div class=\"col-md-6 mb4 image\"  style=\"background-image:url(https:\/\/www.ariens.eu\/fr\/wp-content\/uploads\/sites\/4\/2024\/12\/seating-comfort.png)\">\n                <\/div>\n<\/p><\/div>\n<div class=\"row\">\n<div class=\"col-md-6 mb-4 content\">\n                    <span class=\"d-block h5 text-color-brand mb-1\">R\u00e9glage de la hauteur de coupe<\/span><\/p>\n<p>Le levier facile d\u2019acc\u00e8s situ\u00e9 sur le c\u00f4t\u00e9 du si\u00e8ge permet de r\u00e9gler la hauteur de coupe sur 7 niveaux, de 3,8 cm \u00e0 11,4 cm. Le relevage du plateau de coupe s\u2019effectue facilement \u00e0 l\u2019aide d\u2019une p\u00e9dale.<\/p>\n<\/p><\/div>\n<div class=\"col-md-6 mb4 image\"  style=\"background-image:url(https:\/\/www.ariens.eu\/fr\/wp-content\/uploads\/sites\/4\/2024\/12\/cutting-height-adjustment.png)\">\n                <\/div>\n<\/p><\/div>\n<div class=\"row\">\n<div class=\"col-md-6 mb-4 content\">\n                    <span class=\"d-block h5 text-color-brand mb-1\">Moteur ariens 4 temps<\/span><\/p>\n<p>L\u2019EDGE est propuls\u00e9 par le fiable moteur bicylindre Ariens 635 cm\u00b3 OHV.<\/p>\n<\/p><\/div>\n<div class=\"col-md-6 mb4 image\"  style=\"background-image:url(https:\/\/www.ariens.eu\/fr\/wp-content\/uploads\/sites\/4\/2024\/05\/ariens-edge-zero-turn-635cc-twin-cylinder-ariens-engine.webp)\">\n                <\/div>\n<\/p><\/div>\n<\/p><\/div>\n<\/div><\/div>\n<div class='col-lg'>                    <\/div>\n<\/p><\/div>\n<\/div>\n<\/div>\n","protected":false},"excerpt":{"rendered":"<p>Plus maniable et plus rapide que les tracteurs de pelouse conventionnels Profitez des avantages d&#8217;une tondeuse ZeroTurn dans votre jardin. Tondez avec plus de maniabilit\u00e9 et de confort qu&#8217;avec n&#8217;importe quel tracteur de pelouse, tout en vous amusant. Con\u00e7ue pour les jardins de petite et moyenne taille avec des passages \u00e9troits. L&#8217;EDGE 42 est la [&hellip;]<\/p>\n","protected":false},"featured_media":4624,"comment_status":"open","ping_status":"closed","template":"","meta":{"_acf_changed":false,"_relevanssi_hide_post":"","_relevanssi_hide_content":"","_relevanssi_pin_for_all":"","_relevanssi_pin_keywords":"","_relevanssi_unpin_keywords":"","_relevanssi_related_keywords":"","_relevanssi_related_include_ids":"","_relevanssi_related_exclude_ids":"","_relevanssi_related_no_append":"","_relevanssi_related_not_related":"","_relevanssi_related_posts":"","_relevanssi_noindex_reason":""},"product_brand":[],"product_cat":[15],"product_tag":[],"class_list":{"0":"post-2324","1":"product","2":"type-product","3":"status-publish","4":"has-post-thumbnail","6":"product_variant-serie-edge","7":"product_usage_areas-jardins-prives","8":"product_usage_areas-services-de-conciergerie","10":"first","11":"instock","12":"shipping-taxable","13":"product-type-simple"},"acf":[],"yoast_head":"<!-- This site is optimized with the Yoast SEO plugin v27.3 - https:\/\/yoast.com\/product\/yoast-seo-wordpress\/ -->\n<title>EDGE 42 - Cr\u00e9ez le jardin de vos r\u00eaves avec la tondeuse \u00e0 rayon de braquage z\u00e9ro EDGE<\/title>\n<meta name=\"description\" content=\"Avec un moteur Ariens haut de gamme et un plateau de coupe de 107 cm (42&quot;) enti\u00e8rement fabriqu\u00e9, l&#039;autoport\u00e9e \u00e0 rayon de braquage z\u00e9ro EDGE 42 est parfaite pour les pelouses de taille moyenne.\" \/>\n<meta name=\"robots\" content=\"index, follow, max-snippet:-1, max-image-preview:large, max-video-preview:-1\" \/>\n<link rel=\"canonical\" href=\"https:\/\/www.ariens.eu\/fr\/produit\/tondeuses-a-rayon-de-braquage-zero\/serie-edge\/edge-42\/\" \/>\n<meta property=\"og:locale\" content=\"fr_FR\" \/>\n<meta property=\"og:type\" content=\"article\" \/>\n<meta property=\"og:title\" content=\"EDGE 42 - Cr\u00e9ez le jardin de vos r\u00eaves avec la tondeuse \u00e0 rayon de braquage z\u00e9ro EDGE\" \/>\n<meta property=\"og:description\" content=\"Avec un moteur Ariens haut de gamme et un plateau de coupe de 107 cm (42&quot;) enti\u00e8rement fabriqu\u00e9, l&#039;autoport\u00e9e \u00e0 rayon de braquage z\u00e9ro EDGE 42 est parfaite pour les pelouses de taille moyenne.\" \/>\n<meta property=\"og:url\" content=\"https:\/\/www.ariens.eu\/fr\/produit\/tondeuses-a-rayon-de-braquage-zero\/serie-edge\/edge-42\/\" \/>\n<meta property=\"og:site_name\" content=\"Ariens | EMEAA\" \/>\n<meta property=\"article:modified_time\" content=\"2026-02-25T10:37:01+00:00\" \/>\n<meta property=\"og:image\" content=\"https:\/\/www.ariens.eu\/fr\/wp-content\/uploads\/sites\/4\/2024\/05\/ariens-edge-my25-3-4.png\" \/>\n\t<meta property=\"og:image:width\" content=\"1024\" \/>\n\t<meta property=\"og:image:height\" content=\"720\" \/>\n\t<meta property=\"og:image:type\" content=\"image\/png\" \/>\n<meta name=\"twitter:card\" content=\"summary_large_image\" \/>\n<meta name=\"twitter:label1\" content=\"Dur\u00e9e de lecture estim\u00e9e\" \/>\n\t<meta name=\"twitter:data1\" content=\"3 minutes\" \/>\n<script type=\"application\/ld+json\" class=\"yoast-schema-graph\">{\"@context\":\"https:\\\/\\\/schema.org\",\"@graph\":[{\"@type\":\"WebPage\",\"@id\":\"https:\\\/\\\/www.ariens.eu\\\/fr\\\/produit\\\/tondeuses-a-rayon-de-braquage-zero\\\/serie-edge\\\/edge-42\\\/\",\"url\":\"https:\\\/\\\/www.ariens.eu\\\/fr\\\/produit\\\/tondeuses-a-rayon-de-braquage-zero\\\/serie-edge\\\/edge-42\\\/\",\"name\":\"EDGE 42 - Cr\u00e9ez le jardin de vos r\u00eaves avec la tondeuse \u00e0 rayon de braquage z\u00e9ro EDGE\",\"isPartOf\":{\"@id\":\"https:\\\/\\\/www.ariens.eu\\\/fr\\\/#website\"},\"primaryImageOfPage\":{\"@id\":\"https:\\\/\\\/www.ariens.eu\\\/fr\\\/produit\\\/tondeuses-a-rayon-de-braquage-zero\\\/serie-edge\\\/edge-42\\\/#primaryimage\"},\"image\":{\"@id\":\"https:\\\/\\\/www.ariens.eu\\\/fr\\\/produit\\\/tondeuses-a-rayon-de-braquage-zero\\\/serie-edge\\\/edge-42\\\/#primaryimage\"},\"thumbnailUrl\":\"https:\\\/\\\/www.ariens.eu\\\/fr\\\/wp-content\\\/uploads\\\/sites\\\/4\\\/2024\\\/05\\\/ariens-edge-my25-3-4.png\",\"datePublished\":\"2024-05-10T10:04:36+00:00\",\"dateModified\":\"2026-02-25T10:37:01+00:00\",\"description\":\"Avec un moteur Ariens haut de gamme et un plateau de coupe de 107 cm (42\\\") enti\u00e8rement fabriqu\u00e9, l'autoport\u00e9e \u00e0 rayon de braquage z\u00e9ro EDGE 42 est parfaite pour les pelouses de taille moyenne.\",\"breadcrumb\":{\"@id\":\"https:\\\/\\\/www.ariens.eu\\\/fr\\\/produit\\\/tondeuses-a-rayon-de-braquage-zero\\\/serie-edge\\\/edge-42\\\/#breadcrumb\"},\"inLanguage\":\"fr-FR\",\"potentialAction\":[{\"@type\":\"ReadAction\",\"target\":[\"https:\\\/\\\/www.ariens.eu\\\/fr\\\/produit\\\/tondeuses-a-rayon-de-braquage-zero\\\/serie-edge\\\/edge-42\\\/\"]}]},{\"@type\":\"ImageObject\",\"inLanguage\":\"fr-FR\",\"@id\":\"https:\\\/\\\/www.ariens.eu\\\/fr\\\/produit\\\/tondeuses-a-rayon-de-braquage-zero\\\/serie-edge\\\/edge-42\\\/#primaryimage\",\"url\":\"https:\\\/\\\/www.ariens.eu\\\/fr\\\/wp-content\\\/uploads\\\/sites\\\/4\\\/2024\\\/05\\\/ariens-edge-my25-3-4.png\",\"contentUrl\":\"https:\\\/\\\/www.ariens.eu\\\/fr\\\/wp-content\\\/uploads\\\/sites\\\/4\\\/2024\\\/05\\\/ariens-edge-my25-3-4.png\",\"width\":1024,\"height\":720},{\"@type\":\"BreadcrumbList\",\"@id\":\"https:\\\/\\\/www.ariens.eu\\\/fr\\\/produit\\\/tondeuses-a-rayon-de-braquage-zero\\\/serie-edge\\\/edge-42\\\/#breadcrumb\",\"itemListElement\":[{\"@type\":\"ListItem\",\"position\":1,\"name\":\"Home\",\"item\":\"https:\\\/\\\/www.ariens.eu\\\/fr\\\/\"},{\"@type\":\"ListItem\",\"position\":2,\"name\":\"Shop\",\"item\":\"https:\\\/\\\/www.ariens.eu\\\/fr\\\/shop\\\/\"},{\"@type\":\"ListItem\",\"position\":3,\"name\":\"EDGE 42\"}]},{\"@type\":\"WebSite\",\"@id\":\"https:\\\/\\\/www.ariens.eu\\\/fr\\\/#website\",\"url\":\"https:\\\/\\\/www.ariens.eu\\\/fr\\\/\",\"name\":\"Ariens | EMEAA\",\"description\":\"Powerful and reliable zero-turn mowers &amp; snow blowers for professional users and demanding private customers\",\"potentialAction\":[{\"@type\":\"SearchAction\",\"target\":{\"@type\":\"EntryPoint\",\"urlTemplate\":\"https:\\\/\\\/www.ariens.eu\\\/fr\\\/?s={search_term_string}\"},\"query-input\":{\"@type\":\"PropertyValueSpecification\",\"valueRequired\":true,\"valueName\":\"search_term_string\"}}],\"inLanguage\":\"fr-FR\"}]}<\/script>\n<!-- \/ Yoast SEO plugin. -->","yoast_head_json":{"title":"EDGE 42 - Cr\u00e9ez le jardin de vos r\u00eaves avec la tondeuse \u00e0 rayon de braquage z\u00e9ro EDGE","description":"Avec un moteur Ariens haut de gamme et un plateau de coupe de 107 cm (42\") enti\u00e8rement fabriqu\u00e9, l'autoport\u00e9e \u00e0 rayon de braquage z\u00e9ro EDGE 42 est parfaite pour les pelouses de taille moyenne.","robots":{"index":"index","follow":"follow","max-snippet":"max-snippet:-1","max-image-preview":"max-image-preview:large","max-video-preview":"max-video-preview:-1"},"canonical":"https:\/\/www.ariens.eu\/fr\/produit\/tondeuses-a-rayon-de-braquage-zero\/serie-edge\/edge-42\/","og_locale":"fr_FR","og_type":"article","og_title":"EDGE 42 - Cr\u00e9ez le jardin de vos r\u00eaves avec la tondeuse \u00e0 rayon de braquage z\u00e9ro EDGE","og_description":"Avec un moteur Ariens haut de gamme et un plateau de coupe de 107 cm (42\") enti\u00e8rement fabriqu\u00e9, l'autoport\u00e9e \u00e0 rayon de braquage z\u00e9ro EDGE 42 est parfaite pour les pelouses de taille moyenne.","og_url":"https:\/\/www.ariens.eu\/fr\/produit\/tondeuses-a-rayon-de-braquage-zero\/serie-edge\/edge-42\/","og_site_name":"Ariens | EMEAA","article_modified_time":"2026-02-25T10:37:01+00:00","og_image":[{"width":1024,"height":720,"url":"https:\/\/www.ariens.eu\/fr\/wp-content\/uploads\/sites\/4\/2024\/05\/ariens-edge-my25-3-4.png","type":"image\/png"}],"twitter_card":"summary_large_image","twitter_misc":{"Dur\u00e9e de lecture estim\u00e9e":"3 minutes"},"schema":{"@context":"https:\/\/schema.org","@graph":[{"@type":"WebPage","@id":"https:\/\/www.ariens.eu\/fr\/produit\/tondeuses-a-rayon-de-braquage-zero\/serie-edge\/edge-42\/","url":"https:\/\/www.ariens.eu\/fr\/produit\/tondeuses-a-rayon-de-braquage-zero\/serie-edge\/edge-42\/","name":"EDGE 42 - Cr\u00e9ez le jardin de vos r\u00eaves avec la tondeuse \u00e0 rayon de braquage z\u00e9ro EDGE","isPartOf":{"@id":"https:\/\/www.ariens.eu\/fr\/#website"},"primaryImageOfPage":{"@id":"https:\/\/www.ariens.eu\/fr\/produit\/tondeuses-a-rayon-de-braquage-zero\/serie-edge\/edge-42\/#primaryimage"},"image":{"@id":"https:\/\/www.ariens.eu\/fr\/produit\/tondeuses-a-rayon-de-braquage-zero\/serie-edge\/edge-42\/#primaryimage"},"thumbnailUrl":"https:\/\/www.ariens.eu\/fr\/wp-content\/uploads\/sites\/4\/2024\/05\/ariens-edge-my25-3-4.png","datePublished":"2024-05-10T10:04:36+00:00","dateModified":"2026-02-25T10:37:01+00:00","description":"Avec un moteur Ariens haut de gamme et un plateau de coupe de 107 cm (42\") enti\u00e8rement fabriqu\u00e9, l'autoport\u00e9e \u00e0 rayon de braquage z\u00e9ro EDGE 42 est parfaite pour les pelouses de taille moyenne.","breadcrumb":{"@id":"https:\/\/www.ariens.eu\/fr\/produit\/tondeuses-a-rayon-de-braquage-zero\/serie-edge\/edge-42\/#breadcrumb"},"inLanguage":"fr-FR","potentialAction":[{"@type":"ReadAction","target":["https:\/\/www.ariens.eu\/fr\/produit\/tondeuses-a-rayon-de-braquage-zero\/serie-edge\/edge-42\/"]}]},{"@type":"ImageObject","inLanguage":"fr-FR","@id":"https:\/\/www.ariens.eu\/fr\/produit\/tondeuses-a-rayon-de-braquage-zero\/serie-edge\/edge-42\/#primaryimage","url":"https:\/\/www.ariens.eu\/fr\/wp-content\/uploads\/sites\/4\/2024\/05\/ariens-edge-my25-3-4.png","contentUrl":"https:\/\/www.ariens.eu\/fr\/wp-content\/uploads\/sites\/4\/2024\/05\/ariens-edge-my25-3-4.png","width":1024,"height":720},{"@type":"BreadcrumbList","@id":"https:\/\/www.ariens.eu\/fr\/produit\/tondeuses-a-rayon-de-braquage-zero\/serie-edge\/edge-42\/#breadcrumb","itemListElement":[{"@type":"ListItem","position":1,"name":"Home","item":"https:\/\/www.ariens.eu\/fr\/"},{"@type":"ListItem","position":2,"name":"Shop","item":"https:\/\/www.ariens.eu\/fr\/shop\/"},{"@type":"ListItem","position":3,"name":"EDGE 42"}]},{"@type":"WebSite","@id":"https:\/\/www.ariens.eu\/fr\/#website","url":"https:\/\/www.ariens.eu\/fr\/","name":"Ariens | EMEAA","description":"Powerful and reliable zero-turn mowers &amp; snow blowers for professional users and demanding private customers","potentialAction":[{"@type":"SearchAction","target":{"@type":"EntryPoint","urlTemplate":"https:\/\/www.ariens.eu\/fr\/?s={search_term_string}"},"query-input":{"@type":"PropertyValueSpecification","valueRequired":true,"valueName":"search_term_string"}}],"inLanguage":"fr-FR"}]}},"_links":{"self":[{"href":"https:\/\/www.ariens.eu\/fr\/wp-json\/wp\/v2\/product\/2324","targetHints":{"allow":["GET"]}}],"collection":[{"href":"https:\/\/www.ariens.eu\/fr\/wp-json\/wp\/v2\/product"}],"about":[{"href":"https:\/\/www.ariens.eu\/fr\/wp-json\/wp\/v2\/types\/product"}],"replies":[{"embeddable":true,"href":"https:\/\/www.ariens.eu\/fr\/wp-json\/wp\/v2\/comments?post=2324"}],"wp:featuredmedia":[{"embeddable":true,"href":"https:\/\/www.ariens.eu\/fr\/wp-json\/wp\/v2\/media\/4624"}],"wp:attachment":[{"href":"https:\/\/www.ariens.eu\/fr\/wp-json\/wp\/v2\/media?parent=2324"}],"wp:term":[{"taxonomy":"product_brand","embeddable":true,"href":"https:\/\/www.ariens.eu\/fr\/wp-json\/wp\/v2\/product_brand?post=2324"},{"taxonomy":"product_cat","embeddable":true,"href":"https:\/\/www.ariens.eu\/fr\/wp-json\/wp\/v2\/product_cat?post=2324"},{"taxonomy":"product_tag","embeddable":true,"href":"https:\/\/www.ariens.eu\/fr\/wp-json\/wp\/v2\/product_tag?post=2324"}],"curies":[{"name":"wp","href":"https:\/\/api.w.org\/{rel}","templated":true}]}}