{"id":2328,"date":"2024-05-10T11:04:36","date_gmt":"2024-05-10T10:04:36","guid":{"rendered":"https:\/\/www.ariens.eu\/product\/ikon-xd-52-kawasaki\/"},"modified":"2024-12-12T12:04:16","modified_gmt":"2024-12-12T12:04:16","slug":"ikon-xd-52","status":"publish","type":"product","link":"https:\/\/www.ariens.eu\/fr\/product\/ikon-xd-52\/","title":{"rendered":"IKON XD 52"},"content":{"rendered":"<div class=\"acfd-block acfd-block__headline mb-asm-1 container-fluid px-0 bg-default\">\n<div class=\"acfd-headline\" >\n<h2 class='h2 text-left'>Con\u00e7u pour les jardins de toutes tailles &#8211; Confortable et robuste<\/h2>\n<\/p><\/div>\n<\/div>\n<div class=\"acfd-block acfd-block__twocolumns mb-asm-2 container-fluid px-0 bg-default\">\n<div class=\"acfd-twocolumns\">\n<div class=\"row\">\n<div class='col-lg-9 mb-4'>\n<div class=\"acfd-block acfd-block__text container-fluid px-0 bg-default\">\n<div class=\"acfd-text\">\n<p>Con\u00e7u pour les jardins de toutes tailles. Dot\u00e9 des m\u00eames caract\u00e9ristiques que ses grands fr\u00e8res et s\u0153urs. Offrez-vous un confort et des performances accrus.<\/p>\n<p>Avec son moteur Kawasaki haut de gamme, une largeur de coupe de 132 cm, un carter de coupe soud\u00e9 et beaucoup de confort, l&#8217;IKON XD est la tondeuse id\u00e9ale pour les grandes pelouses.<\/p>\n<ul>\n<li>Le IKON XD 52 est dot\u00e9 d&#8217;un plateau de 132 cm (52&#8243;) en acier de calibre 11<\/li>\n<li>Aliment\u00e9 par un moteur Kawasaki<sup>&reg;<\/sup> FR691 de 726 cm3<\/li>\n<li>R\u00e9glage de la hauteur de coupe par cadran avec 13 positions de coupe<\/li>\n<li>Ch\u00e2ssis en acier tubulaire<\/li>\n<li>Si\u00e8ge \u00e0 haut dossier avec accoudoirs et bras de commande rembourr\u00e9s<\/li>\n<li>Gamme d&#8217;accessoires disponibles en option<\/li>\n<li>Garantie de 3 ans ou 300 heures<\/li>\n<\/ul>\n<\/div>\n<\/div><\/div>\n<div class='col-lg'>                    <\/div>\n<\/p><\/div>\n<\/div>\n<\/div>\n<div class=\"acfd-block acfd-block__category mb-asm-3 container-fluid px-0 bg-default\">\n<div class=\"acfd-product-categories\">\n<h2 class=\"text-left mb-3\">\n        Eins\u00e4tze    <\/h2>\n<div class=\"product-categories_wrapper\">\n         <span\n                data-description=\"Vous \u00eates un prestataire de services, un service de conciergerie ou vous devez r\u00e9guli\u00e8rement entretenir de grandes surfaces ? Dans ce cas, une machine semi-professionnelle vous offre les performances et la durabilit\u00e9 n\u00e9cessaires pour effectuer vos travaux de tonte en toute fiabilit\u00e9.\"                class=\"product-category-single\"> Semi-Pro                <sup><i class=\"fa fa-info-circle\" aria-hidden=\"true\"><\/i><\/sup>            <\/span>  <span\n                data-description=\"Vous avez une belle pelouse dans votre jardin ou autour de votre propri\u00e9t\u00e9 ? Vous souhaitez entretenir r\u00e9guli\u00e8rement votre pelouse \u00e0 partir de la mi-mars ? En fonction de la largeur de coupe, nos tondeuses peuvent s'adapter \u00e0 toutes les tailles de jardin.\"                class=\"product-category-single\"> Priv\u00e9                <sup><i class=\"fa fa-info-circle\" aria-hidden=\"true\"><\/i><\/sup>            <\/span>  <span\n                data-description=\"Nos tondeuses sont \u00e9quip\u00e9es de moteurs Kawasaki<sup>&reg;<\/sup> ou Ariens de haute qualit\u00e9. Ils offrent des performances et une fiabilit\u00e9 sup\u00e9rieures \u00e0 la moyenne.\"                class=\"product-category-single\"> Essence                <sup><i class=\"fa fa-info-circle\" aria-hidden=\"true\"><\/i><\/sup>            <\/span>  <span\n                data-description=\"Si vous utilisez un kit de broyage adapt\u00e9 \u00e0 votre tondeuse, l'\u00e9jection lat\u00e9rale n'est plus n\u00e9cessaire. L'herbe coup\u00e9e est finement d\u00e9chiquet\u00e9e et r\u00e9partie uniform\u00e9ment \u00e0 l'arri\u00e8re de la pelouse. L'engrais \u00e9ventuellement appliqu\u00e9 reste en surface et les fines particules d'herbe disparaissent presque invisiblement dans la pelouse.\"                class=\"product-category-single\"> Kit mulching en option                <sup><i class=\"fa fa-info-circle\" aria-hidden=\"true\"><\/i><\/sup>            <\/span>  <span\n                data-description=\"Les tondeuses autoport\u00e9es Ariens offrent un niveau de confort \u00e9lev\u00e9. Nous utilisons des si\u00e8ges de haute qualit\u00e9 d\u00e8s le mod\u00e8le d'entr\u00e9e de gamme. L'espace pour les jambes et les commandes ergonomiques sont de s\u00e9rie.\"                class=\"product-category-single\"> Autoport\u00e9e (assise)                <sup><i class=\"fa fa-info-circle\" aria-hidden=\"true\"><\/i><\/sup>            <\/span>  <span\n                data-description=\"Avec les mod\u00e8les APEX et ZENITH, vous avez le choix entre des plateaux de coupe \u00e0 \u00e9jection lat\u00e9rale et \u00e0 \u00e9jection arri\u00e8re. Un carter de tondeuse \u00e0 \u00e9jection lat\u00e9rale \u00e9jecte l'herbe coup\u00e9e par une ouverture lat\u00e9rale et un d\u00e9flecteur. Le puissant flux d'air les r\u00e9partit ensuite sur une grande surface. Un kit de mulching peut \u00eatre install\u00e9 en option sur les plateaux de coupe \u00e0 \u00e9jection lat\u00e9rale. Lorsqu'un kit mulching est utilis\u00e9, l'herbe est finement d\u00e9chiquet\u00e9e et \u00e9ject\u00e9e vers l'arri\u00e8re. L'\u00e9jection lat\u00e9rale et le d\u00e9flecteur sont alors ferm\u00e9s ou retir\u00e9s.\"                class=\"product-category-single\"> D\u00e9charge lat\u00e9rale                <sup><i class=\"fa fa-info-circle\" aria-hidden=\"true\"><\/i><\/sup>            <\/span>  <span\n                data-description=\"Toutes les tondeuses Ariens conviennent aux pelouses plates. Choisissez votre largeur de coupe en fonction de la taille de votre terrain et des zones \u00e9troites limitantes.\"                class=\"product-category-single\"> Terrain plat                <sup><i class=\"fa fa-info-circle\" aria-hidden=\"true\"><\/i><\/sup>            <\/span>  <span\n                data-description=\"Il est pr\u00e9f\u00e9rable de choisir une machine avec des roues larges. Ne d\u00e9passez pas la limite de s\u00e9curit\u00e9 sp\u00e9cifi\u00e9e de 15\u00b0 d'inclinaison pour les tondeuses autoport\u00e9es et de 20\u00b0 pour les tondeuses autoport\u00e9es. Sur les terrains vallonn\u00e9s, choisissez des plateaux de coupe plus \u00e9troits pour une coupe plus uniforme. Le mod\u00e8le ZENITH est \u00e9quip\u00e9 de s\u00e9rie d'une protection anti-retournement. Il peut \u00eatre install\u00e9 ult\u00e9rieurement sur l'APEX.\"                class=\"product-category-single\"> Terrain vallonn\u00e9                <sup><i class=\"fa fa-info-circle\" aria-hidden=\"true\"><\/i><\/sup>            <\/span>  <span\n                data-description=\"Utilisez des largeurs de tonte de 107 cm et 122 cm pour les pelouses de taille moyenne \u00e0 grande.\"                class=\"product-category-single\"> Zones de taille moyenne                <sup><i class=\"fa fa-info-circle\" aria-hidden=\"true\"><\/i><\/sup>            <\/span>  <span\n                data-description=\"Les plateaux de coupe de 132 cm et 152 cm de large sont utilis\u00e9s efficacement sur les grandes surfaces.\"                class=\"product-category-single\"> Grandes zones                <sup><i class=\"fa fa-info-circle\" aria-hidden=\"true\"><\/i><\/sup>            <\/span>     <\/div>\n<\/div>\n<\/div>\n<div class=\"acfd-block acfd-block__twocolumns mb-asm-2 container-fluid container-fluid--force px-0 bg-default\">\n<div class=\"acfd-twocolumns\">\n<div class=\"row\">\n<div class='col-lg-12 mb-4'>\n<div class=\"acfd-product-advantages--wrapper\">\n<h2 class=\"h1 bigger text-color-black text-center mb-5\">\n        Features &#038; Benefits    <\/h2>\n<div class=\"acfd-product-advantages\">\n<div class=\"row\">\n<div class=\"col-md-6 mb-4 content\">\n                    <span class=\"d-block h5 text-color-brand mb-1\">Plateau de coupe de style professionnel<\/span><\/p>\n<p>10,2 cm de profondeur, en t\u00f4le d\u2019acier de 2,9 mm d\u2019\u00e9paisseur avec bord renforc\u00e9 et suspension \u00e0 4 points. Flux d\u2019air puissant et \u00e9jection extra large pour une coupe nette. Les roulettes anti-scalp emp\u00eachent le contact avec le sol.<\/p>\n<\/p><\/div>\n<div class=\"col-md-6 mb4 image\"  style=\"background-image:url(https:\/\/www.ariens.eu\/fr\/wp-content\/uploads\/sites\/4\/2024\/05\/icon-xd-deck.webp)\">\n                <\/div>\n<\/p><\/div>\n<div class=\"row\">\n<div class=\"col-md-6 mb-4 content\">\n                    <span class=\"d-block h5 text-color-brand mb-1\">Si\u00e8ge confort<\/span><\/p>\n<p>Le si\u00e8ge confortable et r\u00e9glable avec dossier haut rend les intervalles de tonte plus longs moins fatigants.<\/p>\n<\/p><\/div>\n<div class=\"col-md-6 mb4 image\"  style=\"background-image:url(https:\/\/www.ariens.eu\/fr\/wp-content\/uploads\/sites\/4\/2024\/05\/ariens-ikon-xd-zero-turn-plush-seat-with-armrests-1.webp)\">\n                <\/div>\n<\/p><\/div>\n<div class=\"row\">\n<div class=\"col-md-6 mb-4 content\">\n                    <span class=\"d-block h5 text-color-brand mb-1\">Pneus plus larges<\/span><\/p>\n<p>Les pneus de grand diam\u00e8tre avec une large empreinte au sol offrent une meilleure traction et une sensation de conduite plus souple et agr\u00e9able.<\/p>\n<\/p><\/div>\n<div class=\"col-md-6 mb4 image\"  style=\"background-image:url(https:\/\/www.ariens.eu\/fr\/wp-content\/uploads\/sites\/4\/2024\/05\/ariens-ikon-xd-zero-turn-large-tyres-1.webp)\">\n                <\/div>\n<\/p><\/div>\n<div class=\"row\">\n<div class=\"col-md-6 mb-4 content\">\n                    <span class=\"d-block h5 text-color-brand mb-1\">Moteurs de roues hydrostatiques int\u00e9gr\u00e9s<\/span><\/p>\n<p>La transmission hydrostatique variable \u00e0\u00a0 continue (combinaison d\u2019une pompe \u00e0 huile, d\u2019un moteur \u00e0 huile et d\u2019une bo\u00eete de vitesses m\u00e9canique dans un seul bo\u00eetier) fournit un couple \u00e9norme de 291 Nm et assure une conduite sans \u00e0-coups et des r\u00e9actions tr\u00e8s pr\u00e9cises. De plus, elle ne n\u00e9cessite aucun entretien.<\/p>\n<\/p><\/div>\n<div class=\"col-md-6 mb4 image\"  style=\"background-image:url(https:\/\/www.ariens.eu\/fr\/wp-content\/uploads\/sites\/4\/2024\/05\/ariens-ikon-xd-zero-turn-hydro-gear-ezt-transaxles-1.webp)\">\n                <\/div>\n<\/p><\/div>\n<div class=\"row\">\n<div class=\"col-md-6 mb-4 content\">\n                    <span class=\"d-block h5 text-color-brand mb-1\">S\u00e9lecteur rotatif pour le r\u00e9glage de la hauteur de coupe<\/span><\/p>\n<p>S\u00e9lecteur rapide ergonomique pour les 13 hauteurs de coupe \u2013 de 3,8 cm \u00e0 11,4 cm. Relevage confortable du plateau de coupe par p\u00e9dale.<\/p>\n<\/p><\/div>\n<div class=\"col-md-6 mb4 image\"  style=\"background-image:url(https:\/\/www.ariens.eu\/fr\/wp-content\/uploads\/sites\/4\/2024\/05\/ariens-ikon-xd-zero-turn-cutting-height-dial-adjustment-1.jpg)\">\n                <\/div>\n<\/p><\/div>\n<div class=\"row\">\n<div class=\"col-md-6 mb-4 content\">\n                    <span class=\"d-block h5 text-color-brand mb-1\">Moteur premium<\/span><\/p>\n<p>En mati\u00e8re de moteurs, le nom Kawasaki est synonyme de fiabilit\u00e9 absolue, de performances \u00e9lev\u00e9es et de longue dur\u00e9e de vie. Moteur OHV 4 temps de 726 cm\u00b3.\u00a0 Max. 15,4 kW (20,6 ch)\/3.600 tr\/min.<\/p>\n<\/p><\/div>\n<div class=\"col-md-6 mb4 image\"  style=\"background-image:url(https:\/\/www.ariens.eu\/fr\/wp-content\/uploads\/sites\/4\/2024\/05\/ariens-ikon-xd-zero-turn-kawasaki-engine-1.webp)\">\n                <\/div>\n<\/p><\/div>\n<\/p><\/div>\n<\/div><\/div>\n<div class='col-lg'>                    <\/div>\n<\/p><\/div>\n<\/div>\n<\/div>\n","protected":false},"excerpt":{"rendered":"<p>Con\u00e7u pour les jardins de toutes tailles &#8211; Confortable et robuste Con\u00e7u pour les jardins de toutes tailles. Dot\u00e9 des m\u00eames caract\u00e9ristiques que ses grands fr\u00e8res et s\u0153urs. Offrez-vous un confort et des performances accrus. Avec son moteur Kawasaki haut de gamme, une largeur de coupe de 132 cm, un carter de coupe soud\u00e9 et [&hellip;]<\/p>\n","protected":false},"featured_media":2683,"comment_status":"open","ping_status":"closed","template":"","meta":{"_acf_changed":false,"_relevanssi_hide_post":"","_relevanssi_hide_content":"","_relevanssi_pin_for_all":"","_relevanssi_pin_keywords":"","_relevanssi_unpin_keywords":"","_relevanssi_related_keywords":"","_relevanssi_related_include_ids":"","_relevanssi_related_exclude_ids":"","_relevanssi_related_no_append":"","_relevanssi_related_not_related":"","_relevanssi_related_posts":"","_relevanssi_noindex_reason":""},"product_brand":[],"product_cat":[15],"product_tag":[],"class_list":{"0":"post-2328","1":"product","2":"type-product","3":"status-publish","4":"has-post-thumbnail","6":"product_usage_areas-installations-de-loisirs","7":"product_usage_areas-jardins-prives","8":"product_usage_areas-prestataires-de-services","9":"product_usage_areas-services-de-conciergerie","11":"first","12":"instock","13":"shipping-taxable","14":"product-type-simple"},"acf":[],"yoast_head":"<!-- This site is optimized with the Yoast SEO plugin v27.3 - https:\/\/yoast.com\/product\/yoast-seo-wordpress\/ -->\n<title>IKON XD 52 - Pour les moyennes et grandes pelouses | Tondeuse \u00e0 rayon de braquage z\u00e9ro Ariens<\/title>\n<meta name=\"description\" content=\"L&#039;IKON XD 52 est \u00e9quip\u00e9 d&#039;un moteur Kawasaki FR691 de 726 cm3 et d&#039;un plateau de coupe de 132 cm (52&quot;) enti\u00e8rement fabriqu\u00e9, ce qui le rend id\u00e9al pour les grandes pelouses.\" \/>\n<meta name=\"robots\" content=\"index, follow, max-snippet:-1, max-image-preview:large, max-video-preview:-1\" \/>\n<link rel=\"canonical\" href=\"https:\/\/www.ariens.eu\/fr\/produit\/tondeuses-a-rayon-de-braquage-zero\/serie-ikon-xd\/ikon-xd-52\/\" \/>\n<meta property=\"og:locale\" content=\"fr_FR\" \/>\n<meta property=\"og:type\" content=\"article\" \/>\n<meta property=\"og:title\" content=\"IKON XD 52 - Pour les moyennes et grandes pelouses | Tondeuse \u00e0 rayon de braquage z\u00e9ro Ariens\" \/>\n<meta property=\"og:description\" content=\"L&#039;IKON XD 52 est \u00e9quip\u00e9 d&#039;un moteur Kawasaki FR691 de 726 cm3 et d&#039;un plateau de coupe de 132 cm (52&quot;) enti\u00e8rement fabriqu\u00e9, ce qui le rend id\u00e9al pour les grandes pelouses.\" \/>\n<meta property=\"og:url\" content=\"https:\/\/www.ariens.eu\/fr\/produit\/tondeuses-a-rayon-de-braquage-zero\/serie-ikon-xd\/ikon-xd-52\/\" \/>\n<meta property=\"og:site_name\" content=\"Ariens | EMEAA\" \/>\n<meta property=\"article:modified_time\" content=\"2024-12-12T12:04:16+00:00\" \/>\n<meta property=\"og:image\" content=\"https:\/\/www.ariens.eu\/fr\/wp-content\/uploads\/sites\/4\/2024\/05\/2022-ariens-ikon-xd-52-zero-turn-front-left-1.webp\" \/>\n\t<meta property=\"og:image:width\" content=\"1280\" \/>\n\t<meta property=\"og:image:height\" content=\"925\" \/>\n\t<meta property=\"og:image:type\" content=\"image\/webp\" \/>\n<meta name=\"twitter:card\" content=\"summary_large_image\" \/>\n<meta name=\"twitter:label1\" content=\"Dur\u00e9e de lecture estim\u00e9e\" \/>\n\t<meta name=\"twitter:data1\" content=\"3 minutes\" \/>\n<script type=\"application\/ld+json\" class=\"yoast-schema-graph\">{\"@context\":\"https:\\\/\\\/schema.org\",\"@graph\":[{\"@type\":\"WebPage\",\"@id\":\"https:\\\/\\\/www.ariens.eu\\\/fr\\\/produit\\\/tondeuses-a-rayon-de-braquage-zero\\\/serie-ikon-xd\\\/ikon-xd-52\\\/\",\"url\":\"https:\\\/\\\/www.ariens.eu\\\/fr\\\/produit\\\/tondeuses-a-rayon-de-braquage-zero\\\/serie-ikon-xd\\\/ikon-xd-52\\\/\",\"name\":\"IKON XD 52 - Pour les moyennes et grandes pelouses | Tondeuse \u00e0 rayon de braquage z\u00e9ro Ariens\",\"isPartOf\":{\"@id\":\"https:\\\/\\\/www.ariens.eu\\\/fr\\\/#website\"},\"primaryImageOfPage\":{\"@id\":\"https:\\\/\\\/www.ariens.eu\\\/fr\\\/produit\\\/tondeuses-a-rayon-de-braquage-zero\\\/serie-ikon-xd\\\/ikon-xd-52\\\/#primaryimage\"},\"image\":{\"@id\":\"https:\\\/\\\/www.ariens.eu\\\/fr\\\/produit\\\/tondeuses-a-rayon-de-braquage-zero\\\/serie-ikon-xd\\\/ikon-xd-52\\\/#primaryimage\"},\"thumbnailUrl\":\"https:\\\/\\\/www.ariens.eu\\\/fr\\\/wp-content\\\/uploads\\\/sites\\\/4\\\/2024\\\/05\\\/2022-ariens-ikon-xd-52-zero-turn-front-left-1.webp\",\"datePublished\":\"2024-05-10T10:04:36+00:00\",\"dateModified\":\"2024-12-12T12:04:16+00:00\",\"description\":\"L'IKON XD 52 est \u00e9quip\u00e9 d'un moteur Kawasaki FR691 de 726 cm3 et d'un plateau de coupe de 132 cm (52\\\") enti\u00e8rement fabriqu\u00e9, ce qui le rend id\u00e9al pour les grandes pelouses.\",\"breadcrumb\":{\"@id\":\"https:\\\/\\\/www.ariens.eu\\\/fr\\\/produit\\\/tondeuses-a-rayon-de-braquage-zero\\\/serie-ikon-xd\\\/ikon-xd-52\\\/#breadcrumb\"},\"inLanguage\":\"fr-FR\",\"potentialAction\":[{\"@type\":\"ReadAction\",\"target\":[\"https:\\\/\\\/www.ariens.eu\\\/fr\\\/produit\\\/tondeuses-a-rayon-de-braquage-zero\\\/serie-ikon-xd\\\/ikon-xd-52\\\/\"]}]},{\"@type\":\"ImageObject\",\"inLanguage\":\"fr-FR\",\"@id\":\"https:\\\/\\\/www.ariens.eu\\\/fr\\\/produit\\\/tondeuses-a-rayon-de-braquage-zero\\\/serie-ikon-xd\\\/ikon-xd-52\\\/#primaryimage\",\"url\":\"https:\\\/\\\/www.ariens.eu\\\/fr\\\/wp-content\\\/uploads\\\/sites\\\/4\\\/2024\\\/05\\\/2022-ariens-ikon-xd-52-zero-turn-front-left-1.webp\",\"contentUrl\":\"https:\\\/\\\/www.ariens.eu\\\/fr\\\/wp-content\\\/uploads\\\/sites\\\/4\\\/2024\\\/05\\\/2022-ariens-ikon-xd-52-zero-turn-front-left-1.webp\",\"width\":1280,\"height\":925},{\"@type\":\"BreadcrumbList\",\"@id\":\"https:\\\/\\\/www.ariens.eu\\\/fr\\\/produit\\\/tondeuses-a-rayon-de-braquage-zero\\\/serie-ikon-xd\\\/ikon-xd-52\\\/#breadcrumb\",\"itemListElement\":[{\"@type\":\"ListItem\",\"position\":1,\"name\":\"Home\",\"item\":\"https:\\\/\\\/www.ariens.eu\\\/fr\\\/\"},{\"@type\":\"ListItem\",\"position\":2,\"name\":\"Shop\",\"item\":\"https:\\\/\\\/www.ariens.eu\\\/fr\\\/shop\\\/\"},{\"@type\":\"ListItem\",\"position\":3,\"name\":\"IKON XD 52\"}]},{\"@type\":\"WebSite\",\"@id\":\"https:\\\/\\\/www.ariens.eu\\\/fr\\\/#website\",\"url\":\"https:\\\/\\\/www.ariens.eu\\\/fr\\\/\",\"name\":\"Ariens | EMEAA\",\"description\":\"Powerful and reliable zero-turn mowers &amp; snow blowers for professional users and demanding private customers\",\"potentialAction\":[{\"@type\":\"SearchAction\",\"target\":{\"@type\":\"EntryPoint\",\"urlTemplate\":\"https:\\\/\\\/www.ariens.eu\\\/fr\\\/?s={search_term_string}\"},\"query-input\":{\"@type\":\"PropertyValueSpecification\",\"valueRequired\":true,\"valueName\":\"search_term_string\"}}],\"inLanguage\":\"fr-FR\"}]}<\/script>\n<!-- \/ Yoast SEO plugin. -->","yoast_head_json":{"title":"IKON XD 52 - Pour les moyennes et grandes pelouses | Tondeuse \u00e0 rayon de braquage z\u00e9ro Ariens","description":"L'IKON XD 52 est \u00e9quip\u00e9 d'un moteur Kawasaki FR691 de 726 cm3 et d'un plateau de coupe de 132 cm (52\") enti\u00e8rement fabriqu\u00e9, ce qui le rend id\u00e9al pour les grandes pelouses.","robots":{"index":"index","follow":"follow","max-snippet":"max-snippet:-1","max-image-preview":"max-image-preview:large","max-video-preview":"max-video-preview:-1"},"canonical":"https:\/\/www.ariens.eu\/fr\/produit\/tondeuses-a-rayon-de-braquage-zero\/serie-ikon-xd\/ikon-xd-52\/","og_locale":"fr_FR","og_type":"article","og_title":"IKON XD 52 - Pour les moyennes et grandes pelouses | Tondeuse \u00e0 rayon de braquage z\u00e9ro Ariens","og_description":"L'IKON XD 52 est \u00e9quip\u00e9 d'un moteur Kawasaki FR691 de 726 cm3 et d'un plateau de coupe de 132 cm (52\") enti\u00e8rement fabriqu\u00e9, ce qui le rend id\u00e9al pour les grandes pelouses.","og_url":"https:\/\/www.ariens.eu\/fr\/produit\/tondeuses-a-rayon-de-braquage-zero\/serie-ikon-xd\/ikon-xd-52\/","og_site_name":"Ariens | EMEAA","article_modified_time":"2024-12-12T12:04:16+00:00","og_image":[{"width":1280,"height":925,"url":"https:\/\/www.ariens.eu\/fr\/wp-content\/uploads\/sites\/4\/2024\/05\/2022-ariens-ikon-xd-52-zero-turn-front-left-1.webp","type":"image\/webp"}],"twitter_card":"summary_large_image","twitter_misc":{"Dur\u00e9e de lecture estim\u00e9e":"3 minutes"},"schema":{"@context":"https:\/\/schema.org","@graph":[{"@type":"WebPage","@id":"https:\/\/www.ariens.eu\/fr\/produit\/tondeuses-a-rayon-de-braquage-zero\/serie-ikon-xd\/ikon-xd-52\/","url":"https:\/\/www.ariens.eu\/fr\/produit\/tondeuses-a-rayon-de-braquage-zero\/serie-ikon-xd\/ikon-xd-52\/","name":"IKON XD 52 - Pour les moyennes et grandes pelouses | Tondeuse \u00e0 rayon de braquage z\u00e9ro Ariens","isPartOf":{"@id":"https:\/\/www.ariens.eu\/fr\/#website"},"primaryImageOfPage":{"@id":"https:\/\/www.ariens.eu\/fr\/produit\/tondeuses-a-rayon-de-braquage-zero\/serie-ikon-xd\/ikon-xd-52\/#primaryimage"},"image":{"@id":"https:\/\/www.ariens.eu\/fr\/produit\/tondeuses-a-rayon-de-braquage-zero\/serie-ikon-xd\/ikon-xd-52\/#primaryimage"},"thumbnailUrl":"https:\/\/www.ariens.eu\/fr\/wp-content\/uploads\/sites\/4\/2024\/05\/2022-ariens-ikon-xd-52-zero-turn-front-left-1.webp","datePublished":"2024-05-10T10:04:36+00:00","dateModified":"2024-12-12T12:04:16+00:00","description":"L'IKON XD 52 est \u00e9quip\u00e9 d'un moteur Kawasaki FR691 de 726 cm3 et d'un plateau de coupe de 132 cm (52\") enti\u00e8rement fabriqu\u00e9, ce qui le rend id\u00e9al pour les grandes pelouses.","breadcrumb":{"@id":"https:\/\/www.ariens.eu\/fr\/produit\/tondeuses-a-rayon-de-braquage-zero\/serie-ikon-xd\/ikon-xd-52\/#breadcrumb"},"inLanguage":"fr-FR","potentialAction":[{"@type":"ReadAction","target":["https:\/\/www.ariens.eu\/fr\/produit\/tondeuses-a-rayon-de-braquage-zero\/serie-ikon-xd\/ikon-xd-52\/"]}]},{"@type":"ImageObject","inLanguage":"fr-FR","@id":"https:\/\/www.ariens.eu\/fr\/produit\/tondeuses-a-rayon-de-braquage-zero\/serie-ikon-xd\/ikon-xd-52\/#primaryimage","url":"https:\/\/www.ariens.eu\/fr\/wp-content\/uploads\/sites\/4\/2024\/05\/2022-ariens-ikon-xd-52-zero-turn-front-left-1.webp","contentUrl":"https:\/\/www.ariens.eu\/fr\/wp-content\/uploads\/sites\/4\/2024\/05\/2022-ariens-ikon-xd-52-zero-turn-front-left-1.webp","width":1280,"height":925},{"@type":"BreadcrumbList","@id":"https:\/\/www.ariens.eu\/fr\/produit\/tondeuses-a-rayon-de-braquage-zero\/serie-ikon-xd\/ikon-xd-52\/#breadcrumb","itemListElement":[{"@type":"ListItem","position":1,"name":"Home","item":"https:\/\/www.ariens.eu\/fr\/"},{"@type":"ListItem","position":2,"name":"Shop","item":"https:\/\/www.ariens.eu\/fr\/shop\/"},{"@type":"ListItem","position":3,"name":"IKON XD 52"}]},{"@type":"WebSite","@id":"https:\/\/www.ariens.eu\/fr\/#website","url":"https:\/\/www.ariens.eu\/fr\/","name":"Ariens | EMEAA","description":"Powerful and reliable zero-turn mowers &amp; snow blowers for professional users and demanding private customers","potentialAction":[{"@type":"SearchAction","target":{"@type":"EntryPoint","urlTemplate":"https:\/\/www.ariens.eu\/fr\/?s={search_term_string}"},"query-input":{"@type":"PropertyValueSpecification","valueRequired":true,"valueName":"search_term_string"}}],"inLanguage":"fr-FR"}]}},"_links":{"self":[{"href":"https:\/\/www.ariens.eu\/fr\/wp-json\/wp\/v2\/product\/2328","targetHints":{"allow":["GET"]}}],"collection":[{"href":"https:\/\/www.ariens.eu\/fr\/wp-json\/wp\/v2\/product"}],"about":[{"href":"https:\/\/www.ariens.eu\/fr\/wp-json\/wp\/v2\/types\/product"}],"replies":[{"embeddable":true,"href":"https:\/\/www.ariens.eu\/fr\/wp-json\/wp\/v2\/comments?post=2328"}],"wp:featuredmedia":[{"embeddable":true,"href":"https:\/\/www.ariens.eu\/fr\/wp-json\/wp\/v2\/media\/2683"}],"wp:attachment":[{"href":"https:\/\/www.ariens.eu\/fr\/wp-json\/wp\/v2\/media?parent=2328"}],"wp:term":[{"taxonomy":"product_brand","embeddable":true,"href":"https:\/\/www.ariens.eu\/fr\/wp-json\/wp\/v2\/product_brand?post=2328"},{"taxonomy":"product_cat","embeddable":true,"href":"https:\/\/www.ariens.eu\/fr\/wp-json\/wp\/v2\/product_cat?post=2328"},{"taxonomy":"product_tag","embeddable":true,"href":"https:\/\/www.ariens.eu\/fr\/wp-json\/wp\/v2\/product_tag?post=2328"}],"curies":[{"name":"wp","href":"https:\/\/api.w.org\/{rel}","templated":true}]}}