{"id":2332,"date":"2024-05-10T11:04:36","date_gmt":"2024-05-10T10:04:36","guid":{"rendered":"https:\/\/www.ariens.eu\/product\/apex-52r\/"},"modified":"2026-02-25T10:39:38","modified_gmt":"2026-02-25T10:39:38","slug":"apex-52r","status":"publish","type":"product","link":"https:\/\/www.ariens.eu\/fr\/produit\/zero-turn-mowers\/serie-apex\/apex-52r","title":{"rendered":"APEX 52R"},"content":{"rendered":"<div class=\"acfd-block acfd-block__headline mb-asm-1 container-fluid px-0 bg-default\">\n<div class=\"acfd-headline\" >\n<h2 class='h2 text-left'>Con\u00e7u pour la tonte r\u00e9guli\u00e8re et les prestataires de services<\/h2>\n<\/p><\/div>\n<\/div>\n<div class=\"acfd-block acfd-block__twocolumns mb-asm-1 container-fluid px-0 bg-default\">\n<div class=\"acfd-twocolumns\">\n<div class=\"row\">\n<div class='col-lg-9 mb-4'>\n<div class=\"acfd-block acfd-block__text container-fluid px-0 bg-default\">\n<div class=\"acfd-text\">\n<p>Con\u00e7ue pour les prestataires de services qui tondent fr\u00e9quemment. Des composants de pointe pour le moteur, l&#8217;entra\u00eenement et le plateau de coupe, combin\u00e9s \u00e0 un excellent rapport qualit\u00e9-prix.<\/p>\n<p>Le \u00ab R \u00bb de l&#8217;APEX 52 R signifie \u00ab \u00e9jection arri\u00e8re \u00bb. L&#8217;herbe fauch\u00e9e est \u00e9ject\u00e9e vers l&#8217;arri\u00e8re, entre les roues. Avantage : L&#8217;herbe coup\u00e9e n&#8217;est pas projet\u00e9e sur les chemins ou dans les plates-bandes. Avec son moteur Kawasaki FR691 V-Twin de premi\u00e8re classe, son ch\u00e2ssis tr\u00e8s stable et son plateau de coupe professionnel d&#8217;une largeur de coupe de 132 cm, elle est id\u00e9ale pour un usage commercial.<\/p>\n<ul>\n<li>L&#8217;APEX 52R est \u00e9quip\u00e9e d&#8217;un plateau de coupe de 132 cm (52\u00ab ), d&#8217;une profondeur de 14 cm (5\u00bd \u00bb) et fabriqu\u00e9 en acier de calibre 10.<\/li>\n<li>Puissant moteur Kawasaki<sup>&reg;<\/sup> FR691 V-Twin 726cc<\/li>\n<li>Ch\u00e2ssis en acier tubulaire enti\u00e8rement soud\u00e9, \u00e0 la pointe de l&#8217;industrie<\/li>\n<li>Technologie de ceinture auto-ajustable<\/li>\n<li>Si\u00e8ge \u00e0 haut dossier avec accoudoirs rembourr\u00e9s<\/li>\n<li>Relevage du plateau de coupe au pied, assist\u00e9 par un ressort, avec 15 positions de coupe<\/li>\n<li>Conception compatible avec l&#8217;arceau de s\u00e9curit\u00e9 (ROPS)<\/li>\n<li>Gamme d&#8217;accessoires disponibles en option<\/li>\n<li>Garantie de 4 ans ou 500 heures<\/li>\n<\/ul>\n<\/div>\n<\/div><\/div>\n<div class='col-lg'>                    <\/div>\n<\/p><\/div>\n<\/div>\n<\/div>\n<div class=\"acfd-block acfd-block__category mb-asm-3 container-fluid px-0 bg-default\">\n<div class=\"acfd-product-categories\">\n<h2 class=\"text-left mb-3\">\n        Eins\u00e4tze    <\/h2>\n<div class=\"product-categories_wrapper\">\n         <span\n                data-description=\"Vous \u00eates un prestataire de services, un service de conciergerie ou vous devez r\u00e9guli\u00e8rement entretenir de grandes surfaces ? Dans ce cas, une machine semi-professionnelle vous offre les performances et la durabilit\u00e9 n\u00e9cessaires pour effectuer vos travaux de tonte en toute fiabilit\u00e9.\"                class=\"product-category-single\"> Semi-Pro                <sup><i class=\"fa fa-info-circle\" aria-hidden=\"true\"><\/i><\/sup>            <\/span>  <span\n                data-description=\"Nos tondeuses sont \u00e9quip\u00e9es de moteurs Kawasaki<sup>&reg;<\/sup> ou Ariens de haute qualit\u00e9. Ils offrent des performances et une fiabilit\u00e9 sup\u00e9rieures \u00e0 la moyenne.\"                class=\"product-category-single\"> Essence                <sup><i class=\"fa fa-info-circle\" aria-hidden=\"true\"><\/i><\/sup>            <\/span>  <span\n                data-description=\"Les tondeuses autoport\u00e9es Ariens offrent un niveau de confort \u00e9lev\u00e9. Nous utilisons des si\u00e8ges de haute qualit\u00e9 d\u00e8s le mod\u00e8le d'entr\u00e9e de gamme. L'espace pour les jambes et les commandes ergonomiques sont de s\u00e9rie.\"                class=\"product-category-single\"> Autoport\u00e9e (assise)                <sup><i class=\"fa fa-info-circle\" aria-hidden=\"true\"><\/i><\/sup>            <\/span>  <span\n                data-description=\"Avec les mod\u00e8les APEX et ZENITH, vous avez le choix entre des plateaux de coupe \u00e0 \u00e9jection lat\u00e9rale et \u00e0 \u00e9jection arri\u00e8re. Un carter d'\u00e9jection arri\u00e8re est ferm\u00e9 sur le c\u00f4t\u00e9 et \u00e9jecte l'herbe coup\u00e9e vers l'arri\u00e8re. L'avantage est qu'aucune herbe coup\u00e9e n'est projet\u00e9e sur les chemins ou les plates-bandes et que, par rapport \u00e0 un kit de broyage, l'herbe plus haute peut \u00e9galement \u00eatre bien tondue. Les plateaux de coupe \u00e0 \u00e9jection arri\u00e8re sont souvent utilis\u00e9s dans le secteur municipal.\"                class=\"product-category-single\"> D\u00e9charge arri\u00e8re                <sup><i class=\"fa fa-info-circle\" aria-hidden=\"true\"><\/i><\/sup>            <\/span>  <span\n                data-description=\"Toutes les tondeuses Ariens conviennent aux pelouses plates. Choisissez votre largeur de coupe en fonction de la taille de votre terrain et des zones \u00e9troites limitantes.\"                class=\"product-category-single\"> Terrain plat                <sup><i class=\"fa fa-info-circle\" aria-hidden=\"true\"><\/i><\/sup>            <\/span>  <span\n                data-description=\"Il est pr\u00e9f\u00e9rable de choisir une machine avec des roues larges. Ne d\u00e9passez pas la limite de s\u00e9curit\u00e9 sp\u00e9cifi\u00e9e de 15\u00b0 d'inclinaison pour les tondeuses autoport\u00e9es et de 20\u00b0 pour les tondeuses autoport\u00e9es. Sur les terrains vallonn\u00e9s, choisissez des plateaux de coupe plus \u00e9troits pour une coupe plus uniforme. Le mod\u00e8le ZENITH est \u00e9quip\u00e9 de s\u00e9rie d'une protection anti-retournement. Il peut \u00eatre install\u00e9 ult\u00e9rieurement sur l'APEX.\"                class=\"product-category-single\"> Terrain vallonn\u00e9                <sup><i class=\"fa fa-info-circle\" aria-hidden=\"true\"><\/i><\/sup>            <\/span>  <span\n                data-description=\"Les plateaux de coupe de 132 cm et 152 cm de large sont utilis\u00e9s efficacement sur les grandes surfaces.\"                class=\"product-category-single\"> Grandes zones                <sup><i class=\"fa fa-info-circle\" aria-hidden=\"true\"><\/i><\/sup>            <\/span>     <\/div>\n<\/div>\n<\/div>\n<div class=\"acfd-block acfd-block__twocolumns mb-asm-2 container-fluid container-fluid--force px-0 bg-default\">\n<div class=\"acfd-twocolumns\">\n<div class=\"row\">\n<div class='col-lg-12 mb-4'>\n<div class=\"acfd-product-advantages--wrapper\">\n<h2 class=\"h1 bigger text-color-black text-center mb-5\">\n        Features &#038; Benefits    <\/h2>\n<div class=\"acfd-product-advantages\">\n<div class=\"row\">\n<div class=\"col-md-6 mb-4 content\">\n                    <span class=\"d-block h5 text-color-brand mb-1\">Cadre en tube d\u2019acier courb\u00e9<\/span><\/p>\n<p>Le ch\u00e2ssis, enti\u00e8rement fabriqu\u00e9 en tubes d\u2019acier, constitue le squelette de l\u2018autoprt\u00e9e. Il supporte toute la charge de la machine pendant de nombreuses ann\u00e9es et doit pouvoir faire face durablement aux chocs et aux vibrations. Gr\u00e2ce \u00e0 une technique de pliage ultramoderne, les points faibles dus aux soudures sont \u00e9vit\u00e9s.<\/p>\n<\/p><\/div>\n<div class=\"col-md-6 mb4 image\"  style=\"background-image:url(https:\/\/www.ariens.eu\/fr\/wp-content\/uploads\/sites\/4\/2024\/05\/apex-feature-frame.png)\">\n                <\/div>\n<\/p><\/div>\n<div class=\"row\">\n<div class=\"col-md-6 mb-4 content\">\n                    <span class=\"d-block h5 text-color-brand mb-1\">Nouveau carter de faucheuse ENVY<\/span><\/p>\n<p>Le plateau de coupe est l&rsquo;\u00e9l\u00e9ment le plus sollicit\u00e9 d&rsquo;une tondeuse. La stabilit\u00e9 est particuli\u00e8rement importante \u00e0 ce niveau : Le nouveau carter de la tondeuse ENVY est dot\u00e9 d&rsquo;un meilleur flux d&rsquo;air et d&rsquo;une d\u00e9charge \u00e9largie. L&rsquo;herbe couch\u00e9e est soulev\u00e9e plus haut et coup\u00e9e parfaitement. De s\u00e9rie au cours de la saison 2025 sur les mod\u00e8les APEX et ZENITH et sur le nouvel IKON.<\/p>\n<\/p><\/div>\n<div class=\"col-md-6 mb4 image\"  style=\"background-image:url(https:\/\/www.ariens.eu\/fr\/wp-content\/uploads\/sites\/4\/2024\/12\/envy-deck.png)\">\n                <\/div>\n<\/p><\/div>\n<div class=\"row\">\n<div class=\"col-md-6 mb-4 content\">\n                    <span class=\"d-block h5 text-color-brand mb-1\">Syst\u00e8me de tension automatique de la courroie<\/span><\/p>\n<p>La technologie automatique CBT (Constant-Belt-Tension) maintient toujours la tension de la courroie du carter de coupe \u00e0 un niveau constant. Cela augmente la dur\u00e9e de vie de la courroie, compense l\u2019usure et emp\u00eache le glissement de la courroie pour une coupe de qualit\u00e9 durable.<\/p>\n<\/p><\/div>\n<div class=\"col-md-6 mb4 image\"  style=\"background-image:url(https:\/\/www.ariens.eu\/fr\/wp-content\/uploads\/sites\/4\/2024\/05\/apex-feature-3.webp)\">\n                <\/div>\n<\/p><\/div>\n<div class=\"row\">\n<div class=\"col-md-6 mb-4 content\">\n                    <span class=\"d-block h5 text-color-brand mb-1\">Relevage du plateau de coupe par p\u00e9dale<\/span><\/p>\n<p>Le relevage du plateau de coupe massif s\u2019effectue confortablement et sans effort \u00e0 l\u2019aide d\u2019une p\u00e9dale. Pour choisir l\u2019une des 15 hauteurs de coupe de 3,8 \u00e0 12,7 cm, il suffit d\u2019ins\u00e9rer une fiche m\u00e9tallique dans l\u2019encoche correspondante de l\u2019\u00e9cran.<\/p>\n<\/p><\/div>\n<div class=\"col-md-6 mb4 image\"  style=\"background-image:url(https:\/\/www.ariens.eu\/fr\/wp-content\/uploads\/sites\/4\/2024\/05\/ariens-apex-zero-turn-deck-lift.webp)\">\n                <\/div>\n<\/p><\/div>\n<div class=\"row\">\n<div class=\"col-md-6 mb-4 content\">\n                    <span class=\"d-block h5 text-color-brand mb-1\">Acc\u00e8s facile au plateau de coupe<\/span><\/p>\n<p>Le plateau de coupe est facilement accessible par le haut pour le nettoyage et l\u2019entretien. Gr\u00e2ce \u00e0 la technologie CBT, le remplacement de la courroie ne prend que quelques minutes. Il suffit de d\u00e9tendre les galets tendeurs, d\u2019enfiler la courroie, de tendre \u00e0 nouveau les galets tendeurs et le tour est jou\u00e9.<\/p>\n<\/p><\/div>\n<div class=\"col-md-6 mb4 image\"  style=\"background-image:url(https:\/\/www.ariens.eu\/fr\/wp-content\/uploads\/sites\/4\/2024\/05\/ariens-apex-zero-turn-deck-access-panel.webp)\">\n                <\/div>\n<\/p><\/div>\n<div class=\"row\">\n<div class=\"col-md-6 mb-4 content\">\n                    <span class=\"d-block h5 text-color-brand mb-1\">Un nouveau confort ergonomique<\/span><\/p>\n<p>La s\u00e9rie APEX offre un confort de conduite am\u00e9lior\u00e9 avec de nouveaux leviers de direction ergonomiques qui tiennent parfaitement dans la main et sont faciles \u00e0 utiliser. Un si\u00e8ge au rembourrage \u00e9pais, avec un dossier haut et une position de conduite r\u00e9glable, assure un confort maximal. Les accoudoirs au rembourrage \u00e9pais augmentent le confort d&rsquo;utilisation et rendent les longues sessions de tonte encore plus agr\u00e9ables.<\/p>\n<\/p><\/div>\n<div class=\"col-md-6 mb4 image\"  style=\"background-image:url(https:\/\/www.ariens.eu\/fr\/wp-content\/uploads\/sites\/4\/2024\/12\/drive-level-handles.png)\">\n                <\/div>\n<\/p><\/div>\n<\/p><\/div>\n<\/div><\/div>\n<div class='col-lg'>                    <\/div>\n<\/p><\/div>\n<\/div>\n<\/div>\n","protected":false},"excerpt":{"rendered":"<p>Con\u00e7u pour la tonte r\u00e9guli\u00e8re et les prestataires de services Con\u00e7ue pour les prestataires de services qui tondent fr\u00e9quemment. Des composants de pointe pour le moteur, l&#8217;entra\u00eenement et le plateau de coupe, combin\u00e9s \u00e0 un excellent rapport qualit\u00e9-prix. Le \u00ab R \u00bb de l&#8217;APEX 52 R signifie \u00ab \u00e9jection arri\u00e8re \u00bb. L&#8217;herbe fauch\u00e9e est \u00e9ject\u00e9e [&hellip;]<\/p>\n","protected":false},"featured_media":4684,"comment_status":"open","ping_status":"closed","template":"","meta":{"_acf_changed":false,"_relevanssi_hide_post":"","_relevanssi_hide_content":"","_relevanssi_pin_for_all":"","_relevanssi_pin_keywords":"","_relevanssi_unpin_keywords":"","_relevanssi_related_keywords":"","_relevanssi_related_include_ids":"","_relevanssi_related_exclude_ids":"","_relevanssi_related_no_append":"","_relevanssi_related_not_related":"","_relevanssi_related_posts":"","_relevanssi_noindex_reason":""},"product_brand":[],"product_cat":[15],"product_tag":[],"class_list":{"0":"post-2332","1":"product","2":"type-product","3":"status-publish","4":"has-post-thumbnail","6":"product_variant-serie-apex","7":"product_usage_areas-installations-de-loisirs","8":"product_usage_areas-municipalites-chantiers","9":"product_usage_areas-prestataires-de-services","10":"product_usage_areas-services-de-conciergerie","12":"first","13":"instock","14":"shipping-taxable","15":"product-type-simple"},"acf":[],"yoast_head":"<!-- This site is optimized with the Yoast SEO plugin v27.3 - https:\/\/yoast.com\/product\/yoast-seo-wordpress\/ -->\n<title>APEX 52R - Rear discharge zero-turn mower | Ariens<\/title>\n<meta name=\"description\" content=\"Dot\u00e9e d&#039;un moteur Kawasaki FR691 V-Twin 726cc et d&#039;un plateau d&#039;\u00e9jection arri\u00e8re de 132cm (52&quot;), l&#039;APEX 52R est con\u00e7ue pour la tonte commerciale.\" \/>\n<meta name=\"robots\" content=\"index, follow, max-snippet:-1, max-image-preview:large, max-video-preview:-1\" \/>\n<link rel=\"canonical\" href=\"https:\/\/www.ariens.eu\/fr\/produit\/tondeuses-a-rayon-de-braquage-zero\/serie-apex\/apex-52r\/\" \/>\n<meta property=\"og:locale\" content=\"fr_FR\" \/>\n<meta property=\"og:type\" content=\"article\" \/>\n<meta property=\"og:title\" content=\"APEX 52R - Rear discharge zero-turn mower | Ariens\" \/>\n<meta property=\"og:description\" content=\"Dot\u00e9e d&#039;un moteur Kawasaki FR691 V-Twin 726cc et d&#039;un plateau d&#039;\u00e9jection arri\u00e8re de 132cm (52&quot;), l&#039;APEX 52R est con\u00e7ue pour la tonte commerciale.\" \/>\n<meta property=\"og:url\" content=\"https:\/\/www.ariens.eu\/fr\/produit\/tondeuses-a-rayon-de-braquage-zero\/serie-apex\/apex-52r\/\" \/>\n<meta property=\"og:site_name\" content=\"Ariens | EMEAA\" \/>\n<meta property=\"article:modified_time\" content=\"2026-02-25T10:39:38+00:00\" \/>\n<meta property=\"og:image\" content=\"https:\/\/www.ariens.eu\/fr\/wp-content\/uploads\/sites\/4\/2024\/12\/ariens-zero-turn-apex-52-rd-my25.png\" \/>\n\t<meta property=\"og:image:width\" content=\"1024\" \/>\n\t<meta property=\"og:image:height\" content=\"720\" \/>\n\t<meta property=\"og:image:type\" content=\"image\/png\" \/>\n<meta name=\"twitter:card\" content=\"summary_large_image\" \/>\n<meta name=\"twitter:label1\" content=\"Dur\u00e9e de lecture estim\u00e9e\" \/>\n\t<meta name=\"twitter:data1\" content=\"4 minutes\" \/>\n<script type=\"application\/ld+json\" class=\"yoast-schema-graph\">{\"@context\":\"https:\\\/\\\/schema.org\",\"@graph\":[{\"@type\":\"WebPage\",\"@id\":\"https:\\\/\\\/www.ariens.eu\\\/fr\\\/produit\\\/tondeuses-a-rayon-de-braquage-zero\\\/serie-apex\\\/apex-52r\\\/\",\"url\":\"https:\\\/\\\/www.ariens.eu\\\/fr\\\/produit\\\/tondeuses-a-rayon-de-braquage-zero\\\/serie-apex\\\/apex-52r\\\/\",\"name\":\"APEX 52R - Rear discharge zero-turn mower | Ariens\",\"isPartOf\":{\"@id\":\"https:\\\/\\\/www.ariens.eu\\\/fr\\\/#website\"},\"primaryImageOfPage\":{\"@id\":\"https:\\\/\\\/www.ariens.eu\\\/fr\\\/produit\\\/tondeuses-a-rayon-de-braquage-zero\\\/serie-apex\\\/apex-52r\\\/#primaryimage\"},\"image\":{\"@id\":\"https:\\\/\\\/www.ariens.eu\\\/fr\\\/produit\\\/tondeuses-a-rayon-de-braquage-zero\\\/serie-apex\\\/apex-52r\\\/#primaryimage\"},\"thumbnailUrl\":\"https:\\\/\\\/www.ariens.eu\\\/fr\\\/wp-content\\\/uploads\\\/sites\\\/4\\\/2024\\\/12\\\/ariens-zero-turn-apex-52-rd-my25.png\",\"datePublished\":\"2024-05-10T10:04:36+00:00\",\"dateModified\":\"2026-02-25T10:39:38+00:00\",\"description\":\"Dot\u00e9e d'un moteur Kawasaki FR691 V-Twin 726cc et d'un plateau d'\u00e9jection arri\u00e8re de 132cm (52\\\"), l'APEX 52R est con\u00e7ue pour la tonte commerciale.\",\"breadcrumb\":{\"@id\":\"https:\\\/\\\/www.ariens.eu\\\/fr\\\/produit\\\/tondeuses-a-rayon-de-braquage-zero\\\/serie-apex\\\/apex-52r\\\/#breadcrumb\"},\"inLanguage\":\"fr-FR\",\"potentialAction\":[{\"@type\":\"ReadAction\",\"target\":[\"https:\\\/\\\/www.ariens.eu\\\/fr\\\/produit\\\/tondeuses-a-rayon-de-braquage-zero\\\/serie-apex\\\/apex-52r\\\/\"]}]},{\"@type\":\"ImageObject\",\"inLanguage\":\"fr-FR\",\"@id\":\"https:\\\/\\\/www.ariens.eu\\\/fr\\\/produit\\\/tondeuses-a-rayon-de-braquage-zero\\\/serie-apex\\\/apex-52r\\\/#primaryimage\",\"url\":\"https:\\\/\\\/www.ariens.eu\\\/fr\\\/wp-content\\\/uploads\\\/sites\\\/4\\\/2024\\\/12\\\/ariens-zero-turn-apex-52-rd-my25.png\",\"contentUrl\":\"https:\\\/\\\/www.ariens.eu\\\/fr\\\/wp-content\\\/uploads\\\/sites\\\/4\\\/2024\\\/12\\\/ariens-zero-turn-apex-52-rd-my25.png\",\"width\":1024,\"height\":720},{\"@type\":\"BreadcrumbList\",\"@id\":\"https:\\\/\\\/www.ariens.eu\\\/fr\\\/produit\\\/tondeuses-a-rayon-de-braquage-zero\\\/serie-apex\\\/apex-52r\\\/#breadcrumb\",\"itemListElement\":[{\"@type\":\"ListItem\",\"position\":1,\"name\":\"Home\",\"item\":\"https:\\\/\\\/www.ariens.eu\\\/fr\\\/\"},{\"@type\":\"ListItem\",\"position\":2,\"name\":\"Shop\",\"item\":\"https:\\\/\\\/www.ariens.eu\\\/fr\\\/shop\\\/\"},{\"@type\":\"ListItem\",\"position\":3,\"name\":\"APEX 52R\"}]},{\"@type\":\"WebSite\",\"@id\":\"https:\\\/\\\/www.ariens.eu\\\/fr\\\/#website\",\"url\":\"https:\\\/\\\/www.ariens.eu\\\/fr\\\/\",\"name\":\"Ariens | EMEAA\",\"description\":\"Powerful and reliable zero-turn mowers &amp; snow blowers for professional users and demanding private customers\",\"potentialAction\":[{\"@type\":\"SearchAction\",\"target\":{\"@type\":\"EntryPoint\",\"urlTemplate\":\"https:\\\/\\\/www.ariens.eu\\\/fr\\\/?s={search_term_string}\"},\"query-input\":{\"@type\":\"PropertyValueSpecification\",\"valueRequired\":true,\"valueName\":\"search_term_string\"}}],\"inLanguage\":\"fr-FR\"}]}<\/script>\n<!-- \/ Yoast SEO plugin. -->","yoast_head_json":{"title":"APEX 52R - Rear discharge zero-turn mower | Ariens","description":"Dot\u00e9e d'un moteur Kawasaki FR691 V-Twin 726cc et d'un plateau d'\u00e9jection arri\u00e8re de 132cm (52\"), l'APEX 52R est con\u00e7ue pour la tonte commerciale.","robots":{"index":"index","follow":"follow","max-snippet":"max-snippet:-1","max-image-preview":"max-image-preview:large","max-video-preview":"max-video-preview:-1"},"canonical":"https:\/\/www.ariens.eu\/fr\/produit\/tondeuses-a-rayon-de-braquage-zero\/serie-apex\/apex-52r\/","og_locale":"fr_FR","og_type":"article","og_title":"APEX 52R - Rear discharge zero-turn mower | Ariens","og_description":"Dot\u00e9e d'un moteur Kawasaki FR691 V-Twin 726cc et d'un plateau d'\u00e9jection arri\u00e8re de 132cm (52\"), l'APEX 52R est con\u00e7ue pour la tonte commerciale.","og_url":"https:\/\/www.ariens.eu\/fr\/produit\/tondeuses-a-rayon-de-braquage-zero\/serie-apex\/apex-52r\/","og_site_name":"Ariens | EMEAA","article_modified_time":"2026-02-25T10:39:38+00:00","og_image":[{"width":1024,"height":720,"url":"https:\/\/www.ariens.eu\/fr\/wp-content\/uploads\/sites\/4\/2024\/12\/ariens-zero-turn-apex-52-rd-my25.png","type":"image\/png"}],"twitter_card":"summary_large_image","twitter_misc":{"Dur\u00e9e de lecture estim\u00e9e":"4 minutes"},"schema":{"@context":"https:\/\/schema.org","@graph":[{"@type":"WebPage","@id":"https:\/\/www.ariens.eu\/fr\/produit\/tondeuses-a-rayon-de-braquage-zero\/serie-apex\/apex-52r\/","url":"https:\/\/www.ariens.eu\/fr\/produit\/tondeuses-a-rayon-de-braquage-zero\/serie-apex\/apex-52r\/","name":"APEX 52R - Rear discharge zero-turn mower | Ariens","isPartOf":{"@id":"https:\/\/www.ariens.eu\/fr\/#website"},"primaryImageOfPage":{"@id":"https:\/\/www.ariens.eu\/fr\/produit\/tondeuses-a-rayon-de-braquage-zero\/serie-apex\/apex-52r\/#primaryimage"},"image":{"@id":"https:\/\/www.ariens.eu\/fr\/produit\/tondeuses-a-rayon-de-braquage-zero\/serie-apex\/apex-52r\/#primaryimage"},"thumbnailUrl":"https:\/\/www.ariens.eu\/fr\/wp-content\/uploads\/sites\/4\/2024\/12\/ariens-zero-turn-apex-52-rd-my25.png","datePublished":"2024-05-10T10:04:36+00:00","dateModified":"2026-02-25T10:39:38+00:00","description":"Dot\u00e9e d'un moteur Kawasaki FR691 V-Twin 726cc et d'un plateau d'\u00e9jection arri\u00e8re de 132cm (52\"), l'APEX 52R est con\u00e7ue pour la tonte commerciale.","breadcrumb":{"@id":"https:\/\/www.ariens.eu\/fr\/produit\/tondeuses-a-rayon-de-braquage-zero\/serie-apex\/apex-52r\/#breadcrumb"},"inLanguage":"fr-FR","potentialAction":[{"@type":"ReadAction","target":["https:\/\/www.ariens.eu\/fr\/produit\/tondeuses-a-rayon-de-braquage-zero\/serie-apex\/apex-52r\/"]}]},{"@type":"ImageObject","inLanguage":"fr-FR","@id":"https:\/\/www.ariens.eu\/fr\/produit\/tondeuses-a-rayon-de-braquage-zero\/serie-apex\/apex-52r\/#primaryimage","url":"https:\/\/www.ariens.eu\/fr\/wp-content\/uploads\/sites\/4\/2024\/12\/ariens-zero-turn-apex-52-rd-my25.png","contentUrl":"https:\/\/www.ariens.eu\/fr\/wp-content\/uploads\/sites\/4\/2024\/12\/ariens-zero-turn-apex-52-rd-my25.png","width":1024,"height":720},{"@type":"BreadcrumbList","@id":"https:\/\/www.ariens.eu\/fr\/produit\/tondeuses-a-rayon-de-braquage-zero\/serie-apex\/apex-52r\/#breadcrumb","itemListElement":[{"@type":"ListItem","position":1,"name":"Home","item":"https:\/\/www.ariens.eu\/fr\/"},{"@type":"ListItem","position":2,"name":"Shop","item":"https:\/\/www.ariens.eu\/fr\/shop\/"},{"@type":"ListItem","position":3,"name":"APEX 52R"}]},{"@type":"WebSite","@id":"https:\/\/www.ariens.eu\/fr\/#website","url":"https:\/\/www.ariens.eu\/fr\/","name":"Ariens | EMEAA","description":"Powerful and reliable zero-turn mowers &amp; snow blowers for professional users and demanding private customers","potentialAction":[{"@type":"SearchAction","target":{"@type":"EntryPoint","urlTemplate":"https:\/\/www.ariens.eu\/fr\/?s={search_term_string}"},"query-input":{"@type":"PropertyValueSpecification","valueRequired":true,"valueName":"search_term_string"}}],"inLanguage":"fr-FR"}]}},"_links":{"self":[{"href":"https:\/\/www.ariens.eu\/fr\/wp-json\/wp\/v2\/product\/2332","targetHints":{"allow":["GET"]}}],"collection":[{"href":"https:\/\/www.ariens.eu\/fr\/wp-json\/wp\/v2\/product"}],"about":[{"href":"https:\/\/www.ariens.eu\/fr\/wp-json\/wp\/v2\/types\/product"}],"replies":[{"embeddable":true,"href":"https:\/\/www.ariens.eu\/fr\/wp-json\/wp\/v2\/comments?post=2332"}],"wp:featuredmedia":[{"embeddable":true,"href":"https:\/\/www.ariens.eu\/fr\/wp-json\/wp\/v2\/media\/4684"}],"wp:attachment":[{"href":"https:\/\/www.ariens.eu\/fr\/wp-json\/wp\/v2\/media?parent=2332"}],"wp:term":[{"taxonomy":"product_brand","embeddable":true,"href":"https:\/\/www.ariens.eu\/fr\/wp-json\/wp\/v2\/product_brand?post=2332"},{"taxonomy":"product_cat","embeddable":true,"href":"https:\/\/www.ariens.eu\/fr\/wp-json\/wp\/v2\/product_cat?post=2332"},{"taxonomy":"product_tag","embeddable":true,"href":"https:\/\/www.ariens.eu\/fr\/wp-json\/wp\/v2\/product_tag?post=2332"}],"curies":[{"name":"wp","href":"https:\/\/api.w.org\/{rel}","templated":true}]}}