{"id":2334,"date":"2024-05-10T11:04:36","date_gmt":"2024-05-10T10:04:36","guid":{"rendered":"https:\/\/www.ariens.eu\/product\/zenith-52r\/"},"modified":"2026-02-25T10:42:38","modified_gmt":"2026-02-25T10:42:38","slug":"zenith-52r","status":"publish","type":"product","link":"https:\/\/www.ariens.eu\/fr\/produit\/zero-turn-mowers\/serie-zenith\/zenith-52r","title":{"rendered":"ZENITH 52R"},"content":{"rendered":"<div class=\"acfd-block acfd-block__headline mb-asm-1 container-fluid px-0 bg-default\">\n<div class=\"acfd-headline\" >\n<h2 class='h2 text-left'>La puissance et la commodit\u00e9 voulues par les utilisateurs municipaux &#8211; avec d\u00e9charge arri\u00e8re<\/h2>\n<\/p><\/div>\n<\/div>\n<div class=\"acfd-block acfd-block__twocolumns mb-asm-1 container-fluid px-0 bg-default\">\n<div class=\"acfd-twocolumns\">\n<div class=\"row\">\n<div class='col-lg-9 mb-4'>\n<div class=\"acfd-block acfd-block__text container-fluid px-0 bg-default\">\n<div class=\"acfd-text\">\n<p>Toute notre exp\u00e9rience r\u00e9unie dans une seule machine pour une utilisation quotidienne, professionnelle et par les autorit\u00e9s locales. Le maximum de performance, de durabilit\u00e9 et de confort. Vous pouvez vous y fier. Tous les jours.<\/p>\n<p>Le \u00ab R \u00bb du ZENITH 52R signifie \u00ab \u00e9jection arri\u00e8re \u00bb. L&#8217;herbe tondue est \u00e9ject\u00e9e \u00e0 l&#8217;arri\u00e8re, entre les roues. Moteur Kawasaki professional FX730V, 726 cm3 avec double filtre \u00e0 air. Fourches suspendues et si\u00e8ge confort rembourr\u00e9 et r\u00e9glable pour un confort de conduite maximal. Plateau de coupe professionnel avec une largeur de coupe de 132 cm. Peut \u00eatre utilis\u00e9 avec l&#8217;\u00e9jection lat\u00e9rale ou le Muchkit en option. Arceau de s\u00e9curit\u00e9 de s\u00e9rie et garantie professionnelle.<\/p>\n<ul>\n<li>La ZENITH 52R est \u00e9quip\u00e9e d&#8217;un plateau d&#8217;\u00e9jection arri\u00e8re de 132 cm (52&#8243;) en acier robuste de calibre 10<\/li>\n<li>Aliment\u00e9 par un moteur Kawasaki<sup>&reg;<\/sup> FX730V V-Twin de 726 cm3 de qualit\u00e9 professionnelle<\/li>\n<li>Ch\u00e2ssis en acier tubulaire enti\u00e8rement soud\u00e9, \u00e0 la pointe de l&#8217;industrie<\/li>\n<li>Le syst\u00e8me de tension constante de la courroie (CBT) prolonge la dur\u00e9e de vie de la courroie<\/li>\n<li>Fourche suspendue \u00e0 l&#8217;avant et si\u00e8ge \u00e0 suspension totale pour une conduite plus souple<\/li>\n<li>L&#8217;arceau de s\u00e9curit\u00e9 (ROPS) est mont\u00e9 de s\u00e9rie pour une protection accrue de l&#8217;op\u00e9rateur<\/li>\n<li>Syst\u00e8me de levage du plateau de coupe \u00e0 s\u00e9lection verticale, actionn\u00e9 au pied, avec 15 positions de coupe<\/li>\n<li>Gamme d&#8217;accessoires disponibles en option<\/li>\n<li>Garantie de 4 ans ou 750 heures<\/li>\n<\/ul>\n<\/div>\n<\/div><\/div>\n<div class='col-lg'>                    <\/div>\n<\/p><\/div>\n<\/div>\n<\/div>\n<div class=\"acfd-block acfd-block__twocolumns mb-asm-2 container-fluid container-fluid--force px-0 bg-default\">\n<div class=\"acfd-twocolumns\">\n<div class=\"row\">\n<div class='col-lg-12 mb-4'>\n<div class=\"acfd-product-advantages--wrapper\">\n<h2 class=\"h1 bigger text-color-black text-center mb-5\">\n        Features &#038; Benefits    <\/h2>\n<div class=\"acfd-product-advantages\">\n<div class=\"row\">\n<div class=\"col-md-6 mb-4 content\">\n                    <span class=\"d-block h5 text-color-brand mb-1\">Une conception de cadre \u00e0 la pointe de l\u2019industrie<\/span><\/p>\n<p>Des rails de ch\u00e2ssis tubulaires de grande taille et un minimum de soudures supportent les charges de la machine avec une force et une stabilit\u00e9 sans pr\u00e9c\u00e9dent.<\/p>\n<\/p><\/div>\n<div class=\"col-md-6 mb4 image\"  style=\"background-image:url(https:\/\/www.ariens.eu\/fr\/wp-content\/uploads\/sites\/4\/2024\/05\/frame.webp)\">\n                <\/div>\n<\/p><\/div>\n<div class=\"row\">\n<div class=\"col-md-6 mb-4 content\">\n                    <span class=\"d-block h5 text-color-brand mb-1\">Nouveau carter de faucheuse ENVY<\/span><\/p>\n<p>Le plateau de coupe est l&rsquo;\u00e9l\u00e9ment le plus sollicit\u00e9 d&rsquo;une tondeuse. La stabilit\u00e9 est particuli\u00e8rement importante \u00e0 ce niveau : Le nouveau carter de la tondeuse ENVY est dot\u00e9 d&rsquo;un meilleur flux d&rsquo;air et d&rsquo;une d\u00e9charge \u00e9largie. L&rsquo;herbe couch\u00e9e est soulev\u00e9e plus haut et coup\u00e9e parfaitement. De s\u00e9rie au cours de la saison 2025 sur les mod\u00e8les APEX et ZENITH et sur le nouvel IKON.<\/p>\n<\/p><\/div>\n<div class=\"col-md-6 mb4 image\"  style=\"background-image:url(https:\/\/www.ariens.eu\/fr\/wp-content\/uploads\/sites\/4\/2024\/12\/envy-deck.png)\">\n                <\/div>\n<\/p><\/div>\n<div class=\"row\">\n<div class=\"col-md-6 mb-4 content\">\n                    <span class=\"d-block h5 text-color-brand mb-1\">Syst\u00e8me de tension automatique de la courroie<\/span><\/p>\n<p>La technologie automatique CBT (Constant-Belt-Tension) maintient toujours la tension de la courroie du carter de coupe \u00e0 un niveau constant. Cela augmente la dur\u00e9e de vie de la courroie, compense l\u2019usure et emp\u00eache le glissement de la courroie pour une coupe de qualit\u00e9 durable.<\/p>\n<\/p><\/div>\n<div class=\"col-md-6 mb4 image\"  style=\"background-image:url(https:\/\/www.ariens.eu\/fr\/wp-content\/uploads\/sites\/4\/2024\/05\/apex-feature-3.webp)\">\n                <\/div>\n<\/p><\/div>\n<div class=\"row\">\n<div class=\"col-md-6 mb-4 content\">\n                    <span class=\"d-block h5 text-color-brand mb-1\">Rops<\/span><\/p>\n<p>L\u2019arceau de s\u00e9curit\u00e9 (ROPS) avec ceinture de s\u00e9curit\u00e9 de s\u00e9rie offre une protection suppl\u00e9mentaire au conducteur. Il est rabattable et ergonomiquement inclin\u00e9 vers l\u2019arri\u00e8re pour \u00e9viter de se cogner douloureusement le coude pendant la conduite.<\/p>\n<\/p><\/div>\n<div class=\"col-md-6 mb4 image\"  style=\"background-image:url(https:\/\/www.ariens.eu\/fr\/wp-content\/uploads\/sites\/4\/2024\/05\/ariens-zenith-zero-turn-feature5-rops.webp)\">\n                <\/div>\n<\/p><\/div>\n<div class=\"row\">\n<div class=\"col-md-6 mb-4 content\">\n                    <span class=\"d-block h5 text-color-brand mb-1\">Relevage du plateau de coupe par p\u00e9dale<\/span><\/p>\n<p>Le relevage du plateau de coupe massif s\u2019effectue confortablement et sans effort \u00e0 l\u2019aide d\u2019une p\u00e9dale. Pour choisir l\u2019une des 15 hauteurs de coupe de 3,8 \u00e0 12,7 cm, il suffit d\u2019ins\u00e9rer une fiche m\u00e9tallique dans l\u2019encoche correspondante de l\u2019\u00e9cran.<\/p>\n<\/p><\/div>\n<div class=\"col-md-6 mb4 image\"  style=\"background-image:url(https:\/\/www.ariens.eu\/fr\/wp-content\/uploads\/sites\/4\/2024\/05\/ariens-apex-zero-turn-deck-lift.webp)\">\n                <\/div>\n<\/p><\/div>\n<div class=\"row\">\n<div class=\"col-md-6 mb-4 content\">\n                    <span class=\"d-block h5 text-color-brand mb-1\">Si\u00e8ge ultra confort enti\u00e8rement r\u00e9glable<\/span><\/p>\n<p>Un confort de conduite maximal est essentiel pour travailler de mani\u00e8re productive et en toute s\u00e9curit\u00e9 pendant des heures. Emp\u00eacher le conducteur de subir des chocs et des vibrations est particuli\u00e8rement important pour son bien-\u00eatre et sa sant\u00e9. La suspension hydropneumatique du si\u00e8ge de l&rsquo;op\u00e9rateur peut \u00eatre r\u00e9gl\u00e9e avec pr\u00e9cision en fonction du poids de l&rsquo;op\u00e9rateur. Des accoudoirs r\u00e9glables et un dossier haut permettent au conducteur de trouver sa position assise id\u00e9ale.<\/p>\n<\/p><\/div>\n<div class=\"col-md-6 mb4 image\"  style=\"background-image:url(https:\/\/www.ariens.eu\/fr\/wp-content\/uploads\/sites\/4\/2024\/05\/ariens-zenith-zero-turn-suspension-seat.webp)\">\n                <\/div>\n<\/p><\/div>\n<div class=\"row\">\n<div class=\"col-md-6 mb-4 content\">\n                    <span class=\"d-block h5 text-color-brand mb-1\">Kit d&rsquo;\u00e9clairage pour l&rsquo;homologation routi\u00e8re<\/span><\/p>\n<p>Un nouveau kit d&rsquo;\u00e9clairage est disponible pour une utilisation sur la voie publique. Installation par des revendeurs sp\u00e9cialis\u00e9s.<\/p>\n<\/p><\/div>\n<div class=\"col-md-6 mb4 image\"  style=\"background-image:url(https:\/\/www.ariens.eu\/fr\/wp-content\/uploads\/sites\/4\/2024\/12\/stvzo-lichtkit.png)\">\n                <\/div>\n<\/p><\/div>\n<\/p><\/div>\n<\/div><\/div>\n<div class='col-lg'>                    <\/div>\n<\/p><\/div>\n<\/div>\n<\/div>\n","protected":false},"excerpt":{"rendered":"<p>La puissance et la commodit\u00e9 voulues par les utilisateurs municipaux &#8211; avec d\u00e9charge arri\u00e8re Toute notre exp\u00e9rience r\u00e9unie dans une seule machine pour une utilisation quotidienne, professionnelle et par les autorit\u00e9s locales. Le maximum de performance, de durabilit\u00e9 et de confort. Vous pouvez vous y fier. Tous les jours. Le \u00ab R \u00bb du ZENITH [&hellip;]<\/p>\n","protected":false},"featured_media":4616,"comment_status":"open","ping_status":"closed","template":"","meta":{"_acf_changed":false,"_relevanssi_hide_post":"","_relevanssi_hide_content":"","_relevanssi_pin_for_all":"","_relevanssi_pin_keywords":"","_relevanssi_unpin_keywords":"","_relevanssi_related_keywords":"","_relevanssi_related_include_ids":"","_relevanssi_related_exclude_ids":"","_relevanssi_related_no_append":"","_relevanssi_related_not_related":"","_relevanssi_related_posts":"","_relevanssi_noindex_reason":""},"product_brand":[],"product_cat":[15],"product_tag":[],"class_list":{"0":"post-2334","1":"product","2":"type-product","3":"status-publish","4":"has-post-thumbnail","6":"product_variant-serie-zenith","7":"product_usage_areas-installations-de-loisirs","8":"product_usage_areas-municipalites-chantiers","9":"product_usage_areas-prestataires-de-services","10":"product_usage_areas-services-de-conciergerie","12":"first","13":"instock","14":"shipping-taxable","15":"product-type-simple"},"acf":[],"yoast_head":"<!-- This site is optimized with the Yoast SEO plugin v27.3 - https:\/\/yoast.com\/product\/yoast-seo-wordpress\/ -->\n<title>ZENITH 52R - Grande tondeuse \u00e0 rayon de braquage z\u00e9ro \u00e0 \u00e9jection arri\u00e8re pour grandes pelouses | Ariens<\/title>\n<meta name=\"description\" content=\"Avec son moteur Kawasaki FX730v 726cc et son plateau d&#039;\u00e9jection arri\u00e8re de 132cm (52&quot;), le ZENITH 52R est le choix des professionnels.\" \/>\n<meta name=\"robots\" content=\"index, follow, max-snippet:-1, max-image-preview:large, max-video-preview:-1\" \/>\n<link rel=\"canonical\" href=\"https:\/\/www.ariens.eu\/fr\/produit\/tondeuses-a-rayon-de-braquage-zero\/serie-zenith\/zenith-52r\/\" \/>\n<meta property=\"og:locale\" content=\"fr_FR\" \/>\n<meta property=\"og:type\" content=\"article\" \/>\n<meta property=\"og:title\" content=\"ZENITH 52R - Grande tondeuse \u00e0 rayon de braquage z\u00e9ro \u00e0 \u00e9jection arri\u00e8re pour grandes pelouses | Ariens\" \/>\n<meta property=\"og:description\" content=\"Avec son moteur Kawasaki FX730v 726cc et son plateau d&#039;\u00e9jection arri\u00e8re de 132cm (52&quot;), le ZENITH 52R est le choix des professionnels.\" \/>\n<meta property=\"og:url\" content=\"https:\/\/www.ariens.eu\/fr\/produit\/tondeuses-a-rayon-de-braquage-zero\/serie-zenith\/zenith-52r\/\" \/>\n<meta property=\"og:site_name\" content=\"Ariens | EMEAA\" \/>\n<meta property=\"article:modified_time\" content=\"2026-02-25T10:42:38+00:00\" \/>\n<meta property=\"og:image\" content=\"https:\/\/www.ariens.eu\/fr\/wp-content\/uploads\/sites\/4\/2024\/05\/ariens-zero-turn-zenith-52-rd-my25.png\" \/>\n\t<meta property=\"og:image:width\" content=\"1024\" \/>\n\t<meta property=\"og:image:height\" content=\"720\" \/>\n\t<meta property=\"og:image:type\" content=\"image\/png\" \/>\n<meta name=\"twitter:card\" content=\"summary_large_image\" \/>\n<meta name=\"twitter:label1\" content=\"Dur\u00e9e de lecture estim\u00e9e\" \/>\n\t<meta name=\"twitter:data1\" content=\"4 minutes\" \/>\n<script type=\"application\/ld+json\" class=\"yoast-schema-graph\">{\"@context\":\"https:\\\/\\\/schema.org\",\"@graph\":[{\"@type\":\"WebPage\",\"@id\":\"https:\\\/\\\/www.ariens.eu\\\/fr\\\/produit\\\/tondeuses-a-rayon-de-braquage-zero\\\/serie-zenith\\\/zenith-52r\\\/\",\"url\":\"https:\\\/\\\/www.ariens.eu\\\/fr\\\/produit\\\/tondeuses-a-rayon-de-braquage-zero\\\/serie-zenith\\\/zenith-52r\\\/\",\"name\":\"ZENITH 52R - Grande tondeuse \u00e0 rayon de braquage z\u00e9ro \u00e0 \u00e9jection arri\u00e8re pour grandes pelouses | Ariens\",\"isPartOf\":{\"@id\":\"https:\\\/\\\/www.ariens.eu\\\/fr\\\/#website\"},\"primaryImageOfPage\":{\"@id\":\"https:\\\/\\\/www.ariens.eu\\\/fr\\\/produit\\\/tondeuses-a-rayon-de-braquage-zero\\\/serie-zenith\\\/zenith-52r\\\/#primaryimage\"},\"image\":{\"@id\":\"https:\\\/\\\/www.ariens.eu\\\/fr\\\/produit\\\/tondeuses-a-rayon-de-braquage-zero\\\/serie-zenith\\\/zenith-52r\\\/#primaryimage\"},\"thumbnailUrl\":\"https:\\\/\\\/www.ariens.eu\\\/fr\\\/wp-content\\\/uploads\\\/sites\\\/4\\\/2024\\\/05\\\/ariens-zero-turn-zenith-52-rd-my25.png\",\"datePublished\":\"2024-05-10T10:04:36+00:00\",\"dateModified\":\"2026-02-25T10:42:38+00:00\",\"description\":\"Avec son moteur Kawasaki FX730v 726cc et son plateau d'\u00e9jection arri\u00e8re de 132cm (52\\\"), le ZENITH 52R est le choix des professionnels.\",\"breadcrumb\":{\"@id\":\"https:\\\/\\\/www.ariens.eu\\\/fr\\\/produit\\\/tondeuses-a-rayon-de-braquage-zero\\\/serie-zenith\\\/zenith-52r\\\/#breadcrumb\"},\"inLanguage\":\"fr-FR\",\"potentialAction\":[{\"@type\":\"ReadAction\",\"target\":[\"https:\\\/\\\/www.ariens.eu\\\/fr\\\/produit\\\/tondeuses-a-rayon-de-braquage-zero\\\/serie-zenith\\\/zenith-52r\\\/\"]}]},{\"@type\":\"ImageObject\",\"inLanguage\":\"fr-FR\",\"@id\":\"https:\\\/\\\/www.ariens.eu\\\/fr\\\/produit\\\/tondeuses-a-rayon-de-braquage-zero\\\/serie-zenith\\\/zenith-52r\\\/#primaryimage\",\"url\":\"https:\\\/\\\/www.ariens.eu\\\/fr\\\/wp-content\\\/uploads\\\/sites\\\/4\\\/2024\\\/05\\\/ariens-zero-turn-zenith-52-rd-my25.png\",\"contentUrl\":\"https:\\\/\\\/www.ariens.eu\\\/fr\\\/wp-content\\\/uploads\\\/sites\\\/4\\\/2024\\\/05\\\/ariens-zero-turn-zenith-52-rd-my25.png\",\"width\":1024,\"height\":720},{\"@type\":\"BreadcrumbList\",\"@id\":\"https:\\\/\\\/www.ariens.eu\\\/fr\\\/produit\\\/tondeuses-a-rayon-de-braquage-zero\\\/serie-zenith\\\/zenith-52r\\\/#breadcrumb\",\"itemListElement\":[{\"@type\":\"ListItem\",\"position\":1,\"name\":\"Home\",\"item\":\"https:\\\/\\\/www.ariens.eu\\\/fr\\\/\"},{\"@type\":\"ListItem\",\"position\":2,\"name\":\"Shop\",\"item\":\"https:\\\/\\\/www.ariens.eu\\\/fr\\\/shop\\\/\"},{\"@type\":\"ListItem\",\"position\":3,\"name\":\"ZENITH 52R\"}]},{\"@type\":\"WebSite\",\"@id\":\"https:\\\/\\\/www.ariens.eu\\\/fr\\\/#website\",\"url\":\"https:\\\/\\\/www.ariens.eu\\\/fr\\\/\",\"name\":\"Ariens | EMEAA\",\"description\":\"Powerful and reliable zero-turn mowers &amp; snow blowers for professional users and demanding private customers\",\"potentialAction\":[{\"@type\":\"SearchAction\",\"target\":{\"@type\":\"EntryPoint\",\"urlTemplate\":\"https:\\\/\\\/www.ariens.eu\\\/fr\\\/?s={search_term_string}\"},\"query-input\":{\"@type\":\"PropertyValueSpecification\",\"valueRequired\":true,\"valueName\":\"search_term_string\"}}],\"inLanguage\":\"fr-FR\"}]}<\/script>\n<!-- \/ Yoast SEO plugin. -->","yoast_head_json":{"title":"ZENITH 52R - Grande tondeuse \u00e0 rayon de braquage z\u00e9ro \u00e0 \u00e9jection arri\u00e8re pour grandes pelouses | Ariens","description":"Avec son moteur Kawasaki FX730v 726cc et son plateau d'\u00e9jection arri\u00e8re de 132cm (52\"), le ZENITH 52R est le choix des professionnels.","robots":{"index":"index","follow":"follow","max-snippet":"max-snippet:-1","max-image-preview":"max-image-preview:large","max-video-preview":"max-video-preview:-1"},"canonical":"https:\/\/www.ariens.eu\/fr\/produit\/tondeuses-a-rayon-de-braquage-zero\/serie-zenith\/zenith-52r\/","og_locale":"fr_FR","og_type":"article","og_title":"ZENITH 52R - Grande tondeuse \u00e0 rayon de braquage z\u00e9ro \u00e0 \u00e9jection arri\u00e8re pour grandes pelouses | Ariens","og_description":"Avec son moteur Kawasaki FX730v 726cc et son plateau d'\u00e9jection arri\u00e8re de 132cm (52\"), le ZENITH 52R est le choix des professionnels.","og_url":"https:\/\/www.ariens.eu\/fr\/produit\/tondeuses-a-rayon-de-braquage-zero\/serie-zenith\/zenith-52r\/","og_site_name":"Ariens | EMEAA","article_modified_time":"2026-02-25T10:42:38+00:00","og_image":[{"width":1024,"height":720,"url":"https:\/\/www.ariens.eu\/fr\/wp-content\/uploads\/sites\/4\/2024\/05\/ariens-zero-turn-zenith-52-rd-my25.png","type":"image\/png"}],"twitter_card":"summary_large_image","twitter_misc":{"Dur\u00e9e de lecture estim\u00e9e":"4 minutes"},"schema":{"@context":"https:\/\/schema.org","@graph":[{"@type":"WebPage","@id":"https:\/\/www.ariens.eu\/fr\/produit\/tondeuses-a-rayon-de-braquage-zero\/serie-zenith\/zenith-52r\/","url":"https:\/\/www.ariens.eu\/fr\/produit\/tondeuses-a-rayon-de-braquage-zero\/serie-zenith\/zenith-52r\/","name":"ZENITH 52R - Grande tondeuse \u00e0 rayon de braquage z\u00e9ro \u00e0 \u00e9jection arri\u00e8re pour grandes pelouses | Ariens","isPartOf":{"@id":"https:\/\/www.ariens.eu\/fr\/#website"},"primaryImageOfPage":{"@id":"https:\/\/www.ariens.eu\/fr\/produit\/tondeuses-a-rayon-de-braquage-zero\/serie-zenith\/zenith-52r\/#primaryimage"},"image":{"@id":"https:\/\/www.ariens.eu\/fr\/produit\/tondeuses-a-rayon-de-braquage-zero\/serie-zenith\/zenith-52r\/#primaryimage"},"thumbnailUrl":"https:\/\/www.ariens.eu\/fr\/wp-content\/uploads\/sites\/4\/2024\/05\/ariens-zero-turn-zenith-52-rd-my25.png","datePublished":"2024-05-10T10:04:36+00:00","dateModified":"2026-02-25T10:42:38+00:00","description":"Avec son moteur Kawasaki FX730v 726cc et son plateau d'\u00e9jection arri\u00e8re de 132cm (52\"), le ZENITH 52R est le choix des professionnels.","breadcrumb":{"@id":"https:\/\/www.ariens.eu\/fr\/produit\/tondeuses-a-rayon-de-braquage-zero\/serie-zenith\/zenith-52r\/#breadcrumb"},"inLanguage":"fr-FR","potentialAction":[{"@type":"ReadAction","target":["https:\/\/www.ariens.eu\/fr\/produit\/tondeuses-a-rayon-de-braquage-zero\/serie-zenith\/zenith-52r\/"]}]},{"@type":"ImageObject","inLanguage":"fr-FR","@id":"https:\/\/www.ariens.eu\/fr\/produit\/tondeuses-a-rayon-de-braquage-zero\/serie-zenith\/zenith-52r\/#primaryimage","url":"https:\/\/www.ariens.eu\/fr\/wp-content\/uploads\/sites\/4\/2024\/05\/ariens-zero-turn-zenith-52-rd-my25.png","contentUrl":"https:\/\/www.ariens.eu\/fr\/wp-content\/uploads\/sites\/4\/2024\/05\/ariens-zero-turn-zenith-52-rd-my25.png","width":1024,"height":720},{"@type":"BreadcrumbList","@id":"https:\/\/www.ariens.eu\/fr\/produit\/tondeuses-a-rayon-de-braquage-zero\/serie-zenith\/zenith-52r\/#breadcrumb","itemListElement":[{"@type":"ListItem","position":1,"name":"Home","item":"https:\/\/www.ariens.eu\/fr\/"},{"@type":"ListItem","position":2,"name":"Shop","item":"https:\/\/www.ariens.eu\/fr\/shop\/"},{"@type":"ListItem","position":3,"name":"ZENITH 52R"}]},{"@type":"WebSite","@id":"https:\/\/www.ariens.eu\/fr\/#website","url":"https:\/\/www.ariens.eu\/fr\/","name":"Ariens | EMEAA","description":"Powerful and reliable zero-turn mowers &amp; snow blowers for professional users and demanding private customers","potentialAction":[{"@type":"SearchAction","target":{"@type":"EntryPoint","urlTemplate":"https:\/\/www.ariens.eu\/fr\/?s={search_term_string}"},"query-input":{"@type":"PropertyValueSpecification","valueRequired":true,"valueName":"search_term_string"}}],"inLanguage":"fr-FR"}]}},"_links":{"self":[{"href":"https:\/\/www.ariens.eu\/fr\/wp-json\/wp\/v2\/product\/2334","targetHints":{"allow":["GET"]}}],"collection":[{"href":"https:\/\/www.ariens.eu\/fr\/wp-json\/wp\/v2\/product"}],"about":[{"href":"https:\/\/www.ariens.eu\/fr\/wp-json\/wp\/v2\/types\/product"}],"replies":[{"embeddable":true,"href":"https:\/\/www.ariens.eu\/fr\/wp-json\/wp\/v2\/comments?post=2334"}],"wp:featuredmedia":[{"embeddable":true,"href":"https:\/\/www.ariens.eu\/fr\/wp-json\/wp\/v2\/media\/4616"}],"wp:attachment":[{"href":"https:\/\/www.ariens.eu\/fr\/wp-json\/wp\/v2\/media?parent=2334"}],"wp:term":[{"taxonomy":"product_brand","embeddable":true,"href":"https:\/\/www.ariens.eu\/fr\/wp-json\/wp\/v2\/product_brand?post=2334"},{"taxonomy":"product_cat","embeddable":true,"href":"https:\/\/www.ariens.eu\/fr\/wp-json\/wp\/v2\/product_cat?post=2334"},{"taxonomy":"product_tag","embeddable":true,"href":"https:\/\/www.ariens.eu\/fr\/wp-json\/wp\/v2\/product_tag?post=2334"}],"curies":[{"name":"wp","href":"https:\/\/api.w.org\/{rel}","templated":true}]}}