{"id":2338,"date":"2024-05-10T11:04:36","date_gmt":"2024-05-10T10:04:36","guid":{"rendered":"https:\/\/www.ariens.eu\/product\/zenith-e-48r\/"},"modified":"2025-11-10T10:48:52","modified_gmt":"2025-11-10T10:48:52","slug":"zenith-e-48r","status":"publish","type":"product","link":"https:\/\/www.ariens.eu\/fr\/produit\/zero-turn-mowers\/serie-zenith-e\/zenith-e-48r","title":{"rendered":"ZENITH E 48R"},"content":{"rendered":"<div class=\"acfd-block acfd-block__twocolumns container-fluid px-0 bg-default\">\n<div class=\"acfd-twocolumns\">\n<div class=\"row\">\n<div class='col-lg-9 mb-4'>\n<div class=\"acfd-block acfd-block__headline container-fluid px-0 bg-default\">\n<div class=\"acfd-headline\" >\n<h2 class='h2 text-left'>Tondeuse \u00e0 rayon de braquage z\u00e9ro aliment\u00e9e par batterie. Particuli\u00e8rement maniable entre les obstacles \u00e9troits et les zones sinueuses et ondul\u00e9es.<\/h2>\n<\/p><\/div>\n<\/div><\/div>\n<div class='col-lg'>                    <\/div>\n<\/p><\/div>\n<\/div>\n<\/div>\n<div class=\"acfd-block acfd-block__twocolumns mb-asm-1 container-fluid px-0 bg-default\">\n<div class=\"acfd-twocolumns\">\n<div class=\"row\">\n<div class='col-lg-9 mb-4'>\n<div class=\"acfd-block acfd-block__text container-fluid px-0 bg-default\">\n<div class=\"acfd-text\">\n<p>Installer des batteries dans une tondeuse est une chose. Obtenir les performances, la durabilit\u00e9 et la fiabilit\u00e9 d\u2019un mod\u00e8le professionnel \u00e0 essence \u00e9prouv\u00e9 en est une autre. Nos mod\u00e8les \u00e9quip\u00e9s du syst\u00e8me de batterie rempla\u00e7able FusionCore r\u00e9pondent \u00e0 cette demande.<\/p>\n<p>La ZENITH E 48R est la premi\u00e8re tondeuse \u00e9lectrique professionnelle \u00e0 rayon de braquage z\u00e9ro avec batteries interchangeables. Elle est con\u00e7ue pour tondre des pelouses de taille moyenne \u00e0 grande pendant toute une journ\u00e9e. Le \u00ab R \u00bb de la ZENITH E 48R signifie \u00ab d\u00e9charge arri\u00e8re \u00bb. Avantage : L&#8217;herbe coup\u00e9e n&#8217;est pas projet\u00e9e sur les chemins ou dans les plates-bandes. L&#8217;herbe tondue est \u00e9vacu\u00e9e vers l&#8217;arri\u00e8re, entre les roues. Si\u00e8ge confort r\u00e9glable pour un confort de conduite maximal. Avec une largeur de coupe de 122 cm, elle est particuli\u00e8rement maniable entre les obstacles \u00e9troits et sur les surfaces profil\u00e9es et ondul\u00e9es. Garantie professionnelle incluse.<\/p>\n<ul>\n<li>Aliment\u00e9 par quatre batteries interchangeables FusionCore au lithium-ion 56V DC, 4kWh<\/li>\n<li>Technologie de broche en instance de brevet, con\u00e7ue pour absorber les chocs en limitant les dommages aux broches<\/li>\n<li>Cinq heures de coupe continue avec une seule charge (en fonction des conditions de coupe)<\/li>\n<li>Temps de charge de 5,3 \u00e0 12 heures (selon le chargeur)<\/li>\n<li>Plateau d&#8217;\u00e9jection arri\u00e8re de 122 cm (48&#8243;) en acier robuste de calibre 7<\/li>\n<li>Conception du ch\u00e2ssis \u00e0 la pointe de l&#8217;industrie<\/li>\n<li>L&#8217;arceau de s\u00e9curit\u00e9 (ROPS) est mont\u00e9 de s\u00e9rie pour une protection accrue de l&#8217;op\u00e9rateur<\/li>\n<li>Syst\u00e8me de levage du plateau de coupe \u00e0 s\u00e9lection verticale, actionn\u00e9 au pied, avec 15 positions de coupe<\/li>\n<li>Si\u00e8ge \u00e0 suspension int\u00e9grale et \u00e0 haut dossier<\/li>\n<li>Gamme d&#8217;accessoires disponibles en option<\/li>\n<li>Garantie de 5 ans ou 1500 heures\/ garantie de 3 ans sur la batterie<\/li>\n<\/ul>\n<\/div>\n<\/div><\/div>\n<div class='col-lg'>                    <\/div>\n<\/p><\/div>\n<\/div>\n<\/div>\n<div class=\"acfd-block acfd-block__category mb-asm-3 container-fluid px-0 bg-default\">\n<div class=\"acfd-product-categories\">\n<h2 class=\"text-left mb-3\">\n        Eins\u00e4tze    <\/h2>\n<div class=\"product-categories_wrapper\">\n         <span\n                data-description=\"Vous tondez pendant de nombreuses heures, voire des jours ou des semaines d'affil\u00e9e ? Vous utilisez votre machine \u00e0 des fins commerciales et vous gagnez de l'argent avec ? Dans ce cas, vous avez besoin d'une machine particuli\u00e8rement fiable et confortable, dot\u00e9e de composants durables.\"                class=\"product-category-single\"> PRO                <sup><i class=\"fa fa-info-circle\" aria-hidden=\"true\"><\/i><\/sup>            <\/span>  <span\n                data-description=\"La technologie de pointe des batteries permet d\u00e9sormais d'obtenir les m\u00eames performances et la m\u00eame autonomie que les mod\u00e8les \u00e0 essence.\"                class=\"product-category-single\"> \u00c9lectrique                <sup><i class=\"fa fa-info-circle\" aria-hidden=\"true\"><\/i><\/sup>            <\/span>  <span\n                data-description=\"Les tondeuses autoport\u00e9es Ariens offrent un niveau de confort \u00e9lev\u00e9. Nous utilisons des si\u00e8ges de haute qualit\u00e9 d\u00e8s le mod\u00e8le d'entr\u00e9e de gamme. L'espace pour les jambes et les commandes ergonomiques sont de s\u00e9rie.\"                class=\"product-category-single\"> Autoport\u00e9e (assise)                <sup><i class=\"fa fa-info-circle\" aria-hidden=\"true\"><\/i><\/sup>            <\/span>  <span\n                data-description=\"Avec les mod\u00e8les APEX et ZENITH, vous avez le choix entre des plateaux de coupe \u00e0 \u00e9jection lat\u00e9rale et \u00e0 \u00e9jection arri\u00e8re. Un carter d'\u00e9jection arri\u00e8re est ferm\u00e9 sur le c\u00f4t\u00e9 et \u00e9jecte l'herbe coup\u00e9e vers l'arri\u00e8re. L'avantage est qu'aucune herbe coup\u00e9e n'est projet\u00e9e sur les chemins ou les plates-bandes et que, par rapport \u00e0 un kit de broyage, l'herbe plus haute peut \u00e9galement \u00eatre bien tondue. Les plateaux de coupe \u00e0 \u00e9jection arri\u00e8re sont souvent utilis\u00e9s dans le secteur municipal.\"                class=\"product-category-single\"> D\u00e9charge arri\u00e8re                <sup><i class=\"fa fa-info-circle\" aria-hidden=\"true\"><\/i><\/sup>            <\/span>  <span\n                data-description=\"Toutes les tondeuses Ariens conviennent aux pelouses plates. Choisissez votre largeur de coupe en fonction de la taille de votre terrain et des zones \u00e9troites limitantes.\"                class=\"product-category-single\"> Terrain plat                <sup><i class=\"fa fa-info-circle\" aria-hidden=\"true\"><\/i><\/sup>            <\/span>  <span\n                data-description=\"Les tondeuses Ariens s'adaptent bien aux terrains vallonn\u00e9s. Pour les terrains vallonn\u00e9s, choisissez des plateaux de coupe plus \u00e9troits pour une coupe plus uniforme.\"                class=\"product-category-single\"> Terrain vallonn\u00e9                <sup><i class=\"fa fa-info-circle\" aria-hidden=\"true\"><\/i><\/sup>            <\/span>  <span\n                data-description=\"Utilisez des largeurs de tonte de 107 cm et 122 cm pour les pelouses de taille moyenne \u00e0 grande.\"                class=\"product-category-single\"> Zones de taille moyenne                <sup><i class=\"fa fa-info-circle\" aria-hidden=\"true\"><\/i><\/sup>            <\/span>     <\/div>\n<\/div>\n<\/div>\n<div class=\"acfd-block acfd-block__twocolumns mb-asm-2 container-fluid container-fluid--force px-0 bg-default\">\n<div class=\"acfd-twocolumns\">\n<div class=\"row\">\n<div class='col-lg-12 mb-4'>\n<div class=\"acfd-product-advantages--wrapper\">\n<h2 class=\"h1 bigger text-color-black text-center mb-5\">\n        Features &#038; Benefits    <\/h2>\n<div class=\"acfd-product-advantages\">\n<div class=\"row\">\n<div class=\"col-md-6 mb-4 content\">\n                    <span class=\"d-block h5 text-color-brand mb-1\">Syst\u00e8me de batterie FusionCore li-ion<\/span><\/p>\n<p>Le syst\u00e8me de batterie de la ZENITH E se compose de quatre packs de batteries interchangeables de 22,5 kg chacun. La capacit\u00e9 de chaque batterie Fusion Li-Ion est de 4 kWh.  Capacit\u00e9 totale : 4 x 4 kWh= 16 kWh. La ZENITH E peut tondre avec seulement deux packs de batteries et rouler avec un seul.<\/p>\n<p>Avec quatre packs de batteries, il est possible de tondre pendant 5 heures maximum. Ensuite, ils peuvent \u00eatre remplac\u00e9s en quelques secondes par des batteries pleines.  Le temps de charge pour quatre packs de batteries, avec un chargeur rapide en option, est de seulement 5:20 heures !<\/p>\n<\/p><\/div>\n<div class=\"col-md-6 mb4 image\"  style=\"background-image:url(https:\/\/www.ariens.eu\/fr\/wp-content\/uploads\/sites\/4\/2024\/05\/ariens-arrow-e-battery-stand-on-fusioncore-batteries.webp)\">\n                <\/div>\n<\/p><\/div>\n<div class=\"row\">\n<div class=\"col-md-6 mb-4 content\">\n                    <span class=\"d-block h5 text-color-brand mb-1\">Gestion intelligente de la batterie<\/span><\/p>\n<p>Ce syst\u00e8me en attente de brevet permet \u00e0 la ZENITH E de compenser les diff\u00e9rences de puissance des batteries. Elle ne pr\u00e9l\u00e8ve de l\u2019\u00e9nergie sur les batteries pleines que jusqu\u2019\u00e0 ce qu\u2019elles atteignent le m\u00eame niveau de charge que les batteries moins charg\u00e9es. L\u2019\u00e9nergie est d\u2019abord pr\u00e9lev\u00e9e sur les batteries enti\u00e8rement charg\u00e9es, avant d\u2019\u00eatre ensuite pr\u00e9lev\u00e9e de mani\u00e8re \u00e9gale sur les quatre batteries, ce qui garantit une puissance et une coupe r\u00e9guli\u00e8res.<\/p>\n<\/p><\/div>\n<div class=\"col-md-6 mb4 image\"  style=\"background-image:url(https:\/\/www.ariens.eu\/fr\/wp-content\/uploads\/sites\/4\/2024\/05\/ariens-zenith-e-zero-turn-feature2-battery-load-balancing.webp)\">\n                <\/div>\n<\/p><\/div>\n<div class=\"row\">\n<div class=\"col-md-6 mb-4 content\">\n                    <span class=\"d-block h5 text-color-brand mb-1\">Moteurs-roues \u00e9lectriques FusionCore<\/span><\/p>\n<p>Deux moteurs \u00e9lectriques sans balais fonctionnant ind\u00e9pendamment l\u2019un de l\u2019autre, avec des aimants extra puissants, un nombre d\u2019enroulements plus \u00e9lev\u00e9 et une fonction de r\u00e9cup\u00e9ration d\u2018\u00e9nergie au freinage. Objectif : Faible production de chaleur et longue dur\u00e9e de vie. Couplage des moteurs \u00e9lectriques avec un engrenage plan\u00e9taire \u00e0 double r\u00e9duction.<\/p>\n<p>Objectif : La m\u00eame sensation de conduite souple et sans \u00e0-coups qu\u2019une tondeuse zero-turn professionnelle avec moteur \u00e0 essence et des hydrostats. <\/p>\n<p>R\u00e9sultat : conduisez la ZENITH E une fois et comparez vous-m\u00eame !<\/p>\n<\/p><\/div>\n<div class=\"col-md-6 mb4 image\"  style=\"background-image:url(https:\/\/www.ariens.eu\/fr\/wp-content\/uploads\/sites\/4\/2024\/05\/ariens-zenith-e-zero-turn-feature3-brushless-electric-drive-motor-transaxles.webp)\">\n                <\/div>\n<\/p><\/div>\n<div class=\"row\">\n<div class=\"col-md-6 mb-4 content\">\n                    <span class=\"d-block h5 text-color-brand mb-1\">Plateau de coupe professionnel<\/span><\/p>\n<p>Le plateau de coupe est l\u2019\u00e9l\u00e9ment le plus sollicit\u00e9 d\u2019une faucheuse. C\u2019est l\u00e0 que la stabilit\u00e9 est la plus importante. La ZENITH E dispose d\u2019un carter de coupe de 14 cm de profondeur, enti\u00e8rement soud\u00e9, en t\u00f4le d\u2019acier de 4,5 mm d\u2019\u00e9paisseur, avec un bord en acier de 20 mm, des roues anti-scalp et une suspension de plateau soud\u00e9e en 4 points. Les moteurs \u00e0 lames \u00e9lectriques FUSIONCORE fournissent, si n\u00e9cessaire, une puissance maximale de 3 x 3.500 watts. Pour prot\u00e9ger les moteurs en cas de collision, les lames sont fix\u00e9es sur un accouplement \u00e0 friction. Les chocs violents sur le moteur sont ainsi consid\u00e9rablement r\u00e9duits. Le flux d\u2019air du nouveau plateau de coupe X-Factor III \u00e0 \u00e9jection lat\u00e9rale est optimis\u00e9 pour une coupe tr\u00e8s propre et un niveau sonore r\u00e9duit.<\/p>\n<\/p><\/div>\n<div class=\"col-md-6 mb4 image\"  style=\"background-image:url(https:\/\/www.ariens.eu\/fr\/wp-content\/uploads\/sites\/4\/2024\/05\/ariens-zenith-e-zero-turn-feature4-commercial-10-gauge-steel-deck.webp)\">\n                <\/div>\n<\/p><\/div>\n<div class=\"row\">\n<div class=\"col-md-6 mb-4 content\">\n                    <span class=\"d-block h5 text-color-brand mb-1\">Si\u00e8ge ultra confort enti\u00e8rement r\u00e9glable<\/span><\/p>\n<p>Un confort de conduite maximal est essentiel pour travailler de mani\u00e8re productive et en toute s\u00e9curit\u00e9 pendant des heures. Emp\u00eacher le conducteur de subir des chocs et des vibrations est particuli\u00e8rement important pour son bien-\u00eatre et sa sant\u00e9. La suspension hydropneumatique du si\u00e8ge de l&rsquo;op\u00e9rateur peut \u00eatre r\u00e9gl\u00e9e avec pr\u00e9cision en fonction du poids de l&rsquo;op\u00e9rateur. Des accoudoirs r\u00e9glables et un dossier haut permettent au conducteur de trouver sa position assise id\u00e9ale.<\/p>\n<\/p><\/div>\n<div class=\"col-md-6 mb4 image\"  style=\"background-image:url(https:\/\/www.ariens.eu\/fr\/wp-content\/uploads\/sites\/4\/2024\/05\/ariens-zenith-zero-turn-suspension-seat.webp)\">\n                <\/div>\n<\/p><\/div>\n<div class=\"row\">\n<div class=\"col-md-6 mb-4 content\">\n                    <span class=\"d-block h5 text-color-brand mb-1\">Rops<\/span><\/p>\n<p>L\u2019arceau de s\u00e9curit\u00e9 (ROPS) avec ceinture de s\u00e9curit\u00e9 de s\u00e9rie offre une protection suppl\u00e9mentaire au conducteur. Il est rabattable et ergonomiquement inclin\u00e9 vers l\u2019arri\u00e8re pour \u00e9viter de se cogner douloureusement le coude pendant la conduite.<\/p>\n<\/p><\/div>\n<div class=\"col-md-6 mb4 image\"  style=\"background-image:url(https:\/\/www.ariens.eu\/fr\/wp-content\/uploads\/sites\/4\/2024\/05\/ariens-zenith-zero-turn-feature5-rops.webp)\">\n                <\/div>\n<\/p><\/div>\n<\/p><\/div>\n<\/div><\/div>\n<div class='col-lg'>                    <\/div>\n<\/p><\/div>\n<\/div>\n<\/div>\n","protected":false},"excerpt":{"rendered":"<p>Tondeuse \u00e0 rayon de braquage z\u00e9ro aliment\u00e9e par batterie. Particuli\u00e8rement maniable entre les obstacles \u00e9troits et les zones sinueuses et ondul\u00e9es. Installer des batteries dans une tondeuse est une chose. Obtenir les performances, la durabilit\u00e9 et la fiabilit\u00e9 d\u2019un mod\u00e8le professionnel \u00e0 essence \u00e9prouv\u00e9 en est une autre. Nos mod\u00e8les \u00e9quip\u00e9s du syst\u00e8me de batterie [&hellip;]<\/p>\n","protected":false},"featured_media":2661,"comment_status":"open","ping_status":"closed","template":"","meta":{"_acf_changed":false,"_relevanssi_hide_post":"","_relevanssi_hide_content":"","_relevanssi_pin_for_all":"","_relevanssi_pin_keywords":"","_relevanssi_unpin_keywords":"","_relevanssi_related_keywords":"","_relevanssi_related_include_ids":"","_relevanssi_related_exclude_ids":"","_relevanssi_related_no_append":"","_relevanssi_related_not_related":"","_relevanssi_related_posts":"","_relevanssi_noindex_reason":""},"product_brand":[],"product_cat":[15],"product_tag":[],"class_list":{"0":"post-2338","1":"product","2":"type-product","3":"status-publish","4":"has-post-thumbnail","6":"product_variant-serie-zenith-e","7":"product_usage_areas-municipalites-chantiers","8":"product_usage_areas-prestataires-de-services","10":"first","11":"instock","12":"shipping-taxable","13":"product-type-simple"},"acf":[],"yoast_head":"<!-- This site is optimized with the Yoast SEO plugin v27.3 - https:\/\/yoast.com\/product\/yoast-seo-wordpress\/ -->\n<title>ZENITH E 48R - Tondeuse \u00e0 rayon de braquage z\u00e9ro \u00e0 batterie | Ariens<\/title>\n<meta name=\"description\" content=\"Une tondeuse autoport\u00e9e \u00e0 rayon de braquage z\u00e9ro Ariens, performante tout au long de la journ\u00e9e. La ZENITH E 48R \u00e9tablit la norme en mati\u00e8re de tondeuses \u00e0 rayon de braquage z\u00e9ro \u00e9lectriques et commerciales.\" \/>\n<meta name=\"robots\" content=\"index, follow, max-snippet:-1, max-image-preview:large, max-video-preview:-1\" \/>\n<link rel=\"canonical\" href=\"https:\/\/www.ariens.eu\/fr\/produit\/tondeuses-a-rayon-de-braquage-zero\/serie-zenith-e\/zenith-e-48r\/\" \/>\n<meta property=\"og:locale\" content=\"fr_FR\" \/>\n<meta property=\"og:type\" content=\"article\" \/>\n<meta property=\"og:title\" content=\"ZENITH E 48R - Tondeuse \u00e0 rayon de braquage z\u00e9ro \u00e0 batterie | Ariens\" \/>\n<meta property=\"og:description\" content=\"Une tondeuse autoport\u00e9e \u00e0 rayon de braquage z\u00e9ro Ariens, performante tout au long de la journ\u00e9e. La ZENITH E 48R \u00e9tablit la norme en mati\u00e8re de tondeuses \u00e0 rayon de braquage z\u00e9ro \u00e9lectriques et commerciales.\" \/>\n<meta property=\"og:url\" content=\"https:\/\/www.ariens.eu\/fr\/produit\/tondeuses-a-rayon-de-braquage-zero\/serie-zenith-e\/zenith-e-48r\/\" \/>\n<meta property=\"og:site_name\" content=\"Ariens | EMEAA\" \/>\n<meta property=\"article:modified_time\" content=\"2025-11-10T10:48:52+00:00\" \/>\n<meta property=\"og:image\" content=\"https:\/\/www.ariens.eu\/fr\/wp-content\/uploads\/sites\/4\/2024\/05\/ariens-zenithe-48r-rear-discharge-battery-zero-turn-front-left.webp\" \/>\n\t<meta property=\"og:image:width\" content=\"1280\" \/>\n\t<meta property=\"og:image:height\" content=\"925\" \/>\n\t<meta property=\"og:image:type\" content=\"image\/webp\" \/>\n<meta name=\"twitter:card\" content=\"summary_large_image\" \/>\n<meta name=\"twitter:label1\" content=\"Dur\u00e9e de lecture estim\u00e9e\" \/>\n\t<meta name=\"twitter:data1\" content=\"5 minutes\" \/>\n<script type=\"application\/ld+json\" class=\"yoast-schema-graph\">{\"@context\":\"https:\\\/\\\/schema.org\",\"@graph\":[{\"@type\":\"WebPage\",\"@id\":\"https:\\\/\\\/www.ariens.eu\\\/fr\\\/produit\\\/tondeuses-a-rayon-de-braquage-zero\\\/serie-zenith-e\\\/zenith-e-48r\\\/\",\"url\":\"https:\\\/\\\/www.ariens.eu\\\/fr\\\/produit\\\/tondeuses-a-rayon-de-braquage-zero\\\/serie-zenith-e\\\/zenith-e-48r\\\/\",\"name\":\"ZENITH E 48R - Tondeuse \u00e0 rayon de braquage z\u00e9ro \u00e0 batterie | Ariens\",\"isPartOf\":{\"@id\":\"https:\\\/\\\/www.ariens.eu\\\/fr\\\/#website\"},\"primaryImageOfPage\":{\"@id\":\"https:\\\/\\\/www.ariens.eu\\\/fr\\\/produit\\\/tondeuses-a-rayon-de-braquage-zero\\\/serie-zenith-e\\\/zenith-e-48r\\\/#primaryimage\"},\"image\":{\"@id\":\"https:\\\/\\\/www.ariens.eu\\\/fr\\\/produit\\\/tondeuses-a-rayon-de-braquage-zero\\\/serie-zenith-e\\\/zenith-e-48r\\\/#primaryimage\"},\"thumbnailUrl\":\"https:\\\/\\\/www.ariens.eu\\\/fr\\\/wp-content\\\/uploads\\\/sites\\\/4\\\/2024\\\/05\\\/ariens-zenithe-48r-rear-discharge-battery-zero-turn-front-left.webp\",\"datePublished\":\"2024-05-10T10:04:36+00:00\",\"dateModified\":\"2025-11-10T10:48:52+00:00\",\"description\":\"Une tondeuse autoport\u00e9e \u00e0 rayon de braquage z\u00e9ro Ariens, performante tout au long de la journ\u00e9e. La ZENITH E 48R \u00e9tablit la norme en mati\u00e8re de tondeuses \u00e0 rayon de braquage z\u00e9ro \u00e9lectriques et commerciales.\",\"breadcrumb\":{\"@id\":\"https:\\\/\\\/www.ariens.eu\\\/fr\\\/produit\\\/tondeuses-a-rayon-de-braquage-zero\\\/serie-zenith-e\\\/zenith-e-48r\\\/#breadcrumb\"},\"inLanguage\":\"fr-FR\",\"potentialAction\":[{\"@type\":\"ReadAction\",\"target\":[\"https:\\\/\\\/www.ariens.eu\\\/fr\\\/produit\\\/tondeuses-a-rayon-de-braquage-zero\\\/serie-zenith-e\\\/zenith-e-48r\\\/\"]}]},{\"@type\":\"ImageObject\",\"inLanguage\":\"fr-FR\",\"@id\":\"https:\\\/\\\/www.ariens.eu\\\/fr\\\/produit\\\/tondeuses-a-rayon-de-braquage-zero\\\/serie-zenith-e\\\/zenith-e-48r\\\/#primaryimage\",\"url\":\"https:\\\/\\\/www.ariens.eu\\\/fr\\\/wp-content\\\/uploads\\\/sites\\\/4\\\/2024\\\/05\\\/ariens-zenithe-48r-rear-discharge-battery-zero-turn-front-left.webp\",\"contentUrl\":\"https:\\\/\\\/www.ariens.eu\\\/fr\\\/wp-content\\\/uploads\\\/sites\\\/4\\\/2024\\\/05\\\/ariens-zenithe-48r-rear-discharge-battery-zero-turn-front-left.webp\",\"width\":1280,\"height\":925},{\"@type\":\"BreadcrumbList\",\"@id\":\"https:\\\/\\\/www.ariens.eu\\\/fr\\\/produit\\\/tondeuses-a-rayon-de-braquage-zero\\\/serie-zenith-e\\\/zenith-e-48r\\\/#breadcrumb\",\"itemListElement\":[{\"@type\":\"ListItem\",\"position\":1,\"name\":\"Home\",\"item\":\"https:\\\/\\\/www.ariens.eu\\\/fr\\\/\"},{\"@type\":\"ListItem\",\"position\":2,\"name\":\"Shop\",\"item\":\"https:\\\/\\\/www.ariens.eu\\\/fr\\\/shop\\\/\"},{\"@type\":\"ListItem\",\"position\":3,\"name\":\"ZENITH E 48R\"}]},{\"@type\":\"WebSite\",\"@id\":\"https:\\\/\\\/www.ariens.eu\\\/fr\\\/#website\",\"url\":\"https:\\\/\\\/www.ariens.eu\\\/fr\\\/\",\"name\":\"Ariens | EMEAA\",\"description\":\"Powerful and reliable zero-turn mowers &amp; snow blowers for professional users and demanding private customers\",\"potentialAction\":[{\"@type\":\"SearchAction\",\"target\":{\"@type\":\"EntryPoint\",\"urlTemplate\":\"https:\\\/\\\/www.ariens.eu\\\/fr\\\/?s={search_term_string}\"},\"query-input\":{\"@type\":\"PropertyValueSpecification\",\"valueRequired\":true,\"valueName\":\"search_term_string\"}}],\"inLanguage\":\"fr-FR\"}]}<\/script>\n<!-- \/ Yoast SEO plugin. -->","yoast_head_json":{"title":"ZENITH E 48R - Tondeuse \u00e0 rayon de braquage z\u00e9ro \u00e0 batterie | Ariens","description":"Une tondeuse autoport\u00e9e \u00e0 rayon de braquage z\u00e9ro Ariens, performante tout au long de la journ\u00e9e. La ZENITH E 48R \u00e9tablit la norme en mati\u00e8re de tondeuses \u00e0 rayon de braquage z\u00e9ro \u00e9lectriques et commerciales.","robots":{"index":"index","follow":"follow","max-snippet":"max-snippet:-1","max-image-preview":"max-image-preview:large","max-video-preview":"max-video-preview:-1"},"canonical":"https:\/\/www.ariens.eu\/fr\/produit\/tondeuses-a-rayon-de-braquage-zero\/serie-zenith-e\/zenith-e-48r\/","og_locale":"fr_FR","og_type":"article","og_title":"ZENITH E 48R - Tondeuse \u00e0 rayon de braquage z\u00e9ro \u00e0 batterie | Ariens","og_description":"Une tondeuse autoport\u00e9e \u00e0 rayon de braquage z\u00e9ro Ariens, performante tout au long de la journ\u00e9e. La ZENITH E 48R \u00e9tablit la norme en mati\u00e8re de tondeuses \u00e0 rayon de braquage z\u00e9ro \u00e9lectriques et commerciales.","og_url":"https:\/\/www.ariens.eu\/fr\/produit\/tondeuses-a-rayon-de-braquage-zero\/serie-zenith-e\/zenith-e-48r\/","og_site_name":"Ariens | EMEAA","article_modified_time":"2025-11-10T10:48:52+00:00","og_image":[{"width":1280,"height":925,"url":"https:\/\/www.ariens.eu\/fr\/wp-content\/uploads\/sites\/4\/2024\/05\/ariens-zenithe-48r-rear-discharge-battery-zero-turn-front-left.webp","type":"image\/webp"}],"twitter_card":"summary_large_image","twitter_misc":{"Dur\u00e9e de lecture estim\u00e9e":"5 minutes"},"schema":{"@context":"https:\/\/schema.org","@graph":[{"@type":"WebPage","@id":"https:\/\/www.ariens.eu\/fr\/produit\/tondeuses-a-rayon-de-braquage-zero\/serie-zenith-e\/zenith-e-48r\/","url":"https:\/\/www.ariens.eu\/fr\/produit\/tondeuses-a-rayon-de-braquage-zero\/serie-zenith-e\/zenith-e-48r\/","name":"ZENITH E 48R - Tondeuse \u00e0 rayon de braquage z\u00e9ro \u00e0 batterie | Ariens","isPartOf":{"@id":"https:\/\/www.ariens.eu\/fr\/#website"},"primaryImageOfPage":{"@id":"https:\/\/www.ariens.eu\/fr\/produit\/tondeuses-a-rayon-de-braquage-zero\/serie-zenith-e\/zenith-e-48r\/#primaryimage"},"image":{"@id":"https:\/\/www.ariens.eu\/fr\/produit\/tondeuses-a-rayon-de-braquage-zero\/serie-zenith-e\/zenith-e-48r\/#primaryimage"},"thumbnailUrl":"https:\/\/www.ariens.eu\/fr\/wp-content\/uploads\/sites\/4\/2024\/05\/ariens-zenithe-48r-rear-discharge-battery-zero-turn-front-left.webp","datePublished":"2024-05-10T10:04:36+00:00","dateModified":"2025-11-10T10:48:52+00:00","description":"Une tondeuse autoport\u00e9e \u00e0 rayon de braquage z\u00e9ro Ariens, performante tout au long de la journ\u00e9e. La ZENITH E 48R \u00e9tablit la norme en mati\u00e8re de tondeuses \u00e0 rayon de braquage z\u00e9ro \u00e9lectriques et commerciales.","breadcrumb":{"@id":"https:\/\/www.ariens.eu\/fr\/produit\/tondeuses-a-rayon-de-braquage-zero\/serie-zenith-e\/zenith-e-48r\/#breadcrumb"},"inLanguage":"fr-FR","potentialAction":[{"@type":"ReadAction","target":["https:\/\/www.ariens.eu\/fr\/produit\/tondeuses-a-rayon-de-braquage-zero\/serie-zenith-e\/zenith-e-48r\/"]}]},{"@type":"ImageObject","inLanguage":"fr-FR","@id":"https:\/\/www.ariens.eu\/fr\/produit\/tondeuses-a-rayon-de-braquage-zero\/serie-zenith-e\/zenith-e-48r\/#primaryimage","url":"https:\/\/www.ariens.eu\/fr\/wp-content\/uploads\/sites\/4\/2024\/05\/ariens-zenithe-48r-rear-discharge-battery-zero-turn-front-left.webp","contentUrl":"https:\/\/www.ariens.eu\/fr\/wp-content\/uploads\/sites\/4\/2024\/05\/ariens-zenithe-48r-rear-discharge-battery-zero-turn-front-left.webp","width":1280,"height":925},{"@type":"BreadcrumbList","@id":"https:\/\/www.ariens.eu\/fr\/produit\/tondeuses-a-rayon-de-braquage-zero\/serie-zenith-e\/zenith-e-48r\/#breadcrumb","itemListElement":[{"@type":"ListItem","position":1,"name":"Home","item":"https:\/\/www.ariens.eu\/fr\/"},{"@type":"ListItem","position":2,"name":"Shop","item":"https:\/\/www.ariens.eu\/fr\/shop\/"},{"@type":"ListItem","position":3,"name":"ZENITH E 48R"}]},{"@type":"WebSite","@id":"https:\/\/www.ariens.eu\/fr\/#website","url":"https:\/\/www.ariens.eu\/fr\/","name":"Ariens | EMEAA","description":"Powerful and reliable zero-turn mowers &amp; snow blowers for professional users and demanding private customers","potentialAction":[{"@type":"SearchAction","target":{"@type":"EntryPoint","urlTemplate":"https:\/\/www.ariens.eu\/fr\/?s={search_term_string}"},"query-input":{"@type":"PropertyValueSpecification","valueRequired":true,"valueName":"search_term_string"}}],"inLanguage":"fr-FR"}]}},"_links":{"self":[{"href":"https:\/\/www.ariens.eu\/fr\/wp-json\/wp\/v2\/product\/2338","targetHints":{"allow":["GET"]}}],"collection":[{"href":"https:\/\/www.ariens.eu\/fr\/wp-json\/wp\/v2\/product"}],"about":[{"href":"https:\/\/www.ariens.eu\/fr\/wp-json\/wp\/v2\/types\/product"}],"replies":[{"embeddable":true,"href":"https:\/\/www.ariens.eu\/fr\/wp-json\/wp\/v2\/comments?post=2338"}],"wp:featuredmedia":[{"embeddable":true,"href":"https:\/\/www.ariens.eu\/fr\/wp-json\/wp\/v2\/media\/2661"}],"wp:attachment":[{"href":"https:\/\/www.ariens.eu\/fr\/wp-json\/wp\/v2\/media?parent=2338"}],"wp:term":[{"taxonomy":"product_brand","embeddable":true,"href":"https:\/\/www.ariens.eu\/fr\/wp-json\/wp\/v2\/product_brand?post=2338"},{"taxonomy":"product_cat","embeddable":true,"href":"https:\/\/www.ariens.eu\/fr\/wp-json\/wp\/v2\/product_cat?post=2338"},{"taxonomy":"product_tag","embeddable":true,"href":"https:\/\/www.ariens.eu\/fr\/wp-json\/wp\/v2\/product_tag?post=2338"}],"curies":[{"name":"wp","href":"https:\/\/api.w.org\/{rel}","templated":true}]}}