{"id":2343,"date":"2024-05-10T11:04:36","date_gmt":"2024-05-10T10:04:36","guid":{"rendered":"https:\/\/www.ariens.eu\/product\/arrow-32\/"},"modified":"2026-02-25T10:36:23","modified_gmt":"2026-02-25T10:36:23","slug":"arrow-32","status":"publish","type":"product","link":"https:\/\/www.ariens.eu\/fr\/produit\/zero-turn-mowers\/serie-arrow\/arrow-32","title":{"rendered":"ARROW 32"},"content":{"rendered":"<div class=\"acfd-block acfd-block__twocolumns mb-asm-1 container-fluid px-0 bg-default\">\n<div class=\"acfd-twocolumns\">\n<div class=\"row\">\n<div class='col-lg-9 mb-4'>\n<div class=\"acfd-block acfd-block__headline container-fluid px-0 bg-default\">\n<div class=\"acfd-headline\" >\n<h2 class='h2 text-left'>La tondeuse \u00e0 rayon de braquage z\u00e9ro la plus maniable et la plus compacte. Peut \u00eatre utilis\u00e9e partout.<\/h2>\n<\/p><\/div>\n<\/div><\/div>\n<div class='col-lg'>                    <\/div>\n<\/p><\/div>\n<\/div>\n<\/div>\n<div class=\"acfd-block acfd-block__twocolumns mb-asm-2 container-fluid px-0 bg-default\">\n<div class=\"acfd-twocolumns\">\n<div class=\"row\">\n<div class='col-lg-9 mb-4'>\n<div class=\"acfd-block acfd-block__text container-fluid px-0 bg-default\">\n<div class=\"acfd-text\">\n<p>Les faucheuses \u00e0 conducteur port\u00e9 debout sont confortables et rapides, mais aussi particuli\u00e8rement compactes, agiles et peu encombrantes. Votre dos et vos muscles vous remercieront pour la position de travail verticale.<\/p>\n<p>Avec son moteur Kawasaki FS600 de s\u00e9rie et son carter de coupe de 81 cm de long, la tondeuse autoport\u00e9e ARROW 32 est le choix commercial pour tondre dans toutes les zones.<\/p>\n<ul>\n<li>Plateau de 81 cm (32&#8243;) en acier de calibre 7<\/li>\n<li>Aliment\u00e9e par un moteur Kawasaki<sup>&reg;<\/sup> FS 600 V-Twin 600cc<\/li>\n<li>Syst\u00e8me de d\u00e9verrouillage au pouce et de goupille verticale avec 15 positions de coupe<\/li>\n<li>Gamme d&#8217;accessoires disponibles en option<\/li>\n<li>Garantie de 5 ans ou 1000 heures &#8211; pas de limite d&#8217;heures pour les 2 premi\u00e8res ann\u00e9es<\/li>\n<\/ul>\n<\/div>\n<\/div><\/div>\n<div class='col-lg'>                    <\/div>\n<\/p><\/div>\n<\/div>\n<\/div>\n<div class=\"acfd-block acfd-block__category mb-asm-3 container-fluid px-0 bg-default\">\n<div class=\"acfd-product-categories\">\n<h2 class=\"text-left mb-3\">\n        Eins\u00e4tze    <\/h2>\n<div class=\"product-categories_wrapper\">\n         <span\n                data-description=\"Vous tondez pendant de nombreuses heures, voire des jours ou des semaines d'affil\u00e9e ? Vous utilisez votre machine \u00e0 des fins commerciales et vous gagnez de l'argent avec ? Dans ce cas, vous avez besoin d'une machine particuli\u00e8rement fiable et confortable, dot\u00e9e de composants durables.\"                class=\"product-category-single\"> PRO                <sup><i class=\"fa fa-info-circle\" aria-hidden=\"true\"><\/i><\/sup>            <\/span>  <span\n                data-description=\"Nos tondeuses sont \u00e9quip\u00e9es de moteurs Kawasaki<sup>&reg;<\/sup> ou Ariens de haute qualit\u00e9. Ils offrent des performances et une fiabilit\u00e9 sup\u00e9rieures \u00e0 la moyenne.\"                class=\"product-category-single\"> Essence                <sup><i class=\"fa fa-info-circle\" aria-hidden=\"true\"><\/i><\/sup>            <\/span>  <span\n                data-description=\"Si vous utilisez un kit de broyage adapt\u00e9 \u00e0 votre tondeuse, l'\u00e9jection lat\u00e9rale n'est plus n\u00e9cessaire. L'herbe coup\u00e9e est finement d\u00e9chiquet\u00e9e et r\u00e9partie uniform\u00e9ment \u00e0 l'arri\u00e8re de la pelouse. L'engrais \u00e9ventuellement appliqu\u00e9 reste en surface et les fines particules d'herbe disparaissent presque invisiblement dans la pelouse.\"                class=\"product-category-single\"> Kit mulching en option                <sup><i class=\"fa fa-info-circle\" aria-hidden=\"true\"><\/i><\/sup>            <\/span>  <span\n                data-description=\"Le fauchage en position debout est actuellement \u00e0 la mode. Les avantages sont la vue d'ensemble de l'ensemble du plateau de coupe et l'\u00e9norme maniabilit\u00e9 de ces machines compactes. Les utilisateurs souffrant de probl\u00e8mes de dos b\u00e9n\u00e9ficient d'une position de travail ergonomique. Le transport et le stockage quotidiens sont consid\u00e9rablement facilit\u00e9s. La mont\u00e9e et la descente se font en quelques secondes. Id\u00e9al \u00e9galement pour les passages \u00e9troits et les portails de jardin.\"                class=\"product-category-single\"> Stand-on (debout)                <sup><i class=\"fa fa-info-circle\" aria-hidden=\"true\"><\/i><\/sup>            <\/span>  <span\n                data-description=\"Avec les mod\u00e8les APEX et ZENITH, vous avez le choix entre des plateaux de coupe \u00e0 \u00e9jection lat\u00e9rale et \u00e0 \u00e9jection arri\u00e8re. Un carter de tondeuse \u00e0 \u00e9jection lat\u00e9rale \u00e9jecte l'herbe coup\u00e9e par une ouverture lat\u00e9rale et un d\u00e9flecteur. Le puissant flux d'air les r\u00e9partit ensuite sur une grande surface. Un kit de mulching peut \u00eatre install\u00e9 en option sur les plateaux de coupe \u00e0 \u00e9jection lat\u00e9rale. Lorsqu'un kit mulching est utilis\u00e9, l'herbe est finement d\u00e9chiquet\u00e9e et \u00e9ject\u00e9e vers l'arri\u00e8re. L'\u00e9jection lat\u00e9rale et le d\u00e9flecteur sont alors ferm\u00e9s ou retir\u00e9s.\"                class=\"product-category-single\"> D\u00e9charge lat\u00e9rale                <sup><i class=\"fa fa-info-circle\" aria-hidden=\"true\"><\/i><\/sup>            <\/span>  <span\n                data-description=\"Toutes les tondeuses Ariens conviennent aux pelouses plates. Choisissez votre largeur de coupe en fonction de la taille de votre terrain et des zones \u00e9troites limitantes.\"                class=\"product-category-single\"> Terrain plat                <sup><i class=\"fa fa-info-circle\" aria-hidden=\"true\"><\/i><\/sup>            <\/span>  <span\n                data-description=\"Il est pr\u00e9f\u00e9rable de choisir une machine avec des roues larges. Ne d\u00e9passez pas la limite de s\u00e9curit\u00e9 sp\u00e9cifi\u00e9e de 15\u00b0 d'inclinaison pour les tondeuses autoport\u00e9es et de 20\u00b0 pour les tondeuses autoport\u00e9es. Sur les terrains vallonn\u00e9s, choisissez des plateaux de coupe plus \u00e9troits pour une coupe plus uniforme. Le mod\u00e8le ZENITH est \u00e9quip\u00e9 de s\u00e9rie d'une protection anti-retournement. Il peut \u00eatre install\u00e9 ult\u00e9rieurement sur l'APEX.\"                class=\"product-category-single\"> Terrain vallonn\u00e9                <sup><i class=\"fa fa-info-circle\" aria-hidden=\"true\"><\/i><\/sup>            <\/span>  <span\n                data-description=\"Utilisez des largeurs de tonte de 107 cm et 122 cm pour les pelouses de taille moyenne \u00e0 grande.\"                class=\"product-category-single\"> Zones de taille moyenne                <sup><i class=\"fa fa-info-circle\" aria-hidden=\"true\"><\/i><\/sup>            <\/span>  <span\n                data-description=\"Les plateaux de coupe de 132 cm et 152 cm de large sont utilis\u00e9s efficacement sur les grandes surfaces.\"                class=\"product-category-single\"> Grandes zones                <sup><i class=\"fa fa-info-circle\" aria-hidden=\"true\"><\/i><\/sup>            <\/span>     <\/div>\n<\/div>\n<\/div>\n<div class=\"acfd-block acfd-block__twocolumns mb-asm-2 container-fluid container-fluid--force px-0 bg-default\">\n<div class=\"acfd-twocolumns\">\n<div class=\"row\">\n<div class='col-lg-12 mb-4'>\n<div class=\"acfd-product-advantages--wrapper\">\n<h2 class=\"h1 bigger text-color-black text-center mb-5\">\n        Features &#038; Benefits    <\/h2>\n<div class=\"acfd-product-advantages\">\n<div class=\"row\">\n<div class=\"col-md-6 mb-4 content\">\n                    <span class=\"d-block h5 text-color-brand mb-1\">Acc\u00e8s facile et maniabilit\u00e9<\/span><\/p>\n<p>Les plateaux de coupe de 81 cm (32\u2033) et de 91 cm (36\u2033) permettent tous deux d&rsquo;acc\u00e9der aux zones de tonte difficiles d&rsquo;acc\u00e8s et facilitent le travail sur les surfaces \u00e9troites. Monter et descendre de la tondeuse se fait en quelques secondes.<\/p>\n<\/p><\/div>\n<div class=\"col-md-6 mb4 image\"  style=\"background-image:url(https:\/\/www.ariens.eu\/fr\/wp-content\/uploads\/sites\/4\/2024\/05\/ariens-arrow-standon-zero-turn-narrow-footprint-easy-access.webp)\">\n                <\/div>\n<\/p><\/div>\n<div class=\"row\">\n<div class=\"col-md-6 mb-4 content\">\n                    <span class=\"d-block h5 text-color-brand mb-1\">Plateforme de suspension relevable<\/span><\/p>\n<p>La position verticale du conducteur sur la plateforme offre \u00e0 l&rsquo;utilisateur une meilleure vue sur le plateau de coupe que sur une tondeuse autoport\u00e9e. Les vibrations et les chocs sur le dos de l&rsquo;op\u00e9rateur sont r\u00e9duits &#8211; une journ\u00e9e de travail est moins p\u00e9nible. Le m\u00e9canisme de pliage de la plateforme permet de passer rapidement d&rsquo;une tondeuse \u00ab debout sur le dessus \u00bb \u00e0 une \u00ab tondeuse qui suit \u00bb, ce qui offre \u00e0 l&rsquo;utilisateur une polyvalence maximale dans les passages \u00e9troits et bas.<\/p>\n<\/p><\/div>\n<div class=\"col-md-6 mb4 image\"  style=\"background-image:url(https:\/\/www.ariens.eu\/fr\/wp-content\/uploads\/sites\/4\/2024\/05\/ariens-arrow-standon-zero-turn-flip-up-suspension-platform.webp)\">\n                <\/div>\n<\/p><\/div>\n<div class=\"row\">\n<div class=\"col-md-6 mb-4 content\">\n                    <span class=\"d-block h5 text-color-brand mb-1\">Barre de r\u00e9gulateur r\u00e9glable<\/span><\/p>\n<p>Permet \u00e0 l\u2019op\u00e9rateur de r\u00e9duire ou d\u2019augmenter la vitesse maximale de l\u2019unit\u00e9 dans les environnements de travail \u00e9troits.<\/p>\n<\/p><\/div>\n<div class=\"col-md-6 mb4 image\"  style=\"background-image:url(https:\/\/www.ariens.eu\/fr\/wp-content\/uploads\/sites\/4\/2024\/05\/ariens-arrow-standon-zero-turn-cruise-bar.webp)\">\n                <\/div>\n<\/p><\/div>\n<div class=\"row\">\n<div class=\"col-md-6 mb-4 content\">\n                    <span class=\"d-block h5 text-color-brand mb-1\">Panneau de contr\u00f4le<\/span><\/p>\n<p>Le panneau de contr\u00f4le ergonomique permet \u00e0 l\u2019op\u00e9rateur d\u2019ajuster facilement les param\u00e8tres en d\u00e9placement.<\/p>\n<\/p><\/div>\n<div class=\"col-md-6 mb4 image\"  style=\"background-image:url(https:\/\/www.ariens.eu\/fr\/wp-content\/uploads\/sites\/4\/2024\/05\/ariens-arrow-standon-zero-turn-ergonomic-control-panel.webp)\">\n                <\/div>\n<\/p><\/div>\n<div class=\"row\">\n<div class=\"col-md-6 mb-4 content\">\n                    <span class=\"d-block h5 text-color-brand mb-1\">Syst\u00e8me de r\u00e9glage de la hauteur de coupe<\/span><\/p>\n<p>Moins d&rsquo;effort pour soulever le plateau de coupe, Une combinaison de p\u00e9dale et de levier manuel et un syst\u00e8me de goupilles verticales facilitent le r\u00e9glage de la hauteur de coupe.<\/p>\n<\/p><\/div>\n<div class=\"col-md-6 mb4 image\"  style=\"background-image:url(https:\/\/www.ariens.eu\/fr\/wp-content\/uploads\/sites\/4\/2024\/05\/ariens-arrow-standon-zero-turn-easy-deck-height-adjustment.webp)\">\n                <\/div>\n<\/p><\/div>\n<div class=\"row\">\n<div class=\"col-md-6 mb-4 content\">\n                    <span class=\"d-block h5 text-color-brand mb-1\">Moteur haut de gamme<\/span><\/p>\n<p>Un moteur haut de gamme Kawasaki FS600 V-Twin est install\u00e9 pour fournir puissance, performance et efficacit\u00e9 \u00e9nerg\u00e9tique.<\/p>\n<\/p><\/div>\n<div class=\"col-md-6 mb4 image\"  style=\"background-image:url(https:\/\/www.ariens.eu\/fr\/wp-content\/uploads\/sites\/4\/2024\/05\/ariens-arrow-standon-zero-turn-kawasaki-engine.webp)\">\n                <\/div>\n<\/p><\/div>\n<div class=\"row\">\n<div class=\"col-md-6 mb-4 content\">\n                    <span class=\"d-block h5 text-color-brand mb-1\">Centre de gravit\u00e9 bas<\/span><\/p>\n<p>La g\u00e9om\u00e9trie redessin\u00e9e et la r\u00e9partition du poids offrent une stabilit\u00e9 accrue en mont\u00e9e et renforcent la confiance lors de la conduite.<\/p>\n<\/p><\/div>\n<div class=\"col-md-6 mb4 image\"  style=\"background-image:url(https:\/\/www.ariens.eu\/fr\/wp-content\/uploads\/sites\/4\/2024\/05\/ariens-arrow-standon-zero-turn-lowered-centre-of-gravity.webp)\">\n                <\/div>\n<\/p><\/div>\n<\/p><\/div>\n<\/div><\/div>\n<div class='col-lg'>                    <\/div>\n<\/p><\/div>\n<\/div>\n<\/div>\n","protected":false},"excerpt":{"rendered":"<p>La tondeuse \u00e0 rayon de braquage z\u00e9ro la plus maniable et la plus compacte. Peut \u00eatre utilis\u00e9e partout. Les faucheuses \u00e0 conducteur port\u00e9 debout sont confortables et rapides, mais aussi particuli\u00e8rement compactes, agiles et peu encombrantes. Votre dos et vos muscles vous remercieront pour la position de travail verticale. Avec son moteur Kawasaki FS600 de [&hellip;]<\/p>\n","protected":false},"featured_media":2708,"comment_status":"open","ping_status":"closed","template":"","meta":{"_acf_changed":false,"_relevanssi_hide_post":"","_relevanssi_hide_content":"","_relevanssi_pin_for_all":"","_relevanssi_pin_keywords":"","_relevanssi_unpin_keywords":"","_relevanssi_related_keywords":"","_relevanssi_related_include_ids":"","_relevanssi_related_exclude_ids":"","_relevanssi_related_no_append":"","_relevanssi_related_not_related":"","_relevanssi_related_posts":"","_relevanssi_noindex_reason":""},"product_cat":[15],"product_tag":[],"acf":[],"yoast_head":"<!-- This site is optimized with the Yoast SEO plugin v23.0 - https:\/\/yoast.com\/wordpress\/plugins\/seo\/ -->\n<title>ARROW 32 - Tondeuse \u00e0 rayon de braquage z\u00e9ro \u00e0 conducteur port\u00e9 debout | Ariens<\/title>\n<meta name=\"description\" content=\"Avec son moteur Kawasaki FS600 et son plateau de 81 cm (32&quot;), l&#039;ARROW 32 est le choix commercial pour la tonte de toutes les zones d&#039;acc\u00e8s.\" \/>\n<meta name=\"robots\" content=\"index, follow, max-snippet:-1, max-image-preview:large, max-video-preview:-1\" \/>\n<link rel=\"canonical\" href=\"https:\/\/www.ariens.eu\/fr\/produit\/tondeuses-a-rayon-de-braquage-zero\/serie-arrow\/arrow-32\/\" \/>\n<meta property=\"og:locale\" content=\"fr_FR\" \/>\n<meta property=\"og:type\" content=\"article\" \/>\n<meta property=\"og:title\" content=\"ARROW 32 - Tondeuse \u00e0 rayon de braquage z\u00e9ro \u00e0 conducteur port\u00e9 debout | Ariens\" \/>\n<meta property=\"og:description\" content=\"Avec son moteur Kawasaki FS600 et son plateau de 81 cm (32&quot;), l&#039;ARROW 32 est le choix commercial pour la tonte de toutes les zones d&#039;acc\u00e8s.\" \/>\n<meta property=\"og:url\" content=\"https:\/\/www.ariens.eu\/fr\/produit\/tondeuses-a-rayon-de-braquage-zero\/serie-arrow\/arrow-32\/\" \/>\n<meta property=\"og:site_name\" content=\"Ariens | EMEAA\" \/>\n<meta property=\"article:modified_time\" content=\"2026-02-25T10:36:23+00:00\" \/>\n<meta property=\"og:image\" content=\"https:\/\/www.ariens.eu\/fr\/wp-content\/uploads\/sites\/4\/2024\/05\/ariens-arrow-32-stand-on-zero-turn-front-view-34.webp\" \/>\n\t<meta property=\"og:image:width\" content=\"900\" \/>\n\t<meta property=\"og:image:height\" content=\"650\" \/>\n\t<meta property=\"og:image:type\" content=\"image\/webp\" \/>\n<meta name=\"twitter:card\" content=\"summary_large_image\" \/>\n<meta name=\"twitter:label1\" content=\"Dur\u00e9e de lecture estim\u00e9e\" \/>\n\t<meta name=\"twitter:data1\" content=\"2 minutes\" \/>\n<script type=\"application\/ld+json\" class=\"yoast-schema-graph\">{\"@context\":\"https:\/\/schema.org\",\"@graph\":[{\"@type\":\"WebPage\",\"@id\":\"https:\/\/www.ariens.eu\/fr\/produit\/tondeuses-a-rayon-de-braquage-zero\/serie-arrow\/arrow-32\/\",\"url\":\"https:\/\/www.ariens.eu\/fr\/produit\/tondeuses-a-rayon-de-braquage-zero\/serie-arrow\/arrow-32\/\",\"name\":\"ARROW 32 - Tondeuse \u00e0 rayon de braquage z\u00e9ro \u00e0 conducteur port\u00e9 debout | Ariens\",\"isPartOf\":{\"@id\":\"https:\/\/www.ariens.eu\/fr\/#website\"},\"primaryImageOfPage\":{\"@id\":\"https:\/\/www.ariens.eu\/fr\/produit\/tondeuses-a-rayon-de-braquage-zero\/serie-arrow\/arrow-32\/#primaryimage\"},\"image\":{\"@id\":\"https:\/\/www.ariens.eu\/fr\/produit\/tondeuses-a-rayon-de-braquage-zero\/serie-arrow\/arrow-32\/#primaryimage\"},\"thumbnailUrl\":\"https:\/\/www.ariens.eu\/fr\/wp-content\/uploads\/sites\/4\/2024\/05\/ariens-arrow-32-stand-on-zero-turn-front-view-34.webp\",\"datePublished\":\"2024-05-10T10:04:36+00:00\",\"dateModified\":\"2026-02-25T10:36:23+00:00\",\"description\":\"Avec son moteur Kawasaki FS600 et son plateau de 81 cm (32\\\"), l'ARROW 32 est le choix commercial pour la tonte de toutes les zones d'acc\u00e8s.\",\"breadcrumb\":{\"@id\":\"https:\/\/www.ariens.eu\/fr\/produit\/tondeuses-a-rayon-de-braquage-zero\/serie-arrow\/arrow-32\/#breadcrumb\"},\"inLanguage\":\"fr-FR\",\"potentialAction\":[{\"@type\":\"ReadAction\",\"target\":[\"https:\/\/www.ariens.eu\/fr\/produit\/tondeuses-a-rayon-de-braquage-zero\/serie-arrow\/arrow-32\/\"]}]},{\"@type\":\"ImageObject\",\"inLanguage\":\"fr-FR\",\"@id\":\"https:\/\/www.ariens.eu\/fr\/produit\/tondeuses-a-rayon-de-braquage-zero\/serie-arrow\/arrow-32\/#primaryimage\",\"url\":\"https:\/\/www.ariens.eu\/fr\/wp-content\/uploads\/sites\/4\/2024\/05\/ariens-arrow-32-stand-on-zero-turn-front-view-34.webp\",\"contentUrl\":\"https:\/\/www.ariens.eu\/fr\/wp-content\/uploads\/sites\/4\/2024\/05\/ariens-arrow-32-stand-on-zero-turn-front-view-34.webp\",\"width\":900,\"height\":650},{\"@type\":\"BreadcrumbList\",\"@id\":\"https:\/\/www.ariens.eu\/fr\/produit\/tondeuses-a-rayon-de-braquage-zero\/serie-arrow\/arrow-32\/#breadcrumb\",\"itemListElement\":[{\"@type\":\"ListItem\",\"position\":1,\"name\":\"Home\",\"item\":\"https:\/\/www.ariens.eu\/fr\/\"},{\"@type\":\"ListItem\",\"position\":2,\"name\":\"Shop\",\"item\":\"https:\/\/www.ariens.eu\/fr\/shop\/\"},{\"@type\":\"ListItem\",\"position\":3,\"name\":\"ARROW 32\"}]},{\"@type\":\"WebSite\",\"@id\":\"https:\/\/www.ariens.eu\/fr\/#website\",\"url\":\"https:\/\/www.ariens.eu\/fr\/\",\"name\":\"Ariens | EMEAA\",\"description\":\"Powerful and reliable zero-turn mowers &amp; snow blowers for professional users and demanding private customers\",\"potentialAction\":[{\"@type\":\"SearchAction\",\"target\":{\"@type\":\"EntryPoint\",\"urlTemplate\":\"https:\/\/www.ariens.eu\/fr\/?s={search_term_string}\"},\"query-input\":\"required name=search_term_string\"}],\"inLanguage\":\"fr-FR\"}]}<\/script>\n<!-- \/ Yoast SEO plugin. -->","yoast_head_json":{"title":"ARROW 32 - Tondeuse \u00e0 rayon de braquage z\u00e9ro \u00e0 conducteur port\u00e9 debout | Ariens","description":"Avec son moteur Kawasaki FS600 et son plateau de 81 cm (32\"), l'ARROW 32 est le choix commercial pour la tonte de toutes les zones d'acc\u00e8s.","robots":{"index":"index","follow":"follow","max-snippet":"max-snippet:-1","max-image-preview":"max-image-preview:large","max-video-preview":"max-video-preview:-1"},"canonical":"https:\/\/www.ariens.eu\/fr\/produit\/tondeuses-a-rayon-de-braquage-zero\/serie-arrow\/arrow-32\/","og_locale":"fr_FR","og_type":"article","og_title":"ARROW 32 - Tondeuse \u00e0 rayon de braquage z\u00e9ro \u00e0 conducteur port\u00e9 debout | Ariens","og_description":"Avec son moteur Kawasaki FS600 et son plateau de 81 cm (32\"), l'ARROW 32 est le choix commercial pour la tonte de toutes les zones d'acc\u00e8s.","og_url":"https:\/\/www.ariens.eu\/fr\/produit\/tondeuses-a-rayon-de-braquage-zero\/serie-arrow\/arrow-32\/","og_site_name":"Ariens | EMEAA","article_modified_time":"2026-02-25T10:36:23+00:00","og_image":[{"width":900,"height":650,"url":"https:\/\/www.ariens.eu\/fr\/wp-content\/uploads\/sites\/4\/2024\/05\/ariens-arrow-32-stand-on-zero-turn-front-view-34.webp","type":"image\/webp"}],"twitter_card":"summary_large_image","twitter_misc":{"Dur\u00e9e de lecture estim\u00e9e":"2 minutes"},"schema":{"@context":"https:\/\/schema.org","@graph":[{"@type":"WebPage","@id":"https:\/\/www.ariens.eu\/fr\/produit\/tondeuses-a-rayon-de-braquage-zero\/serie-arrow\/arrow-32\/","url":"https:\/\/www.ariens.eu\/fr\/produit\/tondeuses-a-rayon-de-braquage-zero\/serie-arrow\/arrow-32\/","name":"ARROW 32 - Tondeuse \u00e0 rayon de braquage z\u00e9ro \u00e0 conducteur port\u00e9 debout | Ariens","isPartOf":{"@id":"https:\/\/www.ariens.eu\/fr\/#website"},"primaryImageOfPage":{"@id":"https:\/\/www.ariens.eu\/fr\/produit\/tondeuses-a-rayon-de-braquage-zero\/serie-arrow\/arrow-32\/#primaryimage"},"image":{"@id":"https:\/\/www.ariens.eu\/fr\/produit\/tondeuses-a-rayon-de-braquage-zero\/serie-arrow\/arrow-32\/#primaryimage"},"thumbnailUrl":"https:\/\/www.ariens.eu\/fr\/wp-content\/uploads\/sites\/4\/2024\/05\/ariens-arrow-32-stand-on-zero-turn-front-view-34.webp","datePublished":"2024-05-10T10:04:36+00:00","dateModified":"2026-02-25T10:36:23+00:00","description":"Avec son moteur Kawasaki FS600 et son plateau de 81 cm (32\"), l'ARROW 32 est le choix commercial pour la tonte de toutes les zones d'acc\u00e8s.","breadcrumb":{"@id":"https:\/\/www.ariens.eu\/fr\/produit\/tondeuses-a-rayon-de-braquage-zero\/serie-arrow\/arrow-32\/#breadcrumb"},"inLanguage":"fr-FR","potentialAction":[{"@type":"ReadAction","target":["https:\/\/www.ariens.eu\/fr\/produit\/tondeuses-a-rayon-de-braquage-zero\/serie-arrow\/arrow-32\/"]}]},{"@type":"ImageObject","inLanguage":"fr-FR","@id":"https:\/\/www.ariens.eu\/fr\/produit\/tondeuses-a-rayon-de-braquage-zero\/serie-arrow\/arrow-32\/#primaryimage","url":"https:\/\/www.ariens.eu\/fr\/wp-content\/uploads\/sites\/4\/2024\/05\/ariens-arrow-32-stand-on-zero-turn-front-view-34.webp","contentUrl":"https:\/\/www.ariens.eu\/fr\/wp-content\/uploads\/sites\/4\/2024\/05\/ariens-arrow-32-stand-on-zero-turn-front-view-34.webp","width":900,"height":650},{"@type":"BreadcrumbList","@id":"https:\/\/www.ariens.eu\/fr\/produit\/tondeuses-a-rayon-de-braquage-zero\/serie-arrow\/arrow-32\/#breadcrumb","itemListElement":[{"@type":"ListItem","position":1,"name":"Home","item":"https:\/\/www.ariens.eu\/fr\/"},{"@type":"ListItem","position":2,"name":"Shop","item":"https:\/\/www.ariens.eu\/fr\/shop\/"},{"@type":"ListItem","position":3,"name":"ARROW 32"}]},{"@type":"WebSite","@id":"https:\/\/www.ariens.eu\/fr\/#website","url":"https:\/\/www.ariens.eu\/fr\/","name":"Ariens | EMEAA","description":"Powerful and reliable zero-turn mowers &amp; snow blowers for professional users and demanding private customers","potentialAction":[{"@type":"SearchAction","target":{"@type":"EntryPoint","urlTemplate":"https:\/\/www.ariens.eu\/fr\/?s={search_term_string}"},"query-input":"required name=search_term_string"}],"inLanguage":"fr-FR"}]}},"_links":{"self":[{"href":"https:\/\/www.ariens.eu\/fr\/wp-json\/wp\/v2\/product\/2343"}],"collection":[{"href":"https:\/\/www.ariens.eu\/fr\/wp-json\/wp\/v2\/product"}],"about":[{"href":"https:\/\/www.ariens.eu\/fr\/wp-json\/wp\/v2\/types\/product"}],"replies":[{"embeddable":true,"href":"https:\/\/www.ariens.eu\/fr\/wp-json\/wp\/v2\/comments?post=2343"}],"wp:featuredmedia":[{"embeddable":true,"href":"https:\/\/www.ariens.eu\/fr\/wp-json\/wp\/v2\/media\/2708"}],"wp:attachment":[{"href":"https:\/\/www.ariens.eu\/fr\/wp-json\/wp\/v2\/media?parent=2343"}],"wp:term":[{"taxonomy":"product_cat","embeddable":true,"href":"https:\/\/www.ariens.eu\/fr\/wp-json\/wp\/v2\/product_cat?post=2343"},{"taxonomy":"product_tag","embeddable":true,"href":"https:\/\/www.ariens.eu\/fr\/wp-json\/wp\/v2\/product_tag?post=2343"}],"curies":[{"name":"wp","href":"https:\/\/api.w.org\/{rel}","templated":true}]}}