{"id":2345,"date":"2024-05-10T11:04:36","date_gmt":"2024-05-10T10:04:36","guid":{"rendered":"https:\/\/www.ariens.eu\/product\/arrow-e-48-2\/"},"modified":"2025-11-10T10:48:53","modified_gmt":"2025-11-10T10:48:53","slug":"arrow-e-48","status":"publish","type":"product","link":"https:\/\/www.ariens.eu\/fr\/produit\/zero-turn-mowers\/serie-arrow-e\/arrow-e-48","title":{"rendered":"ARROW E 48"},"content":{"rendered":"<div class=\"acfd-block acfd-block__twocolumns mb-asm-1 container-fluid px-0 bg-default\">\n<div class=\"acfd-twocolumns\">\n<div class=\"row\">\n<div class='col-lg-9 mb-4'>\n<div class=\"acfd-block acfd-block__headline container-fluid px-0 bg-default\">\n<div class=\"acfd-headline\" >\n<h2 class='h2 text-left'>Man\u0153uvrabilit\u00e9 maximale avec une position de travail douce en position debout &#8211; avec syst\u00e8me de batterie rechargeable Li-Ion<\/h2>\n<\/p><\/div>\n<\/div><\/div>\n<div class='col-lg'>                    <\/div>\n<\/p><\/div>\n<\/div>\n<\/div>\n<div class=\"acfd-block acfd-block__twocolumns mb-asm-2 container-fluid px-0 bg-default\">\n<div class=\"acfd-twocolumns\">\n<div class=\"row\">\n<div class='col-lg-9 mb-4'>\n<div class=\"acfd-block acfd-block__text container-fluid px-0 bg-default\">\n<div class=\"acfd-text\">\n<p>Les faucheuses \u00e0 conducteur port\u00e9 debout sont confortables et rapides, mais aussi particuli\u00e8rement compactes, agiles et peu encombrantes. Votre dos et vos muscles vous remercieront pour la position de travail verticale.<\/p>\n<p>L&#8217;ARROW E 48 est une tondeuse autoport\u00e9e enti\u00e8rement commerciale, aliment\u00e9e par batterie. Elle est \u00e9quip\u00e9e d&#8217;un carter de coupe \u00e0 \u00e9jection lat\u00e9rale de 122 cm (48&#8243;). Con\u00e7ue pour tondre dans des zones o\u00f9 le bruit et les \u00e9missions de carbone sont limit\u00e9s.<\/p>\n<ul>\n<li>Aliment\u00e9 par quatre batteries interchangeables FusionCore au lithium-ion 56V DC, 4kWh<\/li>\n<li>Technologie de broche en instance de brevet, con\u00e7ue pour absorber les chocs en limitant les dommages aux broches.<\/li>\n<li>Le syst\u00e8me de batterie QuickSwap permet de couper toute la journ\u00e9e (en fonction des conditions de coupe).<\/li>\n<li>Temps de charge de 5,3 \u00e0 12 heures (selon le chargeur)<\/li>\n<li>Plateau d&#8217;\u00e9jection lat\u00e9rale de 122 cm (48&#8243;) en acier robuste de 4,5 mm.<\/li>\n<li>Kit de broyage disponible en option<\/li>\n<li>Commandes intuitives<\/li>\n<li>Plate-forme de conduite repliable pour une polyvalence maximale<\/li>\n<li>Mode ECO &#8211; augmente la dur\u00e9e de vie de la batterie<\/li>\n<li>L&#8217;interface LED affiche les informations importantes<\/li>\n<li>R\u00e9glage du plateau de coupe assist\u00e9 par le pied<\/li>\n<li>Garantie de 5 ans ou 1500 heures\/ garantie de 3 ans sur la batterie<\/li>\n<\/ul>\n<p>*Les photos et illustrations sont une repr\u00e9sentation du produit, le produit r\u00e9el peut \u00eatre diff\u00e9rent.<\/p>\n<\/div>\n<\/div><\/div>\n<div class='col-lg'>                    <\/div>\n<\/p><\/div>\n<\/div>\n<\/div>\n<div class=\"acfd-block acfd-block__category mb-asm-3 container-fluid px-0 bg-default\">\n<div class=\"acfd-product-categories\">\n<h2 class=\"text-left mb-3\">\n        Eins\u00e4tze    <\/h2>\n<div class=\"product-categories_wrapper\">\n         <span\n                data-description=\"Vous tondez pendant de nombreuses heures, voire des jours ou des semaines d'affil\u00e9e ? Vous utilisez votre machine \u00e0 des fins commerciales et vous gagnez de l'argent avec ? Dans ce cas, vous avez besoin d'une machine particuli\u00e8rement fiable et confortable, dot\u00e9e de composants durables.\"                class=\"product-category-single\"> PRO                <sup><i class=\"fa fa-info-circle\" aria-hidden=\"true\"><\/i><\/sup>            <\/span>  <span\n                data-description=\"La technologie de pointe des batteries permet d\u00e9sormais d'obtenir les m\u00eames performances et la m\u00eame autonomie que les mod\u00e8les \u00e0 essence.\"                class=\"product-category-single\"> \u00c9lectrique                <sup><i class=\"fa fa-info-circle\" aria-hidden=\"true\"><\/i><\/sup>            <\/span>  <span\n                data-description=\"Si vous utilisez un kit de broyage adapt\u00e9 \u00e0 votre tondeuse, l'\u00e9jection lat\u00e9rale n'est plus n\u00e9cessaire. L'herbe coup\u00e9e est finement d\u00e9chiquet\u00e9e et r\u00e9partie uniform\u00e9ment \u00e0 l'arri\u00e8re de la pelouse. L'engrais \u00e9ventuellement appliqu\u00e9 reste en surface et les fines particules d'herbe disparaissent presque invisiblement dans la pelouse.\"                class=\"product-category-single\"> Kit mulching en option                <sup><i class=\"fa fa-info-circle\" aria-hidden=\"true\"><\/i><\/sup>            <\/span>  <span\n                data-description=\"Le fauchage en position debout est actuellement \u00e0 la mode. Les avantages sont la vue d'ensemble de l'ensemble du plateau de coupe et l'\u00e9norme maniabilit\u00e9 de ces machines compactes. Les utilisateurs souffrant de probl\u00e8mes de dos b\u00e9n\u00e9ficient d'une position de travail ergonomique. Le transport et le stockage quotidiens sont consid\u00e9rablement facilit\u00e9s. La mont\u00e9e et la descente se font en quelques secondes. Id\u00e9al \u00e9galement pour les passages \u00e9troits et les portails de jardin.\"                class=\"product-category-single\"> Stand-on (debout)                <sup><i class=\"fa fa-info-circle\" aria-hidden=\"true\"><\/i><\/sup>            <\/span>  <span\n                data-description=\"Avec les mod\u00e8les APEX et ZENITH, vous avez le choix entre des plateaux de coupe \u00e0 \u00e9jection lat\u00e9rale et \u00e0 \u00e9jection arri\u00e8re. Un carter de tondeuse \u00e0 \u00e9jection lat\u00e9rale \u00e9jecte l'herbe coup\u00e9e par une ouverture lat\u00e9rale et un d\u00e9flecteur. Le puissant flux d'air les r\u00e9partit ensuite sur une grande surface. Un kit de mulching peut \u00eatre install\u00e9 en option sur les plateaux de coupe \u00e0 \u00e9jection lat\u00e9rale. Lorsqu'un kit mulching est utilis\u00e9, l'herbe est finement d\u00e9chiquet\u00e9e et \u00e9ject\u00e9e vers l'arri\u00e8re. L'\u00e9jection lat\u00e9rale et le d\u00e9flecteur sont alors ferm\u00e9s ou retir\u00e9s.\"                class=\"product-category-single\"> D\u00e9charge lat\u00e9rale                <sup><i class=\"fa fa-info-circle\" aria-hidden=\"true\"><\/i><\/sup>            <\/span>  <span\n                data-description=\"Toutes les tondeuses Ariens conviennent aux pelouses plates. Choisissez votre largeur de coupe en fonction de la taille de votre terrain et des zones \u00e9troites limitantes.\"                class=\"product-category-single\"> Terrain plat                <sup><i class=\"fa fa-info-circle\" aria-hidden=\"true\"><\/i><\/sup>            <\/span>  <span\n                data-description=\"Il est pr\u00e9f\u00e9rable de choisir une machine avec des roues larges. Ne d\u00e9passez pas la limite de s\u00e9curit\u00e9 sp\u00e9cifi\u00e9e de 15\u00b0 d'inclinaison pour les tondeuses autoport\u00e9es et de 20\u00b0 pour les tondeuses autoport\u00e9es. Sur les terrains vallonn\u00e9s, choisissez des plateaux de coupe plus \u00e9troits pour une coupe plus uniforme. Le mod\u00e8le ZENITH est \u00e9quip\u00e9 de s\u00e9rie d'une protection anti-retournement. Il peut \u00eatre install\u00e9 ult\u00e9rieurement sur l'APEX.\"                class=\"product-category-single\"> Terrain vallonn\u00e9                <sup><i class=\"fa fa-info-circle\" aria-hidden=\"true\"><\/i><\/sup>            <\/span>  <span\n                data-description=\"Utilisez des largeurs de tonte de 107 cm et 122 cm pour les pelouses de taille moyenne \u00e0 grande.\"                class=\"product-category-single\"> Zones de taille moyenne                <sup><i class=\"fa fa-info-circle\" aria-hidden=\"true\"><\/i><\/sup>            <\/span>     <\/div>\n<\/div>\n<\/div>\n<div class=\"acfd-block acfd-block__twocolumns mb-asm-2 container-fluid container-fluid--force px-0 bg-default\">\n<div class=\"acfd-twocolumns\">\n<div class=\"row\">\n<div class='col-lg-12 mb-4'>\n<div class=\"acfd-product-advantages--wrapper\">\n<h2 class=\"h1 bigger text-color-black text-center mb-5\">\n        Features &#038; Benefits    <\/h2>\n<div class=\"acfd-product-advantages\">\n<div class=\"row\">\n<div class=\"col-md-6 mb-4 content\">\n                    <span class=\"d-block h5 text-color-brand mb-1\">Capacit\u00e9 de la batterie<\/span><\/p>\n<p>4 packs de batteries 56V individuels de 4 kWh chacun = 16 kWh de capacit\u00e9 totale. Cellules Panasonic Li-NMC de premi\u00e8re qualit\u00e9.<\/p>\n<\/p><\/div>\n<div class=\"col-md-6 mb4 image\"  style=\"background-image:url(https:\/\/www.ariens.eu\/fr\/wp-content\/uploads\/sites\/4\/2024\/05\/ariens-arrow-e-battery-stand-on-fusioncore-batteries-1.webp)\">\n                <\/div>\n<\/p><\/div>\n<div class=\"row\">\n<div class=\"col-md-6 mb-4 content\">\n                    <span class=\"d-block h5 text-color-brand mb-1\">Quickswap battery system<\/span><\/p>\n<p>The swappable battery system gives you the capability to mow all day*. When batteries run out, just swap them in seconds and continue working. The Ariens FusionCore battery system is currently the only commercial system on the market with swappable batteries. It allows unrivalled flexibility and compatibility between the ZENITH E and ARROW E.<\/p>\n<p>* Depending upon operational hours, operator usage and cutting conditions<\/p>\n<\/p><\/div>\n<div class=\"col-md-6 mb4 image\"  style=\"background-image:url(https:\/\/www.ariens.eu\/fr\/wp-content\/uploads\/sites\/4\/2024\/05\/ariens-arrow-e-battery-stand-on-quickswap-battery-system.webp)\">\n                <\/div>\n<\/p><\/div>\n<div class=\"row\">\n<div class=\"col-md-6 mb-4 content\">\n                    <span class=\"d-block h5 text-color-brand mb-1\">Moteurs d\u00b4entrainement sans balais avec accouplement \u00e0 friction<\/span><\/p>\n<p>Les moteurs brushless haute performance des lames sont \u00e9quip\u00e9s d\u2019un accouplement \u00e0 friction. En cas de collision avec un corps \u00e9tranger, il permet \u00e0 la lame de \u00ab\u00a0glisser\u00a0\u00bb et prot\u00e8ge ainsi le moteur de tout dommage. En cas de probl\u00e8me, les arbres des couteaux et les paliers inf\u00e9rieurs sont rempla\u00e7ables.<\/p>\n<\/p><\/div>\n<div class=\"col-md-6 mb4 image\"  style=\"background-image:url(https:\/\/www.ariens.eu\/fr\/wp-content\/uploads\/sites\/4\/2024\/05\/ariens-arrow-e-battery-stand-on-spindle-motor-1.webp)\">\n                <\/div>\n<\/p><\/div>\n<div class=\"row\">\n<div class=\"col-md-6 mb-4 content\">\n                    <span class=\"d-block h5 text-color-brand mb-1\">R\u00e9glage du plateau de coupe assist\u00e9 par le pied<\/span><\/p>\n<p>La qualit\u00e9 a son poids. Le plateau de coupe massif de l\u2019ARROW E est en t\u00f4le d\u2019acier soud\u00e9e de 4,5 mm d\u2019\u00e9paisseur. Le r\u00e9glage en hauteur du plateau s\u2019effectue facilement gr\u00e2ce \u00e0 un syst\u00e8me combin\u00e9 de p\u00e9dale et de levier manuel.<\/p>\n<\/p><\/div>\n<div class=\"col-md-6 mb4 image\"  style=\"background-image:url(https:\/\/www.ariens.eu\/fr\/wp-content\/uploads\/sites\/4\/2024\/05\/ariens-arrow-e-battery-stand-on-dual-deck-lift-system.webp)\">\n                <\/div>\n<\/p><\/div>\n<div class=\"row\">\n<div class=\"col-md-6 mb-4 content\">\n                    <span class=\"d-block h5 text-color-brand mb-1\">\u00c9cran led \/ interface<\/span><\/p>\n<p>L\u2019\u00e9cran LED couleur vous tient constamment inform\u00e9. <\/p>\n<p>\u2022 \u00c9tat de charge de toutes les batteries<br \/>\n\u2022 Modes de fonctionnement<br \/>\n\u2022 Compteur d\u2019heures de fonctionnement<br \/>\n\u2022 Diagnostic du syst\u00e8me<br \/>\n\u2022 Messages de dysfonctionnement<\/p>\n<p>Aucun appareil externe n\u2019est n\u00e9cessaire pour le diagnostic.<\/p>\n<\/p><\/div>\n<div class=\"col-md-6 mb4 image\"  style=\"background-image:url(https:\/\/www.ariens.eu\/fr\/wp-content\/uploads\/sites\/4\/2024\/05\/ariens-arrow-e-battery-stand-on-display-1.webp)\">\n                <\/div>\n<\/p><\/div>\n<div class=\"row\">\n<div class=\"col-md-6 mb-4 content\">\n                    <span class=\"d-block h5 text-color-brand mb-1\">Mode eco \u2013 ne gaspillez pas d\u2019\u00e9nergie<\/span><\/p>\n<p>L\u2019ARROW E dispose d\u2019une touche Mode-ECO. En cas de faible volume de coupe ou de vitesse de d\u00e9placement lente, la vitesse maximale des lames n\u2019est pas n\u00e9cessaire. Dans ce cas, utilisez le mode ECO pour r\u00e9duire la vitesse de rotation des lames.<\/p>\n<\/p><\/div>\n<div class=\"col-md-6 mb4 image\"  style=\"background-image:url(https:\/\/www.ariens.eu\/fr\/wp-content\/uploads\/sites\/4\/2024\/05\/ariens-arrow-e-battery-stand-on-eco-mode-button-1.webp)\">\n                <\/div>\n<\/p><\/div>\n<div class=\"row\">\n<div class=\"col-md-6 mb-4 content\">\n                    <span class=\"d-block h5 text-color-brand mb-1\">Plate-forme de conduite rabattable<\/span><\/p>\n<p>La plate-forme de conduite suspendue peut \u00eatre rabattue vers le haut pour le transport. Elle peut \u00e9galement \u00eatre utilis\u00e9e pour travailler sous des branches basses ou sur des pentes jusqu\u2019\u00e0 20\u00b0. En un tour de main, l\u2019ARROW E se transforme ainsi en une tondeuse \u00ab\u00a0walk-behind\u00a0\u00bb \u00e0 conducteur marchant. D\u2019ailleurs, aucun syst\u00e8me de suspension au monde n\u2019est aussi performant que les jambes humaines. C\u2019est un grand avantage des faucheuses Stand-On pour la sant\u00e9 de l\u2019utilisateur.<\/p>\n<\/p><\/div>\n<div class=\"col-md-6 mb4 image\"  style=\"background-image:url(https:\/\/www.ariens.eu\/fr\/wp-content\/uploads\/sites\/4\/2024\/05\/ariens-arrow-e-battery-stand-on-flip-up-suspension-platform.webp)\">\n                <\/div>\n<\/p><\/div>\n<div class=\"row\">\n<div class=\"col-md-6 mb-4 content\">\n                    <span class=\"d-block h5 text-color-brand mb-1\">Utilisation intuitive<\/span><\/p>\n<p>Avec seulement deux leviers de commande, vous contr\u00f4lez les deux entra\u00eenements de roues qui fonctionnent ind\u00e9pendamment l\u2019un de l\u2019autre. La pr\u00e9cision et la l\u00e9g\u00e8ret\u00e9 de cette direction vous enthousiasmeront. Chaque utilisateur deviendra en un rien de temps un v\u00e9ritable PRO du z\u00e9ro-tour. Essayez-le une fois.<\/p>\n<\/p><\/div>\n<div class=\"col-md-6 mb4 image\"  style=\"background-image:url(https:\/\/www.ariens.eu\/fr\/wp-content\/uploads\/sites\/4\/2024\/05\/intuitive-control.webp)\">\n                <\/div>\n<\/p><\/div>\n<\/p><\/div>\n<\/div><\/div>\n<div class='col-lg'>                    <\/div>\n<\/p><\/div>\n<\/div>\n<\/div>\n","protected":false},"excerpt":{"rendered":"<p>Man\u0153uvrabilit\u00e9 maximale avec une position de travail douce en position debout &#8211; avec syst\u00e8me de batterie rechargeable Li-Ion Les faucheuses \u00e0 conducteur port\u00e9 debout sont confortables et rapides, mais aussi particuli\u00e8rement compactes, agiles et peu encombrantes. Votre dos et vos muscles vous remercieront pour la position de travail verticale. L&#8217;ARROW E 48 est une tondeuse [&hellip;]<\/p>\n","protected":false},"featured_media":2713,"comment_status":"open","ping_status":"closed","template":"","meta":{"_acf_changed":false,"_relevanssi_hide_post":"","_relevanssi_hide_content":"","_relevanssi_pin_for_all":"","_relevanssi_pin_keywords":"","_relevanssi_unpin_keywords":"","_relevanssi_related_keywords":"","_relevanssi_related_include_ids":"","_relevanssi_related_exclude_ids":"","_relevanssi_related_no_append":"","_relevanssi_related_not_related":"","_relevanssi_related_posts":"","_relevanssi_noindex_reason":""},"product_brand":[],"product_cat":[15],"product_tag":[],"class_list":{"0":"post-2345","1":"product","2":"type-product","3":"status-publish","4":"has-post-thumbnail","6":"product_variant-serie-arrow-e","7":"product_usage_areas-installations-de-loisirs","8":"product_usage_areas-municipalites-chantiers","9":"product_usage_areas-prestataires-de-services","10":"product_usage_areas-services-de-conciergerie","12":"first","13":"instock","14":"shipping-taxable","15":"product-type-simple"},"acf":[],"yoast_head":"<!-- This site is optimized with the Yoast SEO plugin v27.3 - https:\/\/yoast.com\/product\/yoast-seo-wordpress\/ -->\n<title>ARROW E 48 - Tondeuse \u00e0 rayon de braquage z\u00e9ro sur socle aliment\u00e9e par batterie | Ariens<\/title>\n<meta name=\"description\" content=\"La performance de la batterie tout au long de la journ\u00e9e d&#039;une tondeuse autoport\u00e9e Ariens enti\u00e8rement commerciale. L&#039;ARROW E 48 est la r\u00e9f\u00e9rence en mati\u00e8re de tondeuses \u00e9lectriques \u00e0 conducteur port\u00e9.\" \/>\n<meta name=\"robots\" content=\"index, follow, max-snippet:-1, max-image-preview:large, max-video-preview:-1\" \/>\n<link rel=\"canonical\" href=\"https:\/\/www.ariens.eu\/fr\/produit\/tondeuses-a-rayon-de-braquage-zero\/serie-arrow-e\/arrow-e-48\/\" \/>\n<meta property=\"og:locale\" content=\"fr_FR\" \/>\n<meta property=\"og:type\" content=\"article\" \/>\n<meta property=\"og:title\" content=\"ARROW E 48 - Tondeuse \u00e0 rayon de braquage z\u00e9ro sur socle aliment\u00e9e par batterie | Ariens\" \/>\n<meta property=\"og:description\" content=\"La performance de la batterie tout au long de la journ\u00e9e d&#039;une tondeuse autoport\u00e9e Ariens enti\u00e8rement commerciale. L&#039;ARROW E 48 est la r\u00e9f\u00e9rence en mati\u00e8re de tondeuses \u00e9lectriques \u00e0 conducteur port\u00e9.\" \/>\n<meta property=\"og:url\" content=\"https:\/\/www.ariens.eu\/fr\/produit\/tondeuses-a-rayon-de-braquage-zero\/serie-arrow-e\/arrow-e-48\/\" \/>\n<meta property=\"og:site_name\" content=\"Ariens | EMEAA\" \/>\n<meta property=\"article:modified_time\" content=\"2025-11-10T10:48:53+00:00\" \/>\n<meta property=\"og:image\" content=\"https:\/\/www.ariens.eu\/fr\/wp-content\/uploads\/sites\/4\/2024\/05\/ariens-arrowe-48-side-discharge-battery-stand-on-zero-turn-front-left-768x555-2.webp\" \/>\n\t<meta property=\"og:image:width\" content=\"768\" \/>\n\t<meta property=\"og:image:height\" content=\"555\" \/>\n\t<meta property=\"og:image:type\" content=\"image\/webp\" \/>\n<meta name=\"twitter:card\" content=\"summary_large_image\" \/>\n<meta name=\"twitter:label1\" content=\"Dur\u00e9e de lecture estim\u00e9e\" \/>\n\t<meta name=\"twitter:data1\" content=\"4 minutes\" \/>\n<script type=\"application\/ld+json\" class=\"yoast-schema-graph\">{\"@context\":\"https:\\\/\\\/schema.org\",\"@graph\":[{\"@type\":\"WebPage\",\"@id\":\"https:\\\/\\\/www.ariens.eu\\\/fr\\\/produit\\\/tondeuses-a-rayon-de-braquage-zero\\\/serie-arrow-e\\\/arrow-e-48\\\/\",\"url\":\"https:\\\/\\\/www.ariens.eu\\\/fr\\\/produit\\\/tondeuses-a-rayon-de-braquage-zero\\\/serie-arrow-e\\\/arrow-e-48\\\/\",\"name\":\"ARROW E 48 - Tondeuse \u00e0 rayon de braquage z\u00e9ro sur socle aliment\u00e9e par batterie | Ariens\",\"isPartOf\":{\"@id\":\"https:\\\/\\\/www.ariens.eu\\\/fr\\\/#website\"},\"primaryImageOfPage\":{\"@id\":\"https:\\\/\\\/www.ariens.eu\\\/fr\\\/produit\\\/tondeuses-a-rayon-de-braquage-zero\\\/serie-arrow-e\\\/arrow-e-48\\\/#primaryimage\"},\"image\":{\"@id\":\"https:\\\/\\\/www.ariens.eu\\\/fr\\\/produit\\\/tondeuses-a-rayon-de-braquage-zero\\\/serie-arrow-e\\\/arrow-e-48\\\/#primaryimage\"},\"thumbnailUrl\":\"https:\\\/\\\/www.ariens.eu\\\/fr\\\/wp-content\\\/uploads\\\/sites\\\/4\\\/2024\\\/05\\\/ariens-arrowe-48-side-discharge-battery-stand-on-zero-turn-front-left-768x555-2.webp\",\"datePublished\":\"2024-05-10T10:04:36+00:00\",\"dateModified\":\"2025-11-10T10:48:53+00:00\",\"description\":\"La performance de la batterie tout au long de la journ\u00e9e d'une tondeuse autoport\u00e9e Ariens enti\u00e8rement commerciale. L'ARROW E 48 est la r\u00e9f\u00e9rence en mati\u00e8re de tondeuses \u00e9lectriques \u00e0 conducteur port\u00e9.\",\"breadcrumb\":{\"@id\":\"https:\\\/\\\/www.ariens.eu\\\/fr\\\/produit\\\/tondeuses-a-rayon-de-braquage-zero\\\/serie-arrow-e\\\/arrow-e-48\\\/#breadcrumb\"},\"inLanguage\":\"fr-FR\",\"potentialAction\":[{\"@type\":\"ReadAction\",\"target\":[\"https:\\\/\\\/www.ariens.eu\\\/fr\\\/produit\\\/tondeuses-a-rayon-de-braquage-zero\\\/serie-arrow-e\\\/arrow-e-48\\\/\"]}]},{\"@type\":\"ImageObject\",\"inLanguage\":\"fr-FR\",\"@id\":\"https:\\\/\\\/www.ariens.eu\\\/fr\\\/produit\\\/tondeuses-a-rayon-de-braquage-zero\\\/serie-arrow-e\\\/arrow-e-48\\\/#primaryimage\",\"url\":\"https:\\\/\\\/www.ariens.eu\\\/fr\\\/wp-content\\\/uploads\\\/sites\\\/4\\\/2024\\\/05\\\/ariens-arrowe-48-side-discharge-battery-stand-on-zero-turn-front-left-768x555-2.webp\",\"contentUrl\":\"https:\\\/\\\/www.ariens.eu\\\/fr\\\/wp-content\\\/uploads\\\/sites\\\/4\\\/2024\\\/05\\\/ariens-arrowe-48-side-discharge-battery-stand-on-zero-turn-front-left-768x555-2.webp\",\"width\":768,\"height\":555},{\"@type\":\"BreadcrumbList\",\"@id\":\"https:\\\/\\\/www.ariens.eu\\\/fr\\\/produit\\\/tondeuses-a-rayon-de-braquage-zero\\\/serie-arrow-e\\\/arrow-e-48\\\/#breadcrumb\",\"itemListElement\":[{\"@type\":\"ListItem\",\"position\":1,\"name\":\"Home\",\"item\":\"https:\\\/\\\/www.ariens.eu\\\/fr\\\/\"},{\"@type\":\"ListItem\",\"position\":2,\"name\":\"Shop\",\"item\":\"https:\\\/\\\/www.ariens.eu\\\/fr\\\/shop\\\/\"},{\"@type\":\"ListItem\",\"position\":3,\"name\":\"ARROW E 48\"}]},{\"@type\":\"WebSite\",\"@id\":\"https:\\\/\\\/www.ariens.eu\\\/fr\\\/#website\",\"url\":\"https:\\\/\\\/www.ariens.eu\\\/fr\\\/\",\"name\":\"Ariens | EMEAA\",\"description\":\"Powerful and reliable zero-turn mowers &amp; snow blowers for professional users and demanding private customers\",\"potentialAction\":[{\"@type\":\"SearchAction\",\"target\":{\"@type\":\"EntryPoint\",\"urlTemplate\":\"https:\\\/\\\/www.ariens.eu\\\/fr\\\/?s={search_term_string}\"},\"query-input\":{\"@type\":\"PropertyValueSpecification\",\"valueRequired\":true,\"valueName\":\"search_term_string\"}}],\"inLanguage\":\"fr-FR\"}]}<\/script>\n<!-- \/ Yoast SEO plugin. -->","yoast_head_json":{"title":"ARROW E 48 - Tondeuse \u00e0 rayon de braquage z\u00e9ro sur socle aliment\u00e9e par batterie | Ariens","description":"La performance de la batterie tout au long de la journ\u00e9e d'une tondeuse autoport\u00e9e Ariens enti\u00e8rement commerciale. L'ARROW E 48 est la r\u00e9f\u00e9rence en mati\u00e8re de tondeuses \u00e9lectriques \u00e0 conducteur port\u00e9.","robots":{"index":"index","follow":"follow","max-snippet":"max-snippet:-1","max-image-preview":"max-image-preview:large","max-video-preview":"max-video-preview:-1"},"canonical":"https:\/\/www.ariens.eu\/fr\/produit\/tondeuses-a-rayon-de-braquage-zero\/serie-arrow-e\/arrow-e-48\/","og_locale":"fr_FR","og_type":"article","og_title":"ARROW E 48 - Tondeuse \u00e0 rayon de braquage z\u00e9ro sur socle aliment\u00e9e par batterie | Ariens","og_description":"La performance de la batterie tout au long de la journ\u00e9e d'une tondeuse autoport\u00e9e Ariens enti\u00e8rement commerciale. L'ARROW E 48 est la r\u00e9f\u00e9rence en mati\u00e8re de tondeuses \u00e9lectriques \u00e0 conducteur port\u00e9.","og_url":"https:\/\/www.ariens.eu\/fr\/produit\/tondeuses-a-rayon-de-braquage-zero\/serie-arrow-e\/arrow-e-48\/","og_site_name":"Ariens | EMEAA","article_modified_time":"2025-11-10T10:48:53+00:00","og_image":[{"width":768,"height":555,"url":"https:\/\/www.ariens.eu\/fr\/wp-content\/uploads\/sites\/4\/2024\/05\/ariens-arrowe-48-side-discharge-battery-stand-on-zero-turn-front-left-768x555-2.webp","type":"image\/webp"}],"twitter_card":"summary_large_image","twitter_misc":{"Dur\u00e9e de lecture estim\u00e9e":"4 minutes"},"schema":{"@context":"https:\/\/schema.org","@graph":[{"@type":"WebPage","@id":"https:\/\/www.ariens.eu\/fr\/produit\/tondeuses-a-rayon-de-braquage-zero\/serie-arrow-e\/arrow-e-48\/","url":"https:\/\/www.ariens.eu\/fr\/produit\/tondeuses-a-rayon-de-braquage-zero\/serie-arrow-e\/arrow-e-48\/","name":"ARROW E 48 - Tondeuse \u00e0 rayon de braquage z\u00e9ro sur socle aliment\u00e9e par batterie | Ariens","isPartOf":{"@id":"https:\/\/www.ariens.eu\/fr\/#website"},"primaryImageOfPage":{"@id":"https:\/\/www.ariens.eu\/fr\/produit\/tondeuses-a-rayon-de-braquage-zero\/serie-arrow-e\/arrow-e-48\/#primaryimage"},"image":{"@id":"https:\/\/www.ariens.eu\/fr\/produit\/tondeuses-a-rayon-de-braquage-zero\/serie-arrow-e\/arrow-e-48\/#primaryimage"},"thumbnailUrl":"https:\/\/www.ariens.eu\/fr\/wp-content\/uploads\/sites\/4\/2024\/05\/ariens-arrowe-48-side-discharge-battery-stand-on-zero-turn-front-left-768x555-2.webp","datePublished":"2024-05-10T10:04:36+00:00","dateModified":"2025-11-10T10:48:53+00:00","description":"La performance de la batterie tout au long de la journ\u00e9e d'une tondeuse autoport\u00e9e Ariens enti\u00e8rement commerciale. L'ARROW E 48 est la r\u00e9f\u00e9rence en mati\u00e8re de tondeuses \u00e9lectriques \u00e0 conducteur port\u00e9.","breadcrumb":{"@id":"https:\/\/www.ariens.eu\/fr\/produit\/tondeuses-a-rayon-de-braquage-zero\/serie-arrow-e\/arrow-e-48\/#breadcrumb"},"inLanguage":"fr-FR","potentialAction":[{"@type":"ReadAction","target":["https:\/\/www.ariens.eu\/fr\/produit\/tondeuses-a-rayon-de-braquage-zero\/serie-arrow-e\/arrow-e-48\/"]}]},{"@type":"ImageObject","inLanguage":"fr-FR","@id":"https:\/\/www.ariens.eu\/fr\/produit\/tondeuses-a-rayon-de-braquage-zero\/serie-arrow-e\/arrow-e-48\/#primaryimage","url":"https:\/\/www.ariens.eu\/fr\/wp-content\/uploads\/sites\/4\/2024\/05\/ariens-arrowe-48-side-discharge-battery-stand-on-zero-turn-front-left-768x555-2.webp","contentUrl":"https:\/\/www.ariens.eu\/fr\/wp-content\/uploads\/sites\/4\/2024\/05\/ariens-arrowe-48-side-discharge-battery-stand-on-zero-turn-front-left-768x555-2.webp","width":768,"height":555},{"@type":"BreadcrumbList","@id":"https:\/\/www.ariens.eu\/fr\/produit\/tondeuses-a-rayon-de-braquage-zero\/serie-arrow-e\/arrow-e-48\/#breadcrumb","itemListElement":[{"@type":"ListItem","position":1,"name":"Home","item":"https:\/\/www.ariens.eu\/fr\/"},{"@type":"ListItem","position":2,"name":"Shop","item":"https:\/\/www.ariens.eu\/fr\/shop\/"},{"@type":"ListItem","position":3,"name":"ARROW E 48"}]},{"@type":"WebSite","@id":"https:\/\/www.ariens.eu\/fr\/#website","url":"https:\/\/www.ariens.eu\/fr\/","name":"Ariens | EMEAA","description":"Powerful and reliable zero-turn mowers &amp; snow blowers for professional users and demanding private customers","potentialAction":[{"@type":"SearchAction","target":{"@type":"EntryPoint","urlTemplate":"https:\/\/www.ariens.eu\/fr\/?s={search_term_string}"},"query-input":{"@type":"PropertyValueSpecification","valueRequired":true,"valueName":"search_term_string"}}],"inLanguage":"fr-FR"}]}},"_links":{"self":[{"href":"https:\/\/www.ariens.eu\/fr\/wp-json\/wp\/v2\/product\/2345","targetHints":{"allow":["GET"]}}],"collection":[{"href":"https:\/\/www.ariens.eu\/fr\/wp-json\/wp\/v2\/product"}],"about":[{"href":"https:\/\/www.ariens.eu\/fr\/wp-json\/wp\/v2\/types\/product"}],"replies":[{"embeddable":true,"href":"https:\/\/www.ariens.eu\/fr\/wp-json\/wp\/v2\/comments?post=2345"}],"wp:featuredmedia":[{"embeddable":true,"href":"https:\/\/www.ariens.eu\/fr\/wp-json\/wp\/v2\/media\/2713"}],"wp:attachment":[{"href":"https:\/\/www.ariens.eu\/fr\/wp-json\/wp\/v2\/media?parent=2345"}],"wp:term":[{"taxonomy":"product_brand","embeddable":true,"href":"https:\/\/www.ariens.eu\/fr\/wp-json\/wp\/v2\/product_brand?post=2345"},{"taxonomy":"product_cat","embeddable":true,"href":"https:\/\/www.ariens.eu\/fr\/wp-json\/wp\/v2\/product_cat?post=2345"},{"taxonomy":"product_tag","embeddable":true,"href":"https:\/\/www.ariens.eu\/fr\/wp-json\/wp\/v2\/product_tag?post=2345"}],"curies":[{"name":"wp","href":"https:\/\/api.w.org\/{rel}","templated":true}]}}