{"id":2865,"date":"2024-05-27T16:39:57","date_gmt":"2024-05-27T15:39:57","guid":{"rendered":"https:\/\/www.ariens.eu\/?post_type=product&#038;p=2865"},"modified":"2024-12-12T10:36:31","modified_gmt":"2024-12-12T10:36:31","slug":"non-abrasive-skid-shoe","status":"publish","type":"product","link":"https:\/\/www.ariens.eu\/fr\/produit\/accessoires\/accessoires-pour-fraises-a-neige\/non-abrasive-skid-shoe","title":{"rendered":"Patins non-abrasif (kit)"},"content":{"rendered":"","protected":false},"excerpt":{"rendered":"<p>Le mat\u00e9riau durable en poly\u00e9thyl\u00e8ne r\u00e9siste \u00e0 l\u2019usure tout en offrant une protection contre les rayures et les marques sur les surfaces d\u00e9coratives entourant votre maison<\/p>\n","protected":false},"featured_media":2866,"comment_status":"open","ping_status":"closed","template":"","meta":{"_acf_changed":false,"_relevanssi_hide_post":"","_relevanssi_hide_content":"","_relevanssi_pin_for_all":"","_relevanssi_pin_keywords":"","_relevanssi_unpin_keywords":"","_relevanssi_related_keywords":"","_relevanssi_related_include_ids":"","_relevanssi_related_exclude_ids":"","_relevanssi_related_no_append":"","_relevanssi_related_not_related":"","_relevanssi_related_posts":"","_relevanssi_noindex_reason":""},"product_cat":[15],"product_tag":[],"acf":[],"yoast_head":"<!-- This site is optimized with the Yoast SEO plugin v23.0 - https:\/\/yoast.com\/wordpress\/plugins\/seo\/ -->\n<title>Patins non-abrasif (kit) - Ariens | EMEAA<\/title>\n<meta name=\"robots\" content=\"index, follow, max-snippet:-1, max-image-preview:large, max-video-preview:-1\" \/>\n<link rel=\"canonical\" href=\"https:\/\/www.ariens.eu\/fr\/produit\/accessoires\/accessoires-pour-fraises-a-neige\/non-abrasive-skid-shoe\/\" \/>\n<meta property=\"og:locale\" content=\"fr_FR\" \/>\n<meta property=\"og:type\" content=\"article\" \/>\n<meta property=\"og:title\" content=\"Patins non-abrasif (kit) - Ariens | EMEAA\" \/>\n<meta property=\"og:description\" content=\"Le mat\u00e9riau durable en poly\u00e9thyl\u00e8ne r\u00e9siste \u00e0 l\u2019usure tout en offrant une protection contre les rayures et les marques sur les surfaces d\u00e9coratives entourant votre maison\" \/>\n<meta property=\"og:url\" content=\"https:\/\/www.ariens.eu\/fr\/produit\/accessoires\/accessoires-pour-fraises-a-neige\/non-abrasive-skid-shoe\/\" \/>\n<meta property=\"og:site_name\" content=\"Ariens | EMEAA\" \/>\n<meta property=\"article:modified_time\" content=\"2024-12-12T10:36:31+00:00\" \/>\n<meta property=\"og:image\" content=\"https:\/\/www.ariens.eu\/fr\/wp-content\/uploads\/sites\/4\/2024\/05\/Ariens-snow-blower-accessories-skid-shoe-non-abrasive-1.webp\" \/>\n\t<meta property=\"og:image:width\" content=\"575\" \/>\n\t<meta property=\"og:image:height\" content=\"575\" \/>\n\t<meta property=\"og:image:type\" content=\"image\/webp\" \/>\n<meta name=\"twitter:card\" content=\"summary_large_image\" \/>\n<meta name=\"twitter:label1\" content=\"Dur\u00e9e de lecture estim\u00e9e\" \/>\n\t<meta name=\"twitter:data1\" content=\"1 minute\" \/>\n<script type=\"application\/ld+json\" class=\"yoast-schema-graph\">{\"@context\":\"https:\/\/schema.org\",\"@graph\":[{\"@type\":\"WebPage\",\"@id\":\"https:\/\/www.ariens.eu\/fr\/produit\/accessoires\/accessoires-pour-fraises-a-neige\/non-abrasive-skid-shoe\/\",\"url\":\"https:\/\/www.ariens.eu\/fr\/produit\/accessoires\/accessoires-pour-fraises-a-neige\/non-abrasive-skid-shoe\/\",\"name\":\"Patins non-abrasif (kit) - Ariens | EMEAA\",\"isPartOf\":{\"@id\":\"https:\/\/www.ariens.eu\/fr\/#website\"},\"primaryImageOfPage\":{\"@id\":\"https:\/\/www.ariens.eu\/fr\/produit\/accessoires\/accessoires-pour-fraises-a-neige\/non-abrasive-skid-shoe\/#primaryimage\"},\"image\":{\"@id\":\"https:\/\/www.ariens.eu\/fr\/produit\/accessoires\/accessoires-pour-fraises-a-neige\/non-abrasive-skid-shoe\/#primaryimage\"},\"thumbnailUrl\":\"https:\/\/www.ariens.eu\/fr\/wp-content\/uploads\/sites\/4\/2024\/05\/Ariens-snow-blower-accessories-skid-shoe-non-abrasive-1.webp\",\"datePublished\":\"2024-05-27T15:39:57+00:00\",\"dateModified\":\"2024-12-12T10:36:31+00:00\",\"breadcrumb\":{\"@id\":\"https:\/\/www.ariens.eu\/fr\/produit\/accessoires\/accessoires-pour-fraises-a-neige\/non-abrasive-skid-shoe\/#breadcrumb\"},\"inLanguage\":\"fr-FR\",\"potentialAction\":[{\"@type\":\"ReadAction\",\"target\":[\"https:\/\/www.ariens.eu\/fr\/produit\/accessoires\/accessoires-pour-fraises-a-neige\/non-abrasive-skid-shoe\/\"]}]},{\"@type\":\"ImageObject\",\"inLanguage\":\"fr-FR\",\"@id\":\"https:\/\/www.ariens.eu\/fr\/produit\/accessoires\/accessoires-pour-fraises-a-neige\/non-abrasive-skid-shoe\/#primaryimage\",\"url\":\"https:\/\/www.ariens.eu\/fr\/wp-content\/uploads\/sites\/4\/2024\/05\/Ariens-snow-blower-accessories-skid-shoe-non-abrasive-1.webp\",\"contentUrl\":\"https:\/\/www.ariens.eu\/fr\/wp-content\/uploads\/sites\/4\/2024\/05\/Ariens-snow-blower-accessories-skid-shoe-non-abrasive-1.webp\",\"width\":575,\"height\":575},{\"@type\":\"BreadcrumbList\",\"@id\":\"https:\/\/www.ariens.eu\/fr\/produit\/accessoires\/accessoires-pour-fraises-a-neige\/non-abrasive-skid-shoe\/#breadcrumb\",\"itemListElement\":[{\"@type\":\"ListItem\",\"position\":1,\"name\":\"Home\",\"item\":\"https:\/\/www.ariens.eu\/fr\/\"},{\"@type\":\"ListItem\",\"position\":2,\"name\":\"Shop\",\"item\":\"https:\/\/www.ariens.eu\/fr\/shop\/\"},{\"@type\":\"ListItem\",\"position\":3,\"name\":\"Patins non-abrasif (kit)\"}]},{\"@type\":\"WebSite\",\"@id\":\"https:\/\/www.ariens.eu\/fr\/#website\",\"url\":\"https:\/\/www.ariens.eu\/fr\/\",\"name\":\"Ariens | EMEAA\",\"description\":\"Powerful and reliable zero-turn mowers &amp; snow blowers for professional users and demanding private customers\",\"potentialAction\":[{\"@type\":\"SearchAction\",\"target\":{\"@type\":\"EntryPoint\",\"urlTemplate\":\"https:\/\/www.ariens.eu\/fr\/?s={search_term_string}\"},\"query-input\":\"required name=search_term_string\"}],\"inLanguage\":\"fr-FR\"}]}<\/script>\n<!-- \/ Yoast SEO plugin. -->","yoast_head_json":{"title":"Patins non-abrasif (kit) - Ariens | EMEAA","robots":{"index":"index","follow":"follow","max-snippet":"max-snippet:-1","max-image-preview":"max-image-preview:large","max-video-preview":"max-video-preview:-1"},"canonical":"https:\/\/www.ariens.eu\/fr\/produit\/accessoires\/accessoires-pour-fraises-a-neige\/non-abrasive-skid-shoe\/","og_locale":"fr_FR","og_type":"article","og_title":"Patins non-abrasif (kit) - Ariens | EMEAA","og_description":"Le mat\u00e9riau durable en poly\u00e9thyl\u00e8ne r\u00e9siste \u00e0 l\u2019usure tout en offrant une protection contre les rayures et les marques sur les surfaces d\u00e9coratives entourant votre maison","og_url":"https:\/\/www.ariens.eu\/fr\/produit\/accessoires\/accessoires-pour-fraises-a-neige\/non-abrasive-skid-shoe\/","og_site_name":"Ariens | EMEAA","article_modified_time":"2024-12-12T10:36:31+00:00","og_image":[{"width":575,"height":575,"url":"https:\/\/www.ariens.eu\/fr\/wp-content\/uploads\/sites\/4\/2024\/05\/Ariens-snow-blower-accessories-skid-shoe-non-abrasive-1.webp","type":"image\/webp"}],"twitter_card":"summary_large_image","twitter_misc":{"Dur\u00e9e de lecture estim\u00e9e":"1 minute"},"schema":{"@context":"https:\/\/schema.org","@graph":[{"@type":"WebPage","@id":"https:\/\/www.ariens.eu\/fr\/produit\/accessoires\/accessoires-pour-fraises-a-neige\/non-abrasive-skid-shoe\/","url":"https:\/\/www.ariens.eu\/fr\/produit\/accessoires\/accessoires-pour-fraises-a-neige\/non-abrasive-skid-shoe\/","name":"Patins non-abrasif (kit) - Ariens | EMEAA","isPartOf":{"@id":"https:\/\/www.ariens.eu\/fr\/#website"},"primaryImageOfPage":{"@id":"https:\/\/www.ariens.eu\/fr\/produit\/accessoires\/accessoires-pour-fraises-a-neige\/non-abrasive-skid-shoe\/#primaryimage"},"image":{"@id":"https:\/\/www.ariens.eu\/fr\/produit\/accessoires\/accessoires-pour-fraises-a-neige\/non-abrasive-skid-shoe\/#primaryimage"},"thumbnailUrl":"https:\/\/www.ariens.eu\/fr\/wp-content\/uploads\/sites\/4\/2024\/05\/Ariens-snow-blower-accessories-skid-shoe-non-abrasive-1.webp","datePublished":"2024-05-27T15:39:57+00:00","dateModified":"2024-12-12T10:36:31+00:00","breadcrumb":{"@id":"https:\/\/www.ariens.eu\/fr\/produit\/accessoires\/accessoires-pour-fraises-a-neige\/non-abrasive-skid-shoe\/#breadcrumb"},"inLanguage":"fr-FR","potentialAction":[{"@type":"ReadAction","target":["https:\/\/www.ariens.eu\/fr\/produit\/accessoires\/accessoires-pour-fraises-a-neige\/non-abrasive-skid-shoe\/"]}]},{"@type":"ImageObject","inLanguage":"fr-FR","@id":"https:\/\/www.ariens.eu\/fr\/produit\/accessoires\/accessoires-pour-fraises-a-neige\/non-abrasive-skid-shoe\/#primaryimage","url":"https:\/\/www.ariens.eu\/fr\/wp-content\/uploads\/sites\/4\/2024\/05\/Ariens-snow-blower-accessories-skid-shoe-non-abrasive-1.webp","contentUrl":"https:\/\/www.ariens.eu\/fr\/wp-content\/uploads\/sites\/4\/2024\/05\/Ariens-snow-blower-accessories-skid-shoe-non-abrasive-1.webp","width":575,"height":575},{"@type":"BreadcrumbList","@id":"https:\/\/www.ariens.eu\/fr\/produit\/accessoires\/accessoires-pour-fraises-a-neige\/non-abrasive-skid-shoe\/#breadcrumb","itemListElement":[{"@type":"ListItem","position":1,"name":"Home","item":"https:\/\/www.ariens.eu\/fr\/"},{"@type":"ListItem","position":2,"name":"Shop","item":"https:\/\/www.ariens.eu\/fr\/shop\/"},{"@type":"ListItem","position":3,"name":"Patins non-abrasif (kit)"}]},{"@type":"WebSite","@id":"https:\/\/www.ariens.eu\/fr\/#website","url":"https:\/\/www.ariens.eu\/fr\/","name":"Ariens | EMEAA","description":"Powerful and reliable zero-turn mowers &amp; snow blowers for professional users and demanding private customers","potentialAction":[{"@type":"SearchAction","target":{"@type":"EntryPoint","urlTemplate":"https:\/\/www.ariens.eu\/fr\/?s={search_term_string}"},"query-input":"required name=search_term_string"}],"inLanguage":"fr-FR"}]}},"_links":{"self":[{"href":"https:\/\/www.ariens.eu\/fr\/wp-json\/wp\/v2\/product\/2865"}],"collection":[{"href":"https:\/\/www.ariens.eu\/fr\/wp-json\/wp\/v2\/product"}],"about":[{"href":"https:\/\/www.ariens.eu\/fr\/wp-json\/wp\/v2\/types\/product"}],"replies":[{"embeddable":true,"href":"https:\/\/www.ariens.eu\/fr\/wp-json\/wp\/v2\/comments?post=2865"}],"wp:featuredmedia":[{"embeddable":true,"href":"https:\/\/www.ariens.eu\/fr\/wp-json\/wp\/v2\/media\/2866"}],"wp:attachment":[{"href":"https:\/\/www.ariens.eu\/fr\/wp-json\/wp\/v2\/media?parent=2865"}],"wp:term":[{"taxonomy":"product_cat","embeddable":true,"href":"https:\/\/www.ariens.eu\/fr\/wp-json\/wp\/v2\/product_cat?post=2865"},{"taxonomy":"product_tag","embeddable":true,"href":"https:\/\/www.ariens.eu\/fr\/wp-json\/wp\/v2\/product_tag?post=2865"}],"curies":[{"name":"wp","href":"https:\/\/api.w.org\/{rel}","templated":true}]}}