{"id":4604,"date":"2024-12-10T10:22:36","date_gmt":"2024-12-10T10:22:36","guid":{"rendered":"https:\/\/www.ariens.eu\/fr\/?post_type=product&#038;p=4604"},"modified":"2024-12-12T10:36:31","modified_gmt":"2024-12-12T10:36:31","slug":"road-homologation-lighting-kit","status":"publish","type":"product","link":"https:\/\/www.ariens.eu\/fr\/produit\/accessoires\/zero-turn-accessoires\/road-homologation-lighting-kit","title":{"rendered":"Road homologation lighting kit"},"content":{"rendered":"<div class=\"acfd-block acfd-block__headline container-fluid px-0 bg-default\">\n<div class=\"acfd-headline\" >\n<h2 class='h2 text-left'>Voir et \u00eatre vu en toute s\u00e9curit\u00e9 avec le nouveau kit d&rsquo;\u00e9clairage d&rsquo;homologation routi\u00e8re Ariens.<\/h2>\n<\/p><\/div>\n<\/div>\n<div class=\"acfd-block acfd-block__text container-fluid px-0 bg-default\">\n<div class=\"acfd-text\">\n<p>L&#8217;utilisation par les municipalit\u00e9s de tracteurs de pelouse et de v\u00e9hicules \u00e0 rayon de braquage z\u00e9ro n\u00e9cessite l&#8217;utilisation d&#8217;\u00e9quipements homologu\u00e9s pour la circulation routi\u00e8re lors du passage d&#8217;une zone de tonte \u00e0 l&#8217;autre et lors de l&#8217;utilisation de chemins et routes publics.<\/p>\n<\/div>\n<\/div>\n<div class=\"acfd-block acfd-block__headline mt-asm-3 container-fluid px-0 bg-default\">\n<div class=\"acfd-headline\" >\n<h2 class='h2 text-left'>Les principaux \u00e9l\u00e9ments du kit d&rsquo;\u00e9clairage pour l&rsquo;homologation routi\u00e8re d&rsquo;Ariens sont les suivants :<\/h2>\n<\/p><\/div>\n<\/div>\n<div class=\"acfd-block acfd-block__text container-fluid px-0 bg-default\">\n<div class=\"acfd-text\">\n<ul>\n<li>Unit\u00e9 de commande et de contr\u00f4le dans le champ de vision du conducteur, sur le levier de commande<\/li>\n<li>Syst\u00e8me d&#8217;\u00e9clairage complet \u00e0 l&#8217;avant et \u00e0 l&#8217;arri\u00e8re avec label ECE<\/li>\n<li>Clignotants avant et arri\u00e8re<\/li>\n<li>Support de plaque d&#8217;immatriculation<\/li>\n<li>\u00c9clairage de la plaque d&#8217;immatriculation<\/li>\n<li>Panneau de vitesse<\/li>\n<li>Feu d&#8217;avertissement<\/li>\n<li>R\u00e9flecteurs<\/li>\n<li>Klaxon<\/li>\n<\/ul>\n<\/div>\n<\/div>\n<div class=\"acfd-block acfd-block__twocolumns container-fluid px-0 bg-default\">\n<div class=\"acfd-twocolumns\">\n<div class=\"row\">\n<div class='col-lg-12 mb-4'>\n<div class=\"acfd-product-advantages--wrapper\">\n<h2 class=\"h1 bigger text-color-black text-center mb-5\">\n        Features &#038; Benefits    <\/h2>\n<div class=\"acfd-product-advantages\">\n<div class=\"row\">\n<div class=\"col-md-6 mb-4 content\">\n                    <span class=\"d-block h5 text-color-brand mb-1\">Disponibilit\u00e9<\/span><\/p>\n<p>Le kit d&rsquo;homologation routi\u00e8re n&rsquo;est disponible que pour les mod\u00e8les Ariens ZENITH et ZENITH E.<\/p>\n<\/p><\/div>\n<div class=\"col-md-6 mb4 image\"  style=\"background-image:url(https:\/\/www.ariens.eu\/fr\/wp-content\/uploads\/sites\/4\/2024\/12\/stvzo-lichtkit-models.png)\">\n                <\/div>\n<\/p><\/div>\n<div class=\"row\">\n<div class=\"col-md-6 mb-4 content\">\n                    <span class=\"d-block h5 text-color-brand mb-1\">Instalation \/ Retrofiting (Fran\u00e7ais)<\/span><\/p>\n<p>Le syst\u00e8me d&rsquo;\u00e9clairage pour l&rsquo;homologation routi\u00e8re est install\u00e9 par un revendeur sp\u00e9cialis\u00e9. Le temps d&rsquo;installation est d&rsquo;environ 5 heures. Le kit routier n&rsquo;est pas propos\u00e9 de s\u00e9rie.<\/p>\n<\/p><\/div>\n<div class=\"col-md-6 mb4 image\"  style=\"background-image:url(https:\/\/www.ariens.eu\/fr\/wp-content\/uploads\/sites\/4\/2024\/12\/stvzo-lichtkit-assembly.png)\">\n                <\/div>\n<\/p><\/div>\n<div class=\"row\">\n<div class=\"col-md-6 mb-4 content\">\n                    <span class=\"d-block h5 text-color-brand mb-1\">Autorisation en Allemagne :<\/span><\/p>\n<p>Un rapport officiel du T\u00dcV et le mod\u00e8le de certificat facilitent au concessionnaire la r\u00e9alisation du contr\u00f4le aupr\u00e8s du centre de contr\u00f4le T\u00dcV local.<\/p>\n<\/p><\/div>\n<div class=\"col-md-6 mb4 image\"  style=\"background-image:url(https:\/\/www.ariens.eu\/fr\/wp-content\/uploads\/sites\/4\/2024\/12\/stvzo-lichtkit-tuev-logo.png)\">\n                <\/div>\n<\/p><\/div>\n<div class=\"row\">\n<div class=\"col-md-6 mb-4 content\">\n                    <span class=\"d-block h5 text-color-brand mb-1\">Autorisation en Europe :<\/span><\/p>\n<p>En Europe, chaque pays \u00e9dicte ses propres r\u00e8gles et lois en mati\u00e8re de circulation routi\u00e8re. Le label ECE du kit d&rsquo;\u00e9clairage routier Ariens est accept\u00e9 dans tous les pays europ\u00e9ens.  La s\u00e9curit\u00e9 routi\u00e8re peut donc \u00e9galement \u00eatre garantie dans d&rsquo;autres pays par le biais d&rsquo;une homologation individuelle.<\/p>\n<\/p><\/div>\n<div class=\"col-md-6 mb4 image\"  style=\"background-image:url(https:\/\/www.ariens.eu\/fr\/wp-content\/uploads\/sites\/4\/2024\/12\/stvzo-lichtkit-ece-logo.png)\">\n                <\/div>\n<\/p><\/div>\n<\/p><\/div>\n<\/div><\/div>\n<div class='col-lg'>                    <\/div>\n<\/p><\/div>\n<\/div>\n<\/div>\n","protected":false},"excerpt":{"rendered":"<p>Voir et \u00eatre vu en toute s\u00e9curit\u00e9 avec le nouveau kit d&rsquo;\u00e9clairage d&rsquo;homologation routi\u00e8re Ariens. L&#8217;utilisation par les municipalit\u00e9s de tracteurs de pelouse et de v\u00e9hicules \u00e0 rayon de braquage z\u00e9ro n\u00e9cessite l&#8217;utilisation d&#8217;\u00e9quipements homologu\u00e9s pour la circulation routi\u00e8re lors du passage d&#8217;une zone de tonte \u00e0 l&#8217;autre et lors de l&#8217;utilisation de chemins et [&hellip;]<\/p>\n","protected":false},"featured_media":4610,"comment_status":"open","ping_status":"closed","template":"","meta":{"_acf_changed":false,"_relevanssi_hide_post":"","_relevanssi_hide_content":"","_relevanssi_pin_for_all":"","_relevanssi_pin_keywords":"","_relevanssi_unpin_keywords":"","_relevanssi_related_keywords":"","_relevanssi_related_include_ids":"","_relevanssi_related_exclude_ids":"","_relevanssi_related_no_append":"","_relevanssi_related_not_related":"","_relevanssi_related_posts":"","_relevanssi_noindex_reason":""},"product_brand":[],"product_cat":[15],"product_tag":[],"class_list":{"0":"post-4604","1":"product","2":"type-product","3":"status-publish","4":"has-post-thumbnail","6":"product_variant-accessoires","7":"product_variant-zero-turn-accessoires","8":"product_variant-zero-turn-e-accessoires","9":"product_usage_areas-municipalites-chantiers","10":"product_usage_areas-prestataires-de-services","12":"first","13":"instock","14":"shipping-taxable","15":"product-type-simple"},"acf":[],"yoast_head":"<!-- This site is optimized with the Yoast SEO plugin v27.3 - https:\/\/yoast.com\/product\/yoast-seo-wordpress\/ -->\n<title>Road homologation lighting kit - Ariens | EMEAA<\/title>\n<meta name=\"description\" content=\"Voir et \u00eatre vu en toute s\u00e9curit\u00e9 avec le nouveau kit d&#039;\u00e9clairage Ariens pour l&#039;homologation routi\u00e8re. L&#039;utilisation municipale des tracteurs de pelouse et des zeroturns exige l&#039;utilisation d&#039;un \u00e9quipement homologu\u00e9 pour la route lors du passage d&#039;une zone de tonte \u00e0 l&#039;autre et lors de l&#039;utilisation des chemins et routes publics.\" \/>\n<meta name=\"robots\" content=\"index, follow, max-snippet:-1, max-image-preview:large, max-video-preview:-1\" \/>\n<link rel=\"canonical\" href=\"https:\/\/www.ariens.eu\/fr\/produit\/accessoires\/zero-turn-accessoires\/road-homologation-lighting-kit\/\" \/>\n<meta property=\"og:locale\" content=\"fr_FR\" \/>\n<meta property=\"og:type\" content=\"article\" \/>\n<meta property=\"og:title\" content=\"Road homologation lighting kit - Ariens | EMEAA\" \/>\n<meta property=\"og:description\" content=\"Voir et \u00eatre vu en toute s\u00e9curit\u00e9 avec le nouveau kit d&#039;\u00e9clairage Ariens pour l&#039;homologation routi\u00e8re. L&#039;utilisation municipale des tracteurs de pelouse et des zeroturns exige l&#039;utilisation d&#039;un \u00e9quipement homologu\u00e9 pour la route lors du passage d&#039;une zone de tonte \u00e0 l&#039;autre et lors de l&#039;utilisation des chemins et routes publics.\" \/>\n<meta property=\"og:url\" content=\"https:\/\/www.ariens.eu\/fr\/produit\/accessoires\/zero-turn-accessoires\/road-homologation-lighting-kit\/\" \/>\n<meta property=\"og:site_name\" content=\"Ariens | EMEAA\" \/>\n<meta property=\"article:modified_time\" content=\"2024-12-12T10:36:31+00:00\" \/>\n<meta property=\"og:image\" content=\"https:\/\/www.ariens.eu\/fr\/wp-content\/uploads\/sites\/4\/2024\/12\/stvzo-lichtkit-attachement-1.png\" \/>\n\t<meta property=\"og:image:width\" content=\"4418\" \/>\n\t<meta property=\"og:image:height\" content=\"3196\" \/>\n\t<meta property=\"og:image:type\" content=\"image\/png\" \/>\n<meta name=\"twitter:card\" content=\"summary_large_image\" \/>\n<meta name=\"twitter:label1\" content=\"Dur\u00e9e de lecture estim\u00e9e\" \/>\n\t<meta name=\"twitter:data1\" content=\"1 minute\" \/>\n<script type=\"application\/ld+json\" class=\"yoast-schema-graph\">{\"@context\":\"https:\\\/\\\/schema.org\",\"@graph\":[{\"@type\":\"WebPage\",\"@id\":\"https:\\\/\\\/www.ariens.eu\\\/fr\\\/produit\\\/accessoires\\\/zero-turn-accessoires\\\/road-homologation-lighting-kit\\\/\",\"url\":\"https:\\\/\\\/www.ariens.eu\\\/fr\\\/produit\\\/accessoires\\\/zero-turn-accessoires\\\/road-homologation-lighting-kit\\\/\",\"name\":\"Road homologation lighting kit - Ariens | EMEAA\",\"isPartOf\":{\"@id\":\"https:\\\/\\\/www.ariens.eu\\\/fr\\\/#website\"},\"primaryImageOfPage\":{\"@id\":\"https:\\\/\\\/www.ariens.eu\\\/fr\\\/produit\\\/accessoires\\\/zero-turn-accessoires\\\/road-homologation-lighting-kit\\\/#primaryimage\"},\"image\":{\"@id\":\"https:\\\/\\\/www.ariens.eu\\\/fr\\\/produit\\\/accessoires\\\/zero-turn-accessoires\\\/road-homologation-lighting-kit\\\/#primaryimage\"},\"thumbnailUrl\":\"https:\\\/\\\/www.ariens.eu\\\/fr\\\/wp-content\\\/uploads\\\/sites\\\/4\\\/2024\\\/12\\\/stvzo-lichtkit-attachement-1.png\",\"datePublished\":\"2024-12-10T10:22:36+00:00\",\"dateModified\":\"2024-12-12T10:36:31+00:00\",\"description\":\"Voir et \u00eatre vu en toute s\u00e9curit\u00e9 avec le nouveau kit d'\u00e9clairage Ariens pour l'homologation routi\u00e8re. L'utilisation municipale des tracteurs de pelouse et des zeroturns exige l'utilisation d'un \u00e9quipement homologu\u00e9 pour la route lors du passage d'une zone de tonte \u00e0 l'autre et lors de l'utilisation des chemins et routes publics.\",\"breadcrumb\":{\"@id\":\"https:\\\/\\\/www.ariens.eu\\\/fr\\\/produit\\\/accessoires\\\/zero-turn-accessoires\\\/road-homologation-lighting-kit\\\/#breadcrumb\"},\"inLanguage\":\"fr-FR\",\"potentialAction\":[{\"@type\":\"ReadAction\",\"target\":[\"https:\\\/\\\/www.ariens.eu\\\/fr\\\/produit\\\/accessoires\\\/zero-turn-accessoires\\\/road-homologation-lighting-kit\\\/\"]}]},{\"@type\":\"ImageObject\",\"inLanguage\":\"fr-FR\",\"@id\":\"https:\\\/\\\/www.ariens.eu\\\/fr\\\/produit\\\/accessoires\\\/zero-turn-accessoires\\\/road-homologation-lighting-kit\\\/#primaryimage\",\"url\":\"https:\\\/\\\/www.ariens.eu\\\/fr\\\/wp-content\\\/uploads\\\/sites\\\/4\\\/2024\\\/12\\\/stvzo-lichtkit-attachement-1.png\",\"contentUrl\":\"https:\\\/\\\/www.ariens.eu\\\/fr\\\/wp-content\\\/uploads\\\/sites\\\/4\\\/2024\\\/12\\\/stvzo-lichtkit-attachement-1.png\",\"width\":4418,\"height\":3196},{\"@type\":\"BreadcrumbList\",\"@id\":\"https:\\\/\\\/www.ariens.eu\\\/fr\\\/produit\\\/accessoires\\\/zero-turn-accessoires\\\/road-homologation-lighting-kit\\\/#breadcrumb\",\"itemListElement\":[{\"@type\":\"ListItem\",\"position\":1,\"name\":\"Home\",\"item\":\"https:\\\/\\\/www.ariens.eu\\\/fr\\\/\"},{\"@type\":\"ListItem\",\"position\":2,\"name\":\"Shop\",\"item\":\"https:\\\/\\\/www.ariens.eu\\\/fr\\\/shop\\\/\"},{\"@type\":\"ListItem\",\"position\":3,\"name\":\"Road homologation lighting kit\"}]},{\"@type\":\"WebSite\",\"@id\":\"https:\\\/\\\/www.ariens.eu\\\/fr\\\/#website\",\"url\":\"https:\\\/\\\/www.ariens.eu\\\/fr\\\/\",\"name\":\"Ariens | EMEAA\",\"description\":\"Powerful and reliable zero-turn mowers &amp; snow blowers for professional users and demanding private customers\",\"potentialAction\":[{\"@type\":\"SearchAction\",\"target\":{\"@type\":\"EntryPoint\",\"urlTemplate\":\"https:\\\/\\\/www.ariens.eu\\\/fr\\\/?s={search_term_string}\"},\"query-input\":{\"@type\":\"PropertyValueSpecification\",\"valueRequired\":true,\"valueName\":\"search_term_string\"}}],\"inLanguage\":\"fr-FR\"}]}<\/script>\n<!-- \/ Yoast SEO plugin. -->","yoast_head_json":{"title":"Road homologation lighting kit - Ariens | EMEAA","description":"Voir et \u00eatre vu en toute s\u00e9curit\u00e9 avec le nouveau kit d'\u00e9clairage Ariens pour l'homologation routi\u00e8re. L'utilisation municipale des tracteurs de pelouse et des zeroturns exige l'utilisation d'un \u00e9quipement homologu\u00e9 pour la route lors du passage d'une zone de tonte \u00e0 l'autre et lors de l'utilisation des chemins et routes publics.","robots":{"index":"index","follow":"follow","max-snippet":"max-snippet:-1","max-image-preview":"max-image-preview:large","max-video-preview":"max-video-preview:-1"},"canonical":"https:\/\/www.ariens.eu\/fr\/produit\/accessoires\/zero-turn-accessoires\/road-homologation-lighting-kit\/","og_locale":"fr_FR","og_type":"article","og_title":"Road homologation lighting kit - Ariens | EMEAA","og_description":"Voir et \u00eatre vu en toute s\u00e9curit\u00e9 avec le nouveau kit d'\u00e9clairage Ariens pour l'homologation routi\u00e8re. L'utilisation municipale des tracteurs de pelouse et des zeroturns exige l'utilisation d'un \u00e9quipement homologu\u00e9 pour la route lors du passage d'une zone de tonte \u00e0 l'autre et lors de l'utilisation des chemins et routes publics.","og_url":"https:\/\/www.ariens.eu\/fr\/produit\/accessoires\/zero-turn-accessoires\/road-homologation-lighting-kit\/","og_site_name":"Ariens | EMEAA","article_modified_time":"2024-12-12T10:36:31+00:00","og_image":[{"width":4418,"height":3196,"url":"https:\/\/www.ariens.eu\/fr\/wp-content\/uploads\/sites\/4\/2024\/12\/stvzo-lichtkit-attachement-1.png","type":"image\/png"}],"twitter_card":"summary_large_image","twitter_misc":{"Dur\u00e9e de lecture estim\u00e9e":"1 minute"},"schema":{"@context":"https:\/\/schema.org","@graph":[{"@type":"WebPage","@id":"https:\/\/www.ariens.eu\/fr\/produit\/accessoires\/zero-turn-accessoires\/road-homologation-lighting-kit\/","url":"https:\/\/www.ariens.eu\/fr\/produit\/accessoires\/zero-turn-accessoires\/road-homologation-lighting-kit\/","name":"Road homologation lighting kit - Ariens | EMEAA","isPartOf":{"@id":"https:\/\/www.ariens.eu\/fr\/#website"},"primaryImageOfPage":{"@id":"https:\/\/www.ariens.eu\/fr\/produit\/accessoires\/zero-turn-accessoires\/road-homologation-lighting-kit\/#primaryimage"},"image":{"@id":"https:\/\/www.ariens.eu\/fr\/produit\/accessoires\/zero-turn-accessoires\/road-homologation-lighting-kit\/#primaryimage"},"thumbnailUrl":"https:\/\/www.ariens.eu\/fr\/wp-content\/uploads\/sites\/4\/2024\/12\/stvzo-lichtkit-attachement-1.png","datePublished":"2024-12-10T10:22:36+00:00","dateModified":"2024-12-12T10:36:31+00:00","description":"Voir et \u00eatre vu en toute s\u00e9curit\u00e9 avec le nouveau kit d'\u00e9clairage Ariens pour l'homologation routi\u00e8re. L'utilisation municipale des tracteurs de pelouse et des zeroturns exige l'utilisation d'un \u00e9quipement homologu\u00e9 pour la route lors du passage d'une zone de tonte \u00e0 l'autre et lors de l'utilisation des chemins et routes publics.","breadcrumb":{"@id":"https:\/\/www.ariens.eu\/fr\/produit\/accessoires\/zero-turn-accessoires\/road-homologation-lighting-kit\/#breadcrumb"},"inLanguage":"fr-FR","potentialAction":[{"@type":"ReadAction","target":["https:\/\/www.ariens.eu\/fr\/produit\/accessoires\/zero-turn-accessoires\/road-homologation-lighting-kit\/"]}]},{"@type":"ImageObject","inLanguage":"fr-FR","@id":"https:\/\/www.ariens.eu\/fr\/produit\/accessoires\/zero-turn-accessoires\/road-homologation-lighting-kit\/#primaryimage","url":"https:\/\/www.ariens.eu\/fr\/wp-content\/uploads\/sites\/4\/2024\/12\/stvzo-lichtkit-attachement-1.png","contentUrl":"https:\/\/www.ariens.eu\/fr\/wp-content\/uploads\/sites\/4\/2024\/12\/stvzo-lichtkit-attachement-1.png","width":4418,"height":3196},{"@type":"BreadcrumbList","@id":"https:\/\/www.ariens.eu\/fr\/produit\/accessoires\/zero-turn-accessoires\/road-homologation-lighting-kit\/#breadcrumb","itemListElement":[{"@type":"ListItem","position":1,"name":"Home","item":"https:\/\/www.ariens.eu\/fr\/"},{"@type":"ListItem","position":2,"name":"Shop","item":"https:\/\/www.ariens.eu\/fr\/shop\/"},{"@type":"ListItem","position":3,"name":"Road homologation lighting kit"}]},{"@type":"WebSite","@id":"https:\/\/www.ariens.eu\/fr\/#website","url":"https:\/\/www.ariens.eu\/fr\/","name":"Ariens | EMEAA","description":"Powerful and reliable zero-turn mowers &amp; snow blowers for professional users and demanding private customers","potentialAction":[{"@type":"SearchAction","target":{"@type":"EntryPoint","urlTemplate":"https:\/\/www.ariens.eu\/fr\/?s={search_term_string}"},"query-input":{"@type":"PropertyValueSpecification","valueRequired":true,"valueName":"search_term_string"}}],"inLanguage":"fr-FR"}]}},"_links":{"self":[{"href":"https:\/\/www.ariens.eu\/fr\/wp-json\/wp\/v2\/product\/4604","targetHints":{"allow":["GET"]}}],"collection":[{"href":"https:\/\/www.ariens.eu\/fr\/wp-json\/wp\/v2\/product"}],"about":[{"href":"https:\/\/www.ariens.eu\/fr\/wp-json\/wp\/v2\/types\/product"}],"replies":[{"embeddable":true,"href":"https:\/\/www.ariens.eu\/fr\/wp-json\/wp\/v2\/comments?post=4604"}],"wp:featuredmedia":[{"embeddable":true,"href":"https:\/\/www.ariens.eu\/fr\/wp-json\/wp\/v2\/media\/4610"}],"wp:attachment":[{"href":"https:\/\/www.ariens.eu\/fr\/wp-json\/wp\/v2\/media?parent=4604"}],"wp:term":[{"taxonomy":"product_brand","embeddable":true,"href":"https:\/\/www.ariens.eu\/fr\/wp-json\/wp\/v2\/product_brand?post=4604"},{"taxonomy":"product_cat","embeddable":true,"href":"https:\/\/www.ariens.eu\/fr\/wp-json\/wp\/v2\/product_cat?post=4604"},{"taxonomy":"product_tag","embeddable":true,"href":"https:\/\/www.ariens.eu\/fr\/wp-json\/wp\/v2\/product_tag?post=4604"}],"curies":[{"name":"wp","href":"https:\/\/api.w.org\/{rel}","templated":true}]}}