{"id":4630,"date":"2024-12-12T10:35:46","date_gmt":"2024-12-12T10:35:46","guid":{"rendered":"https:\/\/www.ariens.eu\/fr\/?post_type=product&#038;p=4630"},"modified":"2026-02-25T10:37:58","modified_gmt":"2026-02-25T10:37:58","slug":"ikon-52","status":"publish","type":"product","link":"https:\/\/www.ariens.eu\/fr\/produit\/zero-turn-mowers\/ikon-series\/ikon-52","title":{"rendered":"IKON 52"},"content":{"rendered":"<div class=\"acfd-block acfd-block__headline mb-asm-1 container-fluid px-0 bg-default\">\n<div class=\"acfd-headline\" >\n<h2 class='h2 text-left'>Par la somme des d\u00e9tails.<\/h2>\n<\/p><\/div>\n<\/div>\n<div class=\"acfd-block acfd-block__text container-fluid px-0 bg-default\">\n<div class=\"acfd-text\">\n<p>La fa\u00e7on la plus r\u00e9cente et la plus rapide de tondre votre pelouse. Quelle que soit la taille de votre jardin. La nouvelle Ariens IKON \u00e9tablit de nouvelles normes en termes de coupe, de confort et de caract\u00e9ristiques.<\/p>\n<\/div>\n<\/div>\n<div class=\"acfd-block acfd-block__text mb-asm-2 container-fluid px-0 bg-default\">\n<div class=\"acfd-text\">\n<p>Le nouveau Ariens IKON est plus qu&#8217;une simple nouveaut\u00e9. Elle n&#8217;est pas seulement diff\u00e9rente de son pr\u00e9d\u00e9cesseur. La nouvelle IKON ouvre une nouvelle classe de tondeuse pour les utilisateurs priv\u00e9s et semi-professionnels.<\/p>\n<p>Le 90e anniversaire d&#8217;AriensCo a donn\u00e9 le coup d&#8217;envoi de la r\u00e9vision de la famille Ariens Ikon de tondeuses \u00e0 rayon de braquage z\u00e9ro &#8211; toute l&#8217;exp\u00e9rience accumul\u00e9e au cours des ann\u00e9es pr\u00e9c\u00e9dentes a \u00e9t\u00e9 incorpor\u00e9e dans cette refonte compl\u00e8te de l&#8217;Ariens Ikon.<\/p>\n<p>Nos ing\u00e9nieurs concepteurs ont examin\u00e9 chaque composant. Les composants test\u00e9s et \u00e9prouv\u00e9s ont \u00e9t\u00e9 conserv\u00e9s et tout le reste a \u00e9t\u00e9 r\u00e9vis\u00e9, am\u00e9lior\u00e9 ou renouvel\u00e9. Le nouveau Ariens IKON est difficile \u00e0 classer. Elle brouille la fronti\u00e8re entre une tondeuse destin\u00e9e aux particuliers et une tondeuse professionnelle. Son design et ses performances, \u00e0 la pointe de l&#8217;industrie, la distingueront des autres. <strong>D\u00e9couvrez-la&#8230; par vous-m\u00eame !<\/strong><\/p>\n<\/div>\n<\/div>\n<div class=\"acfd-block acfd-block__media mb-asm-1 container-fluid px-0 bg-default\">\n<div class=\"acfd-media\">\n<div class=\"initial-hidden\" data-type=\"youtube\" data-video-id=\"https:\/\/www.youtube.com\/watch?v=hUcrbaaPg1c\"\n                        data-autoplay=\"false\"><\/div>\n<div class=\"bg-16-9 media-placeholder-content-wrapper\">\n<div class=\"media-thumbnail-description media-embed-wrapper\">\n<div class=\"description-wrapper\">\n                                    To view this video, please accept cookies from external media                                    <\/p>\n<div class=\"consent-configuration-wrapper\">\n                                        <button id=\"liOpenCookieSettings\" class=\"li-open-cookie-settings\">Change Cookie Preferences<\/button>                                    <\/div>\n<\/p><\/div>\n<\/p><\/div>\n<div class=\"media-embed-wrapper\">\n                                <img decoding=\"async\" src=\"https:\/\/img.youtube.com\/vi\/hUcrbaaPg1c\/0.jpg\" alt=\"Youtube Video Thumbnail\"\/>\n                            <\/div>\n<\/p><\/div>\n<\/p><\/div>\n<\/div>\n<div class=\"acfd-block acfd-block__category mb-asm-3 container-fluid px-0 bg-default\">\n<div class=\"acfd-product-categories\">\n<h2 class=\"text-left mb-3\">\n        Eins\u00e4tze    <\/h2>\n<div class=\"product-categories_wrapper\">\n         <span\n                data-description=\"Vous \u00eates un prestataire de services, un service de conciergerie ou vous devez r\u00e9guli\u00e8rement entretenir de grandes surfaces ? Dans ce cas, une machine semi-professionnelle vous offre les performances et la durabilit\u00e9 n\u00e9cessaires pour effectuer vos travaux de tonte en toute fiabilit\u00e9.\"                class=\"product-category-single\"> Semi-Pro                <sup><i class=\"fa fa-info-circle\" aria-hidden=\"true\"><\/i><\/sup>            <\/span>  <span\n                data-description=\"Vous avez une belle pelouse dans votre jardin ou autour de votre propri\u00e9t\u00e9 ? Vous souhaitez entretenir r\u00e9guli\u00e8rement votre pelouse \u00e0 partir de la mi-mars ? En fonction de la largeur de coupe, nos tondeuses peuvent s'adapter \u00e0 toutes les tailles de jardin.\"                class=\"product-category-single\"> Priv\u00e9                <sup><i class=\"fa fa-info-circle\" aria-hidden=\"true\"><\/i><\/sup>            <\/span>  <span\n                data-description=\"Nos tondeuses sont \u00e9quip\u00e9es de moteurs Kawasaki<sup>&reg;<\/sup> ou Ariens de haute qualit\u00e9. Ils offrent des performances et une fiabilit\u00e9 sup\u00e9rieures \u00e0 la moyenne.\"                class=\"product-category-single\"> Essence                <sup><i class=\"fa fa-info-circle\" aria-hidden=\"true\"><\/i><\/sup>            <\/span>  <span\n                data-description=\"Si vous utilisez un kit de broyage adapt\u00e9 \u00e0 votre tondeuse, l'\u00e9jection lat\u00e9rale n'est plus n\u00e9cessaire. L'herbe coup\u00e9e est finement d\u00e9chiquet\u00e9e et r\u00e9partie uniform\u00e9ment \u00e0 l'arri\u00e8re de la pelouse. L'engrais \u00e9ventuellement appliqu\u00e9 reste en surface et les fines particules d'herbe disparaissent presque invisiblement dans la pelouse.\"                class=\"product-category-single\"> Kit mulching en option                <sup><i class=\"fa fa-info-circle\" aria-hidden=\"true\"><\/i><\/sup>            <\/span>  <span\n                data-description=\"Les tondeuses autoport\u00e9es Ariens offrent un niveau de confort \u00e9lev\u00e9. Nous utilisons des si\u00e8ges de haute qualit\u00e9 d\u00e8s le mod\u00e8le d'entr\u00e9e de gamme. L'espace pour les jambes et les commandes ergonomiques sont de s\u00e9rie.\"                class=\"product-category-single\"> Autoport\u00e9e (assise)                <sup><i class=\"fa fa-info-circle\" aria-hidden=\"true\"><\/i><\/sup>            <\/span>  <span\n                data-description=\"Avec les mod\u00e8les APEX et ZENITH, vous avez le choix entre des plateaux de coupe \u00e0 \u00e9jection lat\u00e9rale et \u00e0 \u00e9jection arri\u00e8re. Un carter de tondeuse \u00e0 \u00e9jection lat\u00e9rale \u00e9jecte l'herbe coup\u00e9e par une ouverture lat\u00e9rale et un d\u00e9flecteur. Le puissant flux d'air les r\u00e9partit ensuite sur une grande surface. Un kit de mulching peut \u00eatre install\u00e9 en option sur les plateaux de coupe \u00e0 \u00e9jection lat\u00e9rale. Lorsqu'un kit mulching est utilis\u00e9, l'herbe est finement d\u00e9chiquet\u00e9e et \u00e9ject\u00e9e vers l'arri\u00e8re. L'\u00e9jection lat\u00e9rale et le d\u00e9flecteur sont alors ferm\u00e9s ou retir\u00e9s.\"                class=\"product-category-single\"> D\u00e9charge lat\u00e9rale                <sup><i class=\"fa fa-info-circle\" aria-hidden=\"true\"><\/i><\/sup>            <\/span>  <span\n                data-description=\"Toutes les tondeuses Ariens conviennent aux pelouses plates. Choisissez votre largeur de coupe en fonction de la taille de votre terrain et des zones \u00e9troites limitantes.\"                class=\"product-category-single\"> Terrain plat                <sup><i class=\"fa fa-info-circle\" aria-hidden=\"true\"><\/i><\/sup>            <\/span>  <span\n                data-description=\"Il est pr\u00e9f\u00e9rable de choisir une machine avec des roues larges. Ne d\u00e9passez pas la limite de s\u00e9curit\u00e9 sp\u00e9cifi\u00e9e de 15\u00b0 d'inclinaison pour les tondeuses autoport\u00e9es et de 20\u00b0 pour les tondeuses autoport\u00e9es. Sur les terrains vallonn\u00e9s, choisissez des plateaux de coupe plus \u00e9troits pour une coupe plus uniforme. Le mod\u00e8le ZENITH est \u00e9quip\u00e9 de s\u00e9rie d'une protection anti-retournement. Il peut \u00eatre install\u00e9 ult\u00e9rieurement sur l'APEX.\"                class=\"product-category-single\"> Terrain vallonn\u00e9                <sup><i class=\"fa fa-info-circle\" aria-hidden=\"true\"><\/i><\/sup>            <\/span>  <span\n                data-description=\"Les plateaux de coupe de 132 cm et 152 cm de large sont utilis\u00e9s efficacement sur les grandes surfaces.\"                class=\"product-category-single\"> Grandes zones                <sup><i class=\"fa fa-info-circle\" aria-hidden=\"true\"><\/i><\/sup>            <\/span>     <\/div>\n<\/div>\n<\/div>\n<div class=\"acfd-block acfd-block__twocolumns container-fluid px-0 bg-default\">\n<div class=\"acfd-twocolumns\">\n<div class=\"row\">\n<div class='col-lg-12 mb-4'>\n<div class=\"acfd-product-advantages--wrapper\">\n<h2 class=\"h1 bigger text-color-black text-center mb-5\">\n        Features &#038; Benefits    <\/h2>\n<div class=\"acfd-product-advantages\">\n<div class=\"row\">\n<div class=\"col-md-6 mb-4 content\">\n                    <span class=\"d-block h5 text-color-brand mb-1\">Stabilit\u00e9 et durabilit\u00e9 :<\/span><\/p>\n<p>Comme la s\u00e9rie professionnelle, l&rsquo;IKON a un cadre tubulaire enti\u00e8rement soud\u00e9.<\/p>\n<\/p><\/div>\n<div class=\"col-md-6 mb4 image\"  style=\"background-image:url(https:\/\/www.ariens.eu\/fr\/wp-content\/uploads\/sites\/4\/2024\/12\/tubular-frame-ikon.png)\">\n                <\/div>\n<\/p><\/div>\n<div class=\"row\">\n<div class=\"col-md-6 mb-4 content\">\n                    <span class=\"d-block h5 text-color-brand mb-1\">R\u00e9serves d&rsquo;\u00e9nergie et fiabilit\u00e9<\/span><\/p>\n<p>La s\u00e9rie de moteurs Kawasaki<sup>&reg;<\/sup> FR qui \u00e9quipe l&rsquo;IKON est la r\u00e9f\u00e9rence la plus \u00e9lev\u00e9e de sa cat\u00e9gorie. Elle offre la puissance et les performances n\u00e9cessaires dans les conditions les plus difficiles.<\/p>\n<\/p><\/div>\n<div class=\"col-md-6 mb4 image\"  style=\"background-image:url(https:\/\/www.ariens.eu\/fr\/wp-content\/uploads\/sites\/4\/2024\/12\/kawasaki-engine.png)\">\n                <\/div>\n<\/p><\/div>\n<div class=\"row\">\n<div class=\"col-md-6 mb-4 content\">\n                    <span class=\"d-block h5 text-color-brand mb-1\">Une conduite sans souci<\/span><\/p>\n<p>Les deux moteurs de roue hydrostatiques s\u00e9par\u00e9s EZT<sup>&reg;<\/sup> de HYDRO-GEAR<sup>&reg;<\/sup> ne n\u00e9cessitent aucun entretien et garantissent une conduite en douceur.<\/p>\n<\/p><\/div>\n<div class=\"col-md-6 mb4 image\"  style=\"background-image:url(https:\/\/www.ariens.eu\/fr\/wp-content\/uploads\/sites\/4\/2024\/12\/hydro-gear.png)\">\n                <\/div>\n<\/p><\/div>\n<div class=\"row\">\n<div class=\"col-md-6 mb-4 content\">\n                    <span class=\"d-block h5 text-color-brand mb-1\">Nouveau carter de faucheuse ENVY<\/span><\/p>\n<p>Le plateau de coupe est l&rsquo;\u00e9l\u00e9ment le plus sollicit\u00e9 d&rsquo;une tondeuse. La stabilit\u00e9 est particuli\u00e8rement importante \u00e0 ce niveau : Le nouveau carter de la tondeuse ENVY est dot\u00e9 d&rsquo;un meilleur flux d&rsquo;air et d&rsquo;une d\u00e9charge \u00e9largie. L&rsquo;herbe couch\u00e9e est soulev\u00e9e plus haut et coup\u00e9e parfaitement. De s\u00e9rie au cours de la saison 2025 sur les mod\u00e8les APEX et ZENITH et sur le nouvel IKON.<\/p>\n<\/p><\/div>\n<div class=\"col-md-6 mb4 image\"  style=\"background-image:url(https:\/\/www.ariens.eu\/fr\/wp-content\/uploads\/sites\/4\/2024\/12\/envy-deck.png)\">\n                <\/div>\n<\/p><\/div>\n<\/p><\/div>\n<\/div><\/div>\n<div class='col-lg'>                    <\/div>\n<\/p><\/div>\n<\/div>\n<\/div>\n","protected":false},"excerpt":{"rendered":"<p>La fa\u00e7on la plus r\u00e9cente et la plus rapide de tondre votre pelouse. Quelle que soit la taille de votre jardin. La nouvelle Ariens IKON \u00e9tablit de nouvelles normes en termes de coupe, de confort et de caract\u00e9ristiques.<\/p>\n","protected":false},"featured_media":4638,"comment_status":"open","ping_status":"closed","template":"","meta":{"_acf_changed":false,"_relevanssi_hide_post":"","_relevanssi_hide_content":"","_relevanssi_pin_for_all":"","_relevanssi_pin_keywords":"","_relevanssi_unpin_keywords":"","_relevanssi_related_keywords":"","_relevanssi_related_include_ids":"","_relevanssi_related_exclude_ids":"","_relevanssi_related_no_append":"","_relevanssi_related_not_related":"","_relevanssi_related_posts":"","_relevanssi_noindex_reason":""},"product_brand":[],"product_cat":[15],"product_tag":[],"class_list":{"0":"post-4630","1":"product","2":"type-product","3":"status-publish","4":"has-post-thumbnail","6":"product_variant-ikon-series","7":"product_usage_areas-installations-de-loisirs","8":"product_usage_areas-municipalites-chantiers","9":"product_usage_areas-prestataires-de-services","10":"product_usage_areas-services-de-conciergerie","12":"first","13":"instock","14":"shipping-taxable","15":"product-type-simple"},"acf":[],"yoast_head":"<!-- This site is optimized with the Yoast SEO plugin v27.3 - https:\/\/yoast.com\/product\/yoast-seo-wordpress\/ -->\n<title>IKON 52 - Ariens | EMEAA<\/title>\n<meta name=\"description\" content=\"La fa\u00e7on la plus r\u00e9cente et la plus rapide de tondre votre pelouse. Quelle que soit la taille de votre jardin. La nouvelle Ariens IKON \u00e9tablit de nouvelles normes en termes de coupe, de confort et de caract\u00e9ristiques.\" \/>\n<meta name=\"robots\" content=\"index, follow, max-snippet:-1, max-image-preview:large, max-video-preview:-1\" \/>\n<link rel=\"canonical\" href=\"https:\/\/www.ariens.eu\/fr\/produit\/zero-turn-mowers\/serie-ikon\/ikon-52\/\" \/>\n<meta property=\"og:locale\" content=\"fr_FR\" \/>\n<meta property=\"og:type\" content=\"article\" \/>\n<meta property=\"og:title\" content=\"IKON 52 - Ariens | EMEAA\" \/>\n<meta property=\"og:description\" content=\"La fa\u00e7on la plus r\u00e9cente et la plus rapide de tondre votre pelouse. Quelle que soit la taille de votre jardin. La nouvelle Ariens IKON \u00e9tablit de nouvelles normes en termes de coupe, de confort et de caract\u00e9ristiques.\" \/>\n<meta property=\"og:url\" content=\"https:\/\/www.ariens.eu\/fr\/produit\/zero-turn-mowers\/serie-ikon\/ikon-52\/\" \/>\n<meta property=\"og:site_name\" content=\"Ariens | EMEAA\" \/>\n<meta property=\"article:modified_time\" content=\"2026-02-25T10:37:58+00:00\" \/>\n<meta property=\"og:image\" content=\"https:\/\/www.ariens.eu\/fr\/wp-content\/uploads\/sites\/4\/2024\/12\/ariens-ikon-42-sd.png\" \/>\n\t<meta property=\"og:image:width\" content=\"1008\" \/>\n\t<meta property=\"og:image:height\" content=\"750\" \/>\n\t<meta property=\"og:image:type\" content=\"image\/png\" \/>\n<meta name=\"twitter:card\" content=\"summary_large_image\" \/>\n<meta name=\"twitter:label1\" content=\"Dur\u00e9e de lecture estim\u00e9e\" \/>\n\t<meta name=\"twitter:data1\" content=\"3 minutes\" \/>\n<script type=\"application\/ld+json\" class=\"yoast-schema-graph\">{\"@context\":\"https:\\\/\\\/schema.org\",\"@graph\":[{\"@type\":\"WebPage\",\"@id\":\"https:\\\/\\\/www.ariens.eu\\\/fr\\\/produit\\\/zero-turn-mowers\\\/serie-ikon\\\/ikon-52\\\/\",\"url\":\"https:\\\/\\\/www.ariens.eu\\\/fr\\\/produit\\\/zero-turn-mowers\\\/serie-ikon\\\/ikon-52\\\/\",\"name\":\"IKON 52 - Ariens | EMEAA\",\"isPartOf\":{\"@id\":\"https:\\\/\\\/www.ariens.eu\\\/fr\\\/#website\"},\"primaryImageOfPage\":{\"@id\":\"https:\\\/\\\/www.ariens.eu\\\/fr\\\/produit\\\/zero-turn-mowers\\\/serie-ikon\\\/ikon-52\\\/#primaryimage\"},\"image\":{\"@id\":\"https:\\\/\\\/www.ariens.eu\\\/fr\\\/produit\\\/zero-turn-mowers\\\/serie-ikon\\\/ikon-52\\\/#primaryimage\"},\"thumbnailUrl\":\"https:\\\/\\\/www.ariens.eu\\\/fr\\\/wp-content\\\/uploads\\\/sites\\\/4\\\/2024\\\/12\\\/ariens-ikon-42-sd.png\",\"datePublished\":\"2024-12-12T10:35:46+00:00\",\"dateModified\":\"2026-02-25T10:37:58+00:00\",\"description\":\"La fa\u00e7on la plus r\u00e9cente et la plus rapide de tondre votre pelouse. Quelle que soit la taille de votre jardin. La nouvelle Ariens IKON \u00e9tablit de nouvelles normes en termes de coupe, de confort et de caract\u00e9ristiques.\",\"breadcrumb\":{\"@id\":\"https:\\\/\\\/www.ariens.eu\\\/fr\\\/produit\\\/zero-turn-mowers\\\/serie-ikon\\\/ikon-52\\\/#breadcrumb\"},\"inLanguage\":\"fr-FR\",\"potentialAction\":[{\"@type\":\"ReadAction\",\"target\":[\"https:\\\/\\\/www.ariens.eu\\\/fr\\\/produit\\\/zero-turn-mowers\\\/serie-ikon\\\/ikon-52\\\/\"]}]},{\"@type\":\"ImageObject\",\"inLanguage\":\"fr-FR\",\"@id\":\"https:\\\/\\\/www.ariens.eu\\\/fr\\\/produit\\\/zero-turn-mowers\\\/serie-ikon\\\/ikon-52\\\/#primaryimage\",\"url\":\"https:\\\/\\\/www.ariens.eu\\\/fr\\\/wp-content\\\/uploads\\\/sites\\\/4\\\/2024\\\/12\\\/ariens-ikon-42-sd.png\",\"contentUrl\":\"https:\\\/\\\/www.ariens.eu\\\/fr\\\/wp-content\\\/uploads\\\/sites\\\/4\\\/2024\\\/12\\\/ariens-ikon-42-sd.png\",\"width\":1008,\"height\":750},{\"@type\":\"BreadcrumbList\",\"@id\":\"https:\\\/\\\/www.ariens.eu\\\/fr\\\/produit\\\/zero-turn-mowers\\\/serie-ikon\\\/ikon-52\\\/#breadcrumb\",\"itemListElement\":[{\"@type\":\"ListItem\",\"position\":1,\"name\":\"Home\",\"item\":\"https:\\\/\\\/www.ariens.eu\\\/fr\\\/\"},{\"@type\":\"ListItem\",\"position\":2,\"name\":\"Shop\",\"item\":\"https:\\\/\\\/www.ariens.eu\\\/fr\\\/shop\\\/\"},{\"@type\":\"ListItem\",\"position\":3,\"name\":\"IKON 52\"}]},{\"@type\":\"WebSite\",\"@id\":\"https:\\\/\\\/www.ariens.eu\\\/fr\\\/#website\",\"url\":\"https:\\\/\\\/www.ariens.eu\\\/fr\\\/\",\"name\":\"Ariens | EMEAA\",\"description\":\"Powerful and reliable zero-turn mowers &amp; snow blowers for professional users and demanding private customers\",\"potentialAction\":[{\"@type\":\"SearchAction\",\"target\":{\"@type\":\"EntryPoint\",\"urlTemplate\":\"https:\\\/\\\/www.ariens.eu\\\/fr\\\/?s={search_term_string}\"},\"query-input\":{\"@type\":\"PropertyValueSpecification\",\"valueRequired\":true,\"valueName\":\"search_term_string\"}}],\"inLanguage\":\"fr-FR\"}]}<\/script>\n<!-- \/ Yoast SEO plugin. -->","yoast_head_json":{"title":"IKON 52 - Ariens | EMEAA","description":"La fa\u00e7on la plus r\u00e9cente et la plus rapide de tondre votre pelouse. Quelle que soit la taille de votre jardin. La nouvelle Ariens IKON \u00e9tablit de nouvelles normes en termes de coupe, de confort et de caract\u00e9ristiques.","robots":{"index":"index","follow":"follow","max-snippet":"max-snippet:-1","max-image-preview":"max-image-preview:large","max-video-preview":"max-video-preview:-1"},"canonical":"https:\/\/www.ariens.eu\/fr\/produit\/zero-turn-mowers\/serie-ikon\/ikon-52\/","og_locale":"fr_FR","og_type":"article","og_title":"IKON 52 - Ariens | EMEAA","og_description":"La fa\u00e7on la plus r\u00e9cente et la plus rapide de tondre votre pelouse. Quelle que soit la taille de votre jardin. La nouvelle Ariens IKON \u00e9tablit de nouvelles normes en termes de coupe, de confort et de caract\u00e9ristiques.","og_url":"https:\/\/www.ariens.eu\/fr\/produit\/zero-turn-mowers\/serie-ikon\/ikon-52\/","og_site_name":"Ariens | EMEAA","article_modified_time":"2026-02-25T10:37:58+00:00","og_image":[{"width":1008,"height":750,"url":"https:\/\/www.ariens.eu\/fr\/wp-content\/uploads\/sites\/4\/2024\/12\/ariens-ikon-42-sd.png","type":"image\/png"}],"twitter_card":"summary_large_image","twitter_misc":{"Dur\u00e9e de lecture estim\u00e9e":"3 minutes"},"schema":{"@context":"https:\/\/schema.org","@graph":[{"@type":"WebPage","@id":"https:\/\/www.ariens.eu\/fr\/produit\/zero-turn-mowers\/serie-ikon\/ikon-52\/","url":"https:\/\/www.ariens.eu\/fr\/produit\/zero-turn-mowers\/serie-ikon\/ikon-52\/","name":"IKON 52 - Ariens | EMEAA","isPartOf":{"@id":"https:\/\/www.ariens.eu\/fr\/#website"},"primaryImageOfPage":{"@id":"https:\/\/www.ariens.eu\/fr\/produit\/zero-turn-mowers\/serie-ikon\/ikon-52\/#primaryimage"},"image":{"@id":"https:\/\/www.ariens.eu\/fr\/produit\/zero-turn-mowers\/serie-ikon\/ikon-52\/#primaryimage"},"thumbnailUrl":"https:\/\/www.ariens.eu\/fr\/wp-content\/uploads\/sites\/4\/2024\/12\/ariens-ikon-42-sd.png","datePublished":"2024-12-12T10:35:46+00:00","dateModified":"2026-02-25T10:37:58+00:00","description":"La fa\u00e7on la plus r\u00e9cente et la plus rapide de tondre votre pelouse. Quelle que soit la taille de votre jardin. La nouvelle Ariens IKON \u00e9tablit de nouvelles normes en termes de coupe, de confort et de caract\u00e9ristiques.","breadcrumb":{"@id":"https:\/\/www.ariens.eu\/fr\/produit\/zero-turn-mowers\/serie-ikon\/ikon-52\/#breadcrumb"},"inLanguage":"fr-FR","potentialAction":[{"@type":"ReadAction","target":["https:\/\/www.ariens.eu\/fr\/produit\/zero-turn-mowers\/serie-ikon\/ikon-52\/"]}]},{"@type":"ImageObject","inLanguage":"fr-FR","@id":"https:\/\/www.ariens.eu\/fr\/produit\/zero-turn-mowers\/serie-ikon\/ikon-52\/#primaryimage","url":"https:\/\/www.ariens.eu\/fr\/wp-content\/uploads\/sites\/4\/2024\/12\/ariens-ikon-42-sd.png","contentUrl":"https:\/\/www.ariens.eu\/fr\/wp-content\/uploads\/sites\/4\/2024\/12\/ariens-ikon-42-sd.png","width":1008,"height":750},{"@type":"BreadcrumbList","@id":"https:\/\/www.ariens.eu\/fr\/produit\/zero-turn-mowers\/serie-ikon\/ikon-52\/#breadcrumb","itemListElement":[{"@type":"ListItem","position":1,"name":"Home","item":"https:\/\/www.ariens.eu\/fr\/"},{"@type":"ListItem","position":2,"name":"Shop","item":"https:\/\/www.ariens.eu\/fr\/shop\/"},{"@type":"ListItem","position":3,"name":"IKON 52"}]},{"@type":"WebSite","@id":"https:\/\/www.ariens.eu\/fr\/#website","url":"https:\/\/www.ariens.eu\/fr\/","name":"Ariens | EMEAA","description":"Powerful and reliable zero-turn mowers &amp; snow blowers for professional users and demanding private customers","potentialAction":[{"@type":"SearchAction","target":{"@type":"EntryPoint","urlTemplate":"https:\/\/www.ariens.eu\/fr\/?s={search_term_string}"},"query-input":{"@type":"PropertyValueSpecification","valueRequired":true,"valueName":"search_term_string"}}],"inLanguage":"fr-FR"}]}},"_links":{"self":[{"href":"https:\/\/www.ariens.eu\/fr\/wp-json\/wp\/v2\/product\/4630","targetHints":{"allow":["GET"]}}],"collection":[{"href":"https:\/\/www.ariens.eu\/fr\/wp-json\/wp\/v2\/product"}],"about":[{"href":"https:\/\/www.ariens.eu\/fr\/wp-json\/wp\/v2\/types\/product"}],"replies":[{"embeddable":true,"href":"https:\/\/www.ariens.eu\/fr\/wp-json\/wp\/v2\/comments?post=4630"}],"wp:featuredmedia":[{"embeddable":true,"href":"https:\/\/www.ariens.eu\/fr\/wp-json\/wp\/v2\/media\/4638"}],"wp:attachment":[{"href":"https:\/\/www.ariens.eu\/fr\/wp-json\/wp\/v2\/media?parent=4630"}],"wp:term":[{"taxonomy":"product_brand","embeddable":true,"href":"https:\/\/www.ariens.eu\/fr\/wp-json\/wp\/v2\/product_brand?post=4630"},{"taxonomy":"product_cat","embeddable":true,"href":"https:\/\/www.ariens.eu\/fr\/wp-json\/wp\/v2\/product_cat?post=4630"},{"taxonomy":"product_tag","embeddable":true,"href":"https:\/\/www.ariens.eu\/fr\/wp-json\/wp\/v2\/product_tag?post=4630"}],"curies":[{"name":"wp","href":"https:\/\/api.w.org\/{rel}","templated":true}]}}