{"id":4825,"date":"2025-08-21T10:12:01","date_gmt":"2025-08-21T09:12:01","guid":{"rendered":"https:\/\/www.ariens.eu\/fr\/?post_type=product&#038;p=4825"},"modified":"2026-02-25T10:46:00","modified_gmt":"2026-02-25T10:46:00","slug":"summit-pro-572","status":"publish","type":"product","link":"https:\/\/www.ariens.eu\/fr\/produit\/zero-turn-mowers\/summit-pro-series\/summit-pro-572","title":{"rendered":"SUMMIT PRO 572"},"content":{"rendered":"<div class=\"acfd-block acfd-block__headline container-fluid px-0 bg-default\">\n<div class=\"acfd-headline\" >\n<h2 class='h1 text-left li_black bigger'>La machine ultime pour la tonte \u00e0 rayon de braquage z\u00e9ro<\/h2>\n<\/p><\/div>\n<\/div>\n<div class=\"acfd-block acfd-block__text container-fluid px-0 bg-default\">\n<div class=\"acfd-text li_black\">\n<p>Pour les t\u00e2ches les plus importantes, la SUMMIT PRO 572 est le leader incontest\u00e9. \u00c9quip\u00e9e d&#8217;un plateau de coupe de 72 pouces et offrant un rendement maximal de 38,960 m\u00b2 par heure, elle red\u00e9finit la productivit\u00e9. Cette tondeuse \u00e0 rayon de braquage z\u00e9ro ultra-puissante est con\u00e7ue pour les parcs, les grands domaines et les entrepreneurs qui g\u00e8rent de vastes terrains o\u00f9 le rendement horaire est essentiel.<\/p>\n<\/div>\n<\/div>\n<div class=\"acfd-block acfd-block__text container-fluid px-0 bg-default\">\n<div class=\"acfd-text li_black\">\n<p>Le mod\u00e8le 572 offre bien plus que sa taille : il int\u00e8gre toutes les innovations Ariens en mati\u00e8re de durabilit\u00e9, de confort et de facilit\u00e9 d&#8217;utilisation. Ses composants robustes, ses commandes intuitives et sa conception ax\u00e9e sur l&#8217;op\u00e9rateur en font un favori parmi les professionnels qui exigent le meilleur.<\/p>\n<\/div>\n<\/div>\n<div class=\"acfd-block acfd-block__headline container-fluid px-0 bg-default\">\n<div class=\"acfd-headline\" >\n<h3 class='h2 text-left li_black'>Caract\u00e9ristiques et avantages principaux<\/h3>\n<\/p><\/div>\n<\/div>\n<div class=\"acfd-block acfd-block__text container-fluid px-0 bg-default\">\n<div class=\"acfd-text li_black\">\n<ul>\n<li>Best suited for: extreme area performance, large-scale professional use<\/li>\n<li>Max speed: 21.3 km\/h<\/li>\n<li>Area performance: up to 38,960 m\u00b2\/h<\/li>\n<li>Warranty: 5 years \/ 1,500 hours (no hour limit for first 2 years)<\/li>\n<li>Superior cut quality and unmatched productivity for fleet operations<\/li>\n<\/ul>\n<\/div>\n<\/div>\n<div class=\"acfd-block acfd-block__twocolumns container-fluid px-0 bg-default\">\n<div class=\"acfd-twocolumns\">\n<div class=\"row\">\n<div class='col-lg-12 mb-4 '>\n<div class=\"acfd-product-advantages--wrapper\">\n<h2 class=\"h1 bigger text-color-black text-center mb-5\">\n        Features &#038; Benefits    <\/h2>\n<div class=\"acfd-product-advantages\">\n<div class=\"row\">\n<div class=\"col-md-6 mb-4 content\">\n                    <span class=\"d-block h5 text-color-brand mb-1\">Nouveaux axes de lame haute performance.<\/span><\/p>\n<p>Les nouveaux axes de lame des mod\u00e8les ARIENS SUMMIT PRO sont fabriqu\u00e9s en aluminium forg\u00e9 \u00e0 froid. Ils sont particuli\u00e8rement r\u00e9sistants aux vibrations et dissipent la chaleur \u00e9ventuelle. Ils sont \u00e9quip\u00e9s de deux roulements \u00e0 billes doubles. L&rsquo;ensemble est scell\u00e9 pour \u00e9viter toute corrosion due \u00e0 l&rsquo;humidit\u00e9 et \u00e0 la salet\u00e9. Optimisez la dur\u00e9e de vie et r\u00e9duisez les temps d&rsquo;arr\u00eat.<\/p>\n<\/p><\/div>\n<div class=\"col-md-6 mb4 image\"  style=\"background-image:url(https:\/\/www.ariens.eu\/fr\/wp-content\/uploads\/sites\/4\/2025\/09\/ariens-advantage-blade-spindle.jpg)\">\n                <\/div>\n<\/p><\/div>\n<div class=\"row\">\n<div class=\"col-md-6 mb-4 content\">\n                    <span class=\"d-block h5 text-color-brand mb-1\">Nouveau plateau de coupe Ariens ENVY-PRO<\/span><\/p>\n<p>Le plateau a \u00e9t\u00e9 enti\u00e8rement repens\u00e9 pour une r\u00e9partition optimale de l&rsquo;herbe et une qualit\u00e9 de coupe exceptionnelle. Il est soud\u00e9 \u00e0 partir d&rsquo;une t\u00f4le d&rsquo;acier de 4,6 mm d&rsquo;\u00e9paisseur et offre une robustesse qui garantit de nombreuses ann\u00e9es d&rsquo;utilisation. Gr\u00e2ce \u00e0 sa grande profondeur, il est parfaitement adapt\u00e9 \u00e0 l&rsquo;installation du kit mulching disponible en option.<\/p>\n<\/p><\/div>\n<div class=\"col-md-6 mb4 image\"  style=\"background-image:url(https:\/\/www.ariens.eu\/fr\/wp-content\/uploads\/sites\/4\/2025\/09\/ariens-advantage-envy-pro-deck.jpg)\">\n                <\/div>\n<\/p><\/div>\n<div class=\"row\">\n<div class=\"col-md-6 mb-4 content\">\n                    <span class=\"d-block h5 text-color-brand mb-1\">D\u00e9marrage en douceur<\/span><\/p>\n<p>Les transmissions hydrostatiques PARKER<sup>&reg;<\/sup> de haute qualit\u00e9 sont r\u00e9put\u00e9es pour leur r\u00e9activit\u00e9 en douceur lors du passage de la marche avant \u00e0 la marche arri\u00e8re. Associ\u00e9es aux grandes roues de 24 ou 26 pouces, elles offrent un confort de conduite maximal et r\u00e9duisent le patinage des roues lors des man\u0153uvres. Les intervalles de vidange d&rsquo;huile tr\u00e8s longs pour les transmissions hydrostatiques \u00e9vitent les visites fastidieuses \u00e0 l&rsquo;atelier pendant la saison.<\/p>\n<\/p><\/div>\n<div class=\"col-md-6 mb4 image\"  style=\"background-image:url(https:\/\/www.ariens.eu\/fr\/wp-content\/uploads\/sites\/4\/2025\/09\/ariens-advantage-parker-hydrostats.jpg)\">\n                <\/div>\n<\/p><\/div>\n<div class=\"row\">\n<div class=\"col-md-6 mb-4 content\">\n                    <span class=\"d-block h5 text-color-brand mb-1\">Moteur Kawasaki FX 850V haut de gamme puissant.<\/span><\/p>\n<p>Courbe de couple uniforme et double filtre pour des performances et une durabilit\u00e9 de haut niveau.<\/p>\n<\/p><\/div>\n<div class=\"col-md-6 mb4 image\"  style=\"background-image:url(https:\/\/www.ariens.eu\/fr\/wp-content\/uploads\/sites\/4\/2025\/09\/ariens-advantage-500-engine.jpg)\">\n                <\/div>\n<\/p><\/div>\n<div class=\"row\">\n<div class=\"col-md-6 mb-4 content\">\n                    <span class=\"d-block h5 text-color-brand mb-1\">Hydrostats Parker haut de gamme<\/span><\/p>\n<p>Les transmissions hydrostatiques Parker<sup>&reg;<\/sup> HTG atteignent une vitesse maximale de 24 km\/h et sont \u00e9quip\u00e9es d&rsquo;une pompe haute performance de 16 cm\u00b3. Les filtres sont facilement accessibles par l&rsquo;arri\u00e8re, ce qui facilite leur entretien. Le moteur Gerotor Parker<sup>&reg;<\/sup> TG\u2122 est particuli\u00e8rement efficace. Il permet d&rsquo;\u00e9conomiser de l&rsquo;\u00e9nergie et fournit jusqu&rsquo;\u00e0 10 % de puissance moteur suppl\u00e9mentaire aux lames.<\/p>\n<\/p><\/div>\n<div class=\"col-md-6 mb4 image\"  style=\"background-image:url(https:\/\/www.ariens.eu\/fr\/wp-content\/uploads\/sites\/4\/2025\/09\/ariens-advantage-500-transaxle.jpg)\">\n                <\/div>\n<\/p><\/div>\n<div class=\"row\">\n<div class=\"col-md-6 mb-4 content\">\n                    <span class=\"d-block h5 text-color-brand mb-1\">Si\u00e8ge confort \u00e0 suspension pneumatique<\/span><\/p>\n<p>D&rsquo;une simple pression sur un bouton, vous pouvez r\u00e9gler la suspension pneumatique du si\u00e8ge Ariens AIR-RIDE exactement selon vos besoins. Des amortisseurs de vibrations sp\u00e9ciaux prot\u00e8gent l&rsquo;ensemble du si\u00e8ge contre les chocs verticaux. Le dossier extra haut, les accoudoirs r\u00e9glables, le rembourrage extra \u00e9pais et le soutien lombaire int\u00e9gr\u00e9 offrent un confort d&rsquo;assise optimal.<\/p>\n<\/p><\/div>\n<div class=\"col-md-6 mb4 image\"  style=\"background-image:url(https:\/\/www.ariens.eu\/fr\/wp-content\/uploads\/sites\/4\/2025\/09\/ariens-advantage-air-ride-comfort-seat.jpg)\">\n                <\/div>\n<\/p><\/div>\n<div class=\"row\">\n<div class=\"col-md-6 mb-4 content\">\n                    <span class=\"d-block h5 text-color-brand mb-1\">Roues avant anti-crevaison<\/span><\/p>\n<p>Les grandes roues avant de 15 pouces pivotant \u00e0 360\u00b0 sont semi-pneumatiques. Cela signifie qu&rsquo;elles sont enti\u00e8rement remplies de mousse de caoutchouc. Les crevaisons et les pertes de pression sont donc exclues.<\/p>\n<\/p><\/div>\n<div class=\"col-md-6 mb4 image\"  style=\"background-image:url(https:\/\/www.ariens.eu\/fr\/wp-content\/uploads\/sites\/4\/2025\/09\/ariens-advantage-puncture-proof-frnot-wheel.jpg)\">\n                <\/div>\n<\/p><\/div>\n<div class=\"row\">\n<div class=\"col-md-6 mb-4 content\">\n                    <span class=\"d-block h5 text-color-brand mb-1\">R\u00e9glage pratique de la hauteur de coupe<\/span><\/p>\n<p>Une molette permet de r\u00e9gler facilement la hauteur entre 2,5 et 13 cm. Une p\u00e9dale \u00e0 ressort facilite le levage du plateau de coupe.<\/p>\n<\/p><\/div>\n<div class=\"col-md-6 mb4 image\"  style=\"background-image:url(https:\/\/www.ariens.eu\/fr\/wp-content\/uploads\/sites\/4\/2025\/09\/ariens-advantage-cutting-height-adjustment.jpg)\">\n                <\/div>\n<\/p><\/div>\n<div class=\"row\">\n<div class=\"col-md-6 mb-4 content\">\n                    <span class=\"d-block h5 text-color-brand mb-1\">Grand r\u00e9servoir de 48 litres<\/span><\/p>\n<p>Le remplissage constant du r\u00e9servoir demande du temps et de l&rsquo;\u00e9nergie. C&rsquo;est pourquoi tous les mod\u00e8les ARIENS SUMMIT PRO sont \u00e9quip\u00e9s d&rsquo;un r\u00e9servoir extra-large de 48 litres qui permet de travailler sans interruption pendant de longues journ\u00e9es.<\/p>\n<\/p><\/div>\n<div class=\"col-md-6 mb4 image\"  style=\"background-image:url(https:\/\/www.ariens.eu\/fr\/wp-content\/uploads\/sites\/4\/2025\/09\/ariens-advantage-large-tank.jpg)\">\n                <\/div>\n<\/p><\/div>\n<div class=\"row\">\n<div class=\"col-md-6 mb-4 content\">\n                    <span class=\"d-block h5 text-color-brand mb-1\">Cadre tubulaire enti\u00e8rement soud\u00e9<\/span><\/p>\n<p>Un simple coup d&rsquo;\u0153il suffit pour constater la stabilit\u00e9 et la solidit\u00e9 de la structure. De grands tubes carr\u00e9s sont assembl\u00e9s sans soudure pour former un cadre solide et durable.<\/p>\n<\/p><\/div>\n<div class=\"col-md-6 mb4 image\"  style=\"background-image:url(https:\/\/www.ariens.eu\/fr\/wp-content\/uploads\/sites\/4\/2025\/09\/ariens-advantage-tubular-frame.jpg)\">\n                <\/div>\n<\/p><\/div>\n<\/p><\/div>\n<\/div><\/div>\n<div class='col-lg'>                    <\/div>\n<\/p><\/div>\n<\/div>\n<\/div>\n","protected":false},"excerpt":{"rendered":"<p>La machine ultime pour la tonte \u00e0 rayon de braquage z\u00e9ro Pour les t\u00e2ches les plus importantes, la SUMMIT PRO 572 est le leader incontest\u00e9. \u00c9quip\u00e9e d&#8217;un plateau de coupe de 72 pouces et offrant un rendement maximal de 38,960 m\u00b2 par heure, elle red\u00e9finit la productivit\u00e9. Cette tondeuse \u00e0 rayon de braquage z\u00e9ro ultra-puissante [&hellip;]<\/p>\n","protected":false},"featured_media":4826,"comment_status":"open","ping_status":"closed","template":"","meta":{"_acf_changed":false,"_relevanssi_hide_post":"","_relevanssi_hide_content":"","_relevanssi_pin_for_all":"","_relevanssi_pin_keywords":"","_relevanssi_unpin_keywords":"","_relevanssi_related_keywords":"","_relevanssi_related_include_ids":"","_relevanssi_related_exclude_ids":"","_relevanssi_related_no_append":"","_relevanssi_related_not_related":"","_relevanssi_related_posts":"","_relevanssi_noindex_reason":""},"product_brand":[],"product_cat":[15],"product_tag":[],"class_list":{"0":"post-4825","1":"product","2":"type-product","3":"status-publish","4":"has-post-thumbnail","6":"product_variant-summit-pro-series","7":"product_usage_areas-municipalites-chantiers","8":"product_usage_areas-prestataires-de-services","9":"product_usage_areas-services-de-conciergerie","11":"first","12":"instock","13":"shipping-taxable","14":"product-type-simple"},"acf":[],"yoast_head":"<!-- This site is optimized with the Yoast SEO plugin v27.3 - https:\/\/yoast.com\/product\/yoast-seo-wordpress\/ -->\n<title>Ariens SUMMIT PRO 572 \u2013 Maximum Coverage, Ultimate Commercial Mower<\/title>\n<meta name=\"description\" content=\"Couvrez plus de terrain avec la tondeuse Ariens SUMMIT PRO 572. Cette tondeuse \u00e0 rayon de braquage z\u00e9ro puissante est con\u00e7ue pour offrir des performances exceptionnelles sur de grandes surfaces et pour les travaux exigeants.\" \/>\n<meta name=\"robots\" content=\"index, follow, max-snippet:-1, max-image-preview:large, max-video-preview:-1\" \/>\n<link rel=\"canonical\" href=\"https:\/\/www.ariens.eu\/fr\/produit\/tondeuses-a-rayon-de-braquage-zero\/summit-pro-series\/summit-pro-572\/\" \/>\n<meta property=\"og:locale\" content=\"fr_FR\" \/>\n<meta property=\"og:type\" content=\"article\" \/>\n<meta property=\"og:title\" content=\"Ariens SUMMIT PRO 572 \u2013 Maximum Coverage, Ultimate Commercial Mower\" \/>\n<meta property=\"og:description\" content=\"Couvrez plus de terrain avec la tondeuse Ariens SUMMIT PRO 572. Cette tondeuse \u00e0 rayon de braquage z\u00e9ro puissante est con\u00e7ue pour offrir des performances exceptionnelles sur de grandes surfaces et pour les travaux exigeants.\" \/>\n<meta property=\"og:url\" content=\"https:\/\/www.ariens.eu\/fr\/produit\/tondeuses-a-rayon-de-braquage-zero\/summit-pro-series\/summit-pro-572\/\" \/>\n<meta property=\"og:site_name\" content=\"Ariens | EMEAA\" \/>\n<meta property=\"article:modified_time\" content=\"2026-02-25T10:46:00+00:00\" \/>\n<meta property=\"og:image\" content=\"https:\/\/www.ariens.eu\/fr\/wp-content\/uploads\/sites\/4\/2025\/06\/ariens-summit-pro-372.png\" \/>\n\t<meta property=\"og:image:width\" content=\"1024\" \/>\n\t<meta property=\"og:image:height\" content=\"720\" \/>\n\t<meta property=\"og:image:type\" content=\"image\/png\" \/>\n<meta name=\"twitter:card\" content=\"summary_large_image\" \/>\n<meta name=\"twitter:label1\" content=\"Dur\u00e9e de lecture estim\u00e9e\" \/>\n\t<meta name=\"twitter:data1\" content=\"4 minutes\" \/>\n<script type=\"application\/ld+json\" class=\"yoast-schema-graph\">{\"@context\":\"https:\\\/\\\/schema.org\",\"@graph\":[{\"@type\":\"WebPage\",\"@id\":\"https:\\\/\\\/www.ariens.eu\\\/fr\\\/produit\\\/tondeuses-a-rayon-de-braquage-zero\\\/summit-pro-series\\\/summit-pro-572\\\/\",\"url\":\"https:\\\/\\\/www.ariens.eu\\\/fr\\\/produit\\\/tondeuses-a-rayon-de-braquage-zero\\\/summit-pro-series\\\/summit-pro-572\\\/\",\"name\":\"Ariens SUMMIT PRO 572 \u2013 Maximum Coverage, Ultimate Commercial Mower\",\"isPartOf\":{\"@id\":\"https:\\\/\\\/www.ariens.eu\\\/fr\\\/#website\"},\"primaryImageOfPage\":{\"@id\":\"https:\\\/\\\/www.ariens.eu\\\/fr\\\/produit\\\/tondeuses-a-rayon-de-braquage-zero\\\/summit-pro-series\\\/summit-pro-572\\\/#primaryimage\"},\"image\":{\"@id\":\"https:\\\/\\\/www.ariens.eu\\\/fr\\\/produit\\\/tondeuses-a-rayon-de-braquage-zero\\\/summit-pro-series\\\/summit-pro-572\\\/#primaryimage\"},\"thumbnailUrl\":\"https:\\\/\\\/www.ariens.eu\\\/fr\\\/wp-content\\\/uploads\\\/sites\\\/4\\\/2025\\\/06\\\/ariens-summit-pro-372.png\",\"datePublished\":\"2025-08-21T09:12:01+00:00\",\"dateModified\":\"2026-02-25T10:46:00+00:00\",\"description\":\"Couvrez plus de terrain avec la tondeuse Ariens SUMMIT PRO 572. Cette tondeuse \u00e0 rayon de braquage z\u00e9ro puissante est con\u00e7ue pour offrir des performances exceptionnelles sur de grandes surfaces et pour les travaux exigeants.\",\"breadcrumb\":{\"@id\":\"https:\\\/\\\/www.ariens.eu\\\/fr\\\/produit\\\/tondeuses-a-rayon-de-braquage-zero\\\/summit-pro-series\\\/summit-pro-572\\\/#breadcrumb\"},\"inLanguage\":\"fr-FR\",\"potentialAction\":[{\"@type\":\"ReadAction\",\"target\":[\"https:\\\/\\\/www.ariens.eu\\\/fr\\\/produit\\\/tondeuses-a-rayon-de-braquage-zero\\\/summit-pro-series\\\/summit-pro-572\\\/\"]}]},{\"@type\":\"ImageObject\",\"inLanguage\":\"fr-FR\",\"@id\":\"https:\\\/\\\/www.ariens.eu\\\/fr\\\/produit\\\/tondeuses-a-rayon-de-braquage-zero\\\/summit-pro-series\\\/summit-pro-572\\\/#primaryimage\",\"url\":\"https:\\\/\\\/www.ariens.eu\\\/fr\\\/wp-content\\\/uploads\\\/sites\\\/4\\\/2025\\\/06\\\/ariens-summit-pro-372.png\",\"contentUrl\":\"https:\\\/\\\/www.ariens.eu\\\/fr\\\/wp-content\\\/uploads\\\/sites\\\/4\\\/2025\\\/06\\\/ariens-summit-pro-372.png\",\"width\":1024,\"height\":720,\"caption\":\"Ariens SUMMIT PRO 372, 3d rendering of the model, isolated\"},{\"@type\":\"BreadcrumbList\",\"@id\":\"https:\\\/\\\/www.ariens.eu\\\/fr\\\/produit\\\/tondeuses-a-rayon-de-braquage-zero\\\/summit-pro-series\\\/summit-pro-572\\\/#breadcrumb\",\"itemListElement\":[{\"@type\":\"ListItem\",\"position\":1,\"name\":\"Home\",\"item\":\"https:\\\/\\\/www.ariens.eu\\\/fr\\\/\"},{\"@type\":\"ListItem\",\"position\":2,\"name\":\"Shop\",\"item\":\"https:\\\/\\\/www.ariens.eu\\\/fr\\\/shop\\\/\"},{\"@type\":\"ListItem\",\"position\":3,\"name\":\"SUMMIT PRO 572\"}]},{\"@type\":\"WebSite\",\"@id\":\"https:\\\/\\\/www.ariens.eu\\\/fr\\\/#website\",\"url\":\"https:\\\/\\\/www.ariens.eu\\\/fr\\\/\",\"name\":\"Ariens | EMEAA\",\"description\":\"Powerful and reliable zero-turn mowers &amp; snow blowers for professional users and demanding private customers\",\"potentialAction\":[{\"@type\":\"SearchAction\",\"target\":{\"@type\":\"EntryPoint\",\"urlTemplate\":\"https:\\\/\\\/www.ariens.eu\\\/fr\\\/?s={search_term_string}\"},\"query-input\":{\"@type\":\"PropertyValueSpecification\",\"valueRequired\":true,\"valueName\":\"search_term_string\"}}],\"inLanguage\":\"fr-FR\"}]}<\/script>\n<!-- \/ Yoast SEO plugin. -->","yoast_head_json":{"title":"Ariens SUMMIT PRO 572 \u2013 Maximum Coverage, Ultimate Commercial Mower","description":"Couvrez plus de terrain avec la tondeuse Ariens SUMMIT PRO 572. Cette tondeuse \u00e0 rayon de braquage z\u00e9ro puissante est con\u00e7ue pour offrir des performances exceptionnelles sur de grandes surfaces et pour les travaux exigeants.","robots":{"index":"index","follow":"follow","max-snippet":"max-snippet:-1","max-image-preview":"max-image-preview:large","max-video-preview":"max-video-preview:-1"},"canonical":"https:\/\/www.ariens.eu\/fr\/produit\/tondeuses-a-rayon-de-braquage-zero\/summit-pro-series\/summit-pro-572\/","og_locale":"fr_FR","og_type":"article","og_title":"Ariens SUMMIT PRO 572 \u2013 Maximum Coverage, Ultimate Commercial Mower","og_description":"Couvrez plus de terrain avec la tondeuse Ariens SUMMIT PRO 572. Cette tondeuse \u00e0 rayon de braquage z\u00e9ro puissante est con\u00e7ue pour offrir des performances exceptionnelles sur de grandes surfaces et pour les travaux exigeants.","og_url":"https:\/\/www.ariens.eu\/fr\/produit\/tondeuses-a-rayon-de-braquage-zero\/summit-pro-series\/summit-pro-572\/","og_site_name":"Ariens | EMEAA","article_modified_time":"2026-02-25T10:46:00+00:00","og_image":[{"width":1024,"height":720,"url":"https:\/\/www.ariens.eu\/fr\/wp-content\/uploads\/sites\/4\/2025\/06\/ariens-summit-pro-372.png","type":"image\/png"}],"twitter_card":"summary_large_image","twitter_misc":{"Dur\u00e9e de lecture estim\u00e9e":"4 minutes"},"schema":{"@context":"https:\/\/schema.org","@graph":[{"@type":"WebPage","@id":"https:\/\/www.ariens.eu\/fr\/produit\/tondeuses-a-rayon-de-braquage-zero\/summit-pro-series\/summit-pro-572\/","url":"https:\/\/www.ariens.eu\/fr\/produit\/tondeuses-a-rayon-de-braquage-zero\/summit-pro-series\/summit-pro-572\/","name":"Ariens SUMMIT PRO 572 \u2013 Maximum Coverage, Ultimate Commercial Mower","isPartOf":{"@id":"https:\/\/www.ariens.eu\/fr\/#website"},"primaryImageOfPage":{"@id":"https:\/\/www.ariens.eu\/fr\/produit\/tondeuses-a-rayon-de-braquage-zero\/summit-pro-series\/summit-pro-572\/#primaryimage"},"image":{"@id":"https:\/\/www.ariens.eu\/fr\/produit\/tondeuses-a-rayon-de-braquage-zero\/summit-pro-series\/summit-pro-572\/#primaryimage"},"thumbnailUrl":"https:\/\/www.ariens.eu\/fr\/wp-content\/uploads\/sites\/4\/2025\/06\/ariens-summit-pro-372.png","datePublished":"2025-08-21T09:12:01+00:00","dateModified":"2026-02-25T10:46:00+00:00","description":"Couvrez plus de terrain avec la tondeuse Ariens SUMMIT PRO 572. Cette tondeuse \u00e0 rayon de braquage z\u00e9ro puissante est con\u00e7ue pour offrir des performances exceptionnelles sur de grandes surfaces et pour les travaux exigeants.","breadcrumb":{"@id":"https:\/\/www.ariens.eu\/fr\/produit\/tondeuses-a-rayon-de-braquage-zero\/summit-pro-series\/summit-pro-572\/#breadcrumb"},"inLanguage":"fr-FR","potentialAction":[{"@type":"ReadAction","target":["https:\/\/www.ariens.eu\/fr\/produit\/tondeuses-a-rayon-de-braquage-zero\/summit-pro-series\/summit-pro-572\/"]}]},{"@type":"ImageObject","inLanguage":"fr-FR","@id":"https:\/\/www.ariens.eu\/fr\/produit\/tondeuses-a-rayon-de-braquage-zero\/summit-pro-series\/summit-pro-572\/#primaryimage","url":"https:\/\/www.ariens.eu\/fr\/wp-content\/uploads\/sites\/4\/2025\/06\/ariens-summit-pro-372.png","contentUrl":"https:\/\/www.ariens.eu\/fr\/wp-content\/uploads\/sites\/4\/2025\/06\/ariens-summit-pro-372.png","width":1024,"height":720,"caption":"Ariens SUMMIT PRO 372, 3d rendering of the model, isolated"},{"@type":"BreadcrumbList","@id":"https:\/\/www.ariens.eu\/fr\/produit\/tondeuses-a-rayon-de-braquage-zero\/summit-pro-series\/summit-pro-572\/#breadcrumb","itemListElement":[{"@type":"ListItem","position":1,"name":"Home","item":"https:\/\/www.ariens.eu\/fr\/"},{"@type":"ListItem","position":2,"name":"Shop","item":"https:\/\/www.ariens.eu\/fr\/shop\/"},{"@type":"ListItem","position":3,"name":"SUMMIT PRO 572"}]},{"@type":"WebSite","@id":"https:\/\/www.ariens.eu\/fr\/#website","url":"https:\/\/www.ariens.eu\/fr\/","name":"Ariens | EMEAA","description":"Powerful and reliable zero-turn mowers &amp; snow blowers for professional users and demanding private customers","potentialAction":[{"@type":"SearchAction","target":{"@type":"EntryPoint","urlTemplate":"https:\/\/www.ariens.eu\/fr\/?s={search_term_string}"},"query-input":{"@type":"PropertyValueSpecification","valueRequired":true,"valueName":"search_term_string"}}],"inLanguage":"fr-FR"}]}},"_links":{"self":[{"href":"https:\/\/www.ariens.eu\/fr\/wp-json\/wp\/v2\/product\/4825","targetHints":{"allow":["GET"]}}],"collection":[{"href":"https:\/\/www.ariens.eu\/fr\/wp-json\/wp\/v2\/product"}],"about":[{"href":"https:\/\/www.ariens.eu\/fr\/wp-json\/wp\/v2\/types\/product"}],"replies":[{"embeddable":true,"href":"https:\/\/www.ariens.eu\/fr\/wp-json\/wp\/v2\/comments?post=4825"}],"wp:featuredmedia":[{"embeddable":true,"href":"https:\/\/www.ariens.eu\/fr\/wp-json\/wp\/v2\/media\/4826"}],"wp:attachment":[{"href":"https:\/\/www.ariens.eu\/fr\/wp-json\/wp\/v2\/media?parent=4825"}],"wp:term":[{"taxonomy":"product_brand","embeddable":true,"href":"https:\/\/www.ariens.eu\/fr\/wp-json\/wp\/v2\/product_brand?post=4825"},{"taxonomy":"product_cat","embeddable":true,"href":"https:\/\/www.ariens.eu\/fr\/wp-json\/wp\/v2\/product_cat?post=4825"},{"taxonomy":"product_tag","embeddable":true,"href":"https:\/\/www.ariens.eu\/fr\/wp-json\/wp\/v2\/product_tag?post=4825"}],"curies":[{"name":"wp","href":"https:\/\/api.w.org\/{rel}","templated":true}]}}