{"id":4833,"date":"2025-09-09T12:51:44","date_gmt":"2025-09-09T11:51:44","guid":{"rendered":"https:\/\/www.ariens.eu\/fr\/?post_type=product&#038;p=4833"},"modified":"2026-02-25T10:48:09","modified_gmt":"2026-02-25T10:48:09","slug":"summit-pro-348","status":"publish","type":"product","link":"https:\/\/www.ariens.eu\/fr\/produit\/zero-turn-mowers\/summit-pro-series\/summit-pro-348","title":{"rendered":"SUMMIT PRO 348"},"content":{"rendered":"<div class=\"acfd-block acfd-block__headline container-fluid px-0 bg-default\">\n<div class=\"acfd-headline\" >\n<h2 class='h1 text-left li_black bigger'>Une puissance compacte pour les professionnels de la pr\u00e9cision<\/h2>\n<\/p><\/div>\n<\/div>\n<div class=\"acfd-block acfd-block__text container-fluid px-0 bg-default\">\n<div class=\"acfd-text li_black\">\n<p>La SUMMIT PRO 348 est le mod\u00e8le d&#8217;entr\u00e9e de gamme id\u00e9al pour les prestataires de services qui ont besoin d&#8217;une puissance compacte sans sacrifier la qualit\u00e9. Con\u00e7ue pour les espaces restreints et les terrains accident\u00e9s, cette tondeuse est \u00e9quip\u00e9e d&#8217;un plateau de coupe de 48 pouces qui allie une maniabilit\u00e9 exceptionnelle \u00e0 des performances robustes en virage z\u00e9ro. Construite avec la m\u00eame durabilit\u00e9 que ses grandes s\u0153urs, la 348 offre une fiabilit\u00e9 exceptionnelle aux entrepreneurs qui s&#8217;occupent d&#8217;espaces verts structur\u00e9s et de propri\u00e9t\u00e9s \u00e0 acc\u00e8s limit\u00e9.<\/p>\n<\/div>\n<\/div>\n<div class=\"acfd-block acfd-block__text container-fluid px-0 bg-default\">\n<div class=\"acfd-text li_black\">\n<p>Gr\u00e2ce \u00e0 sa construction robuste, la SUMMIT PRO 348 r\u00e9siste \u00e0 une utilisation commerciale quotidienne. Qu&#8217;il s&#8217;agisse d&#8217;un gazon dense, d&#8217;une charge de travail importante ou de longues journ\u00e9es, cette tondeuse offre une coupe nette et r\u00e9guli\u00e8re. Son encombrement r\u00e9duit facilite son transport et l&#8217;acc\u00e8s aux zones difficiles d&#8217;acc\u00e8s, ce qui en fait le compl\u00e9ment id\u00e9al pour les \u00e9quipes d&#8217;entretien charg\u00e9es de la gestion de terrains complexes.<\/p>\n<\/div>\n<\/div>\n<div class=\"acfd-block acfd-block__headline container-fluid px-0 bg-default\">\n<div class=\"acfd-headline\" >\n<h3 class='h2 text-left li_black'>Caract\u00e9ristiques et avantages principaux<\/h3>\n<\/p><\/div>\n<\/div>\n<div class=\"acfd-block acfd-block__text container-fluid px-0 bg-default\">\n<div class=\"acfd-text li_black\">\n<ul>\n<li>Id\u00e9al pour : les zones compactes, \u00e9troites et structur\u00e9es.<\/li>\n<li>Vitesse maximale : 14,5 km\/h.<\/li>\n<li>Rendement : jusqu&#8217;\u00e0 17 800 m\u00b2\/h.<\/li>\n<li>Garantie : 5 ans \/ 1 250 heures (sans limite d&#8217;heures pendant les 2 premi\u00e8res ann\u00e9es).<\/li>\n<li>Con\u00e7u pour les charges de travail commerciales quotidiennes avec un temps d&#8217;arr\u00eat minimal.<\/li>\n<\/ul>\n<\/div>\n<\/div>\n<div class=\"acfd-block acfd-block__twocolumns container-fluid px-0 bg-default\">\n<div class=\"acfd-twocolumns\">\n<div class=\"row\">\n<div class='col-lg-12 mb-4 '>\n<div class=\"acfd-product-advantages--wrapper\">\n<h2 class=\"h1 bigger text-color-black text-center mb-5\">\n        Features &#038; Benefits    <\/h2>\n<div class=\"acfd-product-advantages\">\n<div class=\"row\">\n<div class=\"col-md-6 mb-4 content\">\n                    <span class=\"d-block h5 text-color-brand mb-1\">Nouveaux axes de lame haute performance.<\/span><\/p>\n<p>Les nouveaux axes de lame des mod\u00e8les ARIENS SUMMIT PRO sont fabriqu\u00e9s en aluminium forg\u00e9 \u00e0 froid. Ils sont particuli\u00e8rement r\u00e9sistants aux vibrations et dissipent la chaleur \u00e9ventuelle. Ils sont \u00e9quip\u00e9s de deux roulements \u00e0 billes doubles. L&rsquo;ensemble est scell\u00e9 pour \u00e9viter toute corrosion due \u00e0 l&rsquo;humidit\u00e9 et \u00e0 la salet\u00e9. Optimisez la dur\u00e9e de vie et r\u00e9duisez les temps d&rsquo;arr\u00eat.<\/p>\n<\/p><\/div>\n<div class=\"col-md-6 mb4 image\"  style=\"background-image:url(https:\/\/www.ariens.eu\/fr\/wp-content\/uploads\/sites\/4\/2025\/09\/ariens-advantage-blade-spindle.jpg)\">\n                <\/div>\n<\/p><\/div>\n<div class=\"row\">\n<div class=\"col-md-6 mb-4 content\">\n                    <span class=\"d-block h5 text-color-brand mb-1\">Nouveau plateau de coupe Ariens ENVY-PRO<\/span><\/p>\n<p>Le plateau a \u00e9t\u00e9 enti\u00e8rement repens\u00e9 pour une r\u00e9partition optimale de l&rsquo;herbe et une qualit\u00e9 de coupe exceptionnelle. Il est soud\u00e9 \u00e0 partir d&rsquo;une t\u00f4le d&rsquo;acier de 4,6 mm d&rsquo;\u00e9paisseur et offre une robustesse qui garantit de nombreuses ann\u00e9es d&rsquo;utilisation. Gr\u00e2ce \u00e0 sa grande profondeur, il est parfaitement adapt\u00e9 \u00e0 l&rsquo;installation du kit mulching disponible en option.<\/p>\n<\/p><\/div>\n<div class=\"col-md-6 mb4 image\"  style=\"background-image:url(https:\/\/www.ariens.eu\/fr\/wp-content\/uploads\/sites\/4\/2025\/09\/ariens-advantage-envy-pro-deck.jpg)\">\n                <\/div>\n<\/p><\/div>\n<div class=\"row\">\n<div class=\"col-md-6 mb-4 content\">\n                    <span class=\"d-block h5 text-color-brand mb-1\">D\u00e9marrage en douceur<\/span><\/p>\n<p>Les transmissions hydrostatiques PARKER<sup>&reg;<\/sup> de haute qualit\u00e9 sont r\u00e9put\u00e9es pour leur r\u00e9activit\u00e9 en douceur lors du passage de la marche avant \u00e0 la marche arri\u00e8re. Associ\u00e9es aux grandes roues de 24 ou 26 pouces, elles offrent un confort de conduite maximal et r\u00e9duisent le patinage des roues lors des man\u0153uvres. Les intervalles de vidange d&rsquo;huile tr\u00e8s longs pour les transmissions hydrostatiques \u00e9vitent les visites fastidieuses \u00e0 l&rsquo;atelier pendant la saison.<\/p>\n<\/p><\/div>\n<div class=\"col-md-6 mb4 image\"  style=\"background-image:url(https:\/\/www.ariens.eu\/fr\/wp-content\/uploads\/sites\/4\/2025\/09\/ariens-advantage-parker-hydrostats.jpg)\">\n                <\/div>\n<\/p><\/div>\n<div class=\"row\">\n<div class=\"col-md-6 mb-4 content\">\n                    <span class=\"d-block h5 text-color-brand mb-1\">Moteur Kawasaki FX 801V haut de gamme et puissant<\/span><\/p>\n<p>Composants et mat\u00e9riaux de haute qualit\u00e9 pour l&rsquo;entretien des pelouses \u00e0 grande \u00e9chelle.<\/p>\n<\/p><\/div>\n<div class=\"col-md-6 mb4 image\"  style=\"background-image:url(https:\/\/www.ariens.eu\/fr\/wp-content\/uploads\/sites\/4\/2025\/09\/ariens-advantage-300-engine.jpg)\">\n                <\/div>\n<\/p><\/div>\n<div class=\"row\">\n<div class=\"col-md-6 mb-4 content\">\n                    <span class=\"d-block h5 text-color-brand mb-1\">Hydrostats Parker commerciaux<\/span><\/p>\n<p>Les hydrostats professionnels Parker<sup>&reg;<\/sup> HTJ atteignent une vitesse maximale de 17 km\/h et sont \u00e9quip\u00e9s d&rsquo;une pompe puissante de 12 cm\u00b3. Les filtres sont facilement accessibles par l&rsquo;arri\u00e8re, ce qui facilite leur entretien. Il s&rsquo;agit d&rsquo;hydrostats enti\u00e8rement int\u00e9gr\u00e9s comportant peu de composants. Cela minimise le risque de fuite d&rsquo;huile et facilite l&rsquo;entretien.<\/p>\n<\/p><\/div>\n<div class=\"col-md-6 mb4 image\"  style=\"background-image:url(https:\/\/www.ariens.eu\/fr\/wp-content\/uploads\/sites\/4\/2025\/09\/ariens-advantage-300-transaxle.jpg)\">\n                <\/div>\n<\/p><\/div>\n<div class=\"row\">\n<div class=\"col-md-6 mb-4 content\">\n                    <span class=\"d-block h5 text-color-brand mb-1\">Selle tout suspendu<\/span><\/p>\n<p>La suspension m\u00e9canique int\u00e9gr\u00e9e du si\u00e8ge de la s\u00e9rie ARIENS SUMMIT PRO 300 peut \u00eatre r\u00e9gl\u00e9e avec pr\u00e9cision en fonction du poids de l&rsquo;utilisateur. Les accoudoirs sont r\u00e9glables en hauteur et rabattables. Le soutien lombaire r\u00e9glable est essentiel pour prot\u00e9ger le dos.<\/p>\n<\/p><\/div>\n<div class=\"col-md-6 mb4 image\"  style=\"background-image:url(https:\/\/www.ariens.eu\/fr\/wp-content\/uploads\/sites\/4\/2025\/09\/ariens-advantage-full-suspended-seat.jpg)\">\n                <\/div>\n<\/p><\/div>\n<div class=\"row\">\n<div class=\"col-md-6 mb-4 content\">\n                    <span class=\"d-block h5 text-color-brand mb-1\">Roues avant anti-crevaison<\/span><\/p>\n<p>Les grandes roues avant de 15 pouces pivotant \u00e0 360\u00b0 sont semi-pneumatiques. Cela signifie qu&rsquo;elles sont enti\u00e8rement remplies de mousse de caoutchouc. Les crevaisons et les pertes de pression sont donc exclues.<\/p>\n<\/p><\/div>\n<div class=\"col-md-6 mb4 image\"  style=\"background-image:url(https:\/\/www.ariens.eu\/fr\/wp-content\/uploads\/sites\/4\/2025\/09\/ariens-advantage-puncture-proof-frnot-wheel.jpg)\">\n                <\/div>\n<\/p><\/div>\n<div class=\"row\">\n<div class=\"col-md-6 mb-4 content\">\n                    <span class=\"d-block h5 text-color-brand mb-1\">R\u00e9glage pratique de la hauteur de coupe<\/span><\/p>\n<p>Une molette permet de r\u00e9gler facilement la hauteur entre 2,5 et 13 cm. Une p\u00e9dale \u00e0 ressort facilite le levage du plateau de coupe.<\/p>\n<\/p><\/div>\n<div class=\"col-md-6 mb4 image\"  style=\"background-image:url(https:\/\/www.ariens.eu\/fr\/wp-content\/uploads\/sites\/4\/2025\/09\/ariens-advantage-cutting-height-adjustment.jpg)\">\n                <\/div>\n<\/p><\/div>\n<div class=\"row\">\n<div class=\"col-md-6 mb-4 content\">\n                    <span class=\"d-block h5 text-color-brand mb-1\">Grand r\u00e9servoir de 48 litres<\/span><\/p>\n<p>Le remplissage constant du r\u00e9servoir demande du temps et de l&rsquo;\u00e9nergie. C&rsquo;est pourquoi tous les mod\u00e8les ARIENS SUMMIT PRO sont \u00e9quip\u00e9s d&rsquo;un r\u00e9servoir extra-large de 48 litres qui permet de travailler sans interruption pendant de longues journ\u00e9es.<\/p>\n<\/p><\/div>\n<div class=\"col-md-6 mb4 image\"  style=\"background-image:url(https:\/\/www.ariens.eu\/fr\/wp-content\/uploads\/sites\/4\/2025\/09\/ariens-advantage-large-tank.jpg)\">\n                <\/div>\n<\/p><\/div>\n<div class=\"row\">\n<div class=\"col-md-6 mb-4 content\">\n                    <span class=\"d-block h5 text-color-brand mb-1\">Cadre tubulaire enti\u00e8rement soud\u00e9<\/span><\/p>\n<p>Un simple coup d&rsquo;\u0153il suffit pour constater la stabilit\u00e9 et la solidit\u00e9 de la structure. De grands tubes carr\u00e9s sont assembl\u00e9s sans soudure pour former un cadre solide et durable.<\/p>\n<\/p><\/div>\n<div class=\"col-md-6 mb4 image\"  style=\"background-image:url(https:\/\/www.ariens.eu\/fr\/wp-content\/uploads\/sites\/4\/2025\/09\/ariens-advantage-tubular-frame.jpg)\">\n                <\/div>\n<\/p><\/div>\n<\/p><\/div>\n<\/div><\/div>\n<div class='col-lg'>                    <\/div>\n<\/p><\/div>\n<\/div>\n<\/div>\n","protected":false},"excerpt":{"rendered":"<p>Une puissance compacte pour les professionnels de la pr\u00e9cision La SUMMIT PRO 348 est le mod\u00e8le d&#8217;entr\u00e9e de gamme id\u00e9al pour les prestataires de services qui ont besoin d&#8217;une puissance compacte sans sacrifier la qualit\u00e9. Con\u00e7ue pour les espaces restreints et les terrains accident\u00e9s, cette tondeuse est \u00e9quip\u00e9e d&#8217;un plateau de coupe de 48 pouces [&hellip;]<\/p>\n","protected":false},"featured_media":4834,"comment_status":"open","ping_status":"closed","template":"","meta":{"_acf_changed":false,"_relevanssi_hide_post":"","_relevanssi_hide_content":"","_relevanssi_pin_for_all":"","_relevanssi_pin_keywords":"","_relevanssi_unpin_keywords":"","_relevanssi_related_keywords":"","_relevanssi_related_include_ids":"","_relevanssi_related_exclude_ids":"","_relevanssi_related_no_append":"","_relevanssi_related_not_related":"","_relevanssi_related_posts":"","_relevanssi_noindex_reason":""},"product_brand":[],"product_cat":[15],"product_tag":[],"class_list":{"0":"post-4833","1":"product","2":"type-product","3":"status-publish","4":"has-post-thumbnail","6":"product_variant-summit-pro-series","7":"product_usage_areas-municipalites-chantiers","8":"product_usage_areas-prestataires-de-services","9":"product_usage_areas-services-de-conciergerie","11":"first","12":"instock","13":"shipping-taxable","14":"product-type-simple"},"acf":[],"yoast_head":"<!-- This site is optimized with the Yoast SEO plugin v27.3 - https:\/\/yoast.com\/product\/yoast-seo-wordpress\/ -->\n<title>Ariens SUMMIT PRO 348 \u2013 Compact Zero-Turn Mower for Tight Spaces<\/title>\n<meta name=\"description\" content=\"D\u00e9couvrez l&#039;Ariens SUMMIT PRO 348 : une tondeuse compacte \u00e0 rayon de braquage z\u00e9ro con\u00e7ue pour offrir pr\u00e9cision, performances et maniabilit\u00e9 dans les espaces confin\u00e9s ou complexes. Con\u00e7ue pour les professionnels.\" \/>\n<meta name=\"robots\" content=\"index, follow, max-snippet:-1, max-image-preview:large, max-video-preview:-1\" \/>\n<link rel=\"canonical\" href=\"https:\/\/www.ariens.eu\/fr\/produit\/tondeuses-a-rayon-de-braquage-zero\/summit-pro-series\/summit-pro-348\/\" \/>\n<meta property=\"og:locale\" content=\"fr_FR\" \/>\n<meta property=\"og:type\" content=\"article\" \/>\n<meta property=\"og:title\" content=\"Ariens SUMMIT PRO 348 \u2013 Compact Zero-Turn Mower for Tight Spaces\" \/>\n<meta property=\"og:description\" content=\"D\u00e9couvrez l&#039;Ariens SUMMIT PRO 348 : une tondeuse compacte \u00e0 rayon de braquage z\u00e9ro con\u00e7ue pour offrir pr\u00e9cision, performances et maniabilit\u00e9 dans les espaces confin\u00e9s ou complexes. Con\u00e7ue pour les professionnels.\" \/>\n<meta property=\"og:url\" content=\"https:\/\/www.ariens.eu\/fr\/produit\/tondeuses-a-rayon-de-braquage-zero\/summit-pro-series\/summit-pro-348\/\" \/>\n<meta property=\"og:site_name\" content=\"Ariens | EMEAA\" \/>\n<meta property=\"article:modified_time\" content=\"2026-02-25T10:48:09+00:00\" \/>\n<meta property=\"og:image\" content=\"https:\/\/www.ariens.eu\/fr\/wp-content\/uploads\/sites\/4\/2025\/06\/ariens-summit-pro-348.png\" \/>\n\t<meta property=\"og:image:width\" content=\"1024\" \/>\n\t<meta property=\"og:image:height\" content=\"720\" \/>\n\t<meta property=\"og:image:type\" content=\"image\/png\" \/>\n<meta name=\"twitter:card\" content=\"summary_large_image\" \/>\n<meta name=\"twitter:label1\" content=\"Dur\u00e9e de lecture estim\u00e9e\" \/>\n\t<meta name=\"twitter:data1\" content=\"4 minutes\" \/>\n<script type=\"application\/ld+json\" class=\"yoast-schema-graph\">{\"@context\":\"https:\\\/\\\/schema.org\",\"@graph\":[{\"@type\":\"WebPage\",\"@id\":\"https:\\\/\\\/www.ariens.eu\\\/fr\\\/produit\\\/tondeuses-a-rayon-de-braquage-zero\\\/summit-pro-series\\\/summit-pro-348\\\/\",\"url\":\"https:\\\/\\\/www.ariens.eu\\\/fr\\\/produit\\\/tondeuses-a-rayon-de-braquage-zero\\\/summit-pro-series\\\/summit-pro-348\\\/\",\"name\":\"Ariens SUMMIT PRO 348 \u2013 Compact Zero-Turn Mower for Tight Spaces\",\"isPartOf\":{\"@id\":\"https:\\\/\\\/www.ariens.eu\\\/fr\\\/#website\"},\"primaryImageOfPage\":{\"@id\":\"https:\\\/\\\/www.ariens.eu\\\/fr\\\/produit\\\/tondeuses-a-rayon-de-braquage-zero\\\/summit-pro-series\\\/summit-pro-348\\\/#primaryimage\"},\"image\":{\"@id\":\"https:\\\/\\\/www.ariens.eu\\\/fr\\\/produit\\\/tondeuses-a-rayon-de-braquage-zero\\\/summit-pro-series\\\/summit-pro-348\\\/#primaryimage\"},\"thumbnailUrl\":\"https:\\\/\\\/www.ariens.eu\\\/fr\\\/wp-content\\\/uploads\\\/sites\\\/4\\\/2025\\\/06\\\/ariens-summit-pro-348.png\",\"datePublished\":\"2025-09-09T11:51:44+00:00\",\"dateModified\":\"2026-02-25T10:48:09+00:00\",\"description\":\"D\u00e9couvrez l'Ariens SUMMIT PRO 348 : une tondeuse compacte \u00e0 rayon de braquage z\u00e9ro con\u00e7ue pour offrir pr\u00e9cision, performances et maniabilit\u00e9 dans les espaces confin\u00e9s ou complexes. Con\u00e7ue pour les professionnels.\",\"breadcrumb\":{\"@id\":\"https:\\\/\\\/www.ariens.eu\\\/fr\\\/produit\\\/tondeuses-a-rayon-de-braquage-zero\\\/summit-pro-series\\\/summit-pro-348\\\/#breadcrumb\"},\"inLanguage\":\"fr-FR\",\"potentialAction\":[{\"@type\":\"ReadAction\",\"target\":[\"https:\\\/\\\/www.ariens.eu\\\/fr\\\/produit\\\/tondeuses-a-rayon-de-braquage-zero\\\/summit-pro-series\\\/summit-pro-348\\\/\"]}]},{\"@type\":\"ImageObject\",\"inLanguage\":\"fr-FR\",\"@id\":\"https:\\\/\\\/www.ariens.eu\\\/fr\\\/produit\\\/tondeuses-a-rayon-de-braquage-zero\\\/summit-pro-series\\\/summit-pro-348\\\/#primaryimage\",\"url\":\"https:\\\/\\\/www.ariens.eu\\\/fr\\\/wp-content\\\/uploads\\\/sites\\\/4\\\/2025\\\/06\\\/ariens-summit-pro-348.png\",\"contentUrl\":\"https:\\\/\\\/www.ariens.eu\\\/fr\\\/wp-content\\\/uploads\\\/sites\\\/4\\\/2025\\\/06\\\/ariens-summit-pro-348.png\",\"width\":1024,\"height\":720,\"caption\":\"Ariens SUMMIT PRO 348, 3d rendering of the model, isolated\"},{\"@type\":\"BreadcrumbList\",\"@id\":\"https:\\\/\\\/www.ariens.eu\\\/fr\\\/produit\\\/tondeuses-a-rayon-de-braquage-zero\\\/summit-pro-series\\\/summit-pro-348\\\/#breadcrumb\",\"itemListElement\":[{\"@type\":\"ListItem\",\"position\":1,\"name\":\"Home\",\"item\":\"https:\\\/\\\/www.ariens.eu\\\/fr\\\/\"},{\"@type\":\"ListItem\",\"position\":2,\"name\":\"Shop\",\"item\":\"https:\\\/\\\/www.ariens.eu\\\/fr\\\/shop\\\/\"},{\"@type\":\"ListItem\",\"position\":3,\"name\":\"SUMMIT PRO 348\"}]},{\"@type\":\"WebSite\",\"@id\":\"https:\\\/\\\/www.ariens.eu\\\/fr\\\/#website\",\"url\":\"https:\\\/\\\/www.ariens.eu\\\/fr\\\/\",\"name\":\"Ariens | EMEAA\",\"description\":\"Powerful and reliable zero-turn mowers &amp; snow blowers for professional users and demanding private customers\",\"potentialAction\":[{\"@type\":\"SearchAction\",\"target\":{\"@type\":\"EntryPoint\",\"urlTemplate\":\"https:\\\/\\\/www.ariens.eu\\\/fr\\\/?s={search_term_string}\"},\"query-input\":{\"@type\":\"PropertyValueSpecification\",\"valueRequired\":true,\"valueName\":\"search_term_string\"}}],\"inLanguage\":\"fr-FR\"}]}<\/script>\n<!-- \/ Yoast SEO plugin. -->","yoast_head_json":{"title":"Ariens SUMMIT PRO 348 \u2013 Compact Zero-Turn Mower for Tight Spaces","description":"D\u00e9couvrez l'Ariens SUMMIT PRO 348 : une tondeuse compacte \u00e0 rayon de braquage z\u00e9ro con\u00e7ue pour offrir pr\u00e9cision, performances et maniabilit\u00e9 dans les espaces confin\u00e9s ou complexes. Con\u00e7ue pour les professionnels.","robots":{"index":"index","follow":"follow","max-snippet":"max-snippet:-1","max-image-preview":"max-image-preview:large","max-video-preview":"max-video-preview:-1"},"canonical":"https:\/\/www.ariens.eu\/fr\/produit\/tondeuses-a-rayon-de-braquage-zero\/summit-pro-series\/summit-pro-348\/","og_locale":"fr_FR","og_type":"article","og_title":"Ariens SUMMIT PRO 348 \u2013 Compact Zero-Turn Mower for Tight Spaces","og_description":"D\u00e9couvrez l'Ariens SUMMIT PRO 348 : une tondeuse compacte \u00e0 rayon de braquage z\u00e9ro con\u00e7ue pour offrir pr\u00e9cision, performances et maniabilit\u00e9 dans les espaces confin\u00e9s ou complexes. Con\u00e7ue pour les professionnels.","og_url":"https:\/\/www.ariens.eu\/fr\/produit\/tondeuses-a-rayon-de-braquage-zero\/summit-pro-series\/summit-pro-348\/","og_site_name":"Ariens | EMEAA","article_modified_time":"2026-02-25T10:48:09+00:00","og_image":[{"width":1024,"height":720,"url":"https:\/\/www.ariens.eu\/fr\/wp-content\/uploads\/sites\/4\/2025\/06\/ariens-summit-pro-348.png","type":"image\/png"}],"twitter_card":"summary_large_image","twitter_misc":{"Dur\u00e9e de lecture estim\u00e9e":"4 minutes"},"schema":{"@context":"https:\/\/schema.org","@graph":[{"@type":"WebPage","@id":"https:\/\/www.ariens.eu\/fr\/produit\/tondeuses-a-rayon-de-braquage-zero\/summit-pro-series\/summit-pro-348\/","url":"https:\/\/www.ariens.eu\/fr\/produit\/tondeuses-a-rayon-de-braquage-zero\/summit-pro-series\/summit-pro-348\/","name":"Ariens SUMMIT PRO 348 \u2013 Compact Zero-Turn Mower for Tight Spaces","isPartOf":{"@id":"https:\/\/www.ariens.eu\/fr\/#website"},"primaryImageOfPage":{"@id":"https:\/\/www.ariens.eu\/fr\/produit\/tondeuses-a-rayon-de-braquage-zero\/summit-pro-series\/summit-pro-348\/#primaryimage"},"image":{"@id":"https:\/\/www.ariens.eu\/fr\/produit\/tondeuses-a-rayon-de-braquage-zero\/summit-pro-series\/summit-pro-348\/#primaryimage"},"thumbnailUrl":"https:\/\/www.ariens.eu\/fr\/wp-content\/uploads\/sites\/4\/2025\/06\/ariens-summit-pro-348.png","datePublished":"2025-09-09T11:51:44+00:00","dateModified":"2026-02-25T10:48:09+00:00","description":"D\u00e9couvrez l'Ariens SUMMIT PRO 348 : une tondeuse compacte \u00e0 rayon de braquage z\u00e9ro con\u00e7ue pour offrir pr\u00e9cision, performances et maniabilit\u00e9 dans les espaces confin\u00e9s ou complexes. Con\u00e7ue pour les professionnels.","breadcrumb":{"@id":"https:\/\/www.ariens.eu\/fr\/produit\/tondeuses-a-rayon-de-braquage-zero\/summit-pro-series\/summit-pro-348\/#breadcrumb"},"inLanguage":"fr-FR","potentialAction":[{"@type":"ReadAction","target":["https:\/\/www.ariens.eu\/fr\/produit\/tondeuses-a-rayon-de-braquage-zero\/summit-pro-series\/summit-pro-348\/"]}]},{"@type":"ImageObject","inLanguage":"fr-FR","@id":"https:\/\/www.ariens.eu\/fr\/produit\/tondeuses-a-rayon-de-braquage-zero\/summit-pro-series\/summit-pro-348\/#primaryimage","url":"https:\/\/www.ariens.eu\/fr\/wp-content\/uploads\/sites\/4\/2025\/06\/ariens-summit-pro-348.png","contentUrl":"https:\/\/www.ariens.eu\/fr\/wp-content\/uploads\/sites\/4\/2025\/06\/ariens-summit-pro-348.png","width":1024,"height":720,"caption":"Ariens SUMMIT PRO 348, 3d rendering of the model, isolated"},{"@type":"BreadcrumbList","@id":"https:\/\/www.ariens.eu\/fr\/produit\/tondeuses-a-rayon-de-braquage-zero\/summit-pro-series\/summit-pro-348\/#breadcrumb","itemListElement":[{"@type":"ListItem","position":1,"name":"Home","item":"https:\/\/www.ariens.eu\/fr\/"},{"@type":"ListItem","position":2,"name":"Shop","item":"https:\/\/www.ariens.eu\/fr\/shop\/"},{"@type":"ListItem","position":3,"name":"SUMMIT PRO 348"}]},{"@type":"WebSite","@id":"https:\/\/www.ariens.eu\/fr\/#website","url":"https:\/\/www.ariens.eu\/fr\/","name":"Ariens | EMEAA","description":"Powerful and reliable zero-turn mowers &amp; snow blowers for professional users and demanding private customers","potentialAction":[{"@type":"SearchAction","target":{"@type":"EntryPoint","urlTemplate":"https:\/\/www.ariens.eu\/fr\/?s={search_term_string}"},"query-input":{"@type":"PropertyValueSpecification","valueRequired":true,"valueName":"search_term_string"}}],"inLanguage":"fr-FR"}]}},"_links":{"self":[{"href":"https:\/\/www.ariens.eu\/fr\/wp-json\/wp\/v2\/product\/4833","targetHints":{"allow":["GET"]}}],"collection":[{"href":"https:\/\/www.ariens.eu\/fr\/wp-json\/wp\/v2\/product"}],"about":[{"href":"https:\/\/www.ariens.eu\/fr\/wp-json\/wp\/v2\/types\/product"}],"replies":[{"embeddable":true,"href":"https:\/\/www.ariens.eu\/fr\/wp-json\/wp\/v2\/comments?post=4833"}],"wp:featuredmedia":[{"embeddable":true,"href":"https:\/\/www.ariens.eu\/fr\/wp-json\/wp\/v2\/media\/4834"}],"wp:attachment":[{"href":"https:\/\/www.ariens.eu\/fr\/wp-json\/wp\/v2\/media?parent=4833"}],"wp:term":[{"taxonomy":"product_brand","embeddable":true,"href":"https:\/\/www.ariens.eu\/fr\/wp-json\/wp\/v2\/product_brand?post=4833"},{"taxonomy":"product_cat","embeddable":true,"href":"https:\/\/www.ariens.eu\/fr\/wp-json\/wp\/v2\/product_cat?post=4833"},{"taxonomy":"product_tag","embeddable":true,"href":"https:\/\/www.ariens.eu\/fr\/wp-json\/wp\/v2\/product_tag?post=4833"}],"curies":[{"name":"wp","href":"https:\/\/api.w.org\/{rel}","templated":true}]}}