{"id":2311,"date":"2024-05-10T11:04:36","date_gmt":"2024-05-10T10:04:36","guid":{"rendered":"https:\/\/www.ariens.eu\/product\/deluxe-28\/"},"modified":"2026-05-06T13:07:08","modified_gmt":"2026-05-06T12:07:08","slug":"deluxe-28","status":"publish","type":"product","link":"https:\/\/www.ariens.eu\/hr\/product\/snow-blowers\/deluxe-series\/deluxe-28","title":{"rendered":"DELUXE 28"},"content":{"rendered":"<div class=\"acfd-block acfd-block__twocolumns mb-asm-1 container-fluid px-0 bg-default\">\n<div class=\"acfd-twocolumns\">\n<div class=\"row\">\n<div class='col-lg-9 mb-4 '>\n<div class=\"acfd-block acfd-block__headline container-fluid px-0 bg-default\">\n<div class=\"acfd-headline\" >\n<h2 class='h2 text-left li_black'>Pove\u0107ana u\u010dinkovitost povr\u0161ine i potpuna udobnost. Premium \u010di\u0161\u0107enje snijega.<\/h2>\n<\/p><\/div>\n<\/div><\/div>\n<div class='col-lg'>                    <\/div>\n<\/p><\/div>\n<\/div>\n<\/div>\n<div class=\"acfd-block acfd-block__twocolumns mb-asm-2 container-fluid px-0 bg-default\">\n<div class=\"acfd-twocolumns\">\n<div class=\"row\">\n<div class='col-lg-9 mb-4 '>\n<div class=\"acfd-block acfd-block__text container-fluid px-0 bg-default\">\n<div class=\"acfd-text li_black\">\n<p>Izravna snaga za neupitnu u\u010dinkovitost. Nije \u010dudo da je serija DELUXE konstantno jedan od na\u0161ih najbolje prodavanih proizvoda. Uostalom, konstantno smanjuje zimu za nekoliko stupnjeva. Lako se manevrira i kontrolira sa standardnim Auto-Turn\u2122 upravljanjem. S vi\u0161e veli\u010dina i izbora mo\u0107nih Ariens AX motora, lako je prona\u0107i pravi Sno-Thro<sup>&reg;<\/sup> za va\u0161u imovinu.<\/p>\n<p>\u010cistite snijeg bez kompromisa zahvaljuju\u0107i snazi i performansama Deluxe 28. Deluxe modeli su bestseleri \u0161irom svijeta.<\/p>\n<ul>\n<li>\u0160irina \u010di\u0161\u0107enja 71 cm<\/li>\n<li>Maksimalni izlaz: 65 tona snijega na sat<\/li>\n<li>Mo\u0107an Ariens AX motor od 254 cm\u00b3<\/li>\n<li>Elektri\u010dni start s 230 V<\/li>\n<li>Baca snijeg do 15 metara<\/li>\n<li>Promjer vijka i rotora 36 cm (14 in\u010da)<\/li>\n<li>Visoka visina ku\u0107i\u0161ta od 53 cm za dublji snijeg<\/li>\n<li>Auto-Turn upravljanje bez okida\u010da<\/li>\n<li>Zaklju\u010davaju\u0107e ru\u010dke za jednoru\u010dno upravljanje<\/li>\n<\/ul>\n<\/div>\n<\/div><\/div>\n<div class='col-lg'>                    <\/div>\n<\/p><\/div>\n<\/div>\n<\/div>\n<div class=\"acfd-block acfd-block__category mb-asm-3 container-fluid px-0 bg-default\">\n<div class=\"acfd-product-categories\">\n<h2 class=\"text-left mb-3\">\n        Applications    <\/h2>\n<div class=\"product-categories_wrapper\">\n         <span\n                data-description=\"Det patenterte Ariens AutoTurn<sup>&reg;<\/sup> styresystemet forhindrer at et drivhjul eller et RapidTrak\u2122-belte spinner. Samtidig gir det enkel styring av maskinen ved automatisk \u00e5 frikoble den ene drivsiden n\u00e5r du svinger. Alle Ariens sn\u00f8fresere, bortsett fra CLASSIC-modellen, er utstyrt med AutoTurn.\"                class=\"product-category-single\"> AutoTurn<sup>&reg;<\/sup>                <sup><i class=\"fa fa-info-circle\" aria-hidden=\"true\"><\/i><\/sup>            <\/span>  <span\n                data-description=\"A 230 volt connection allows you to start the machine at the touch of a button. Standard on all models.\"                class=\"product-category-single\"> Electric start                <sup><i class=\"fa fa-info-circle\" aria-hidden=\"true\"><\/i><\/sup>            <\/span>     <\/div>\n<\/div>\n<\/div>\n<div class=\"acfd-block acfd-block__twocolumns container-fluid container-fluid--force px-0 bg-default\">\n<div class=\"acfd-twocolumns\">\n<div class=\"row\">\n<div class='col-lg-12 mb-4 '>\n<div class=\"acfd-product-advantages--wrapper\">\n<h2 class=\"h1 bigger text-color-black text-center mb-5\">\n        Features &#038; Benefits    <\/h2>\n<div class=\"acfd-product-advantages\">\n<div class=\"row\">\n<div class=\"col-md-6 mb-4 content\">\n                    <span class=\"d-block h5 text-color-brand mb-1\">35.6 cm rotor<\/span><\/p>\n<p>35.6 cm \u010deli\u010dni rotor nudi iznimne performanse u svim snje\u017enim uvjetima. Bacanje snijega od 0.9 do 15.2 metara.<\/p>\n<\/p><\/div>\n<div class=\"col-md-6 mb4 image\"  style=\"background-image:url(https:\/\/www.ariens.eu\/hr\/wp-content\/uploads\/sites\/15\/2026\/05\/deluxe-30-herofeature1.webp)\">\n                <\/div>\n<\/p><\/div>\n<div class=\"row\">\n<div class=\"col-md-6 mb-4 content\">\n                    <span class=\"d-block h5 text-color-brand mb-1\">Lijevano \u017eeljezo ku\u0107i\u0161te mjenja\u010da<\/span><\/p>\n<p>Mjenja\u010d svrdla je jako optere\u0107en dio. Ulo\u017eili smo puno truda da ga u\u010dinimo posebno stabilnim. Upravo zbog te stabilnosti nudimo i 5-godi\u0161nju garanciju na njega.<\/p>\n<\/p><\/div>\n<div class=\"col-md-6 mb4 image\"  style=\"background-image:url(https:\/\/www.ariens.eu\/hr\/wp-content\/uploads\/sites\/15\/2026\/05\/compact-24.webp)\">\n                <\/div>\n<\/p><\/div>\n<div class=\"row\">\n<div class=\"col-md-6 mb-4 content\">\n                    <span class=\"d-block h5 text-color-brand mb-1\">Dvostruki pogon remenom<\/span><\/p>\n<p>Ovaj Ariensov sistem koristi dva remena umjesto jednog za efikasnu upotrebu motornog okretnog momenta i br\u017ee \u010di\u0161\u0107enje snijega. Dvostruki remenski sistem zna\u010di da je ukupno tro\u0161enje remena manje i da se snijeg mo\u017ee bacati dalje.<\/p>\n<\/p><\/div>\n<div class=\"col-md-6 mb4 image\"  style=\"background-image:url(https:\/\/www.ariens.eu\/hr\/wp-content\/uploads\/sites\/15\/2026\/05\/herofeature3.webp)\">\n                <\/div>\n<\/p><\/div>\n<div class=\"row\">\n<div class=\"col-md-6 mb-4 content\">\n                    <span class=\"d-block h5 text-color-brand mb-1\">Auto-Turn upravljanje<\/span><\/p>\n<p>Bez napora nultog polumjera okretanja &#8211; za glatko, precizno i dosljedno izvo\u0111enje okretanja koji vam \u0161tede vrijeme. Minimalan napor potrebni za upravljanje.<\/p>\n<\/p><\/div>\n<div class=\"col-md-6 mb4 image\"  style=\"background-image:url(https:\/\/www.ariens.eu\/hr\/wp-content\/uploads\/sites\/15\/2026\/05\/deluxe-30-thumbnailfeature1.webp)\">\n                <\/div>\n<\/p><\/div>\n<div class=\"row\">\n<div class=\"col-md-6 mb-4 content\">\n                    <span class=\"d-block h5 text-color-brand mb-1\">Snje\u017ena lopatica<\/span><\/p>\n<p>41 cm (16&#8243;) lopatica nudi dobru manevriranje i optimalnu povr\u0161inu za bolje performanse na klizavim podlogama.<\/p>\n<\/p><\/div>\n<div class=\"col-md-6 mb4 image\"  style=\"background-image:url(https:\/\/www.ariens.eu\/hr\/wp-content\/uploads\/sites\/15\/2026\/05\/deluxe-30-thumbnailfeature2.webp)\">\n                <\/div>\n<\/p><\/div>\n<div class=\"row\">\n<div class=\"col-md-6 mb-4 content\">\n                    <span class=\"d-block h5 text-color-brand mb-1\">Robusna konstrukcija<\/span><\/p>\n<p>Upravlja\u010d, nadzorna plo\u010da, ku\u0107i\u0161te, vi\u0161enamjenski \u017elijeb i \u010dak klizne cipele izra\u0111eni su od 100% \u010delika.<\/p>\n<\/p><\/div>\n<div class=\"col-md-6 mb4 image\"  style=\"background-image:url(https:\/\/www.ariens.eu\/hr\/wp-content\/uploads\/sites\/15\/2026\/05\/deluxe-30-thumbnailfeature3.webp)\">\n                <\/div>\n<\/p><\/div>\n<\/p><\/div>\n<\/div><\/div>\n<div class='col-lg'>                    <\/div>\n<\/p><\/div>\n<\/div>\n<\/div>\n","protected":false},"excerpt":{"rendered":"<p>Pove\u0107ana u\u010dinkovitost povr\u0161ine i potpuna udobnost. Premium \u010di\u0161\u0107enje snijega. Izravna snaga za neupitnu u\u010dinkovitost. Nije \u010dudo da je serija DELUXE konstantno jedan od na\u0161ih najbolje prodavanih proizvoda. Uostalom, konstantno smanjuje zimu za nekoliko stupnjeva. Lako se manevrira i kontrolira sa standardnim Auto-Turn\u2122 upravljanjem. S vi\u0161e veli\u010dina i izbora mo\u0107nih Ariens AX motora, lako je prona\u0107i [&hellip;]<\/p>\n","protected":false},"featured_media":2688,"comment_status":"open","ping_status":"closed","template":"","meta":{"_acf_changed":false,"_relevanssi_hide_post":"","_relevanssi_hide_content":"","_relevanssi_pin_for_all":"","_relevanssi_pin_keywords":"","_relevanssi_unpin_keywords":"","_relevanssi_related_keywords":"","_relevanssi_related_include_ids":"","_relevanssi_related_exclude_ids":"","_relevanssi_related_no_append":"","_relevanssi_related_not_related":"","_relevanssi_related_posts":"","_relevanssi_noindex_reason":""},"product_brand":[],"product_cat":[15],"product_tag":[],"class_list":{"0":"post-2311","1":"product","2":"type-product","3":"status-publish","4":"has-post-thumbnail","6":"product_variant-deluxe-series","7":"product_usage_areas-municipalities-building-yards","8":"product_usage_areas-winter-service","10":"first","11":"instock","12":"shipping-taxable","13":"product-type-simple"},"acf":[],"yoast_head":"<!-- This site is optimized with the Yoast SEO plugin v27.3 - https:\/\/yoast.com\/product\/yoast-seo-wordpress\/ -->\n<title>DELUXE 28 \u2013 Snow blower | Ariens<\/title>\n<meta name=\"description\" content=\"Clear snow without compromise thanks to the power and performance of the Deluxe 28. The Deluxe models are bestsellers worldwide. Snow clearing deluxe.\" \/>\n<meta name=\"robots\" content=\"noindex, follow, max-snippet:-1, max-image-preview:large, max-video-preview:-1\" \/>\n<meta property=\"og:locale\" content=\"hr_HR\" \/>\n<meta property=\"og:type\" content=\"article\" \/>\n<meta property=\"og:title\" content=\"DELUXE 28 \u2013 Snow blower | Ariens\" \/>\n<meta property=\"og:description\" content=\"Clear snow without compromise thanks to the power and performance of the Deluxe 28. The Deluxe models are bestsellers worldwide. Snow clearing deluxe.\" \/>\n<meta property=\"og:url\" content=\"https:\/\/www.ariens.eu\/hr\/product\/snow-blowers\/deluxe-series\/deluxe-28\/\" \/>\n<meta property=\"og:site_name\" content=\"Ariens | EMEAA\" \/>\n<meta property=\"article:modified_time\" content=\"2026-05-06T12:07:08+00:00\" \/>\n<meta property=\"og:image\" content=\"https:\/\/www.ariens.eu\/hr\/wp-content\/uploads\/sites\/15\/2024\/05\/deluxe-28-studio.webp\" \/>\n\t<meta property=\"og:image:width\" content=\"802\" \/>\n\t<meta property=\"og:image:height\" content=\"580\" \/>\n\t<meta property=\"og:image:type\" content=\"image\/webp\" \/>\n<meta name=\"twitter:card\" content=\"summary_large_image\" \/>\n<meta name=\"twitter:label1\" content=\"Procijenjeno vrijeme \u010ditanja\" \/>\n\t<meta name=\"twitter:data1\" content=\"2 minute\" \/>\n<script type=\"application\/ld+json\" class=\"yoast-schema-graph\">{\"@context\":\"https:\\\/\\\/schema.org\",\"@graph\":[{\"@type\":\"WebPage\",\"@id\":\"https:\\\/\\\/www.ariens.eu\\\/hr\\\/product\\\/snow-blowers\\\/deluxe-series\\\/deluxe-28\\\/\",\"url\":\"https:\\\/\\\/www.ariens.eu\\\/hr\\\/product\\\/snow-blowers\\\/deluxe-series\\\/deluxe-28\\\/\",\"name\":\"DELUXE 28 \u2013 Snow blower | Ariens\",\"isPartOf\":{\"@id\":\"https:\\\/\\\/www.ariens.eu\\\/hr\\\/#website\"},\"primaryImageOfPage\":{\"@id\":\"https:\\\/\\\/www.ariens.eu\\\/hr\\\/product\\\/snow-blowers\\\/deluxe-series\\\/deluxe-28\\\/#primaryimage\"},\"image\":{\"@id\":\"https:\\\/\\\/www.ariens.eu\\\/hr\\\/product\\\/snow-blowers\\\/deluxe-series\\\/deluxe-28\\\/#primaryimage\"},\"thumbnailUrl\":\"https:\\\/\\\/www.ariens.eu\\\/hr\\\/wp-content\\\/uploads\\\/sites\\\/15\\\/2024\\\/05\\\/deluxe-28-studio.webp\",\"datePublished\":\"2024-05-10T10:04:36+00:00\",\"dateModified\":\"2026-05-06T12:07:08+00:00\",\"description\":\"Clear snow without compromise thanks to the power and performance of the Deluxe 28. The Deluxe models are bestsellers worldwide. Snow clearing deluxe.\",\"breadcrumb\":{\"@id\":\"https:\\\/\\\/www.ariens.eu\\\/hr\\\/product\\\/snow-blowers\\\/deluxe-series\\\/deluxe-28\\\/#breadcrumb\"},\"inLanguage\":\"hr\",\"potentialAction\":[{\"@type\":\"ReadAction\",\"target\":[\"https:\\\/\\\/www.ariens.eu\\\/hr\\\/product\\\/snow-blowers\\\/deluxe-series\\\/deluxe-28\\\/\"]}]},{\"@type\":\"ImageObject\",\"inLanguage\":\"hr\",\"@id\":\"https:\\\/\\\/www.ariens.eu\\\/hr\\\/product\\\/snow-blowers\\\/deluxe-series\\\/deluxe-28\\\/#primaryimage\",\"url\":\"https:\\\/\\\/www.ariens.eu\\\/hr\\\/wp-content\\\/uploads\\\/sites\\\/15\\\/2024\\\/05\\\/deluxe-28-studio.webp\",\"contentUrl\":\"https:\\\/\\\/www.ariens.eu\\\/hr\\\/wp-content\\\/uploads\\\/sites\\\/15\\\/2024\\\/05\\\/deluxe-28-studio.webp\",\"width\":802,\"height\":580},{\"@type\":\"BreadcrumbList\",\"@id\":\"https:\\\/\\\/www.ariens.eu\\\/hr\\\/product\\\/snow-blowers\\\/deluxe-series\\\/deluxe-28\\\/#breadcrumb\",\"itemListElement\":[{\"@type\":\"ListItem\",\"position\":1,\"name\":\"Home\",\"item\":\"https:\\\/\\\/www.ariens.eu\\\/hr\\\/\"},{\"@type\":\"ListItem\",\"position\":2,\"name\":\"Shop\",\"item\":\"https:\\\/\\\/www.ariens.eu\\\/hr\\\/shop\\\/\"},{\"@type\":\"ListItem\",\"position\":3,\"name\":\"DELUXE 28\"}]},{\"@type\":\"WebSite\",\"@id\":\"https:\\\/\\\/www.ariens.eu\\\/hr\\\/#website\",\"url\":\"https:\\\/\\\/www.ariens.eu\\\/hr\\\/\",\"name\":\"Ariens | EMEAA\",\"description\":\"Powerful and reliable zero-turn mowers &amp; snow blowers for professional users and demanding private customers\",\"publisher\":{\"@id\":\"https:\\\/\\\/www.ariens.eu\\\/hr\\\/#organization\"},\"potentialAction\":[{\"@type\":\"SearchAction\",\"target\":{\"@type\":\"EntryPoint\",\"urlTemplate\":\"https:\\\/\\\/www.ariens.eu\\\/hr\\\/?s={search_term_string}\"},\"query-input\":{\"@type\":\"PropertyValueSpecification\",\"valueRequired\":true,\"valueName\":\"search_term_string\"}}],\"inLanguage\":\"hr\"},{\"@type\":\"Organization\",\"@id\":\"https:\\\/\\\/www.ariens.eu\\\/hr\\\/#organization\",\"name\":\"AriensCo GmbH\",\"url\":\"https:\\\/\\\/www.ariens.eu\\\/hr\\\/\",\"logo\":{\"@type\":\"ImageObject\",\"inLanguage\":\"hr\",\"@id\":\"https:\\\/\\\/www.ariens.eu\\\/hr\\\/#\\\/schema\\\/logo\\\/image\\\/\",\"url\":\"https:\\\/\\\/www.ariens.eu\\\/wp-content\\\/uploads\\\/2024\\\/11\\\/ariens-co-logo.jpg\",\"contentUrl\":\"https:\\\/\\\/www.ariens.eu\\\/wp-content\\\/uploads\\\/2024\\\/11\\\/ariens-co-logo.jpg\",\"width\":1000,\"height\":1000,\"caption\":\"AriensCo GmbH\"},\"image\":{\"@id\":\"https:\\\/\\\/www.ariens.eu\\\/hr\\\/#\\\/schema\\\/logo\\\/image\\\/\"}}]}<\/script>\n<!-- \/ Yoast SEO plugin. -->","yoast_head_json":{"title":"DELUXE 28 \u2013 Snow blower | Ariens","description":"Clear snow without compromise thanks to the power and performance of the Deluxe 28. The Deluxe models are bestsellers worldwide. Snow clearing deluxe.","robots":{"index":"noindex","follow":"follow","max-snippet":"max-snippet:-1","max-image-preview":"max-image-preview:large","max-video-preview":"max-video-preview:-1"},"og_locale":"hr_HR","og_type":"article","og_title":"DELUXE 28 \u2013 Snow blower | Ariens","og_description":"Clear snow without compromise thanks to the power and performance of the Deluxe 28. The Deluxe models are bestsellers worldwide. Snow clearing deluxe.","og_url":"https:\/\/www.ariens.eu\/hr\/product\/snow-blowers\/deluxe-series\/deluxe-28\/","og_site_name":"Ariens | EMEAA","article_modified_time":"2026-05-06T12:07:08+00:00","og_image":[{"width":802,"height":580,"url":"https:\/\/www.ariens.eu\/hr\/wp-content\/uploads\/sites\/15\/2024\/05\/deluxe-28-studio.webp","type":"image\/webp"}],"twitter_card":"summary_large_image","twitter_misc":{"Procijenjeno vrijeme \u010ditanja":"2 minute"},"schema":{"@context":"https:\/\/schema.org","@graph":[{"@type":"WebPage","@id":"https:\/\/www.ariens.eu\/hr\/product\/snow-blowers\/deluxe-series\/deluxe-28\/","url":"https:\/\/www.ariens.eu\/hr\/product\/snow-blowers\/deluxe-series\/deluxe-28\/","name":"DELUXE 28 \u2013 Snow blower | Ariens","isPartOf":{"@id":"https:\/\/www.ariens.eu\/hr\/#website"},"primaryImageOfPage":{"@id":"https:\/\/www.ariens.eu\/hr\/product\/snow-blowers\/deluxe-series\/deluxe-28\/#primaryimage"},"image":{"@id":"https:\/\/www.ariens.eu\/hr\/product\/snow-blowers\/deluxe-series\/deluxe-28\/#primaryimage"},"thumbnailUrl":"https:\/\/www.ariens.eu\/hr\/wp-content\/uploads\/sites\/15\/2024\/05\/deluxe-28-studio.webp","datePublished":"2024-05-10T10:04:36+00:00","dateModified":"2026-05-06T12:07:08+00:00","description":"Clear snow without compromise thanks to the power and performance of the Deluxe 28. The Deluxe models are bestsellers worldwide. Snow clearing deluxe.","breadcrumb":{"@id":"https:\/\/www.ariens.eu\/hr\/product\/snow-blowers\/deluxe-series\/deluxe-28\/#breadcrumb"},"inLanguage":"hr","potentialAction":[{"@type":"ReadAction","target":["https:\/\/www.ariens.eu\/hr\/product\/snow-blowers\/deluxe-series\/deluxe-28\/"]}]},{"@type":"ImageObject","inLanguage":"hr","@id":"https:\/\/www.ariens.eu\/hr\/product\/snow-blowers\/deluxe-series\/deluxe-28\/#primaryimage","url":"https:\/\/www.ariens.eu\/hr\/wp-content\/uploads\/sites\/15\/2024\/05\/deluxe-28-studio.webp","contentUrl":"https:\/\/www.ariens.eu\/hr\/wp-content\/uploads\/sites\/15\/2024\/05\/deluxe-28-studio.webp","width":802,"height":580},{"@type":"BreadcrumbList","@id":"https:\/\/www.ariens.eu\/hr\/product\/snow-blowers\/deluxe-series\/deluxe-28\/#breadcrumb","itemListElement":[{"@type":"ListItem","position":1,"name":"Home","item":"https:\/\/www.ariens.eu\/hr\/"},{"@type":"ListItem","position":2,"name":"Shop","item":"https:\/\/www.ariens.eu\/hr\/shop\/"},{"@type":"ListItem","position":3,"name":"DELUXE 28"}]},{"@type":"WebSite","@id":"https:\/\/www.ariens.eu\/hr\/#website","url":"https:\/\/www.ariens.eu\/hr\/","name":"Ariens | EMEAA","description":"Powerful and reliable zero-turn mowers &amp; snow blowers for professional users and demanding private customers","publisher":{"@id":"https:\/\/www.ariens.eu\/hr\/#organization"},"potentialAction":[{"@type":"SearchAction","target":{"@type":"EntryPoint","urlTemplate":"https:\/\/www.ariens.eu\/hr\/?s={search_term_string}"},"query-input":{"@type":"PropertyValueSpecification","valueRequired":true,"valueName":"search_term_string"}}],"inLanguage":"hr"},{"@type":"Organization","@id":"https:\/\/www.ariens.eu\/hr\/#organization","name":"AriensCo GmbH","url":"https:\/\/www.ariens.eu\/hr\/","logo":{"@type":"ImageObject","inLanguage":"hr","@id":"https:\/\/www.ariens.eu\/hr\/#\/schema\/logo\/image\/","url":"https:\/\/www.ariens.eu\/wp-content\/uploads\/2024\/11\/ariens-co-logo.jpg","contentUrl":"https:\/\/www.ariens.eu\/wp-content\/uploads\/2024\/11\/ariens-co-logo.jpg","width":1000,"height":1000,"caption":"AriensCo GmbH"},"image":{"@id":"https:\/\/www.ariens.eu\/hr\/#\/schema\/logo\/image\/"}}]}},"_links":{"self":[{"href":"https:\/\/www.ariens.eu\/hr\/wp-json\/wp\/v2\/product\/2311","targetHints":{"allow":["GET"]}}],"collection":[{"href":"https:\/\/www.ariens.eu\/hr\/wp-json\/wp\/v2\/product"}],"about":[{"href":"https:\/\/www.ariens.eu\/hr\/wp-json\/wp\/v2\/types\/product"}],"replies":[{"embeddable":true,"href":"https:\/\/www.ariens.eu\/hr\/wp-json\/wp\/v2\/comments?post=2311"}],"wp:featuredmedia":[{"embeddable":true,"href":"https:\/\/www.ariens.eu\/hr\/wp-json\/wp\/v2\/media\/2688"}],"wp:attachment":[{"href":"https:\/\/www.ariens.eu\/hr\/wp-json\/wp\/v2\/media?parent=2311"}],"wp:term":[{"taxonomy":"product_brand","embeddable":true,"href":"https:\/\/www.ariens.eu\/hr\/wp-json\/wp\/v2\/product_brand?post=2311"},{"taxonomy":"product_cat","embeddable":true,"href":"https:\/\/www.ariens.eu\/hr\/wp-json\/wp\/v2\/product_cat?post=2311"},{"taxonomy":"product_tag","embeddable":true,"href":"https:\/\/www.ariens.eu\/hr\/wp-json\/wp\/v2\/product_tag?post=2311"}],"curies":[{"name":"wp","href":"https:\/\/api.w.org\/{rel}","templated":true}]}}