{"id":2332,"date":"2024-05-10T11:04:36","date_gmt":"2024-05-10T10:04:36","guid":{"rendered":"https:\/\/www.ariens.eu\/product\/apex-52r\/"},"modified":"2026-05-06T13:07:10","modified_gmt":"2026-05-06T12:07:10","slug":"apex-52r","status":"publish","type":"product","link":"https:\/\/www.ariens.eu\/hr\/product\/zero-turn-mowers\/apex-series\/apex-52r","title":{"rendered":"APEX 52R"},"content":{"rendered":"<div class=\"acfd-block acfd-block__headline mb-asm-1 container-fluid px-0 bg-default\">\n<div class=\"acfd-headline\" >\n<h2 class='h2 text-left li_black'>Namijenjeno za redovito kosidbu i pru\u017eatelje usluga<\/h2>\n<\/p><\/div>\n<\/div>\n<div class=\"acfd-block acfd-block__twocolumns mb-asm-1 container-fluid px-0 bg-default\">\n<div class=\"acfd-twocolumns\">\n<div class=\"row\">\n<div class='col-lg-9 mb-4 '>\n<div class=\"acfd-block acfd-block__text container-fluid px-0 bg-default\">\n<div class=\"acfd-text li_black\">\n<p>Namijenjeno pru\u017eateljima usluga koji \u010desto ko\u0161e. Vrhunske komponente u motoru, pogonu i kosi\u0107koj platformi kombinirane s izvrsnim omjerom cijene i performansi.<\/p>\n<p>&#8216;R&#8217; na APEX 52 R zna\u010di &#8216;stra\u017enji izbacivanje&#8217;. Poko\u0161ena trava se izbacuje prema stra\u017enjici, izme\u0111u kota\u010da. Prednost: Izbacivanje nije na stazama ili u cvjetnim gredicama. S svojim prvoklasnim Kawasaki FR691 V-Twin motorom, vrlo stabilnim okvirom i profesionalnom kosi\u0107kom platformom \u0161irine ko\u0161enja od 132 cm, idealan je za komercijalnu upotrebu.<\/p>\n<ul>\n<li>APEX 52R ima 132 cm (52 in\u010da) zavarenu platformu za stra\u017enji izbacivanje koja je duboka 14 cm (5\u00bd in\u010da) i izra\u0111ena od \u010delika debljine 10.<\/li>\n<li>Mo\u0107an Kawasaki<sup><sup>&reg;<\/sup><\/sup> FR691 V-Twin motor od 726 cm\u00b3<\/li>\n<li>Vode\u0107i u industriji, potpuno zavareni cijevni \u010deli\u010dni okvir<\/li>\n<li>Tehnologija samopode\u0161avanja remena<\/li>\n<li>Sjedi\u0161te s visokim le\u0111ima s naslonom za ruke<\/li>\n<li>Podizanje platforme nogom, pomognuto oprugom s 15 polo\u017eaja ko\u0161enja<\/li>\n<li>Dizajn sposoban za ROPS<\/li>\n<li>Raspon opcionalne opreme je dostupan<\/li>\n<li>4-godi\u0161nja ili 500 sati garancija<\/li>\n<\/ul>\n<\/div>\n<\/div><\/div>\n<div class='col-lg'>                    <\/div>\n<\/p><\/div>\n<\/div>\n<\/div>\n<div class=\"acfd-block acfd-block__category mb-asm-3 container-fluid px-0 bg-default\">\n<div class=\"acfd-product-categories\">\n<h2 class=\"text-left mb-3\">\n        Applications    <\/h2>\n<div class=\"product-categories_wrapper\">\n         <span\n                data-description=\"Are you a service provider, janitorial service or do you have to regularly maintain larger areas? Then a semi-professional machine offers you the performance and durability to reliably complete your mowing work.\"                class=\"product-category-single\"> Semi-Pro                <sup><i class=\"fa fa-info-circle\" aria-hidden=\"true\"><\/i><\/sup>            <\/span>  <span\n                data-description=\"Our mowers are equipped with high-quality Kawasaki<sup>&reg;<\/sup> or Ariens engines. They deliver above-average performance and reliability.\"                class=\"product-category-single\"> Petrol                <sup><i class=\"fa fa-info-circle\" aria-hidden=\"true\"><\/i><\/sup>            <\/span>  <span\n                data-description=\"Ariens ride-on mowers offer a high level of comfort. We use high-quality seats from the entry-level model upwards. Ample legroom and ergonomic controls are standard.\"                class=\"product-category-single\"> Ride-On (sitting)                <sup><i class=\"fa fa-info-circle\" aria-hidden=\"true\"><\/i><\/sup>            <\/span>  <span\n                data-description=\"Med APEX- og ZENITH-modellerne kan du v\u00e6lge mellem pl\u00e6neklippere med sideudkast og bagudkast. En pl\u00e6neklipper med bagudkast er lukket i siden og kaster det afklippede gr\u00e6s bagud. Fordelen er, at der ikke kastes gr\u00e6s p\u00e5 stier eller bede, og at der i mods\u00e6tning til et bioklipss\u00e6t ogs\u00e5 kan klippes h\u00f8jt gr\u00e6s. Pl\u00e6neklippere med bagudkast bruges ofte i den kommunale sektor.\"                class=\"product-category-single\"> Rear discharge                <sup><i class=\"fa fa-info-circle\" aria-hidden=\"true\"><\/i><\/sup>            <\/span>  <span\n                data-description=\"Alle Ariens-pl\u00e6neklippere er velegnede til flade gr\u00e6spl\u00e6ner. V\u00e6lg din klippebredde i henhold til st\u00f8rrelsen p\u00e5 dit omr\u00e5de og eventuelle begr\u00e6nsende smalle omr\u00e5der.\"                class=\"product-category-single\"> Fladt terr\u00e6n                <sup><i class=\"fa fa-info-circle\" aria-hidden=\"true\"><\/i><\/sup>            <\/span>  <span\n                data-description=\"Ariens-pl\u00e6neklippere klarer sig godt p\u00e5 uj\u00e6vnt terr\u00e6n. Til uj\u00e6vnt terr\u00e6n skal du v\u00e6lge smallere klippeaggregater for at opn\u00e5 et mere ensartet klippem\u00f8nster.\"                class=\"product-category-single\"> Uj\u00e6vnt terr\u00e6n                <sup><i class=\"fa fa-info-circle\" aria-hidden=\"true\"><\/i><\/sup>            <\/span>  <span\n                data-description=\"Det anbefales \u00e5 velge en maskin med brede hjul. Ikke overskrid den angitte sikkerhetsgrensen p\u00e5 15\u00b0 helling for sitteklippere og 20\u00b0 for st\u00e5ende klippere. P\u00e5 ujevnt terreng b\u00f8r du velge et smalere klippeaggregat for et mer jevnt klipperesultat. ZENITH-modellen leveres med veltesikring (ROPS) som standard, og dette kan ettermonteres p\u00e5 APEX.\"                class=\"product-category-single\"> Kupert terreng                <sup><i class=\"fa fa-info-circle\" aria-hidden=\"true\"><\/i><\/sup>            <\/span>  <span\n                data-description=\"Mowing decks 132 cm and 152 cm wide are used effectively on large areas.\"                class=\"product-category-single\"> Large areas                <sup><i class=\"fa fa-info-circle\" aria-hidden=\"true\"><\/i><\/sup>            <\/span>     <\/div>\n<\/div>\n<\/div>\n<div class=\"acfd-block acfd-block__twocolumns mb-asm-2 container-fluid container-fluid--force px-0 bg-default\">\n<div class=\"acfd-twocolumns\">\n<div class=\"row\">\n<div class='col-lg-12 mb-4 '>\n<div class=\"acfd-product-advantages--wrapper\">\n<h2 class=\"h1 bigger text-color-black text-center mb-5\">\n        Features &#038; Benefits    <\/h2>\n<div class=\"acfd-product-advantages\">\n<div class=\"row\">\n<div class=\"col-md-6 mb-4 content\">\n                    <span class=\"d-block h5 text-color-brand mb-1\">Zakrivljeni okvir od cijevnog \u010delika<\/span><\/p>\n<p>Okvir, izra\u0111en u potpunosti od cijevnog \u010delika, \u010dini kostur kosilice. Nositi \u0107e cjelokupno optere\u0107enje stroja mnoge godine i mora biti u stanju izdr\u017eati udare i vibracije du\u017ee vrijeme. Suvremena tehnologija savijanja izbjegava slabe to\u010dke zbog zavarenih spojeva.<\/p>\n<\/p><\/div>\n<div class=\"col-md-6 mb4 image\"  style=\"background-image:url(https:\/\/www.ariens.eu\/hr\/wp-content\/uploads\/sites\/15\/2026\/05\/apex-feature-frame.png)\">\n                <\/div>\n<\/p><\/div>\n<div class=\"row\">\n<div class=\"col-md-6 mb-4 content\">\n                    <span class=\"d-block h5 text-color-brand mb-1\">Nova ENVY ko\u0161ilica<\/span><\/p>\n<p>Ko\u0161ilica je najoptere\u0107enija komponenta kosa\u010dice. Stabilnost je ovdje posebno va\u017ena: Nova ENVY ko\u0161ilica ima pobolj\u0161an protok zraka i pove\u0107ani ispuh. Le\u017ee\u0107a trava se podi\u017ee vi\u0161e i savr\u0161eno se re\u017ee. S 4-to\u010dkovnim ovjesom za trajno pri\u010dvr\u0161\u0107ivanje i paralelizam. Osim toga, no\u017eevi od kovanog aluminija. Hla\u0111i rad i ve\u0107a otpornost na udarce i vibracije od lijevanih vretena. Standardno u tijeku sezone 2025 na APEX-u i ZENITH-u &amp; te novom IKON-u.<\/p>\n<\/p><\/div>\n<div class=\"col-md-6 mb4 image\"  style=\"background-image:url(https:\/\/www.ariens.eu\/hr\/wp-content\/uploads\/sites\/15\/2026\/05\/envy-deck-52.png)\">\n                <\/div>\n<\/p><\/div>\n<div class=\"row\">\n<div class=\"col-md-6 mb-4 content\">\n                    <span class=\"d-block h5 text-color-brand mb-1\">Automatski sustav zatezanja remena<\/span><\/p>\n<p>Automatska CBT (Constant Belt Tension) tehnologija odr\u017eava konstantno zatezanje remena kosilice u svim uvjetima. To pove\u0107ava vijek trajanja remena, nadokna\u0111uje tro\u0161enje i sprje\u010dava klizanje remena za dosljedno visokokvalitetan uzorak rezanja.<\/p>\n<\/p><\/div>\n<div class=\"col-md-6 mb4 image\"  style=\"background-image:url(https:\/\/www.ariens.eu\/hr\/wp-content\/uploads\/sites\/15\/2026\/05\/apex-feature-3.webp)\">\n                <\/div>\n<\/p><\/div>\n<div class=\"row\">\n<div class=\"col-md-6 mb-4 content\">\n                    <span class=\"d-block h5 text-color-brand mb-1\">Podizanje ko\u0161ioni\u010dkog no\u017ea nogom<\/span><\/p>\n<p>\u010cvrsti no\u017e za ko\u0161enje mo\u017ee se jednostavno i bez napora podi\u0107i pomo\u0107u pedale za nogu. Da biste odabrali jednu od 15 visina ko\u0161enja od 3,8 do 12,7 cm, metalni \u010dep se umetne u odgovaraju\u0107i utor na prikazu.<\/p>\n<\/p><\/div>\n<div class=\"col-md-6 mb4 image\"  style=\"background-image:url(https:\/\/www.ariens.eu\/hr\/wp-content\/uploads\/sites\/15\/2026\/05\/cutting-height-adjustment-1-scaled.png)\">\n                <\/div>\n<\/p><\/div>\n<div class=\"row\">\n<div class=\"col-md-6 mb-4 content\">\n                    <span class=\"d-block h5 text-color-brand mb-1\">Lak pristup ko\u0161ionicom modulu<\/span><\/p>\n<p>Ko\u0161ioni\u010dki modul lako je dostupan odozgo za \u010di\u0161\u0107enje i odr\u017eavanje. Zahvaljuju\u0107i CBT tehnologiji, zamjena remena traje samo nekoliko minuta. Jednostavno popustite zatezne utege, uvu\u010dite remen, ponovno zategnite zatezne utege &#8211; gotovo.<\/p>\n<\/p><\/div>\n<div class=\"col-md-6 mb4 image\"  style=\"background-image:url(https:\/\/www.ariens.eu\/hr\/wp-content\/uploads\/sites\/15\/2026\/05\/ariens-apex-zero-turn-deck-access-panel.webp)\">\n                <\/div>\n<\/p><\/div>\n<div class=\"row\">\n<div class=\"col-md-6 mb-4 content\">\n                    <span class=\"d-block h5 text-color-brand mb-1\">Novi ergonomski upravlja\u010dki polu\u017eaci<\/span><\/p>\n<p>Serija APEX nudi pobolj\u0161ani komfor za operatera s novim ergonomskim upravlja\u010dkim polu\u017eacima koji savr\u0161eno le\u017ee u ruci za lako upravljanje. Debelo podlo\u017eeno sjedalo s visokim naslonom i pode\u0161avljivim polo\u017eajem operatera osigurava maksimalni komfor. Debelo podlo\u017eeni nasloni za ruke dodatno pobolj\u0161avaju korisni\u010dko iskustvo, \u010dine\u0107i du\u017ee sesije ko\u0161enja ugodnijima.<\/p>\n<\/p><\/div>\n<div class=\"col-md-6 mb4 image\"  style=\"background-image:url(https:\/\/www.ariens.eu\/hr\/wp-content\/uploads\/sites\/15\/2026\/05\/drive-level-handles.png)\">\n                <\/div>\n<\/p><\/div>\n<\/p><\/div>\n<\/div><\/div>\n<div class='col-lg'>                    <\/div>\n<\/p><\/div>\n<\/div>\n<\/div>\n","protected":false},"excerpt":{"rendered":"<p>Namijenjeno za redovito kosidbu i pru\u017eatelje usluga Namijenjeno pru\u017eateljima usluga koji \u010desto ko\u0161e. Vrhunske komponente u motoru, pogonu i kosi\u0107koj platformi kombinirane s izvrsnim omjerom cijene i performansi. &#8216;R&#8217; na APEX 52 R zna\u010di &#8216;stra\u017enji izbacivanje&#8217;. Poko\u0161ena trava se izbacuje prema stra\u017enjici, izme\u0111u kota\u010da. Prednost: Izbacivanje nije na stazama ili u cvjetnim gredicama. S svojim [&hellip;]<\/p>\n","protected":false},"featured_media":5099,"comment_status":"open","ping_status":"closed","template":"","meta":{"_acf_changed":false,"_relevanssi_hide_post":"","_relevanssi_hide_content":"","_relevanssi_pin_for_all":"","_relevanssi_pin_keywords":"","_relevanssi_unpin_keywords":"","_relevanssi_related_keywords":"","_relevanssi_related_include_ids":"","_relevanssi_related_exclude_ids":"","_relevanssi_related_no_append":"","_relevanssi_related_not_related":"","_relevanssi_related_posts":"","_relevanssi_noindex_reason":""},"product_brand":[],"product_cat":[15],"product_tag":[],"class_list":{"0":"post-2332","1":"product","2":"type-product","3":"status-publish","4":"has-post-thumbnail","6":"product_variant-apex-series","7":"product_usage_areas-janitorial-services","8":"product_usage_areas-leisure-facilities","9":"product_usage_areas-municipalities-building-yards","10":"product_usage_areas-service-providers","12":"first","13":"instock","14":"shipping-taxable","15":"product-type-simple"},"acf":[],"yoast_head":"<!-- This site is optimized with the Yoast SEO plugin v27.3 - https:\/\/yoast.com\/product\/yoast-seo-wordpress\/ -->\n<title>APEX 52R - Rear discharge zero-turn mower | Ariens<\/title>\n<meta name=\"description\" content=\"Featuring a Kawasaki FR691 V-Twin 726cc engine and 132cm (52&quot;) rear discharge deck, the APEX 52R is designed for commercial mowing.\" \/>\n<meta name=\"robots\" content=\"noindex, follow, max-snippet:-1, max-image-preview:large, max-video-preview:-1\" \/>\n<meta property=\"og:locale\" content=\"hr_HR\" \/>\n<meta property=\"og:type\" content=\"article\" \/>\n<meta property=\"og:title\" content=\"APEX 52R - Rear discharge zero-turn mower | Ariens\" \/>\n<meta property=\"og:description\" content=\"Featuring a Kawasaki FR691 V-Twin 726cc engine and 132cm (52&quot;) rear discharge deck, the APEX 52R is designed for commercial mowing.\" \/>\n<meta property=\"og:url\" content=\"https:\/\/www.ariens.eu\/hr\/product\/zero-turn-mowers\/apex-series\/apex-52r\/\" \/>\n<meta property=\"og:site_name\" content=\"Ariens | EMEAA\" \/>\n<meta property=\"article:modified_time\" content=\"2026-05-06T12:07:10+00:00\" \/>\n<meta property=\"og:image\" content=\"https:\/\/www.ariens.eu\/hr\/wp-content\/uploads\/sites\/15\/2024\/05\/ariens-zero-turn-apex-52-rd-my25.png\" \/>\n\t<meta property=\"og:image:width\" content=\"1024\" \/>\n\t<meta property=\"og:image:height\" content=\"720\" \/>\n\t<meta property=\"og:image:type\" content=\"image\/png\" \/>\n<meta name=\"twitter:card\" content=\"summary_large_image\" \/>\n<meta name=\"twitter:label1\" content=\"Procijenjeno vrijeme \u010ditanja\" \/>\n\t<meta name=\"twitter:data1\" content=\"3 minute\" \/>\n<script type=\"application\/ld+json\" class=\"yoast-schema-graph\">{\"@context\":\"https:\\\/\\\/schema.org\",\"@graph\":[{\"@type\":\"WebPage\",\"@id\":\"https:\\\/\\\/www.ariens.eu\\\/hr\\\/product\\\/zero-turn-mowers\\\/apex-series\\\/apex-52r\\\/\",\"url\":\"https:\\\/\\\/www.ariens.eu\\\/hr\\\/product\\\/zero-turn-mowers\\\/apex-series\\\/apex-52r\\\/\",\"name\":\"APEX 52R - Rear discharge zero-turn mower | Ariens\",\"isPartOf\":{\"@id\":\"https:\\\/\\\/www.ariens.eu\\\/hr\\\/#website\"},\"primaryImageOfPage\":{\"@id\":\"https:\\\/\\\/www.ariens.eu\\\/hr\\\/product\\\/zero-turn-mowers\\\/apex-series\\\/apex-52r\\\/#primaryimage\"},\"image\":{\"@id\":\"https:\\\/\\\/www.ariens.eu\\\/hr\\\/product\\\/zero-turn-mowers\\\/apex-series\\\/apex-52r\\\/#primaryimage\"},\"thumbnailUrl\":\"https:\\\/\\\/www.ariens.eu\\\/hr\\\/wp-content\\\/uploads\\\/sites\\\/15\\\/2024\\\/05\\\/ariens-zero-turn-apex-52-rd-my25.png\",\"datePublished\":\"2024-05-10T10:04:36+00:00\",\"dateModified\":\"2026-05-06T12:07:10+00:00\",\"description\":\"Featuring a Kawasaki FR691 V-Twin 726cc engine and 132cm (52\\\") rear discharge deck, the APEX 52R is designed for commercial mowing.\",\"breadcrumb\":{\"@id\":\"https:\\\/\\\/www.ariens.eu\\\/hr\\\/product\\\/zero-turn-mowers\\\/apex-series\\\/apex-52r\\\/#breadcrumb\"},\"inLanguage\":\"hr\",\"potentialAction\":[{\"@type\":\"ReadAction\",\"target\":[\"https:\\\/\\\/www.ariens.eu\\\/hr\\\/product\\\/zero-turn-mowers\\\/apex-series\\\/apex-52r\\\/\"]}]},{\"@type\":\"ImageObject\",\"inLanguage\":\"hr\",\"@id\":\"https:\\\/\\\/www.ariens.eu\\\/hr\\\/product\\\/zero-turn-mowers\\\/apex-series\\\/apex-52r\\\/#primaryimage\",\"url\":\"https:\\\/\\\/www.ariens.eu\\\/hr\\\/wp-content\\\/uploads\\\/sites\\\/15\\\/2024\\\/05\\\/ariens-zero-turn-apex-52-rd-my25.png\",\"contentUrl\":\"https:\\\/\\\/www.ariens.eu\\\/hr\\\/wp-content\\\/uploads\\\/sites\\\/15\\\/2024\\\/05\\\/ariens-zero-turn-apex-52-rd-my25.png\",\"width\":1024,\"height\":720},{\"@type\":\"BreadcrumbList\",\"@id\":\"https:\\\/\\\/www.ariens.eu\\\/hr\\\/product\\\/zero-turn-mowers\\\/apex-series\\\/apex-52r\\\/#breadcrumb\",\"itemListElement\":[{\"@type\":\"ListItem\",\"position\":1,\"name\":\"Home\",\"item\":\"https:\\\/\\\/www.ariens.eu\\\/hr\\\/\"},{\"@type\":\"ListItem\",\"position\":2,\"name\":\"Shop\",\"item\":\"https:\\\/\\\/www.ariens.eu\\\/hr\\\/shop\\\/\"},{\"@type\":\"ListItem\",\"position\":3,\"name\":\"APEX 52R\"}]},{\"@type\":\"WebSite\",\"@id\":\"https:\\\/\\\/www.ariens.eu\\\/hr\\\/#website\",\"url\":\"https:\\\/\\\/www.ariens.eu\\\/hr\\\/\",\"name\":\"Ariens | EMEAA\",\"description\":\"Powerful and reliable zero-turn mowers &amp; snow blowers for professional users and demanding private customers\",\"publisher\":{\"@id\":\"https:\\\/\\\/www.ariens.eu\\\/hr\\\/#organization\"},\"potentialAction\":[{\"@type\":\"SearchAction\",\"target\":{\"@type\":\"EntryPoint\",\"urlTemplate\":\"https:\\\/\\\/www.ariens.eu\\\/hr\\\/?s={search_term_string}\"},\"query-input\":{\"@type\":\"PropertyValueSpecification\",\"valueRequired\":true,\"valueName\":\"search_term_string\"}}],\"inLanguage\":\"hr\"},{\"@type\":\"Organization\",\"@id\":\"https:\\\/\\\/www.ariens.eu\\\/hr\\\/#organization\",\"name\":\"AriensCo GmbH\",\"url\":\"https:\\\/\\\/www.ariens.eu\\\/hr\\\/\",\"logo\":{\"@type\":\"ImageObject\",\"inLanguage\":\"hr\",\"@id\":\"https:\\\/\\\/www.ariens.eu\\\/hr\\\/#\\\/schema\\\/logo\\\/image\\\/\",\"url\":\"https:\\\/\\\/www.ariens.eu\\\/wp-content\\\/uploads\\\/2024\\\/11\\\/ariens-co-logo.jpg\",\"contentUrl\":\"https:\\\/\\\/www.ariens.eu\\\/wp-content\\\/uploads\\\/2024\\\/11\\\/ariens-co-logo.jpg\",\"width\":1000,\"height\":1000,\"caption\":\"AriensCo GmbH\"},\"image\":{\"@id\":\"https:\\\/\\\/www.ariens.eu\\\/hr\\\/#\\\/schema\\\/logo\\\/image\\\/\"}}]}<\/script>\n<!-- \/ Yoast SEO plugin. -->","yoast_head_json":{"title":"APEX 52R - Rear discharge zero-turn mower | Ariens","description":"Featuring a Kawasaki FR691 V-Twin 726cc engine and 132cm (52\") rear discharge deck, the APEX 52R is designed for commercial mowing.","robots":{"index":"noindex","follow":"follow","max-snippet":"max-snippet:-1","max-image-preview":"max-image-preview:large","max-video-preview":"max-video-preview:-1"},"og_locale":"hr_HR","og_type":"article","og_title":"APEX 52R - Rear discharge zero-turn mower | Ariens","og_description":"Featuring a Kawasaki FR691 V-Twin 726cc engine and 132cm (52\") rear discharge deck, the APEX 52R is designed for commercial mowing.","og_url":"https:\/\/www.ariens.eu\/hr\/product\/zero-turn-mowers\/apex-series\/apex-52r\/","og_site_name":"Ariens | EMEAA","article_modified_time":"2026-05-06T12:07:10+00:00","og_image":[{"width":1024,"height":720,"url":"https:\/\/www.ariens.eu\/hr\/wp-content\/uploads\/sites\/15\/2024\/05\/ariens-zero-turn-apex-52-rd-my25.png","type":"image\/png"}],"twitter_card":"summary_large_image","twitter_misc":{"Procijenjeno vrijeme \u010ditanja":"3 minute"},"schema":{"@context":"https:\/\/schema.org","@graph":[{"@type":"WebPage","@id":"https:\/\/www.ariens.eu\/hr\/product\/zero-turn-mowers\/apex-series\/apex-52r\/","url":"https:\/\/www.ariens.eu\/hr\/product\/zero-turn-mowers\/apex-series\/apex-52r\/","name":"APEX 52R - Rear discharge zero-turn mower | Ariens","isPartOf":{"@id":"https:\/\/www.ariens.eu\/hr\/#website"},"primaryImageOfPage":{"@id":"https:\/\/www.ariens.eu\/hr\/product\/zero-turn-mowers\/apex-series\/apex-52r\/#primaryimage"},"image":{"@id":"https:\/\/www.ariens.eu\/hr\/product\/zero-turn-mowers\/apex-series\/apex-52r\/#primaryimage"},"thumbnailUrl":"https:\/\/www.ariens.eu\/hr\/wp-content\/uploads\/sites\/15\/2024\/05\/ariens-zero-turn-apex-52-rd-my25.png","datePublished":"2024-05-10T10:04:36+00:00","dateModified":"2026-05-06T12:07:10+00:00","description":"Featuring a Kawasaki FR691 V-Twin 726cc engine and 132cm (52\") rear discharge deck, the APEX 52R is designed for commercial mowing.","breadcrumb":{"@id":"https:\/\/www.ariens.eu\/hr\/product\/zero-turn-mowers\/apex-series\/apex-52r\/#breadcrumb"},"inLanguage":"hr","potentialAction":[{"@type":"ReadAction","target":["https:\/\/www.ariens.eu\/hr\/product\/zero-turn-mowers\/apex-series\/apex-52r\/"]}]},{"@type":"ImageObject","inLanguage":"hr","@id":"https:\/\/www.ariens.eu\/hr\/product\/zero-turn-mowers\/apex-series\/apex-52r\/#primaryimage","url":"https:\/\/www.ariens.eu\/hr\/wp-content\/uploads\/sites\/15\/2024\/05\/ariens-zero-turn-apex-52-rd-my25.png","contentUrl":"https:\/\/www.ariens.eu\/hr\/wp-content\/uploads\/sites\/15\/2024\/05\/ariens-zero-turn-apex-52-rd-my25.png","width":1024,"height":720},{"@type":"BreadcrumbList","@id":"https:\/\/www.ariens.eu\/hr\/product\/zero-turn-mowers\/apex-series\/apex-52r\/#breadcrumb","itemListElement":[{"@type":"ListItem","position":1,"name":"Home","item":"https:\/\/www.ariens.eu\/hr\/"},{"@type":"ListItem","position":2,"name":"Shop","item":"https:\/\/www.ariens.eu\/hr\/shop\/"},{"@type":"ListItem","position":3,"name":"APEX 52R"}]},{"@type":"WebSite","@id":"https:\/\/www.ariens.eu\/hr\/#website","url":"https:\/\/www.ariens.eu\/hr\/","name":"Ariens | EMEAA","description":"Powerful and reliable zero-turn mowers &amp; snow blowers for professional users and demanding private customers","publisher":{"@id":"https:\/\/www.ariens.eu\/hr\/#organization"},"potentialAction":[{"@type":"SearchAction","target":{"@type":"EntryPoint","urlTemplate":"https:\/\/www.ariens.eu\/hr\/?s={search_term_string}"},"query-input":{"@type":"PropertyValueSpecification","valueRequired":true,"valueName":"search_term_string"}}],"inLanguage":"hr"},{"@type":"Organization","@id":"https:\/\/www.ariens.eu\/hr\/#organization","name":"AriensCo GmbH","url":"https:\/\/www.ariens.eu\/hr\/","logo":{"@type":"ImageObject","inLanguage":"hr","@id":"https:\/\/www.ariens.eu\/hr\/#\/schema\/logo\/image\/","url":"https:\/\/www.ariens.eu\/wp-content\/uploads\/2024\/11\/ariens-co-logo.jpg","contentUrl":"https:\/\/www.ariens.eu\/wp-content\/uploads\/2024\/11\/ariens-co-logo.jpg","width":1000,"height":1000,"caption":"AriensCo GmbH"},"image":{"@id":"https:\/\/www.ariens.eu\/hr\/#\/schema\/logo\/image\/"}}]}},"_links":{"self":[{"href":"https:\/\/www.ariens.eu\/hr\/wp-json\/wp\/v2\/product\/2332","targetHints":{"allow":["GET"]}}],"collection":[{"href":"https:\/\/www.ariens.eu\/hr\/wp-json\/wp\/v2\/product"}],"about":[{"href":"https:\/\/www.ariens.eu\/hr\/wp-json\/wp\/v2\/types\/product"}],"replies":[{"embeddable":true,"href":"https:\/\/www.ariens.eu\/hr\/wp-json\/wp\/v2\/comments?post=2332"}],"wp:featuredmedia":[{"embeddable":true,"href":"https:\/\/www.ariens.eu\/hr\/wp-json\/wp\/v2\/media\/5099"}],"wp:attachment":[{"href":"https:\/\/www.ariens.eu\/hr\/wp-json\/wp\/v2\/media?parent=2332"}],"wp:term":[{"taxonomy":"product_brand","embeddable":true,"href":"https:\/\/www.ariens.eu\/hr\/wp-json\/wp\/v2\/product_brand?post=2332"},{"taxonomy":"product_cat","embeddable":true,"href":"https:\/\/www.ariens.eu\/hr\/wp-json\/wp\/v2\/product_cat?post=2332"},{"taxonomy":"product_tag","embeddable":true,"href":"https:\/\/www.ariens.eu\/hr\/wp-json\/wp\/v2\/product_tag?post=2332"}],"curies":[{"name":"wp","href":"https:\/\/api.w.org\/{rel}","templated":true}]}}