{"id":2337,"date":"2024-05-10T11:04:36","date_gmt":"2024-05-10T10:04:36","guid":{"rendered":"https:\/\/www.ariens.eu\/product\/zenith-e-48\/"},"modified":"2026-05-06T13:07:11","modified_gmt":"2026-05-06T12:07:11","slug":"zenith-e-48","status":"publish","type":"product","link":"https:\/\/www.ariens.eu\/hr\/product\/zero-turn-mowers\/zenith-e-series\/zenith-e-48","title":{"rendered":"ZENITH E 48"},"content":{"rendered":"<div class=\"acfd-block acfd-block__twocolumns container-fluid px-0 bg-default\">\n<div class=\"acfd-twocolumns\">\n<div class=\"row\">\n<div class='col-lg-8 mb-4 '>\n<div class=\"acfd-block acfd-block__headline container-fluid px-0 bg-default\">\n<div class=\"acfd-headline\" >\n<h2 class='h2 text-left li_black'>Profesionalna baterijska ko\u0161ilica s nulokretnim okretanjem. Kompaktne dimenzije. Idealna za mnoge prepreke i neravne povr\u0161ine.<\/h2>\n<\/p><\/div>\n<\/div><\/div>\n<div class='col-lg'>                    <\/div>\n<\/p><\/div>\n<\/div>\n<\/div>\n<div class=\"acfd-block acfd-block__twocolumns mb-asm-1 container-fluid px-0 bg-default\">\n<div class=\"acfd-twocolumns\">\n<div class=\"row\">\n<div class='col-lg-8 mb-4 '>\n<div class=\"acfd-block acfd-block__text container-fluid px-0 bg-default\">\n<div class=\"acfd-text li_black\">\n<p>Ugradnja baterija u ko\u0161ilicu je jedna stvar. Postizanje performansi, izdr\u017eljivosti i pouzdanosti dokazanog profesionalnog benzinskog modela je druga. Na\u0161i modeli s FusionCore zamjenjivim baterijskim sustavom zadovoljavaju ove zahtjeve.<\/p>\n<p>ZENITH E 48 je prva profesionalna elektri\u010dna ko\u0161ilica s nulokretnim okretanjem i zamjenjivim baterijama. Namijenjena je za ko\u0161enje srednjih do velikih travnjaka cijeli dan. S \u0161irinom ko\u0161enja od 122 cm, posebno je okretna izme\u0111u uskih prepreka i na konturiranim, valovitim povr\u0161inama. S pravom profesionalnom garancijom.<\/p>\n<ul>\n<li>Pogonjen s \u010detiri zamjenjive FusionCore litij-ionske baterije 56v DC, 4kWh<\/li>\n<li>Opremljen patentirano za\u0161ti\u0107enom tehnologijom vretena, dizajniranom za apsorpciju velikih udara<\/li>\n<li>Posti\u017ee pet sati neprekidnog ko\u0161enja na jednom punjenju (ovisno o uvjetima ko\u0161enja)<\/li>\n<li>Vrijeme punjenja od 5.3 \u2013 12 sati (ovisno o punja\u010du)<\/li>\n<li>Opremljen 122cm (48\u201d) zavarenom platformom za bo\u010dno izbacivanje izra\u0111enom od \u010dvrstog \u010deli\u010dnog lima debljine 7<\/li>\n<li>Vode\u0107i dizajn okvira pru\u017ea potporu za optere\u0107enja stroja<\/li>\n<li>ROPS ugra\u0111en kao standard za dodatnu za\u0161titu operatera<\/li>\n<li>Nogom upravljani, vertikalni sistem za podizanje platforme s 15 polo\u017eaja ko\u0161enja<\/li>\n<li>Visoki naslon s potpunom ovje\u0161eno\u0161\u0107u sjedala<\/li>\n<li>Dostupan je niz opcionalne opreme<\/li>\n<li>5-godi\u0161nja garancija ili 1500 sati \/ 3-godi\u0161nja garancija na bateriju \u2013 bez ograni\u010denja sati za prve 2 godine<\/li>\n<\/ul>\n<\/div>\n<\/div><\/div>\n<div class='col-lg'>                    <\/div>\n<\/p><\/div>\n<\/div>\n<\/div>\n<div class=\"acfd-block acfd-block__category mb-asm-3 container-fluid px-0 bg-default\">\n<div class=\"acfd-product-categories\">\n<h2 class=\"text-left mb-3\">\n        Applications    <\/h2>\n<div class=\"product-categories_wrapper\">\n         <span\n                data-description=\"Do you mow for many hours or even days or weeks at a time? Do you use your machine commercially and earn your money with it? Then you need a particularly reliable and comfortable machine with durable components.\"                class=\"product-category-single\"> PRO                <sup><i class=\"fa fa-info-circle\" aria-hidden=\"true\"><\/i><\/sup>            <\/span>  <span\n                data-description=\"State-of-the-art battery technology now enables the same performance and range as petrol models.\"                class=\"product-category-single\"> Electric                <sup><i class=\"fa fa-info-circle\" aria-hidden=\"true\"><\/i><\/sup>            <\/span>  <span\n                data-description=\"When using a suitable mulching kit in your mower, the side discharge is no longer necessary. The clippings are finely shredded and evenly distributed to the rear of the lawn. Any fertilizer applied remains on the surface and the fine grass particles disappear almost invisibly into the lawn.\"                class=\"product-category-single\"> Optional mulching kit                <sup><i class=\"fa fa-info-circle\" aria-hidden=\"true\"><\/i><\/sup>            <\/span>  <span\n                data-description=\"Ariens ride-on mowers offer a high level of comfort. We use high-quality seats from the entry-level model upwards. Ample legroom and ergonomic controls are standard.\"                class=\"product-category-single\"> Ride-On (sitting)                <sup><i class=\"fa fa-info-circle\" aria-hidden=\"true\"><\/i><\/sup>            <\/span>  <span\n                data-description=\"With the APEX and ZENITH models, you have the choice between side discharge and rear discharge mower decks. A side discharge mower deck ejects the clippings via a side opening and a deflector. The powerful airflow then distributes it over a large area. An optional mulching kit can be installed in side discharge mower decks. When a mulching kit is used, the clippings are finely shredded and ejected to the rear. The side discharge and deflector are then closed or removed.\"                class=\"product-category-single\"> Side discharge                <sup><i class=\"fa fa-info-circle\" aria-hidden=\"true\"><\/i><\/sup>            <\/span>  <span\n                data-description=\"Alle Ariens-pl\u00e6neklippere er velegnede til flade gr\u00e6spl\u00e6ner. V\u00e6lg din klippebredde i henhold til st\u00f8rrelsen p\u00e5 dit omr\u00e5de og eventuelle begr\u00e6nsende smalle omr\u00e5der.\"                class=\"product-category-single\"> Fladt terr\u00e6n                <sup><i class=\"fa fa-info-circle\" aria-hidden=\"true\"><\/i><\/sup>            <\/span>  <span\n                data-description=\"Ariens-pl\u00e6neklippere klarer sig godt p\u00e5 uj\u00e6vnt terr\u00e6n. Til uj\u00e6vnt terr\u00e6n skal du v\u00e6lge smallere klippeaggregater for at opn\u00e5 et mere ensartet klippem\u00f8nster.\"                class=\"product-category-single\"> Uj\u00e6vnt terr\u00e6n                <sup><i class=\"fa fa-info-circle\" aria-hidden=\"true\"><\/i><\/sup>            <\/span>  <span\n                data-description=\"Det anbefales \u00e5 velge en maskin med brede hjul. Ikke overskrid den angitte sikkerhetsgrensen p\u00e5 15\u00b0 helling for sitteklippere og 20\u00b0 for st\u00e5ende klippere. P\u00e5 ujevnt terreng b\u00f8r du velge et smalere klippeaggregat for et mer jevnt klipperesultat. ZENITH-modellen leveres med veltesikring (ROPS) som standard, og dette kan ettermonteres p\u00e5 APEX.\"                class=\"product-category-single\"> Kupert terreng                <sup><i class=\"fa fa-info-circle\" aria-hidden=\"true\"><\/i><\/sup>            <\/span>  <span\n                data-description=\"Use mowing widths of 107 cm and 122 cm on medium to large lawns.\"                class=\"product-category-single\"> Medium-sized areas                <sup><i class=\"fa fa-info-circle\" aria-hidden=\"true\"><\/i><\/sup>            <\/span>     <\/div>\n<\/div>\n<\/div>\n<div class=\"acfd-block acfd-block__twocolumns mb-asm-2 container-fluid container-fluid--force px-0 bg-default\">\n<div class=\"acfd-twocolumns\">\n<div class=\"row\">\n<div class='col-lg-12 mb-4 '>\n<div class=\"acfd-product-advantages--wrapper\">\n<h2 class=\"h1 bigger text-color-black text-center mb-5\">\n        Features &#038; Benefits    <\/h2>\n<div class=\"acfd-product-advantages\">\n<div class=\"row\">\n<div class=\"col-md-6 mb-4 content\">\n                    <span class=\"d-block h5 text-color-brand mb-1\">FusionCore Li-Ion baterijski sustav<\/span><\/p>\n<p>Baterijski sustav ZENITH E sastoji se od \u010detiri zamjenjive baterijske jedinice, od kojih svaka te\u017ei 22,5 kg. Kapacitet svake pojedine Fusion Li-ion baterijske jedinice je 4 kWh. Ukupni kapacitet: 4 x 4 kWh = 16 kWh. ZENITH E mo\u017ee kositi s samo dvije baterijske jedinice i voziti s samo jednom.<\/p>\n<p>S \u010detiri baterijske jedinice, mo\u017eete kositi maksimalno 5 sati. Nakon toga, mogu se zamijeniti punim baterijama u pitanju sekundi. Vrijeme punjenja za \u010detiri baterijske jedinice, s opcionalnim brzim punja\u010dem, je samo 5:20 sati!<\/p>\n<\/p><\/div>\n<div class=\"col-md-6 mb4 image\"  style=\"background-image:url(https:\/\/www.ariens.eu\/hr\/wp-content\/uploads\/sites\/15\/2026\/05\/ariens-arrow-e-battery-stand-on-fusioncore-batteries.webp)\">\n                <\/div>\n<\/p><\/div>\n<div class=\"row\">\n<div class=\"col-md-6 mb-4 content\">\n                    <span class=\"d-block h5 text-color-brand mb-1\">Inteligentno balansiranje optere\u0107enja<\/span><\/p>\n<p>Ovaj patentirani sustav omogu\u0107uje ZENITH E da nadoknadi razlike u snazi baterija. Energija se crpi iz punih baterija sve dok ne dostignu istu razinu napunjenosti kao manje napunjene baterije. Energija se prvo crpi iz potpuno napunjenih baterija, a zatim jednako iz svih \u010detiri baterije, \u0161to omogu\u0107uje konstantnu snagu koja \u0161titi \u0107elije.<\/p>\n<\/p><\/div>\n<div class=\"col-md-6 mb4 image\"  style=\"background-image:url(https:\/\/www.ariens.eu\/hr\/wp-content\/uploads\/sites\/15\/2026\/05\/ariens-zenith-e-zero-turn-feature2-battery-load-balancing.webp)\">\n                <\/div>\n<\/p><\/div>\n<div class=\"row\">\n<div class=\"col-md-6 mb-4 content\">\n                    <span class=\"d-block h5 text-color-brand mb-1\">Ne tro\u0161ite energiju: Eco-Mode<\/span><\/p>\n<p>ZENITH E ima prekida\u010d za ECO na\u010din rada. Najve\u0107a brzina no\u017ea nije potrebna kada je koli\u010dina rezanog materijala mala ili kada se kre\u0107ete sporije. U tom slu\u010daju koristite ECO na\u010din rada za smanjenje brzine no\u017ea.<\/p>\n<\/p><\/div>\n<div class=\"col-md-6 mb4 image\"  style=\"background-image:url(https:\/\/www.ariens.eu\/hr\/wp-content\/uploads\/sites\/15\/2026\/05\/zenith-e-advantages-eco-mode-scaled.jpg)\">\n                <\/div>\n<\/p><\/div>\n<div class=\"row\">\n<div class=\"col-md-6 mb-4 content\">\n                    <span class=\"d-block h5 text-color-brand mb-1\">Vlastiti elektri\u010dni transaksli<\/span><\/p>\n<p>Dva neovisna, bez\u010detki\u010dna elektri\u010dna motora s ekstra jakim magnetima, pove\u0107anim brojem namotaja i funkcijom regeneracije pri ko\u010denju. Cilj: Niska generacija topline i dugi vijek trajanja.<\/p>\n<p>Spojenje elektri\u010dnih motora s planetarnim mjenja\u010dem s dvostrukim redukcijskim omjerom.<br \/>\nCilj: Ista glatka, bez trzanja vo\u017enja kao i profesionalna kosilica s nulom okretanja s benzinskim motorom i hidrostatom. Rezultat: Jednom vozite ZENITH E i usporedite sami!<\/p>\n<\/p><\/div>\n<div class=\"col-md-6 mb4 image\"  style=\"background-image:url(https:\/\/www.ariens.eu\/hr\/wp-content\/uploads\/sites\/15\/2026\/05\/ariens-zenith-e-zero-turn-feature3-brushless-electric-drive-motor-transaxles.webp)\">\n                <\/div>\n<\/p><\/div>\n<div class=\"row\">\n<div class=\"col-md-6 mb-4 content\">\n                    <span class=\"d-block h5 text-color-brand mb-1\">Profesionalna ko\u0161nja\u010dka platforma<\/span><\/p>\n<p>Ko\u0161nja\u010dka platforma je najoptere\u0107enija komponenta ko\u0161ilice. Ovdje je stabilnost posebno va\u017ena. ZENITH E ima ko\u0161nja\u010dku platformu duboku 14 cm, potpuno zavarenu, izra\u0111enu od \u010deli\u010dnog lima debljine 4,5 mm, s 20 mm \u010deli\u010dnim rubom, zatvorenim anti-scalp kota\u010dima i zavarenom 4-to\u010dkovnom ovjesom. FUSIONCORE elektri\u010dni motori no\u017eeva pru\u017eaju maksimalno 3 x 3,500 vati kada je potrebno. Kako bi za\u0161titili motor u slu\u010daju sudara, no\u017eevi su postavljeni na klizni spoj. Ovo zna\u010dajno smanjuje te\u0161ke udarce na motor. Protok zraka nove X-Factor III ko\u0161nja\u010dke platforme s bo\u010dnim izba\u010denjem optimiziran je za naj\u010di\u0161\u0107i rez i najni\u017eu razinu buke.<\/p>\n<\/p><\/div>\n<div class=\"col-md-6 mb4 image\"  style=\"background-image:url(https:\/\/www.ariens.eu\/hr\/wp-content\/uploads\/sites\/15\/2026\/05\/ariens-zenith-e-zero-turn-feature4-commercial-10-gauge-steel-deck.webp)\">\n                <\/div>\n<\/p><\/div>\n<div class=\"row\">\n<div class=\"col-md-6 mb-4 content\">\n                    <span class=\"d-block h5 text-color-brand mb-1\">Potpuno pode\u0161avateljno udobno sjedi\u0161te<\/span><\/p>\n<p>Maksimalna udobnost vo\u017enje bitna je za produktivan i siguran rad satima. Posebno je va\u017eno za\u0161tititi voza\u010da od jakih udaraca i vibracija kako bi se osiguralo njegovo blagostanje i zdravlje. Hidropneumatski ovjes voza\u010deva sjedi\u0161ta mo\u017ee se precizno pode\u0161avati prema tjelesnoj te\u017eini voza\u010da. Pode\u0161avateljni nasloni za ruke i visok naslon za le\u0111a omogu\u0107uju voza\u010du da prona\u0111e idealan polo\u017eaj sjedenja.<\/p>\n<\/p><\/div>\n<div class=\"col-md-6 mb4 image\"  style=\"background-image:url(https:\/\/www.ariens.eu\/hr\/wp-content\/uploads\/sites\/15\/2026\/05\/ariens-zenith-zero-turn-suspension-seat.webp)\">\n                <\/div>\n<\/p><\/div>\n<div class=\"row\">\n<div class=\"col-md-6 mb-4 content\">\n                    <span class=\"d-block h5 text-color-brand mb-1\">ROPS<\/span><\/p>\n<p>Standardni sustav za\u0161tite od prevrtanja s sigurnosnim pojasevima (ROPS) nudi dodatnu za\u0161titu za voza\u010da. Mo\u017ee se saviti i ergonomski je nagnut unatrag kako bi se sprije\u010dilo bolno udaranje lakatom tijekom vo\u017enje.<\/p>\n<\/p><\/div>\n<div class=\"col-md-6 mb4 image\"  style=\"background-image:url(https:\/\/www.ariens.eu\/hr\/wp-content\/uploads\/sites\/15\/2026\/05\/ariens-zenith-zero-turn-feature5-rops.webp)\">\n                <\/div>\n<\/p><\/div>\n<div class=\"row\">\n<div class=\"col-md-6 mb-4 content\">\n                    <span class=\"d-block h5 text-color-brand mb-1\">Komplet za cestovnu homologaciju osvjetljenja<\/span><\/p>\n<p>Novi komplet za osvjetljenje dostupan je za uporabu na javnim cestama. Instalacija od strane ovla\u0161tenih dilera.<\/p>\n<\/p><\/div>\n<div class=\"col-md-6 mb4 image\"  style=\"background-image:url(https:\/\/www.ariens.eu\/hr\/wp-content\/uploads\/sites\/15\/2026\/05\/stvzo-lichtkit-1-scaled.png)\">\n                <\/div>\n<\/p><\/div>\n<\/p><\/div>\n<\/div><\/div>\n<div class='col-lg'>                    <\/div>\n<\/p><\/div>\n<\/div>\n<\/div>\n","protected":false},"excerpt":{"rendered":"<p>Profesionalna baterijska ko\u0161ilica s nulokretnim okretanjem. Kompaktne dimenzije. Idealna za mnoge prepreke i neravne povr\u0161ine. Ugradnja baterija u ko\u0161ilicu je jedna stvar. Postizanje performansi, izdr\u017eljivosti i pouzdanosti dokazanog profesionalnog benzinskog modela je druga. Na\u0161i modeli s FusionCore zamjenjivim baterijskim sustavom zadovoljavaju ove zahtjeve. ZENITH E 48 je prva profesionalna elektri\u010dna ko\u0161ilica s nulokretnim okretanjem i [&hellip;]<\/p>\n","protected":false},"featured_media":2665,"comment_status":"open","ping_status":"closed","template":"","meta":{"_acf_changed":false,"_relevanssi_hide_post":"","_relevanssi_hide_content":"","_relevanssi_pin_for_all":"","_relevanssi_pin_keywords":"","_relevanssi_unpin_keywords":"","_relevanssi_related_keywords":"","_relevanssi_related_include_ids":"","_relevanssi_related_exclude_ids":"","_relevanssi_related_no_append":"","_relevanssi_related_not_related":"","_relevanssi_related_posts":"","_relevanssi_noindex_reason":""},"product_brand":[],"product_cat":[15],"product_tag":[],"class_list":{"0":"post-2337","1":"product","2":"type-product","3":"status-publish","4":"has-post-thumbnail","6":"product_variant-zenith-e-series","7":"product_usage_areas-municipalities-building-yards","8":"product_usage_areas-service-providers","10":"first","11":"instock","12":"shipping-taxable","13":"product-type-simple"},"acf":[],"yoast_head":"<!-- This site is optimized with the Yoast SEO plugin v27.3 - https:\/\/yoast.com\/product\/yoast-seo-wordpress\/ -->\n<title>ZENITH E 48 - Battery powered zero-turn mower | Ariens<\/title>\n<meta name=\"description\" content=\"ZENITH E 48, a large commercial battery-powered zero-turn, with 122cm (48&quot;) side discharge cutting deck, designed for noise sensitive areas.\" \/>\n<meta name=\"robots\" content=\"noindex, follow, max-snippet:-1, max-image-preview:large, max-video-preview:-1\" \/>\n<meta property=\"og:locale\" content=\"hr_HR\" \/>\n<meta property=\"og:type\" content=\"article\" \/>\n<meta property=\"og:title\" content=\"ZENITH E 48 - Battery powered zero-turn mower | Ariens\" \/>\n<meta property=\"og:description\" content=\"ZENITH E 48, a large commercial battery-powered zero-turn, with 122cm (48&quot;) side discharge cutting deck, designed for noise sensitive areas.\" \/>\n<meta property=\"og:url\" content=\"https:\/\/www.ariens.eu\/hr\/product\/zero-turn-mowers\/zenith-e-series\/zenith-e-48\/\" \/>\n<meta property=\"og:site_name\" content=\"Ariens | EMEAA\" \/>\n<meta property=\"article:modified_time\" content=\"2026-05-06T12:07:11+00:00\" \/>\n<meta property=\"og:image\" content=\"https:\/\/www.ariens.eu\/hr\/wp-content\/uploads\/sites\/15\/2024\/05\/ariens-zenith-e-60-side-discharge-battery-zero-turn-front-left.webp\" \/>\n\t<meta property=\"og:image:width\" content=\"900\" \/>\n\t<meta property=\"og:image:height\" content=\"650\" \/>\n\t<meta property=\"og:image:type\" content=\"image\/webp\" \/>\n<meta name=\"twitter:card\" content=\"summary_large_image\" \/>\n<meta name=\"twitter:label1\" content=\"Procijenjeno vrijeme \u010ditanja\" \/>\n\t<meta name=\"twitter:data1\" content=\"4 minute\" \/>\n<script type=\"application\/ld+json\" class=\"yoast-schema-graph\">{\"@context\":\"https:\\\/\\\/schema.org\",\"@graph\":[{\"@type\":\"WebPage\",\"@id\":\"https:\\\/\\\/www.ariens.eu\\\/hr\\\/product\\\/zero-turn-mowers\\\/zenith-e-series\\\/zenith-e-48\\\/\",\"url\":\"https:\\\/\\\/www.ariens.eu\\\/hr\\\/product\\\/zero-turn-mowers\\\/zenith-e-series\\\/zenith-e-48\\\/\",\"name\":\"ZENITH E 48 - Battery powered zero-turn mower | Ariens\",\"isPartOf\":{\"@id\":\"https:\\\/\\\/www.ariens.eu\\\/hr\\\/#website\"},\"primaryImageOfPage\":{\"@id\":\"https:\\\/\\\/www.ariens.eu\\\/hr\\\/product\\\/zero-turn-mowers\\\/zenith-e-series\\\/zenith-e-48\\\/#primaryimage\"},\"image\":{\"@id\":\"https:\\\/\\\/www.ariens.eu\\\/hr\\\/product\\\/zero-turn-mowers\\\/zenith-e-series\\\/zenith-e-48\\\/#primaryimage\"},\"thumbnailUrl\":\"https:\\\/\\\/www.ariens.eu\\\/hr\\\/wp-content\\\/uploads\\\/sites\\\/15\\\/2024\\\/05\\\/ariens-zenith-e-60-side-discharge-battery-zero-turn-front-left.webp\",\"datePublished\":\"2024-05-10T10:04:36+00:00\",\"dateModified\":\"2026-05-06T12:07:11+00:00\",\"description\":\"ZENITH E 48, a large commercial battery-powered zero-turn, with 122cm (48\\\") side discharge cutting deck, designed for noise sensitive areas.\",\"breadcrumb\":{\"@id\":\"https:\\\/\\\/www.ariens.eu\\\/hr\\\/product\\\/zero-turn-mowers\\\/zenith-e-series\\\/zenith-e-48\\\/#breadcrumb\"},\"inLanguage\":\"hr\",\"potentialAction\":[{\"@type\":\"ReadAction\",\"target\":[\"https:\\\/\\\/www.ariens.eu\\\/hr\\\/product\\\/zero-turn-mowers\\\/zenith-e-series\\\/zenith-e-48\\\/\"]}]},{\"@type\":\"ImageObject\",\"inLanguage\":\"hr\",\"@id\":\"https:\\\/\\\/www.ariens.eu\\\/hr\\\/product\\\/zero-turn-mowers\\\/zenith-e-series\\\/zenith-e-48\\\/#primaryimage\",\"url\":\"https:\\\/\\\/www.ariens.eu\\\/hr\\\/wp-content\\\/uploads\\\/sites\\\/15\\\/2024\\\/05\\\/ariens-zenith-e-60-side-discharge-battery-zero-turn-front-left.webp\",\"contentUrl\":\"https:\\\/\\\/www.ariens.eu\\\/hr\\\/wp-content\\\/uploads\\\/sites\\\/15\\\/2024\\\/05\\\/ariens-zenith-e-60-side-discharge-battery-zero-turn-front-left.webp\",\"width\":900,\"height\":650},{\"@type\":\"BreadcrumbList\",\"@id\":\"https:\\\/\\\/www.ariens.eu\\\/hr\\\/product\\\/zero-turn-mowers\\\/zenith-e-series\\\/zenith-e-48\\\/#breadcrumb\",\"itemListElement\":[{\"@type\":\"ListItem\",\"position\":1,\"name\":\"Home\",\"item\":\"https:\\\/\\\/www.ariens.eu\\\/hr\\\/\"},{\"@type\":\"ListItem\",\"position\":2,\"name\":\"Shop\",\"item\":\"https:\\\/\\\/www.ariens.eu\\\/hr\\\/shop\\\/\"},{\"@type\":\"ListItem\",\"position\":3,\"name\":\"ZENITH E 48\"}]},{\"@type\":\"WebSite\",\"@id\":\"https:\\\/\\\/www.ariens.eu\\\/hr\\\/#website\",\"url\":\"https:\\\/\\\/www.ariens.eu\\\/hr\\\/\",\"name\":\"Ariens | EMEAA\",\"description\":\"Powerful and reliable zero-turn mowers &amp; snow blowers for professional users and demanding private customers\",\"publisher\":{\"@id\":\"https:\\\/\\\/www.ariens.eu\\\/hr\\\/#organization\"},\"potentialAction\":[{\"@type\":\"SearchAction\",\"target\":{\"@type\":\"EntryPoint\",\"urlTemplate\":\"https:\\\/\\\/www.ariens.eu\\\/hr\\\/?s={search_term_string}\"},\"query-input\":{\"@type\":\"PropertyValueSpecification\",\"valueRequired\":true,\"valueName\":\"search_term_string\"}}],\"inLanguage\":\"hr\"},{\"@type\":\"Organization\",\"@id\":\"https:\\\/\\\/www.ariens.eu\\\/hr\\\/#organization\",\"name\":\"AriensCo GmbH\",\"url\":\"https:\\\/\\\/www.ariens.eu\\\/hr\\\/\",\"logo\":{\"@type\":\"ImageObject\",\"inLanguage\":\"hr\",\"@id\":\"https:\\\/\\\/www.ariens.eu\\\/hr\\\/#\\\/schema\\\/logo\\\/image\\\/\",\"url\":\"https:\\\/\\\/www.ariens.eu\\\/wp-content\\\/uploads\\\/2024\\\/11\\\/ariens-co-logo.jpg\",\"contentUrl\":\"https:\\\/\\\/www.ariens.eu\\\/wp-content\\\/uploads\\\/2024\\\/11\\\/ariens-co-logo.jpg\",\"width\":1000,\"height\":1000,\"caption\":\"AriensCo GmbH\"},\"image\":{\"@id\":\"https:\\\/\\\/www.ariens.eu\\\/hr\\\/#\\\/schema\\\/logo\\\/image\\\/\"}}]}<\/script>\n<!-- \/ Yoast SEO plugin. -->","yoast_head_json":{"title":"ZENITH E 48 - Battery powered zero-turn mower | Ariens","description":"ZENITH E 48, a large commercial battery-powered zero-turn, with 122cm (48\") side discharge cutting deck, designed for noise sensitive areas.","robots":{"index":"noindex","follow":"follow","max-snippet":"max-snippet:-1","max-image-preview":"max-image-preview:large","max-video-preview":"max-video-preview:-1"},"og_locale":"hr_HR","og_type":"article","og_title":"ZENITH E 48 - Battery powered zero-turn mower | Ariens","og_description":"ZENITH E 48, a large commercial battery-powered zero-turn, with 122cm (48\") side discharge cutting deck, designed for noise sensitive areas.","og_url":"https:\/\/www.ariens.eu\/hr\/product\/zero-turn-mowers\/zenith-e-series\/zenith-e-48\/","og_site_name":"Ariens | EMEAA","article_modified_time":"2026-05-06T12:07:11+00:00","og_image":[{"width":900,"height":650,"url":"https:\/\/www.ariens.eu\/hr\/wp-content\/uploads\/sites\/15\/2024\/05\/ariens-zenith-e-60-side-discharge-battery-zero-turn-front-left.webp","type":"image\/webp"}],"twitter_card":"summary_large_image","twitter_misc":{"Procijenjeno vrijeme \u010ditanja":"4 minute"},"schema":{"@context":"https:\/\/schema.org","@graph":[{"@type":"WebPage","@id":"https:\/\/www.ariens.eu\/hr\/product\/zero-turn-mowers\/zenith-e-series\/zenith-e-48\/","url":"https:\/\/www.ariens.eu\/hr\/product\/zero-turn-mowers\/zenith-e-series\/zenith-e-48\/","name":"ZENITH E 48 - Battery powered zero-turn mower | Ariens","isPartOf":{"@id":"https:\/\/www.ariens.eu\/hr\/#website"},"primaryImageOfPage":{"@id":"https:\/\/www.ariens.eu\/hr\/product\/zero-turn-mowers\/zenith-e-series\/zenith-e-48\/#primaryimage"},"image":{"@id":"https:\/\/www.ariens.eu\/hr\/product\/zero-turn-mowers\/zenith-e-series\/zenith-e-48\/#primaryimage"},"thumbnailUrl":"https:\/\/www.ariens.eu\/hr\/wp-content\/uploads\/sites\/15\/2024\/05\/ariens-zenith-e-60-side-discharge-battery-zero-turn-front-left.webp","datePublished":"2024-05-10T10:04:36+00:00","dateModified":"2026-05-06T12:07:11+00:00","description":"ZENITH E 48, a large commercial battery-powered zero-turn, with 122cm (48\") side discharge cutting deck, designed for noise sensitive areas.","breadcrumb":{"@id":"https:\/\/www.ariens.eu\/hr\/product\/zero-turn-mowers\/zenith-e-series\/zenith-e-48\/#breadcrumb"},"inLanguage":"hr","potentialAction":[{"@type":"ReadAction","target":["https:\/\/www.ariens.eu\/hr\/product\/zero-turn-mowers\/zenith-e-series\/zenith-e-48\/"]}]},{"@type":"ImageObject","inLanguage":"hr","@id":"https:\/\/www.ariens.eu\/hr\/product\/zero-turn-mowers\/zenith-e-series\/zenith-e-48\/#primaryimage","url":"https:\/\/www.ariens.eu\/hr\/wp-content\/uploads\/sites\/15\/2024\/05\/ariens-zenith-e-60-side-discharge-battery-zero-turn-front-left.webp","contentUrl":"https:\/\/www.ariens.eu\/hr\/wp-content\/uploads\/sites\/15\/2024\/05\/ariens-zenith-e-60-side-discharge-battery-zero-turn-front-left.webp","width":900,"height":650},{"@type":"BreadcrumbList","@id":"https:\/\/www.ariens.eu\/hr\/product\/zero-turn-mowers\/zenith-e-series\/zenith-e-48\/#breadcrumb","itemListElement":[{"@type":"ListItem","position":1,"name":"Home","item":"https:\/\/www.ariens.eu\/hr\/"},{"@type":"ListItem","position":2,"name":"Shop","item":"https:\/\/www.ariens.eu\/hr\/shop\/"},{"@type":"ListItem","position":3,"name":"ZENITH E 48"}]},{"@type":"WebSite","@id":"https:\/\/www.ariens.eu\/hr\/#website","url":"https:\/\/www.ariens.eu\/hr\/","name":"Ariens | EMEAA","description":"Powerful and reliable zero-turn mowers &amp; snow blowers for professional users and demanding private customers","publisher":{"@id":"https:\/\/www.ariens.eu\/hr\/#organization"},"potentialAction":[{"@type":"SearchAction","target":{"@type":"EntryPoint","urlTemplate":"https:\/\/www.ariens.eu\/hr\/?s={search_term_string}"},"query-input":{"@type":"PropertyValueSpecification","valueRequired":true,"valueName":"search_term_string"}}],"inLanguage":"hr"},{"@type":"Organization","@id":"https:\/\/www.ariens.eu\/hr\/#organization","name":"AriensCo GmbH","url":"https:\/\/www.ariens.eu\/hr\/","logo":{"@type":"ImageObject","inLanguage":"hr","@id":"https:\/\/www.ariens.eu\/hr\/#\/schema\/logo\/image\/","url":"https:\/\/www.ariens.eu\/wp-content\/uploads\/2024\/11\/ariens-co-logo.jpg","contentUrl":"https:\/\/www.ariens.eu\/wp-content\/uploads\/2024\/11\/ariens-co-logo.jpg","width":1000,"height":1000,"caption":"AriensCo GmbH"},"image":{"@id":"https:\/\/www.ariens.eu\/hr\/#\/schema\/logo\/image\/"}}]}},"_links":{"self":[{"href":"https:\/\/www.ariens.eu\/hr\/wp-json\/wp\/v2\/product\/2337","targetHints":{"allow":["GET"]}}],"collection":[{"href":"https:\/\/www.ariens.eu\/hr\/wp-json\/wp\/v2\/product"}],"about":[{"href":"https:\/\/www.ariens.eu\/hr\/wp-json\/wp\/v2\/types\/product"}],"replies":[{"embeddable":true,"href":"https:\/\/www.ariens.eu\/hr\/wp-json\/wp\/v2\/comments?post=2337"}],"wp:featuredmedia":[{"embeddable":true,"href":"https:\/\/www.ariens.eu\/hr\/wp-json\/wp\/v2\/media\/2665"}],"wp:attachment":[{"href":"https:\/\/www.ariens.eu\/hr\/wp-json\/wp\/v2\/media?parent=2337"}],"wp:term":[{"taxonomy":"product_brand","embeddable":true,"href":"https:\/\/www.ariens.eu\/hr\/wp-json\/wp\/v2\/product_brand?post=2337"},{"taxonomy":"product_cat","embeddable":true,"href":"https:\/\/www.ariens.eu\/hr\/wp-json\/wp\/v2\/product_cat?post=2337"},{"taxonomy":"product_tag","embeddable":true,"href":"https:\/\/www.ariens.eu\/hr\/wp-json\/wp\/v2\/product_tag?post=2337"}],"curies":[{"name":"wp","href":"https:\/\/api.w.org\/{rel}","templated":true}]}}