{"id":2344,"date":"2024-05-10T11:04:36","date_gmt":"2024-05-10T10:04:36","guid":{"rendered":"https:\/\/www.ariens.eu\/product\/arrow-36\/"},"modified":"2026-05-06T13:07:12","modified_gmt":"2026-05-06T12:07:12","slug":"arrow-36","status":"publish","type":"product","link":"https:\/\/www.ariens.eu\/hr\/product\/zero-turn-mowers\/arrow-series\/arrow-36","title":{"rendered":"ARROW 36"},"content":{"rendered":"<div class=\"acfd-block acfd-block__twocolumns mb-asm-1 container-fluid px-0 bg-default\">\n<div class=\"acfd-twocolumns\">\n<div class=\"row\">\n<div class='col-lg-9 mb-4 '>\n<div class=\"acfd-block acfd-block__headline container-fluid px-0 bg-default\">\n<div class=\"acfd-headline\" >\n<h2 class='h2 text-left li_black'>Maksimalna manevrabilnost na kosim povr\u0161inama.<\/h2>\n<\/p><\/div>\n<\/div><\/div>\n<div class='col-lg'>                    <\/div>\n<\/p><\/div>\n<\/div>\n<\/div>\n<div class=\"acfd-block acfd-block__twocolumns container-fluid px-0 bg-default\">\n<div class=\"acfd-twocolumns\">\n<div class=\"row\">\n<div class='col-lg-9 mb-4 '>\n<div class=\"acfd-block acfd-block__text container-fluid px-0 bg-default\">\n<div class=\"acfd-text li_black\">\n<p>Kosa\u010dice na kojima se stoji su udobne i brze, ali posebno kompaktne, okretne i \u0161tede prostor. Va\u0161 le\u0111a i mi\u0161i\u0107i \u0107e vam zahvaliti na uspravnom radnom polo\u017eaju.<\/p>\n<p>Sa standardnim Kawasaki FS600 motorom i 91 cm (36&#8243;) dugom ko\u0161ilicom, ARROW 36 kosa\u010dica na kojoj se stoji je komercijalni izbor za ko\u0161enje na svim povr\u0161inama.<\/p>\n<ul>\n<li>Opremljena s 91 cm (36&#8243;) \u0161irokom ko\u0161ilicom od 4.5 mm limenog \u010delika<\/li>\n<li>Pokre\u0107e je Kawasaki<sup><sup>&reg;<\/sup><\/sup> FS 600 V-Twin 600cc motor<\/li>\n<li>Pode\u0161avanje visine preko pedale za nogu i sustava \u010depova u 15 koraka<\/li>\n<li>Dostupan je niz dodatne opreme<\/li>\n<li>5 godina ili 1000 sati jamstva \u2013 nema ograni\u010denja sati u prvih 2 godine**<\/li>\n<\/ul>\n<\/div>\n<\/div><\/div>\n<div class='col-lg'>                    <\/div>\n<\/p><\/div>\n<\/div>\n<\/div>\n<div class=\"acfd-block acfd-block__category mb-asm-3 container-fluid px-0 bg-default\">\n<div class=\"acfd-product-categories\">\n<h2 class=\"text-left mb-3\">\n        Applications    <\/h2>\n<div class=\"product-categories_wrapper\">\n         <span\n                data-description=\"Do you mow for many hours or even days or weeks at a time? Do you use your machine commercially and earn your money with it? Then you need a particularly reliable and comfortable machine with durable components.\"                class=\"product-category-single\"> PRO                <sup><i class=\"fa fa-info-circle\" aria-hidden=\"true\"><\/i><\/sup>            <\/span>  <span\n                data-description=\"Our mowers are equipped with high-quality Kawasaki<sup>&reg;<\/sup> or Ariens engines. They deliver above-average performance and reliability.\"                class=\"product-category-single\"> Petrol                <sup><i class=\"fa fa-info-circle\" aria-hidden=\"true\"><\/i><\/sup>            <\/span>  <span\n                data-description=\"When using a suitable mulching kit in your mower, the side discharge is no longer necessary. The clippings are finely shredded and evenly distributed to the rear of the lawn. Any fertilizer applied remains on the surface and the fine grass particles disappear almost invisibly into the lawn.\"                class=\"product-category-single\"> Optional mulching kit                <sup><i class=\"fa fa-info-circle\" aria-hidden=\"true\"><\/i><\/sup>            <\/span>  <span\n                data-description=\"\u00c5 klippe st\u00e5ende gir en rekke fordeler. Blant dem er at f\u00f8reren har full oversikt over hele klippebredden og f\u00e5r sv\u00e6rt h\u00f8y man\u00f8vrerbarhet med disse kompakte maskinene. Brukere med ryggproblemer drar nytte av den ergonomiske arbeidsstillingen. Daglig transport og lagring blir betydelig enklere, og av- og p\u00e5stigning tar bare sekunder. Stand-on klippere er ogs\u00e5 ideelle i smale passasjer og gjennom hageporter.\"                class=\"product-category-single\"> Stand-on (st\u00e5ende plattform)                <sup><i class=\"fa fa-info-circle\" aria-hidden=\"true\"><\/i><\/sup>            <\/span>  <span\n                data-description=\"With the APEX and ZENITH models, you have the choice between side discharge and rear discharge mower decks. A side discharge mower deck ejects the clippings via a side opening and a deflector. The powerful airflow then distributes it over a large area. An optional mulching kit can be installed in side discharge mower decks. When a mulching kit is used, the clippings are finely shredded and ejected to the rear. The side discharge and deflector are then closed or removed.\"                class=\"product-category-single\"> Side discharge                <sup><i class=\"fa fa-info-circle\" aria-hidden=\"true\"><\/i><\/sup>            <\/span>  <span\n                data-description=\"Alle Ariens-pl\u00e6neklippere er velegnede til flade gr\u00e6spl\u00e6ner. V\u00e6lg din klippebredde i henhold til st\u00f8rrelsen p\u00e5 dit omr\u00e5de og eventuelle begr\u00e6nsende smalle omr\u00e5der.\"                class=\"product-category-single\"> Fladt terr\u00e6n                <sup><i class=\"fa fa-info-circle\" aria-hidden=\"true\"><\/i><\/sup>            <\/span>  <span\n                data-description=\"Ariens-pl\u00e6neklippere klarer sig godt p\u00e5 uj\u00e6vnt terr\u00e6n. Til uj\u00e6vnt terr\u00e6n skal du v\u00e6lge smallere klippeaggregater for at opn\u00e5 et mere ensartet klippem\u00f8nster.\"                class=\"product-category-single\"> Uj\u00e6vnt terr\u00e6n                <sup><i class=\"fa fa-info-circle\" aria-hidden=\"true\"><\/i><\/sup>            <\/span>  <span\n                data-description=\"Det anbefales \u00e5 velge en maskin med brede hjul. Ikke overskrid den angitte sikkerhetsgrensen p\u00e5 15\u00b0 helling for sitteklippere og 20\u00b0 for st\u00e5ende klippere. P\u00e5 ujevnt terreng b\u00f8r du velge et smalere klippeaggregat for et mer jevnt klipperesultat. ZENITH-modellen leveres med veltesikring (ROPS) som standard, og dette kan ettermonteres p\u00e5 APEX.\"                class=\"product-category-single\"> Kupert terreng                <sup><i class=\"fa fa-info-circle\" aria-hidden=\"true\"><\/i><\/sup>            <\/span>  <span\n                data-description=\"Use mowing widths of 107 cm and 122 cm on medium to large lawns.\"                class=\"product-category-single\"> Medium-sized areas                <sup><i class=\"fa fa-info-circle\" aria-hidden=\"true\"><\/i><\/sup>            <\/span>  <span\n                data-description=\"Mowing decks 132 cm and 152 cm wide are used effectively on large areas.\"                class=\"product-category-single\"> Large areas                <sup><i class=\"fa fa-info-circle\" aria-hidden=\"true\"><\/i><\/sup>            <\/span>     <\/div>\n<\/div>\n<\/div>\n<div class=\"acfd-block acfd-block__twocolumns mb-asm-2 container-fluid container-fluid--force px-0 bg-default\">\n<div class=\"acfd-twocolumns\">\n<div class=\"row\">\n<div class='col-lg-12 mb-4 '>\n<div class=\"acfd-product-advantages--wrapper\">\n<h2 class=\"h1 bigger text-color-black text-center mb-5\">\n        Features &#038; Benefits    <\/h2>\n<div class=\"acfd-product-advantages\">\n<div class=\"row\">\n<div class=\"col-md-6 mb-4 content\">\n                    <span class=\"d-block h5 text-color-brand mb-1\">Lak pristup i visoka manevrabilnost<\/span><\/p>\n<p>Oba ko\u0161ili\u0161ta od 81 cm (32\u2033) i 91 cm (36\u2033) omogu\u0107uju pristup te\u0161ko dostupnim podru\u010djima za ko\u0161enje i olak\u0161avaju rad u uskim prostorima. Uspinjanje i silazak traje samo nekoliko sekundi.<\/p>\n<\/p><\/div>\n<div class=\"col-md-6 mb4 image\"  style=\"background-image:url(https:\/\/www.ariens.eu\/hr\/wp-content\/uploads\/sites\/15\/2026\/05\/ariens-arrow-standon-zero-turn-narrow-footprint-easy-access.webp)\">\n                <\/div>\n<\/p><\/div>\n<div class=\"row\">\n<div class=\"col-md-6 mb-4 content\">\n                    <span class=\"d-block h5 text-color-brand mb-1\">Savijaju\u0107a platforma<\/span><\/p>\n<p>Uspravni polo\u017eaj voza\u010da na platformi nudi korisniku bolji pogled na rezni dio nego kod traktor-ko\u0161arice. Vibracije i udarci na le\u0111a operatera su smanjeni &#8211; radni dan je manje naporan. Mehanizam savijanja platforme omogu\u0107ava brzu transformaciju iz &#8216;staj-na&#8217; u &#8216;hod-iza&#8217; ko\u0161aricu, daju\u0107i korisniku maksimalnu svestranost u uskim i niskim prolazima.<\/p>\n<\/p><\/div>\n<div class=\"col-md-6 mb4 image\"  style=\"background-image:url(https:\/\/www.ariens.eu\/hr\/wp-content\/uploads\/sites\/15\/2026\/05\/ariens-arrow-standon-zero-turn-flip-up-suspension-platform.webp)\">\n                <\/div>\n<\/p><\/div>\n<div class=\"row\">\n<div class=\"col-md-6 mb-4 content\">\n                    <span class=\"d-block h5 text-color-brand mb-1\">Regulacija brzine<\/span><\/p>\n<p>Omogu\u0107uje voza\u010du ograni\u010denje maksimalne brzine stroja u ograni\u010denim radnim okru\u017eenjima.<\/p>\n<\/p><\/div>\n<div class=\"col-md-6 mb4 image\"  style=\"background-image:url(https:\/\/www.ariens.eu\/hr\/wp-content\/uploads\/sites\/15\/2026\/05\/ariens-arrow-standon-zero-turn-cruise-bar.webp)\">\n                <\/div>\n<\/p><\/div>\n<div class=\"row\">\n<div class=\"col-md-6 mb-4 content\">\n                    <span class=\"d-block h5 text-color-brand mb-1\">Elementi za upravljanje<\/span><\/p>\n<p>Sve funkcije su lako dostupne i mogu se ergonomski kontrolirati s mjesta voza\u010da.<\/p>\n<\/p><\/div>\n<div class=\"col-md-6 mb4 image\"  style=\"background-image:url(https:\/\/www.ariens.eu\/hr\/wp-content\/uploads\/sites\/15\/2026\/05\/ariens-arrow-standon-zero-turn-ergonomic-control-panel.webp)\">\n                <\/div>\n<\/p><\/div>\n<div class=\"row\">\n<div class=\"col-md-6 mb-4 content\">\n                    <span class=\"d-block h5 text-color-brand mb-1\">Postavka visine rezanja<\/span><\/p>\n<p>Manje napora je potrebno za podizanje ko\u0161ioni\u010dke platforme, kombinacija pedale za nogu i ru\u010dice te okomitog sustava \u010depova olak\u0161avaju pode\u0161avanje visine rezanja.<\/p>\n<\/p><\/div>\n<div class=\"col-md-6 mb4 image\"  style=\"background-image:url(https:\/\/www.ariens.eu\/hr\/wp-content\/uploads\/sites\/15\/2026\/05\/ariens-arrow-standon-zero-turn-easy-deck-height-adjustment.webp)\">\n                <\/div>\n<\/p><\/div>\n<div class=\"row\">\n<div class=\"col-md-6 mb-4 content\">\n                    <span class=\"d-block h5 text-color-brand mb-1\">Premijum motor<\/span><\/p>\n<p>Kawasakijev FS600 V-Twin premijum motor osigurava snagu, performanse i u\u010dinkovitost goriva.<\/p>\n<\/p><\/div>\n<div class=\"col-md-6 mb4 image\"  style=\"background-image:url(https:\/\/www.ariens.eu\/hr\/wp-content\/uploads\/sites\/15\/2026\/05\/ariens-arrow-standon-zero-turn-kawasaki-engine.webp)\">\n                <\/div>\n<\/p><\/div>\n<div class=\"row\">\n<div class=\"col-md-6 mb-4 content\">\n                    <span class=\"d-block h5 text-color-brand mb-1\">Ni\u017ei centar te\u017ei\u0161ta<\/span><\/p>\n<p>Geometrija i raspodjela te\u017eine osiguravaju ve\u0107u stabilnost na nagibima i ugodniji osje\u0107aj sigurnosti za voza\u010da.<\/p>\n<\/p><\/div>\n<div class=\"col-md-6 mb4 image\"  style=\"background-image:url(https:\/\/www.ariens.eu\/hr\/wp-content\/uploads\/sites\/15\/2026\/05\/ariens-arrow-standon-zero-turn-lowered-centre-of-gravity.webp)\">\n                <\/div>\n<\/p><\/div>\n<\/p><\/div>\n<\/div><\/div>\n<div class='col-lg'>                    <\/div>\n<\/p><\/div>\n<\/div>\n<\/div>\n","protected":false},"excerpt":{"rendered":"<p>Maksimalna manevrabilnost na kosim povr\u0161inama. Kosa\u010dice na kojima se stoji su udobne i brze, ali posebno kompaktne, okretne i \u0161tede prostor. Va\u0161 le\u0111a i mi\u0161i\u0107i \u0107e vam zahvaliti na uspravnom radnom polo\u017eaju. Sa standardnim Kawasaki FS600 motorom i 91 cm (36&#8243;) dugom ko\u0161ilicom, ARROW 36 kosa\u010dica na kojoj se stoji je komercijalni izbor za ko\u0161enje [&hellip;]<\/p>\n","protected":false},"featured_media":2709,"comment_status":"open","ping_status":"closed","template":"","meta":{"_acf_changed":false,"_relevanssi_hide_post":"","_relevanssi_hide_content":"","_relevanssi_pin_for_all":"","_relevanssi_pin_keywords":"","_relevanssi_unpin_keywords":"","_relevanssi_related_keywords":"","_relevanssi_related_include_ids":"","_relevanssi_related_exclude_ids":"","_relevanssi_related_no_append":"","_relevanssi_related_not_related":"","_relevanssi_related_posts":"","_relevanssi_noindex_reason":""},"product_brand":[],"product_cat":[15],"product_tag":[],"class_list":{"0":"post-2344","1":"product","2":"type-product","3":"status-publish","4":"has-post-thumbnail","6":"product_variant-arrow-series","7":"product_usage_areas-municipalities-building-yards","8":"product_usage_areas-service-providers","10":"first","11":"instock","12":"shipping-taxable","13":"product-type-simple"},"acf":[],"yoast_head":"<!-- This site is optimized with the Yoast SEO plugin v27.3 - https:\/\/yoast.com\/product\/yoast-seo-wordpress\/ -->\n<title>ARROW 36 - Stand-on zero-turn lawn mower | Ariens<\/title>\n<meta name=\"description\" content=\"With its commercial Kawasaki FS600 engine and 91cm (36&quot;) deck, the ARROW 36 stand-on is the commercial choice for access all areas mowing.\" \/>\n<meta name=\"robots\" content=\"noindex, follow, max-snippet:-1, max-image-preview:large, max-video-preview:-1\" \/>\n<meta property=\"og:locale\" content=\"hr_HR\" \/>\n<meta property=\"og:type\" content=\"article\" \/>\n<meta property=\"og:title\" content=\"ARROW 36 - Stand-on zero-turn lawn mower | Ariens\" \/>\n<meta property=\"og:description\" content=\"With its commercial Kawasaki FS600 engine and 91cm (36&quot;) deck, the ARROW 36 stand-on is the commercial choice for access all areas mowing.\" \/>\n<meta property=\"og:url\" content=\"https:\/\/www.ariens.eu\/hr\/product\/zero-turn-mowers\/arrow-series\/arrow-36\/\" \/>\n<meta property=\"og:site_name\" content=\"Ariens | EMEAA\" \/>\n<meta property=\"article:modified_time\" content=\"2026-05-06T12:07:12+00:00\" \/>\n<meta property=\"og:image\" content=\"https:\/\/www.ariens.eu\/hr\/wp-content\/uploads\/sites\/15\/2024\/05\/ariens-arrow-36-stand-on-zero-turn-front-view-34.webp\" \/>\n\t<meta property=\"og:image:width\" content=\"900\" \/>\n\t<meta property=\"og:image:height\" content=\"650\" \/>\n\t<meta property=\"og:image:type\" content=\"image\/webp\" \/>\n<meta name=\"twitter:card\" content=\"summary_large_image\" \/>\n<meta name=\"twitter:label1\" content=\"Procijenjeno vrijeme \u010ditanja\" \/>\n\t<meta name=\"twitter:data1\" content=\"2 minute\" \/>\n<script type=\"application\/ld+json\" class=\"yoast-schema-graph\">{\"@context\":\"https:\\\/\\\/schema.org\",\"@graph\":[{\"@type\":\"WebPage\",\"@id\":\"https:\\\/\\\/www.ariens.eu\\\/hr\\\/product\\\/zero-turn-mowers\\\/arrow-series\\\/arrow-36\\\/\",\"url\":\"https:\\\/\\\/www.ariens.eu\\\/hr\\\/product\\\/zero-turn-mowers\\\/arrow-series\\\/arrow-36\\\/\",\"name\":\"ARROW 36 - Stand-on zero-turn lawn mower | Ariens\",\"isPartOf\":{\"@id\":\"https:\\\/\\\/www.ariens.eu\\\/hr\\\/#website\"},\"primaryImageOfPage\":{\"@id\":\"https:\\\/\\\/www.ariens.eu\\\/hr\\\/product\\\/zero-turn-mowers\\\/arrow-series\\\/arrow-36\\\/#primaryimage\"},\"image\":{\"@id\":\"https:\\\/\\\/www.ariens.eu\\\/hr\\\/product\\\/zero-turn-mowers\\\/arrow-series\\\/arrow-36\\\/#primaryimage\"},\"thumbnailUrl\":\"https:\\\/\\\/www.ariens.eu\\\/hr\\\/wp-content\\\/uploads\\\/sites\\\/15\\\/2024\\\/05\\\/ariens-arrow-36-stand-on-zero-turn-front-view-34.webp\",\"datePublished\":\"2024-05-10T10:04:36+00:00\",\"dateModified\":\"2026-05-06T12:07:12+00:00\",\"description\":\"With its commercial Kawasaki FS600 engine and 91cm (36\\\") deck, the ARROW 36 stand-on is the commercial choice for access all areas mowing.\",\"breadcrumb\":{\"@id\":\"https:\\\/\\\/www.ariens.eu\\\/hr\\\/product\\\/zero-turn-mowers\\\/arrow-series\\\/arrow-36\\\/#breadcrumb\"},\"inLanguage\":\"hr\",\"potentialAction\":[{\"@type\":\"ReadAction\",\"target\":[\"https:\\\/\\\/www.ariens.eu\\\/hr\\\/product\\\/zero-turn-mowers\\\/arrow-series\\\/arrow-36\\\/\"]}]},{\"@type\":\"ImageObject\",\"inLanguage\":\"hr\",\"@id\":\"https:\\\/\\\/www.ariens.eu\\\/hr\\\/product\\\/zero-turn-mowers\\\/arrow-series\\\/arrow-36\\\/#primaryimage\",\"url\":\"https:\\\/\\\/www.ariens.eu\\\/hr\\\/wp-content\\\/uploads\\\/sites\\\/15\\\/2024\\\/05\\\/ariens-arrow-36-stand-on-zero-turn-front-view-34.webp\",\"contentUrl\":\"https:\\\/\\\/www.ariens.eu\\\/hr\\\/wp-content\\\/uploads\\\/sites\\\/15\\\/2024\\\/05\\\/ariens-arrow-36-stand-on-zero-turn-front-view-34.webp\",\"width\":900,\"height\":650},{\"@type\":\"BreadcrumbList\",\"@id\":\"https:\\\/\\\/www.ariens.eu\\\/hr\\\/product\\\/zero-turn-mowers\\\/arrow-series\\\/arrow-36\\\/#breadcrumb\",\"itemListElement\":[{\"@type\":\"ListItem\",\"position\":1,\"name\":\"Home\",\"item\":\"https:\\\/\\\/www.ariens.eu\\\/hr\\\/\"},{\"@type\":\"ListItem\",\"position\":2,\"name\":\"Shop\",\"item\":\"https:\\\/\\\/www.ariens.eu\\\/hr\\\/shop\\\/\"},{\"@type\":\"ListItem\",\"position\":3,\"name\":\"ARROW 36\"}]},{\"@type\":\"WebSite\",\"@id\":\"https:\\\/\\\/www.ariens.eu\\\/hr\\\/#website\",\"url\":\"https:\\\/\\\/www.ariens.eu\\\/hr\\\/\",\"name\":\"Ariens | EMEAA\",\"description\":\"Powerful and reliable zero-turn mowers &amp; snow blowers for professional users and demanding private customers\",\"publisher\":{\"@id\":\"https:\\\/\\\/www.ariens.eu\\\/hr\\\/#organization\"},\"potentialAction\":[{\"@type\":\"SearchAction\",\"target\":{\"@type\":\"EntryPoint\",\"urlTemplate\":\"https:\\\/\\\/www.ariens.eu\\\/hr\\\/?s={search_term_string}\"},\"query-input\":{\"@type\":\"PropertyValueSpecification\",\"valueRequired\":true,\"valueName\":\"search_term_string\"}}],\"inLanguage\":\"hr\"},{\"@type\":\"Organization\",\"@id\":\"https:\\\/\\\/www.ariens.eu\\\/hr\\\/#organization\",\"name\":\"AriensCo GmbH\",\"url\":\"https:\\\/\\\/www.ariens.eu\\\/hr\\\/\",\"logo\":{\"@type\":\"ImageObject\",\"inLanguage\":\"hr\",\"@id\":\"https:\\\/\\\/www.ariens.eu\\\/hr\\\/#\\\/schema\\\/logo\\\/image\\\/\",\"url\":\"https:\\\/\\\/www.ariens.eu\\\/wp-content\\\/uploads\\\/2024\\\/11\\\/ariens-co-logo.jpg\",\"contentUrl\":\"https:\\\/\\\/www.ariens.eu\\\/wp-content\\\/uploads\\\/2024\\\/11\\\/ariens-co-logo.jpg\",\"width\":1000,\"height\":1000,\"caption\":\"AriensCo GmbH\"},\"image\":{\"@id\":\"https:\\\/\\\/www.ariens.eu\\\/hr\\\/#\\\/schema\\\/logo\\\/image\\\/\"}}]}<\/script>\n<!-- \/ Yoast SEO plugin. -->","yoast_head_json":{"title":"ARROW 36 - Stand-on zero-turn lawn mower | Ariens","description":"With its commercial Kawasaki FS600 engine and 91cm (36\") deck, the ARROW 36 stand-on is the commercial choice for access all areas mowing.","robots":{"index":"noindex","follow":"follow","max-snippet":"max-snippet:-1","max-image-preview":"max-image-preview:large","max-video-preview":"max-video-preview:-1"},"og_locale":"hr_HR","og_type":"article","og_title":"ARROW 36 - Stand-on zero-turn lawn mower | Ariens","og_description":"With its commercial Kawasaki FS600 engine and 91cm (36\") deck, the ARROW 36 stand-on is the commercial choice for access all areas mowing.","og_url":"https:\/\/www.ariens.eu\/hr\/product\/zero-turn-mowers\/arrow-series\/arrow-36\/","og_site_name":"Ariens | EMEAA","article_modified_time":"2026-05-06T12:07:12+00:00","og_image":[{"width":900,"height":650,"url":"https:\/\/www.ariens.eu\/hr\/wp-content\/uploads\/sites\/15\/2024\/05\/ariens-arrow-36-stand-on-zero-turn-front-view-34.webp","type":"image\/webp"}],"twitter_card":"summary_large_image","twitter_misc":{"Procijenjeno vrijeme \u010ditanja":"2 minute"},"schema":{"@context":"https:\/\/schema.org","@graph":[{"@type":"WebPage","@id":"https:\/\/www.ariens.eu\/hr\/product\/zero-turn-mowers\/arrow-series\/arrow-36\/","url":"https:\/\/www.ariens.eu\/hr\/product\/zero-turn-mowers\/arrow-series\/arrow-36\/","name":"ARROW 36 - Stand-on zero-turn lawn mower | Ariens","isPartOf":{"@id":"https:\/\/www.ariens.eu\/hr\/#website"},"primaryImageOfPage":{"@id":"https:\/\/www.ariens.eu\/hr\/product\/zero-turn-mowers\/arrow-series\/arrow-36\/#primaryimage"},"image":{"@id":"https:\/\/www.ariens.eu\/hr\/product\/zero-turn-mowers\/arrow-series\/arrow-36\/#primaryimage"},"thumbnailUrl":"https:\/\/www.ariens.eu\/hr\/wp-content\/uploads\/sites\/15\/2024\/05\/ariens-arrow-36-stand-on-zero-turn-front-view-34.webp","datePublished":"2024-05-10T10:04:36+00:00","dateModified":"2026-05-06T12:07:12+00:00","description":"With its commercial Kawasaki FS600 engine and 91cm (36\") deck, the ARROW 36 stand-on is the commercial choice for access all areas mowing.","breadcrumb":{"@id":"https:\/\/www.ariens.eu\/hr\/product\/zero-turn-mowers\/arrow-series\/arrow-36\/#breadcrumb"},"inLanguage":"hr","potentialAction":[{"@type":"ReadAction","target":["https:\/\/www.ariens.eu\/hr\/product\/zero-turn-mowers\/arrow-series\/arrow-36\/"]}]},{"@type":"ImageObject","inLanguage":"hr","@id":"https:\/\/www.ariens.eu\/hr\/product\/zero-turn-mowers\/arrow-series\/arrow-36\/#primaryimage","url":"https:\/\/www.ariens.eu\/hr\/wp-content\/uploads\/sites\/15\/2024\/05\/ariens-arrow-36-stand-on-zero-turn-front-view-34.webp","contentUrl":"https:\/\/www.ariens.eu\/hr\/wp-content\/uploads\/sites\/15\/2024\/05\/ariens-arrow-36-stand-on-zero-turn-front-view-34.webp","width":900,"height":650},{"@type":"BreadcrumbList","@id":"https:\/\/www.ariens.eu\/hr\/product\/zero-turn-mowers\/arrow-series\/arrow-36\/#breadcrumb","itemListElement":[{"@type":"ListItem","position":1,"name":"Home","item":"https:\/\/www.ariens.eu\/hr\/"},{"@type":"ListItem","position":2,"name":"Shop","item":"https:\/\/www.ariens.eu\/hr\/shop\/"},{"@type":"ListItem","position":3,"name":"ARROW 36"}]},{"@type":"WebSite","@id":"https:\/\/www.ariens.eu\/hr\/#website","url":"https:\/\/www.ariens.eu\/hr\/","name":"Ariens | EMEAA","description":"Powerful and reliable zero-turn mowers &amp; snow blowers for professional users and demanding private customers","publisher":{"@id":"https:\/\/www.ariens.eu\/hr\/#organization"},"potentialAction":[{"@type":"SearchAction","target":{"@type":"EntryPoint","urlTemplate":"https:\/\/www.ariens.eu\/hr\/?s={search_term_string}"},"query-input":{"@type":"PropertyValueSpecification","valueRequired":true,"valueName":"search_term_string"}}],"inLanguage":"hr"},{"@type":"Organization","@id":"https:\/\/www.ariens.eu\/hr\/#organization","name":"AriensCo GmbH","url":"https:\/\/www.ariens.eu\/hr\/","logo":{"@type":"ImageObject","inLanguage":"hr","@id":"https:\/\/www.ariens.eu\/hr\/#\/schema\/logo\/image\/","url":"https:\/\/www.ariens.eu\/wp-content\/uploads\/2024\/11\/ariens-co-logo.jpg","contentUrl":"https:\/\/www.ariens.eu\/wp-content\/uploads\/2024\/11\/ariens-co-logo.jpg","width":1000,"height":1000,"caption":"AriensCo GmbH"},"image":{"@id":"https:\/\/www.ariens.eu\/hr\/#\/schema\/logo\/image\/"}}]}},"_links":{"self":[{"href":"https:\/\/www.ariens.eu\/hr\/wp-json\/wp\/v2\/product\/2344","targetHints":{"allow":["GET"]}}],"collection":[{"href":"https:\/\/www.ariens.eu\/hr\/wp-json\/wp\/v2\/product"}],"about":[{"href":"https:\/\/www.ariens.eu\/hr\/wp-json\/wp\/v2\/types\/product"}],"replies":[{"embeddable":true,"href":"https:\/\/www.ariens.eu\/hr\/wp-json\/wp\/v2\/comments?post=2344"}],"wp:featuredmedia":[{"embeddable":true,"href":"https:\/\/www.ariens.eu\/hr\/wp-json\/wp\/v2\/media\/2709"}],"wp:attachment":[{"href":"https:\/\/www.ariens.eu\/hr\/wp-json\/wp\/v2\/media?parent=2344"}],"wp:term":[{"taxonomy":"product_brand","embeddable":true,"href":"https:\/\/www.ariens.eu\/hr\/wp-json\/wp\/v2\/product_brand?post=2344"},{"taxonomy":"product_cat","embeddable":true,"href":"https:\/\/www.ariens.eu\/hr\/wp-json\/wp\/v2\/product_cat?post=2344"},{"taxonomy":"product_tag","embeddable":true,"href":"https:\/\/www.ariens.eu\/hr\/wp-json\/wp\/v2\/product_tag?post=2344"}],"curies":[{"name":"wp","href":"https:\/\/api.w.org\/{rel}","templated":true}]}}