{"id":9,"date":"2024-03-22T12:47:48","date_gmt":"2024-03-22T12:47:48","guid":{"rendered":"https:\/\/www.ariens.eu\/cart\/"},"modified":"2024-03-22T12:47:48","modified_gmt":"2024-03-22T12:47:48","slug":"kocsi","status":"publish","type":"page","link":"https:\/\/www.ariens.eu\/hu\/kocsi\/","title":{"rendered":"Kocsi"},"content":{"rendered":"\n<div data-block-name=\"woocommerce\/cart\" class=\"wp-block-woocommerce-cart alignwide is-loading\">\n<div data-block-name=\"woocommerce\/filled-cart-block\" class=\"wp-block-woocommerce-filled-cart-block\">\n<div data-block-name=\"woocommerce\/cart-items-block\" class=\"wp-block-woocommerce-cart-items-block\">\n<div data-block-name=\"woocommerce\/cart-line-items-block\" class=\"wp-block-woocommerce-cart-line-items-block\"><\/div>\n\n\n\n<div data-block-name=\"woocommerce\/cart-cross-sells-block\" class=\"wp-block-woocommerce-cart-cross-sells-block\">\n<h2 class=\"wp-block-heading has-large-font-size\">You may be interested in\u2026<\/h2>\n\n\n\n<div data-block-name=\"woocommerce\/cart-cross-sells-products-block\" class=\"wp-block-woocommerce-cart-cross-sells-products-block\"><\/div>\n<\/div>\n<\/div>\n\n\n\n<div data-block-name=\"woocommerce\/cart-totals-block\" class=\"wp-block-woocommerce-cart-totals-block\">\n<div data-block-name=\"woocommerce\/cart-order-summary-block\" class=\"wp-block-woocommerce-cart-order-summary-block\">\n<div data-block-name=\"woocommerce\/cart-order-summary-heading-block\" class=\"wp-block-woocommerce-cart-order-summary-heading-block\"><\/div><div data-block-name=\"woocommerce\/cart-order-summary-coupon-form-block\" class=\"wp-block-woocommerce-cart-order-summary-coupon-form-block\"><\/div><div data-block-name=\"woocommerce\/cart-order-summary-totals-block\" class=\"wp-block-woocommerce-cart-order-summary-totals-block\">\n<div data-block-name=\"woocommerce\/cart-order-summary-subtotal-block\" class=\"wp-block-woocommerce-cart-order-summary-subtotal-block\"><\/div>\n<div data-block-name=\"woocommerce\/cart-order-summary-discount-block\" class=\"wp-block-woocommerce-cart-order-summary-discount-block\"><\/div>\n<div data-block-name=\"woocommerce\/cart-order-summary-fee-block\" class=\"wp-block-woocommerce-cart-order-summary-fee-block\"><\/div>\n<div data-block-name=\"woocommerce\/cart-order-summary-shipping-block\" class=\"wp-block-woocommerce-cart-order-summary-shipping-block\"><\/div>\n<div data-block-name=\"woocommerce\/cart-order-summary-taxes-block\" class=\"wp-block-woocommerce-cart-order-summary-taxes-block\"><\/div><\/div>\n<\/div>\n\n\n\n<div data-block-name=\"woocommerce\/cart-express-payment-block\" class=\"wp-block-woocommerce-cart-express-payment-block\"><\/div>\n\n\n\n<div data-block-name=\"woocommerce\/proceed-to-checkout-block\" class=\"wp-block-woocommerce-proceed-to-checkout-block\"><\/div>\n\n\n\n<div data-block-name=\"woocommerce\/cart-accepted-payment-methods-block\" class=\"wp-block-woocommerce-cart-accepted-payment-methods-block\"><\/div>\n<\/div>\n<\/div>\n\n\n\n<div data-block-name=\"woocommerce\/empty-cart-block\" class=\"wp-block-woocommerce-empty-cart-block\">\n<h2 class=\"wp-block-heading has-text-align-center with-empty-cart-icon wc-block-cart__empty-cart__title\">Your cart is currently empty!<\/h2>\n\n\n\n<hr class=\"wp-block-separator has-alpha-channel-opacity is-style-dots\"\/>\n\n\n\n<h2 class=\"wp-block-heading has-text-align-center\">New in store<\/h2>\n\n\n<div data-block-name=\"woocommerce\/product-new\" data-columns=\"4\" data-rows=\"1\" class=\"wc-block-grid wp-block-product-new wp-block-woocommerce-product-new wc-block-product-new has-4-columns\"><ul class=\"wc-block-grid__products\"><li class=\"wc-block-grid__product\">\n\t\t\t\t<a href=\"https:\/\/www.ariens.eu\/hu\/product\/zero-turn-mowers\/ikon-series\/ikon-42\" class=\"wc-block-grid__product-link\">\n\t\t\t\t\t\n\t\t\t\t\t<div class=\"wc-block-grid__product-image\"><img decoding=\"async\" width=\"300\" height=\"300\" src=\"https:\/\/www.ariens.eu\/hu\/wp-content\/uploads\/sites\/16\/2024\/09\/ariens-ikon-42-sd-300x300.png\" class=\"attachment-woocommerce_thumbnail size-woocommerce_thumbnail\" alt=\"IKON 42\" srcset=\"https:\/\/www.ariens.eu\/hu\/wp-content\/uploads\/sites\/16\/2024\/09\/ariens-ikon-42-sd-300x300.png 300w, https:\/\/www.ariens.eu\/hu\/wp-content\/uploads\/sites\/16\/2024\/09\/ariens-ikon-42-sd-150x150.png 150w, https:\/\/www.ariens.eu\/hu\/wp-content\/uploads\/sites\/16\/2024\/09\/ariens-ikon-42-sd-100x100.png 100w\" sizes=\"(max-width: 300px) 100vw, 300px\" \/><\/div>\n\t\t\t\t\t<div class=\"wc-block-grid__product-title\">IKON 42<\/div>\n\t\t\t\t<\/a>\n\t\t\t\t<div class=\"wc-block-grid__product-price price\"><\/div>\n\t\t\t\t\n\t\t\t\t<div class=\"wp-block-button wc-block-grid__product-add-to-cart\"><a href=\"https:\/\/www.ariens.eu\/hu\/product\/zero-turn-mowers\/ikon-series\/ikon-42\" aria-label=\"&ldquo;IKON 42&rdquo; term\u00e9kr\u0151l t\u00f6bb inform\u00e1ci\u00f3\" data-quantity=\"1\" data-product_id=\"4682\" data-product_sku=\"918300\" data-price=\"0\" rel=\"nofollow\" class=\"wp-block-button__link  add_to_cart_button\">Tov\u00e1bb olvasom<\/a><\/div>\n\t\t\t<\/li><li class=\"wc-block-grid__product\">\n\t\t\t\t<a href=\"https:\/\/www.ariens.eu\/hu\/product\/zero-turn-mowers\/ikon-series\/ikon-52\" class=\"wc-block-grid__product-link\">\n\t\t\t\t\t\n\t\t\t\t\t<div class=\"wc-block-grid__product-image\"><img decoding=\"async\" width=\"300\" height=\"300\" src=\"https:\/\/www.ariens.eu\/hu\/wp-content\/uploads\/sites\/16\/2024\/09\/ariens-ikon-42-sd-300x300.png\" class=\"attachment-woocommerce_thumbnail size-woocommerce_thumbnail\" alt=\"IKON 52\" srcset=\"https:\/\/www.ariens.eu\/hu\/wp-content\/uploads\/sites\/16\/2024\/09\/ariens-ikon-42-sd-300x300.png 300w, https:\/\/www.ariens.eu\/hu\/wp-content\/uploads\/sites\/16\/2024\/09\/ariens-ikon-42-sd-150x150.png 150w, https:\/\/www.ariens.eu\/hu\/wp-content\/uploads\/sites\/16\/2024\/09\/ariens-ikon-42-sd-100x100.png 100w\" sizes=\"(max-width: 300px) 100vw, 300px\" \/><\/div>\n\t\t\t\t\t<div class=\"wc-block-grid__product-title\">IKON 52<\/div>\n\t\t\t\t<\/a>\n\t\t\t\t<div class=\"wc-block-grid__product-price price\"><\/div>\n\t\t\t\t\n\t\t\t\t<div class=\"wp-block-button wc-block-grid__product-add-to-cart\"><a href=\"https:\/\/www.ariens.eu\/hu\/product\/zero-turn-mowers\/ikon-series\/ikon-52\" aria-label=\"&ldquo;IKON 52&rdquo; term\u00e9kr\u0151l t\u00f6bb inform\u00e1ci\u00f3\" data-quantity=\"1\" data-product_id=\"4701\" data-product_sku=\"918301\" data-price=\"0\" rel=\"nofollow\" class=\"wp-block-button__link  add_to_cart_button\">Tov\u00e1bb olvasom<\/a><\/div>\n\t\t\t<\/li><li class=\"wc-block-grid__product\">\n\t\t\t\t<a href=\"https:\/\/www.ariens.eu\/hu\/product\/accessories\/zero-turn-accessories\/oldalkoszoru-a-nyiroegyseg-keszlethez-ikon\" class=\"wc-block-grid__product-link\">\n\t\t\t\t\t\n\t\t\t\t\t<div class=\"wc-block-grid__product-image\"><img decoding=\"async\" width=\"300\" height=\"300\" src=\"https:\/\/www.ariens.eu\/hu\/wp-content\/uploads\/sites\/16\/2024\/09\/ariens-zero-turn-accessories-ikon-cover-bumper-kit-300x300.jpg\" class=\"attachment-woocommerce_thumbnail size-woocommerce_thumbnail\" alt=\"Oldalkoszor\u00fa a ny\u00edr\u00f3egys\u00e9g k\u00e9szlethez (IKON)\" srcset=\"https:\/\/www.ariens.eu\/hu\/wp-content\/uploads\/sites\/16\/2024\/09\/ariens-zero-turn-accessories-ikon-cover-bumper-kit-300x300.jpg 300w, https:\/\/www.ariens.eu\/hu\/wp-content\/uploads\/sites\/16\/2024\/09\/ariens-zero-turn-accessories-ikon-cover-bumper-kit-150x150.jpg 150w, https:\/\/www.ariens.eu\/hu\/wp-content\/uploads\/sites\/16\/2024\/09\/ariens-zero-turn-accessories-ikon-cover-bumper-kit-100x100.jpg 100w\" sizes=\"(max-width: 300px) 100vw, 300px\" \/><\/div>\n\t\t\t\t\t<div class=\"wc-block-grid__product-title\">Oldalkoszor\u00fa a ny\u00edr\u00f3egys\u00e9g k\u00e9szlethez (IKON)<\/div>\n\t\t\t\t<\/a>\n\t\t\t\t<div class=\"wc-block-grid__product-price price\"><\/div>\n\t\t\t\t\n\t\t\t\t<div class=\"wp-block-button wc-block-grid__product-add-to-cart\"><a href=\"https:\/\/www.ariens.eu\/hu\/product\/accessories\/zero-turn-accessories\/oldalkoszoru-a-nyiroegyseg-keszlethez-ikon\" aria-label=\"&ldquo;Oldalkoszor\u00fa a ny\u00edr\u00f3egys\u00e9g k\u00e9szlethez (IKON)&rdquo; term\u00e9kr\u0151l t\u00f6bb inform\u00e1ci\u00f3\" data-quantity=\"1\" data-product_id=\"4691\" data-product_sku=\"\" data-price=\"0\" rel=\"nofollow\" class=\"wp-block-button__link  add_to_cart_button\">Tov\u00e1bb olvasom<\/a><\/div>\n\t\t\t<\/li><li class=\"wc-block-grid__product\">\n\t\t\t\t<a href=\"https:\/\/www.ariens.eu\/hu\/product\/accessories\/zero-turn-accessories\/fedelzeti-rugo-keszlet-ikon\" class=\"wc-block-grid__product-link\">\n\t\t\t\t\t\n\t\t\t\t\t<div class=\"wc-block-grid__product-image\"><img decoding=\"async\" width=\"300\" height=\"300\" src=\"https:\/\/www.ariens.eu\/hu\/wp-content\/uploads\/sites\/16\/2024\/09\/ariens-zero-turn-accessories-ikon-cover-deck-spring-kit-300x300.jpg\" class=\"attachment-woocommerce_thumbnail size-woocommerce_thumbnail\" alt=\"Fed\u00e9lzeti rug\u00f3 k\u00e9szlet (IKON)\" srcset=\"https:\/\/www.ariens.eu\/hu\/wp-content\/uploads\/sites\/16\/2024\/09\/ariens-zero-turn-accessories-ikon-cover-deck-spring-kit-300x300.jpg 300w, https:\/\/www.ariens.eu\/hu\/wp-content\/uploads\/sites\/16\/2024\/09\/ariens-zero-turn-accessories-ikon-cover-deck-spring-kit-150x150.jpg 150w, https:\/\/www.ariens.eu\/hu\/wp-content\/uploads\/sites\/16\/2024\/09\/ariens-zero-turn-accessories-ikon-cover-deck-spring-kit-100x100.jpg 100w\" sizes=\"(max-width: 300px) 100vw, 300px\" \/><\/div>\n\t\t\t\t\t<div class=\"wc-block-grid__product-title\">Fed\u00e9lzeti rug\u00f3 k\u00e9szlet (IKON)<\/div>\n\t\t\t\t<\/a>\n\t\t\t\t<div class=\"wc-block-grid__product-price price\"><\/div>\n\t\t\t\t\n\t\t\t\t<div class=\"wp-block-button wc-block-grid__product-add-to-cart\"><a href=\"https:\/\/www.ariens.eu\/hu\/product\/accessories\/zero-turn-accessories\/fedelzeti-rugo-keszlet-ikon\" aria-label=\"&ldquo;Fed\u00e9lzeti rug\u00f3 k\u00e9szlet (IKON)&rdquo; term\u00e9kr\u0151l t\u00f6bb inform\u00e1ci\u00f3\" data-quantity=\"1\" data-product_id=\"4692\" data-product_sku=\"\" data-price=\"0\" rel=\"nofollow\" class=\"wp-block-button__link  add_to_cart_button\">Tov\u00e1bb olvasom<\/a><\/div>\n\t\t\t<\/li><\/ul><\/div><\/div>\n<\/div>\n","protected":false},"excerpt":{"rendered":"","protected":false},"author":1,"featured_media":0,"parent":0,"menu_order":0,"comment_status":"closed","ping_status":"closed","template":"","meta":{"_acf_changed":false,"_relevanssi_hide_post":"","_relevanssi_hide_content":"","_relevanssi_pin_for_all":"","_relevanssi_pin_keywords":"","_relevanssi_unpin_keywords":"","_relevanssi_related_keywords":"","_relevanssi_related_include_ids":"","_relevanssi_related_exclude_ids":"","_relevanssi_related_no_append":"","_relevanssi_related_not_related":"","_relevanssi_related_posts":"","_relevanssi_noindex_reason":"","footnotes":""},"class_list":["post-9","page","type-page","status-publish","hentry"],"acf":[],"yoast_head":"<!-- This site is optimized with the Yoast SEO plugin v27.3 - https:\/\/yoast.com\/product\/yoast-seo-wordpress\/ -->\n<title>Kocsi - Ariens | EMEAA<\/title>\n<meta name=\"robots\" content=\"noindex, follow, max-snippet:-1, max-image-preview:large, max-video-preview:-1\" \/>\n<meta property=\"og:locale\" content=\"hu_HU\" \/>\n<meta property=\"og:type\" content=\"article\" \/>\n<meta property=\"og:title\" content=\"Kocsi - Ariens | EMEAA\" \/>\n<meta property=\"og:url\" content=\"https:\/\/www.ariens.eu\/hu\/cart\/\" \/>\n<meta property=\"og:site_name\" content=\"Ariens | EMEAA\" \/>\n<meta property=\"og:image\" content=\"https:\/\/www.ariens.eu\/hu\/wp-content\/uploads\/sites\/16\/2024\/11\/google-search-image-ariens.jpg\" \/>\n\t<meta property=\"og:image:width\" content=\"1200\" \/>\n\t<meta property=\"og:image:height\" content=\"675\" \/>\n\t<meta property=\"og:image:type\" content=\"image\/jpeg\" \/>\n<meta name=\"twitter:card\" content=\"summary_large_image\" \/>\n<script type=\"application\/ld+json\" class=\"yoast-schema-graph\">{\"@context\":\"https:\\\/\\\/schema.org\",\"@graph\":[{\"@type\":\"WebPage\",\"@id\":\"https:\\\/\\\/www.ariens.eu\\\/hu\\\/cart\\\/\",\"url\":\"https:\\\/\\\/www.ariens.eu\\\/hu\\\/cart\\\/\",\"name\":\"Kocsi - Ariens | EMEAA\",\"isPartOf\":{\"@id\":\"https:\\\/\\\/www.ariens.eu\\\/hu\\\/#website\"},\"datePublished\":\"2024-03-22T12:47:48+00:00\",\"breadcrumb\":{\"@id\":\"https:\\\/\\\/www.ariens.eu\\\/hu\\\/cart\\\/#breadcrumb\"},\"inLanguage\":\"hu\",\"potentialAction\":[{\"@type\":\"ReadAction\",\"target\":[\"https:\\\/\\\/www.ariens.eu\\\/hu\\\/cart\\\/\"]}]},{\"@type\":\"BreadcrumbList\",\"@id\":\"https:\\\/\\\/www.ariens.eu\\\/hu\\\/cart\\\/#breadcrumb\",\"itemListElement\":[{\"@type\":\"ListItem\",\"position\":1,\"name\":\"Home\",\"item\":\"https:\\\/\\\/www.ariens.eu\\\/hu\\\/\"},{\"@type\":\"ListItem\",\"position\":2,\"name\":\"Cart\"}]},{\"@type\":\"WebSite\",\"@id\":\"https:\\\/\\\/www.ariens.eu\\\/hu\\\/#website\",\"url\":\"https:\\\/\\\/www.ariens.eu\\\/hu\\\/\",\"name\":\"Ariens | EMEAA\",\"description\":\"Powerful and reliable zero-turn mowers &amp; snow blowers for professional users and demanding private customers\",\"publisher\":{\"@id\":\"https:\\\/\\\/www.ariens.eu\\\/hu\\\/#organization\"},\"potentialAction\":[{\"@type\":\"SearchAction\",\"target\":{\"@type\":\"EntryPoint\",\"urlTemplate\":\"https:\\\/\\\/www.ariens.eu\\\/hu\\\/?s={search_term_string}\"},\"query-input\":{\"@type\":\"PropertyValueSpecification\",\"valueRequired\":true,\"valueName\":\"search_term_string\"}}],\"inLanguage\":\"hu\"},{\"@type\":\"Organization\",\"@id\":\"https:\\\/\\\/www.ariens.eu\\\/hu\\\/#organization\",\"name\":\"AriensCo GmbH\",\"url\":\"https:\\\/\\\/www.ariens.eu\\\/hu\\\/\",\"logo\":{\"@type\":\"ImageObject\",\"inLanguage\":\"hu\",\"@id\":\"https:\\\/\\\/www.ariens.eu\\\/hu\\\/#\\\/schema\\\/logo\\\/image\\\/\",\"url\":\"https:\\\/\\\/www.ariens.eu\\\/wp-content\\\/uploads\\\/2024\\\/11\\\/ariens-co-logo.jpg\",\"contentUrl\":\"https:\\\/\\\/www.ariens.eu\\\/wp-content\\\/uploads\\\/2024\\\/11\\\/ariens-co-logo.jpg\",\"width\":1000,\"height\":1000,\"caption\":\"AriensCo GmbH\"},\"image\":{\"@id\":\"https:\\\/\\\/www.ariens.eu\\\/hu\\\/#\\\/schema\\\/logo\\\/image\\\/\"}}]}<\/script>\n<!-- \/ Yoast SEO plugin. -->","yoast_head_json":{"title":"Kocsi - Ariens | EMEAA","robots":{"index":"noindex","follow":"follow","max-snippet":"max-snippet:-1","max-image-preview":"max-image-preview:large","max-video-preview":"max-video-preview:-1"},"og_locale":"hu_HU","og_type":"article","og_title":"Kocsi - Ariens | EMEAA","og_url":"https:\/\/www.ariens.eu\/hu\/cart\/","og_site_name":"Ariens | EMEAA","og_image":[{"width":1200,"height":675,"url":"https:\/\/www.ariens.eu\/hu\/wp-content\/uploads\/sites\/16\/2024\/11\/google-search-image-ariens.jpg","type":"image\/jpeg"}],"twitter_card":"summary_large_image","schema":{"@context":"https:\/\/schema.org","@graph":[{"@type":"WebPage","@id":"https:\/\/www.ariens.eu\/hu\/cart\/","url":"https:\/\/www.ariens.eu\/hu\/cart\/","name":"Kocsi - Ariens | EMEAA","isPartOf":{"@id":"https:\/\/www.ariens.eu\/hu\/#website"},"datePublished":"2024-03-22T12:47:48+00:00","breadcrumb":{"@id":"https:\/\/www.ariens.eu\/hu\/cart\/#breadcrumb"},"inLanguage":"hu","potentialAction":[{"@type":"ReadAction","target":["https:\/\/www.ariens.eu\/hu\/cart\/"]}]},{"@type":"BreadcrumbList","@id":"https:\/\/www.ariens.eu\/hu\/cart\/#breadcrumb","itemListElement":[{"@type":"ListItem","position":1,"name":"Home","item":"https:\/\/www.ariens.eu\/hu\/"},{"@type":"ListItem","position":2,"name":"Cart"}]},{"@type":"WebSite","@id":"https:\/\/www.ariens.eu\/hu\/#website","url":"https:\/\/www.ariens.eu\/hu\/","name":"Ariens | EMEAA","description":"Powerful and reliable zero-turn mowers &amp; snow blowers for professional users and demanding private customers","publisher":{"@id":"https:\/\/www.ariens.eu\/hu\/#organization"},"potentialAction":[{"@type":"SearchAction","target":{"@type":"EntryPoint","urlTemplate":"https:\/\/www.ariens.eu\/hu\/?s={search_term_string}"},"query-input":{"@type":"PropertyValueSpecification","valueRequired":true,"valueName":"search_term_string"}}],"inLanguage":"hu"},{"@type":"Organization","@id":"https:\/\/www.ariens.eu\/hu\/#organization","name":"AriensCo GmbH","url":"https:\/\/www.ariens.eu\/hu\/","logo":{"@type":"ImageObject","inLanguage":"hu","@id":"https:\/\/www.ariens.eu\/hu\/#\/schema\/logo\/image\/","url":"https:\/\/www.ariens.eu\/wp-content\/uploads\/2024\/11\/ariens-co-logo.jpg","contentUrl":"https:\/\/www.ariens.eu\/wp-content\/uploads\/2024\/11\/ariens-co-logo.jpg","width":1000,"height":1000,"caption":"AriensCo GmbH"},"image":{"@id":"https:\/\/www.ariens.eu\/hu\/#\/schema\/logo\/image\/"}}]}},"_links":{"self":[{"href":"https:\/\/www.ariens.eu\/hu\/wp-json\/wp\/v2\/pages\/9","targetHints":{"allow":["GET"]}}],"collection":[{"href":"https:\/\/www.ariens.eu\/hu\/wp-json\/wp\/v2\/pages"}],"about":[{"href":"https:\/\/www.ariens.eu\/hu\/wp-json\/wp\/v2\/types\/page"}],"author":[{"embeddable":true,"href":"https:\/\/www.ariens.eu\/hu\/wp-json\/wp\/v2\/users\/1"}],"replies":[{"embeddable":true,"href":"https:\/\/www.ariens.eu\/hu\/wp-json\/wp\/v2\/comments?post=9"}],"version-history":[{"count":2,"href":"https:\/\/www.ariens.eu\/hu\/wp-json\/wp\/v2\/pages\/9\/revisions"}],"predecessor-version":[{"id":5155,"href":"https:\/\/www.ariens.eu\/hu\/wp-json\/wp\/v2\/pages\/9\/revisions\/5155"}],"wp:attachment":[{"href":"https:\/\/www.ariens.eu\/hu\/wp-json\/wp\/v2\/media?parent=9"}],"curies":[{"name":"wp","href":"https:\/\/api.w.org\/{rel}","templated":true}]}}