{"id":2303,"date":"2024-05-10T11:04:35","date_gmt":"2024-05-10T10:04:35","guid":{"rendered":"https:\/\/www.ariens.eu\/product\/mammoth-850\/"},"modified":"2026-05-05T11:54:41","modified_gmt":"2026-05-05T10:54:41","slug":"mammoth-850","status":"publish","type":"product","link":"https:\/\/www.ariens.eu\/hu\/product\/snow-blowers\/mammoth-850-series\/mammoth-850","title":{"rendered":"MAMMOTH 850"},"content":{"rendered":"<div class=\"acfd-block acfd-block__twocolumns mb-asm-1 container-fluid px-0 bg-default\">\n<div class=\"acfd-twocolumns\">\n<div class=\"row\">\n<div class='col-lg-9 mb-4 '>\n<div class=\"acfd-block acfd-block__headline container-fluid px-0 bg-default\">\n<div class=\"acfd-headline\" >\n<h2 class='h2 text-left li_black'>A sokoldal\u00fa eszk\u00f6zhordoz\u00f3 a t\u00e9li szolg\u00e1lathoz.<\/h2>\n<\/p><\/div>\n<\/div><\/div>\n<div class='col-lg'>                    <\/div>\n<\/p><\/div>\n<\/div>\n<\/div>\n<div class=\"acfd-block acfd-block__twocolumns mb-asm-2 container-fluid px-0 bg-default\">\n<div class=\"acfd-twocolumns\">\n<div class=\"row\">\n<div class='col-lg-9 mb-4 '>\n<div class=\"acfd-block acfd-block__text container-fluid px-0 bg-default\">\n<div class=\"acfd-text li_black\">\n<p>Az Ariens MAMMOTH<sup>TM<\/sup> sorozat, egy pr\u00e9mium neh\u00e9z teherb\u00edr\u00f3 h\u00f3takar\u00edt\u00f3 j\u00e1rm\u0171, a legig\u00e9nyesebb feladatokra tervezve. Egy 28,5 l\u00f3er\u0151s Kawasaki 850V-EFI motorral felszerelve, kiv\u00e9teles hat\u00e9konys\u00e1got \u00e9s er\u0151teljes h\u00f3takar\u00edt\u00f3 k\u00e9pess\u00e9geket ny\u00fajt. A n\u00e9gyker\u00e9k-meghajt\u00e1s, amelyet 22&#8243; Terra-trac gumik t\u00e1mogatnak, kiv\u00e1l\u00f3 tapad\u00e1st \u00e9s mozg\u00e9konys\u00e1got biztos\u00edt a kih\u00edv\u00e1sokat jelent\u0151 havas terepen. A Mammoth sorozat k\u00fcl\u00f6nb\u00f6z\u0151 csatol\u00f3k\u00e9sz\u00fcleteket k\u00edn\u00e1l, mint p\u00e9ld\u00e1ul lap\u00e1tokat \u00e9s h\u00f3f\u00fav\u00f3kat, k\u00fcl\u00f6nb\u00f6z\u0151 h\u00f3takar\u00edt\u00e1si ig\u00e9nyek kiel\u00e9g\u00edt\u00e9s\u00e9re. Ez a sokoldal\u00fas\u00e1g \u00e9s er\u0151 teszi els\u0151 sz\u00e1m\u00fa v\u00e1laszt\u00e1ss\u00e1 a profi \u00e9s kereskedelmi h\u00f3takar\u00edt\u00e1si m\u0171veletekhez.<\/p>\n<p><strong>Er\u0151s motor:<\/strong> 28,5 l\u00f3er\u0151s Kawasaki 850V-EFI motorral felszerelve, hat\u00e9kony, magas teljes\u00edtm\u00e9ny\u0171 h\u00f3takar\u00edt\u00e1shoz.<\/p>\n<p><strong>Fejlett meghajt\u00e1s:<\/strong> N\u00e9gyker\u00e9k-meghajt\u00e1ssal \u00e9s 22&#8243; Terra-trac gumikkal felszerelve, kiv\u00e1l\u00f3 mozg\u00e9konys\u00e1got biztos\u00edt havas k\u00f6r\u00fclm\u00e9nyek k\u00f6z\u00f6tt.<\/p>\n<p><strong>Sokoldal\u00fa csatol\u00f3k\u00e9sz\u00fcletek:<\/strong> Lap\u00e1tok \u00e9s h\u00f3f\u00fav\u00f3k sz\u00e9les v\u00e1laszt\u00e9k\u00e1t k\u00edn\u00e1lja, t\u00f6k\u00e9letes k\u00fcl\u00f6nb\u00f6z\u0151 t\u00edpus\u00fa h\u00f3takar\u00edt\u00e1si feladatokhoz.<\/p>\n<\/div>\n<\/div><\/div>\n<div class='col-lg'>                    <\/div>\n<\/p><\/div>\n<\/div>\n<\/div>\n<div class=\"acfd-block acfd-block__twocolumns mb-asm-2 container-fluid container-fluid--force px-0 bg-default\">\n<div class=\"acfd-twocolumns\">\n<div class=\"row\">\n<div class='col-lg-12 mb-4 '>\n<div class=\"acfd-product-advantages--wrapper\">\n<h2 class=\"h1 bigger text-color-black text-center mb-5\">\n        Features &#038; Benefits    <\/h2>\n<div class=\"acfd-product-advantages\">\n<div class=\"row\">\n<div class=\"col-md-6 mb-4 content\">\n                    <span class=\"d-block h5 text-color-brand mb-1\">Legjobb oszt\u00e1ly\u00fa motor<\/span><\/p>\n<p>29,5 l\u00f3er\u0151s Kawasaki 850V-EFI motor, valamint elektronikus \u00fczemanyag-befecskendez\u0151 rendszer a hideg napokhoz \u00e9s megb\u00edzhat\u00f3 ind\u00edt\u00e1shoz.<\/p>\n<\/p><\/div>\n<div class=\"col-md-6 mb4 image\"  style=\"background-image:url(https:\/\/www.ariens.eu\/hu\/wp-content\/uploads\/sites\/20\/2024\/05\/mammoth-herofeature1-efi-engine.png)\">\n                <\/div>\n<\/p><\/div>\n<div class=\"row\">\n<div class=\"col-md-6 mb-4 content\">\n                    <span class=\"d-block h5 text-color-brand mb-1\">N\u00e9gyker\u00e9k-meghajt\u00e1s\u00fa teljes\u00edtm\u00e9ny<\/span><\/p>\n<p>A Parker HP2 szivatty\u00fak \u00e9s a Parker motorok teljes\u00edtm\u00e9nyt \u00e9s vez\u00e9rl\u00e9st biztos\u00edtanak mind a n\u00e9gy ker\u00e9khez.<\/p>\n<\/p><\/div>\n<div class=\"col-md-6 mb4 image\"  style=\"background-image:url(https:\/\/www.ariens.eu\/hu\/wp-content\/uploads\/sites\/20\/2024\/05\/mammoth-herofeature2-all-wheel-drive.png)\">\n                <\/div>\n<\/p><\/div>\n<div class=\"row\">\n<div class=\"col-md-6 mb-4 content\">\n                    <span class=\"d-block h5 text-color-brand mb-1\">K\u00e9nyelmes m\u0171szerfal elrendez\u00e9se<\/span><\/p>\n<p>A vez\u00e9rl\u0151k a kezeden bel\u00fcl vannak. Az egyik k\u00e9zzel vezethet, m\u00edg a m\u00e1sikkal kezelheted a csatolm\u00e1ny joystickj\u00e9t. F\u0171t\u00f6tt k\u00e9zfoganty\u00fak alapfelszerelts\u00e9hez tartoznak.<\/p>\n<\/p><\/div>\n<div class=\"col-md-6 mb4 image\"  style=\"background-image:url(https:\/\/www.ariens.eu\/hu\/wp-content\/uploads\/sites\/20\/2024\/05\/Thumb_Controls_and_Adjust_Speed_Controls.png)\">\n                <\/div>\n<\/p><\/div>\n<\/p><\/div>\n<\/div><\/div>\n<div class='col-lg'>                    <\/div>\n<\/p><\/div>\n<\/div>\n<\/div>\n","protected":false},"excerpt":{"rendered":"<p>A sokoldal\u00fa eszk\u00f6zhordoz\u00f3 a t\u00e9li szolg\u00e1lathoz. Az Ariens MAMMOTHTM sorozat, egy pr\u00e9mium neh\u00e9z teherb\u00edr\u00f3 h\u00f3takar\u00edt\u00f3 j\u00e1rm\u0171, a legig\u00e9nyesebb feladatokra tervezve. Egy 28,5 l\u00f3er\u0151s Kawasaki 850V-EFI motorral felszerelve, kiv\u00e9teles hat\u00e9konys\u00e1got \u00e9s er\u0151teljes h\u00f3takar\u00edt\u00f3 k\u00e9pess\u00e9geket ny\u00fajt. A n\u00e9gyker\u00e9k-meghajt\u00e1s, amelyet 22&#8243; Terra-trac gumik t\u00e1mogatnak, kiv\u00e1l\u00f3 tapad\u00e1st \u00e9s mozg\u00e9konys\u00e1got biztos\u00edt a kih\u00edv\u00e1sokat jelent\u0151 havas terepen. A Mammoth sorozat k\u00fcl\u00f6nb\u00f6z\u0151 [&hellip;]<\/p>\n","protected":false},"featured_media":2698,"comment_status":"open","ping_status":"closed","template":"","meta":{"_acf_changed":false,"_relevanssi_hide_post":"","_relevanssi_hide_content":"","_relevanssi_pin_for_all":"","_relevanssi_pin_keywords":"","_relevanssi_unpin_keywords":"","_relevanssi_related_keywords":"","_relevanssi_related_include_ids":"","_relevanssi_related_exclude_ids":"","_relevanssi_related_no_append":"","_relevanssi_related_not_related":"","_relevanssi_related_posts":"","_relevanssi_noindex_reason":""},"product_brand":[],"product_cat":[15],"product_tag":[],"class_list":{"0":"post-2303","1":"product","2":"type-product","3":"status-publish","4":"has-post-thumbnail","6":"product_variant-mammoth-850-series","7":"product_usage_areas-municipalities-building-yards","8":"product_usage_areas-winter-service","10":"first","11":"instock","12":"shipping-taxable","13":"product-type-simple"},"acf":[],"yoast_head":"<!-- This site is optimized with the Yoast SEO plugin v27.3 - https:\/\/yoast.com\/product\/yoast-seo-wordpress\/ -->\n<title>MAMMOTH\u2122 850 Series | Ariens<\/title>\n<meta name=\"description\" content=\"Explore the Ariens Mammoth Series: A heavy-duty snow removal vehicle with a powerful 28.5hp Kawasaki engine, 4WD, and Terra-trac tires for unmatched snow clearing performance and versatility.\" \/>\n<meta name=\"robots\" content=\"noindex, follow, max-snippet:-1, max-image-preview:large, max-video-preview:-1\" \/>\n<meta property=\"og:locale\" content=\"hu_HU\" \/>\n<meta property=\"og:type\" content=\"article\" \/>\n<meta property=\"og:title\" content=\"MAMMOTH\u2122 850 Series | Ariens\" \/>\n<meta property=\"og:description\" content=\"Explore the Ariens Mammoth Series: A heavy-duty snow removal vehicle with a powerful 28.5hp Kawasaki engine, 4WD, and Terra-trac tires for unmatched snow clearing performance and versatility.\" \/>\n<meta property=\"og:url\" content=\"https:\/\/www.ariens.eu\/hu\/product\/snow-blowers\/mammoth-850-series\/mammoth-850\/\" \/>\n<meta property=\"og:site_name\" content=\"Ariens | EMEAA\" \/>\n<meta property=\"article:modified_time\" content=\"2026-05-05T10:54:41+00:00\" \/>\n<meta property=\"og:image\" content=\"https:\/\/www.ariens.eu\/hu\/wp-content\/uploads\/sites\/20\/2024\/05\/951001-Mammoth-Standalone_FL34L-4000x3000-2d96997-2.webp\" \/>\n\t<meta property=\"og:image:width\" content=\"1280\" \/>\n\t<meta property=\"og:image:height\" content=\"960\" \/>\n\t<meta property=\"og:image:type\" content=\"image\/webp\" \/>\n<meta name=\"twitter:card\" content=\"summary_large_image\" \/>\n<meta name=\"twitter:label1\" content=\"Becs\u00fclt olvas\u00e1si id\u0151\" \/>\n\t<meta name=\"twitter:data1\" content=\"2 perc\" \/>\n<script type=\"application\/ld+json\" class=\"yoast-schema-graph\">{\"@context\":\"https:\\\/\\\/schema.org\",\"@graph\":[{\"@type\":\"WebPage\",\"@id\":\"https:\\\/\\\/www.ariens.eu\\\/hu\\\/product\\\/snow-blowers\\\/mammoth-850-series\\\/mammoth-850\\\/\",\"url\":\"https:\\\/\\\/www.ariens.eu\\\/hu\\\/product\\\/snow-blowers\\\/mammoth-850-series\\\/mammoth-850\\\/\",\"name\":\"MAMMOTH\u2122 850 Series | Ariens\",\"isPartOf\":{\"@id\":\"https:\\\/\\\/www.ariens.eu\\\/hu\\\/#website\"},\"primaryImageOfPage\":{\"@id\":\"https:\\\/\\\/www.ariens.eu\\\/hu\\\/product\\\/snow-blowers\\\/mammoth-850-series\\\/mammoth-850\\\/#primaryimage\"},\"image\":{\"@id\":\"https:\\\/\\\/www.ariens.eu\\\/hu\\\/product\\\/snow-blowers\\\/mammoth-850-series\\\/mammoth-850\\\/#primaryimage\"},\"thumbnailUrl\":\"https:\\\/\\\/www.ariens.eu\\\/hu\\\/wp-content\\\/uploads\\\/sites\\\/20\\\/2024\\\/05\\\/951001-Mammoth-Standalone_FL34L-4000x3000-2d96997-2.webp\",\"datePublished\":\"2024-05-10T10:04:35+00:00\",\"dateModified\":\"2026-05-05T10:54:41+00:00\",\"description\":\"Explore the Ariens Mammoth Series: A heavy-duty snow removal vehicle with a powerful 28.5hp Kawasaki engine, 4WD, and Terra-trac tires for unmatched snow clearing performance and versatility.\",\"breadcrumb\":{\"@id\":\"https:\\\/\\\/www.ariens.eu\\\/hu\\\/product\\\/snow-blowers\\\/mammoth-850-series\\\/mammoth-850\\\/#breadcrumb\"},\"inLanguage\":\"hu\",\"potentialAction\":[{\"@type\":\"ReadAction\",\"target\":[\"https:\\\/\\\/www.ariens.eu\\\/hu\\\/product\\\/snow-blowers\\\/mammoth-850-series\\\/mammoth-850\\\/\"]}]},{\"@type\":\"ImageObject\",\"inLanguage\":\"hu\",\"@id\":\"https:\\\/\\\/www.ariens.eu\\\/hu\\\/product\\\/snow-blowers\\\/mammoth-850-series\\\/mammoth-850\\\/#primaryimage\",\"url\":\"https:\\\/\\\/www.ariens.eu\\\/hu\\\/wp-content\\\/uploads\\\/sites\\\/20\\\/2024\\\/05\\\/951001-Mammoth-Standalone_FL34L-4000x3000-2d96997-2.webp\",\"contentUrl\":\"https:\\\/\\\/www.ariens.eu\\\/hu\\\/wp-content\\\/uploads\\\/sites\\\/20\\\/2024\\\/05\\\/951001-Mammoth-Standalone_FL34L-4000x3000-2d96997-2.webp\",\"width\":1280,\"height\":960},{\"@type\":\"BreadcrumbList\",\"@id\":\"https:\\\/\\\/www.ariens.eu\\\/hu\\\/product\\\/snow-blowers\\\/mammoth-850-series\\\/mammoth-850\\\/#breadcrumb\",\"itemListElement\":[{\"@type\":\"ListItem\",\"position\":1,\"name\":\"Home\",\"item\":\"https:\\\/\\\/www.ariens.eu\\\/hu\\\/\"},{\"@type\":\"ListItem\",\"position\":2,\"name\":\"Shop\",\"item\":\"https:\\\/\\\/www.ariens.eu\\\/hu\\\/shop\\\/\"},{\"@type\":\"ListItem\",\"position\":3,\"name\":\"MAMMOTH 850\"}]},{\"@type\":\"WebSite\",\"@id\":\"https:\\\/\\\/www.ariens.eu\\\/hu\\\/#website\",\"url\":\"https:\\\/\\\/www.ariens.eu\\\/hu\\\/\",\"name\":\"Ariens | EMEAA\",\"description\":\"Powerful and reliable zero-turn mowers &amp; snow blowers for professional users and demanding private customers\",\"publisher\":{\"@id\":\"https:\\\/\\\/www.ariens.eu\\\/hu\\\/#organization\"},\"potentialAction\":[{\"@type\":\"SearchAction\",\"target\":{\"@type\":\"EntryPoint\",\"urlTemplate\":\"https:\\\/\\\/www.ariens.eu\\\/hu\\\/?s={search_term_string}\"},\"query-input\":{\"@type\":\"PropertyValueSpecification\",\"valueRequired\":true,\"valueName\":\"search_term_string\"}}],\"inLanguage\":\"hu\"},{\"@type\":\"Organization\",\"@id\":\"https:\\\/\\\/www.ariens.eu\\\/hu\\\/#organization\",\"name\":\"AriensCo GmbH\",\"url\":\"https:\\\/\\\/www.ariens.eu\\\/hu\\\/\",\"logo\":{\"@type\":\"ImageObject\",\"inLanguage\":\"hu\",\"@id\":\"https:\\\/\\\/www.ariens.eu\\\/hu\\\/#\\\/schema\\\/logo\\\/image\\\/\",\"url\":\"https:\\\/\\\/www.ariens.eu\\\/wp-content\\\/uploads\\\/2024\\\/11\\\/ariens-co-logo.jpg\",\"contentUrl\":\"https:\\\/\\\/www.ariens.eu\\\/wp-content\\\/uploads\\\/2024\\\/11\\\/ariens-co-logo.jpg\",\"width\":1000,\"height\":1000,\"caption\":\"AriensCo GmbH\"},\"image\":{\"@id\":\"https:\\\/\\\/www.ariens.eu\\\/hu\\\/#\\\/schema\\\/logo\\\/image\\\/\"}}]}<\/script>\n<!-- \/ Yoast SEO plugin. -->","yoast_head_json":{"title":"MAMMOTH\u2122 850 Series | Ariens","description":"Explore the Ariens Mammoth Series: A heavy-duty snow removal vehicle with a powerful 28.5hp Kawasaki engine, 4WD, and Terra-trac tires for unmatched snow clearing performance and versatility.","robots":{"index":"noindex","follow":"follow","max-snippet":"max-snippet:-1","max-image-preview":"max-image-preview:large","max-video-preview":"max-video-preview:-1"},"og_locale":"hu_HU","og_type":"article","og_title":"MAMMOTH\u2122 850 Series | Ariens","og_description":"Explore the Ariens Mammoth Series: A heavy-duty snow removal vehicle with a powerful 28.5hp Kawasaki engine, 4WD, and Terra-trac tires for unmatched snow clearing performance and versatility.","og_url":"https:\/\/www.ariens.eu\/hu\/product\/snow-blowers\/mammoth-850-series\/mammoth-850\/","og_site_name":"Ariens | EMEAA","article_modified_time":"2026-05-05T10:54:41+00:00","og_image":[{"width":1280,"height":960,"url":"https:\/\/www.ariens.eu\/hu\/wp-content\/uploads\/sites\/20\/2024\/05\/951001-Mammoth-Standalone_FL34L-4000x3000-2d96997-2.webp","type":"image\/webp"}],"twitter_card":"summary_large_image","twitter_misc":{"Becs\u00fclt olvas\u00e1si id\u0151":"2 perc"},"schema":{"@context":"https:\/\/schema.org","@graph":[{"@type":"WebPage","@id":"https:\/\/www.ariens.eu\/hu\/product\/snow-blowers\/mammoth-850-series\/mammoth-850\/","url":"https:\/\/www.ariens.eu\/hu\/product\/snow-blowers\/mammoth-850-series\/mammoth-850\/","name":"MAMMOTH\u2122 850 Series | Ariens","isPartOf":{"@id":"https:\/\/www.ariens.eu\/hu\/#website"},"primaryImageOfPage":{"@id":"https:\/\/www.ariens.eu\/hu\/product\/snow-blowers\/mammoth-850-series\/mammoth-850\/#primaryimage"},"image":{"@id":"https:\/\/www.ariens.eu\/hu\/product\/snow-blowers\/mammoth-850-series\/mammoth-850\/#primaryimage"},"thumbnailUrl":"https:\/\/www.ariens.eu\/hu\/wp-content\/uploads\/sites\/20\/2024\/05\/951001-Mammoth-Standalone_FL34L-4000x3000-2d96997-2.webp","datePublished":"2024-05-10T10:04:35+00:00","dateModified":"2026-05-05T10:54:41+00:00","description":"Explore the Ariens Mammoth Series: A heavy-duty snow removal vehicle with a powerful 28.5hp Kawasaki engine, 4WD, and Terra-trac tires for unmatched snow clearing performance and versatility.","breadcrumb":{"@id":"https:\/\/www.ariens.eu\/hu\/product\/snow-blowers\/mammoth-850-series\/mammoth-850\/#breadcrumb"},"inLanguage":"hu","potentialAction":[{"@type":"ReadAction","target":["https:\/\/www.ariens.eu\/hu\/product\/snow-blowers\/mammoth-850-series\/mammoth-850\/"]}]},{"@type":"ImageObject","inLanguage":"hu","@id":"https:\/\/www.ariens.eu\/hu\/product\/snow-blowers\/mammoth-850-series\/mammoth-850\/#primaryimage","url":"https:\/\/www.ariens.eu\/hu\/wp-content\/uploads\/sites\/20\/2024\/05\/951001-Mammoth-Standalone_FL34L-4000x3000-2d96997-2.webp","contentUrl":"https:\/\/www.ariens.eu\/hu\/wp-content\/uploads\/sites\/20\/2024\/05\/951001-Mammoth-Standalone_FL34L-4000x3000-2d96997-2.webp","width":1280,"height":960},{"@type":"BreadcrumbList","@id":"https:\/\/www.ariens.eu\/hu\/product\/snow-blowers\/mammoth-850-series\/mammoth-850\/#breadcrumb","itemListElement":[{"@type":"ListItem","position":1,"name":"Home","item":"https:\/\/www.ariens.eu\/hu\/"},{"@type":"ListItem","position":2,"name":"Shop","item":"https:\/\/www.ariens.eu\/hu\/shop\/"},{"@type":"ListItem","position":3,"name":"MAMMOTH 850"}]},{"@type":"WebSite","@id":"https:\/\/www.ariens.eu\/hu\/#website","url":"https:\/\/www.ariens.eu\/hu\/","name":"Ariens | EMEAA","description":"Powerful and reliable zero-turn mowers &amp; snow blowers for professional users and demanding private customers","publisher":{"@id":"https:\/\/www.ariens.eu\/hu\/#organization"},"potentialAction":[{"@type":"SearchAction","target":{"@type":"EntryPoint","urlTemplate":"https:\/\/www.ariens.eu\/hu\/?s={search_term_string}"},"query-input":{"@type":"PropertyValueSpecification","valueRequired":true,"valueName":"search_term_string"}}],"inLanguage":"hu"},{"@type":"Organization","@id":"https:\/\/www.ariens.eu\/hu\/#organization","name":"AriensCo GmbH","url":"https:\/\/www.ariens.eu\/hu\/","logo":{"@type":"ImageObject","inLanguage":"hu","@id":"https:\/\/www.ariens.eu\/hu\/#\/schema\/logo\/image\/","url":"https:\/\/www.ariens.eu\/wp-content\/uploads\/2024\/11\/ariens-co-logo.jpg","contentUrl":"https:\/\/www.ariens.eu\/wp-content\/uploads\/2024\/11\/ariens-co-logo.jpg","width":1000,"height":1000,"caption":"AriensCo GmbH"},"image":{"@id":"https:\/\/www.ariens.eu\/hu\/#\/schema\/logo\/image\/"}}]}},"_links":{"self":[{"href":"https:\/\/www.ariens.eu\/hu\/wp-json\/wp\/v2\/product\/2303","targetHints":{"allow":["GET"]}}],"collection":[{"href":"https:\/\/www.ariens.eu\/hu\/wp-json\/wp\/v2\/product"}],"about":[{"href":"https:\/\/www.ariens.eu\/hu\/wp-json\/wp\/v2\/types\/product"}],"replies":[{"embeddable":true,"href":"https:\/\/www.ariens.eu\/hu\/wp-json\/wp\/v2\/comments?post=2303"}],"wp:featuredmedia":[{"embeddable":true,"href":"https:\/\/www.ariens.eu\/hu\/wp-json\/wp\/v2\/media\/2698"}],"wp:attachment":[{"href":"https:\/\/www.ariens.eu\/hu\/wp-json\/wp\/v2\/media?parent=2303"}],"wp:term":[{"taxonomy":"product_brand","embeddable":true,"href":"https:\/\/www.ariens.eu\/hu\/wp-json\/wp\/v2\/product_brand?post=2303"},{"taxonomy":"product_cat","embeddable":true,"href":"https:\/\/www.ariens.eu\/hu\/wp-json\/wp\/v2\/product_cat?post=2303"},{"taxonomy":"product_tag","embeddable":true,"href":"https:\/\/www.ariens.eu\/hu\/wp-json\/wp\/v2\/product_tag?post=2303"}],"curies":[{"name":"wp","href":"https:\/\/api.w.org\/{rel}","templated":true}]}}