{"id":2304,"date":"2024-05-10T11:04:35","date_gmt":"2024-05-10T10:04:35","guid":{"rendered":"https:\/\/www.ariens.eu\/product\/professional-28\/"},"modified":"2026-04-22T13:45:20","modified_gmt":"2026-04-22T12:45:20","slug":"professional-28","status":"publish","type":"product","link":"https:\/\/www.ariens.eu\/hu\/product\/snow-blowers\/professional-series\/professional-28","title":{"rendered":"PROFESSIONAL 28"},"content":{"rendered":"<div class=\"acfd-block acfd-block__twocolumns mb-asm-1 container-fluid px-0 bg-default\">\n<div class=\"acfd-twocolumns\">\n<div class=\"row\">\n<div class='col-lg-9 mb-4 '>\n<div class=\"acfd-block acfd-block__headline container-fluid px-0 bg-default\">\n<div class=\"acfd-headline\" >\n<h2 class='h2 text-left li_black'>Robusztus g\u00e9p neh\u00e9z \u00e9s kereskedelmi haszn\u00e1latra<\/h2>\n<\/p><\/div>\n<\/div><\/div>\n<div class='col-lg'>                    <\/div>\n<\/p><\/div>\n<\/div>\n<\/div>\n<div class=\"acfd-block acfd-block__twocolumns mb-asm-2 container-fluid px-0 bg-default\">\n<div class=\"acfd-twocolumns\">\n<div class=\"row\">\n<div class='col-lg-9 mb-4 '>\n<div class=\"acfd-block acfd-block__text container-fluid px-0 bg-default\">\n<div class=\"acfd-text li_black\">\n<p>Milli\u00e1rdnyi h\u00f3pelyhecske egy g\u00e9p ellen. \u00dagy t\u0171nik, ez igazs\u00e1g. K\u00f6nnyed\u00e9n megzabol\u00e1znak a legvadabb h\u00f3viharokat. A legm\u00e9lyebb, legnehezebb h\u00f3es\u00e9seknek v\u00e9get vetnek, amint beind\u00edtod ezt a 420 cm\u00b3-es motort. Nem kell szakembernek lenned ahhoz, hogy haszn\u00e1lhasd, csak a v\u00e1gy kell hozz\u00e1, hogy min\u00e9l t\u00f6bb h\u00f3t takar\u00edts min\u00e9l kevesebb id\u0151 alatt. Menj tov\u00e1bb, friss\u00edtsd amat\u0151r st\u00e1tuszodat, \u00e9s dobj, mint a profik.<\/p>\n<p>Neh\u00e9z haszn\u00e1lat \u00e9s kereskedelmi min\u0151s\u00e9g\u0171 jellemz\u0151k a Professional 28-t\u00f3l.<\/p>\n<ul>\n<li>Nagy, 71 cm (28&#8243;) takar\u00e1si sz\u00e9less\u00e9ggel, amely 79 tonna h\u00f3t mozgat \u00f3r\u00e1nk\u00e9nt<\/li>\n<li>Er\u0151s 420 cm\u00b3-es Ariens AX EFI motor gombnyom\u00e1sos elektromos ind\u00edt\u00e1ssal<\/li>\n<li>Extra magas h\u00e1zmagass\u00e1g m\u00e9ly h\u00f3 eset\u00e9n<\/li>\n<li>\u00d6sszekapcsolhat\u00f3 foganty\u00fak egykezes m\u0171k\u00f6dtet\u00e9shez<\/li>\n<li>Pr\u00e9mium jellemz\u0151k alapfelszerelts\u00e9ggel, bele\u00e9rtve LED f\u00e9nyeket, k\u00e9zmeleg\u00edt\u0151ket, t\u00e1voli deflektor \u00e9s kereskedelmi min\u0151s\u00e9g\u0171 cs\u00fasz\u00f3lemezeket<\/li>\n<li>Kereskedelmi haszn\u00e1latra<\/li>\n<\/ul>\n<\/div>\n<\/div><\/div>\n<div class='col-lg'>                    <\/div>\n<\/p><\/div>\n<\/div>\n<\/div>\n<div class=\"acfd-block acfd-block__category mb-asm-3 container-fluid px-0 bg-default\">\n<div class=\"acfd-product-categories\">\n<h2 class=\"text-left mb-3\">\n        Eins\u00e4tze    <\/h2>\n<div class=\"product-categories_wrapper\">\n         <span\n                data-description=\"Det patenterte Ariens AutoTurn<sup>&reg;<\/sup> styresystemet forhindrer at et drivhjul eller et RapidTrak\u2122-belte spinner. Samtidig gir det enkel styring av maskinen ved automatisk \u00e5 frikoble den ene drivsiden n\u00e5r du svinger. Alle Ariens sn\u00f8fresere, bortsett fra CLASSIC-modellen, er utstyrt med AutoTurn.\"                class=\"product-category-single\"> AutoTurn<sup>&reg;<\/sup>                <sup><i class=\"fa fa-info-circle\" aria-hidden=\"true\"><\/i><\/sup>            <\/span>  <span\n                data-description=\"SHO stands for Super-High-Output. The high-performance blower wheel on the PLATINUM and PROFESSIONAL models creates more snow per hour and throws it further.\"                class=\"product-category-single\"> SHO blower wheel                <sup><i class=\"fa fa-info-circle\" aria-hidden=\"true\"><\/i><\/sup>            <\/span>  <span\n                data-description=\"A 230 volt connection allows you to start the machine at the touch of a button. Standard on all models.\"                class=\"product-category-single\"> Electric start                <sup><i class=\"fa fa-info-circle\" aria-hidden=\"true\"><\/i><\/sup>            <\/span>     <\/div>\n<\/div>\n<\/div>\n<div class=\"acfd-block acfd-block__twocolumns mb-asm-2 container-fluid container-fluid--force px-0 bg-default\">\n<div class=\"acfd-twocolumns\">\n<div class=\"row\">\n<div class='col-lg-12 mb-4 '>\n<div class=\"acfd-product-advantages--wrapper\">\n<h2 class=\"h1 bigger text-color-black text-center mb-5\">\n        Merkmale &#038; Vorteile    <\/h2>\n<div class=\"acfd-product-advantages\">\n<div class=\"row\">\n<div class=\"col-md-6 mb-4 content\">\n                    <span class=\"d-block h5 text-color-brand mb-1\">Hidrosztatikus hajt\u00e1s<\/span><\/p>\n<p>Fokozatmentes sebess\u00e9gszab\u00e1lyoz\u00e1s k\u00f6zben. Egyszer\u0171en \u00e1ll\u00edtsa be a vez\u00e9rl\u0151kar seg\u00edts\u00e9g\u00e9vel.<\/p>\n<\/p><\/div>\n<div class=\"col-md-6 mb4 image\"  style=\"background-image:url(https:\/\/www.ariens.eu\/hu\/wp-content\/uploads\/sites\/20\/2024\/05\/Hydrostatic_Drive_03-scaled.webp)\">\n                <\/div>\n<\/p><\/div>\n<div class=\"row\">\n<div class=\"col-md-6 mb-4 content\">\n                    <span class=\"d-block h5 text-color-brand mb-1\">35,5 cm magas teljes\u00edtm\u00e9ny\u0171 lap\u00e1tker\u00e9k<\/span><\/p>\n<p>Az Ariens SHO-technol\u00f3gia (Super High Output) maxim\u00e1lis teljes\u00edtm\u00e9nyt ny\u00fajt. Az er\u0151s ventil\u00e1torlap\u00e1t gyorsabban dobja ki a havat a f\u00fav\u00f3b\u00f3l, biztos\u00edtva a nagy kapacit\u00e1st. A teljes\u00edtm\u00e9ny leny\u0171g\u00f6z\u0151 &#8211; ak\u00e1r 90 tonna h\u00f3 \u00f3r\u00e1nk\u00e9nt.<\/p>\n<\/p><\/div>\n<div class=\"col-md-6 mb4 image\"  style=\"background-image:url(https:\/\/www.ariens.eu\/hu\/wp-content\/uploads\/sites\/20\/2024\/05\/SHO_Impeller.webp)\">\n                <\/div>\n<\/p><\/div>\n<div class=\"row\">\n<div class=\"col-md-6 mb-4 content\">\n                    <span class=\"d-block h5 text-color-brand mb-1\">F\u00e9nyes LED l\u00e1mpa<\/span><\/p>\n<p>Ultraf\u00e9nyes LED l\u00e1mpa standardk\u00e9nt minden Professzion\u00e1lis sorozat\u00fa modellben. Pontos tiszt\u00edt\u00e1s reggel, este \u00e9s \u00e9jszaka.<\/p>\n<\/p><\/div>\n<div class=\"col-md-6 mb4 image\"  style=\"background-image:url(https:\/\/www.ariens.eu\/hu\/wp-content\/uploads\/sites\/20\/2024\/05\/LED_LIGHT_Solo-1.webp)\">\n                <\/div>\n<\/p><\/div>\n<div class=\"row\">\n<div class=\"col-md-6 mb-4 content\">\n                    <span class=\"d-block h5 text-color-brand mb-1\">Automata fordul\u00e1s ir\u00e1ny\u00edt\u00e1s<\/span><\/p>\n<p>Haladjon egyenesen a h\u00e1ts\u00f3 tengellyel z\u00e1rolva maxim\u00e1lis tapad\u00e1ssal. Amint elford\u00edtja a g\u00e9pet, a tengely felold\u00f3dik, \u00e9s a helyben fordul\u00e1s gyerekj\u00e1t\u00e9k. Az Ariens szabadalmazott tal\u00e1lm\u00e1nya.<\/p>\n<\/p><\/div>\n<div class=\"col-md-6 mb4 image\"  style=\"background-image:url(https:\/\/www.ariens.eu\/hu\/wp-content\/uploads\/sites\/20\/2024\/05\/feature6ars_fb_profe-2.png)\">\n                <\/div>\n<\/p><\/div>\n<div class=\"row\">\n<div class=\"col-md-6 mb-4 content\">\n                    <span class=\"d-block h5 text-color-brand mb-1\">Ariens<sup>&reg;<\/sup> AX420 EFI motor<\/span><\/p>\n<p>Hat\u00e9kony motor elektronikus \u00fczemanyag-befecskendez\u00e9ssel (EFI), amely k\u00f6nnyen indul ak\u00e1r a legkem\u00e9nyebb k\u00f6r\u00fclm\u00e9nyek k\u00f6z\u00f6tt is. Magas teljes\u00edtm\u00e9ny, gazdas\u00e1gos \u00fczemanyag-fogyaszt\u00e1s \u00e9s gyorsabb teljes\u00edtm\u00e9ny-\u00e1tad\u00e1s.<\/p>\n<\/p><\/div>\n<div class=\"col-md-6 mb4 image\"  style=\"background-image:url(https:\/\/www.ariens.eu\/hu\/wp-content\/uploads\/sites\/20\/2024\/05\/Electric_start.webp)\">\n                <\/div>\n<\/p><\/div>\n<div class=\"row\">\n<div class=\"col-md-6 mb-4 content\">\n                    <span class=\"d-block h5 text-color-brand mb-1\">Meger\u0151s\u00edtett ac\u00e9l korm\u00e1ny<\/span><\/p>\n<p>A kem\u00e9ny g\u00e9peknek er\u0151s \u00e9s stabil korm\u00e1nyr\u00fadra van sz\u00fcks\u00e9g\u00fck. Ezek 100%-ban ac\u00e9lb\u00f3l k\u00e9sz\u00fclnek \u00e9s teljesen meger\u0151s\u00edtettek.<\/p>\n<\/p><\/div>\n<div class=\"col-md-6 mb4 image\"  style=\"background-image:url(https:\/\/www.ariens.eu\/hu\/wp-content\/uploads\/sites\/20\/2024\/05\/Reinforced_Handlebars_02-scaled.webp)\">\n                <\/div>\n<\/p><\/div>\n<\/p><\/div>\n<\/div><\/div>\n<div class='col-lg'>                    <\/div>\n<\/p><\/div>\n<\/div>\n<\/div>\n","protected":false},"excerpt":{"rendered":"<p>Robusztus g\u00e9p neh\u00e9z \u00e9s kereskedelmi haszn\u00e1latra Milli\u00e1rdnyi h\u00f3pelyhecske egy g\u00e9p ellen. \u00dagy t\u0171nik, ez igazs\u00e1g. K\u00f6nnyed\u00e9n megzabol\u00e1znak a legvadabb h\u00f3viharokat. A legm\u00e9lyebb, legnehezebb h\u00f3es\u00e9seknek v\u00e9get vetnek, amint beind\u00edtod ezt a 420 cm\u00b3-es motort. Nem kell szakembernek lenned ahhoz, hogy haszn\u00e1lhasd, csak a v\u00e1gy kell hozz\u00e1, hogy min\u00e9l t\u00f6bb h\u00f3t takar\u00edts min\u00e9l kevesebb id\u0151 alatt. Menj [&hellip;]<\/p>\n","protected":false},"featured_media":2691,"comment_status":"open","ping_status":"closed","template":"","meta":{"_acf_changed":false,"_relevanssi_hide_post":"","_relevanssi_hide_content":"","_relevanssi_pin_for_all":"","_relevanssi_pin_keywords":"","_relevanssi_unpin_keywords":"","_relevanssi_related_keywords":"","_relevanssi_related_include_ids":"","_relevanssi_related_exclude_ids":"","_relevanssi_related_no_append":"","_relevanssi_related_not_related":"","_relevanssi_related_posts":"","_relevanssi_noindex_reason":""},"product_brand":[],"product_cat":[15],"product_tag":[],"class_list":{"0":"post-2304","1":"product","2":"type-product","3":"status-publish","4":"has-post-thumbnail","6":"product_variant-professional-series","7":"product_usage_areas-municipalities-building-yards","8":"product_usage_areas-winter-service","10":"first","11":"instock","12":"shipping-taxable","13":"product-type-simple"},"acf":[],"yoast_head":"<!-- This site is optimized with the Yoast SEO plugin v27.3 - https:\/\/yoast.com\/product\/yoast-seo-wordpress\/ -->\n<title>PROFESSIONAL 28 \u2013 Snow blower | Ariens<\/title>\n<meta name=\"description\" content=\"Featuring a large 71 cm (28\u2033) clearing width that moves 79 tonnes of snow per hour. Robust machine for heavy-duty and commercial use.\" \/>\n<meta name=\"robots\" content=\"noindex, follow, max-snippet:-1, max-image-preview:large, max-video-preview:-1\" \/>\n<meta property=\"og:locale\" content=\"hu_HU\" \/>\n<meta property=\"og:type\" content=\"article\" \/>\n<meta property=\"og:title\" content=\"PROFESSIONAL 28 \u2013 Snow blower | Ariens\" \/>\n<meta property=\"og:description\" content=\"Featuring a large 71 cm (28\u2033) clearing width that moves 79 tonnes of snow per hour. Robust machine for heavy-duty and commercial use.\" \/>\n<meta property=\"og:url\" content=\"https:\/\/www.ariens.eu\/hu\/product\/snow-blowers\/professional-series\/professional-28\/\" \/>\n<meta property=\"og:site_name\" content=\"Ariens | EMEAA\" \/>\n<meta property=\"article:modified_time\" content=\"2026-04-22T12:45:20+00:00\" \/>\n<meta property=\"og:image\" content=\"https:\/\/www.ariens.eu\/hu\/wp-content\/uploads\/sites\/20\/2024\/05\/ariens-professional-28-two-stage-snow-thrower-front34-768x555-3.webp\" \/>\n\t<meta property=\"og:image:width\" content=\"768\" \/>\n\t<meta property=\"og:image:height\" content=\"555\" \/>\n\t<meta property=\"og:image:type\" content=\"image\/webp\" \/>\n<meta name=\"twitter:card\" content=\"summary_large_image\" \/>\n<meta name=\"twitter:label1\" content=\"Becs\u00fclt olvas\u00e1si id\u0151\" \/>\n\t<meta name=\"twitter:data1\" content=\"2 perc\" \/>\n<script type=\"application\/ld+json\" class=\"yoast-schema-graph\">{\"@context\":\"https:\\\/\\\/schema.org\",\"@graph\":[{\"@type\":\"WebPage\",\"@id\":\"https:\\\/\\\/www.ariens.eu\\\/hu\\\/product\\\/snow-blowers\\\/professional-series\\\/professional-28\\\/\",\"url\":\"https:\\\/\\\/www.ariens.eu\\\/hu\\\/product\\\/snow-blowers\\\/professional-series\\\/professional-28\\\/\",\"name\":\"PROFESSIONAL 28 \u2013 Snow blower | Ariens\",\"isPartOf\":{\"@id\":\"https:\\\/\\\/www.ariens.eu\\\/hu\\\/#website\"},\"primaryImageOfPage\":{\"@id\":\"https:\\\/\\\/www.ariens.eu\\\/hu\\\/product\\\/snow-blowers\\\/professional-series\\\/professional-28\\\/#primaryimage\"},\"image\":{\"@id\":\"https:\\\/\\\/www.ariens.eu\\\/hu\\\/product\\\/snow-blowers\\\/professional-series\\\/professional-28\\\/#primaryimage\"},\"thumbnailUrl\":\"https:\\\/\\\/www.ariens.eu\\\/hu\\\/wp-content\\\/uploads\\\/sites\\\/20\\\/2024\\\/05\\\/ariens-professional-28-two-stage-snow-thrower-front34-768x555-3.webp\",\"datePublished\":\"2024-05-10T10:04:35+00:00\",\"dateModified\":\"2026-04-22T12:45:20+00:00\",\"description\":\"Featuring a large 71 cm (28\u2033) clearing width that moves 79 tonnes of snow per hour. Robust machine for heavy-duty and commercial use.\",\"breadcrumb\":{\"@id\":\"https:\\\/\\\/www.ariens.eu\\\/hu\\\/product\\\/snow-blowers\\\/professional-series\\\/professional-28\\\/#breadcrumb\"},\"inLanguage\":\"hu\",\"potentialAction\":[{\"@type\":\"ReadAction\",\"target\":[\"https:\\\/\\\/www.ariens.eu\\\/hu\\\/product\\\/snow-blowers\\\/professional-series\\\/professional-28\\\/\"]}]},{\"@type\":\"ImageObject\",\"inLanguage\":\"hu\",\"@id\":\"https:\\\/\\\/www.ariens.eu\\\/hu\\\/product\\\/snow-blowers\\\/professional-series\\\/professional-28\\\/#primaryimage\",\"url\":\"https:\\\/\\\/www.ariens.eu\\\/hu\\\/wp-content\\\/uploads\\\/sites\\\/20\\\/2024\\\/05\\\/ariens-professional-28-two-stage-snow-thrower-front34-768x555-3.webp\",\"contentUrl\":\"https:\\\/\\\/www.ariens.eu\\\/hu\\\/wp-content\\\/uploads\\\/sites\\\/20\\\/2024\\\/05\\\/ariens-professional-28-two-stage-snow-thrower-front34-768x555-3.webp\",\"width\":768,\"height\":555},{\"@type\":\"BreadcrumbList\",\"@id\":\"https:\\\/\\\/www.ariens.eu\\\/hu\\\/product\\\/snow-blowers\\\/professional-series\\\/professional-28\\\/#breadcrumb\",\"itemListElement\":[{\"@type\":\"ListItem\",\"position\":1,\"name\":\"Home\",\"item\":\"https:\\\/\\\/www.ariens.eu\\\/hu\\\/\"},{\"@type\":\"ListItem\",\"position\":2,\"name\":\"Shop\",\"item\":\"https:\\\/\\\/www.ariens.eu\\\/hu\\\/shop\\\/\"},{\"@type\":\"ListItem\",\"position\":3,\"name\":\"PROFESSIONAL 28\"}]},{\"@type\":\"WebSite\",\"@id\":\"https:\\\/\\\/www.ariens.eu\\\/hu\\\/#website\",\"url\":\"https:\\\/\\\/www.ariens.eu\\\/hu\\\/\",\"name\":\"Ariens | EMEAA\",\"description\":\"Powerful and reliable zero-turn mowers &amp; snow blowers for professional users and demanding private customers\",\"publisher\":{\"@id\":\"https:\\\/\\\/www.ariens.eu\\\/hu\\\/#organization\"},\"potentialAction\":[{\"@type\":\"SearchAction\",\"target\":{\"@type\":\"EntryPoint\",\"urlTemplate\":\"https:\\\/\\\/www.ariens.eu\\\/hu\\\/?s={search_term_string}\"},\"query-input\":{\"@type\":\"PropertyValueSpecification\",\"valueRequired\":true,\"valueName\":\"search_term_string\"}}],\"inLanguage\":\"hu\"},{\"@type\":\"Organization\",\"@id\":\"https:\\\/\\\/www.ariens.eu\\\/hu\\\/#organization\",\"name\":\"AriensCo GmbH\",\"url\":\"https:\\\/\\\/www.ariens.eu\\\/hu\\\/\",\"logo\":{\"@type\":\"ImageObject\",\"inLanguage\":\"hu\",\"@id\":\"https:\\\/\\\/www.ariens.eu\\\/hu\\\/#\\\/schema\\\/logo\\\/image\\\/\",\"url\":\"https:\\\/\\\/www.ariens.eu\\\/wp-content\\\/uploads\\\/2024\\\/11\\\/ariens-co-logo.jpg\",\"contentUrl\":\"https:\\\/\\\/www.ariens.eu\\\/wp-content\\\/uploads\\\/2024\\\/11\\\/ariens-co-logo.jpg\",\"width\":1000,\"height\":1000,\"caption\":\"AriensCo GmbH\"},\"image\":{\"@id\":\"https:\\\/\\\/www.ariens.eu\\\/hu\\\/#\\\/schema\\\/logo\\\/image\\\/\"}}]}<\/script>\n<!-- \/ Yoast SEO plugin. -->","yoast_head_json":{"title":"PROFESSIONAL 28 \u2013 Snow blower | Ariens","description":"Featuring a large 71 cm (28\u2033) clearing width that moves 79 tonnes of snow per hour. Robust machine for heavy-duty and commercial use.","robots":{"index":"noindex","follow":"follow","max-snippet":"max-snippet:-1","max-image-preview":"max-image-preview:large","max-video-preview":"max-video-preview:-1"},"og_locale":"hu_HU","og_type":"article","og_title":"PROFESSIONAL 28 \u2013 Snow blower | Ariens","og_description":"Featuring a large 71 cm (28\u2033) clearing width that moves 79 tonnes of snow per hour. Robust machine for heavy-duty and commercial use.","og_url":"https:\/\/www.ariens.eu\/hu\/product\/snow-blowers\/professional-series\/professional-28\/","og_site_name":"Ariens | EMEAA","article_modified_time":"2026-04-22T12:45:20+00:00","og_image":[{"width":768,"height":555,"url":"https:\/\/www.ariens.eu\/hu\/wp-content\/uploads\/sites\/20\/2024\/05\/ariens-professional-28-two-stage-snow-thrower-front34-768x555-3.webp","type":"image\/webp"}],"twitter_card":"summary_large_image","twitter_misc":{"Becs\u00fclt olvas\u00e1si id\u0151":"2 perc"},"schema":{"@context":"https:\/\/schema.org","@graph":[{"@type":"WebPage","@id":"https:\/\/www.ariens.eu\/hu\/product\/snow-blowers\/professional-series\/professional-28\/","url":"https:\/\/www.ariens.eu\/hu\/product\/snow-blowers\/professional-series\/professional-28\/","name":"PROFESSIONAL 28 \u2013 Snow blower | Ariens","isPartOf":{"@id":"https:\/\/www.ariens.eu\/hu\/#website"},"primaryImageOfPage":{"@id":"https:\/\/www.ariens.eu\/hu\/product\/snow-blowers\/professional-series\/professional-28\/#primaryimage"},"image":{"@id":"https:\/\/www.ariens.eu\/hu\/product\/snow-blowers\/professional-series\/professional-28\/#primaryimage"},"thumbnailUrl":"https:\/\/www.ariens.eu\/hu\/wp-content\/uploads\/sites\/20\/2024\/05\/ariens-professional-28-two-stage-snow-thrower-front34-768x555-3.webp","datePublished":"2024-05-10T10:04:35+00:00","dateModified":"2026-04-22T12:45:20+00:00","description":"Featuring a large 71 cm (28\u2033) clearing width that moves 79 tonnes of snow per hour. Robust machine for heavy-duty and commercial use.","breadcrumb":{"@id":"https:\/\/www.ariens.eu\/hu\/product\/snow-blowers\/professional-series\/professional-28\/#breadcrumb"},"inLanguage":"hu","potentialAction":[{"@type":"ReadAction","target":["https:\/\/www.ariens.eu\/hu\/product\/snow-blowers\/professional-series\/professional-28\/"]}]},{"@type":"ImageObject","inLanguage":"hu","@id":"https:\/\/www.ariens.eu\/hu\/product\/snow-blowers\/professional-series\/professional-28\/#primaryimage","url":"https:\/\/www.ariens.eu\/hu\/wp-content\/uploads\/sites\/20\/2024\/05\/ariens-professional-28-two-stage-snow-thrower-front34-768x555-3.webp","contentUrl":"https:\/\/www.ariens.eu\/hu\/wp-content\/uploads\/sites\/20\/2024\/05\/ariens-professional-28-two-stage-snow-thrower-front34-768x555-3.webp","width":768,"height":555},{"@type":"BreadcrumbList","@id":"https:\/\/www.ariens.eu\/hu\/product\/snow-blowers\/professional-series\/professional-28\/#breadcrumb","itemListElement":[{"@type":"ListItem","position":1,"name":"Home","item":"https:\/\/www.ariens.eu\/hu\/"},{"@type":"ListItem","position":2,"name":"Shop","item":"https:\/\/www.ariens.eu\/hu\/shop\/"},{"@type":"ListItem","position":3,"name":"PROFESSIONAL 28"}]},{"@type":"WebSite","@id":"https:\/\/www.ariens.eu\/hu\/#website","url":"https:\/\/www.ariens.eu\/hu\/","name":"Ariens | EMEAA","description":"Powerful and reliable zero-turn mowers &amp; snow blowers for professional users and demanding private customers","publisher":{"@id":"https:\/\/www.ariens.eu\/hu\/#organization"},"potentialAction":[{"@type":"SearchAction","target":{"@type":"EntryPoint","urlTemplate":"https:\/\/www.ariens.eu\/hu\/?s={search_term_string}"},"query-input":{"@type":"PropertyValueSpecification","valueRequired":true,"valueName":"search_term_string"}}],"inLanguage":"hu"},{"@type":"Organization","@id":"https:\/\/www.ariens.eu\/hu\/#organization","name":"AriensCo GmbH","url":"https:\/\/www.ariens.eu\/hu\/","logo":{"@type":"ImageObject","inLanguage":"hu","@id":"https:\/\/www.ariens.eu\/hu\/#\/schema\/logo\/image\/","url":"https:\/\/www.ariens.eu\/wp-content\/uploads\/2024\/11\/ariens-co-logo.jpg","contentUrl":"https:\/\/www.ariens.eu\/wp-content\/uploads\/2024\/11\/ariens-co-logo.jpg","width":1000,"height":1000,"caption":"AriensCo GmbH"},"image":{"@id":"https:\/\/www.ariens.eu\/hu\/#\/schema\/logo\/image\/"}}]}},"_links":{"self":[{"href":"https:\/\/www.ariens.eu\/hu\/wp-json\/wp\/v2\/product\/2304","targetHints":{"allow":["GET"]}}],"collection":[{"href":"https:\/\/www.ariens.eu\/hu\/wp-json\/wp\/v2\/product"}],"about":[{"href":"https:\/\/www.ariens.eu\/hu\/wp-json\/wp\/v2\/types\/product"}],"replies":[{"embeddable":true,"href":"https:\/\/www.ariens.eu\/hu\/wp-json\/wp\/v2\/comments?post=2304"}],"wp:featuredmedia":[{"embeddable":true,"href":"https:\/\/www.ariens.eu\/hu\/wp-json\/wp\/v2\/media\/2691"}],"wp:attachment":[{"href":"https:\/\/www.ariens.eu\/hu\/wp-json\/wp\/v2\/media?parent=2304"}],"wp:term":[{"taxonomy":"product_brand","embeddable":true,"href":"https:\/\/www.ariens.eu\/hu\/wp-json\/wp\/v2\/product_brand?post=2304"},{"taxonomy":"product_cat","embeddable":true,"href":"https:\/\/www.ariens.eu\/hu\/wp-json\/wp\/v2\/product_cat?post=2304"},{"taxonomy":"product_tag","embeddable":true,"href":"https:\/\/www.ariens.eu\/hu\/wp-json\/wp\/v2\/product_tag?post=2304"}],"curies":[{"name":"wp","href":"https:\/\/api.w.org\/{rel}","templated":true}]}}