{"id":2308,"date":"2024-05-10T11:04:35","date_gmt":"2024-05-10T10:04:35","guid":{"rendered":"https:\/\/www.ariens.eu\/product\/platinum-24-great-lakes-edition\/"},"modified":"2026-05-05T11:54:41","modified_gmt":"2026-05-05T10:54:41","slug":"platinum-24-great-lakes-edition","status":"publish","type":"product","link":"https:\/\/www.ariens.eu\/hu\/product\/snow-blowers\/platinum-series\/platinum-24-great-lakes-edition","title":{"rendered":"PLATINUM 24 GREAT LAKES EDITION"},"content":{"rendered":"<div class=\"acfd-block acfd-block__twocolumns mb-asm-1 container-fluid px-0 bg-default\">\n<div class=\"acfd-twocolumns\">\n<div class=\"row\">\n<div class='col-lg-9 mb-4 '>\n<div class=\"acfd-block acfd-block__headline container-fluid px-0 bg-default\">\n<div class=\"acfd-headline\" >\n<h2 class='h2 text-left li_black'>A h\u00f3takar\u00edt\u00f3 er\u0151g\u00e9pezet<\/h2>\n<\/p><\/div>\n<\/div><\/div>\n<div class='col-lg'>                    <\/div>\n<\/p><\/div>\n<\/div>\n<\/div>\n<div class=\"acfd-block acfd-block__twocolumns mb-asm-2 container-fluid px-0 bg-default\">\n<div class=\"acfd-twocolumns\">\n<div class=\"row\">\n<div class='col-lg-9 mb-4 '>\n<div class=\"acfd-block acfd-block__text container-fluid px-0 bg-default\">\n<div class=\"acfd-text li_black\">\n<p>Tiszta er\u0151 a h\u00f3 ellen. Amikor a PLATINUM m\u00f6g\u00e9 \u00e1llsz, nem akarsz majd meg\u00e1llni \u2013 egy hajt\u00e1s ut\u00e1n a m\u00e1sik ut\u00e1n. Ezek az egys\u00e9gek nagy teljes\u00edtm\u00e9ny\u0171 munk\u00e1kra lettek tervezve, ez\u00e9rt vannak standard k\u00e9zmeleg\u00edt\u0151k \u00e9s Szuper Nagy Teljes\u00edtm\u00e9ny\u0171 (SHO) lap\u00e1tkerek. A PLATINUM sorozat tele van m\u00e1s funkci\u00f3kkal is, amelyek biztosan megfelelnek a h\u00f3elt\u00e1vol\u00edt\u00e1si ig\u00e9nyeidnek.<\/p>\n<ul>\n<li>Magas magass\u00e1gokra tervezve, ez az EFI motoros g\u00e9p teljes\u00edtm\u00e9nyt ny\u00fajt \u00e9s fel\u00fclm\u00falja az elv\u00e1r\u00e1saidat<\/li>\n<li>369 cm\u00b3 Ariens AX EFI motor<\/li>\n<li>61 cm (24\u201d) sz\u00e9les takar\u00edt\u00e1si sz\u00e9less\u00e9g, amely 73 tonna havat mozgat \u00f3r\u00e1nk\u00e9nt<\/li>\n<li>H\u00f3t 0.9 \u2013 17 m t\u00e1vols\u00e1gra f\u00faj<\/li>\n<li>Pr\u00e9mium funkci\u00f3k, mint LED f\u00e9nysz\u00f3r\u00f3 \u00e9s reflektor, k\u00e9zmeleg\u00edt\u0151k, elektromos cs\u0151vez\u00e9rl\u00e9s, elektromos start \u00e9s egy k\u00e9zzel m\u0171k\u00f6d\u0151 biztons\u00e1gi z\u00e1r<\/li>\n<\/ul>\n<\/div>\n<\/div><\/div>\n<div class='col-lg'>                    <\/div>\n<\/p><\/div>\n<\/div>\n<\/div>\n<div class=\"acfd-block acfd-block__category mb-asm-3 container-fluid px-0 bg-default\">\n<div class=\"acfd-product-categories\">\n<h2 class=\"text-left mb-3\">\n        Applications    <\/h2>\n<div class=\"product-categories_wrapper\">\n         <span\n                data-description=\"Det patenterte Ariens AutoTurn<sup>&reg;<\/sup> styresystemet forhindrer at et drivhjul eller et RapidTrak\u2122-belte spinner. Samtidig gir det enkel styring av maskinen ved automatisk \u00e5 frikoble den ene drivsiden n\u00e5r du svinger. Alle Ariens sn\u00f8fresere, bortsett fra CLASSIC-modellen, er utstyrt med AutoTurn.\"                class=\"product-category-single\"> AutoTurn<sup>&reg;<\/sup>                <sup><i class=\"fa fa-info-circle\" aria-hidden=\"true\"><\/i><\/sup>            <\/span>  <span\n                data-description=\"SHO stands for Super-High-Output. The high-performance blower wheel on the PLATINUM and PROFESSIONAL models creates more snow per hour and throws it further.\"                class=\"product-category-single\"> SHO blower wheel                <sup><i class=\"fa fa-info-circle\" aria-hidden=\"true\"><\/i><\/sup>            <\/span>  <span\n                data-description=\"A 230 volt connection allows you to start the machine at the touch of a button. Standard on all models.\"                class=\"product-category-single\"> Electric start                <sup><i class=\"fa fa-info-circle\" aria-hidden=\"true\"><\/i><\/sup>            <\/span>     <\/div>\n<\/div>\n<\/div>\n<div class=\"acfd-block acfd-block__twocolumns container-fluid container-fluid--force px-0 bg-default\">\n<div class=\"acfd-twocolumns\">\n<div class=\"row\">\n<div class='col-lg-12 mb-4 '>\n<div class=\"acfd-product-advantages--wrapper\">\n<h2 class=\"h1 bigger text-color-black text-center mb-5\">\n        Features &#038; Benefits    <\/h2>\n<div class=\"acfd-product-advantages\">\n<div class=\"row\">\n<div class=\"col-md-6 mb-4 content\">\n                    <span class=\"d-block h5 text-color-brand mb-1\">F\u0171t\u00f6tt k\u00e9zfoganty\u00fak<\/span><\/p>\n<p>A m\u0171szerfalr\u00f3l szab\u00e1lyozhat\u00f3 f\u0171t\u00f6tt k\u00e9zfoganty\u00fak melegebb\u00e9 teszik a kezeit, nagyobb ir\u00e1ny\u00edt\u00e1si pontoss\u00e1got \u00e9s extra k\u00e9nyelem biztos\u00edtva hosszabb haszn\u00e1lat eset\u00e9n.<\/p>\n<\/p><\/div>\n<div class=\"col-md-6 mb4 image\"  style=\"background-image:url(https:\/\/www.ariens.eu\/hu\/wp-content\/uploads\/sites\/20\/2024\/05\/Heated_handgrips-scaled.webp)\">\n                <\/div>\n<\/p><\/div>\n<div class=\"row\">\n<div class=\"col-md-6 mb-4 content\">\n                    <span class=\"d-block h5 text-color-brand mb-1\">Automata fordul\u00e1s ir\u00e1ny\u00edt\u00e1s<\/span><\/p>\n<p>Haladjon egyenesen a h\u00e1ts\u00f3 tengellyel z\u00e1rolva maxim\u00e1lis tapad\u00e1ssal. Amint elford\u00edtja a g\u00e9pet, a tengely felold\u00f3dik, \u00e9s a helyben fordul\u00e1s gyerekj\u00e1t\u00e9k. Az Ariens szabadalmazott tal\u00e1lm\u00e1nya.<\/p>\n<\/p><\/div>\n<div class=\"col-md-6 mb4 image\"  style=\"background-image:url(https:\/\/www.ariens.eu\/hu\/wp-content\/uploads\/sites\/20\/2024\/05\/feature6ars_fb_profe-2.png)\">\n                <\/div>\n<\/p><\/div>\n<div class=\"row\">\n<div class=\"col-md-6 mb-4 content\">\n                    <span class=\"d-block h5 text-color-brand mb-1\">EFI motor<\/span><\/p>\n<p>Az elektronikus \u00fczemanyag-befecskendez\u0151 (EFI) motor k\u00f6nnyebben indul \u00e9s \u00fczemanyag-hat\u00e9konyabb, gyorsabb teljes\u00edtm\u00e9ny\u00e1ll\u00e1ssal. Standard a PLATINUM sorozat modelljein.<\/p>\n<\/p><\/div>\n<div class=\"col-md-6 mb4 image\"  style=\"background-image:url(https:\/\/www.ariens.eu\/hu\/wp-content\/uploads\/sites\/20\/2024\/05\/EFI_ENGINE_Front-scaled.webp)\">\n                <\/div>\n<\/p><\/div>\n<div class=\"row\">\n<div class=\"col-md-6 mb-4 content\">\n                    <span class=\"d-block h5 text-color-brand mb-1\">LED reflektor<\/span><\/p>\n<p>Az ultra f\u00e9nyes vil\u00e1g\u00edt\u00e1s standard minden Platina sorozat\u00fa Sno-Thro<sup>&reg;<\/sup> modellen.<\/p>\n<\/p><\/div>\n<div class=\"col-md-6 mb4 image\"  style=\"background-image:url(https:\/\/www.ariens.eu\/hu\/wp-content\/uploads\/sites\/20\/2024\/05\/LED_LIGHT_Solo.webp)\">\n                <\/div>\n<\/p><\/div>\n<div class=\"row\">\n<div class=\"col-md-6 mb-4 content\">\n                    <span class=\"d-block h5 text-color-brand mb-1\">SHO lap\u00e1tker\u00e9k<\/span><\/p>\n<p>Az Ariens SHO technol\u00f3gia a Szuper Nagy Teljes\u00edtm\u00e9nyt jelenti. Vagy egyszer\u0171bben: a lap\u00e1tker\u00e9k k\u00fcl\u00f6n\u00f6sen er\u0151s, \u00e9s gyorsabban, tov\u00e1bb dobja a havat az el\u0151tte l\u00e9v\u0151 fr\u00f6ccs\u00f6nt\u0151g\u00e9pb\u0151l. Ak\u00e1r 83 tonna\/\u00f3ra maxim\u00e1lis teljes\u00edtm\u00e9nyig.<\/p>\n<\/p><\/div>\n<div class=\"col-md-6 mb4 image\"  style=\"background-image:url(https:\/\/www.ariens.eu\/hu\/wp-content\/uploads\/sites\/20\/2024\/05\/SHO_Impeller.webp)\">\n                <\/div>\n<\/p><\/div>\n<div class=\"row\">\n<div class=\"col-md-6 mb-4 content\">\n                    <span class=\"d-block h5 text-color-brand mb-1\">Gyors cs\u0151 forgat\u00e1s<\/span><\/p>\n<p>Forgassa el a cs\u00f6vet egy gombnyom\u00e1ssal.<\/p>\n<\/p><\/div>\n<div class=\"col-md-6 mb4 image\"  style=\"background-image:url(https:\/\/www.ariens.eu\/hu\/wp-content\/uploads\/sites\/20\/2024\/05\/Quick_turn_Chute_Rotation-scaled.webp)\">\n                <\/div>\n<\/p><\/div>\n<\/p><\/div>\n<\/div><\/div>\n<div class='col-lg'>                    <\/div>\n<\/p><\/div>\n<\/div>\n<\/div>\n","protected":false},"excerpt":{"rendered":"<p>A h\u00f3takar\u00edt\u00f3 er\u0151g\u00e9pezet Tiszta er\u0151 a h\u00f3 ellen. Amikor a PLATINUM m\u00f6g\u00e9 \u00e1llsz, nem akarsz majd meg\u00e1llni \u2013 egy hajt\u00e1s ut\u00e1n a m\u00e1sik ut\u00e1n. Ezek az egys\u00e9gek nagy teljes\u00edtm\u00e9ny\u0171 munk\u00e1kra lettek tervezve, ez\u00e9rt vannak standard k\u00e9zmeleg\u00edt\u0151k \u00e9s Szuper Nagy Teljes\u00edtm\u00e9ny\u0171 (SHO) lap\u00e1tkerek. A PLATINUM sorozat tele van m\u00e1s funkci\u00f3kkal is, amelyek biztosan megfelelnek a h\u00f3elt\u00e1vol\u00edt\u00e1si [&hellip;]<\/p>\n","protected":false},"featured_media":2696,"comment_status":"open","ping_status":"closed","template":"","meta":{"_acf_changed":false,"_relevanssi_hide_post":"","_relevanssi_hide_content":"","_relevanssi_pin_for_all":"","_relevanssi_pin_keywords":"","_relevanssi_unpin_keywords":"","_relevanssi_related_keywords":"","_relevanssi_related_include_ids":"","_relevanssi_related_exclude_ids":"","_relevanssi_related_no_append":"","_relevanssi_related_not_related":"","_relevanssi_related_posts":"","_relevanssi_noindex_reason":""},"product_brand":[],"product_cat":[15],"product_tag":[],"class_list":{"0":"post-2308","1":"product","2":"type-product","3":"status-publish","4":"has-post-thumbnail","6":"product_variant-platinum-series","7":"product_usage_areas-municipalities-building-yards","8":"product_usage_areas-winter-service","10":"first","11":"instock","12":"shipping-taxable","13":"product-type-simple"},"acf":[],"yoast_head":"<!-- This site is optimized with the Yoast SEO plugin v27.3 - https:\/\/yoast.com\/product\/yoast-seo-wordpress\/ -->\n<title>PLATINUM 24 Great Lakes Edition \u2013 Snow blower | Ariens<\/title>\n<meta name=\"description\" content=\"Built for high altitudes, this EFI powered machine will deliver the performance you need and exceed your expectations. The powerhouse for lots of snow.\" \/>\n<meta name=\"robots\" content=\"noindex, follow, max-snippet:-1, max-image-preview:large, max-video-preview:-1\" \/>\n<meta property=\"og:locale\" content=\"hu_HU\" \/>\n<meta property=\"og:type\" content=\"article\" \/>\n<meta property=\"og:title\" content=\"PLATINUM 24 Great Lakes Edition \u2013 Snow blower | Ariens\" \/>\n<meta property=\"og:description\" content=\"Built for high altitudes, this EFI powered machine will deliver the performance you need and exceed your expectations. The powerhouse for lots of snow.\" \/>\n<meta property=\"og:url\" content=\"https:\/\/www.ariens.eu\/hu\/product\/snow-blowers\/platinum-series\/platinum-24-great-lakes-edition\/\" \/>\n<meta property=\"og:site_name\" content=\"Ariens | EMEAA\" \/>\n<meta property=\"article:modified_time\" content=\"2026-05-05T10:54:41+00:00\" \/>\n<meta property=\"og:image\" content=\"https:\/\/www.ariens.eu\/hu\/wp-content\/uploads\/sites\/20\/2024\/05\/ariens-platinum-great-lakes-special-edition-snow-thrower-angle-view-front34-1.webp\" \/>\n\t<meta property=\"og:image:width\" content=\"900\" \/>\n\t<meta property=\"og:image:height\" content=\"650\" \/>\n\t<meta property=\"og:image:type\" content=\"image\/webp\" \/>\n<meta name=\"twitter:card\" content=\"summary_large_image\" \/>\n<meta name=\"twitter:label1\" content=\"Becs\u00fclt olvas\u00e1si id\u0151\" \/>\n\t<meta name=\"twitter:data1\" content=\"2 perc\" \/>\n<script type=\"application\/ld+json\" class=\"yoast-schema-graph\">{\"@context\":\"https:\\\/\\\/schema.org\",\"@graph\":[{\"@type\":\"WebPage\",\"@id\":\"https:\\\/\\\/www.ariens.eu\\\/hu\\\/product\\\/snow-blowers\\\/platinum-series\\\/platinum-24-great-lakes-edition\\\/\",\"url\":\"https:\\\/\\\/www.ariens.eu\\\/hu\\\/product\\\/snow-blowers\\\/platinum-series\\\/platinum-24-great-lakes-edition\\\/\",\"name\":\"PLATINUM 24 Great Lakes Edition \u2013 Snow blower | Ariens\",\"isPartOf\":{\"@id\":\"https:\\\/\\\/www.ariens.eu\\\/hu\\\/#website\"},\"primaryImageOfPage\":{\"@id\":\"https:\\\/\\\/www.ariens.eu\\\/hu\\\/product\\\/snow-blowers\\\/platinum-series\\\/platinum-24-great-lakes-edition\\\/#primaryimage\"},\"image\":{\"@id\":\"https:\\\/\\\/www.ariens.eu\\\/hu\\\/product\\\/snow-blowers\\\/platinum-series\\\/platinum-24-great-lakes-edition\\\/#primaryimage\"},\"thumbnailUrl\":\"https:\\\/\\\/www.ariens.eu\\\/hu\\\/wp-content\\\/uploads\\\/sites\\\/20\\\/2024\\\/05\\\/ariens-platinum-great-lakes-special-edition-snow-thrower-angle-view-front34-1.webp\",\"datePublished\":\"2024-05-10T10:04:35+00:00\",\"dateModified\":\"2026-05-05T10:54:41+00:00\",\"description\":\"Built for high altitudes, this EFI powered machine will deliver the performance you need and exceed your expectations. The powerhouse for lots of snow.\",\"breadcrumb\":{\"@id\":\"https:\\\/\\\/www.ariens.eu\\\/hu\\\/product\\\/snow-blowers\\\/platinum-series\\\/platinum-24-great-lakes-edition\\\/#breadcrumb\"},\"inLanguage\":\"hu\",\"potentialAction\":[{\"@type\":\"ReadAction\",\"target\":[\"https:\\\/\\\/www.ariens.eu\\\/hu\\\/product\\\/snow-blowers\\\/platinum-series\\\/platinum-24-great-lakes-edition\\\/\"]}]},{\"@type\":\"ImageObject\",\"inLanguage\":\"hu\",\"@id\":\"https:\\\/\\\/www.ariens.eu\\\/hu\\\/product\\\/snow-blowers\\\/platinum-series\\\/platinum-24-great-lakes-edition\\\/#primaryimage\",\"url\":\"https:\\\/\\\/www.ariens.eu\\\/hu\\\/wp-content\\\/uploads\\\/sites\\\/20\\\/2024\\\/05\\\/ariens-platinum-great-lakes-special-edition-snow-thrower-angle-view-front34-1.webp\",\"contentUrl\":\"https:\\\/\\\/www.ariens.eu\\\/hu\\\/wp-content\\\/uploads\\\/sites\\\/20\\\/2024\\\/05\\\/ariens-platinum-great-lakes-special-edition-snow-thrower-angle-view-front34-1.webp\",\"width\":900,\"height\":650},{\"@type\":\"BreadcrumbList\",\"@id\":\"https:\\\/\\\/www.ariens.eu\\\/hu\\\/product\\\/snow-blowers\\\/platinum-series\\\/platinum-24-great-lakes-edition\\\/#breadcrumb\",\"itemListElement\":[{\"@type\":\"ListItem\",\"position\":1,\"name\":\"Home\",\"item\":\"https:\\\/\\\/www.ariens.eu\\\/hu\\\/\"},{\"@type\":\"ListItem\",\"position\":2,\"name\":\"Shop\",\"item\":\"https:\\\/\\\/www.ariens.eu\\\/hu\\\/shop\\\/\"},{\"@type\":\"ListItem\",\"position\":3,\"name\":\"PLATINUM 24 GREAT LAKES EDITION\"}]},{\"@type\":\"WebSite\",\"@id\":\"https:\\\/\\\/www.ariens.eu\\\/hu\\\/#website\",\"url\":\"https:\\\/\\\/www.ariens.eu\\\/hu\\\/\",\"name\":\"Ariens | EMEAA\",\"description\":\"Powerful and reliable zero-turn mowers &amp; snow blowers for professional users and demanding private customers\",\"publisher\":{\"@id\":\"https:\\\/\\\/www.ariens.eu\\\/hu\\\/#organization\"},\"potentialAction\":[{\"@type\":\"SearchAction\",\"target\":{\"@type\":\"EntryPoint\",\"urlTemplate\":\"https:\\\/\\\/www.ariens.eu\\\/hu\\\/?s={search_term_string}\"},\"query-input\":{\"@type\":\"PropertyValueSpecification\",\"valueRequired\":true,\"valueName\":\"search_term_string\"}}],\"inLanguage\":\"hu\"},{\"@type\":\"Organization\",\"@id\":\"https:\\\/\\\/www.ariens.eu\\\/hu\\\/#organization\",\"name\":\"AriensCo GmbH\",\"url\":\"https:\\\/\\\/www.ariens.eu\\\/hu\\\/\",\"logo\":{\"@type\":\"ImageObject\",\"inLanguage\":\"hu\",\"@id\":\"https:\\\/\\\/www.ariens.eu\\\/hu\\\/#\\\/schema\\\/logo\\\/image\\\/\",\"url\":\"https:\\\/\\\/www.ariens.eu\\\/wp-content\\\/uploads\\\/2024\\\/11\\\/ariens-co-logo.jpg\",\"contentUrl\":\"https:\\\/\\\/www.ariens.eu\\\/wp-content\\\/uploads\\\/2024\\\/11\\\/ariens-co-logo.jpg\",\"width\":1000,\"height\":1000,\"caption\":\"AriensCo GmbH\"},\"image\":{\"@id\":\"https:\\\/\\\/www.ariens.eu\\\/hu\\\/#\\\/schema\\\/logo\\\/image\\\/\"}}]}<\/script>\n<!-- \/ Yoast SEO plugin. -->","yoast_head_json":{"title":"PLATINUM 24 Great Lakes Edition \u2013 Snow blower | Ariens","description":"Built for high altitudes, this EFI powered machine will deliver the performance you need and exceed your expectations. The powerhouse for lots of snow.","robots":{"index":"noindex","follow":"follow","max-snippet":"max-snippet:-1","max-image-preview":"max-image-preview:large","max-video-preview":"max-video-preview:-1"},"og_locale":"hu_HU","og_type":"article","og_title":"PLATINUM 24 Great Lakes Edition \u2013 Snow blower | Ariens","og_description":"Built for high altitudes, this EFI powered machine will deliver the performance you need and exceed your expectations. The powerhouse for lots of snow.","og_url":"https:\/\/www.ariens.eu\/hu\/product\/snow-blowers\/platinum-series\/platinum-24-great-lakes-edition\/","og_site_name":"Ariens | EMEAA","article_modified_time":"2026-05-05T10:54:41+00:00","og_image":[{"width":900,"height":650,"url":"https:\/\/www.ariens.eu\/hu\/wp-content\/uploads\/sites\/20\/2024\/05\/ariens-platinum-great-lakes-special-edition-snow-thrower-angle-view-front34-1.webp","type":"image\/webp"}],"twitter_card":"summary_large_image","twitter_misc":{"Becs\u00fclt olvas\u00e1si id\u0151":"2 perc"},"schema":{"@context":"https:\/\/schema.org","@graph":[{"@type":"WebPage","@id":"https:\/\/www.ariens.eu\/hu\/product\/snow-blowers\/platinum-series\/platinum-24-great-lakes-edition\/","url":"https:\/\/www.ariens.eu\/hu\/product\/snow-blowers\/platinum-series\/platinum-24-great-lakes-edition\/","name":"PLATINUM 24 Great Lakes Edition \u2013 Snow blower | Ariens","isPartOf":{"@id":"https:\/\/www.ariens.eu\/hu\/#website"},"primaryImageOfPage":{"@id":"https:\/\/www.ariens.eu\/hu\/product\/snow-blowers\/platinum-series\/platinum-24-great-lakes-edition\/#primaryimage"},"image":{"@id":"https:\/\/www.ariens.eu\/hu\/product\/snow-blowers\/platinum-series\/platinum-24-great-lakes-edition\/#primaryimage"},"thumbnailUrl":"https:\/\/www.ariens.eu\/hu\/wp-content\/uploads\/sites\/20\/2024\/05\/ariens-platinum-great-lakes-special-edition-snow-thrower-angle-view-front34-1.webp","datePublished":"2024-05-10T10:04:35+00:00","dateModified":"2026-05-05T10:54:41+00:00","description":"Built for high altitudes, this EFI powered machine will deliver the performance you need and exceed your expectations. The powerhouse for lots of snow.","breadcrumb":{"@id":"https:\/\/www.ariens.eu\/hu\/product\/snow-blowers\/platinum-series\/platinum-24-great-lakes-edition\/#breadcrumb"},"inLanguage":"hu","potentialAction":[{"@type":"ReadAction","target":["https:\/\/www.ariens.eu\/hu\/product\/snow-blowers\/platinum-series\/platinum-24-great-lakes-edition\/"]}]},{"@type":"ImageObject","inLanguage":"hu","@id":"https:\/\/www.ariens.eu\/hu\/product\/snow-blowers\/platinum-series\/platinum-24-great-lakes-edition\/#primaryimage","url":"https:\/\/www.ariens.eu\/hu\/wp-content\/uploads\/sites\/20\/2024\/05\/ariens-platinum-great-lakes-special-edition-snow-thrower-angle-view-front34-1.webp","contentUrl":"https:\/\/www.ariens.eu\/hu\/wp-content\/uploads\/sites\/20\/2024\/05\/ariens-platinum-great-lakes-special-edition-snow-thrower-angle-view-front34-1.webp","width":900,"height":650},{"@type":"BreadcrumbList","@id":"https:\/\/www.ariens.eu\/hu\/product\/snow-blowers\/platinum-series\/platinum-24-great-lakes-edition\/#breadcrumb","itemListElement":[{"@type":"ListItem","position":1,"name":"Home","item":"https:\/\/www.ariens.eu\/hu\/"},{"@type":"ListItem","position":2,"name":"Shop","item":"https:\/\/www.ariens.eu\/hu\/shop\/"},{"@type":"ListItem","position":3,"name":"PLATINUM 24 GREAT LAKES EDITION"}]},{"@type":"WebSite","@id":"https:\/\/www.ariens.eu\/hu\/#website","url":"https:\/\/www.ariens.eu\/hu\/","name":"Ariens | EMEAA","description":"Powerful and reliable zero-turn mowers &amp; snow blowers for professional users and demanding private customers","publisher":{"@id":"https:\/\/www.ariens.eu\/hu\/#organization"},"potentialAction":[{"@type":"SearchAction","target":{"@type":"EntryPoint","urlTemplate":"https:\/\/www.ariens.eu\/hu\/?s={search_term_string}"},"query-input":{"@type":"PropertyValueSpecification","valueRequired":true,"valueName":"search_term_string"}}],"inLanguage":"hu"},{"@type":"Organization","@id":"https:\/\/www.ariens.eu\/hu\/#organization","name":"AriensCo GmbH","url":"https:\/\/www.ariens.eu\/hu\/","logo":{"@type":"ImageObject","inLanguage":"hu","@id":"https:\/\/www.ariens.eu\/hu\/#\/schema\/logo\/image\/","url":"https:\/\/www.ariens.eu\/wp-content\/uploads\/2024\/11\/ariens-co-logo.jpg","contentUrl":"https:\/\/www.ariens.eu\/wp-content\/uploads\/2024\/11\/ariens-co-logo.jpg","width":1000,"height":1000,"caption":"AriensCo GmbH"},"image":{"@id":"https:\/\/www.ariens.eu\/hu\/#\/schema\/logo\/image\/"}}]}},"_links":{"self":[{"href":"https:\/\/www.ariens.eu\/hu\/wp-json\/wp\/v2\/product\/2308","targetHints":{"allow":["GET"]}}],"collection":[{"href":"https:\/\/www.ariens.eu\/hu\/wp-json\/wp\/v2\/product"}],"about":[{"href":"https:\/\/www.ariens.eu\/hu\/wp-json\/wp\/v2\/types\/product"}],"replies":[{"embeddable":true,"href":"https:\/\/www.ariens.eu\/hu\/wp-json\/wp\/v2\/comments?post=2308"}],"wp:featuredmedia":[{"embeddable":true,"href":"https:\/\/www.ariens.eu\/hu\/wp-json\/wp\/v2\/media\/2696"}],"wp:attachment":[{"href":"https:\/\/www.ariens.eu\/hu\/wp-json\/wp\/v2\/media?parent=2308"}],"wp:term":[{"taxonomy":"product_brand","embeddable":true,"href":"https:\/\/www.ariens.eu\/hu\/wp-json\/wp\/v2\/product_brand?post=2308"},{"taxonomy":"product_cat","embeddable":true,"href":"https:\/\/www.ariens.eu\/hu\/wp-json\/wp\/v2\/product_cat?post=2308"},{"taxonomy":"product_tag","embeddable":true,"href":"https:\/\/www.ariens.eu\/hu\/wp-json\/wp\/v2\/product_tag?post=2308"}],"curies":[{"name":"wp","href":"https:\/\/api.w.org\/{rel}","templated":true}]}}