{"id":2310,"date":"2024-05-10T11:04:36","date_gmt":"2024-05-10T10:04:36","guid":{"rendered":"https:\/\/www.ariens.eu\/product\/deluxe-24\/"},"modified":"2026-05-05T11:54:35","modified_gmt":"2026-05-05T10:54:35","slug":"deluxe-24","status":"publish","type":"product","link":"https:\/\/www.ariens.eu\/hu\/product\/snow-blowers\/deluxe-series\/deluxe-24","title":{"rendered":"DELUXE 24"},"content":{"rendered":"<div class=\"acfd-block acfd-block__twocolumns mb-asm-1 container-fluid px-0 bg-default\">\n<div class=\"acfd-twocolumns\">\n<div class=\"row\">\n<div class='col-lg-9 mb-4 '>\n<div class=\"acfd-block acfd-block__headline container-fluid px-0 bg-default\">\n<div class=\"acfd-headline\" >\n<h2 class='h2 text-left li_black'>Egyenes, hat\u00e9kony teljes\u00edtm\u00e9ny kifog\u00e1stalan m\u0171k\u00f6d\u00e9shez. A bestseller\u00fcnk.<\/h2>\n<\/p><\/div>\n<\/div><\/div>\n<div class='col-lg'>                    <\/div>\n<\/p><\/div>\n<\/div>\n<\/div>\n<div class=\"acfd-block acfd-block__twocolumns mb-asm-2 container-fluid px-0 bg-default\">\n<div class=\"acfd-twocolumns\">\n<div class=\"row\">\n<div class='col-lg-9 mb-4 '>\n<div class=\"acfd-block acfd-block__text container-fluid px-0 bg-default\">\n<div class=\"acfd-text li_black\">\n<p>Sok k\u00e9nyelem \u00e9s er\u0151 a h\u00f3takar\u00edt\u00e1s sor\u00e1n. Nem csoda, hogy a DELUXE sorozat folyamatosan a bestsellereink k\u00f6z\u00e9 tartozik. Hiszen folyamatosan lek\u00fczdi a telet. K\u00f6nnyen ir\u00e1ny\u00edthat\u00f3ak \u00e9s kezelhet\u0151k a standard Auto-Turn\u2122 korm\u00e1nyrendszerrel. T\u00f6bb m\u00e9ret \u00e9s az Ariens AX motorok er\u0151teljes v\u00e1laszt\u00e9ka k\u00f6z\u00f6tt k\u00f6nnyen megtal\u00e1lhat\u00f3 a megfelel\u0151 Sno-Thro<sup><sup>&reg;<\/sup><\/sup> az ingatlanodhoz.<\/p>\n<p>Teljes ir\u00e1ny\u00edt\u00e1s, teljes teljes\u00edtm\u00e9ny \u00e9s b\u0151ven elegend\u0151 er\u0151. A DELUXE 24 h\u00f3f\u00fav\u00f3 k\u00f6nnyed\u00e9n kezel nagy mennyis\u00e9g\u0171 havat.<\/p>\n<ul>\n<li>60 cm (24&#8243;) takar\u00edt\u00e1si sz\u00e9less\u00e9g<\/li>\n<li>Maxim\u00e1lis teljes\u00edtm\u00e9ny: 56 tonna h\u00f3 \u00f3r\u00e1nk\u00e9nt<\/li>\n<li>Er\u0151teljes 254 cm\u00b3-es Ariens AX motor<\/li>\n<li>Elektromos ind\u00edt\u00e1s 230 V-val<\/li>\n<li>A h\u00f3t 15 m\u00e9terre (50 l\u00e1b) dobja<\/li>\n<li>36 cm (14&#8243;) csig\u00e1k \u00e9s lap\u00e1tkerek \u00e1tm\u00e9r\u0151je<\/li>\n<li>53 cm-es magas h\u00e1z m\u00e9lyebb h\u00f3hoz<\/li>\n<li>Auto-Turn korm\u00e1nyrendszer gomb n\u00e9lk\u00fcl<\/li>\n<li>\u00d6sszekapcsolhat\u00f3 foganty\u00fak egykezes m\u0171k\u00f6d\u00e9shez<\/li>\n<\/ul>\n<\/div>\n<\/div><\/div>\n<div class='col-lg'>                    <\/div>\n<\/p><\/div>\n<\/div>\n<\/div>\n<div class=\"acfd-block acfd-block__category mb-asm-3 container-fluid px-0 bg-default\">\n<div class=\"acfd-product-categories\">\n<h2 class=\"text-left mb-3\">\n        Applications    <\/h2>\n<div class=\"product-categories_wrapper\">\n         <span\n                data-description=\"Det patenterte Ariens AutoTurn<sup>&reg;<\/sup> styresystemet forhindrer at et drivhjul eller et RapidTrak\u2122-belte spinner. Samtidig gir det enkel styring av maskinen ved automatisk \u00e5 frikoble den ene drivsiden n\u00e5r du svinger. Alle Ariens sn\u00f8fresere, bortsett fra CLASSIC-modellen, er utstyrt med AutoTurn.\"                class=\"product-category-single\"> AutoTurn<sup>&reg;<\/sup>                <sup><i class=\"fa fa-info-circle\" aria-hidden=\"true\"><\/i><\/sup>            <\/span>  <span\n                data-description=\"A 230 volt connection allows you to start the machine at the touch of a button. Standard on all models.\"                class=\"product-category-single\"> Electric start                <sup><i class=\"fa fa-info-circle\" aria-hidden=\"true\"><\/i><\/sup>            <\/span>     <\/div>\n<\/div>\n<\/div>\n<div class=\"acfd-block acfd-block__twocolumns container-fluid container-fluid--force px-0 bg-default\">\n<div class=\"acfd-twocolumns\">\n<div class=\"row\">\n<div class='col-lg-12 mb-4 '>\n<div class=\"acfd-product-advantages--wrapper\">\n<h2 class=\"h1 bigger text-color-black text-center mb-5\">\n        Features &#038; Benefits    <\/h2>\n<div class=\"acfd-product-advantages\">\n<div class=\"row\">\n<div class=\"col-md-6 mb-4 content\">\n                    <span class=\"d-block h5 text-color-brand mb-1\">35,6 cm-es lap\u00e1tker\u00e9k<\/span><\/p>\n<p>A 35,6 cm-es ac\u00e9l lap\u00e1tker\u00e9k kiv\u00e9teles teljes\u00edtm\u00e9nyt ny\u00fajt minden h\u00f3t\u00edpus eset\u00e9n. A h\u00f3vet\u00e9s t\u00e1vols\u00e1ga 0,9 \u00e9s 15,2 m\u00e9ter k\u00f6z\u00f6tt v\u00e1ltoztathat\u00f3.<\/p>\n<\/p><\/div>\n<div class=\"col-md-6 mb4 image\"  style=\"background-image:url(https:\/\/www.ariens.eu\/hu\/wp-content\/uploads\/sites\/20\/2024\/05\/deluxe-30-herofeature1.webp)\">\n                <\/div>\n<\/p><\/div>\n<div class=\"row\">\n<div class=\"col-md-6 mb-4 content\">\n                    <span class=\"d-block h5 text-color-brand mb-1\">\u00d6nt\u00f6ttvas fogasker\u00e9k h\u00e1z<\/span><\/p>\n<p>A csavar fogasker\u00e9k h\u00e1z\u00e1nak nagy terhel\u00e9snek van kit\u00e9ve. Nagy er\u0151fesz\u00edt\u00e9seket tesz\u00fcnk annak \u00e9rdek\u00e9ben, hogy k\u00fcl\u00f6n\u00f6sen stabil legyen. Mivel olyan stabil, 5 \u00e9ves garanci\u00e1t is adunk r\u00e1.<\/p>\n<\/p><\/div>\n<div class=\"col-md-6 mb4 image\"  style=\"background-image:url(https:\/\/www.ariens.eu\/hu\/wp-content\/uploads\/sites\/20\/2024\/05\/compact-24.webp)\">\n                <\/div>\n<\/p><\/div>\n<div class=\"row\">\n<div class=\"col-md-6 mb-4 content\">\n                    <span class=\"d-block h5 text-color-brand mb-1\">Kett\u0151s sz\u00edjhajt\u00e1s<\/span><\/p>\n<p>Az Ariens rendszer kett\u0151, az egy helyett sz\u00edjat haszn\u00e1l a motor nyomat\u00e9k\u00e1nak hat\u00e9konyabb kihaszn\u00e1l\u00e1s\u00e1ra \u00e9s a h\u00f3 hat\u00e9konyabb elt\u00e1vol\u00edt\u00e1s\u00e1ra. A kett\u0151s sz\u00edjrendszer azt jelenti, hogy a sz\u00edjak kop\u00e1sa kev\u00e9sb\u00e9 jelentkezik \u00e9s a h\u00f3 messzebb rep\u00fcl.<\/p>\n<\/p><\/div>\n<div class=\"col-md-6 mb4 image\"  style=\"background-image:url(https:\/\/www.ariens.eu\/hu\/wp-content\/uploads\/sites\/20\/2024\/05\/herofeature3.webp)\">\n                <\/div>\n<\/p><\/div>\n<div class=\"row\">\n<div class=\"col-md-6 mb-4 content\">\n                    <span class=\"d-block h5 text-color-brand mb-1\">Auto-Turn korm\u00e1nyz\u00e1s<\/span><\/p>\n<p>Er\u0151fesz\u00edt\u00e9s n\u00e9lk\u00fcl null\u00e1s fordul\u00e1si sugarat biztos\u00edt &#8211; sima, pontos \u00e9s egy\u00e9rtelm\u0171 kanyarod\u00e1si lehet\u0151s\u00e9gekkel, amelyek id\u0151t takar\u00edtanak meg. Minim\u00e1lis er\u0151fesz\u00edt\u00e9s sz\u00fcks\u00e9ges a korm\u00e1nyz\u00e1shoz.<\/p>\n<\/p><\/div>\n<div class=\"col-md-6 mb4 image\"  style=\"background-image:url(https:\/\/www.ariens.eu\/hu\/wp-content\/uploads\/sites\/20\/2024\/05\/deluxe-30-thumbnailfeature1.webp)\">\n                <\/div>\n<\/p><\/div>\n<div class=\"row\">\n<div class=\"col-md-6 mb-4 content\">\n                    <span class=\"d-block h5 text-color-brand mb-1\">H\u00f3lemez t\u00e1rol\u00e1sa<\/span><\/p>\n<p>A 41 cm (16&#8243;) lemez kiv\u00e1l\u00f3 man\u0151verezhet\u0151s\u00e9get \u00e9s optim\u00e1lis tapad\u00e1st biztos\u00edt, \u00edgy jobb teljes\u00edtm\u00e9nyt ny\u00fajt cs\u00fasz\u00f3s fel\u00fcleteken.<\/p>\n<\/p><\/div>\n<div class=\"col-md-6 mb4 image\"  style=\"background-image:url(https:\/\/www.ariens.eu\/hu\/wp-content\/uploads\/sites\/20\/2024\/05\/deluxe-30-thumbnailfeature2.webp)\">\n                <\/div>\n<\/p><\/div>\n<div class=\"row\">\n<div class=\"col-md-6 mb-4 content\">\n                    <span class=\"d-block h5 text-color-brand mb-1\">Robusztus ac\u00e9lszerkezet<\/span><\/p>\n<p>A korm\u00e1ny, a m\u0171szerfal, a h\u00e1z, a t\u00f6bbir\u00e1ny\u00fa cs\u0151 \u00e9s m\u00e9g a s\u00edkl\u00e9c is 100%-ban ac\u00e9lb\u00f3l k\u00e9sz\u00fcl.<\/p>\n<\/p><\/div>\n<div class=\"col-md-6 mb4 image\"  style=\"background-image:url(https:\/\/www.ariens.eu\/hu\/wp-content\/uploads\/sites\/20\/2024\/05\/deluxe-30-thumbnailfeature3.webp)\">\n                <\/div>\n<\/p><\/div>\n<\/p><\/div>\n<\/div><\/div>\n<div class='col-lg'>                    <\/div>\n<\/p><\/div>\n<\/div>\n<\/div>\n","protected":false},"excerpt":{"rendered":"<p>Egyenes, hat\u00e9kony teljes\u00edtm\u00e9ny kifog\u00e1stalan m\u0171k\u00f6d\u00e9shez. A bestseller\u00fcnk. Sok k\u00e9nyelem \u00e9s er\u0151 a h\u00f3takar\u00edt\u00e1s sor\u00e1n. Nem csoda, hogy a DELUXE sorozat folyamatosan a bestsellereink k\u00f6z\u00e9 tartozik. Hiszen folyamatosan lek\u00fczdi a telet. K\u00f6nnyen ir\u00e1ny\u00edthat\u00f3ak \u00e9s kezelhet\u0151k a standard Auto-Turn\u2122 korm\u00e1nyrendszerrel. T\u00f6bb m\u00e9ret \u00e9s az Ariens AX motorok er\u0151teljes v\u00e1laszt\u00e9ka k\u00f6z\u00f6tt k\u00f6nnyen megtal\u00e1lhat\u00f3 a megfelel\u0151 Sno-Thro&reg; az ingatlanodhoz. [&hellip;]<\/p>\n","protected":false},"featured_media":2686,"comment_status":"open","ping_status":"closed","template":"","meta":{"_acf_changed":false,"_relevanssi_hide_post":"","_relevanssi_hide_content":"","_relevanssi_pin_for_all":"","_relevanssi_pin_keywords":"","_relevanssi_unpin_keywords":"","_relevanssi_related_keywords":"","_relevanssi_related_include_ids":"","_relevanssi_related_exclude_ids":"","_relevanssi_related_no_append":"","_relevanssi_related_not_related":"","_relevanssi_related_posts":"","_relevanssi_noindex_reason":""},"product_brand":[],"product_cat":[15],"product_tag":[],"class_list":{"0":"post-2310","1":"product","2":"type-product","3":"status-publish","4":"has-post-thumbnail","6":"product_variant-deluxe-series","7":"product_usage_areas-municipalities-building-yards","8":"product_usage_areas-winter-service","10":"first","11":"instock","12":"shipping-taxable","13":"product-type-simple"},"acf":[],"yoast_head":"<!-- This site is optimized with the Yoast SEO plugin v27.3 - https:\/\/yoast.com\/product\/yoast-seo-wordpress\/ -->\n<title>DELUXE 24 - Snow blower | Ariens<\/title>\n<meta name=\"description\" content=\"Full control, full performance and plenty of power. The DELUXE 24 snow blower handle a lot of snow with ease.\" \/>\n<meta name=\"robots\" content=\"noindex, follow, max-snippet:-1, max-image-preview:large, max-video-preview:-1\" \/>\n<meta property=\"og:locale\" content=\"hu_HU\" \/>\n<meta property=\"og:type\" content=\"article\" \/>\n<meta property=\"og:title\" content=\"DELUXE 24 - Snow blower | Ariens\" \/>\n<meta property=\"og:description\" content=\"Full control, full performance and plenty of power. The DELUXE 24 snow blower handle a lot of snow with ease.\" \/>\n<meta property=\"og:url\" content=\"https:\/\/www.ariens.eu\/hu\/product\/snow-blowers\/deluxe-series\/deluxe-24\/\" \/>\n<meta property=\"og:site_name\" content=\"Ariens | EMEAA\" \/>\n<meta property=\"article:modified_time\" content=\"2026-05-05T10:54:35+00:00\" \/>\n<meta property=\"og:image\" content=\"https:\/\/www.ariens.eu\/hu\/wp-content\/uploads\/sites\/20\/2024\/05\/ariens-deluxe-24-snow-thrower-angle-view-front.webp\" \/>\n\t<meta property=\"og:image:width\" content=\"900\" \/>\n\t<meta property=\"og:image:height\" content=\"650\" \/>\n\t<meta property=\"og:image:type\" content=\"image\/webp\" \/>\n<meta name=\"twitter:card\" content=\"summary_large_image\" \/>\n<meta name=\"twitter:label1\" content=\"Becs\u00fclt olvas\u00e1si id\u0151\" \/>\n\t<meta name=\"twitter:data1\" content=\"2 perc\" \/>\n<script type=\"application\/ld+json\" class=\"yoast-schema-graph\">{\"@context\":\"https:\\\/\\\/schema.org\",\"@graph\":[{\"@type\":\"WebPage\",\"@id\":\"https:\\\/\\\/www.ariens.eu\\\/hu\\\/product\\\/snow-blowers\\\/deluxe-series\\\/deluxe-24\\\/\",\"url\":\"https:\\\/\\\/www.ariens.eu\\\/hu\\\/product\\\/snow-blowers\\\/deluxe-series\\\/deluxe-24\\\/\",\"name\":\"DELUXE 24 - Snow blower | Ariens\",\"isPartOf\":{\"@id\":\"https:\\\/\\\/www.ariens.eu\\\/hu\\\/#website\"},\"primaryImageOfPage\":{\"@id\":\"https:\\\/\\\/www.ariens.eu\\\/hu\\\/product\\\/snow-blowers\\\/deluxe-series\\\/deluxe-24\\\/#primaryimage\"},\"image\":{\"@id\":\"https:\\\/\\\/www.ariens.eu\\\/hu\\\/product\\\/snow-blowers\\\/deluxe-series\\\/deluxe-24\\\/#primaryimage\"},\"thumbnailUrl\":\"https:\\\/\\\/www.ariens.eu\\\/hu\\\/wp-content\\\/uploads\\\/sites\\\/20\\\/2024\\\/05\\\/ariens-deluxe-24-snow-thrower-angle-view-front.webp\",\"datePublished\":\"2024-05-10T10:04:36+00:00\",\"dateModified\":\"2026-05-05T10:54:35+00:00\",\"description\":\"Full control, full performance and plenty of power. The DELUXE 24 snow blower handle a lot of snow with ease.\",\"breadcrumb\":{\"@id\":\"https:\\\/\\\/www.ariens.eu\\\/hu\\\/product\\\/snow-blowers\\\/deluxe-series\\\/deluxe-24\\\/#breadcrumb\"},\"inLanguage\":\"hu\",\"potentialAction\":[{\"@type\":\"ReadAction\",\"target\":[\"https:\\\/\\\/www.ariens.eu\\\/hu\\\/product\\\/snow-blowers\\\/deluxe-series\\\/deluxe-24\\\/\"]}]},{\"@type\":\"ImageObject\",\"inLanguage\":\"hu\",\"@id\":\"https:\\\/\\\/www.ariens.eu\\\/hu\\\/product\\\/snow-blowers\\\/deluxe-series\\\/deluxe-24\\\/#primaryimage\",\"url\":\"https:\\\/\\\/www.ariens.eu\\\/hu\\\/wp-content\\\/uploads\\\/sites\\\/20\\\/2024\\\/05\\\/ariens-deluxe-24-snow-thrower-angle-view-front.webp\",\"contentUrl\":\"https:\\\/\\\/www.ariens.eu\\\/hu\\\/wp-content\\\/uploads\\\/sites\\\/20\\\/2024\\\/05\\\/ariens-deluxe-24-snow-thrower-angle-view-front.webp\",\"width\":900,\"height\":650},{\"@type\":\"BreadcrumbList\",\"@id\":\"https:\\\/\\\/www.ariens.eu\\\/hu\\\/product\\\/snow-blowers\\\/deluxe-series\\\/deluxe-24\\\/#breadcrumb\",\"itemListElement\":[{\"@type\":\"ListItem\",\"position\":1,\"name\":\"Home\",\"item\":\"https:\\\/\\\/www.ariens.eu\\\/hu\\\/\"},{\"@type\":\"ListItem\",\"position\":2,\"name\":\"Shop\",\"item\":\"https:\\\/\\\/www.ariens.eu\\\/hu\\\/shop\\\/\"},{\"@type\":\"ListItem\",\"position\":3,\"name\":\"DELUXE 24\"}]},{\"@type\":\"WebSite\",\"@id\":\"https:\\\/\\\/www.ariens.eu\\\/hu\\\/#website\",\"url\":\"https:\\\/\\\/www.ariens.eu\\\/hu\\\/\",\"name\":\"Ariens | EMEAA\",\"description\":\"Powerful and reliable zero-turn mowers &amp; snow blowers for professional users and demanding private customers\",\"publisher\":{\"@id\":\"https:\\\/\\\/www.ariens.eu\\\/hu\\\/#organization\"},\"potentialAction\":[{\"@type\":\"SearchAction\",\"target\":{\"@type\":\"EntryPoint\",\"urlTemplate\":\"https:\\\/\\\/www.ariens.eu\\\/hu\\\/?s={search_term_string}\"},\"query-input\":{\"@type\":\"PropertyValueSpecification\",\"valueRequired\":true,\"valueName\":\"search_term_string\"}}],\"inLanguage\":\"hu\"},{\"@type\":\"Organization\",\"@id\":\"https:\\\/\\\/www.ariens.eu\\\/hu\\\/#organization\",\"name\":\"AriensCo GmbH\",\"url\":\"https:\\\/\\\/www.ariens.eu\\\/hu\\\/\",\"logo\":{\"@type\":\"ImageObject\",\"inLanguage\":\"hu\",\"@id\":\"https:\\\/\\\/www.ariens.eu\\\/hu\\\/#\\\/schema\\\/logo\\\/image\\\/\",\"url\":\"https:\\\/\\\/www.ariens.eu\\\/wp-content\\\/uploads\\\/2024\\\/11\\\/ariens-co-logo.jpg\",\"contentUrl\":\"https:\\\/\\\/www.ariens.eu\\\/wp-content\\\/uploads\\\/2024\\\/11\\\/ariens-co-logo.jpg\",\"width\":1000,\"height\":1000,\"caption\":\"AriensCo GmbH\"},\"image\":{\"@id\":\"https:\\\/\\\/www.ariens.eu\\\/hu\\\/#\\\/schema\\\/logo\\\/image\\\/\"}}]}<\/script>\n<!-- \/ Yoast SEO plugin. -->","yoast_head_json":{"title":"DELUXE 24 - Snow blower | Ariens","description":"Full control, full performance and plenty of power. The DELUXE 24 snow blower handle a lot of snow with ease.","robots":{"index":"noindex","follow":"follow","max-snippet":"max-snippet:-1","max-image-preview":"max-image-preview:large","max-video-preview":"max-video-preview:-1"},"og_locale":"hu_HU","og_type":"article","og_title":"DELUXE 24 - Snow blower | Ariens","og_description":"Full control, full performance and plenty of power. The DELUXE 24 snow blower handle a lot of snow with ease.","og_url":"https:\/\/www.ariens.eu\/hu\/product\/snow-blowers\/deluxe-series\/deluxe-24\/","og_site_name":"Ariens | EMEAA","article_modified_time":"2026-05-05T10:54:35+00:00","og_image":[{"width":900,"height":650,"url":"https:\/\/www.ariens.eu\/hu\/wp-content\/uploads\/sites\/20\/2024\/05\/ariens-deluxe-24-snow-thrower-angle-view-front.webp","type":"image\/webp"}],"twitter_card":"summary_large_image","twitter_misc":{"Becs\u00fclt olvas\u00e1si id\u0151":"2 perc"},"schema":{"@context":"https:\/\/schema.org","@graph":[{"@type":"WebPage","@id":"https:\/\/www.ariens.eu\/hu\/product\/snow-blowers\/deluxe-series\/deluxe-24\/","url":"https:\/\/www.ariens.eu\/hu\/product\/snow-blowers\/deluxe-series\/deluxe-24\/","name":"DELUXE 24 - Snow blower | Ariens","isPartOf":{"@id":"https:\/\/www.ariens.eu\/hu\/#website"},"primaryImageOfPage":{"@id":"https:\/\/www.ariens.eu\/hu\/product\/snow-blowers\/deluxe-series\/deluxe-24\/#primaryimage"},"image":{"@id":"https:\/\/www.ariens.eu\/hu\/product\/snow-blowers\/deluxe-series\/deluxe-24\/#primaryimage"},"thumbnailUrl":"https:\/\/www.ariens.eu\/hu\/wp-content\/uploads\/sites\/20\/2024\/05\/ariens-deluxe-24-snow-thrower-angle-view-front.webp","datePublished":"2024-05-10T10:04:36+00:00","dateModified":"2026-05-05T10:54:35+00:00","description":"Full control, full performance and plenty of power. The DELUXE 24 snow blower handle a lot of snow with ease.","breadcrumb":{"@id":"https:\/\/www.ariens.eu\/hu\/product\/snow-blowers\/deluxe-series\/deluxe-24\/#breadcrumb"},"inLanguage":"hu","potentialAction":[{"@type":"ReadAction","target":["https:\/\/www.ariens.eu\/hu\/product\/snow-blowers\/deluxe-series\/deluxe-24\/"]}]},{"@type":"ImageObject","inLanguage":"hu","@id":"https:\/\/www.ariens.eu\/hu\/product\/snow-blowers\/deluxe-series\/deluxe-24\/#primaryimage","url":"https:\/\/www.ariens.eu\/hu\/wp-content\/uploads\/sites\/20\/2024\/05\/ariens-deluxe-24-snow-thrower-angle-view-front.webp","contentUrl":"https:\/\/www.ariens.eu\/hu\/wp-content\/uploads\/sites\/20\/2024\/05\/ariens-deluxe-24-snow-thrower-angle-view-front.webp","width":900,"height":650},{"@type":"BreadcrumbList","@id":"https:\/\/www.ariens.eu\/hu\/product\/snow-blowers\/deluxe-series\/deluxe-24\/#breadcrumb","itemListElement":[{"@type":"ListItem","position":1,"name":"Home","item":"https:\/\/www.ariens.eu\/hu\/"},{"@type":"ListItem","position":2,"name":"Shop","item":"https:\/\/www.ariens.eu\/hu\/shop\/"},{"@type":"ListItem","position":3,"name":"DELUXE 24"}]},{"@type":"WebSite","@id":"https:\/\/www.ariens.eu\/hu\/#website","url":"https:\/\/www.ariens.eu\/hu\/","name":"Ariens | EMEAA","description":"Powerful and reliable zero-turn mowers &amp; snow blowers for professional users and demanding private customers","publisher":{"@id":"https:\/\/www.ariens.eu\/hu\/#organization"},"potentialAction":[{"@type":"SearchAction","target":{"@type":"EntryPoint","urlTemplate":"https:\/\/www.ariens.eu\/hu\/?s={search_term_string}"},"query-input":{"@type":"PropertyValueSpecification","valueRequired":true,"valueName":"search_term_string"}}],"inLanguage":"hu"},{"@type":"Organization","@id":"https:\/\/www.ariens.eu\/hu\/#organization","name":"AriensCo GmbH","url":"https:\/\/www.ariens.eu\/hu\/","logo":{"@type":"ImageObject","inLanguage":"hu","@id":"https:\/\/www.ariens.eu\/hu\/#\/schema\/logo\/image\/","url":"https:\/\/www.ariens.eu\/wp-content\/uploads\/2024\/11\/ariens-co-logo.jpg","contentUrl":"https:\/\/www.ariens.eu\/wp-content\/uploads\/2024\/11\/ariens-co-logo.jpg","width":1000,"height":1000,"caption":"AriensCo GmbH"},"image":{"@id":"https:\/\/www.ariens.eu\/hu\/#\/schema\/logo\/image\/"}}]}},"_links":{"self":[{"href":"https:\/\/www.ariens.eu\/hu\/wp-json\/wp\/v2\/product\/2310","targetHints":{"allow":["GET"]}}],"collection":[{"href":"https:\/\/www.ariens.eu\/hu\/wp-json\/wp\/v2\/product"}],"about":[{"href":"https:\/\/www.ariens.eu\/hu\/wp-json\/wp\/v2\/types\/product"}],"replies":[{"embeddable":true,"href":"https:\/\/www.ariens.eu\/hu\/wp-json\/wp\/v2\/comments?post=2310"}],"wp:featuredmedia":[{"embeddable":true,"href":"https:\/\/www.ariens.eu\/hu\/wp-json\/wp\/v2\/media\/2686"}],"wp:attachment":[{"href":"https:\/\/www.ariens.eu\/hu\/wp-json\/wp\/v2\/media?parent=2310"}],"wp:term":[{"taxonomy":"product_brand","embeddable":true,"href":"https:\/\/www.ariens.eu\/hu\/wp-json\/wp\/v2\/product_brand?post=2310"},{"taxonomy":"product_cat","embeddable":true,"href":"https:\/\/www.ariens.eu\/hu\/wp-json\/wp\/v2\/product_cat?post=2310"},{"taxonomy":"product_tag","embeddable":true,"href":"https:\/\/www.ariens.eu\/hu\/wp-json\/wp\/v2\/product_tag?post=2310"}],"curies":[{"name":"wp","href":"https:\/\/api.w.org\/{rel}","templated":true}]}}