{"id":2315,"date":"2024-05-10T11:04:36","date_gmt":"2024-05-10T10:04:36","guid":{"rendered":"https:\/\/www.ariens.eu\/product\/classic-24\/"},"modified":"2026-05-05T11:54:36","modified_gmt":"2026-05-05T10:54:36","slug":"classic-24","status":"publish","type":"product","link":"https:\/\/www.ariens.eu\/hu\/product\/snow-blowers\/classic-series\/classic-24","title":{"rendered":"CLASSIC 24"},"content":{"rendered":"<div class=\"acfd-block acfd-block__twocolumns mb-asm-1 container-fluid px-0 bg-default\">\n<div class=\"acfd-twocolumns\">\n<div class=\"row\">\n<div class='col-lg-9 mb-4 '>\n<div class=\"acfd-block acfd-block__headline container-fluid px-0 bg-default\">\n<div class=\"acfd-headline\" >\n<h2 class='h2 text-left li_black'>Egyszer\u0171 \u00e9s robusztus. Sok t\u00e9lre \u00e9s az \u00d6n ingatlan\u00e1ra k\u00e9sz\u00fcl.<\/h2>\n<\/p><\/div>\n<\/div><\/div>\n<div class='col-lg'>                    <\/div>\n<\/p><\/div>\n<\/div>\n<\/div>\n<div class=\"acfd-block acfd-block__twocolumns mb-asm-2 container-fluid px-0 bg-default\">\n<div class=\"acfd-twocolumns\">\n<div class=\"row\">\n<div class='col-lg-9 mb-4 '>\n<div class=\"acfd-block acfd-block__text container-fluid px-0 bg-default\">\n<div class=\"acfd-text li_black\">\n<p>A el\u0151rejelz\u00e9s semmit nem mutat, amit ne tudna kezelni.<\/p>\n<p>Teljes ac\u00e9l szerkezet, m\u00e9gis k\u00f6nny\u0171 \u00e9s k\u00f6nnyen kezelhet\u0151, ez a g\u00e9p komoly h\u00f3takar\u00edt\u00e1sra k\u00e9sz\u00fclt. Az egym\u00e1sba kapcsol\u00f3d\u00f3 karok lehet\u0151v\u00e9 teszik az egykezes m\u0171k\u00f6d\u00e9st a h\u00f3vet\u00e9s \u00e9s a vezet\u00e9s sor\u00e1n, m\u00edg a f\u0171r\u00e9szes ac\u00e9l csavar gyorsan megbirk\u00f3zik azzal, amit az anya term\u00e9szet kioszt.<\/p>\n<p>A CLASSIC 24 olyan robusztusan \u00e9p\u00fclt meg, hogy \u00e9vekig biztos\u00edt majd szolg\u00e1latot.<\/p>\n<ul>\n<li>Takar\u00edt\u00e1si sz\u00e9less\u00e9g 60 cm (24&#8243;)<\/li>\n<li>Teljes\u00edtm\u00e9nyes 208 cm\u00b3 Ariens motor<\/li>\n<li>230 V-os elektromos ind\u00edt\u00e1s \u00e9s h\u00faz\u00f3ind\u00edt\u00e1s alapfelszerelts\u00e9gk\u00e9nt<\/li>\n<li>Maxim\u00e1lis kapacit\u00e1s: 52 tonna \u00f3r\u00e1nk\u00e9nt<\/li>\n<li>A felhaszn\u00e1l\u00f3bar\u00e1t diz\u00e1jn lehet\u0151v\u00e9 teszi, hogy a vezet\u0151 k\u00e9nyelmesen \u00e9s k\u00f6nnyed\u00e9n kezelje a g\u00e9pet egy k\u00e9zzel<\/li>\n<li>Kerek meghajt\u00e1s differenci\u00e1l n\u00e9lk\u00fcl, az egyik ker\u00e9k ki kapcsolhat\u00f3 egy biztons\u00e1gi dug\u00f3val<\/li>\n<\/ul>\n<\/div>\n<\/div><\/div>\n<div class='col-lg'>                    <\/div>\n<\/p><\/div>\n<\/div>\n<\/div>\n<div class=\"acfd-block acfd-block__twocolumns mb-asm-2 container-fluid container-fluid--force px-0 bg-default\">\n<div class=\"acfd-twocolumns\">\n<div class=\"row\">\n<div class='col-lg-12 mb-4 '>\n<div class=\"acfd-product-advantages--wrapper\">\n<h2 class=\"h1 bigger text-color-black text-center mb-5\">\n        Features &#038; Benefits    <\/h2>\n<div class=\"acfd-product-advantages\">\n<div class=\"row\">\n<div class=\"col-md-6 mb-4 content\">\n                    <span class=\"d-block h5 text-color-brand mb-1\">Teljes ac\u00e9lszerkezet<\/span><\/p>\n<p>A korm\u00e1nyt\u00f3l a h\u00e1zig, bele\u00e9rtve a fogazott csig\u00e1t is, a Classic robusztus, teljes ac\u00e9lszerkezete \u00e9vtizedekig tart\u00f3 haszn\u00e1latra k\u00e9sz\u00fclt.\u200b<\/p>\n<\/p><\/div>\n<div class=\"col-md-6 mb4 image\"  style=\"background-image:url(https:\/\/www.ariens.eu\/hu\/wp-content\/uploads\/sites\/20\/2024\/05\/all-steal-construction.webp)\">\n                <\/div>\n<\/p><\/div>\n<div class=\"row\">\n<div class=\"col-md-6 mb-4 content\">\n                    <span class=\"d-block h5 text-color-brand mb-1\">Term\u00e9k garancia<\/span><\/p>\n<p>H\u00e1rom \u00e9v lakoss\u00e1gi \u00e9s 90 nap kereskedelmi garancia. Az Ariens gondoskodik \u00d6nr\u0151l.<\/p>\n<\/p><\/div>\n<div class=\"col-md-6 mb4 image\"  style=\"background-image:url(https:\/\/www.ariens.eu\/hu\/wp-content\/uploads\/sites\/20\/2024\/05\/warranty.webp)\">\n                <\/div>\n<\/p><\/div>\n<div class=\"row\">\n<div class=\"col-md-6 mb-4 content\">\n                    <span class=\"d-block h5 text-color-brand mb-1\">T\u00e1vvez\u00e9relhet\u0151 cs\u0151 \u00e9s sapka<\/span><\/p>\n<p>A 2,5-szeres gyorsfordulatos cs\u0151 \u00e9s 205\u00b0-os forgat\u00e1s a h\u00f3 hely\u00e9re rakja.<\/p>\n<\/p><\/div>\n<div class=\"col-md-6 mb4 image\"  style=\"background-image:url(https:\/\/www.ariens.eu\/hu\/wp-content\/uploads\/sites\/20\/2024\/05\/remote-chute-cap.webp)\">\n                <\/div>\n<\/p><\/div>\n<div class=\"row\">\n<div class=\"col-md-6 mb-4 content\">\n                    <span class=\"d-block h5 text-color-brand mb-1\">Ariens AX 208cc motor<\/span><\/p>\n<p>Er\u0151s \u00e9s hat\u00e9kony, az Ariens 9,5 l\u00e1bfontos nyomat\u00e9ka k\u00f6nnyed\u00e9n mozgatja a havat.<\/p>\n<\/p><\/div>\n<div class=\"col-md-6 mb4 image\"  style=\"background-image:url(https:\/\/www.ariens.eu\/hu\/wp-content\/uploads\/sites\/20\/2024\/05\/quick-turn-chute.png)\">\n                <\/div>\n<\/p><\/div>\n<div class=\"row\">\n<div class=\"col-md-6 mb-4 content\">\n                    <span class=\"d-block h5 text-color-brand mb-1\">Elektromos ind\u00edt\u00e1s<\/span><\/p>\n<p>Gombnyom\u00e1sra t\u00f6rt\u00e9n\u0151 ind\u00edt\u00e1s a gyors \u00e9s k\u00f6nny\u0171 haszn\u00e1lat \u00e9rdek\u00e9ben, m\u00e9g a legsz\u00e9ls\u0151s\u00e9gesebb h\u0151m\u00e9rs\u00e9kleti k\u00f6r\u00fclm\u00e9nyek k\u00f6z\u00f6tt is.<\/p>\n<\/p><\/div>\n<div class=\"col-md-6 mb4 image\"  style=\"background-image:url(https:\/\/www.ariens.eu\/hu\/wp-content\/uploads\/sites\/20\/2024\/05\/electric-start.webp)\">\n                <\/div>\n<\/p><\/div>\n<\/p><\/div>\n<\/div><\/div>\n<div class='col-lg'>                    <\/div>\n<\/p><\/div>\n<\/div>\n<\/div>\n","protected":false},"excerpt":{"rendered":"<p>Egyszer\u0171 \u00e9s robusztus. Sok t\u00e9lre \u00e9s az \u00d6n ingatlan\u00e1ra k\u00e9sz\u00fcl. A el\u0151rejelz\u00e9s semmit nem mutat, amit ne tudna kezelni. Teljes ac\u00e9l szerkezet, m\u00e9gis k\u00f6nny\u0171 \u00e9s k\u00f6nnyen kezelhet\u0151, ez a g\u00e9p komoly h\u00f3takar\u00edt\u00e1sra k\u00e9sz\u00fclt. Az egym\u00e1sba kapcsol\u00f3d\u00f3 karok lehet\u0151v\u00e9 teszik az egykezes m\u0171k\u00f6d\u00e9st a h\u00f3vet\u00e9s \u00e9s a vezet\u00e9s sor\u00e1n, m\u00edg a f\u0171r\u00e9szes ac\u00e9l csavar gyorsan megbirk\u00f3zik [&hellip;]<\/p>\n","protected":false},"featured_media":2677,"comment_status":"open","ping_status":"closed","template":"","meta":{"_acf_changed":false,"_relevanssi_hide_post":"","_relevanssi_hide_content":"","_relevanssi_pin_for_all":"","_relevanssi_pin_keywords":"","_relevanssi_unpin_keywords":"","_relevanssi_related_keywords":"","_relevanssi_related_include_ids":"","_relevanssi_related_exclude_ids":"","_relevanssi_related_no_append":"","_relevanssi_related_not_related":"","_relevanssi_related_posts":"","_relevanssi_noindex_reason":""},"product_brand":[],"product_cat":[15],"product_tag":[],"class_list":{"0":"post-2315","1":"product","2":"type-product","3":"status-publish","4":"has-post-thumbnail","6":"product_variant-classic-series","7":"product_usage_areas-municipalities-building-yards","8":"product_usage_areas-winter-service","10":"first","11":"instock","12":"shipping-taxable","13":"product-type-simple"},"acf":[],"yoast_head":"<!-- This site is optimized with the Yoast SEO plugin v27.3 - https:\/\/yoast.com\/product\/yoast-seo-wordpress\/ -->\n<title>Ariens CLASSIC 24 Snow Blower<\/title>\n<meta name=\"description\" content=\"Ariens CLASSIC 24 snow blower with 208cc engine, 60cm clearing width, and durable steel construction delivers powerful, reliable snow removal.\" \/>\n<meta name=\"robots\" content=\"noindex, follow, max-snippet:-1, max-image-preview:large, max-video-preview:-1\" \/>\n<meta property=\"og:locale\" content=\"hu_HU\" \/>\n<meta property=\"og:type\" content=\"article\" \/>\n<meta property=\"og:title\" content=\"Ariens CLASSIC 24 Snow Blower\" \/>\n<meta property=\"og:description\" content=\"Ariens CLASSIC 24 snow blower with 208cc engine, 60cm clearing width, and durable steel construction delivers powerful, reliable snow removal.\" \/>\n<meta property=\"og:url\" content=\"https:\/\/www.ariens.eu\/hu\/product\/snow-blowers\/classic-series\/classic-24\/\" \/>\n<meta property=\"og:site_name\" content=\"Ariens | EMEAA\" \/>\n<meta property=\"article:modified_time\" content=\"2026-05-05T10:54:36+00:00\" \/>\n<meta property=\"og:image\" content=\"https:\/\/www.ariens.eu\/hu\/wp-content\/uploads\/sites\/20\/2024\/05\/ariens-classic-24_front-3-4.webp\" \/>\n\t<meta property=\"og:image:width\" content=\"900\" \/>\n\t<meta property=\"og:image:height\" content=\"650\" \/>\n\t<meta property=\"og:image:type\" content=\"image\/webp\" \/>\n<meta name=\"twitter:card\" content=\"summary_large_image\" \/>\n<meta name=\"twitter:label1\" content=\"Becs\u00fclt olvas\u00e1si id\u0151\" \/>\n\t<meta name=\"twitter:data1\" content=\"2 perc\" \/>\n<script type=\"application\/ld+json\" class=\"yoast-schema-graph\">{\"@context\":\"https:\\\/\\\/schema.org\",\"@graph\":[{\"@type\":\"WebPage\",\"@id\":\"https:\\\/\\\/www.ariens.eu\\\/hu\\\/product\\\/snow-blowers\\\/classic-series\\\/classic-24\\\/\",\"url\":\"https:\\\/\\\/www.ariens.eu\\\/hu\\\/product\\\/snow-blowers\\\/classic-series\\\/classic-24\\\/\",\"name\":\"Ariens CLASSIC 24 Snow Blower\",\"isPartOf\":{\"@id\":\"https:\\\/\\\/www.ariens.eu\\\/hu\\\/#website\"},\"primaryImageOfPage\":{\"@id\":\"https:\\\/\\\/www.ariens.eu\\\/hu\\\/product\\\/snow-blowers\\\/classic-series\\\/classic-24\\\/#primaryimage\"},\"image\":{\"@id\":\"https:\\\/\\\/www.ariens.eu\\\/hu\\\/product\\\/snow-blowers\\\/classic-series\\\/classic-24\\\/#primaryimage\"},\"thumbnailUrl\":\"https:\\\/\\\/www.ariens.eu\\\/hu\\\/wp-content\\\/uploads\\\/sites\\\/20\\\/2024\\\/05\\\/ariens-classic-24_front-3-4.webp\",\"datePublished\":\"2024-05-10T10:04:36+00:00\",\"dateModified\":\"2026-05-05T10:54:36+00:00\",\"description\":\"Ariens CLASSIC 24 snow blower with 208cc engine, 60cm clearing width, and durable steel construction delivers powerful, reliable snow removal.\",\"breadcrumb\":{\"@id\":\"https:\\\/\\\/www.ariens.eu\\\/hu\\\/product\\\/snow-blowers\\\/classic-series\\\/classic-24\\\/#breadcrumb\"},\"inLanguage\":\"hu\",\"potentialAction\":[{\"@type\":\"ReadAction\",\"target\":[\"https:\\\/\\\/www.ariens.eu\\\/hu\\\/product\\\/snow-blowers\\\/classic-series\\\/classic-24\\\/\"]}]},{\"@type\":\"ImageObject\",\"inLanguage\":\"hu\",\"@id\":\"https:\\\/\\\/www.ariens.eu\\\/hu\\\/product\\\/snow-blowers\\\/classic-series\\\/classic-24\\\/#primaryimage\",\"url\":\"https:\\\/\\\/www.ariens.eu\\\/hu\\\/wp-content\\\/uploads\\\/sites\\\/20\\\/2024\\\/05\\\/ariens-classic-24_front-3-4.webp\",\"contentUrl\":\"https:\\\/\\\/www.ariens.eu\\\/hu\\\/wp-content\\\/uploads\\\/sites\\\/20\\\/2024\\\/05\\\/ariens-classic-24_front-3-4.webp\",\"width\":900,\"height\":650},{\"@type\":\"BreadcrumbList\",\"@id\":\"https:\\\/\\\/www.ariens.eu\\\/hu\\\/product\\\/snow-blowers\\\/classic-series\\\/classic-24\\\/#breadcrumb\",\"itemListElement\":[{\"@type\":\"ListItem\",\"position\":1,\"name\":\"Home\",\"item\":\"https:\\\/\\\/www.ariens.eu\\\/hu\\\/\"},{\"@type\":\"ListItem\",\"position\":2,\"name\":\"Shop\",\"item\":\"https:\\\/\\\/www.ariens.eu\\\/hu\\\/shop\\\/\"},{\"@type\":\"ListItem\",\"position\":3,\"name\":\"CLASSIC 24\"}]},{\"@type\":\"WebSite\",\"@id\":\"https:\\\/\\\/www.ariens.eu\\\/hu\\\/#website\",\"url\":\"https:\\\/\\\/www.ariens.eu\\\/hu\\\/\",\"name\":\"Ariens | EMEAA\",\"description\":\"Powerful and reliable zero-turn mowers &amp; snow blowers for professional users and demanding private customers\",\"publisher\":{\"@id\":\"https:\\\/\\\/www.ariens.eu\\\/hu\\\/#organization\"},\"potentialAction\":[{\"@type\":\"SearchAction\",\"target\":{\"@type\":\"EntryPoint\",\"urlTemplate\":\"https:\\\/\\\/www.ariens.eu\\\/hu\\\/?s={search_term_string}\"},\"query-input\":{\"@type\":\"PropertyValueSpecification\",\"valueRequired\":true,\"valueName\":\"search_term_string\"}}],\"inLanguage\":\"hu\"},{\"@type\":\"Organization\",\"@id\":\"https:\\\/\\\/www.ariens.eu\\\/hu\\\/#organization\",\"name\":\"AriensCo GmbH\",\"url\":\"https:\\\/\\\/www.ariens.eu\\\/hu\\\/\",\"logo\":{\"@type\":\"ImageObject\",\"inLanguage\":\"hu\",\"@id\":\"https:\\\/\\\/www.ariens.eu\\\/hu\\\/#\\\/schema\\\/logo\\\/image\\\/\",\"url\":\"https:\\\/\\\/www.ariens.eu\\\/wp-content\\\/uploads\\\/2024\\\/11\\\/ariens-co-logo.jpg\",\"contentUrl\":\"https:\\\/\\\/www.ariens.eu\\\/wp-content\\\/uploads\\\/2024\\\/11\\\/ariens-co-logo.jpg\",\"width\":1000,\"height\":1000,\"caption\":\"AriensCo GmbH\"},\"image\":{\"@id\":\"https:\\\/\\\/www.ariens.eu\\\/hu\\\/#\\\/schema\\\/logo\\\/image\\\/\"}}]}<\/script>\n<!-- \/ Yoast SEO plugin. -->","yoast_head_json":{"title":"Ariens CLASSIC 24 Snow Blower","description":"Ariens CLASSIC 24 snow blower with 208cc engine, 60cm clearing width, and durable steel construction delivers powerful, reliable snow removal.","robots":{"index":"noindex","follow":"follow","max-snippet":"max-snippet:-1","max-image-preview":"max-image-preview:large","max-video-preview":"max-video-preview:-1"},"og_locale":"hu_HU","og_type":"article","og_title":"Ariens CLASSIC 24 Snow Blower","og_description":"Ariens CLASSIC 24 snow blower with 208cc engine, 60cm clearing width, and durable steel construction delivers powerful, reliable snow removal.","og_url":"https:\/\/www.ariens.eu\/hu\/product\/snow-blowers\/classic-series\/classic-24\/","og_site_name":"Ariens | EMEAA","article_modified_time":"2026-05-05T10:54:36+00:00","og_image":[{"width":900,"height":650,"url":"https:\/\/www.ariens.eu\/hu\/wp-content\/uploads\/sites\/20\/2024\/05\/ariens-classic-24_front-3-4.webp","type":"image\/webp"}],"twitter_card":"summary_large_image","twitter_misc":{"Becs\u00fclt olvas\u00e1si id\u0151":"2 perc"},"schema":{"@context":"https:\/\/schema.org","@graph":[{"@type":"WebPage","@id":"https:\/\/www.ariens.eu\/hu\/product\/snow-blowers\/classic-series\/classic-24\/","url":"https:\/\/www.ariens.eu\/hu\/product\/snow-blowers\/classic-series\/classic-24\/","name":"Ariens CLASSIC 24 Snow Blower","isPartOf":{"@id":"https:\/\/www.ariens.eu\/hu\/#website"},"primaryImageOfPage":{"@id":"https:\/\/www.ariens.eu\/hu\/product\/snow-blowers\/classic-series\/classic-24\/#primaryimage"},"image":{"@id":"https:\/\/www.ariens.eu\/hu\/product\/snow-blowers\/classic-series\/classic-24\/#primaryimage"},"thumbnailUrl":"https:\/\/www.ariens.eu\/hu\/wp-content\/uploads\/sites\/20\/2024\/05\/ariens-classic-24_front-3-4.webp","datePublished":"2024-05-10T10:04:36+00:00","dateModified":"2026-05-05T10:54:36+00:00","description":"Ariens CLASSIC 24 snow blower with 208cc engine, 60cm clearing width, and durable steel construction delivers powerful, reliable snow removal.","breadcrumb":{"@id":"https:\/\/www.ariens.eu\/hu\/product\/snow-blowers\/classic-series\/classic-24\/#breadcrumb"},"inLanguage":"hu","potentialAction":[{"@type":"ReadAction","target":["https:\/\/www.ariens.eu\/hu\/product\/snow-blowers\/classic-series\/classic-24\/"]}]},{"@type":"ImageObject","inLanguage":"hu","@id":"https:\/\/www.ariens.eu\/hu\/product\/snow-blowers\/classic-series\/classic-24\/#primaryimage","url":"https:\/\/www.ariens.eu\/hu\/wp-content\/uploads\/sites\/20\/2024\/05\/ariens-classic-24_front-3-4.webp","contentUrl":"https:\/\/www.ariens.eu\/hu\/wp-content\/uploads\/sites\/20\/2024\/05\/ariens-classic-24_front-3-4.webp","width":900,"height":650},{"@type":"BreadcrumbList","@id":"https:\/\/www.ariens.eu\/hu\/product\/snow-blowers\/classic-series\/classic-24\/#breadcrumb","itemListElement":[{"@type":"ListItem","position":1,"name":"Home","item":"https:\/\/www.ariens.eu\/hu\/"},{"@type":"ListItem","position":2,"name":"Shop","item":"https:\/\/www.ariens.eu\/hu\/shop\/"},{"@type":"ListItem","position":3,"name":"CLASSIC 24"}]},{"@type":"WebSite","@id":"https:\/\/www.ariens.eu\/hu\/#website","url":"https:\/\/www.ariens.eu\/hu\/","name":"Ariens | EMEAA","description":"Powerful and reliable zero-turn mowers &amp; snow blowers for professional users and demanding private customers","publisher":{"@id":"https:\/\/www.ariens.eu\/hu\/#organization"},"potentialAction":[{"@type":"SearchAction","target":{"@type":"EntryPoint","urlTemplate":"https:\/\/www.ariens.eu\/hu\/?s={search_term_string}"},"query-input":{"@type":"PropertyValueSpecification","valueRequired":true,"valueName":"search_term_string"}}],"inLanguage":"hu"},{"@type":"Organization","@id":"https:\/\/www.ariens.eu\/hu\/#organization","name":"AriensCo GmbH","url":"https:\/\/www.ariens.eu\/hu\/","logo":{"@type":"ImageObject","inLanguage":"hu","@id":"https:\/\/www.ariens.eu\/hu\/#\/schema\/logo\/image\/","url":"https:\/\/www.ariens.eu\/wp-content\/uploads\/2024\/11\/ariens-co-logo.jpg","contentUrl":"https:\/\/www.ariens.eu\/wp-content\/uploads\/2024\/11\/ariens-co-logo.jpg","width":1000,"height":1000,"caption":"AriensCo GmbH"},"image":{"@id":"https:\/\/www.ariens.eu\/hu\/#\/schema\/logo\/image\/"}}]}},"_links":{"self":[{"href":"https:\/\/www.ariens.eu\/hu\/wp-json\/wp\/v2\/product\/2315","targetHints":{"allow":["GET"]}}],"collection":[{"href":"https:\/\/www.ariens.eu\/hu\/wp-json\/wp\/v2\/product"}],"about":[{"href":"https:\/\/www.ariens.eu\/hu\/wp-json\/wp\/v2\/types\/product"}],"replies":[{"embeddable":true,"href":"https:\/\/www.ariens.eu\/hu\/wp-json\/wp\/v2\/comments?post=2315"}],"wp:featuredmedia":[{"embeddable":true,"href":"https:\/\/www.ariens.eu\/hu\/wp-json\/wp\/v2\/media\/2677"}],"wp:attachment":[{"href":"https:\/\/www.ariens.eu\/hu\/wp-json\/wp\/v2\/media?parent=2315"}],"wp:term":[{"taxonomy":"product_brand","embeddable":true,"href":"https:\/\/www.ariens.eu\/hu\/wp-json\/wp\/v2\/product_brand?post=2315"},{"taxonomy":"product_cat","embeddable":true,"href":"https:\/\/www.ariens.eu\/hu\/wp-json\/wp\/v2\/product_cat?post=2315"},{"taxonomy":"product_tag","embeddable":true,"href":"https:\/\/www.ariens.eu\/hu\/wp-json\/wp\/v2\/product_tag?post=2315"}],"curies":[{"name":"wp","href":"https:\/\/api.w.org\/{rel}","templated":true}]}}