{"id":2323,"date":"2024-05-10T11:04:36","date_gmt":"2024-05-10T10:04:36","guid":{"rendered":"https:\/\/www.ariens.eu\/product\/edge-34\/"},"modified":"2026-05-05T11:54:37","modified_gmt":"2026-05-05T10:54:37","slug":"edge-34","status":"publish","type":"product","link":"https:\/\/www.ariens.eu\/hu\/product\/zero-turn-mowers\/edge-series\/edge-34","title":{"rendered":"EDGE 34"},"content":{"rendered":"<div class=\"acfd-block acfd-block__headline mb-asm-1 container-fluid px-0 bg-default\">\n<div class=\"acfd-headline\" >\n<h2 class='h2 text-left li_black'>Hozza a gyorsas\u00e1got \u00e9s a ny\u00edr\u00e1st a kertbe<\/h2>\n<\/p><\/div>\n<\/div>\n<div class=\"acfd-block acfd-block__twocolumns mb-asm-2 container-fluid px-0 bg-default\">\n<div class=\"acfd-twocolumns\">\n<div class=\"row\">\n<div class='col-lg-9 mb-4 '>\n<div class=\"acfd-block acfd-block__text container-fluid px-0 bg-default\">\n<div class=\"acfd-text li_black\">\n<p>\u00c9lvezze a nullfordulatos ny\u00edr\u00f3 el\u0151nyeit a kertj\u00e9ben. Ny\u00edrjon nagyobb man\u0151verez\u0151 k\u00e9pess\u00e9ggel \u00e9s k\u00e9nyelemmel, mint egy f\u0171ny\u00edr\u00f3 traktorral, \u00e9s \u00e9lvezze a munk\u00e1t. Kisebb \u00e9s k\u00f6zepes m\u00e9ret\u0171 kertekhez, sz\u0171k \u00e1tj\u00e1r\u00f3kkal.<\/p>\n<ul>\n<li>A EDGE 34 86 cm (34&#8243;) preselt ac\u00e9llemez ny\u00edr\u00f3dobbal rendelkezik<\/li>\n<li>Egy Ariens 635 cm\u00b3-es k\u00e9t hengeres motor hajtja<\/li>\n<li>A l\u00e1bbal m\u0171k\u00f6dtetett ny\u00edr\u00f3dob emel\u0151 gyors \u00e9s k\u00f6nny\u0171 v\u00e1g\u00e1si magass\u00e1g be\u00e1ll\u00edt\u00e1s\u00e1t biztos\u00edtja<\/li>\n<li>A n\u00e9gypontos ny\u00edr\u00f3dob emel\u0151 rendszer kimagasl\u00f3 stabilit\u00e1st \u00e9s egyenletes ny\u00edr\u00e1st ny\u00fajt<\/li>\n<li>Magas h\u00e1tt\u00e1masszal ell\u00e1tott p\u00e1rn\u00e1zott \u00fcl\u00e9s, oper\u00e1tor k\u00e9nyelem\u00e9rt<\/li>\n<li>Sz\u00e1mos opcion\u00e1lis kieg\u00e9sz\u00edt\u0151 el\u00e9rhet\u0151<\/li>\n<li>2 \u00e9v vagy 150 \u00f3ra garancia<\/li>\n<\/ul>\n<\/div>\n<\/div><\/div>\n<div class='col-lg'>                    <\/div>\n<\/p><\/div>\n<\/div>\n<\/div>\n<div class=\"acfd-block acfd-block__category mb-asm-3 container-fluid px-0 bg-default\">\n<div class=\"acfd-product-categories\">\n<h2 class=\"text-left mb-3\">\n        Applications    <\/h2>\n<div class=\"product-categories_wrapper\">\n         <span\n                data-description=\"Do you have a beautiful lawn in your garden or around your property? Do you want to maintain your lawn regularly from mid-March? Depending on the cutting width, our mowers can handle all garden sizes.\"                class=\"product-category-single\"> Private                <sup><i class=\"fa fa-info-circle\" aria-hidden=\"true\"><\/i><\/sup>            <\/span>  <span\n                data-description=\"Our mowers are equipped with high-quality Kawasaki<sup>&reg;<\/sup> or Ariens engines. They deliver above-average performance and reliability.\"                class=\"product-category-single\"> Petrol                <sup><i class=\"fa fa-info-circle\" aria-hidden=\"true\"><\/i><\/sup>            <\/span>  <span\n                data-description=\"When using a suitable mulching kit in your mower, the side discharge is no longer necessary. The clippings are finely shredded and evenly distributed to the rear of the lawn. Any fertilizer applied remains on the surface and the fine grass particles disappear almost invisibly into the lawn.\"                class=\"product-category-single\"> Optional mulching kit                <sup><i class=\"fa fa-info-circle\" aria-hidden=\"true\"><\/i><\/sup>            <\/span>  <span\n                data-description=\"Ariens ride-on mowers offer a high level of comfort. We use high-quality seats from the entry-level model upwards. Ample legroom and ergonomic controls are standard.\"                class=\"product-category-single\"> Ride-On (sitting)                <sup><i class=\"fa fa-info-circle\" aria-hidden=\"true\"><\/i><\/sup>            <\/span>  <span\n                data-description=\"With the APEX and ZENITH models, you have the choice between side discharge and rear discharge mower decks. A side discharge mower deck ejects the clippings via a side opening and a deflector. The powerful airflow then distributes it over a large area. An optional mulching kit can be installed in side discharge mower decks. When a mulching kit is used, the clippings are finely shredded and ejected to the rear. The side discharge and deflector are then closed or removed.\"                class=\"product-category-single\"> Side discharge                <sup><i class=\"fa fa-info-circle\" aria-hidden=\"true\"><\/i><\/sup>            <\/span>  <span\n                data-description=\"Alle Ariens-pl\u00e6neklippere er velegnede til flade gr\u00e6spl\u00e6ner. V\u00e6lg din klippebredde i henhold til st\u00f8rrelsen p\u00e5 dit omr\u00e5de og eventuelle begr\u00e6nsende smalle omr\u00e5der.\"                class=\"product-category-single\"> Fladt terr\u00e6n                <sup><i class=\"fa fa-info-circle\" aria-hidden=\"true\"><\/i><\/sup>            <\/span>  <span\n                data-description=\"Ariens-pl\u00e6neklippere klarer sig godt p\u00e5 uj\u00e6vnt terr\u00e6n. Til uj\u00e6vnt terr\u00e6n skal du v\u00e6lge smallere klippeaggregater for at opn\u00e5 et mere ensartet klippem\u00f8nster.\"                class=\"product-category-single\"> Uj\u00e6vnt terr\u00e6n                <sup><i class=\"fa fa-info-circle\" aria-hidden=\"true\"><\/i><\/sup>            <\/span>  <span\n                data-description=\"Det anbefales \u00e5 velge en maskin med brede hjul. Ikke overskrid den angitte sikkerhetsgrensen p\u00e5 15\u00b0 helling for sitteklippere og 20\u00b0 for st\u00e5ende klippere. P\u00e5 ujevnt terreng b\u00f8r du velge et smalere klippeaggregat for et mer jevnt klipperesultat. ZENITH-modellen leveres med veltesikring (ROPS) som standard, og dette kan ettermonteres p\u00e5 APEX.\"                class=\"product-category-single\"> Kupert terreng                <sup><i class=\"fa fa-info-circle\" aria-hidden=\"true\"><\/i><\/sup>            <\/span>  <span\n                data-description=\"Zero-turn mowers are not just for large areas. The EDGE model with a cutting width of 86 cm is suitable for areas from approx. 800 m\u00b2 and narrow passages.\"                class=\"product-category-single\"> Small areas                <sup><i class=\"fa fa-info-circle\" aria-hidden=\"true\"><\/i><\/sup>            <\/span>     <\/div>\n<\/div>\n<\/div>\n<div class=\"acfd-block acfd-block__twocolumns mb-asm-2 container-fluid container-fluid--force px-0 bg-default\">\n<div class=\"acfd-twocolumns\">\n<div class=\"row\">\n<div class='col-lg-12 mb-4 '>\n<div class=\"acfd-product-advantages--wrapper\">\n<h2 class=\"h1 bigger text-color-black text-center mb-5\">\n        Features &#038; Benefits    <\/h2>\n<div class=\"acfd-product-advantages\">\n<div class=\"row\">\n<div class=\"col-md-6 mb-4 content\">\n                    <span class=\"d-block h5 text-color-brand mb-1\">Intuit\u00edv vez\u00e9rl\u0151k<\/span><\/p>\n<p>K\u00e9t f\u00fcggetlen\u00fcl m\u0171k\u00f6d\u0151 ker\u00e9kmeghajt\u00e1st ir\u00e1ny\u00edtson mind\u00f6ssze k\u00e9t vezet\u0151 karral. Meg fogja lep\u0151dni ennek a korm\u00e1nyrendszernek a precizit\u00e1s\u00e1n \u00e9s k\u00f6nnyeds\u00e9g\u00e9n. Minden felhaszn\u00e1l\u00f3 hamarosan igazi nullafordulatos profiv\u00e1 v\u00e1lik. Pr\u00f3b\u00e1lja ki mag\u00e1t.<\/p>\n<\/p><\/div>\n<div class=\"col-md-6 mb4 image\"  style=\"background-image:url(https:\/\/www.ariens.eu\/hu\/wp-content\/uploads\/sites\/20\/2024\/05\/intuitive-control.webp)\">\n                <\/div>\n<\/p><\/div>\n<div class=\"row\">\n<div class=\"col-md-6 mb-4 content\">\n                    <span class=\"d-block h5 text-color-brand mb-1\">Nagyszer\u0171 v\u00e1g\u00e1si min\u0151s\u00e9g<\/span><\/p>\n<p>Az EDGE 42\u201d hegesztett kasz\u00e1l\u00f3 feje k\u00e9t peng\u00e9vel. Opcion\u00e1lis mulcsol\u00f3 k\u00e9szlet.<\/p>\n<\/p><\/div>\n<div class=\"col-md-6 mb4 image\"  style=\"background-image:url(https:\/\/www.ariens.eu\/hu\/wp-content\/uploads\/sites\/20\/2024\/08\/quality-of-cut.png)\">\n                <\/div>\n<\/p><\/div>\n<div class=\"row\">\n<div class=\"col-md-6 mb-4 content\">\n                    <span class=\"d-block h5 text-color-brand mb-1\">Nagyobb gumik<\/span><\/p>\n<p>A nagy \u00e1tm\u00e9r\u0151j\u0171, sz\u00e9les talp\u00fa gumik nagyobb tapad\u00e1st \u00e9s sim\u00e1bb, k\u00e9nyelmesebb utat biztos\u00edtanak.<\/p>\n<\/p><\/div>\n<div class=\"col-md-6 mb4 image\"  style=\"background-image:url(https:\/\/www.ariens.eu\/hu\/wp-content\/uploads\/sites\/20\/2024\/05\/larger-tires.webp)\">\n                <\/div>\n<\/p><\/div>\n<div class=\"row\">\n<div class=\"col-md-6 mb-4 content\">\n                    <span class=\"d-block h5 text-color-brand mb-1\">K\u00e9nyelem<\/span><\/p>\n<p>Az EDGE kont\u00farozott \u00fcl\u00e9s\u00e9n nagy kiv\u00e1g\u00e1s tal\u00e1lhat\u00f3. Ez lehet\u0151v\u00e9 teszi a leveg\u0151 \u00e1raml\u00e1s\u00e1t, sz\u00e1razon tartja a h\u00e1tat \u00e9s n\u00f6veli a k\u00e9nyelmet magas k\u00fcls\u0151 h\u0151m\u00e9rs\u00e9kleten.<\/p>\n<\/p><\/div>\n<div class=\"col-md-6 mb4 image\"  style=\"background-image:url(https:\/\/www.ariens.eu\/hu\/wp-content\/uploads\/sites\/20\/2024\/08\/seating-comfort.png)\">\n                <\/div>\n<\/p><\/div>\n<div class=\"row\">\n<div class=\"col-md-6 mb-4 content\">\n                    <span class=\"d-block h5 text-color-brand mb-1\">V\u00e1g\u00f3magass\u00e1g-kar<\/span><\/p>\n<p>A v\u00e1g\u00f3magass\u00e1g 7 fokozatban \u00e1ll\u00edthat\u00f3 3,8 cm-t\u0151l 11,4 cm-ig az \u00fcl\u00e9s mellett k\u00f6nnyen el\u00e9rhet\u0151 kar seg\u00edts\u00e9g\u00e9vel. A v\u00e1g\u00f3fejet egy l\u00e1bped\u00e1l seg\u00edts\u00e9g\u00e9vel emelhetj\u00fck fel k\u00e9nyelmesen.<\/p>\n<\/p><\/div>\n<div class=\"col-md-6 mb4 image\"  style=\"background-image:url(https:\/\/www.ariens.eu\/hu\/wp-content\/uploads\/sites\/20\/2024\/08\/cutting-height-adjustment-3.png)\">\n                <\/div>\n<\/p><\/div>\n<div class=\"row\">\n<div class=\"col-md-6 mb-4 content\">\n                    <span class=\"d-block h5 text-color-brand mb-1\">Ariens motor<\/span><\/p>\n<p>Az EDGE-t az Ariens 635 cm\u00b3-es, k\u00e9t hengeres, Stage V, OHV motor hajtja, amely megb\u00edzhat\u00f3.<\/p>\n<\/p><\/div>\n<div class=\"col-md-6 mb4 image\"  style=\"background-image:url(https:\/\/www.ariens.eu\/hu\/wp-content\/uploads\/sites\/20\/2024\/05\/ariens-edge-zero-turn-635cc-twin-cylinder-ariens-engine.webp)\">\n                <\/div>\n<\/p><\/div>\n<\/p><\/div>\n<\/div><\/div>\n<div class='col-lg'>                    <\/div>\n<\/p><\/div>\n<\/div>\n<\/div>\n","protected":false},"excerpt":{"rendered":"<p>Hozza a gyorsas\u00e1got \u00e9s a ny\u00edr\u00e1st a kertbe \u00c9lvezze a nullfordulatos ny\u00edr\u00f3 el\u0151nyeit a kertj\u00e9ben. Ny\u00edrjon nagyobb man\u0151verez\u0151 k\u00e9pess\u00e9ggel \u00e9s k\u00e9nyelemmel, mint egy f\u0171ny\u00edr\u00f3 traktorral, \u00e9s \u00e9lvezze a munk\u00e1t. Kisebb \u00e9s k\u00f6zepes m\u00e9ret\u0171 kertekhez, sz\u0171k \u00e1tj\u00e1r\u00f3kkal. A EDGE 34 86 cm (34&#8243;) preselt ac\u00e9llemez ny\u00edr\u00f3dobbal rendelkezik Egy Ariens 635 cm\u00b3-es k\u00e9t hengeres motor hajtja A [&hellip;]<\/p>\n","protected":false},"featured_media":5098,"comment_status":"open","ping_status":"closed","template":"","meta":{"_acf_changed":false,"_relevanssi_hide_post":"","_relevanssi_hide_content":"","_relevanssi_pin_for_all":"","_relevanssi_pin_keywords":"","_relevanssi_unpin_keywords":"","_relevanssi_related_keywords":"","_relevanssi_related_include_ids":"","_relevanssi_related_exclude_ids":"","_relevanssi_related_no_append":"","_relevanssi_related_not_related":"","_relevanssi_related_posts":"","_relevanssi_noindex_reason":""},"product_brand":[],"product_cat":[15],"product_tag":[],"class_list":{"0":"post-2323","1":"product","2":"type-product","3":"status-publish","4":"has-post-thumbnail","6":"product_variant-edge-series","7":"product_usage_areas-janitorial-services","8":"product_usage_areas-private-gardens","10":"first","11":"instock","12":"shipping-taxable","13":"product-type-simple"},"acf":[],"yoast_head":"<!-- This site is optimized with the Yoast SEO plugin v27.3 - https:\/\/yoast.com\/product\/yoast-seo-wordpress\/ -->\n<title>EDGE 34 - For medium sized lawns | Ariens zero-tur mower<\/title>\n<meta name=\"description\" content=\"EDGE 34 zero-turn ride-on mower is packed with commercial style features, including a 34&quot; deck to create your dream garden.\" \/>\n<meta name=\"robots\" content=\"noindex, follow, max-snippet:-1, max-image-preview:large, max-video-preview:-1\" \/>\n<meta property=\"og:locale\" content=\"hu_HU\" \/>\n<meta property=\"og:type\" content=\"article\" \/>\n<meta property=\"og:title\" content=\"EDGE 34 - For medium sized lawns | Ariens zero-tur mower\" \/>\n<meta property=\"og:description\" content=\"EDGE 34 zero-turn ride-on mower is packed with commercial style features, including a 34&quot; deck to create your dream garden.\" \/>\n<meta property=\"og:url\" content=\"https:\/\/www.ariens.eu\/hu\/product\/zero-turn-mowers\/edge-series\/edge-34\/\" \/>\n<meta property=\"og:site_name\" content=\"Ariens | EMEAA\" \/>\n<meta property=\"article:modified_time\" content=\"2026-05-05T10:54:37+00:00\" \/>\n<meta property=\"og:image\" content=\"https:\/\/www.ariens.eu\/hu\/wp-content\/uploads\/sites\/20\/2024\/05\/ariens-zero-turn-edge-34-sd-my25.png\" \/>\n\t<meta property=\"og:image:width\" content=\"1024\" \/>\n\t<meta property=\"og:image:height\" content=\"720\" \/>\n\t<meta property=\"og:image:type\" content=\"image\/png\" \/>\n<meta name=\"twitter:card\" content=\"summary_large_image\" \/>\n<meta name=\"twitter:label1\" content=\"Becs\u00fclt olvas\u00e1si id\u0151\" \/>\n\t<meta name=\"twitter:data1\" content=\"2 perc\" \/>\n<script type=\"application\/ld+json\" class=\"yoast-schema-graph\">{\"@context\":\"https:\\\/\\\/schema.org\",\"@graph\":[{\"@type\":\"WebPage\",\"@id\":\"https:\\\/\\\/www.ariens.eu\\\/hu\\\/product\\\/zero-turn-mowers\\\/edge-series\\\/edge-34\\\/\",\"url\":\"https:\\\/\\\/www.ariens.eu\\\/hu\\\/product\\\/zero-turn-mowers\\\/edge-series\\\/edge-34\\\/\",\"name\":\"EDGE 34 - For medium sized lawns | Ariens zero-tur mower\",\"isPartOf\":{\"@id\":\"https:\\\/\\\/www.ariens.eu\\\/hu\\\/#website\"},\"primaryImageOfPage\":{\"@id\":\"https:\\\/\\\/www.ariens.eu\\\/hu\\\/product\\\/zero-turn-mowers\\\/edge-series\\\/edge-34\\\/#primaryimage\"},\"image\":{\"@id\":\"https:\\\/\\\/www.ariens.eu\\\/hu\\\/product\\\/zero-turn-mowers\\\/edge-series\\\/edge-34\\\/#primaryimage\"},\"thumbnailUrl\":\"https:\\\/\\\/www.ariens.eu\\\/hu\\\/wp-content\\\/uploads\\\/sites\\\/20\\\/2024\\\/05\\\/ariens-zero-turn-edge-34-sd-my25.png\",\"datePublished\":\"2024-05-10T10:04:36+00:00\",\"dateModified\":\"2026-05-05T10:54:37+00:00\",\"description\":\"EDGE 34 zero-turn ride-on mower is packed with commercial style features, including a 34\\\" deck to create your dream garden.\",\"breadcrumb\":{\"@id\":\"https:\\\/\\\/www.ariens.eu\\\/hu\\\/product\\\/zero-turn-mowers\\\/edge-series\\\/edge-34\\\/#breadcrumb\"},\"inLanguage\":\"hu\",\"potentialAction\":[{\"@type\":\"ReadAction\",\"target\":[\"https:\\\/\\\/www.ariens.eu\\\/hu\\\/product\\\/zero-turn-mowers\\\/edge-series\\\/edge-34\\\/\"]}]},{\"@type\":\"ImageObject\",\"inLanguage\":\"hu\",\"@id\":\"https:\\\/\\\/www.ariens.eu\\\/hu\\\/product\\\/zero-turn-mowers\\\/edge-series\\\/edge-34\\\/#primaryimage\",\"url\":\"https:\\\/\\\/www.ariens.eu\\\/hu\\\/wp-content\\\/uploads\\\/sites\\\/20\\\/2024\\\/05\\\/ariens-zero-turn-edge-34-sd-my25.png\",\"contentUrl\":\"https:\\\/\\\/www.ariens.eu\\\/hu\\\/wp-content\\\/uploads\\\/sites\\\/20\\\/2024\\\/05\\\/ariens-zero-turn-edge-34-sd-my25.png\",\"width\":1024,\"height\":720},{\"@type\":\"BreadcrumbList\",\"@id\":\"https:\\\/\\\/www.ariens.eu\\\/hu\\\/product\\\/zero-turn-mowers\\\/edge-series\\\/edge-34\\\/#breadcrumb\",\"itemListElement\":[{\"@type\":\"ListItem\",\"position\":1,\"name\":\"Home\",\"item\":\"https:\\\/\\\/www.ariens.eu\\\/hu\\\/\"},{\"@type\":\"ListItem\",\"position\":2,\"name\":\"Shop\",\"item\":\"https:\\\/\\\/www.ariens.eu\\\/hu\\\/shop\\\/\"},{\"@type\":\"ListItem\",\"position\":3,\"name\":\"EDGE 34\"}]},{\"@type\":\"WebSite\",\"@id\":\"https:\\\/\\\/www.ariens.eu\\\/hu\\\/#website\",\"url\":\"https:\\\/\\\/www.ariens.eu\\\/hu\\\/\",\"name\":\"Ariens | EMEAA\",\"description\":\"Powerful and reliable zero-turn mowers &amp; snow blowers for professional users and demanding private customers\",\"publisher\":{\"@id\":\"https:\\\/\\\/www.ariens.eu\\\/hu\\\/#organization\"},\"potentialAction\":[{\"@type\":\"SearchAction\",\"target\":{\"@type\":\"EntryPoint\",\"urlTemplate\":\"https:\\\/\\\/www.ariens.eu\\\/hu\\\/?s={search_term_string}\"},\"query-input\":{\"@type\":\"PropertyValueSpecification\",\"valueRequired\":true,\"valueName\":\"search_term_string\"}}],\"inLanguage\":\"hu\"},{\"@type\":\"Organization\",\"@id\":\"https:\\\/\\\/www.ariens.eu\\\/hu\\\/#organization\",\"name\":\"AriensCo GmbH\",\"url\":\"https:\\\/\\\/www.ariens.eu\\\/hu\\\/\",\"logo\":{\"@type\":\"ImageObject\",\"inLanguage\":\"hu\",\"@id\":\"https:\\\/\\\/www.ariens.eu\\\/hu\\\/#\\\/schema\\\/logo\\\/image\\\/\",\"url\":\"https:\\\/\\\/www.ariens.eu\\\/wp-content\\\/uploads\\\/2024\\\/11\\\/ariens-co-logo.jpg\",\"contentUrl\":\"https:\\\/\\\/www.ariens.eu\\\/wp-content\\\/uploads\\\/2024\\\/11\\\/ariens-co-logo.jpg\",\"width\":1000,\"height\":1000,\"caption\":\"AriensCo GmbH\"},\"image\":{\"@id\":\"https:\\\/\\\/www.ariens.eu\\\/hu\\\/#\\\/schema\\\/logo\\\/image\\\/\"}}]}<\/script>\n<!-- \/ Yoast SEO plugin. -->","yoast_head_json":{"title":"EDGE 34 - For medium sized lawns | Ariens zero-tur mower","description":"EDGE 34 zero-turn ride-on mower is packed with commercial style features, including a 34\" deck to create your dream garden.","robots":{"index":"noindex","follow":"follow","max-snippet":"max-snippet:-1","max-image-preview":"max-image-preview:large","max-video-preview":"max-video-preview:-1"},"og_locale":"hu_HU","og_type":"article","og_title":"EDGE 34 - For medium sized lawns | Ariens zero-tur mower","og_description":"EDGE 34 zero-turn ride-on mower is packed with commercial style features, including a 34\" deck to create your dream garden.","og_url":"https:\/\/www.ariens.eu\/hu\/product\/zero-turn-mowers\/edge-series\/edge-34\/","og_site_name":"Ariens | EMEAA","article_modified_time":"2026-05-05T10:54:37+00:00","og_image":[{"width":1024,"height":720,"url":"https:\/\/www.ariens.eu\/hu\/wp-content\/uploads\/sites\/20\/2024\/05\/ariens-zero-turn-edge-34-sd-my25.png","type":"image\/png"}],"twitter_card":"summary_large_image","twitter_misc":{"Becs\u00fclt olvas\u00e1si id\u0151":"2 perc"},"schema":{"@context":"https:\/\/schema.org","@graph":[{"@type":"WebPage","@id":"https:\/\/www.ariens.eu\/hu\/product\/zero-turn-mowers\/edge-series\/edge-34\/","url":"https:\/\/www.ariens.eu\/hu\/product\/zero-turn-mowers\/edge-series\/edge-34\/","name":"EDGE 34 - For medium sized lawns | Ariens zero-tur mower","isPartOf":{"@id":"https:\/\/www.ariens.eu\/hu\/#website"},"primaryImageOfPage":{"@id":"https:\/\/www.ariens.eu\/hu\/product\/zero-turn-mowers\/edge-series\/edge-34\/#primaryimage"},"image":{"@id":"https:\/\/www.ariens.eu\/hu\/product\/zero-turn-mowers\/edge-series\/edge-34\/#primaryimage"},"thumbnailUrl":"https:\/\/www.ariens.eu\/hu\/wp-content\/uploads\/sites\/20\/2024\/05\/ariens-zero-turn-edge-34-sd-my25.png","datePublished":"2024-05-10T10:04:36+00:00","dateModified":"2026-05-05T10:54:37+00:00","description":"EDGE 34 zero-turn ride-on mower is packed with commercial style features, including a 34\" deck to create your dream garden.","breadcrumb":{"@id":"https:\/\/www.ariens.eu\/hu\/product\/zero-turn-mowers\/edge-series\/edge-34\/#breadcrumb"},"inLanguage":"hu","potentialAction":[{"@type":"ReadAction","target":["https:\/\/www.ariens.eu\/hu\/product\/zero-turn-mowers\/edge-series\/edge-34\/"]}]},{"@type":"ImageObject","inLanguage":"hu","@id":"https:\/\/www.ariens.eu\/hu\/product\/zero-turn-mowers\/edge-series\/edge-34\/#primaryimage","url":"https:\/\/www.ariens.eu\/hu\/wp-content\/uploads\/sites\/20\/2024\/05\/ariens-zero-turn-edge-34-sd-my25.png","contentUrl":"https:\/\/www.ariens.eu\/hu\/wp-content\/uploads\/sites\/20\/2024\/05\/ariens-zero-turn-edge-34-sd-my25.png","width":1024,"height":720},{"@type":"BreadcrumbList","@id":"https:\/\/www.ariens.eu\/hu\/product\/zero-turn-mowers\/edge-series\/edge-34\/#breadcrumb","itemListElement":[{"@type":"ListItem","position":1,"name":"Home","item":"https:\/\/www.ariens.eu\/hu\/"},{"@type":"ListItem","position":2,"name":"Shop","item":"https:\/\/www.ariens.eu\/hu\/shop\/"},{"@type":"ListItem","position":3,"name":"EDGE 34"}]},{"@type":"WebSite","@id":"https:\/\/www.ariens.eu\/hu\/#website","url":"https:\/\/www.ariens.eu\/hu\/","name":"Ariens | EMEAA","description":"Powerful and reliable zero-turn mowers &amp; snow blowers for professional users and demanding private customers","publisher":{"@id":"https:\/\/www.ariens.eu\/hu\/#organization"},"potentialAction":[{"@type":"SearchAction","target":{"@type":"EntryPoint","urlTemplate":"https:\/\/www.ariens.eu\/hu\/?s={search_term_string}"},"query-input":{"@type":"PropertyValueSpecification","valueRequired":true,"valueName":"search_term_string"}}],"inLanguage":"hu"},{"@type":"Organization","@id":"https:\/\/www.ariens.eu\/hu\/#organization","name":"AriensCo GmbH","url":"https:\/\/www.ariens.eu\/hu\/","logo":{"@type":"ImageObject","inLanguage":"hu","@id":"https:\/\/www.ariens.eu\/hu\/#\/schema\/logo\/image\/","url":"https:\/\/www.ariens.eu\/wp-content\/uploads\/2024\/11\/ariens-co-logo.jpg","contentUrl":"https:\/\/www.ariens.eu\/wp-content\/uploads\/2024\/11\/ariens-co-logo.jpg","width":1000,"height":1000,"caption":"AriensCo GmbH"},"image":{"@id":"https:\/\/www.ariens.eu\/hu\/#\/schema\/logo\/image\/"}}]}},"_links":{"self":[{"href":"https:\/\/www.ariens.eu\/hu\/wp-json\/wp\/v2\/product\/2323","targetHints":{"allow":["GET"]}}],"collection":[{"href":"https:\/\/www.ariens.eu\/hu\/wp-json\/wp\/v2\/product"}],"about":[{"href":"https:\/\/www.ariens.eu\/hu\/wp-json\/wp\/v2\/types\/product"}],"replies":[{"embeddable":true,"href":"https:\/\/www.ariens.eu\/hu\/wp-json\/wp\/v2\/comments?post=2323"}],"wp:featuredmedia":[{"embeddable":true,"href":"https:\/\/www.ariens.eu\/hu\/wp-json\/wp\/v2\/media\/5098"}],"wp:attachment":[{"href":"https:\/\/www.ariens.eu\/hu\/wp-json\/wp\/v2\/media?parent=2323"}],"wp:term":[{"taxonomy":"product_brand","embeddable":true,"href":"https:\/\/www.ariens.eu\/hu\/wp-json\/wp\/v2\/product_brand?post=2323"},{"taxonomy":"product_cat","embeddable":true,"href":"https:\/\/www.ariens.eu\/hu\/wp-json\/wp\/v2\/product_cat?post=2323"},{"taxonomy":"product_tag","embeddable":true,"href":"https:\/\/www.ariens.eu\/hu\/wp-json\/wp\/v2\/product_tag?post=2323"}],"curies":[{"name":"wp","href":"https:\/\/api.w.org\/{rel}","templated":true}]}}