{"id":2330,"date":"2024-05-10T11:04:36","date_gmt":"2024-05-10T10:04:36","guid":{"rendered":"https:\/\/www.ariens.eu\/product\/apex-48r\/"},"modified":"2026-05-05T11:54:38","modified_gmt":"2026-05-05T10:54:38","slug":"apex-48r","status":"publish","type":"product","link":"https:\/\/www.ariens.eu\/hu\/product\/zero-turn-mowers\/apex-series\/apex-48r","title":{"rendered":"APEX 48R"},"content":{"rendered":"<div class=\"acfd-block acfd-block__headline mb-asm-1 container-fluid px-0 bg-default\">\n<div class=\"acfd-headline\" >\n<h2 class='h2 text-left li_black'>Robusztus \u00e9s tart\u00f3s gyakori kasz\u00e1l\u00e1shoz &#8211; Ide\u00e1lis szolg\u00e1ltat\u00f3k sz\u00e1m\u00e1ra<\/h2>\n<\/p><\/div>\n<\/div>\n<div class=\"acfd-block acfd-block__twocolumns mb-asm-2 container-fluid px-0 bg-default\">\n<div class=\"acfd-twocolumns\">\n<div class=\"row\">\n<div class='col-lg-9 mb-4 '>\n<div class=\"acfd-block acfd-block__text container-fluid px-0 bg-default\">\n<div class=\"acfd-text li_black\">\n<p>Gyakran kasz\u00e1l\u00f3 szolg\u00e1ltat\u00f3k sz\u00e1m\u00e1ra k\u00e9sz\u00fclt. A motor, a hajt\u00f3m\u0171 \u00e9s a v\u00e1g\u00f3fej legfels\u0151 komponensei kombin\u00e1lva a kiv\u00e1l\u00f3 \u00e1r-\u00e9rt\u00e9k ar\u00e1nnyal.<\/p>\n<p>A 48R APEX-en az &#8216;R&#8217; a &#8216;h\u00e1ts\u00f3 ki\u00fcr\u00edt\u00e9s&#8217; jelent\u00e9s\u0171. A ny\u00edrt f\u0171 a kerekek k\u00f6z\u00f6tt, h\u00e1tul ker\u00fcl ki\u00fcr\u00edt\u00e9sre. A Kawasaki FR691 V-Twin motorral, a nagyon stabil kerettel \u00e9s a profi 122 cm-es v\u00e1g\u00f3fejjel ide\u00e1lis a kereskedelmi haszn\u00e1latra.<\/p>\n<ul>\n<li>122 cm (48&#8243;) hegesztett h\u00e1ts\u00f3 ki\u00fcr\u00edt\u00e9s\u0171 v\u00e1g\u00f3fej 10 gauge ac\u00e9lb\u00f3l<\/li>\n<li>Er\u0151s Kawasaki<sup><sup>&reg;<\/sup><\/sup> FR691 V-Twin 726 cm\u00b3-es motor<\/li>\n<li>Ipari vezet\u0151, teljesen hegesztett cs\u0151 ac\u00e9l keret<\/li>\n<li>\u00d6nbe\u00e1ll\u00f3 sz\u00edj technol\u00f3gia<\/li>\n<li>Magas h\u00e1t\u00fa puha \u00fcl\u00e9s puha karf\u00e1val<\/li>\n<li>L\u00e1bbal m\u0171k\u00f6dtetett, rug\u00f3val seg\u00edtett v\u00e1g\u00f3fej emel\u0151 15 v\u00e1g\u00e1si poz\u00edci\u00f3val<\/li>\n<li>ROPS k\u00e9pes diz\u00e1jn<\/li>\n<li>Sz\u00e9les k\u00f6r\u0171 opcion\u00e1lis kieg\u00e9sz\u00edt\u0151k el\u00e9rhet\u0151k<\/li>\n<li>4 \u00e9v vagy 500 \u00f3ra garancia<\/li>\n<\/ul>\n<\/div>\n<\/div><\/div>\n<div class='col-lg'>                    <\/div>\n<\/p><\/div>\n<\/div>\n<\/div>\n<div class=\"acfd-block acfd-block__category mb-asm-3 container-fluid px-0 bg-default\">\n<div class=\"acfd-product-categories\">\n<h2 class=\"text-left mb-3\">\n        Applications    <\/h2>\n<div class=\"product-categories_wrapper\">\n         <span\n                data-description=\"Are you a service provider, janitorial service or do you have to regularly maintain larger areas? Then a semi-professional machine offers you the performance and durability to reliably complete your mowing work.\"                class=\"product-category-single\"> Semi-Pro                <sup><i class=\"fa fa-info-circle\" aria-hidden=\"true\"><\/i><\/sup>            <\/span>  <span\n                data-description=\"Our mowers are equipped with high-quality Kawasaki<sup>&reg;<\/sup> or Ariens engines. They deliver above-average performance and reliability.\"                class=\"product-category-single\"> Petrol                <sup><i class=\"fa fa-info-circle\" aria-hidden=\"true\"><\/i><\/sup>            <\/span>  <span\n                data-description=\"Ariens ride-on mowers offer a high level of comfort. We use high-quality seats from the entry-level model upwards. Ample legroom and ergonomic controls are standard.\"                class=\"product-category-single\"> Ride-On (sitting)                <sup><i class=\"fa fa-info-circle\" aria-hidden=\"true\"><\/i><\/sup>            <\/span>  <span\n                data-description=\"Med APEX- og ZENITH-modellerne kan du v\u00e6lge mellem pl\u00e6neklippere med sideudkast og bagudkast. En pl\u00e6neklipper med bagudkast er lukket i siden og kaster det afklippede gr\u00e6s bagud. Fordelen er, at der ikke kastes gr\u00e6s p\u00e5 stier eller bede, og at der i mods\u00e6tning til et bioklipss\u00e6t ogs\u00e5 kan klippes h\u00f8jt gr\u00e6s. Pl\u00e6neklippere med bagudkast bruges ofte i den kommunale sektor.\"                class=\"product-category-single\"> Rear discharge                <sup><i class=\"fa fa-info-circle\" aria-hidden=\"true\"><\/i><\/sup>            <\/span>  <span\n                data-description=\"Alle Ariens-pl\u00e6neklippere er velegnede til flade gr\u00e6spl\u00e6ner. V\u00e6lg din klippebredde i henhold til st\u00f8rrelsen p\u00e5 dit omr\u00e5de og eventuelle begr\u00e6nsende smalle omr\u00e5der.\"                class=\"product-category-single\"> Fladt terr\u00e6n                <sup><i class=\"fa fa-info-circle\" aria-hidden=\"true\"><\/i><\/sup>            <\/span>  <span\n                data-description=\"Ariens-pl\u00e6neklippere klarer sig godt p\u00e5 uj\u00e6vnt terr\u00e6n. Til uj\u00e6vnt terr\u00e6n skal du v\u00e6lge smallere klippeaggregater for at opn\u00e5 et mere ensartet klippem\u00f8nster.\"                class=\"product-category-single\"> Uj\u00e6vnt terr\u00e6n                <sup><i class=\"fa fa-info-circle\" aria-hidden=\"true\"><\/i><\/sup>            <\/span>  <span\n                data-description=\"Det anbefales \u00e5 velge en maskin med brede hjul. Ikke overskrid den angitte sikkerhetsgrensen p\u00e5 15\u00b0 helling for sitteklippere og 20\u00b0 for st\u00e5ende klippere. P\u00e5 ujevnt terreng b\u00f8r du velge et smalere klippeaggregat for et mer jevnt klipperesultat. ZENITH-modellen leveres med veltesikring (ROPS) som standard, og dette kan ettermonteres p\u00e5 APEX.\"                class=\"product-category-single\"> Kupert terreng                <sup><i class=\"fa fa-info-circle\" aria-hidden=\"true\"><\/i><\/sup>            <\/span>  <span\n                data-description=\"Use mowing widths of 107 cm and 122 cm on medium to large lawns.\"                class=\"product-category-single\"> Medium-sized areas                <sup><i class=\"fa fa-info-circle\" aria-hidden=\"true\"><\/i><\/sup>            <\/span>     <\/div>\n<\/div>\n<\/div>\n<div class=\"acfd-block acfd-block__twocolumns mb-asm-2 container-fluid container-fluid--force px-0 bg-default\">\n<div class=\"acfd-twocolumns\">\n<div class=\"row\">\n<div class='col-lg-12 mb-4 '>\n<div class=\"acfd-product-advantages--wrapper\">\n<h2 class=\"h1 bigger text-color-black text-center mb-5\">\n        Features &#038; Benefits    <\/h2>\n<div class=\"acfd-product-advantages\">\n<div class=\"row\">\n<div class=\"col-md-6 mb-4 content\">\n                    <span class=\"d-block h5 text-color-brand mb-1\">G\u00f6rb\u00fclt ac\u00e9lcs\u00f6ves keret<\/span><\/p>\n<p>A keret, amely teljesen ac\u00e9lcs\u00f6vekb\u0151l k\u00e9sz\u00fcl, a kasz\u00e1l\u00f3g\u00e9p v\u00e1z\u00e1t alkotja. \u00c9veken kereszt\u00fcl viseli a g\u00e9p teljes terhel\u00e9s\u00e9t, \u00e9s hossz\u00fa t\u00e1von is k\u00e9pesnek kell lennie az \u00fctk\u00f6z\u00e9sek \u00e9s a rezg\u00e9sek kezel\u00e9s\u00e9re. A legmodernebb hajl\u00edt\u00e1si technol\u00f3gia elker\u00fcli a hegesztett illeszked\u00e9si pontok miatt fell\u00e9p\u0151 gyenge pontokat.<\/p>\n<\/p><\/div>\n<div class=\"col-md-6 mb4 image\"  style=\"background-image:url(https:\/\/www.ariens.eu\/hu\/wp-content\/uploads\/sites\/20\/2024\/05\/apex-feature-frame.png)\">\n                <\/div>\n<\/p><\/div>\n<div class=\"row\">\n<div class=\"col-md-6 mb-4 content\">\n                    <span class=\"d-block h5 text-color-brand mb-1\">\u00daj ENVY kasza<\/span><\/p>\n<p>A kasza a legjobban terheltt alkatr\u00e9sz a f\u0171ny\u00edr\u00f3kon. Itt k\u00fcl\u00f6n\u00f6sen fontos a stabilit\u00e1s: Az \u00faj ENVY kasz\u00e1nak javult a leveg\u0151\u00e1raml\u00e1s \u00e9s nagyobb a kipufog\u00f3. A fekv\u0151 f\u0171 magasabbra emelkedik \u00e9s t\u00f6k\u00e9letesen v\u00e1g. 4 ponton felf\u00fcggesztve a tart\u00f3s r\u00f6gz\u00edt\u00e9s \u00e9s p\u00e1rhuzamoss\u00e1g \u00e9rdek\u00e9ben. Tov\u00e1bb\u00e1 a pengespindlek kov\u00e1csolt alum\u00edniumb\u00f3l k\u00e9sz\u00fclnek. H\u0171v\u00f6sebb fut\u00e1s \u00e9s nagyobb \u00fctk\u00f6z\u00e9s- \u00e9s rezg\u00e9s\u00e1ll\u00f3s\u00e1g, mint az \u00f6nt\u00f6tt spindlekn\u00e9l. Standard a 2025-\u00f6s szezon sor\u00e1n az APEX \u00e9s ZENITH g\u00e9peken &amp; az \u00faj IKON-on.<\/p>\n<\/p><\/div>\n<div class=\"col-md-6 mb4 image\"  style=\"background-image:url(https:\/\/www.ariens.eu\/hu\/wp-content\/uploads\/sites\/20\/2024\/08\/envy-deck-52.png)\">\n                <\/div>\n<\/p><\/div>\n<div class=\"row\">\n<div class=\"col-md-6 mb-4 content\">\n                    <span class=\"d-block h5 text-color-brand mb-1\">Automatikus sz\u00edjfesz\u00edt\u0151 rendszer<\/span><\/p>\n<p>Az automatikus CBT (Constant Belt Tension) technol\u00f3gia \u00e1lland\u00f3an fenntartja a kaszah\u00e1z sz\u00edj\u00e1nak feszess\u00e9g\u00e9t. Ez n\u00f6veli a sz\u00edj \u00e9lettartam\u00e1t, kompenz\u00e1lja a kop\u00e1st \u00e9s megakad\u00e1lyozza a sz\u00edj cs\u00fasz\u00e1s\u00e1t, biztos\u00edtva a mindig magas min\u0151s\u00e9g\u0171 ny\u00edr\u00e1si mint\u00e1zatot.<\/p>\n<\/p><\/div>\n<div class=\"col-md-6 mb4 image\"  style=\"background-image:url(https:\/\/www.ariens.eu\/hu\/wp-content\/uploads\/sites\/20\/2024\/05\/apex-feature-3.webp)\">\n                <\/div>\n<\/p><\/div>\n<div class=\"row\">\n<div class=\"col-md-6 mb-4 content\">\n                    <span class=\"d-block h5 text-color-brand mb-1\">Kaszninyemel\u0151 ped\u00e1l m\u0171k\u00f6dtet\u00e9ssel<\/span><\/p>\n<p>A szil\u00e1rd kasznit egy ped\u00e1l seg\u00edts\u00e9g\u00e9vel k\u00f6nnyed\u00e9n \u00e9s k\u00e9nyelmesen lehet megemelni. A 3,8 &#8211; 12,7 cm k\u00f6z\u00f6tti 15 v\u00e1g\u00e1si magass\u00e1g k\u00f6z\u00fcl a k\u00edv\u00e1ntat egy f\u00e9mdugas behelyez\u00e9s\u00e9vel lehet kiv\u00e1lasztani a kijelz\u0151n l\u00e9v\u0151 megfelel\u0151 m\u00e9lyed\u00e9sbe.<\/p>\n<\/p><\/div>\n<div class=\"col-md-6 mb4 image\"  style=\"background-image:url(https:\/\/www.ariens.eu\/hu\/wp-content\/uploads\/sites\/20\/2024\/08\/cutting-height-adjustment-1.png)\">\n                <\/div>\n<\/p><\/div>\n<div class=\"row\">\n<div class=\"col-md-6 mb-4 content\">\n                    <span class=\"d-block h5 text-color-brand mb-1\">K\u00f6nny\u0171 hozz\u00e1f\u00e9r\u00e9s a kaszah\u00e1zhoz<\/span><\/p>\n<p>A kaszah\u00e1z k\u00f6nnyen megk\u00f6zel\u00edthet\u0151 fel\u00fclr\u0151l a tiszt\u00edt\u00e1s \u00e9s karbantart\u00e1s c\u00e9lj\u00e1b\u00f3l. A CBT technol\u00f3gia k\u00f6sz\u00f6nhet\u0151en a sz\u00edj cser\u00e9je mind\u00f6ssze n\u00e9h\u00e1ny percet vesz ig\u00e9nybe. Csak laz\u00edtsa meg a fesz\u00edt\u0151 csig\u00e1kat, illessze be a sz\u00edjat, majd fesz\u00edtse meg \u00fajra a fesz\u00edt\u0151 csig\u00e1kat &#8211; k\u00e9sz.<\/p>\n<\/p><\/div>\n<div class=\"col-md-6 mb4 image\"  style=\"background-image:url(https:\/\/www.ariens.eu\/hu\/wp-content\/uploads\/sites\/20\/2024\/05\/ariens-apex-zero-turn-deck-access-panel.webp)\">\n                <\/div>\n<\/p><\/div>\n<div class=\"row\">\n<div class=\"col-md-6 mb-4 content\">\n                    <span class=\"d-block h5 text-color-brand mb-1\">\u00daj, ergonomikus vez\u00e9rl\u0151karok<\/span><\/p>\n<p>Az APEX sorozat a kezel\u0151 komfortj\u00e1t n\u00f6veli az \u00faj, t\u00f6k\u00e9letesen a k\u00e9zbe simul\u00f3, ergonomikus korm\u00e1nylap\u00e1tokkal, amelyek k\u00f6nny\u0171 kezel\u00e9st biztos\u00edtanak. A vastagon p\u00e1rn\u00e1zott, magas h\u00e1tt\u00e1mmal rendelkez\u0151 \u00fcl\u00e9s \u00e9s az \u00e1ll\u00edthat\u00f3 kezel\u0151poz\u00edci\u00f3 a maxim\u00e1lis k\u00e9nyelem \u00e9rzet\u00e9t kelti. A vastagon p\u00e1rn\u00e1zott karf\u00e1k tov\u00e1bb jav\u00edtj\u00e1k a felhaszn\u00e1l\u00f3i \u00e9lm\u00e9nyt, \u00edgy a hossz\u00fa kasz\u00e1l\u00e1si munk\u00e1k is \u00e9lvezetesebb\u00e9 v\u00e1lnak.<\/p>\n<\/p><\/div>\n<div class=\"col-md-6 mb4 image\"  style=\"background-image:url(https:\/\/www.ariens.eu\/hu\/wp-content\/uploads\/sites\/20\/2024\/12\/drive-level-handles.png)\">\n                <\/div>\n<\/p><\/div>\n<\/p><\/div>\n<\/div><\/div>\n<div class='col-lg'>                    <\/div>\n<\/p><\/div>\n<\/div>\n<\/div>\n","protected":false},"excerpt":{"rendered":"<p>Robusztus \u00e9s tart\u00f3s gyakori kasz\u00e1l\u00e1shoz &#8211; Ide\u00e1lis szolg\u00e1ltat\u00f3k sz\u00e1m\u00e1ra Gyakran kasz\u00e1l\u00f3 szolg\u00e1ltat\u00f3k sz\u00e1m\u00e1ra k\u00e9sz\u00fclt. A motor, a hajt\u00f3m\u0171 \u00e9s a v\u00e1g\u00f3fej legfels\u0151 komponensei kombin\u00e1lva a kiv\u00e1l\u00f3 \u00e1r-\u00e9rt\u00e9k ar\u00e1nnyal. A 48R APEX-en az &#8216;R&#8217; a &#8216;h\u00e1ts\u00f3 ki\u00fcr\u00edt\u00e9s&#8217; jelent\u00e9s\u0171. A ny\u00edrt f\u0171 a kerekek k\u00f6z\u00f6tt, h\u00e1tul ker\u00fcl ki\u00fcr\u00edt\u00e9sre. A Kawasaki FR691 V-Twin motorral, a nagyon stabil kerettel [&hellip;]<\/p>\n","protected":false},"featured_media":5099,"comment_status":"open","ping_status":"closed","template":"","meta":{"_acf_changed":false,"_relevanssi_hide_post":"","_relevanssi_hide_content":"","_relevanssi_pin_for_all":"","_relevanssi_pin_keywords":"","_relevanssi_unpin_keywords":"","_relevanssi_related_keywords":"","_relevanssi_related_include_ids":"","_relevanssi_related_exclude_ids":"","_relevanssi_related_no_append":"","_relevanssi_related_not_related":"","_relevanssi_related_posts":"","_relevanssi_noindex_reason":""},"product_brand":[],"product_cat":[15],"product_tag":[],"class_list":{"0":"post-2330","1":"product","2":"type-product","3":"status-publish","4":"has-post-thumbnail","6":"product_variant-apex-series","7":"product_usage_areas-janitorial-services","8":"product_usage_areas-leisure-facilities","9":"product_usage_areas-municipalities-building-yards","10":"product_usage_areas-service-providers","12":"first","13":"instock","14":"shipping-taxable","15":"product-type-simple"},"acf":[],"yoast_head":"<!-- This site is optimized with the Yoast SEO plugin v27.3 - https:\/\/yoast.com\/product\/yoast-seo-wordpress\/ -->\n<title>APEX 48R - Rear discharge zero-turn mower | Ariens<\/title>\n<meta name=\"description\" content=\"With a rear discharge 122cm (48&quot;) deck and premium Kawasaki FR691 V-Twin 726cc engine, the APEX 48R is ideal for commercial mowing.\" \/>\n<meta name=\"robots\" content=\"noindex, follow, max-snippet:-1, max-image-preview:large, max-video-preview:-1\" \/>\n<meta property=\"og:locale\" content=\"hu_HU\" \/>\n<meta property=\"og:type\" content=\"article\" \/>\n<meta property=\"og:title\" content=\"APEX 48R - Rear discharge zero-turn mower | Ariens\" \/>\n<meta property=\"og:description\" content=\"With a rear discharge 122cm (48&quot;) deck and premium Kawasaki FR691 V-Twin 726cc engine, the APEX 48R is ideal for commercial mowing.\" \/>\n<meta property=\"og:url\" content=\"https:\/\/www.ariens.eu\/hu\/product\/zero-turn-mowers\/apex-series\/apex-48r\/\" \/>\n<meta property=\"og:site_name\" content=\"Ariens | EMEAA\" \/>\n<meta property=\"article:modified_time\" content=\"2026-05-05T10:54:38+00:00\" \/>\n<meta property=\"og:image\" content=\"https:\/\/www.ariens.eu\/hu\/wp-content\/uploads\/sites\/20\/2024\/05\/ariens-zero-turn-apex-52-rd-my25.png\" \/>\n\t<meta property=\"og:image:width\" content=\"1024\" \/>\n\t<meta property=\"og:image:height\" content=\"720\" \/>\n\t<meta property=\"og:image:type\" content=\"image\/png\" \/>\n<meta name=\"twitter:card\" content=\"summary_large_image\" \/>\n<meta name=\"twitter:label1\" content=\"Becs\u00fclt olvas\u00e1si id\u0151\" \/>\n\t<meta name=\"twitter:data1\" content=\"2 perc\" \/>\n<script type=\"application\/ld+json\" class=\"yoast-schema-graph\">{\"@context\":\"https:\\\/\\\/schema.org\",\"@graph\":[{\"@type\":\"WebPage\",\"@id\":\"https:\\\/\\\/www.ariens.eu\\\/hu\\\/product\\\/zero-turn-mowers\\\/apex-series\\\/apex-48r\\\/\",\"url\":\"https:\\\/\\\/www.ariens.eu\\\/hu\\\/product\\\/zero-turn-mowers\\\/apex-series\\\/apex-48r\\\/\",\"name\":\"APEX 48R - Rear discharge zero-turn mower | Ariens\",\"isPartOf\":{\"@id\":\"https:\\\/\\\/www.ariens.eu\\\/hu\\\/#website\"},\"primaryImageOfPage\":{\"@id\":\"https:\\\/\\\/www.ariens.eu\\\/hu\\\/product\\\/zero-turn-mowers\\\/apex-series\\\/apex-48r\\\/#primaryimage\"},\"image\":{\"@id\":\"https:\\\/\\\/www.ariens.eu\\\/hu\\\/product\\\/zero-turn-mowers\\\/apex-series\\\/apex-48r\\\/#primaryimage\"},\"thumbnailUrl\":\"https:\\\/\\\/www.ariens.eu\\\/hu\\\/wp-content\\\/uploads\\\/sites\\\/20\\\/2024\\\/05\\\/ariens-zero-turn-apex-52-rd-my25.png\",\"datePublished\":\"2024-05-10T10:04:36+00:00\",\"dateModified\":\"2026-05-05T10:54:38+00:00\",\"description\":\"With a rear discharge 122cm (48\\\") deck and premium Kawasaki FR691 V-Twin 726cc engine, the APEX 48R is ideal for commercial mowing.\",\"breadcrumb\":{\"@id\":\"https:\\\/\\\/www.ariens.eu\\\/hu\\\/product\\\/zero-turn-mowers\\\/apex-series\\\/apex-48r\\\/#breadcrumb\"},\"inLanguage\":\"hu\",\"potentialAction\":[{\"@type\":\"ReadAction\",\"target\":[\"https:\\\/\\\/www.ariens.eu\\\/hu\\\/product\\\/zero-turn-mowers\\\/apex-series\\\/apex-48r\\\/\"]}]},{\"@type\":\"ImageObject\",\"inLanguage\":\"hu\",\"@id\":\"https:\\\/\\\/www.ariens.eu\\\/hu\\\/product\\\/zero-turn-mowers\\\/apex-series\\\/apex-48r\\\/#primaryimage\",\"url\":\"https:\\\/\\\/www.ariens.eu\\\/hu\\\/wp-content\\\/uploads\\\/sites\\\/20\\\/2024\\\/05\\\/ariens-zero-turn-apex-52-rd-my25.png\",\"contentUrl\":\"https:\\\/\\\/www.ariens.eu\\\/hu\\\/wp-content\\\/uploads\\\/sites\\\/20\\\/2024\\\/05\\\/ariens-zero-turn-apex-52-rd-my25.png\",\"width\":1024,\"height\":720},{\"@type\":\"BreadcrumbList\",\"@id\":\"https:\\\/\\\/www.ariens.eu\\\/hu\\\/product\\\/zero-turn-mowers\\\/apex-series\\\/apex-48r\\\/#breadcrumb\",\"itemListElement\":[{\"@type\":\"ListItem\",\"position\":1,\"name\":\"Home\",\"item\":\"https:\\\/\\\/www.ariens.eu\\\/hu\\\/\"},{\"@type\":\"ListItem\",\"position\":2,\"name\":\"Shop\",\"item\":\"https:\\\/\\\/www.ariens.eu\\\/hu\\\/shop\\\/\"},{\"@type\":\"ListItem\",\"position\":3,\"name\":\"APEX 48R\"}]},{\"@type\":\"WebSite\",\"@id\":\"https:\\\/\\\/www.ariens.eu\\\/hu\\\/#website\",\"url\":\"https:\\\/\\\/www.ariens.eu\\\/hu\\\/\",\"name\":\"Ariens | EMEAA\",\"description\":\"Powerful and reliable zero-turn mowers &amp; snow blowers for professional users and demanding private customers\",\"publisher\":{\"@id\":\"https:\\\/\\\/www.ariens.eu\\\/hu\\\/#organization\"},\"potentialAction\":[{\"@type\":\"SearchAction\",\"target\":{\"@type\":\"EntryPoint\",\"urlTemplate\":\"https:\\\/\\\/www.ariens.eu\\\/hu\\\/?s={search_term_string}\"},\"query-input\":{\"@type\":\"PropertyValueSpecification\",\"valueRequired\":true,\"valueName\":\"search_term_string\"}}],\"inLanguage\":\"hu\"},{\"@type\":\"Organization\",\"@id\":\"https:\\\/\\\/www.ariens.eu\\\/hu\\\/#organization\",\"name\":\"AriensCo GmbH\",\"url\":\"https:\\\/\\\/www.ariens.eu\\\/hu\\\/\",\"logo\":{\"@type\":\"ImageObject\",\"inLanguage\":\"hu\",\"@id\":\"https:\\\/\\\/www.ariens.eu\\\/hu\\\/#\\\/schema\\\/logo\\\/image\\\/\",\"url\":\"https:\\\/\\\/www.ariens.eu\\\/wp-content\\\/uploads\\\/2024\\\/11\\\/ariens-co-logo.jpg\",\"contentUrl\":\"https:\\\/\\\/www.ariens.eu\\\/wp-content\\\/uploads\\\/2024\\\/11\\\/ariens-co-logo.jpg\",\"width\":1000,\"height\":1000,\"caption\":\"AriensCo GmbH\"},\"image\":{\"@id\":\"https:\\\/\\\/www.ariens.eu\\\/hu\\\/#\\\/schema\\\/logo\\\/image\\\/\"}}]}<\/script>\n<!-- \/ Yoast SEO plugin. -->","yoast_head_json":{"title":"APEX 48R - Rear discharge zero-turn mower | Ariens","description":"With a rear discharge 122cm (48\") deck and premium Kawasaki FR691 V-Twin 726cc engine, the APEX 48R is ideal for commercial mowing.","robots":{"index":"noindex","follow":"follow","max-snippet":"max-snippet:-1","max-image-preview":"max-image-preview:large","max-video-preview":"max-video-preview:-1"},"og_locale":"hu_HU","og_type":"article","og_title":"APEX 48R - Rear discharge zero-turn mower | Ariens","og_description":"With a rear discharge 122cm (48\") deck and premium Kawasaki FR691 V-Twin 726cc engine, the APEX 48R is ideal for commercial mowing.","og_url":"https:\/\/www.ariens.eu\/hu\/product\/zero-turn-mowers\/apex-series\/apex-48r\/","og_site_name":"Ariens | EMEAA","article_modified_time":"2026-05-05T10:54:38+00:00","og_image":[{"width":1024,"height":720,"url":"https:\/\/www.ariens.eu\/hu\/wp-content\/uploads\/sites\/20\/2024\/05\/ariens-zero-turn-apex-52-rd-my25.png","type":"image\/png"}],"twitter_card":"summary_large_image","twitter_misc":{"Becs\u00fclt olvas\u00e1si id\u0151":"2 perc"},"schema":{"@context":"https:\/\/schema.org","@graph":[{"@type":"WebPage","@id":"https:\/\/www.ariens.eu\/hu\/product\/zero-turn-mowers\/apex-series\/apex-48r\/","url":"https:\/\/www.ariens.eu\/hu\/product\/zero-turn-mowers\/apex-series\/apex-48r\/","name":"APEX 48R - Rear discharge zero-turn mower | Ariens","isPartOf":{"@id":"https:\/\/www.ariens.eu\/hu\/#website"},"primaryImageOfPage":{"@id":"https:\/\/www.ariens.eu\/hu\/product\/zero-turn-mowers\/apex-series\/apex-48r\/#primaryimage"},"image":{"@id":"https:\/\/www.ariens.eu\/hu\/product\/zero-turn-mowers\/apex-series\/apex-48r\/#primaryimage"},"thumbnailUrl":"https:\/\/www.ariens.eu\/hu\/wp-content\/uploads\/sites\/20\/2024\/05\/ariens-zero-turn-apex-52-rd-my25.png","datePublished":"2024-05-10T10:04:36+00:00","dateModified":"2026-05-05T10:54:38+00:00","description":"With a rear discharge 122cm (48\") deck and premium Kawasaki FR691 V-Twin 726cc engine, the APEX 48R is ideal for commercial mowing.","breadcrumb":{"@id":"https:\/\/www.ariens.eu\/hu\/product\/zero-turn-mowers\/apex-series\/apex-48r\/#breadcrumb"},"inLanguage":"hu","potentialAction":[{"@type":"ReadAction","target":["https:\/\/www.ariens.eu\/hu\/product\/zero-turn-mowers\/apex-series\/apex-48r\/"]}]},{"@type":"ImageObject","inLanguage":"hu","@id":"https:\/\/www.ariens.eu\/hu\/product\/zero-turn-mowers\/apex-series\/apex-48r\/#primaryimage","url":"https:\/\/www.ariens.eu\/hu\/wp-content\/uploads\/sites\/20\/2024\/05\/ariens-zero-turn-apex-52-rd-my25.png","contentUrl":"https:\/\/www.ariens.eu\/hu\/wp-content\/uploads\/sites\/20\/2024\/05\/ariens-zero-turn-apex-52-rd-my25.png","width":1024,"height":720},{"@type":"BreadcrumbList","@id":"https:\/\/www.ariens.eu\/hu\/product\/zero-turn-mowers\/apex-series\/apex-48r\/#breadcrumb","itemListElement":[{"@type":"ListItem","position":1,"name":"Home","item":"https:\/\/www.ariens.eu\/hu\/"},{"@type":"ListItem","position":2,"name":"Shop","item":"https:\/\/www.ariens.eu\/hu\/shop\/"},{"@type":"ListItem","position":3,"name":"APEX 48R"}]},{"@type":"WebSite","@id":"https:\/\/www.ariens.eu\/hu\/#website","url":"https:\/\/www.ariens.eu\/hu\/","name":"Ariens | EMEAA","description":"Powerful and reliable zero-turn mowers &amp; snow blowers for professional users and demanding private customers","publisher":{"@id":"https:\/\/www.ariens.eu\/hu\/#organization"},"potentialAction":[{"@type":"SearchAction","target":{"@type":"EntryPoint","urlTemplate":"https:\/\/www.ariens.eu\/hu\/?s={search_term_string}"},"query-input":{"@type":"PropertyValueSpecification","valueRequired":true,"valueName":"search_term_string"}}],"inLanguage":"hu"},{"@type":"Organization","@id":"https:\/\/www.ariens.eu\/hu\/#organization","name":"AriensCo GmbH","url":"https:\/\/www.ariens.eu\/hu\/","logo":{"@type":"ImageObject","inLanguage":"hu","@id":"https:\/\/www.ariens.eu\/hu\/#\/schema\/logo\/image\/","url":"https:\/\/www.ariens.eu\/wp-content\/uploads\/2024\/11\/ariens-co-logo.jpg","contentUrl":"https:\/\/www.ariens.eu\/wp-content\/uploads\/2024\/11\/ariens-co-logo.jpg","width":1000,"height":1000,"caption":"AriensCo GmbH"},"image":{"@id":"https:\/\/www.ariens.eu\/hu\/#\/schema\/logo\/image\/"}}]}},"_links":{"self":[{"href":"https:\/\/www.ariens.eu\/hu\/wp-json\/wp\/v2\/product\/2330","targetHints":{"allow":["GET"]}}],"collection":[{"href":"https:\/\/www.ariens.eu\/hu\/wp-json\/wp\/v2\/product"}],"about":[{"href":"https:\/\/www.ariens.eu\/hu\/wp-json\/wp\/v2\/types\/product"}],"replies":[{"embeddable":true,"href":"https:\/\/www.ariens.eu\/hu\/wp-json\/wp\/v2\/comments?post=2330"}],"wp:featuredmedia":[{"embeddable":true,"href":"https:\/\/www.ariens.eu\/hu\/wp-json\/wp\/v2\/media\/5099"}],"wp:attachment":[{"href":"https:\/\/www.ariens.eu\/hu\/wp-json\/wp\/v2\/media?parent=2330"}],"wp:term":[{"taxonomy":"product_brand","embeddable":true,"href":"https:\/\/www.ariens.eu\/hu\/wp-json\/wp\/v2\/product_brand?post=2330"},{"taxonomy":"product_cat","embeddable":true,"href":"https:\/\/www.ariens.eu\/hu\/wp-json\/wp\/v2\/product_cat?post=2330"},{"taxonomy":"product_tag","embeddable":true,"href":"https:\/\/www.ariens.eu\/hu\/wp-json\/wp\/v2\/product_tag?post=2330"}],"curies":[{"name":"wp","href":"https:\/\/api.w.org\/{rel}","templated":true}]}}