{"id":2336,"date":"2024-05-10T11:04:36","date_gmt":"2024-05-10T10:04:36","guid":{"rendered":"https:\/\/www.ariens.eu\/product\/zenith-60r\/"},"modified":"2026-05-05T11:54:38","modified_gmt":"2026-05-05T10:54:38","slug":"zenith-60r","status":"publish","type":"product","link":"https:\/\/www.ariens.eu\/hu\/product\/zero-turn-mowers\/zenith-series\/zenith-60r","title":{"rendered":"ZENITH 60R"},"content":{"rendered":"<div class=\"acfd-block acfd-block__twocolumns container-fluid px-0 bg-default\">\n<div class=\"acfd-twocolumns\">\n<div class=\"row\">\n<div class='col-lg-9 mb-4 '>\n<div class=\"acfd-block acfd-block__headline container-fluid px-0 bg-default\">\n<div class=\"acfd-headline\" >\n<h2 class='h2 text-left li_black'>Az a teljes\u00edtm\u00e9ny \u00e9s k\u00e9nyelmes haszn\u00e1lat, amit a k\u00f6zigazgat\u00e1si felhaszn\u00e1l\u00f3k szeretn\u00e9nek \u2013 h\u00e1ts\u00f3 ki\u00fcr\u00edt\u00e9ssel<\/h2>\n<\/p><\/div>\n<\/div><\/div>\n<div class='col-lg'>                    <\/div>\n<\/p><\/div>\n<\/div>\n<\/div>\n<div class=\"acfd-block acfd-block__twocolumns mb-asm-1 container-fluid px-0 bg-default\">\n<div class=\"acfd-twocolumns\">\n<div class=\"row\">\n<div class='col-lg-9 mb-4 '>\n<div class=\"acfd-block acfd-block__text container-fluid px-0 bg-default\">\n<div class=\"acfd-text li_black\">\n<p>Minden tapasztalatunk egy g\u00e9pben a mindennapi, profi \u00e9s k\u00f6zigazgat\u00e1si haszn\u00e1latra. A maximum teljes\u00edtm\u00e9ny, tart\u00f3ss\u00e1g \u00e9s k\u00e9nyelmes haszn\u00e1lat. R\u00e1 lehet sz\u00e1m\u00edtani. Minden nap.<\/p>\n<p>A val\u00f3di ny\u00edr\u00f3 profik \u00e9s nagy ter\u00fcletek v\u00e1laszt\u00e1sa. A ZENITH 60R &#8220;R&#8221; bet\u0171je a &#8220;h\u00e1ts\u00f3 ki\u00fcr\u00edt\u00e9s&#8221;-re \u00e1ll. A leny\u00edrt f\u0171 a kerekek k\u00f6z\u00f6tt, h\u00e1tul ker\u00fcl ki\u00fcr\u00edt\u00e9sre. El\u0151ny: A leny\u00edrt anyag nem ker\u00fcl a j\u00e1rd\u00e1kra vagy vir\u00e1g\u00e1gy\u00e1sokba. Kawasaki profi FX730V motor, 726 cm3 dupla l\u00e9gsz\u0171r\u0151vel. Felf\u00fcggesztett ker\u00e9kvilla \u00e9s puha, \u00e1ll\u00edthat\u00f3 komfort \u00fcl\u00e9s a maxim\u00e1lis vezet\u00e9si k\u00e9nyelem\u00e9rt. Profi ny\u00edr\u00f3fej 152 cm v\u00e1g\u00e1si sz\u00e9less\u00e9ggel. Oldals\u00f3 ki\u00fcr\u00edt\u00e9ssel vagy opcion\u00e1lis Muchkit-tel haszn\u00e1lhat\u00f3. ROPS-szal \u00e9s profi garanci\u00e1val standardk\u00e9nt.<\/p>\n<ul>\n<li>A ZENITH 60R 152 cm (60&#8243;) hegesztett, h\u00e1ts\u00f3 ki\u00fcr\u00edt\u00e9s\u0171 ny\u00edr\u00f3fejjel rendelkezik, amely er\u0151s 10 gauge ac\u00e9lb\u00f3l k\u00e9sz\u00fclt<\/li>\n<li>Kawasaki<sup><sup>&reg;<\/sup><\/sup> FX730V V-Twin motorral van felszerelve<\/li>\n<li>Ipari szempontb\u00f3l vezet\u0151, teljesen hegesztett ac\u00e9lcs\u0151 kerettel<\/li>\n<li>A Constans \u00c9ksz\u00edj Feszess\u00e9g (CBT) rendszer meghosszabb\u00edtja az \u00e9ksz\u00edj \u00e9lettartam\u00e1t<\/li>\n<li>ROPS standardk\u00e9nt van felszerelve a vezet\u0151 tov\u00e1bbi v\u00e9delm\u00e9re<\/li>\n<li>El\u00f6l felf\u00fcggesztett ker\u00e9kvilla \u00e9s teljes felf\u00fcggeszt\u00e9s\u0171 \u00fcl\u00e9s a sim\u00e1bb vezet\u00e9s\u00e9rt<\/li>\n<li>L\u00e1bbal m\u0171k\u00f6dtetett, f\u00fcgg\u0151leges t\u0171 v\u00e1laszt\u00f3 ny\u00edr\u00f3fej emel\u0151 rendszer 15 v\u00e1g\u00e1si poz\u00edci\u00f3val<\/li>\n<li>Opcion\u00e1lis kieg\u00e9sz\u00edt\u0151k sz\u00e9les v\u00e1laszt\u00e9ka el\u00e9rhet\u0151<\/li>\n<li>4 \u00e9v vagy 750 \u00f3ra garancia<\/li>\n<\/ul>\n<\/div>\n<\/div><\/div>\n<div class='col-lg'>                    <\/div>\n<\/p><\/div>\n<\/div>\n<\/div>\n<div class=\"acfd-block acfd-block__category mb-asm-3 container-fluid px-0 bg-default\">\n<div class=\"acfd-product-categories\">\n<h2 class=\"text-left mb-3\">\n        Applications    <\/h2>\n<div class=\"product-categories_wrapper\">\n         <span\n                data-description=\"Do you mow for many hours or even days or weeks at a time? Do you use your machine commercially and earn your money with it? Then you need a particularly reliable and comfortable machine with durable components.\"                class=\"product-category-single\"> PRO                <sup><i class=\"fa fa-info-circle\" aria-hidden=\"true\"><\/i><\/sup>            <\/span>  <span\n                data-description=\"Our mowers are equipped with high-quality Kawasaki<sup>&reg;<\/sup> or Ariens engines. They deliver above-average performance and reliability.\"                class=\"product-category-single\"> Petrol                <sup><i class=\"fa fa-info-circle\" aria-hidden=\"true\"><\/i><\/sup>            <\/span>  <span\n                data-description=\"Ariens ride-on mowers offer a high level of comfort. We use high-quality seats from the entry-level model upwards. Ample legroom and ergonomic controls are standard.\"                class=\"product-category-single\"> Ride-On (sitting)                <sup><i class=\"fa fa-info-circle\" aria-hidden=\"true\"><\/i><\/sup>            <\/span>  <span\n                data-description=\"Med APEX- og ZENITH-modellerne kan du v\u00e6lge mellem pl\u00e6neklippere med sideudkast og bagudkast. En pl\u00e6neklipper med bagudkast er lukket i siden og kaster det afklippede gr\u00e6s bagud. Fordelen er, at der ikke kastes gr\u00e6s p\u00e5 stier eller bede, og at der i mods\u00e6tning til et bioklipss\u00e6t ogs\u00e5 kan klippes h\u00f8jt gr\u00e6s. Pl\u00e6neklippere med bagudkast bruges ofte i den kommunale sektor.\"                class=\"product-category-single\"> Rear discharge                <sup><i class=\"fa fa-info-circle\" aria-hidden=\"true\"><\/i><\/sup>            <\/span>  <span\n                data-description=\"Alle Ariens-pl\u00e6neklippere er velegnede til flade gr\u00e6spl\u00e6ner. V\u00e6lg din klippebredde i henhold til st\u00f8rrelsen p\u00e5 dit omr\u00e5de og eventuelle begr\u00e6nsende smalle omr\u00e5der.\"                class=\"product-category-single\"> Fladt terr\u00e6n                <sup><i class=\"fa fa-info-circle\" aria-hidden=\"true\"><\/i><\/sup>            <\/span>  <span\n                data-description=\"Ariens-pl\u00e6neklippere klarer sig godt p\u00e5 uj\u00e6vnt terr\u00e6n. Til uj\u00e6vnt terr\u00e6n skal du v\u00e6lge smallere klippeaggregater for at opn\u00e5 et mere ensartet klippem\u00f8nster.\"                class=\"product-category-single\"> Uj\u00e6vnt terr\u00e6n                <sup><i class=\"fa fa-info-circle\" aria-hidden=\"true\"><\/i><\/sup>            <\/span>  <span\n                data-description=\"Det anbefales \u00e5 velge en maskin med brede hjul. Ikke overskrid den angitte sikkerhetsgrensen p\u00e5 15\u00b0 helling for sitteklippere og 20\u00b0 for st\u00e5ende klippere. P\u00e5 ujevnt terreng b\u00f8r du velge et smalere klippeaggregat for et mer jevnt klipperesultat. ZENITH-modellen leveres med veltesikring (ROPS) som standard, og dette kan ettermonteres p\u00e5 APEX.\"                class=\"product-category-single\"> Kupert terreng                <sup><i class=\"fa fa-info-circle\" aria-hidden=\"true\"><\/i><\/sup>            <\/span>     <\/div>\n<\/div>\n<\/div>\n<div class=\"acfd-block acfd-block__twocolumns container-fluid container-fluid--force px-0 bg-default\">\n<div class=\"acfd-twocolumns\">\n<div class=\"row\">\n<div class='col-lg-12 mb-4 '>\n<div class=\"acfd-product-advantages--wrapper\">\n<h2 class=\"h1 bigger text-color-black text-center mb-5\">\n        Features &#038; Benefits    <\/h2>\n<div class=\"acfd-product-advantages\">\n<div class=\"row\">\n<div class=\"col-md-6 mb-4 content\">\n                    <span class=\"d-block h5 text-color-brand mb-1\">Az ipar\u00e1gat vezet\u0151 kerettervez\u00e9s<\/span><\/p>\n<p>Nagy m\u00e9ret\u0171 cs\u00f6ves keret \u00e9s minim\u00e1lis hegeszt\u00e9si varratok az aut\u00f3s hajl\u00edt\u00e1si technol\u00f3gia k\u00f6sz\u00f6nhet\u0151en, amelyek a g\u00e9p terhel\u00e9seit p\u00e9ld\u00e1tlan er\u0151vel \u00e9s stabilit\u00e1ssal viselik el.<\/p>\n<\/p><\/div>\n<div class=\"col-md-6 mb4 image\"  style=\"background-image:url(https:\/\/www.ariens.eu\/hu\/wp-content\/uploads\/sites\/20\/2024\/05\/frame.webp)\">\n                <\/div>\n<\/p><\/div>\n<div class=\"row\">\n<div class=\"col-md-6 mb-4 content\">\n                    <span class=\"d-block h5 text-color-brand mb-1\">\u00daj ENVY kasza<\/span><\/p>\n<p>A kasza a legjobban terheltt alkatr\u00e9sz a f\u0171ny\u00edr\u00f3kon. Itt k\u00fcl\u00f6n\u00f6sen fontos a stabilit\u00e1s: Az \u00faj ENVY kasz\u00e1nak javult a leveg\u0151\u00e1raml\u00e1s \u00e9s nagyobb a kipufog\u00f3. A fekv\u0151 f\u0171 magasabbra emelkedik \u00e9s t\u00f6k\u00e9letesen v\u00e1g. 4 ponton felf\u00fcggesztve a tart\u00f3s r\u00f6gz\u00edt\u00e9s \u00e9s p\u00e1rhuzamoss\u00e1g \u00e9rdek\u00e9ben. Tov\u00e1bb\u00e1 a pengespindlek kov\u00e1csolt alum\u00edniumb\u00f3l k\u00e9sz\u00fclnek. H\u0171v\u00f6sebb fut\u00e1s \u00e9s nagyobb \u00fctk\u00f6z\u00e9s- \u00e9s rezg\u00e9s\u00e1ll\u00f3s\u00e1g, mint az \u00f6nt\u00f6tt spindlekn\u00e9l. Standard a 2025-\u00f6s szezon sor\u00e1n az APEX \u00e9s ZENITH g\u00e9peken &amp; az \u00faj IKON-on.<\/p>\n<\/p><\/div>\n<div class=\"col-md-6 mb4 image\"  style=\"background-image:url(https:\/\/www.ariens.eu\/hu\/wp-content\/uploads\/sites\/20\/2024\/08\/envy-deck-52.png)\">\n                <\/div>\n<\/p><\/div>\n<div class=\"row\">\n<div class=\"col-md-6 mb-4 content\">\n                    <span class=\"d-block h5 text-color-brand mb-1\">Automatikus sz\u00edjfesz\u00edt\u0151 rendszer<\/span><\/p>\n<p>Az automatikus CBT (Constant Belt Tension) technol\u00f3gia \u00e1lland\u00f3an fenntartja a kaszah\u00e1z sz\u00edj\u00e1nak feszess\u00e9g\u00e9t. Ez n\u00f6veli a sz\u00edj \u00e9lettartam\u00e1t, kompenz\u00e1lja a kop\u00e1st \u00e9s megakad\u00e1lyozza a sz\u00edj cs\u00fasz\u00e1s\u00e1t, biztos\u00edtva a mindig magas min\u0151s\u00e9g\u0171 ny\u00edr\u00e1si mint\u00e1zatot.<\/p>\n<\/p><\/div>\n<div class=\"col-md-6 mb4 image\"  style=\"background-image:url(https:\/\/www.ariens.eu\/hu\/wp-content\/uploads\/sites\/20\/2024\/05\/apex-feature-3.webp)\">\n                <\/div>\n<\/p><\/div>\n<div class=\"row\">\n<div class=\"col-md-6 mb-4 content\">\n                    <span class=\"d-block h5 text-color-brand mb-1\">Kaszninyemel\u0151 ped\u00e1l m\u0171k\u00f6dtet\u00e9ssel<\/span><\/p>\n<p>A szil\u00e1rd kasznit egy ped\u00e1l seg\u00edts\u00e9g\u00e9vel k\u00f6nnyed\u00e9n \u00e9s k\u00e9nyelmesen lehet megemelni. A 3,8 &#8211; 12,7 cm k\u00f6z\u00f6tti 15 v\u00e1g\u00e1si magass\u00e1g k\u00f6z\u00fcl a k\u00edv\u00e1ntat egy f\u00e9mdugas behelyez\u00e9s\u00e9vel lehet kiv\u00e1lasztani a kijelz\u0151n l\u00e9v\u0151 megfelel\u0151 m\u00e9lyed\u00e9sbe.<\/p>\n<\/p><\/div>\n<div class=\"col-md-6 mb4 image\"  style=\"background-image:url(https:\/\/www.ariens.eu\/hu\/wp-content\/uploads\/sites\/20\/2024\/08\/cutting-height-adjustment-1.png)\">\n                <\/div>\n<\/p><\/div>\n<div class=\"row\">\n<div class=\"col-md-6 mb-4 content\">\n                    <span class=\"d-block h5 text-color-brand mb-1\">Teljesen \u00e1ll\u00edthat\u00f3 komfort \u00fcl\u00e9s<\/span><\/p>\n<p>A maxim\u00e1lis vezet\u00e9si komfort l\u00e9nyeges a produkt\u00edv \u00e9s biztons\u00e1gos munk\u00e1hoz hossz\u00fa \u00f3r\u00e1kon kereszt\u00fcl. A kem\u00e9ny \u00fct\u00e9sek \u00e9s rezg\u00e9sek t\u00e1vol tart\u00e1sa a vezet\u0151t\u0151l k\u00fcl\u00f6n\u00f6sen fontos az \u0151 j\u00f3l\u00e9t\u00e9re \u00e9s eg\u00e9szs\u00e9g\u00e9re. A vezet\u0151 \u00fcl\u00e9s\u00e9nek hidropneumatikus felf\u00fcggeszt\u00e9se pontosan be\u00e1ll\u00edthat\u00f3 a vezet\u0151 tests\u00faly\u00e1hoz. Az \u00e1ll\u00edthat\u00f3 karf\u00e1k \u00e9s a magas h\u00e1tt\u00e1mla lehet\u0151v\u00e9 teszik a vezet\u0151 sz\u00e1m\u00e1ra, hogy megtal\u00e1lja az ide\u00e1lis \u00fcl\u00e9si poz\u00edci\u00f3j\u00e1t.<\/p>\n<\/p><\/div>\n<div class=\"col-md-6 mb4 image\"  style=\"background-image:url(https:\/\/www.ariens.eu\/hu\/wp-content\/uploads\/sites\/20\/2024\/05\/ariens-zenith-zero-turn-suspension-seat.webp)\">\n                <\/div>\n<\/p><\/div>\n<div class=\"row\">\n<div class=\"col-md-6 mb-4 content\">\n                    <span class=\"d-block h5 text-color-brand mb-1\">ROPS<\/span><\/p>\n<p>A standard billent\u00e9si v\u00e9delmi rendszer (ROPS) biztons\u00e1gi \u00f6vvel tov\u00e1bbi v\u00e9delmet ny\u00fajt a vezet\u0151nek. \u00d6sszecsukhat\u00f3 \u00e9s ergonomikusan h\u00e1trad\u00f6nt\u00f6tt, hogy elker\u00fclje a k\u00e9nyelmetlen k\u00f6ny\u00f6k\u00fctk\u00f6z\u00e9seket a vezet\u00e9s sor\u00e1n.<\/p>\n<\/p><\/div>\n<div class=\"col-md-6 mb4 image\"  style=\"background-image:url(https:\/\/www.ariens.eu\/hu\/wp-content\/uploads\/sites\/20\/2024\/05\/ariens-zenith-zero-turn-feature5-rops.webp)\">\n                <\/div>\n<\/p><\/div>\n<div class=\"row\">\n<div class=\"col-md-6 mb-4 content\">\n                    <span class=\"d-block h5 text-color-brand mb-1\">\u00datforgalmi enged\u00e9lyez\u00e9si f\u00e9nyszett<\/span><\/p>\n<p>\u00daj f\u00e9nyszett \u00e9rhet\u0151 el a k\u00f6zutakon val\u00f3 haszn\u00e1latra. Szakosodott keresked\u0151k \u00e1ltal t\u00f6rt\u00e9n\u0151 beszerel\u00e9s.<\/p>\n<\/p><\/div>\n<div class=\"col-md-6 mb4 image\"  style=\"background-image:url(https:\/\/www.ariens.eu\/hu\/wp-content\/uploads\/sites\/20\/2024\/08\/stvzo-lichtkit-1.png)\">\n                <\/div>\n<\/p><\/div>\n<\/p><\/div>\n<\/div><\/div>\n<div class='col-lg'>                    <\/div>\n<\/p><\/div>\n<\/div>\n<\/div>\n","protected":false},"excerpt":{"rendered":"<p>Az a teljes\u00edtm\u00e9ny \u00e9s k\u00e9nyelmes haszn\u00e1lat, amit a k\u00f6zigazgat\u00e1si felhaszn\u00e1l\u00f3k szeretn\u00e9nek \u2013 h\u00e1ts\u00f3 ki\u00fcr\u00edt\u00e9ssel Minden tapasztalatunk egy g\u00e9pben a mindennapi, profi \u00e9s k\u00f6zigazgat\u00e1si haszn\u00e1latra. A maximum teljes\u00edtm\u00e9ny, tart\u00f3ss\u00e1g \u00e9s k\u00e9nyelmes haszn\u00e1lat. R\u00e1 lehet sz\u00e1m\u00edtani. Minden nap. A val\u00f3di ny\u00edr\u00f3 profik \u00e9s nagy ter\u00fcletek v\u00e1laszt\u00e1sa. A ZENITH 60R &#8220;R&#8221; bet\u0171je a &#8220;h\u00e1ts\u00f3 ki\u00fcr\u00edt\u00e9s&#8221;-re \u00e1ll. A leny\u00edrt [&hellip;]<\/p>\n","protected":false},"featured_media":5101,"comment_status":"open","ping_status":"closed","template":"","meta":{"_acf_changed":false,"_relevanssi_hide_post":"","_relevanssi_hide_content":"","_relevanssi_pin_for_all":"","_relevanssi_pin_keywords":"","_relevanssi_unpin_keywords":"","_relevanssi_related_keywords":"","_relevanssi_related_include_ids":"","_relevanssi_related_exclude_ids":"","_relevanssi_related_no_append":"","_relevanssi_related_not_related":"","_relevanssi_related_posts":"","_relevanssi_noindex_reason":""},"product_brand":[],"product_cat":[15],"product_tag":[],"class_list":{"0":"post-2336","1":"product","2":"type-product","3":"status-publish","4":"has-post-thumbnail","6":"product_variant-zenith-series","7":"product_usage_areas-janitorial-services","8":"product_usage_areas-municipalities-building-yards","9":"product_usage_areas-service-providers","11":"first","12":"instock","13":"shipping-taxable","14":"product-type-simple"},"acf":[],"yoast_head":"<!-- This site is optimized with the Yoast SEO plugin v27.3 - https:\/\/yoast.com\/product\/yoast-seo-wordpress\/ -->\n<title>ZENITH 60R - Ariens largest, commercial rear discharge zero-turn<\/title>\n<meta name=\"description\" content=\"With its commercial Kawasaki FX730v 726cc engine and 152cm (60&quot;) rear discharge cutting deck, the ZENITH 60R is the professional&#039;s choice.\" \/>\n<meta name=\"robots\" content=\"noindex, follow, max-snippet:-1, max-image-preview:large, max-video-preview:-1\" \/>\n<meta property=\"og:locale\" content=\"hu_HU\" \/>\n<meta property=\"og:type\" content=\"article\" \/>\n<meta property=\"og:title\" content=\"ZENITH 60R - Ariens largest, commercial rear discharge zero-turn\" \/>\n<meta property=\"og:description\" content=\"With its commercial Kawasaki FX730v 726cc engine and 152cm (60&quot;) rear discharge cutting deck, the ZENITH 60R is the professional&#039;s choice.\" \/>\n<meta property=\"og:url\" content=\"https:\/\/www.ariens.eu\/hu\/product\/zero-turn-mowers\/zenith-series\/zenith-60r\/\" \/>\n<meta property=\"og:site_name\" content=\"Ariens | EMEAA\" \/>\n<meta property=\"article:modified_time\" content=\"2026-05-05T10:54:38+00:00\" \/>\n<meta property=\"og:image\" content=\"https:\/\/www.ariens.eu\/hu\/wp-content\/uploads\/sites\/20\/2024\/05\/ariens-zero-turn-zenith-52-rd-my25.png\" \/>\n\t<meta property=\"og:image:width\" content=\"1024\" \/>\n\t<meta property=\"og:image:height\" content=\"720\" \/>\n\t<meta property=\"og:image:type\" content=\"image\/png\" \/>\n<meta name=\"twitter:card\" content=\"summary_large_image\" \/>\n<meta name=\"twitter:label1\" content=\"Becs\u00fclt olvas\u00e1si id\u0151\" \/>\n\t<meta name=\"twitter:data1\" content=\"3 perc\" \/>\n<script type=\"application\/ld+json\" class=\"yoast-schema-graph\">{\"@context\":\"https:\\\/\\\/schema.org\",\"@graph\":[{\"@type\":\"WebPage\",\"@id\":\"https:\\\/\\\/www.ariens.eu\\\/hu\\\/product\\\/zero-turn-mowers\\\/zenith-series\\\/zenith-60r\\\/\",\"url\":\"https:\\\/\\\/www.ariens.eu\\\/hu\\\/product\\\/zero-turn-mowers\\\/zenith-series\\\/zenith-60r\\\/\",\"name\":\"ZENITH 60R - Ariens largest, commercial rear discharge zero-turn\",\"isPartOf\":{\"@id\":\"https:\\\/\\\/www.ariens.eu\\\/hu\\\/#website\"},\"primaryImageOfPage\":{\"@id\":\"https:\\\/\\\/www.ariens.eu\\\/hu\\\/product\\\/zero-turn-mowers\\\/zenith-series\\\/zenith-60r\\\/#primaryimage\"},\"image\":{\"@id\":\"https:\\\/\\\/www.ariens.eu\\\/hu\\\/product\\\/zero-turn-mowers\\\/zenith-series\\\/zenith-60r\\\/#primaryimage\"},\"thumbnailUrl\":\"https:\\\/\\\/www.ariens.eu\\\/hu\\\/wp-content\\\/uploads\\\/sites\\\/20\\\/2024\\\/05\\\/ariens-zero-turn-zenith-52-rd-my25.png\",\"datePublished\":\"2024-05-10T10:04:36+00:00\",\"dateModified\":\"2026-05-05T10:54:38+00:00\",\"description\":\"With its commercial Kawasaki FX730v 726cc engine and 152cm (60\\\") rear discharge cutting deck, the ZENITH 60R is the professional's choice.\",\"breadcrumb\":{\"@id\":\"https:\\\/\\\/www.ariens.eu\\\/hu\\\/product\\\/zero-turn-mowers\\\/zenith-series\\\/zenith-60r\\\/#breadcrumb\"},\"inLanguage\":\"hu\",\"potentialAction\":[{\"@type\":\"ReadAction\",\"target\":[\"https:\\\/\\\/www.ariens.eu\\\/hu\\\/product\\\/zero-turn-mowers\\\/zenith-series\\\/zenith-60r\\\/\"]}]},{\"@type\":\"ImageObject\",\"inLanguage\":\"hu\",\"@id\":\"https:\\\/\\\/www.ariens.eu\\\/hu\\\/product\\\/zero-turn-mowers\\\/zenith-series\\\/zenith-60r\\\/#primaryimage\",\"url\":\"https:\\\/\\\/www.ariens.eu\\\/hu\\\/wp-content\\\/uploads\\\/sites\\\/20\\\/2024\\\/05\\\/ariens-zero-turn-zenith-52-rd-my25.png\",\"contentUrl\":\"https:\\\/\\\/www.ariens.eu\\\/hu\\\/wp-content\\\/uploads\\\/sites\\\/20\\\/2024\\\/05\\\/ariens-zero-turn-zenith-52-rd-my25.png\",\"width\":1024,\"height\":720},{\"@type\":\"BreadcrumbList\",\"@id\":\"https:\\\/\\\/www.ariens.eu\\\/hu\\\/product\\\/zero-turn-mowers\\\/zenith-series\\\/zenith-60r\\\/#breadcrumb\",\"itemListElement\":[{\"@type\":\"ListItem\",\"position\":1,\"name\":\"Home\",\"item\":\"https:\\\/\\\/www.ariens.eu\\\/hu\\\/\"},{\"@type\":\"ListItem\",\"position\":2,\"name\":\"Shop\",\"item\":\"https:\\\/\\\/www.ariens.eu\\\/hu\\\/shop\\\/\"},{\"@type\":\"ListItem\",\"position\":3,\"name\":\"ZENITH 60R\"}]},{\"@type\":\"WebSite\",\"@id\":\"https:\\\/\\\/www.ariens.eu\\\/hu\\\/#website\",\"url\":\"https:\\\/\\\/www.ariens.eu\\\/hu\\\/\",\"name\":\"Ariens | EMEAA\",\"description\":\"Powerful and reliable zero-turn mowers &amp; snow blowers for professional users and demanding private customers\",\"publisher\":{\"@id\":\"https:\\\/\\\/www.ariens.eu\\\/hu\\\/#organization\"},\"potentialAction\":[{\"@type\":\"SearchAction\",\"target\":{\"@type\":\"EntryPoint\",\"urlTemplate\":\"https:\\\/\\\/www.ariens.eu\\\/hu\\\/?s={search_term_string}\"},\"query-input\":{\"@type\":\"PropertyValueSpecification\",\"valueRequired\":true,\"valueName\":\"search_term_string\"}}],\"inLanguage\":\"hu\"},{\"@type\":\"Organization\",\"@id\":\"https:\\\/\\\/www.ariens.eu\\\/hu\\\/#organization\",\"name\":\"AriensCo GmbH\",\"url\":\"https:\\\/\\\/www.ariens.eu\\\/hu\\\/\",\"logo\":{\"@type\":\"ImageObject\",\"inLanguage\":\"hu\",\"@id\":\"https:\\\/\\\/www.ariens.eu\\\/hu\\\/#\\\/schema\\\/logo\\\/image\\\/\",\"url\":\"https:\\\/\\\/www.ariens.eu\\\/wp-content\\\/uploads\\\/2024\\\/11\\\/ariens-co-logo.jpg\",\"contentUrl\":\"https:\\\/\\\/www.ariens.eu\\\/wp-content\\\/uploads\\\/2024\\\/11\\\/ariens-co-logo.jpg\",\"width\":1000,\"height\":1000,\"caption\":\"AriensCo GmbH\"},\"image\":{\"@id\":\"https:\\\/\\\/www.ariens.eu\\\/hu\\\/#\\\/schema\\\/logo\\\/image\\\/\"}}]}<\/script>\n<!-- \/ Yoast SEO plugin. -->","yoast_head_json":{"title":"ZENITH 60R - Ariens largest, commercial rear discharge zero-turn","description":"With its commercial Kawasaki FX730v 726cc engine and 152cm (60\") rear discharge cutting deck, the ZENITH 60R is the professional's choice.","robots":{"index":"noindex","follow":"follow","max-snippet":"max-snippet:-1","max-image-preview":"max-image-preview:large","max-video-preview":"max-video-preview:-1"},"og_locale":"hu_HU","og_type":"article","og_title":"ZENITH 60R - Ariens largest, commercial rear discharge zero-turn","og_description":"With its commercial Kawasaki FX730v 726cc engine and 152cm (60\") rear discharge cutting deck, the ZENITH 60R is the professional's choice.","og_url":"https:\/\/www.ariens.eu\/hu\/product\/zero-turn-mowers\/zenith-series\/zenith-60r\/","og_site_name":"Ariens | EMEAA","article_modified_time":"2026-05-05T10:54:38+00:00","og_image":[{"width":1024,"height":720,"url":"https:\/\/www.ariens.eu\/hu\/wp-content\/uploads\/sites\/20\/2024\/05\/ariens-zero-turn-zenith-52-rd-my25.png","type":"image\/png"}],"twitter_card":"summary_large_image","twitter_misc":{"Becs\u00fclt olvas\u00e1si id\u0151":"3 perc"},"schema":{"@context":"https:\/\/schema.org","@graph":[{"@type":"WebPage","@id":"https:\/\/www.ariens.eu\/hu\/product\/zero-turn-mowers\/zenith-series\/zenith-60r\/","url":"https:\/\/www.ariens.eu\/hu\/product\/zero-turn-mowers\/zenith-series\/zenith-60r\/","name":"ZENITH 60R - Ariens largest, commercial rear discharge zero-turn","isPartOf":{"@id":"https:\/\/www.ariens.eu\/hu\/#website"},"primaryImageOfPage":{"@id":"https:\/\/www.ariens.eu\/hu\/product\/zero-turn-mowers\/zenith-series\/zenith-60r\/#primaryimage"},"image":{"@id":"https:\/\/www.ariens.eu\/hu\/product\/zero-turn-mowers\/zenith-series\/zenith-60r\/#primaryimage"},"thumbnailUrl":"https:\/\/www.ariens.eu\/hu\/wp-content\/uploads\/sites\/20\/2024\/05\/ariens-zero-turn-zenith-52-rd-my25.png","datePublished":"2024-05-10T10:04:36+00:00","dateModified":"2026-05-05T10:54:38+00:00","description":"With its commercial Kawasaki FX730v 726cc engine and 152cm (60\") rear discharge cutting deck, the ZENITH 60R is the professional's choice.","breadcrumb":{"@id":"https:\/\/www.ariens.eu\/hu\/product\/zero-turn-mowers\/zenith-series\/zenith-60r\/#breadcrumb"},"inLanguage":"hu","potentialAction":[{"@type":"ReadAction","target":["https:\/\/www.ariens.eu\/hu\/product\/zero-turn-mowers\/zenith-series\/zenith-60r\/"]}]},{"@type":"ImageObject","inLanguage":"hu","@id":"https:\/\/www.ariens.eu\/hu\/product\/zero-turn-mowers\/zenith-series\/zenith-60r\/#primaryimage","url":"https:\/\/www.ariens.eu\/hu\/wp-content\/uploads\/sites\/20\/2024\/05\/ariens-zero-turn-zenith-52-rd-my25.png","contentUrl":"https:\/\/www.ariens.eu\/hu\/wp-content\/uploads\/sites\/20\/2024\/05\/ariens-zero-turn-zenith-52-rd-my25.png","width":1024,"height":720},{"@type":"BreadcrumbList","@id":"https:\/\/www.ariens.eu\/hu\/product\/zero-turn-mowers\/zenith-series\/zenith-60r\/#breadcrumb","itemListElement":[{"@type":"ListItem","position":1,"name":"Home","item":"https:\/\/www.ariens.eu\/hu\/"},{"@type":"ListItem","position":2,"name":"Shop","item":"https:\/\/www.ariens.eu\/hu\/shop\/"},{"@type":"ListItem","position":3,"name":"ZENITH 60R"}]},{"@type":"WebSite","@id":"https:\/\/www.ariens.eu\/hu\/#website","url":"https:\/\/www.ariens.eu\/hu\/","name":"Ariens | EMEAA","description":"Powerful and reliable zero-turn mowers &amp; snow blowers for professional users and demanding private customers","publisher":{"@id":"https:\/\/www.ariens.eu\/hu\/#organization"},"potentialAction":[{"@type":"SearchAction","target":{"@type":"EntryPoint","urlTemplate":"https:\/\/www.ariens.eu\/hu\/?s={search_term_string}"},"query-input":{"@type":"PropertyValueSpecification","valueRequired":true,"valueName":"search_term_string"}}],"inLanguage":"hu"},{"@type":"Organization","@id":"https:\/\/www.ariens.eu\/hu\/#organization","name":"AriensCo GmbH","url":"https:\/\/www.ariens.eu\/hu\/","logo":{"@type":"ImageObject","inLanguage":"hu","@id":"https:\/\/www.ariens.eu\/hu\/#\/schema\/logo\/image\/","url":"https:\/\/www.ariens.eu\/wp-content\/uploads\/2024\/11\/ariens-co-logo.jpg","contentUrl":"https:\/\/www.ariens.eu\/wp-content\/uploads\/2024\/11\/ariens-co-logo.jpg","width":1000,"height":1000,"caption":"AriensCo GmbH"},"image":{"@id":"https:\/\/www.ariens.eu\/hu\/#\/schema\/logo\/image\/"}}]}},"_links":{"self":[{"href":"https:\/\/www.ariens.eu\/hu\/wp-json\/wp\/v2\/product\/2336","targetHints":{"allow":["GET"]}}],"collection":[{"href":"https:\/\/www.ariens.eu\/hu\/wp-json\/wp\/v2\/product"}],"about":[{"href":"https:\/\/www.ariens.eu\/hu\/wp-json\/wp\/v2\/types\/product"}],"replies":[{"embeddable":true,"href":"https:\/\/www.ariens.eu\/hu\/wp-json\/wp\/v2\/comments?post=2336"}],"wp:featuredmedia":[{"embeddable":true,"href":"https:\/\/www.ariens.eu\/hu\/wp-json\/wp\/v2\/media\/5101"}],"wp:attachment":[{"href":"https:\/\/www.ariens.eu\/hu\/wp-json\/wp\/v2\/media?parent=2336"}],"wp:term":[{"taxonomy":"product_brand","embeddable":true,"href":"https:\/\/www.ariens.eu\/hu\/wp-json\/wp\/v2\/product_brand?post=2336"},{"taxonomy":"product_cat","embeddable":true,"href":"https:\/\/www.ariens.eu\/hu\/wp-json\/wp\/v2\/product_cat?post=2336"},{"taxonomy":"product_tag","embeddable":true,"href":"https:\/\/www.ariens.eu\/hu\/wp-json\/wp\/v2\/product_tag?post=2336"}],"curies":[{"name":"wp","href":"https:\/\/api.w.org\/{rel}","templated":true}]}}