{"id":2343,"date":"2024-05-10T11:04:36","date_gmt":"2024-05-10T10:04:36","guid":{"rendered":"https:\/\/www.ariens.eu\/product\/arrow-32\/"},"modified":"2026-05-05T11:54:39","modified_gmt":"2026-05-05T10:54:39","slug":"arrow-32","status":"publish","type":"product","link":"https:\/\/www.ariens.eu\/hu\/product\/zero-turn-mowers\/arrow-series\/arrow-32","title":{"rendered":"ARROW 32"},"content":{"rendered":"<div class=\"acfd-block acfd-block__twocolumns mb-asm-1 container-fluid px-0 bg-default\">\n<div class=\"acfd-twocolumns\">\n<div class=\"row\">\n<div class='col-lg-9 mb-4 '>\n<div class=\"acfd-block acfd-block__headline container-fluid px-0 bg-default\">\n<div class=\"acfd-headline\" >\n<h2 class='h2 text-left li_black'>A legkisebb kanyarul\u00f3k\u00e9pes \u00e9s legkompaktabb ny\u00edr\u00f3f\u00e9reg. B\u00e1rmely ter\u00fcleten haszn\u00e1lhat\u00f3.<\/h2>\n<\/p><\/div>\n<\/div><\/div>\n<div class='col-lg'>                    <\/div>\n<\/p><\/div>\n<\/div>\n<\/div>\n<div class=\"acfd-block acfd-block__twocolumns mb-asm-2 container-fluid px-0 bg-default\">\n<div class=\"acfd-twocolumns\">\n<div class=\"row\">\n<div class='col-lg-9 mb-4 '>\n<div class=\"acfd-block acfd-block__text container-fluid px-0 bg-default\">\n<div class=\"acfd-text li_black\">\n<p>Az \u00e1ll\u00f3 ny\u00edr\u00f3g\u00e9pek k\u00e9nyelmesek \u00e9s gyorsak, de k\u00fcl\u00f6n\u00f6sen kompaktak, f\u00fcrg\u00e9k \u00e9s helytakar\u00e9kosak. A h\u00e1tizmaid \u00e9s a h\u00e1tad h\u00e1l\u00e1s lesz az egyenes munkatart\u00e1s\u00e9rt.<\/p>\n<p>Standard Kawasaki FS600 motorj\u00e1val \u00e9s 81 cm (32&#8243;) hossz\u00fa ny\u00edr\u00f3deckkel az ARROW 32 \u00e1ll\u00f3 ny\u00edr\u00f3g\u00e9p a kereskedelmi v\u00e1laszt\u00e1s minden ter\u00fclet ny\u00edr\u00e1s\u00e1hoz.<\/p>\n<ul>\n<li>81 cm (32&#8243;) hossz\u00fa, 7 mm-es ac\u00e9llemezb\u0151l k\u00e9sz\u00fclt ny\u00edr\u00f3deckkel rendelkezik<\/li>\n<li>Kawasaki<sup><sup>&reg;<\/sup><\/sup> FS 600 V-Twin 600 cm\u00b3-es motor hajtja<\/li>\n<li>H\u00fcvelyk kiold\u00f3 \u00e9s f\u00fcgg\u0151leges t\u0171 rendszer 15 v\u00e1g\u00e1si poz\u00edci\u00f3val<\/li>\n<li>Sz\u00e1mos opcion\u00e1lis kieg\u00e9sz\u00edt\u0151 el\u00e9rhet\u0151<\/li>\n<li>5 \u00e9ves vagy 1000 \u00f3r\u00e1s garancia \u2013 az els\u0151 2 \u00e9vben nincs \u00f3rakorl\u00e1t<\/li>\n<\/ul>\n<\/div>\n<\/div><\/div>\n<div class='col-lg'>                    <\/div>\n<\/p><\/div>\n<\/div>\n<\/div>\n<div class=\"acfd-block acfd-block__category mb-asm-3 container-fluid px-0 bg-default\">\n<div class=\"acfd-product-categories\">\n<h2 class=\"text-left mb-3\">\n        Applications    <\/h2>\n<div class=\"product-categories_wrapper\">\n         <span\n                data-description=\"Do you mow for many hours or even days or weeks at a time? Do you use your machine commercially and earn your money with it? Then you need a particularly reliable and comfortable machine with durable components.\"                class=\"product-category-single\"> PRO                <sup><i class=\"fa fa-info-circle\" aria-hidden=\"true\"><\/i><\/sup>            <\/span>  <span\n                data-description=\"Our mowers are equipped with high-quality Kawasaki<sup>&reg;<\/sup> or Ariens engines. They deliver above-average performance and reliability.\"                class=\"product-category-single\"> Petrol                <sup><i class=\"fa fa-info-circle\" aria-hidden=\"true\"><\/i><\/sup>            <\/span>  <span\n                data-description=\"When using a suitable mulching kit in your mower, the side discharge is no longer necessary. The clippings are finely shredded and evenly distributed to the rear of the lawn. Any fertilizer applied remains on the surface and the fine grass particles disappear almost invisibly into the lawn.\"                class=\"product-category-single\"> Optional mulching kit                <sup><i class=\"fa fa-info-circle\" aria-hidden=\"true\"><\/i><\/sup>            <\/span>  <span\n                data-description=\"\u00c5 klippe st\u00e5ende gir en rekke fordeler. Blant dem er at f\u00f8reren har full oversikt over hele klippebredden og f\u00e5r sv\u00e6rt h\u00f8y man\u00f8vrerbarhet med disse kompakte maskinene. Brukere med ryggproblemer drar nytte av den ergonomiske arbeidsstillingen. Daglig transport og lagring blir betydelig enklere, og av- og p\u00e5stigning tar bare sekunder. Stand-on klippere er ogs\u00e5 ideelle i smale passasjer og gjennom hageporter.\"                class=\"product-category-single\"> Stand-on (st\u00e5ende plattform)                <sup><i class=\"fa fa-info-circle\" aria-hidden=\"true\"><\/i><\/sup>            <\/span>  <span\n                data-description=\"With the APEX and ZENITH models, you have the choice between side discharge and rear discharge mower decks. A side discharge mower deck ejects the clippings via a side opening and a deflector. The powerful airflow then distributes it over a large area. An optional mulching kit can be installed in side discharge mower decks. When a mulching kit is used, the clippings are finely shredded and ejected to the rear. The side discharge and deflector are then closed or removed.\"                class=\"product-category-single\"> Side discharge                <sup><i class=\"fa fa-info-circle\" aria-hidden=\"true\"><\/i><\/sup>            <\/span>  <span\n                data-description=\"Alle Ariens-pl\u00e6neklippere er velegnede til flade gr\u00e6spl\u00e6ner. V\u00e6lg din klippebredde i henhold til st\u00f8rrelsen p\u00e5 dit omr\u00e5de og eventuelle begr\u00e6nsende smalle omr\u00e5der.\"                class=\"product-category-single\"> Fladt terr\u00e6n                <sup><i class=\"fa fa-info-circle\" aria-hidden=\"true\"><\/i><\/sup>            <\/span>  <span\n                data-description=\"Ariens-pl\u00e6neklippere klarer sig godt p\u00e5 uj\u00e6vnt terr\u00e6n. Til uj\u00e6vnt terr\u00e6n skal du v\u00e6lge smallere klippeaggregater for at opn\u00e5 et mere ensartet klippem\u00f8nster.\"                class=\"product-category-single\"> Uj\u00e6vnt terr\u00e6n                <sup><i class=\"fa fa-info-circle\" aria-hidden=\"true\"><\/i><\/sup>            <\/span>  <span\n                data-description=\"Det anbefales \u00e5 velge en maskin med brede hjul. Ikke overskrid den angitte sikkerhetsgrensen p\u00e5 15\u00b0 helling for sitteklippere og 20\u00b0 for st\u00e5ende klippere. P\u00e5 ujevnt terreng b\u00f8r du velge et smalere klippeaggregat for et mer jevnt klipperesultat. ZENITH-modellen leveres med veltesikring (ROPS) som standard, og dette kan ettermonteres p\u00e5 APEX.\"                class=\"product-category-single\"> Kupert terreng                <sup><i class=\"fa fa-info-circle\" aria-hidden=\"true\"><\/i><\/sup>            <\/span>  <span\n                data-description=\"Use mowing widths of 107 cm and 122 cm on medium to large lawns.\"                class=\"product-category-single\"> Medium-sized areas                <sup><i class=\"fa fa-info-circle\" aria-hidden=\"true\"><\/i><\/sup>            <\/span>  <span\n                data-description=\"Mowing decks 132 cm and 152 cm wide are used effectively on large areas.\"                class=\"product-category-single\"> Large areas                <sup><i class=\"fa fa-info-circle\" aria-hidden=\"true\"><\/i><\/sup>            <\/span>     <\/div>\n<\/div>\n<\/div>\n<div class=\"acfd-block acfd-block__twocolumns mb-asm-2 container-fluid container-fluid--force px-0 bg-default\">\n<div class=\"acfd-twocolumns\">\n<div class=\"row\">\n<div class='col-lg-12 mb-4 '>\n<div class=\"acfd-product-advantages--wrapper\">\n<h2 class=\"h1 bigger text-color-black text-center mb-5\">\n        Features &#038; Benefits    <\/h2>\n<div class=\"acfd-product-advantages\">\n<div class=\"row\">\n<div class=\"col-md-6 mb-4 content\">\n                    <span class=\"d-block h5 text-color-brand mb-1\">K\u00f6nny\u0171 hozz\u00e1f\u00e9r\u00e9s \u00e9s kiv\u00e1l\u00f3 man\u0151verezhet\u0151s\u00e9g<\/span><\/p>\n<p>Mind a 81 cm (32&#8243;), mind a 91 cm (36&#8243;) kaszah\u00e1z k\u00f6nny\u0171 hozz\u00e1f\u00e9r\u00e9st biztos\u00edt a nehezen megk\u00f6zel\u00edthet\u0151 kasz\u00e1l\u00e1si ter\u00fcletekhez, \u00e9s megk\u00f6nny\u00edti a sz\u0171k helyeken v\u00e9gzett munk\u00e1t. A fel- \u00e9s leszerel\u00e9s mind\u00f6ssze m\u00e1sodperceket vesz ig\u00e9nybe.<\/p>\n<\/p><\/div>\n<div class=\"col-md-6 mb4 image\"  style=\"background-image:url(https:\/\/www.ariens.eu\/hu\/wp-content\/uploads\/sites\/20\/2024\/05\/ariens-arrow-standon-zero-turn-narrow-footprint-easy-access.webp)\">\n                <\/div>\n<\/p><\/div>\n<div class=\"row\">\n<div class=\"col-md-6 mb-4 content\">\n                    <span class=\"d-block h5 text-color-brand mb-1\">Hajthat\u00f3 platform<\/span><\/p>\n<p>A vezet\u0151 \u00e1ll\u00f3 helyzete a platformon jobb r\u00e1l\u00e1t\u00e1st biztos\u00edt a v\u00e1g\u00f3fejre, mint a lovas f\u0171ny\u00edr\u00f3 eset\u00e9ben. A vibr\u00e1ci\u00f3 \u00e9s a h\u00e1tra hat\u00f3 \u00fct\u00e9sek cs\u00f6kkentik a vezet\u0151 terhel\u00e9s\u00e9t &#8211; \u00edgy kev\u00e9sb\u00e9 f\u00e1raszt\u00f3 egy munkanap. A platform hajthat\u00f3 mechanizmusa lehet\u0151v\u00e9 teszi a gyors \u00e1talak\u00edt\u00e1st &#8216;\u00e1ll\u00f3&#8217; \u00e9s &#8216;gyalogos&#8217; f\u0171ny\u00edr\u00f3 k\u00f6z\u00f6tt, maxim\u00e1lis rugalmass\u00e1got biztos\u00edtva a felhaszn\u00e1l\u00f3nak sz\u0171k \u00e9s alacsony \u00e1tj\u00e1r\u00f3kban.<\/p>\n<\/p><\/div>\n<div class=\"col-md-6 mb4 image\"  style=\"background-image:url(https:\/\/www.ariens.eu\/hu\/wp-content\/uploads\/sites\/20\/2024\/05\/ariens-arrow-standon-zero-turn-flip-up-suspension-platform.webp)\">\n                <\/div>\n<\/p><\/div>\n<div class=\"row\">\n<div class=\"col-md-6 mb-4 content\">\n                    <span class=\"d-block h5 text-color-brand mb-1\">Szab\u00e1lyozhat\u00f3 sebess\u00e9gvez\u00e9rl\u00e9s<\/span><\/p>\n<p>A vezet\u0151 sz\u00e1m\u00e1ra lehet\u0151v\u00e9 teszi a g\u00e9p maxim\u00e1lis sebess\u00e9g\u00e9nek korl\u00e1toz\u00e1s\u00e1t sz\u0171k munkak\u00f6r\u00fclm\u00e9nyek k\u00f6z\u00f6tt.<\/p>\n<\/p><\/div>\n<div class=\"col-md-6 mb4 image\"  style=\"background-image:url(https:\/\/www.ariens.eu\/hu\/wp-content\/uploads\/sites\/20\/2024\/05\/ariens-arrow-standon-zero-turn-cruise-bar.webp)\">\n                <\/div>\n<\/p><\/div>\n<div class=\"row\">\n<div class=\"col-md-6 mb-4 content\">\n                    <span class=\"d-block h5 text-color-brand mb-1\">M\u0171k\u00f6dtet\u0151 elemek<\/span><\/p>\n<p>Az \u00f6sszes funkci\u00f3 k\u00f6nnyen el\u00e9rhet\u0151 \u00e9s ergonomikusan kezelhet\u0151 a vezet\u0151 poz\u00edci\u00f3j\u00e1b\u00f3l.<\/p>\n<\/p><\/div>\n<div class=\"col-md-6 mb4 image\"  style=\"background-image:url(https:\/\/www.ariens.eu\/hu\/wp-content\/uploads\/sites\/20\/2024\/05\/ariens-arrow-standon-zero-turn-ergonomic-control-panel.webp)\">\n                <\/div>\n<\/p><\/div>\n<div class=\"row\">\n<div class=\"col-md-6 mb-4 content\">\n                    <span class=\"d-block h5 text-color-brand mb-1\">V\u00e1g\u00e1si magass\u00e1g be\u00e1ll\u00edt\u00e1s<\/span><\/p>\n<p>Kevesebb er\u0151fesz\u00edt\u00e9s sz\u00fcks\u00e9ges a kaszah\u00e1z emel\u00e9s\u00e9hez, a l\u00e1bped\u00e1l \u00e9s k\u00e9zi kar, valamint a f\u00fcgg\u0151leges t\u00fcske rendszer kombin\u00e1ci\u00f3ja megk\u00f6nny\u00edti a v\u00e1g\u00e1si magass\u00e1g be\u00e1ll\u00edt\u00e1s\u00e1t.<\/p>\n<\/p><\/div>\n<div class=\"col-md-6 mb4 image\"  style=\"background-image:url(https:\/\/www.ariens.eu\/hu\/wp-content\/uploads\/sites\/20\/2024\/05\/ariens-arrow-standon-zero-turn-easy-deck-height-adjustment.webp)\">\n                <\/div>\n<\/p><\/div>\n<div class=\"row\">\n<div class=\"col-md-6 mb-4 content\">\n                    <span class=\"d-block h5 text-color-brand mb-1\">Pr\u00e9mium motor<\/span><\/p>\n<p>A Kawasaki FS600 V-Twin pr\u00e9mium motor biztos\u00edtja a teljes\u00edtm\u00e9nyt, a teljes\u00edtm\u00e9ny \u00e9s az \u00fczemanyag-hat\u00e9konys\u00e1got.<\/p>\n<\/p><\/div>\n<div class=\"col-md-6 mb4 image\"  style=\"background-image:url(https:\/\/www.ariens.eu\/hu\/wp-content\/uploads\/sites\/20\/2024\/05\/ariens-arrow-standon-zero-turn-kawasaki-engine.webp)\">\n                <\/div>\n<\/p><\/div>\n<div class=\"row\">\n<div class=\"col-md-6 mb-4 content\">\n                    <span class=\"d-block h5 text-color-brand mb-1\">Alacsonyabb s\u00falypont<\/span><\/p>\n<p>A geometria \u00e9s a s\u00falyeloszt\u00e1s nagyobb stabilit\u00e1st biztos\u00edt a lejt\u0151k\u00f6n, valamint kellemesebb biztons\u00e1g\u00e9rzetet ny\u00fajt a vezet\u0151nek.<\/p>\n<\/p><\/div>\n<div class=\"col-md-6 mb4 image\"  style=\"background-image:url(https:\/\/www.ariens.eu\/hu\/wp-content\/uploads\/sites\/20\/2024\/05\/ariens-arrow-standon-zero-turn-lowered-centre-of-gravity.webp)\">\n                <\/div>\n<\/p><\/div>\n<\/p><\/div>\n<\/div><\/div>\n<div class='col-lg'>                    <\/div>\n<\/p><\/div>\n<\/div>\n<\/div>\n","protected":false},"excerpt":{"rendered":"<p>A legkisebb kanyarul\u00f3k\u00e9pes \u00e9s legkompaktabb ny\u00edr\u00f3f\u00e9reg. B\u00e1rmely ter\u00fcleten haszn\u00e1lhat\u00f3. Az \u00e1ll\u00f3 ny\u00edr\u00f3g\u00e9pek k\u00e9nyelmesek \u00e9s gyorsak, de k\u00fcl\u00f6n\u00f6sen kompaktak, f\u00fcrg\u00e9k \u00e9s helytakar\u00e9kosak. A h\u00e1tizmaid \u00e9s a h\u00e1tad h\u00e1l\u00e1s lesz az egyenes munkatart\u00e1s\u00e9rt. Standard Kawasaki FS600 motorj\u00e1val \u00e9s 81 cm (32&#8243;) hossz\u00fa ny\u00edr\u00f3deckkel az ARROW 32 \u00e1ll\u00f3 ny\u00edr\u00f3g\u00e9p a kereskedelmi v\u00e1laszt\u00e1s minden ter\u00fclet ny\u00edr\u00e1s\u00e1hoz. 81 cm (32&#8243;) [&hellip;]<\/p>\n","protected":false},"featured_media":2708,"comment_status":"open","ping_status":"closed","template":"","meta":{"_acf_changed":false,"_relevanssi_hide_post":"","_relevanssi_hide_content":"","_relevanssi_pin_for_all":"","_relevanssi_pin_keywords":"","_relevanssi_unpin_keywords":"","_relevanssi_related_keywords":"","_relevanssi_related_include_ids":"","_relevanssi_related_exclude_ids":"","_relevanssi_related_no_append":"","_relevanssi_related_not_related":"","_relevanssi_related_posts":"","_relevanssi_noindex_reason":""},"product_brand":[],"product_cat":[15],"product_tag":[],"class_list":{"0":"post-2343","1":"product","2":"type-product","3":"status-publish","4":"has-post-thumbnail","6":"product_variant-arrow-series","7":"product_usage_areas-janitorial-services","8":"product_usage_areas-leisure-facilities","9":"product_usage_areas-municipalities-building-yards","10":"product_usage_areas-service-providers","12":"first","13":"instock","14":"shipping-taxable","15":"product-type-simple"},"acf":[],"yoast_head":"<!-- This site is optimized with the Yoast SEO plugin v27.3 - https:\/\/yoast.com\/product\/yoast-seo-wordpress\/ -->\n<title>ARROW 32 - Stand-on zero-turn lawn mower | Ariens<\/title>\n<meta name=\"description\" content=\"With its commercial Kawasaki FS600 engine and 81cm (32&quot;) deck, the ARROW 32 stand-on is the commercial choice for access all areas mowing.\" \/>\n<meta name=\"robots\" content=\"noindex, follow, max-snippet:-1, max-image-preview:large, max-video-preview:-1\" \/>\n<meta property=\"og:locale\" content=\"hu_HU\" \/>\n<meta property=\"og:type\" content=\"article\" \/>\n<meta property=\"og:title\" content=\"ARROW 32 - Stand-on zero-turn lawn mower | Ariens\" \/>\n<meta property=\"og:description\" content=\"With its commercial Kawasaki FS600 engine and 81cm (32&quot;) deck, the ARROW 32 stand-on is the commercial choice for access all areas mowing.\" \/>\n<meta property=\"og:url\" content=\"https:\/\/www.ariens.eu\/hu\/product\/zero-turn-mowers\/arrow-series\/arrow-32\/\" \/>\n<meta property=\"og:site_name\" content=\"Ariens | EMEAA\" \/>\n<meta property=\"article:modified_time\" content=\"2026-05-05T10:54:39+00:00\" \/>\n<meta property=\"og:image\" content=\"https:\/\/www.ariens.eu\/hu\/wp-content\/uploads\/sites\/20\/2024\/05\/ariens-arrow-32-stand-on-zero-turn-front-view-34.webp\" \/>\n\t<meta property=\"og:image:width\" content=\"900\" \/>\n\t<meta property=\"og:image:height\" content=\"650\" \/>\n\t<meta property=\"og:image:type\" content=\"image\/webp\" \/>\n<meta name=\"twitter:card\" content=\"summary_large_image\" \/>\n<meta name=\"twitter:label1\" content=\"Becs\u00fclt olvas\u00e1si id\u0151\" \/>\n\t<meta name=\"twitter:data1\" content=\"2 perc\" \/>\n<script type=\"application\/ld+json\" class=\"yoast-schema-graph\">{\"@context\":\"https:\\\/\\\/schema.org\",\"@graph\":[{\"@type\":\"WebPage\",\"@id\":\"https:\\\/\\\/www.ariens.eu\\\/hu\\\/product\\\/zero-turn-mowers\\\/arrow-series\\\/arrow-32\\\/\",\"url\":\"https:\\\/\\\/www.ariens.eu\\\/hu\\\/product\\\/zero-turn-mowers\\\/arrow-series\\\/arrow-32\\\/\",\"name\":\"ARROW 32 - Stand-on zero-turn lawn mower | Ariens\",\"isPartOf\":{\"@id\":\"https:\\\/\\\/www.ariens.eu\\\/hu\\\/#website\"},\"primaryImageOfPage\":{\"@id\":\"https:\\\/\\\/www.ariens.eu\\\/hu\\\/product\\\/zero-turn-mowers\\\/arrow-series\\\/arrow-32\\\/#primaryimage\"},\"image\":{\"@id\":\"https:\\\/\\\/www.ariens.eu\\\/hu\\\/product\\\/zero-turn-mowers\\\/arrow-series\\\/arrow-32\\\/#primaryimage\"},\"thumbnailUrl\":\"https:\\\/\\\/www.ariens.eu\\\/hu\\\/wp-content\\\/uploads\\\/sites\\\/20\\\/2024\\\/05\\\/ariens-arrow-32-stand-on-zero-turn-front-view-34.webp\",\"datePublished\":\"2024-05-10T10:04:36+00:00\",\"dateModified\":\"2026-05-05T10:54:39+00:00\",\"description\":\"With its commercial Kawasaki FS600 engine and 81cm (32\\\") deck, the ARROW 32 stand-on is the commercial choice for access all areas mowing.\",\"breadcrumb\":{\"@id\":\"https:\\\/\\\/www.ariens.eu\\\/hu\\\/product\\\/zero-turn-mowers\\\/arrow-series\\\/arrow-32\\\/#breadcrumb\"},\"inLanguage\":\"hu\",\"potentialAction\":[{\"@type\":\"ReadAction\",\"target\":[\"https:\\\/\\\/www.ariens.eu\\\/hu\\\/product\\\/zero-turn-mowers\\\/arrow-series\\\/arrow-32\\\/\"]}]},{\"@type\":\"ImageObject\",\"inLanguage\":\"hu\",\"@id\":\"https:\\\/\\\/www.ariens.eu\\\/hu\\\/product\\\/zero-turn-mowers\\\/arrow-series\\\/arrow-32\\\/#primaryimage\",\"url\":\"https:\\\/\\\/www.ariens.eu\\\/hu\\\/wp-content\\\/uploads\\\/sites\\\/20\\\/2024\\\/05\\\/ariens-arrow-32-stand-on-zero-turn-front-view-34.webp\",\"contentUrl\":\"https:\\\/\\\/www.ariens.eu\\\/hu\\\/wp-content\\\/uploads\\\/sites\\\/20\\\/2024\\\/05\\\/ariens-arrow-32-stand-on-zero-turn-front-view-34.webp\",\"width\":900,\"height\":650},{\"@type\":\"BreadcrumbList\",\"@id\":\"https:\\\/\\\/www.ariens.eu\\\/hu\\\/product\\\/zero-turn-mowers\\\/arrow-series\\\/arrow-32\\\/#breadcrumb\",\"itemListElement\":[{\"@type\":\"ListItem\",\"position\":1,\"name\":\"Home\",\"item\":\"https:\\\/\\\/www.ariens.eu\\\/hu\\\/\"},{\"@type\":\"ListItem\",\"position\":2,\"name\":\"Shop\",\"item\":\"https:\\\/\\\/www.ariens.eu\\\/hu\\\/shop\\\/\"},{\"@type\":\"ListItem\",\"position\":3,\"name\":\"ARROW 32\"}]},{\"@type\":\"WebSite\",\"@id\":\"https:\\\/\\\/www.ariens.eu\\\/hu\\\/#website\",\"url\":\"https:\\\/\\\/www.ariens.eu\\\/hu\\\/\",\"name\":\"Ariens | EMEAA\",\"description\":\"Powerful and reliable zero-turn mowers &amp; snow blowers for professional users and demanding private customers\",\"publisher\":{\"@id\":\"https:\\\/\\\/www.ariens.eu\\\/hu\\\/#organization\"},\"potentialAction\":[{\"@type\":\"SearchAction\",\"target\":{\"@type\":\"EntryPoint\",\"urlTemplate\":\"https:\\\/\\\/www.ariens.eu\\\/hu\\\/?s={search_term_string}\"},\"query-input\":{\"@type\":\"PropertyValueSpecification\",\"valueRequired\":true,\"valueName\":\"search_term_string\"}}],\"inLanguage\":\"hu\"},{\"@type\":\"Organization\",\"@id\":\"https:\\\/\\\/www.ariens.eu\\\/hu\\\/#organization\",\"name\":\"AriensCo GmbH\",\"url\":\"https:\\\/\\\/www.ariens.eu\\\/hu\\\/\",\"logo\":{\"@type\":\"ImageObject\",\"inLanguage\":\"hu\",\"@id\":\"https:\\\/\\\/www.ariens.eu\\\/hu\\\/#\\\/schema\\\/logo\\\/image\\\/\",\"url\":\"https:\\\/\\\/www.ariens.eu\\\/wp-content\\\/uploads\\\/2024\\\/11\\\/ariens-co-logo.jpg\",\"contentUrl\":\"https:\\\/\\\/www.ariens.eu\\\/wp-content\\\/uploads\\\/2024\\\/11\\\/ariens-co-logo.jpg\",\"width\":1000,\"height\":1000,\"caption\":\"AriensCo GmbH\"},\"image\":{\"@id\":\"https:\\\/\\\/www.ariens.eu\\\/hu\\\/#\\\/schema\\\/logo\\\/image\\\/\"}}]}<\/script>\n<!-- \/ Yoast SEO plugin. -->","yoast_head_json":{"title":"ARROW 32 - Stand-on zero-turn lawn mower | Ariens","description":"With its commercial Kawasaki FS600 engine and 81cm (32\") deck, the ARROW 32 stand-on is the commercial choice for access all areas mowing.","robots":{"index":"noindex","follow":"follow","max-snippet":"max-snippet:-1","max-image-preview":"max-image-preview:large","max-video-preview":"max-video-preview:-1"},"og_locale":"hu_HU","og_type":"article","og_title":"ARROW 32 - Stand-on zero-turn lawn mower | Ariens","og_description":"With its commercial Kawasaki FS600 engine and 81cm (32\") deck, the ARROW 32 stand-on is the commercial choice for access all areas mowing.","og_url":"https:\/\/www.ariens.eu\/hu\/product\/zero-turn-mowers\/arrow-series\/arrow-32\/","og_site_name":"Ariens | EMEAA","article_modified_time":"2026-05-05T10:54:39+00:00","og_image":[{"width":900,"height":650,"url":"https:\/\/www.ariens.eu\/hu\/wp-content\/uploads\/sites\/20\/2024\/05\/ariens-arrow-32-stand-on-zero-turn-front-view-34.webp","type":"image\/webp"}],"twitter_card":"summary_large_image","twitter_misc":{"Becs\u00fclt olvas\u00e1si id\u0151":"2 perc"},"schema":{"@context":"https:\/\/schema.org","@graph":[{"@type":"WebPage","@id":"https:\/\/www.ariens.eu\/hu\/product\/zero-turn-mowers\/arrow-series\/arrow-32\/","url":"https:\/\/www.ariens.eu\/hu\/product\/zero-turn-mowers\/arrow-series\/arrow-32\/","name":"ARROW 32 - Stand-on zero-turn lawn mower | Ariens","isPartOf":{"@id":"https:\/\/www.ariens.eu\/hu\/#website"},"primaryImageOfPage":{"@id":"https:\/\/www.ariens.eu\/hu\/product\/zero-turn-mowers\/arrow-series\/arrow-32\/#primaryimage"},"image":{"@id":"https:\/\/www.ariens.eu\/hu\/product\/zero-turn-mowers\/arrow-series\/arrow-32\/#primaryimage"},"thumbnailUrl":"https:\/\/www.ariens.eu\/hu\/wp-content\/uploads\/sites\/20\/2024\/05\/ariens-arrow-32-stand-on-zero-turn-front-view-34.webp","datePublished":"2024-05-10T10:04:36+00:00","dateModified":"2026-05-05T10:54:39+00:00","description":"With its commercial Kawasaki FS600 engine and 81cm (32\") deck, the ARROW 32 stand-on is the commercial choice for access all areas mowing.","breadcrumb":{"@id":"https:\/\/www.ariens.eu\/hu\/product\/zero-turn-mowers\/arrow-series\/arrow-32\/#breadcrumb"},"inLanguage":"hu","potentialAction":[{"@type":"ReadAction","target":["https:\/\/www.ariens.eu\/hu\/product\/zero-turn-mowers\/arrow-series\/arrow-32\/"]}]},{"@type":"ImageObject","inLanguage":"hu","@id":"https:\/\/www.ariens.eu\/hu\/product\/zero-turn-mowers\/arrow-series\/arrow-32\/#primaryimage","url":"https:\/\/www.ariens.eu\/hu\/wp-content\/uploads\/sites\/20\/2024\/05\/ariens-arrow-32-stand-on-zero-turn-front-view-34.webp","contentUrl":"https:\/\/www.ariens.eu\/hu\/wp-content\/uploads\/sites\/20\/2024\/05\/ariens-arrow-32-stand-on-zero-turn-front-view-34.webp","width":900,"height":650},{"@type":"BreadcrumbList","@id":"https:\/\/www.ariens.eu\/hu\/product\/zero-turn-mowers\/arrow-series\/arrow-32\/#breadcrumb","itemListElement":[{"@type":"ListItem","position":1,"name":"Home","item":"https:\/\/www.ariens.eu\/hu\/"},{"@type":"ListItem","position":2,"name":"Shop","item":"https:\/\/www.ariens.eu\/hu\/shop\/"},{"@type":"ListItem","position":3,"name":"ARROW 32"}]},{"@type":"WebSite","@id":"https:\/\/www.ariens.eu\/hu\/#website","url":"https:\/\/www.ariens.eu\/hu\/","name":"Ariens | EMEAA","description":"Powerful and reliable zero-turn mowers &amp; snow blowers for professional users and demanding private customers","publisher":{"@id":"https:\/\/www.ariens.eu\/hu\/#organization"},"potentialAction":[{"@type":"SearchAction","target":{"@type":"EntryPoint","urlTemplate":"https:\/\/www.ariens.eu\/hu\/?s={search_term_string}"},"query-input":{"@type":"PropertyValueSpecification","valueRequired":true,"valueName":"search_term_string"}}],"inLanguage":"hu"},{"@type":"Organization","@id":"https:\/\/www.ariens.eu\/hu\/#organization","name":"AriensCo GmbH","url":"https:\/\/www.ariens.eu\/hu\/","logo":{"@type":"ImageObject","inLanguage":"hu","@id":"https:\/\/www.ariens.eu\/hu\/#\/schema\/logo\/image\/","url":"https:\/\/www.ariens.eu\/wp-content\/uploads\/2024\/11\/ariens-co-logo.jpg","contentUrl":"https:\/\/www.ariens.eu\/wp-content\/uploads\/2024\/11\/ariens-co-logo.jpg","width":1000,"height":1000,"caption":"AriensCo GmbH"},"image":{"@id":"https:\/\/www.ariens.eu\/hu\/#\/schema\/logo\/image\/"}}]}},"_links":{"self":[{"href":"https:\/\/www.ariens.eu\/hu\/wp-json\/wp\/v2\/product\/2343","targetHints":{"allow":["GET"]}}],"collection":[{"href":"https:\/\/www.ariens.eu\/hu\/wp-json\/wp\/v2\/product"}],"about":[{"href":"https:\/\/www.ariens.eu\/hu\/wp-json\/wp\/v2\/types\/product"}],"replies":[{"embeddable":true,"href":"https:\/\/www.ariens.eu\/hu\/wp-json\/wp\/v2\/comments?post=2343"}],"wp:featuredmedia":[{"embeddable":true,"href":"https:\/\/www.ariens.eu\/hu\/wp-json\/wp\/v2\/media\/2708"}],"wp:attachment":[{"href":"https:\/\/www.ariens.eu\/hu\/wp-json\/wp\/v2\/media?parent=2343"}],"wp:term":[{"taxonomy":"product_brand","embeddable":true,"href":"https:\/\/www.ariens.eu\/hu\/wp-json\/wp\/v2\/product_brand?post=2343"},{"taxonomy":"product_cat","embeddable":true,"href":"https:\/\/www.ariens.eu\/hu\/wp-json\/wp\/v2\/product_cat?post=2343"},{"taxonomy":"product_tag","embeddable":true,"href":"https:\/\/www.ariens.eu\/hu\/wp-json\/wp\/v2\/product_tag?post=2343"}],"curies":[{"name":"wp","href":"https:\/\/api.w.org\/{rel}","templated":true}]}}