{"id":4682,"date":"2024-09-11T06:00:40","date_gmt":"2024-09-11T05:00:40","guid":{"rendered":"https:\/\/www.ariens.eu\/?post_type=product&#038;p=4682"},"modified":"2026-05-05T11:54:31","modified_gmt":"2026-05-05T10:54:31","slug":"ikon-42","status":"publish","type":"product","link":"https:\/\/www.ariens.eu\/hu\/product\/zero-turn-mowers\/ikon-series\/ikon-42","title":{"rendered":"IKON 42"},"content":{"rendered":"<div class=\"acfd-block acfd-block__headline mb-asm-1 container-fluid px-0 bg-default\">\n<div class=\"acfd-headline\" >\n<h2 class='h2 text-left li_black'>Az apr\u00f3 r\u00e9szletek \u00f6sszess\u00e9ge \u00e1ltal.<\/h2>\n<\/p><\/div>\n<\/div>\n<div class=\"acfd-block acfd-block__text container-fluid px-0 bg-default\">\n<div class=\"acfd-text li_black\">\n<p>A leg\u00fajabb \u00e9s leggyorsabb m\u00f3dja a gyep ny\u00edr\u00e1s\u00e1nak. F\u00fcggetlen\u00fcl att\u00f3l, hogy mekkora a kertje. Az \u00faj Ariens IKON \u00faj szempontot nyit a v\u00e1g\u00e1si mint\u00e1zat, a komfort \u00e9s a funkci\u00f3k tekintet\u00e9ben.<\/p>\n<\/div>\n<\/div>\n<div class=\"acfd-block acfd-block__text mb-asm-2 container-fluid px-0 bg-default\">\n<div class=\"acfd-text li_black\">\n<p>Az \u00faj Ariens IKON t\u00f6bb mint csak \u00faj. Nem csak m\u00e1s, mint az el\u0151dje. Az \u00faj IKON egy \u00faj kasz\u00e1l\u00f3g\u00e9p oszt\u00e1lyt nyit meg a mag\u00e1n- \u00e9s f\u00e9lprofesszion\u00e1lis felhaszn\u00e1l\u00f3k sz\u00e1m\u00e1ra.<\/p>\n<p>Az AriensCo 90. \u00e9vfordul\u00f3j\u00e1n indult be az Ariens Ikon nullak\u00f6r\u0171 csal\u00e1dj\u00e1nak fel\u00faj\u00edt\u00e1sa \u2013 az el\u0151z\u0151 \u00e9vek \u00f6sszes tapasztalata be\u00e9p\u00fclt ebbe a teljes \u00e1ttervez\u00e9sbe.<\/p>\n<p>Tervez\u0151 m\u00e9rn\u00f6keink minden egyes alkatr\u00e9szt megvizsg\u00e1ltak. A bev\u00e1lt alkatr\u00e9szeket megtartott\u00e1k, minden m\u00e1st fel\u00faj\u00edtottak, jav\u00edtottak vagy meg\u00faj\u00edtottak. Az \u00faj Ariens IKON nehezen kategoriz\u00e1lhat\u00f3. Elmos\u00f3dik a hat\u00e1r a mag\u00e1nhaszn\u00e1l\u00f3k \u00e9s a professzion\u00e1lis kasz\u00e1l\u00f3g\u00e9pek k\u00f6z\u00f6tt. Az ipar\u00e1gat vezet\u0151 diz\u00e1jn \u00e9s teljes\u00edtm\u00e9ny kiv\u00e1lasztja a t\u00f6bbi k\u00f6z\u00fcl. <strong>Fedezd fel\u2026 magadnak!<\/strong><\/p>\n<\/div>\n<\/div>\n<div class=\"acfd-block acfd-block__category mb-asm-3 container-fluid px-0 bg-default\">\n<div class=\"acfd-product-categories\">\n<h2 class=\"text-left mb-3\">\n        Applications    <\/h2>\n<div class=\"product-categories_wrapper\">\n         <span\n                data-description=\"Are you a service provider, janitorial service or do you have to regularly maintain larger areas? Then a semi-professional machine offers you the performance and durability to reliably complete your mowing work.\"                class=\"product-category-single\"> Semi-Pro                <sup><i class=\"fa fa-info-circle\" aria-hidden=\"true\"><\/i><\/sup>            <\/span>  <span\n                data-description=\"Do you have a beautiful lawn in your garden or around your property? Do you want to maintain your lawn regularly from mid-March? Depending on the cutting width, our mowers can handle all garden sizes.\"                class=\"product-category-single\"> Private                <sup><i class=\"fa fa-info-circle\" aria-hidden=\"true\"><\/i><\/sup>            <\/span>  <span\n                data-description=\"Our mowers are equipped with high-quality Kawasaki<sup>&reg;<\/sup> or Ariens engines. They deliver above-average performance and reliability.\"                class=\"product-category-single\"> Petrol                <sup><i class=\"fa fa-info-circle\" aria-hidden=\"true\"><\/i><\/sup>            <\/span>  <span\n                data-description=\"When using a suitable mulching kit in your mower, the side discharge is no longer necessary. The clippings are finely shredded and evenly distributed to the rear of the lawn. Any fertilizer applied remains on the surface and the fine grass particles disappear almost invisibly into the lawn.\"                class=\"product-category-single\"> Optional mulching kit                <sup><i class=\"fa fa-info-circle\" aria-hidden=\"true\"><\/i><\/sup>            <\/span>  <span\n                data-description=\"Ariens ride-on mowers offer a high level of comfort. We use high-quality seats from the entry-level model upwards. Ample legroom and ergonomic controls are standard.\"                class=\"product-category-single\"> Ride-On (sitting)                <sup><i class=\"fa fa-info-circle\" aria-hidden=\"true\"><\/i><\/sup>            <\/span>  <span\n                data-description=\"With the APEX and ZENITH models, you have the choice between side discharge and rear discharge mower decks. A side discharge mower deck ejects the clippings via a side opening and a deflector. The powerful airflow then distributes it over a large area. An optional mulching kit can be installed in side discharge mower decks. When a mulching kit is used, the clippings are finely shredded and ejected to the rear. The side discharge and deflector are then closed or removed.\"                class=\"product-category-single\"> Side discharge                <sup><i class=\"fa fa-info-circle\" aria-hidden=\"true\"><\/i><\/sup>            <\/span>  <span\n                data-description=\"Alle Ariens-pl\u00e6neklippere er velegnede til flade gr\u00e6spl\u00e6ner. V\u00e6lg din klippebredde i henhold til st\u00f8rrelsen p\u00e5 dit omr\u00e5de og eventuelle begr\u00e6nsende smalle omr\u00e5der.\"                class=\"product-category-single\"> Fladt terr\u00e6n                <sup><i class=\"fa fa-info-circle\" aria-hidden=\"true\"><\/i><\/sup>            <\/span>  <span\n                data-description=\"Ariens-pl\u00e6neklippere klarer sig godt p\u00e5 uj\u00e6vnt terr\u00e6n. Til uj\u00e6vnt terr\u00e6n skal du v\u00e6lge smallere klippeaggregater for at opn\u00e5 et mere ensartet klippem\u00f8nster.\"                class=\"product-category-single\"> Uj\u00e6vnt terr\u00e6n                <sup><i class=\"fa fa-info-circle\" aria-hidden=\"true\"><\/i><\/sup>            <\/span>  <span\n                data-description=\"Det anbefales \u00e5 velge en maskin med brede hjul. Ikke overskrid den angitte sikkerhetsgrensen p\u00e5 15\u00b0 helling for sitteklippere og 20\u00b0 for st\u00e5ende klippere. P\u00e5 ujevnt terreng b\u00f8r du velge et smalere klippeaggregat for et mer jevnt klipperesultat. ZENITH-modellen leveres med veltesikring (ROPS) som standard, og dette kan ettermonteres p\u00e5 APEX.\"                class=\"product-category-single\"> Kupert terreng                <sup><i class=\"fa fa-info-circle\" aria-hidden=\"true\"><\/i><\/sup>            <\/span>  <span\n                data-description=\"Mowing decks 132 cm and 152 cm wide are used effectively on large areas.\"                class=\"product-category-single\"> Large areas                <sup><i class=\"fa fa-info-circle\" aria-hidden=\"true\"><\/i><\/sup>            <\/span>     <\/div>\n<\/div>\n<\/div>\n<div class=\"acfd-block acfd-block__media mb-asm-1 container-fluid px-0 bg-default\">\n<div class=\"acfd-media\">\n<div class=\"initial-hidden\" data-type=\"youtube\" data-video-id=\"https:\/\/www.youtube.com\/watch?v=hUcrbaaPg1c\"\n                        data-autoplay=\"false\"><\/div>\n<div class=\"bg-16-9 media-placeholder-content-wrapper\">\n<div class=\"media-thumbnail-description media-embed-wrapper\">\n<div class=\"description-wrapper\">\n                                    To view this video, please accept cookies from external media                                    <\/p>\n<div class=\"consent-configuration-wrapper\">\n                                        <button id=\"liOpenCookieSettings\" class=\"li-open-cookie-settings\">Change Cookie Preferences<\/button>                                    <\/div>\n<\/p><\/div>\n<\/p><\/div>\n<div class=\"media-embed-wrapper\">\n                                <img decoding=\"async\" src=\"https:\/\/img.youtube.com\/vi\/hUcrbaaPg1c\/0.jpg\" alt=\"Youtube Video Thumbnail\"\/>\n                            <\/div>\n<\/p><\/div>\n<\/p><\/div>\n<\/div>\n<div class=\"acfd-block acfd-block__twocolumns container-fluid px-0 bg-default\">\n<div class=\"acfd-twocolumns\">\n<div class=\"row\">\n<div class='col-lg-12 mb-4 '>\n<div class=\"acfd-product-advantages--wrapper\">\n<h2 class=\"h1 bigger text-color-black text-center mb-5\">\n        Features &#038; Benefits    <\/h2>\n<div class=\"acfd-product-advantages\">\n<div class=\"row\">\n<div class=\"col-md-6 mb-4 content\">\n                    <span class=\"d-block h5 text-color-brand mb-1\">Stabilit\u00e1s \u00e9s tart\u00f3ss\u00e1g:<\/span><\/p>\n<p>A profi sorozathoz hasonl\u00f3an az IKON is teljesen hegesztett cs\u00f6ves v\u00e1zzal rendelkezik.<\/p>\n<\/p><\/div>\n<div class=\"col-md-6 mb4 image\"  style=\"background-image:url(https:\/\/www.ariens.eu\/hu\/wp-content\/uploads\/sites\/20\/2024\/08\/tubular-frame-ikon.png)\">\n                <\/div>\n<\/p><\/div>\n<div class=\"row\">\n<div class=\"col-md-6 mb-4 content\">\n                    <span class=\"d-block h5 text-color-brand mb-1\">Energiatartal\u00e9kok \u00e9s megb\u00edzhat\u00f3s\u00e1g<\/span><\/p>\n<p>Az IKON Kawasaki<sup>&reg;<\/sup> FR motor sorozata a kateg\u00f3ria legfels\u0151 referenci\u00e1ja. A legkem\u00e9nyebb k\u00f6r\u00fclm\u00e9nyek k\u00f6z\u00f6tt is biztos\u00edtja a sz\u00fcks\u00e9ges teljes\u00edtm\u00e9nyt \u00e9s teljes\u00edtm\u00e9nyk\u00e9szs\u00e9get.<\/p>\n<\/p><\/div>\n<div class=\"col-md-6 mb4 image\"  style=\"background-image:url(https:\/\/www.ariens.eu\/hu\/wp-content\/uploads\/sites\/20\/2024\/08\/kawasaki-engine.png)\">\n                <\/div>\n<\/p><\/div>\n<div class=\"row\">\n<div class=\"col-md-6 mb-4 content\">\n                    <span class=\"d-block h5 text-color-brand mb-1\">Gondtalan ker\u00e9kmeghajt\u00e1s<\/span><\/p>\n<p>A k\u00e9t k\u00fcl\u00f6n\u00e1ll\u00f3 hidrosztatikus EZT<sup>&reg;<\/sup> ker\u00e9kmotor a HYDRO-GEAR<sup>&reg;<\/sup>-t\u0151l karbantart\u00e1smentes \u00e9s sima vezet\u00e9si \u00e9lm\u00e9nyt garant\u00e1l.<\/p>\n<\/p><\/div>\n<div class=\"col-md-6 mb4 image\"  style=\"background-image:url(https:\/\/www.ariens.eu\/hu\/wp-content\/uploads\/sites\/20\/2024\/08\/hydro-gear.png)\">\n                <\/div>\n<\/p><\/div>\n<div class=\"row\">\n<div class=\"col-md-6 mb-4 content\">\n                    <span class=\"d-block h5 text-color-brand mb-1\">\u00daj ENVY kasza<\/span><\/p>\n<p>A kasza a legjobban terheltt alkatr\u00e9sz a f\u0171ny\u00edr\u00f3kon. Itt k\u00fcl\u00f6n\u00f6sen fontos a stabilit\u00e1s: Az \u00faj ENVY kasz\u00e1nak javult a leveg\u0151\u00e1raml\u00e1s \u00e9s nagyobb a kipufog\u00f3. A fekv\u0151 f\u0171 magasabbra emelkedik \u00e9s t\u00f6k\u00e9letesen v\u00e1g. 4 ponton felf\u00fcggesztve a tart\u00f3s r\u00f6gz\u00edt\u00e9s \u00e9s p\u00e1rhuzamoss\u00e1g \u00e9rdek\u00e9ben. Tov\u00e1bb\u00e1 a pengespindlek kov\u00e1csolt alum\u00edniumb\u00f3l k\u00e9sz\u00fclnek. H\u0171v\u00f6sebb fut\u00e1s \u00e9s nagyobb \u00fctk\u00f6z\u00e9s- \u00e9s rezg\u00e9s\u00e1ll\u00f3s\u00e1g, mint az \u00f6nt\u00f6tt spindlekn\u00e9l. Standard a 2025-\u00f6s szezon sor\u00e1n az APEX \u00e9s ZENITH g\u00e9peken &amp; az \u00faj IKON-on.<\/p>\n<\/p><\/div>\n<div class=\"col-md-6 mb4 image\"  style=\"background-image:url(https:\/\/www.ariens.eu\/hu\/wp-content\/uploads\/sites\/20\/2024\/08\/envy-deck-52.png)\">\n                <\/div>\n<\/p><\/div>\n<\/p><\/div>\n<\/div><\/div>\n<div class='col-lg'>                    <\/div>\n<\/p><\/div>\n<\/div>\n<\/div>\n","protected":false},"excerpt":{"rendered":"<p>A leg\u00fajabb \u00e9s leggyorsabb m\u00f3dja a gyep ny\u00edr\u00e1s\u00e1nak. F\u00fcggetlen\u00fcl att\u00f3l, hogy mekkora a kertje. Az \u00faj Ariens IKON \u00faj szempontot nyit a v\u00e1g\u00e1si mint\u00e1zat, a komfort \u00e9s a funkci\u00f3k tekintet\u00e9ben.<\/p>\n","protected":false},"featured_media":4683,"comment_status":"open","ping_status":"closed","template":"","meta":{"_acf_changed":false,"_relevanssi_hide_post":"","_relevanssi_hide_content":"","_relevanssi_pin_for_all":"","_relevanssi_pin_keywords":"","_relevanssi_unpin_keywords":"","_relevanssi_related_keywords":"","_relevanssi_related_include_ids":"","_relevanssi_related_exclude_ids":"","_relevanssi_related_no_append":"","_relevanssi_related_not_related":"","_relevanssi_related_posts":"","_relevanssi_noindex_reason":""},"product_brand":[],"product_cat":[15],"product_tag":[],"class_list":{"0":"post-4682","1":"product","2":"type-product","3":"status-publish","4":"has-post-thumbnail","6":"product_variant-ikon-series","7":"product_usage_areas-janitorial-services","8":"product_usage_areas-leisure-facilities","9":"product_usage_areas-municipalities-building-yards","10":"product_usage_areas-service-providers","12":"first","13":"instock","14":"shipping-taxable","15":"product-type-simple"},"acf":[],"yoast_head":"<!-- This site is optimized with the Yoast SEO plugin v27.3 - https:\/\/yoast.com\/product\/yoast-seo-wordpress\/ -->\n<title>IKON 42 - Ariens | EMEAA<\/title>\n<meta name=\"description\" content=\"The newest and fastest way to mow your lawn. No matter how big your garden is. The new Ariens IKON sets new standards in terms of cutting pattern, comfort and features.\" \/>\n<meta name=\"robots\" content=\"noindex, follow, max-snippet:-1, max-image-preview:large, max-video-preview:-1\" \/>\n<meta property=\"og:locale\" content=\"hu_HU\" \/>\n<meta property=\"og:type\" content=\"article\" \/>\n<meta property=\"og:title\" content=\"IKON 42 - Ariens | EMEAA\" \/>\n<meta property=\"og:description\" content=\"The newest and fastest way to mow your lawn. No matter how big your garden is. The new Ariens IKON sets new standards in terms of cutting pattern, comfort and features.\" \/>\n<meta property=\"og:url\" content=\"https:\/\/www.ariens.eu\/hu\/product\/zero-turn-mowers\/ikon-series\/ikon-42\/\" \/>\n<meta property=\"og:site_name\" content=\"Ariens | EMEAA\" \/>\n<meta property=\"article:modified_time\" content=\"2026-05-05T10:54:31+00:00\" \/>\n<meta property=\"og:image\" content=\"https:\/\/www.ariens.eu\/hu\/wp-content\/uploads\/sites\/20\/2024\/09\/ariens-ikon-42-sd.png\" \/>\n\t<meta property=\"og:image:width\" content=\"1008\" \/>\n\t<meta property=\"og:image:height\" content=\"750\" \/>\n\t<meta property=\"og:image:type\" content=\"image\/png\" \/>\n<meta name=\"twitter:card\" content=\"summary_large_image\" \/>\n<meta name=\"twitter:label1\" content=\"Becs\u00fclt olvas\u00e1si id\u0151\" \/>\n\t<meta name=\"twitter:data1\" content=\"3 perc\" \/>\n<script type=\"application\/ld+json\" class=\"yoast-schema-graph\">{\"@context\":\"https:\\\/\\\/schema.org\",\"@graph\":[{\"@type\":\"WebPage\",\"@id\":\"https:\\\/\\\/www.ariens.eu\\\/hu\\\/product\\\/zero-turn-mowers\\\/ikon-series\\\/ikon-42\\\/\",\"url\":\"https:\\\/\\\/www.ariens.eu\\\/hu\\\/product\\\/zero-turn-mowers\\\/ikon-series\\\/ikon-42\\\/\",\"name\":\"IKON 42 - Ariens | EMEAA\",\"isPartOf\":{\"@id\":\"https:\\\/\\\/www.ariens.eu\\\/hu\\\/#website\"},\"primaryImageOfPage\":{\"@id\":\"https:\\\/\\\/www.ariens.eu\\\/hu\\\/product\\\/zero-turn-mowers\\\/ikon-series\\\/ikon-42\\\/#primaryimage\"},\"image\":{\"@id\":\"https:\\\/\\\/www.ariens.eu\\\/hu\\\/product\\\/zero-turn-mowers\\\/ikon-series\\\/ikon-42\\\/#primaryimage\"},\"thumbnailUrl\":\"https:\\\/\\\/www.ariens.eu\\\/hu\\\/wp-content\\\/uploads\\\/sites\\\/20\\\/2024\\\/09\\\/ariens-ikon-42-sd.png\",\"datePublished\":\"2024-09-11T05:00:40+00:00\",\"dateModified\":\"2026-05-05T10:54:31+00:00\",\"description\":\"The newest and fastest way to mow your lawn. No matter how big your garden is. The new Ariens IKON sets new standards in terms of cutting pattern, comfort and features.\",\"breadcrumb\":{\"@id\":\"https:\\\/\\\/www.ariens.eu\\\/hu\\\/product\\\/zero-turn-mowers\\\/ikon-series\\\/ikon-42\\\/#breadcrumb\"},\"inLanguage\":\"hu\",\"potentialAction\":[{\"@type\":\"ReadAction\",\"target\":[\"https:\\\/\\\/www.ariens.eu\\\/hu\\\/product\\\/zero-turn-mowers\\\/ikon-series\\\/ikon-42\\\/\"]}]},{\"@type\":\"ImageObject\",\"inLanguage\":\"hu\",\"@id\":\"https:\\\/\\\/www.ariens.eu\\\/hu\\\/product\\\/zero-turn-mowers\\\/ikon-series\\\/ikon-42\\\/#primaryimage\",\"url\":\"https:\\\/\\\/www.ariens.eu\\\/hu\\\/wp-content\\\/uploads\\\/sites\\\/20\\\/2024\\\/09\\\/ariens-ikon-42-sd.png\",\"contentUrl\":\"https:\\\/\\\/www.ariens.eu\\\/hu\\\/wp-content\\\/uploads\\\/sites\\\/20\\\/2024\\\/09\\\/ariens-ikon-42-sd.png\",\"width\":1008,\"height\":750},{\"@type\":\"BreadcrumbList\",\"@id\":\"https:\\\/\\\/www.ariens.eu\\\/hu\\\/product\\\/zero-turn-mowers\\\/ikon-series\\\/ikon-42\\\/#breadcrumb\",\"itemListElement\":[{\"@type\":\"ListItem\",\"position\":1,\"name\":\"Home\",\"item\":\"https:\\\/\\\/www.ariens.eu\\\/hu\\\/\"},{\"@type\":\"ListItem\",\"position\":2,\"name\":\"Shop\",\"item\":\"https:\\\/\\\/www.ariens.eu\\\/hu\\\/shop\\\/\"},{\"@type\":\"ListItem\",\"position\":3,\"name\":\"IKON 42\"}]},{\"@type\":\"WebSite\",\"@id\":\"https:\\\/\\\/www.ariens.eu\\\/hu\\\/#website\",\"url\":\"https:\\\/\\\/www.ariens.eu\\\/hu\\\/\",\"name\":\"Ariens | EMEAA\",\"description\":\"Powerful and reliable zero-turn mowers &amp; snow blowers for professional users and demanding private customers\",\"publisher\":{\"@id\":\"https:\\\/\\\/www.ariens.eu\\\/hu\\\/#organization\"},\"potentialAction\":[{\"@type\":\"SearchAction\",\"target\":{\"@type\":\"EntryPoint\",\"urlTemplate\":\"https:\\\/\\\/www.ariens.eu\\\/hu\\\/?s={search_term_string}\"},\"query-input\":{\"@type\":\"PropertyValueSpecification\",\"valueRequired\":true,\"valueName\":\"search_term_string\"}}],\"inLanguage\":\"hu\"},{\"@type\":\"Organization\",\"@id\":\"https:\\\/\\\/www.ariens.eu\\\/hu\\\/#organization\",\"name\":\"AriensCo GmbH\",\"url\":\"https:\\\/\\\/www.ariens.eu\\\/hu\\\/\",\"logo\":{\"@type\":\"ImageObject\",\"inLanguage\":\"hu\",\"@id\":\"https:\\\/\\\/www.ariens.eu\\\/hu\\\/#\\\/schema\\\/logo\\\/image\\\/\",\"url\":\"https:\\\/\\\/www.ariens.eu\\\/wp-content\\\/uploads\\\/2024\\\/11\\\/ariens-co-logo.jpg\",\"contentUrl\":\"https:\\\/\\\/www.ariens.eu\\\/wp-content\\\/uploads\\\/2024\\\/11\\\/ariens-co-logo.jpg\",\"width\":1000,\"height\":1000,\"caption\":\"AriensCo GmbH\"},\"image\":{\"@id\":\"https:\\\/\\\/www.ariens.eu\\\/hu\\\/#\\\/schema\\\/logo\\\/image\\\/\"}}]}<\/script>\n<!-- \/ Yoast SEO plugin. -->","yoast_head_json":{"title":"IKON 42 - Ariens | EMEAA","description":"The newest and fastest way to mow your lawn. No matter how big your garden is. The new Ariens IKON sets new standards in terms of cutting pattern, comfort and features.","robots":{"index":"noindex","follow":"follow","max-snippet":"max-snippet:-1","max-image-preview":"max-image-preview:large","max-video-preview":"max-video-preview:-1"},"og_locale":"hu_HU","og_type":"article","og_title":"IKON 42 - Ariens | EMEAA","og_description":"The newest and fastest way to mow your lawn. No matter how big your garden is. The new Ariens IKON sets new standards in terms of cutting pattern, comfort and features.","og_url":"https:\/\/www.ariens.eu\/hu\/product\/zero-turn-mowers\/ikon-series\/ikon-42\/","og_site_name":"Ariens | EMEAA","article_modified_time":"2026-05-05T10:54:31+00:00","og_image":[{"width":1008,"height":750,"url":"https:\/\/www.ariens.eu\/hu\/wp-content\/uploads\/sites\/20\/2024\/09\/ariens-ikon-42-sd.png","type":"image\/png"}],"twitter_card":"summary_large_image","twitter_misc":{"Becs\u00fclt olvas\u00e1si id\u0151":"3 perc"},"schema":{"@context":"https:\/\/schema.org","@graph":[{"@type":"WebPage","@id":"https:\/\/www.ariens.eu\/hu\/product\/zero-turn-mowers\/ikon-series\/ikon-42\/","url":"https:\/\/www.ariens.eu\/hu\/product\/zero-turn-mowers\/ikon-series\/ikon-42\/","name":"IKON 42 - Ariens | EMEAA","isPartOf":{"@id":"https:\/\/www.ariens.eu\/hu\/#website"},"primaryImageOfPage":{"@id":"https:\/\/www.ariens.eu\/hu\/product\/zero-turn-mowers\/ikon-series\/ikon-42\/#primaryimage"},"image":{"@id":"https:\/\/www.ariens.eu\/hu\/product\/zero-turn-mowers\/ikon-series\/ikon-42\/#primaryimage"},"thumbnailUrl":"https:\/\/www.ariens.eu\/hu\/wp-content\/uploads\/sites\/20\/2024\/09\/ariens-ikon-42-sd.png","datePublished":"2024-09-11T05:00:40+00:00","dateModified":"2026-05-05T10:54:31+00:00","description":"The newest and fastest way to mow your lawn. No matter how big your garden is. The new Ariens IKON sets new standards in terms of cutting pattern, comfort and features.","breadcrumb":{"@id":"https:\/\/www.ariens.eu\/hu\/product\/zero-turn-mowers\/ikon-series\/ikon-42\/#breadcrumb"},"inLanguage":"hu","potentialAction":[{"@type":"ReadAction","target":["https:\/\/www.ariens.eu\/hu\/product\/zero-turn-mowers\/ikon-series\/ikon-42\/"]}]},{"@type":"ImageObject","inLanguage":"hu","@id":"https:\/\/www.ariens.eu\/hu\/product\/zero-turn-mowers\/ikon-series\/ikon-42\/#primaryimage","url":"https:\/\/www.ariens.eu\/hu\/wp-content\/uploads\/sites\/20\/2024\/09\/ariens-ikon-42-sd.png","contentUrl":"https:\/\/www.ariens.eu\/hu\/wp-content\/uploads\/sites\/20\/2024\/09\/ariens-ikon-42-sd.png","width":1008,"height":750},{"@type":"BreadcrumbList","@id":"https:\/\/www.ariens.eu\/hu\/product\/zero-turn-mowers\/ikon-series\/ikon-42\/#breadcrumb","itemListElement":[{"@type":"ListItem","position":1,"name":"Home","item":"https:\/\/www.ariens.eu\/hu\/"},{"@type":"ListItem","position":2,"name":"Shop","item":"https:\/\/www.ariens.eu\/hu\/shop\/"},{"@type":"ListItem","position":3,"name":"IKON 42"}]},{"@type":"WebSite","@id":"https:\/\/www.ariens.eu\/hu\/#website","url":"https:\/\/www.ariens.eu\/hu\/","name":"Ariens | EMEAA","description":"Powerful and reliable zero-turn mowers &amp; snow blowers for professional users and demanding private customers","publisher":{"@id":"https:\/\/www.ariens.eu\/hu\/#organization"},"potentialAction":[{"@type":"SearchAction","target":{"@type":"EntryPoint","urlTemplate":"https:\/\/www.ariens.eu\/hu\/?s={search_term_string}"},"query-input":{"@type":"PropertyValueSpecification","valueRequired":true,"valueName":"search_term_string"}}],"inLanguage":"hu"},{"@type":"Organization","@id":"https:\/\/www.ariens.eu\/hu\/#organization","name":"AriensCo GmbH","url":"https:\/\/www.ariens.eu\/hu\/","logo":{"@type":"ImageObject","inLanguage":"hu","@id":"https:\/\/www.ariens.eu\/hu\/#\/schema\/logo\/image\/","url":"https:\/\/www.ariens.eu\/wp-content\/uploads\/2024\/11\/ariens-co-logo.jpg","contentUrl":"https:\/\/www.ariens.eu\/wp-content\/uploads\/2024\/11\/ariens-co-logo.jpg","width":1000,"height":1000,"caption":"AriensCo GmbH"},"image":{"@id":"https:\/\/www.ariens.eu\/hu\/#\/schema\/logo\/image\/"}}]}},"_links":{"self":[{"href":"https:\/\/www.ariens.eu\/hu\/wp-json\/wp\/v2\/product\/4682","targetHints":{"allow":["GET"]}}],"collection":[{"href":"https:\/\/www.ariens.eu\/hu\/wp-json\/wp\/v2\/product"}],"about":[{"href":"https:\/\/www.ariens.eu\/hu\/wp-json\/wp\/v2\/types\/product"}],"replies":[{"embeddable":true,"href":"https:\/\/www.ariens.eu\/hu\/wp-json\/wp\/v2\/comments?post=4682"}],"wp:featuredmedia":[{"embeddable":true,"href":"https:\/\/www.ariens.eu\/hu\/wp-json\/wp\/v2\/media\/4683"}],"wp:attachment":[{"href":"https:\/\/www.ariens.eu\/hu\/wp-json\/wp\/v2\/media?parent=4682"}],"wp:term":[{"taxonomy":"product_brand","embeddable":true,"href":"https:\/\/www.ariens.eu\/hu\/wp-json\/wp\/v2\/product_brand?post=4682"},{"taxonomy":"product_cat","embeddable":true,"href":"https:\/\/www.ariens.eu\/hu\/wp-json\/wp\/v2\/product_cat?post=4682"},{"taxonomy":"product_tag","embeddable":true,"href":"https:\/\/www.ariens.eu\/hu\/wp-json\/wp\/v2\/product_tag?post=4682"}],"curies":[{"name":"wp","href":"https:\/\/api.w.org\/{rel}","templated":true}]}}