{"id":6003,"date":"2025-06-26T07:37:33","date_gmt":"2025-06-26T06:37:33","guid":{"rendered":"https:\/\/www.ariens.eu\/?post_type=product&#038;p=6003"},"modified":"2026-04-22T13:45:11","modified_gmt":"2026-04-22T12:45:11","slug":"summit-pro-572","status":"publish","type":"product","link":"https:\/\/www.ariens.eu\/hu\/product\/zero-turn-mowers\/summit-pro-series\/summit-pro-572","title":{"rendered":"SUMMIT PRO 572"},"content":{"rendered":"<div class=\"acfd-block acfd-block__headline container-fluid px-0 bg-default\">\n<div class=\"acfd-headline\" >\n<h2 class='h1 text-left li_black bigger'>A nulla-k\u00f6r\u0171 ny\u00edr\u00e1s v\u00e9gs\u0151 megold\u00e1sa<\/h2>\n<\/p><\/div>\n<\/div>\n<div class=\"acfd-block acfd-block__text container-fluid px-0 bg-default\">\n<div class=\"acfd-text li_black\">\n<p>A legnagyobb feladatokhoz a SUMMIT PRO 572 vitathatatlanul a legjobb v\u00e1laszt\u00e1s. 72 colos ny\u00edr\u00f3fejjel \u00e9s 38,960 m\u00b2\/\u00f3ra maxim\u00e1lis teljes\u00edtm\u00e9nnyel \u00fajrafogalmazza a termel\u00e9kenys\u00e9g fogalm\u00e1t. Ez a hatalmas teljes\u00edtm\u00e9ny\u0171 nulla-k\u00f6r\u0171 ny\u00edr\u00f3 parkok, nagy birtokok \u00e9s szerz\u0151d\u00e9ses munk\u00e1k v\u00e9gz\u00e9s\u00e9re lett tervezve, ahol az \u00f3r\u00e1nk\u00e9nti teljes\u00edtm\u00e9ny kritikus fontoss\u00e1g\u00fa.<\/p>\n<\/div>\n<\/div>\n<div class=\"acfd-block acfd-block__text container-fluid px-0 bg-default\">\n<div class=\"acfd-text li_black\">\n<p>A 572 nem csak m\u00e9retben, hanem minden Ariens innov\u00e1ci\u00f3t mag\u00e1ba foglalva ny\u00fajt t\u00f6bbet: tart\u00f3ss\u00e1g, k\u00e9nyelem \u00e9s k\u00f6nny\u0171 kezelhet\u0151s\u00e9g szempontj\u00e1b\u00f3l. A neh\u00e9z teherb\u00edr\u00f3 alkatr\u00e9szek, az intuit\u00edv vez\u00e9rl\u00e9sek \u00e9s az oper\u00e1tor-centrikus diz\u00e1jn kedvenc\u00e9v\u00e9 teszik a szakemberek k\u00f6r\u00e9ben, akik a legjobbakat v\u00e1rj\u00e1k el.<\/p>\n<\/div>\n<\/div>\n<div class=\"acfd-block acfd-block__headline container-fluid px-0 bg-default\">\n<div class=\"acfd-headline\" >\n<h3 class='h2 text-left li_black'>F\u0151 jellemz\u0151k \u00e9s el\u0151ny\u00f6k<\/h3>\n<\/p><\/div>\n<\/div>\n<div class=\"acfd-block acfd-block__text container-fluid px-0 bg-default\">\n<div class=\"acfd-text li_black\">\n<ul>\n<li>Legjobb haszn\u00e1latra: extr\u00e9m ter\u00fcleti teljes\u00edtm\u00e9ny, nagy l\u00e9pt\u00e9k\u0171 szakmai haszn\u00e1lat<\/li>\n<li>Maxim\u00e1lis sebess\u00e9g: 21,3 km\/h<\/li>\n<li>Ter\u00fcleti teljes\u00edtm\u00e9ny: ak\u00e1r 38,960 m\u00b2\/h<\/li>\n<li>Garancia: 5 \u00e9v \/ 1,500 \u00f3ra (az els\u0151 2 \u00e9vben nincs \u00f3rakorl\u00e1t)<\/li>\n<li>Kiv\u00e1l\u00f3 ny\u00edr\u00f3min\u0151s\u00e9g \u00e9s p\u00e1ratlan termel\u00e9kenys\u00e9g flotta\u00fczemeltet\u00e9shez<\/li>\n<\/ul>\n<\/div>\n<\/div>\n<div class=\"acfd-block acfd-block__twocolumns container-fluid px-0 bg-default\">\n<div class=\"acfd-twocolumns\">\n<div class=\"row\">\n<div class='col-lg-12 mb-4 '>\n<div class=\"acfd-product-advantages--wrapper\">\n<h2 class=\"h1 bigger text-color-black text-center mb-5\">\n        Merkmale &#038; Vorteile    <\/h2>\n<div class=\"acfd-product-advantages\">\n<div class=\"row\">\n<div class=\"col-md-6 mb-4 content\">\n                    <span class=\"d-block h5 text-color-brand mb-1\">\u00daj, magas teljes\u00edtm\u00e9ny\u0171 pengespindlek.<\/span><\/p>\n<p>Az ARIENS SUMMIT PRO modellek \u00faj pengespindlei hidegen kov\u00e1csolt alum\u00edniumb\u00f3l k\u00e9sz\u00fclnek. K\u00fcl\u00f6n\u00f6sen rezisztensek a rezg\u00e9seknek, \u00e9s eloszlatj\u00e1k a keletkez\u0151 h\u0151t. Mindegyik k\u00e9t kett\u0151s goly\u00f3scsap\u00e1ggyal van felszerelve. Az eg\u00e9sz egys\u00e9g le van z\u00e1rva, hogy megv\u00e9dje a nedvess\u00e9g \u00e9s a piszok okozta korr\u00f3zi\u00f3t\u00f3l. Maximaliz\u00e1lja az \u00e9lettartamot \u00e9s minimaliz\u00e1lja a le\u00e1ll\u00e1si id\u0151t.<\/p>\n<\/p><\/div>\n<div class=\"col-md-6 mb4 image\"  style=\"background-image:url(https:\/\/www.ariens.eu\/hu\/wp-content\/uploads\/sites\/20\/2025\/06\/ariens-advantage-blade-spindle.jpg)\">\n                <\/div>\n<\/p><\/div>\n<div class=\"row\">\n<div class=\"col-md-6 mb-4 content\">\n                    <span class=\"d-block h5 text-color-brand mb-1\">Az \u00faj Ariens ENVY-Pro kaszah\u00e1z<\/span><\/p>\n<p>A kaszah\u00e1zat teljesen \u00fajratervezt\u00e9k a lehet\u0151 legjobb f\u0171eloszt\u00e1s \u00e9s v\u00e1g\u00e1si min\u0151s\u00e9g \u00e9rdek\u00e9ben. 4,6 mm vastag ac\u00e9llemezb\u0151l hegesztett, \u00e9s \u00e9vekig tart\u00f3 haszn\u00e1latra ny\u00fajtja a sz\u00fcks\u00e9ges robusztuss\u00e1got. Nagy m\u00e9lys\u00e9ge miatt t\u00f6k\u00e9letesen alkalmas az opcion\u00e1lis mulcsk\u00e9szlet beszerel\u00e9s\u00e9re.<\/p>\n<\/p><\/div>\n<div class=\"col-md-6 mb4 image\"  style=\"background-image:url(https:\/\/www.ariens.eu\/hu\/wp-content\/uploads\/sites\/20\/2025\/06\/ariens-advantage-envy-pro-deck.jpg)\">\n                <\/div>\n<\/p><\/div>\n<div class=\"row\">\n<div class=\"col-md-6 mb-4 content\">\n                    <span class=\"d-block h5 text-color-brand mb-1\">Ultra sima ny\u00edr\u00e1s, minden alkalommal.<\/span><\/p>\n<p>A magas min\u0151s\u00e9g\u0171 PARKER<sup>&reg;<\/sup> hidroszt\u00e1tok ismertek a sima v\u00e1laszukr\u00f3l a el\u0151re-h\u00e1tra v\u00e1lt\u00e1s sor\u00e1n. A nagy 24\u201d vagy 26\u201d ker\u00e9kek kombin\u00e1ci\u00f3j\u00e1ban maxim\u00e1lis vezet\u00e9si komfortot ny\u00fajtanak \u00e9s cs\u00f6kkentik a ker\u00e9kp\u00f6rg\u00e9st a kanyarod\u00e1s sor\u00e1n. Az extra hossz\u00fa olajcsere intervallumok a hidroszt\u00e1tokn\u00e1l elker\u00fclik a k\u00e9nyelmetlen m\u0171helyl\u00e1togat\u00e1sokat a szezon sor\u00e1n.<\/p>\n<\/p><\/div>\n<div class=\"col-md-6 mb4 image\"  style=\"background-image:url(https:\/\/www.ariens.eu\/hu\/wp-content\/uploads\/sites\/20\/2025\/06\/ariens-advantage-parker-hydrostats.jpg)\">\n                <\/div>\n<\/p><\/div>\n<div class=\"row\">\n<div class=\"col-md-6 mb-4 content\">\n                    <span class=\"d-block h5 text-color-brand mb-1\">Teljes\u00edtm\u00e9nyes, pr\u00e9mium Kawasaki FX 850V motor.<\/span><\/p>\n<p>Egys\u00e9ges nyomat\u00e9kg\u00f6rbe \u00e9s kett\u0151s sz\u0171r\u0151 a legmagasabb szint\u0171 teljes\u00edtm\u00e9ny \u00e9s tart\u00f3ss\u00e1g \u00e9rdek\u00e9ben.<\/p>\n<\/p><\/div>\n<div class=\"col-md-6 mb4 image\"  style=\"background-image:url(https:\/\/www.ariens.eu\/hu\/wp-content\/uploads\/sites\/20\/2025\/06\/ariens-advantage-500-engine-1.jpg)\">\n                <\/div>\n<\/p><\/div>\n<div class=\"row\">\n<div class=\"col-md-6 mb-4 content\">\n                    <span class=\"d-block h5 text-color-brand mb-1\">Pr\u00e9mium Parker hidrosztatikus meghajt\u00e1s<\/span><\/p>\n<p>A Parker<sup>&reg;<\/sup> HTG hidrosztatikus meghajt\u00e1s 24 km\/h v\u00e9gsebess\u00e9get \u00e9r el, \u00e9s 16 cm3-es nagy teljes\u00edtm\u00e9ny\u0171 szivatty\u00faval rendelkezik. A sz\u0171r\u0151k k\u00f6nnyen hozz\u00e1f\u00e9rhet\u0151k h\u00e1tulr\u00f3l, \u00edgy egyszer\u0171 a karbantart\u00e1suk. A Parker<sup>&reg;<\/sup> TG\u2122 gerotor motor k\u00fcl\u00f6n\u00f6sen hat\u00e9konyan m\u0171k\u00f6dik. Ez energia-takar\u00e9kos, \u00e9s ak\u00e1r 10%-kal t\u00f6bb motorteljes\u00edtm\u00e9nyt biztos\u00edt a peng\u00e9knek.<\/p>\n<\/p><\/div>\n<div class=\"col-md-6 mb4 image\"  style=\"background-image:url(https:\/\/www.ariens.eu\/hu\/wp-content\/uploads\/sites\/20\/2025\/06\/ariens-advantage-500-transaxle.jpg)\">\n                <\/div>\n<\/p><\/div>\n<div class=\"row\">\n<div class=\"col-md-6 mb-4 content\">\n                    <span class=\"d-block h5 text-color-brand mb-1\">L\u00e9gfelf\u00fcggeszt\u00e9ses komfort\u00fcl\u00e9s<\/span><\/p>\n<p>Egy kapcsol\u00f3 megnyom\u00e1s\u00e1val az Ariens AIR-RIDE \u00fcl\u00e9s l\u00e9gfelf\u00fcggeszt\u00e9s\u00e9t pontosan a saj\u00e1t ig\u00e9nyeidhez igaz\u00edthatod. K\u00fcl\u00f6nleges rezg\u00e9scsillap\u00edt\u00f3k v\u00e9dik az eg\u00e9sz \u00fcl\u00e9st a f\u00fcgg\u0151leges l\u00f6k\u00e9sekt\u0151l. Az extramagasan elhelyezked\u0151 h\u00e1tt\u00e1mla, a \u00e1ll\u00edthat\u00f3 karf\u00e1k, az extramagasan elhelyezked\u0151 h\u00e1tt\u00e1mla, a vastag p\u00e1rn\u00e1zat \u00e9s az integr\u00e1lt der\u00e9kt\u00e1masz maxim\u00e1lis \u00fcl\u00e9si komfortot ny\u00fajtanak.<\/p>\n<\/p><\/div>\n<div class=\"col-md-6 mb4 image\"  style=\"background-image:url(https:\/\/www.ariens.eu\/hu\/wp-content\/uploads\/sites\/20\/2025\/06\/ariens-advantage-air-ride-comfort-seat.jpg)\">\n                <\/div>\n<\/p><\/div>\n<div class=\"row\">\n<div class=\"col-md-6 mb-4 content\">\n                    <span class=\"d-block h5 text-color-brand mb-1\">Sz\u00far\u00e1sbiztos els\u0151 kerekek<\/span><\/p>\n<p>A nagy, 15 h\u00fcvelyk \u00e1tm\u00e9r\u0151j\u0171 \u00e9s 360\u00b0-ban forgathat\u00f3 els\u0151 kerekek f\u00e9lpneumatikusak. Ez azt jelenti, hogy teljesen gumi habbal vannak t\u00f6ltve. A lapos gumi \u00e9s a nyom\u00e1sveszt\u00e9s \u00edgy kiz\u00e1rhat\u00f3.<\/p>\n<\/p><\/div>\n<div class=\"col-md-6 mb4 image\"  style=\"background-image:url(https:\/\/www.ariens.eu\/hu\/wp-content\/uploads\/sites\/20\/2025\/06\/ariens-advantage-puncture-proof-frnot-wheel.jpg)\">\n                <\/div>\n<\/p><\/div>\n<div class=\"row\">\n<div class=\"col-md-6 mb-4 content\">\n                    <span class=\"d-block h5 text-color-brand mb-1\">K\u00e9nyelmes v\u00e1g\u00e1si magass\u00e1g be\u00e1ll\u00edt\u00e1s<\/span><\/p>\n<p>Egy forg\u00f3 ker\u00e9k lehet\u0151v\u00e9 teszi a v\u00e1g\u00e1si magass\u00e1g k\u00f6nny\u0171 be\u00e1ll\u00edt\u00e1s\u00e1t 2,5 \u00e9s 13 cm k\u00f6z\u00f6tt. Rug\u00f3val ell\u00e1tott l\u00e1bped\u00e1l a kaszah\u00e1z k\u00f6nnyebb felemel\u00e9s\u00e9hez.<\/p>\n<\/p><\/div>\n<div class=\"col-md-6 mb4 image\"  style=\"background-image:url(https:\/\/www.ariens.eu\/hu\/wp-content\/uploads\/sites\/20\/2025\/06\/ariens-advantage-cutting-height-adjustment.jpg)\">\n                <\/div>\n<\/p><\/div>\n<div class=\"row\">\n<div class=\"col-md-6 mb-4 content\">\n                    <span class=\"d-block h5 text-color-brand mb-1\">Nagy, 48 literes tart\u00e1ly<\/span><\/p>\n<p>Az \u00e1lland\u00f3 tankfelt\u00f6lt\u00e9s id\u0151t \u00e9s energi\u00e1t vesz ig\u00e9nybe. Ez\u00e9rt az \u00f6sszes ARIENS SUMMIT PRO modell extra nagy, 48 literes tart\u00e1llyal rendelkezik a hossz\u00fa munkanapok kezel\u00e9s\u00e9hez.<\/p>\n<\/p><\/div>\n<div class=\"col-md-6 mb4 image\"  style=\"background-image:url(https:\/\/www.ariens.eu\/hu\/wp-content\/uploads\/sites\/20\/2025\/06\/ariens-advantage-large-tank.jpg)\">\n                <\/div>\n<\/p><\/div>\n<div class=\"row\">\n<div class=\"col-md-6 mb-4 content\">\n                    <span class=\"d-block h5 text-color-brand mb-1\">Teljesen hegesztett cs\u00f6valv\u00e1z<\/span><\/p>\n<p>Egy pillant\u00e1s el\u00e9g ahhoz, hogy felismerj\u00fck a stabilit\u00e1s\u00e1t \u00e9s az erej\u00e9t. A nagy n\u00e9gyzetes cs\u00f6veket t\u00f6k\u00e9letesen illesztik \u00f6ssze, hogy egy szil\u00e1rd, tart\u00f3s v\u00e1zat hozzanak l\u00e9tre.<\/p>\n<\/p><\/div>\n<div class=\"col-md-6 mb4 image\"  style=\"background-image:url(https:\/\/www.ariens.eu\/hu\/wp-content\/uploads\/sites\/20\/2025\/06\/ariens-advantage-tubular-frame.jpg)\">\n                <\/div>\n<\/p><\/div>\n<\/p><\/div>\n<\/div><\/div>\n<div class='col-lg'>                    <\/div>\n<\/p><\/div>\n<\/div>\n<\/div>\n","protected":false},"excerpt":{"rendered":"<p>A nulla-k\u00f6r\u0171 ny\u00edr\u00e1s v\u00e9gs\u0151 megold\u00e1sa A legnagyobb feladatokhoz a SUMMIT PRO 572 vitathatatlanul a legjobb v\u00e1laszt\u00e1s. 72 colos ny\u00edr\u00f3fejjel \u00e9s 38,960 m\u00b2\/\u00f3ra maxim\u00e1lis teljes\u00edtm\u00e9nnyel \u00fajrafogalmazza a termel\u00e9kenys\u00e9g fogalm\u00e1t. Ez a hatalmas teljes\u00edtm\u00e9ny\u0171 nulla-k\u00f6r\u0171 ny\u00edr\u00f3 parkok, nagy birtokok \u00e9s szerz\u0151d\u00e9ses munk\u00e1k v\u00e9gz\u00e9s\u00e9re lett tervezve, ahol az \u00f3r\u00e1nk\u00e9nti teljes\u00edtm\u00e9ny kritikus fontoss\u00e1g\u00fa. A 572 nem csak m\u00e9retben, hanem [&hellip;]<\/p>\n","protected":false},"featured_media":6020,"comment_status":"open","ping_status":"closed","template":"","meta":{"_acf_changed":false,"_relevanssi_hide_post":"","_relevanssi_hide_content":"","_relevanssi_pin_for_all":"","_relevanssi_pin_keywords":"","_relevanssi_unpin_keywords":"","_relevanssi_related_keywords":"","_relevanssi_related_include_ids":"","_relevanssi_related_exclude_ids":"","_relevanssi_related_no_append":"","_relevanssi_related_not_related":"","_relevanssi_related_posts":"","_relevanssi_noindex_reason":""},"product_brand":[],"product_cat":[15],"product_tag":[],"class_list":{"0":"post-6003","1":"product","2":"type-product","3":"status-publish","4":"has-post-thumbnail","6":"product_variant-summit-pro-series","7":"product_usage_areas-janitorial-services","8":"product_usage_areas-municipalities-building-yards","9":"product_usage_areas-service-providers","11":"first","12":"instock","13":"shipping-taxable","14":"product-type-simple"},"acf":[],"yoast_head":"<!-- This site is optimized with the Yoast SEO plugin v27.3 - https:\/\/yoast.com\/product\/yoast-seo-wordpress\/ -->\n<title>Ariens SUMMIT PRO 572 \u2013 Maximum Coverage, Ultimate Commercial Mower<\/title>\n<meta name=\"description\" content=\"Cover more ground with the Ariens SUMMIT PRO 572. This powerhouse zero-turn mower is engineered for extreme area performance and high-endurance jobs.\" \/>\n<meta name=\"robots\" content=\"noindex, follow, max-snippet:-1, max-image-preview:large, max-video-preview:-1\" \/>\n<meta property=\"og:locale\" content=\"hu_HU\" \/>\n<meta property=\"og:type\" content=\"article\" \/>\n<meta property=\"og:title\" content=\"Ariens SUMMIT PRO 572 \u2013 Maximum Coverage, Ultimate Commercial Mower\" \/>\n<meta property=\"og:description\" content=\"Cover more ground with the Ariens SUMMIT PRO 572. This powerhouse zero-turn mower is engineered for extreme area performance and high-endurance jobs.\" \/>\n<meta property=\"og:url\" content=\"https:\/\/www.ariens.eu\/hu\/product\/zero-turn-mowers\/summit-pro-series\/summit-pro-572\/\" \/>\n<meta property=\"og:site_name\" content=\"Ariens | EMEAA\" \/>\n<meta property=\"article:modified_time\" content=\"2026-04-22T12:45:11+00:00\" \/>\n<meta property=\"og:image\" content=\"https:\/\/www.ariens.eu\/hu\/wp-content\/uploads\/sites\/20\/2025\/06\/ariens-summit-pro-372.png\" \/>\n\t<meta property=\"og:image:width\" content=\"1024\" \/>\n\t<meta property=\"og:image:height\" content=\"720\" \/>\n\t<meta property=\"og:image:type\" content=\"image\/png\" \/>\n<meta name=\"twitter:card\" content=\"summary_large_image\" \/>\n<meta name=\"twitter:label1\" content=\"Becs\u00fclt olvas\u00e1si id\u0151\" \/>\n\t<meta name=\"twitter:data1\" content=\"3 perc\" \/>\n<script type=\"application\/ld+json\" class=\"yoast-schema-graph\">{\"@context\":\"https:\\\/\\\/schema.org\",\"@graph\":[{\"@type\":\"WebPage\",\"@id\":\"https:\\\/\\\/www.ariens.eu\\\/hu\\\/product\\\/zero-turn-mowers\\\/summit-pro-series\\\/summit-pro-572\\\/\",\"url\":\"https:\\\/\\\/www.ariens.eu\\\/hu\\\/product\\\/zero-turn-mowers\\\/summit-pro-series\\\/summit-pro-572\\\/\",\"name\":\"Ariens SUMMIT PRO 572 \u2013 Maximum Coverage, Ultimate Commercial Mower\",\"isPartOf\":{\"@id\":\"https:\\\/\\\/www.ariens.eu\\\/hu\\\/#website\"},\"primaryImageOfPage\":{\"@id\":\"https:\\\/\\\/www.ariens.eu\\\/hu\\\/product\\\/zero-turn-mowers\\\/summit-pro-series\\\/summit-pro-572\\\/#primaryimage\"},\"image\":{\"@id\":\"https:\\\/\\\/www.ariens.eu\\\/hu\\\/product\\\/zero-turn-mowers\\\/summit-pro-series\\\/summit-pro-572\\\/#primaryimage\"},\"thumbnailUrl\":\"https:\\\/\\\/www.ariens.eu\\\/hu\\\/wp-content\\\/uploads\\\/sites\\\/20\\\/2025\\\/06\\\/ariens-summit-pro-372.png\",\"datePublished\":\"2025-06-26T06:37:33+00:00\",\"dateModified\":\"2026-04-22T12:45:11+00:00\",\"description\":\"Cover more ground with the Ariens SUMMIT PRO 572. This powerhouse zero-turn mower is engineered for extreme area performance and high-endurance jobs.\",\"breadcrumb\":{\"@id\":\"https:\\\/\\\/www.ariens.eu\\\/hu\\\/product\\\/zero-turn-mowers\\\/summit-pro-series\\\/summit-pro-572\\\/#breadcrumb\"},\"inLanguage\":\"hu\",\"potentialAction\":[{\"@type\":\"ReadAction\",\"target\":[\"https:\\\/\\\/www.ariens.eu\\\/hu\\\/product\\\/zero-turn-mowers\\\/summit-pro-series\\\/summit-pro-572\\\/\"]}]},{\"@type\":\"ImageObject\",\"inLanguage\":\"hu\",\"@id\":\"https:\\\/\\\/www.ariens.eu\\\/hu\\\/product\\\/zero-turn-mowers\\\/summit-pro-series\\\/summit-pro-572\\\/#primaryimage\",\"url\":\"https:\\\/\\\/www.ariens.eu\\\/hu\\\/wp-content\\\/uploads\\\/sites\\\/20\\\/2025\\\/06\\\/ariens-summit-pro-372.png\",\"contentUrl\":\"https:\\\/\\\/www.ariens.eu\\\/hu\\\/wp-content\\\/uploads\\\/sites\\\/20\\\/2025\\\/06\\\/ariens-summit-pro-372.png\",\"width\":1024,\"height\":720,\"caption\":\"Ariens SUMMIT PRO 372, 3d rendering of the model, isolated\"},{\"@type\":\"BreadcrumbList\",\"@id\":\"https:\\\/\\\/www.ariens.eu\\\/hu\\\/product\\\/zero-turn-mowers\\\/summit-pro-series\\\/summit-pro-572\\\/#breadcrumb\",\"itemListElement\":[{\"@type\":\"ListItem\",\"position\":1,\"name\":\"Home\",\"item\":\"https:\\\/\\\/www.ariens.eu\\\/hu\\\/\"},{\"@type\":\"ListItem\",\"position\":2,\"name\":\"Shop\",\"item\":\"https:\\\/\\\/www.ariens.eu\\\/hu\\\/shop\\\/\"},{\"@type\":\"ListItem\",\"position\":3,\"name\":\"SUMMIT PRO 572\"}]},{\"@type\":\"WebSite\",\"@id\":\"https:\\\/\\\/www.ariens.eu\\\/hu\\\/#website\",\"url\":\"https:\\\/\\\/www.ariens.eu\\\/hu\\\/\",\"name\":\"Ariens | EMEAA\",\"description\":\"Powerful and reliable zero-turn mowers &amp; snow blowers for professional users and demanding private customers\",\"publisher\":{\"@id\":\"https:\\\/\\\/www.ariens.eu\\\/hu\\\/#organization\"},\"potentialAction\":[{\"@type\":\"SearchAction\",\"target\":{\"@type\":\"EntryPoint\",\"urlTemplate\":\"https:\\\/\\\/www.ariens.eu\\\/hu\\\/?s={search_term_string}\"},\"query-input\":{\"@type\":\"PropertyValueSpecification\",\"valueRequired\":true,\"valueName\":\"search_term_string\"}}],\"inLanguage\":\"hu\"},{\"@type\":\"Organization\",\"@id\":\"https:\\\/\\\/www.ariens.eu\\\/hu\\\/#organization\",\"name\":\"AriensCo GmbH\",\"url\":\"https:\\\/\\\/www.ariens.eu\\\/hu\\\/\",\"logo\":{\"@type\":\"ImageObject\",\"inLanguage\":\"hu\",\"@id\":\"https:\\\/\\\/www.ariens.eu\\\/hu\\\/#\\\/schema\\\/logo\\\/image\\\/\",\"url\":\"https:\\\/\\\/www.ariens.eu\\\/wp-content\\\/uploads\\\/2024\\\/11\\\/ariens-co-logo.jpg\",\"contentUrl\":\"https:\\\/\\\/www.ariens.eu\\\/wp-content\\\/uploads\\\/2024\\\/11\\\/ariens-co-logo.jpg\",\"width\":1000,\"height\":1000,\"caption\":\"AriensCo GmbH\"},\"image\":{\"@id\":\"https:\\\/\\\/www.ariens.eu\\\/hu\\\/#\\\/schema\\\/logo\\\/image\\\/\"}}]}<\/script>\n<!-- \/ Yoast SEO plugin. -->","yoast_head_json":{"title":"Ariens SUMMIT PRO 572 \u2013 Maximum Coverage, Ultimate Commercial Mower","description":"Cover more ground with the Ariens SUMMIT PRO 572. This powerhouse zero-turn mower is engineered for extreme area performance and high-endurance jobs.","robots":{"index":"noindex","follow":"follow","max-snippet":"max-snippet:-1","max-image-preview":"max-image-preview:large","max-video-preview":"max-video-preview:-1"},"og_locale":"hu_HU","og_type":"article","og_title":"Ariens SUMMIT PRO 572 \u2013 Maximum Coverage, Ultimate Commercial Mower","og_description":"Cover more ground with the Ariens SUMMIT PRO 572. This powerhouse zero-turn mower is engineered for extreme area performance and high-endurance jobs.","og_url":"https:\/\/www.ariens.eu\/hu\/product\/zero-turn-mowers\/summit-pro-series\/summit-pro-572\/","og_site_name":"Ariens | EMEAA","article_modified_time":"2026-04-22T12:45:11+00:00","og_image":[{"width":1024,"height":720,"url":"https:\/\/www.ariens.eu\/hu\/wp-content\/uploads\/sites\/20\/2025\/06\/ariens-summit-pro-372.png","type":"image\/png"}],"twitter_card":"summary_large_image","twitter_misc":{"Becs\u00fclt olvas\u00e1si id\u0151":"3 perc"},"schema":{"@context":"https:\/\/schema.org","@graph":[{"@type":"WebPage","@id":"https:\/\/www.ariens.eu\/hu\/product\/zero-turn-mowers\/summit-pro-series\/summit-pro-572\/","url":"https:\/\/www.ariens.eu\/hu\/product\/zero-turn-mowers\/summit-pro-series\/summit-pro-572\/","name":"Ariens SUMMIT PRO 572 \u2013 Maximum Coverage, Ultimate Commercial Mower","isPartOf":{"@id":"https:\/\/www.ariens.eu\/hu\/#website"},"primaryImageOfPage":{"@id":"https:\/\/www.ariens.eu\/hu\/product\/zero-turn-mowers\/summit-pro-series\/summit-pro-572\/#primaryimage"},"image":{"@id":"https:\/\/www.ariens.eu\/hu\/product\/zero-turn-mowers\/summit-pro-series\/summit-pro-572\/#primaryimage"},"thumbnailUrl":"https:\/\/www.ariens.eu\/hu\/wp-content\/uploads\/sites\/20\/2025\/06\/ariens-summit-pro-372.png","datePublished":"2025-06-26T06:37:33+00:00","dateModified":"2026-04-22T12:45:11+00:00","description":"Cover more ground with the Ariens SUMMIT PRO 572. This powerhouse zero-turn mower is engineered for extreme area performance and high-endurance jobs.","breadcrumb":{"@id":"https:\/\/www.ariens.eu\/hu\/product\/zero-turn-mowers\/summit-pro-series\/summit-pro-572\/#breadcrumb"},"inLanguage":"hu","potentialAction":[{"@type":"ReadAction","target":["https:\/\/www.ariens.eu\/hu\/product\/zero-turn-mowers\/summit-pro-series\/summit-pro-572\/"]}]},{"@type":"ImageObject","inLanguage":"hu","@id":"https:\/\/www.ariens.eu\/hu\/product\/zero-turn-mowers\/summit-pro-series\/summit-pro-572\/#primaryimage","url":"https:\/\/www.ariens.eu\/hu\/wp-content\/uploads\/sites\/20\/2025\/06\/ariens-summit-pro-372.png","contentUrl":"https:\/\/www.ariens.eu\/hu\/wp-content\/uploads\/sites\/20\/2025\/06\/ariens-summit-pro-372.png","width":1024,"height":720,"caption":"Ariens SUMMIT PRO 372, 3d rendering of the model, isolated"},{"@type":"BreadcrumbList","@id":"https:\/\/www.ariens.eu\/hu\/product\/zero-turn-mowers\/summit-pro-series\/summit-pro-572\/#breadcrumb","itemListElement":[{"@type":"ListItem","position":1,"name":"Home","item":"https:\/\/www.ariens.eu\/hu\/"},{"@type":"ListItem","position":2,"name":"Shop","item":"https:\/\/www.ariens.eu\/hu\/shop\/"},{"@type":"ListItem","position":3,"name":"SUMMIT PRO 572"}]},{"@type":"WebSite","@id":"https:\/\/www.ariens.eu\/hu\/#website","url":"https:\/\/www.ariens.eu\/hu\/","name":"Ariens | EMEAA","description":"Powerful and reliable zero-turn mowers &amp; snow blowers for professional users and demanding private customers","publisher":{"@id":"https:\/\/www.ariens.eu\/hu\/#organization"},"potentialAction":[{"@type":"SearchAction","target":{"@type":"EntryPoint","urlTemplate":"https:\/\/www.ariens.eu\/hu\/?s={search_term_string}"},"query-input":{"@type":"PropertyValueSpecification","valueRequired":true,"valueName":"search_term_string"}}],"inLanguage":"hu"},{"@type":"Organization","@id":"https:\/\/www.ariens.eu\/hu\/#organization","name":"AriensCo GmbH","url":"https:\/\/www.ariens.eu\/hu\/","logo":{"@type":"ImageObject","inLanguage":"hu","@id":"https:\/\/www.ariens.eu\/hu\/#\/schema\/logo\/image\/","url":"https:\/\/www.ariens.eu\/wp-content\/uploads\/2024\/11\/ariens-co-logo.jpg","contentUrl":"https:\/\/www.ariens.eu\/wp-content\/uploads\/2024\/11\/ariens-co-logo.jpg","width":1000,"height":1000,"caption":"AriensCo GmbH"},"image":{"@id":"https:\/\/www.ariens.eu\/hu\/#\/schema\/logo\/image\/"}}]}},"_links":{"self":[{"href":"https:\/\/www.ariens.eu\/hu\/wp-json\/wp\/v2\/product\/6003","targetHints":{"allow":["GET"]}}],"collection":[{"href":"https:\/\/www.ariens.eu\/hu\/wp-json\/wp\/v2\/product"}],"about":[{"href":"https:\/\/www.ariens.eu\/hu\/wp-json\/wp\/v2\/types\/product"}],"replies":[{"embeddable":true,"href":"https:\/\/www.ariens.eu\/hu\/wp-json\/wp\/v2\/comments?post=6003"}],"wp:featuredmedia":[{"embeddable":true,"href":"https:\/\/www.ariens.eu\/hu\/wp-json\/wp\/v2\/media\/6020"}],"wp:attachment":[{"href":"https:\/\/www.ariens.eu\/hu\/wp-json\/wp\/v2\/media?parent=6003"}],"wp:term":[{"taxonomy":"product_brand","embeddable":true,"href":"https:\/\/www.ariens.eu\/hu\/wp-json\/wp\/v2\/product_brand?post=6003"},{"taxonomy":"product_cat","embeddable":true,"href":"https:\/\/www.ariens.eu\/hu\/wp-json\/wp\/v2\/product_cat?post=6003"},{"taxonomy":"product_tag","embeddable":true,"href":"https:\/\/www.ariens.eu\/hu\/wp-json\/wp\/v2\/product_tag?post=6003"}],"curies":[{"name":"wp","href":"https:\/\/api.w.org\/{rel}","templated":true}]}}