{"id":2341,"date":"2024-05-10T11:04:36","date_gmt":"2024-05-10T10:04:36","guid":{"rendered":"https:\/\/www.ariens.eu\/product\/zenith-e-60\/"},"modified":"2025-11-10T10:49:13","modified_gmt":"2025-11-10T10:49:13","slug":"zenith-e-60","status":"publish","type":"product","link":"https:\/\/www.ariens.eu\/ie\/product\/zero-turn-mowers\/zenith-e-series\/zenith-e-60","title":{"rendered":"ZENITH E 60"},"content":{"rendered":"<div class=\"acfd-block acfd-block__twocolumns container-fluid px-0 bg-default\">\n<div class=\"acfd-twocolumns\">\n<div class=\"row\">\n<div class='col-lg-9 mb-4'>\n<div class=\"acfd-block acfd-block__headline container-fluid px-0 bg-default\">\n<div class=\"acfd-headline\" >\n<h2 class='h2 text-left'>Zero-turn mower with exchangeable battery. Made for a whole day&#8217;s mowing.<\/h2>\n<\/p><\/div>\n<\/div><\/div>\n<div class='col-lg'>                    <\/div>\n<\/p><\/div>\n<\/div>\n<\/div>\n<div class=\"acfd-block acfd-block__twocolumns mb-asm-2 container-fluid px-0 bg-default\">\n<div class=\"acfd-twocolumns\">\n<div class=\"row\">\n<div class='col-lg-9 mb-4'>\n<div class=\"acfd-block acfd-block__text container-fluid px-0 bg-default\">\n<div class=\"acfd-text\">\n<p>Installing batteries in a mower is one thing. Achieving the performance, durability and reliability of a proven professional petrol model is another. Our models with the FusionCore replaceable battery system meet this demand.<\/p>\n<p>The ZENITH E 60 is the first professional electric zero-turn mower with interchangeable batteries. Made to mow large lawns for a whole day. Professional cutting deck with 152 cm cutting width. Can be used with side discharge or optional Muchkit. ROPS as standard. An electric professional through and through &#8211; with professional warranty.<\/p>\n<ul>\n<li>The ZENITH E 60 features a 152cm (60&#8243;) fabricated, side discharge deck constructed of strong 10-gauge steel<\/li>\n<li>Powered by four interchangeable FusionCore lithium-ion 56v DC, 4kWh batteries<\/li>\n<li>Features patent-pending spindle technology, designed to absorb massive impact<\/li>\n<li>Achieve five hours of continuous cutting time on one charge ((dependent on cutting conditions)<\/li>\n<li>Charge time of 5.3 &#8211; 12 hours (depending on charger)<\/li>\n<li>Industry-leading frame design provides backbone to support the loads of the machine<\/li>\n<li>ROPS fitted as standard for added protection to the operator<\/li>\n<li>Foot-operate\u200bd, vertical pin selector deck lift system with 15 cutting positions<\/li>\n<li>High-back full suspension seat<\/li>\n<li>Range of optional accessories is available<\/li>\n<li>5-year or 1500 hours warranty\/ 3-year battery warranty<\/li>\n<\/ul>\n<\/div>\n<\/div><\/div>\n<div class='col-lg'>                    <\/div>\n<\/p><\/div>\n<\/div>\n<\/div>\n<div class=\"acfd-block acfd-block__category mb-asm-3 container-fluid px-0 bg-default\">\n<div class=\"acfd-product-categories\">\n<h2 class=\"text-left mb-3\">\n        Eins\u00e4tze    <\/h2>\n<div class=\"product-categories_wrapper\">\n         <span\n                data-description=\"Do you mow for many hours or even days or weeks at a time? Do you use your machine commercially and earn your money with it? Then you need a particularly reliable and comfortable machine with durable components.\"                class=\"product-category-single\"> PRO                <sup><i class=\"fa fa-info-circle\" aria-hidden=\"true\"><\/i><\/sup>            <\/span>  <span\n                data-description=\"State-of-the-art battery technology now enables the same performance and range as petrol models.\"                class=\"product-category-single\"> Electric                <sup><i class=\"fa fa-info-circle\" aria-hidden=\"true\"><\/i><\/sup>            <\/span>  <span\n                data-description=\"When using a suitable mulching kit in your mower, the side discharge is no longer necessary. The clippings are finely shredded and evenly distributed to the rear of the lawn. Any fertilizer applied remains on the surface and the fine grass particles disappear almost invisibly into the lawn.\"                class=\"product-category-single\"> Optional mulching kit                <sup><i class=\"fa fa-info-circle\" aria-hidden=\"true\"><\/i><\/sup>            <\/span>  <span\n                data-description=\"Ariens ride-on mowers offer a high level of comfort. We use high-quality seats from the entry-level model upwards. Ample legroom and ergonomic controls are standard.\"                class=\"product-category-single\"> Ride-On (sitting)                <sup><i class=\"fa fa-info-circle\" aria-hidden=\"true\"><\/i><\/sup>            <\/span>  <span\n                data-description=\"With the APEX and ZENITH models, you have the choice between side discharge and rear discharge mower decks. A side discharge mower deck ejects the clippings via a side opening and a deflector. The powerful airflow then distributes it over a large area. An optional mulching kit can be installed in side discharge mower decks. When a mulching kit is used, the clippings are finely shredded and ejected to the rear. The side discharge and deflector are then closed or removed.\"                class=\"product-category-single\"> Side discharge                <sup><i class=\"fa fa-info-circle\" aria-hidden=\"true\"><\/i><\/sup>            <\/span>  <span\n                data-description=\"All Ariens mowers are suitable for flat lawns. Select your cutting width according to the size of your area and any limiting narrow areas.\"                class=\"product-category-single\"> Flat terrain                <sup><i class=\"fa fa-info-circle\" aria-hidden=\"true\"><\/i><\/sup>            <\/span>  <span\n                data-description=\"Ariens mowers cope well with undulating terrain. For undulating terrain, choose narrower cutting decks for a more uniform cutting pattern.\"                class=\"product-category-single\"> Undulating terrain                <sup><i class=\"fa fa-info-circle\" aria-hidden=\"true\"><\/i><\/sup>            <\/span>  <span\n                data-description=\"It is best to choose a machine with wide wheels. Do not exceed the specified safety limit of 15\u00b0 incline for ride-on mowers and 20\u00b0 for stand-on mowers. On undulating terrain, choose narrower cutting decks for a more uniform cutting pattern. The ZENITH model has a roll-over protection as standard. It can be retrofitted to the APEX.\"                class=\"product-category-single\"> Hilly terrain                <sup><i class=\"fa fa-info-circle\" aria-hidden=\"true\"><\/i><\/sup>            <\/span>  <span\n                data-description=\"Mowing decks 132 cm and 152 cm wide are used effectively on large areas.\"                class=\"product-category-single\"> Large areas                <sup><i class=\"fa fa-info-circle\" aria-hidden=\"true\"><\/i><\/sup>            <\/span>     <\/div>\n<\/div>\n<\/div>\n<div class=\"acfd-block acfd-block__twocolumns mb-asm-2 container-fluid container-fluid--force px-0 bg-default\">\n<div class=\"acfd-twocolumns\">\n<div class=\"row\">\n<div class='col-lg-12 mb-4'>\n<div class=\"acfd-product-advantages--wrapper\">\n<h2 class=\"h1 bigger text-color-black text-center mb-5\">\n        Features &#038; Benefits    <\/h2>\n<div class=\"acfd-product-advantages\">\n<div class=\"row\">\n<div class=\"col-md-6 mb-4 content\">\n                    <span class=\"d-block h5 text-color-brand mb-1\">FusionCore Li-Ion battery system<\/span><\/p>\n<p>The battery system of the ZENITH E consists of four interchangeable battery packs, each weighing 22.5 kg. The capacity of each individual Fusion Li-ion battery pack is 4 kWh.  Total capacity: 4 x 4 kWh = 16 kWh. The ZENITH E can mow with just two battery packs and drive with just one.<\/p>\n<p>With four battery packs, you can mow for a maximum of 5 hours. After that, they can be replaced with full batteries in a matter of seconds.  The charging time for four battery packs, with optional quick charger, is only 5:20 hours!<\/p>\n<\/p><\/div>\n<div class=\"col-md-6 mb4 image\"  style=\"background-image:url(https:\/\/www.ariens.eu\/wp-content\/uploads\/sites\/12\/2024\/05\/ariens-arrow-e-battery-stand-on-fusioncore-batteries.webp)\">\n                <\/div>\n<\/p><\/div>\n<div class=\"row\">\n<div class=\"col-md-6 mb-4 content\">\n                    <span class=\"d-block h5 text-color-brand mb-1\">Intelligent load balancing<\/span><\/p>\n<p>Ce syst\u00e8me en attente de brevet permet \u00e0 la ZENITH E de compenser les diff\u00e9rences de puissance des batteries. Elle ne pr\u00e9l\u00e8ve de l&#8217;\u00e9nergie sur les batteries pleines que jusqu&#8217;\u00e0 ce qu&#8217;elles atteignent le m\u00eame niveau de charge que les batteries moins charg\u00e9es. L&#8217;\u00e9nergie est d&#8217;abord pr\u00e9lev\u00e9e sur les batteries enti\u00e8rement charg\u00e9es, avant d&#8217;\u00eatre ensuite pr\u00e9lev\u00e9e de mani\u00e8re \u00e9gale sur les quatre batteries, ce qui permet d&#8217;obtenir une puissance constante qui pr\u00e9serve les cellules.<\/p>\n<\/p><\/div>\n<div class=\"col-md-6 mb4 image\"  style=\"background-image:url(https:\/\/www.ariens.eu\/wp-content\/uploads\/sites\/12\/2024\/05\/ariens-zenith-e-zero-turn-feature2-battery-load-balancing.webp)\">\n                <\/div>\n<\/p><\/div>\n<div class=\"row\">\n<div class=\"col-md-6 mb-4 content\">\n                    <span class=\"d-block h5 text-color-brand mb-1\">Don&#8217;t waste energy: Eco-Mode<\/span><\/p>\n<p>The ZENITH E has an ECO mode switch. The highest blade speed is not required when the amount of clippings is low or when travelling at a slower speed. In this case, use the ECO mode to reduce the blade speed.<\/p>\n<\/p><\/div>\n<div class=\"col-md-6 mb4 image\"  style=\"background-image:url(https:\/\/www.ariens.eu\/wp-content\/uploads\/sites\/12\/2024\/11\/zenith-e-advantages-eco-mode-scaled.jpg)\">\n                <\/div>\n<\/p><\/div>\n<div class=\"row\">\n<div class=\"col-md-6 mb-4 content\">\n                    <span class=\"d-block h5 text-color-brand mb-1\">Proprietary electric transaxles<\/span><\/p>\n<p>Two independently operating, brushless electric motors with extra strong magnets, increased number of windings and recuperation function when braking. Objective: Low heat generation and long service life.<\/p>\n<p>Coupling the electric motors with a planetary gearbox with double reduction.<br \/>\nObjective: The same smooth, jerk-free ride as a professional zero-turn mower with a petrol engine and hydrostat. Result: Drive the ZENITH E once and compare for yourself!<\/p>\n<\/p><\/div>\n<div class=\"col-md-6 mb4 image\"  style=\"background-image:url(https:\/\/www.ariens.eu\/wp-content\/uploads\/sites\/12\/2024\/05\/ariens-zenith-e-zero-turn-feature3-brushless-electric-drive-motor-transaxles.webp)\">\n                <\/div>\n<\/p><\/div>\n<div class=\"row\">\n<div class=\"col-md-6 mb-4 content\">\n                    <span class=\"d-block h5 text-color-brand mb-1\">Professional mowing deck<\/span><\/p>\n<p>The mowing deck is the most heavily loaded component of a mower. Stability is particularly important here. The ZENITH E has a 14 cm deep, fully welded mowing deck made of 4.5 mm thick sheet steel, 20 mm steel edge, enclosed anti-scalp wheels and a welded 4-point suspension. The FUSIONCORE electric blade motors deliver a maximum of 3 x 3,500 watts when required. To protect the motor in the event of collisions, the blades are mounted on a slip clutch. This significantly reduces hard impacts on the motor. The air flow of the new X-Factor III mower deck with side discharge is optimised for the cleanest cut and lowest noise level.<\/p>\n<\/p><\/div>\n<div class=\"col-md-6 mb4 image\"  style=\"background-image:url(https:\/\/www.ariens.eu\/wp-content\/uploads\/sites\/12\/2024\/05\/ariens-zenith-e-zero-turn-feature4-commercial-10-gauge-steel-deck.webp)\">\n                <\/div>\n<\/p><\/div>\n<div class=\"row\">\n<div class=\"col-md-6 mb-4 content\">\n                    <span class=\"d-block h5 text-color-brand mb-1\">Fully adjustable comfort seat<\/span><\/p>\n<p>Maximum driving comfort is essential for working productively and safely for hours on end. Keeping hard shocks and vibrations away from the driver is particularly important for his well-being and health. The hydro-pneumatic suspension of the driver&#8217;s seat can be precisely adjusted to the driver&#8217;s body weight. Adjustable armrests and a high backrest allow the driver to find their ideal sitting position. <\/p>\n<\/p><\/div>\n<div class=\"col-md-6 mb4 image\"  style=\"background-image:url(https:\/\/www.ariens.eu\/wp-content\/uploads\/sites\/12\/2024\/05\/ariens-zenith-zero-turn-suspension-seat.webp)\">\n                <\/div>\n<\/p><\/div>\n<div class=\"row\">\n<div class=\"col-md-6 mb-4 content\">\n                    <span class=\"d-block h5 text-color-brand mb-1\">ROPS<\/span><\/p>\n<p>The standard rollover protection system with safety belt (ROPS) offers additional protection for the driver. It is foldable and ergonomically tilted backwards to prevent painful bumping of the elbow while driving.<\/p>\n<\/p><\/div>\n<div class=\"col-md-6 mb4 image\"  style=\"background-image:url(https:\/\/www.ariens.eu\/wp-content\/uploads\/sites\/12\/2024\/05\/ariens-zenith-zero-turn-feature5-rops.webp)\">\n                <\/div>\n<\/p><\/div>\n<div class=\"row\">\n<div class=\"col-md-6 mb-4 content\">\n                    <span class=\"d-block h5 text-color-brand mb-1\">Road homologation lighting kit<\/span><\/p>\n<p>A new lighting kit is available for use on public roads. Installation by specialised dealers.<\/p>\n<\/p><\/div>\n<div class=\"col-md-6 mb4 image\"  style=\"background-image:url(https:\/\/www.ariens.eu\/wp-content\/uploads\/sites\/12\/2024\/08\/stvzo-lichtkit-1.png)\">\n                <\/div>\n<\/p><\/div>\n<\/p><\/div>\n<\/div><\/div>\n<div class='col-lg'>                    <\/div>\n<\/p><\/div>\n<\/div>\n<\/div>\n","protected":false},"excerpt":{"rendered":"<p>Zero-turn mower with exchangeable battery. Made for a whole day&#8217;s mowing. Installing batteries in a mower is one thing. Achieving the performance, durability and reliability of a proven professional petrol model is another. Our models with the FusionCore replaceable battery system meet this demand. The ZENITH E 60 is the first professional electric zero-turn mower [&hellip;]<\/p>\n","protected":false},"featured_media":2665,"comment_status":"open","ping_status":"closed","template":"","meta":{"_acf_changed":false,"_relevanssi_hide_post":"","_relevanssi_hide_content":"","_relevanssi_pin_for_all":"","_relevanssi_pin_keywords":"","_relevanssi_unpin_keywords":"","_relevanssi_related_keywords":"","_relevanssi_related_include_ids":"","_relevanssi_related_exclude_ids":"","_relevanssi_related_no_append":"","_relevanssi_related_not_related":"","_relevanssi_related_posts":"","_relevanssi_noindex_reason":""},"product_brand":[],"product_cat":[15],"product_tag":[],"class_list":{"0":"post-2341","1":"product","2":"type-product","3":"status-publish","4":"has-post-thumbnail","6":"product_variant-zenith-e-series","7":"product_usage_areas-municipalities-building-yards","8":"product_usage_areas-service-providers","10":"first","11":"instock","12":"shipping-taxable","13":"product-type-simple"},"acf":[],"yoast_head":"<!-- This site is optimized with the Yoast SEO plugin v27.3 - https:\/\/yoast.com\/product\/yoast-seo-wordpress\/ -->\n<title>ZENITH E 60 - Battery powered zero-turn mower | Ariens<\/title>\n<meta name=\"description\" content=\"ZENITH E 60, a large commercial battery-powered zero-turn, with 152cm (60&quot;) side discharge cutting deck, designed for noise sensitive areas.\" \/>\n<meta name=\"robots\" content=\"index, follow, max-snippet:-1, max-image-preview:large, max-video-preview:-1\" \/>\n<link rel=\"canonical\" href=\"https:\/\/www.ariens.eu\/ie\/product\/zero-turn-mowers\/zenith-e-series\/zenith-e-60\/\" \/>\n<meta property=\"og:locale\" content=\"en_GB\" \/>\n<meta property=\"og:type\" content=\"article\" \/>\n<meta property=\"og:title\" content=\"ZENITH E 60 - Battery powered zero-turn mower | Ariens\" \/>\n<meta property=\"og:description\" content=\"ZENITH E 60, a large commercial battery-powered zero-turn, with 152cm (60&quot;) side discharge cutting deck, designed for noise sensitive areas.\" \/>\n<meta property=\"og:url\" content=\"https:\/\/www.ariens.eu\/ie\/product\/zero-turn-mowers\/zenith-e-series\/zenith-e-60\/\" \/>\n<meta property=\"og:site_name\" content=\"Ariens | EMEAA\" \/>\n<meta property=\"article:modified_time\" content=\"2025-11-10T10:49:13+00:00\" \/>\n<meta property=\"og:image\" content=\"https:\/\/www.ariens.eu\/ie\/wp-content\/uploads\/sites\/12\/2024\/05\/ariens-zenith-e-60-side-discharge-battery-zero-turn-front-left.webp\" \/>\n\t<meta property=\"og:image:width\" content=\"900\" \/>\n\t<meta property=\"og:image:height\" content=\"650\" \/>\n\t<meta property=\"og:image:type\" content=\"image\/webp\" \/>\n<meta name=\"twitter:card\" content=\"summary_large_image\" \/>\n<meta name=\"twitter:label1\" content=\"Estimated reading time\" \/>\n\t<meta name=\"twitter:data1\" content=\"4 minutes\" \/>\n<script type=\"application\/ld+json\" class=\"yoast-schema-graph\">{\"@context\":\"https:\\\/\\\/schema.org\",\"@graph\":[{\"@type\":\"WebPage\",\"@id\":\"https:\\\/\\\/www.ariens.eu\\\/ie\\\/product\\\/zero-turn-mowers\\\/zenith-e-series\\\/zenith-e-60\\\/\",\"url\":\"https:\\\/\\\/www.ariens.eu\\\/ie\\\/product\\\/zero-turn-mowers\\\/zenith-e-series\\\/zenith-e-60\\\/\",\"name\":\"ZENITH E 60 - Battery powered zero-turn mower | Ariens\",\"isPartOf\":{\"@id\":\"https:\\\/\\\/www.ariens.eu\\\/ie\\\/#website\"},\"primaryImageOfPage\":{\"@id\":\"https:\\\/\\\/www.ariens.eu\\\/ie\\\/product\\\/zero-turn-mowers\\\/zenith-e-series\\\/zenith-e-60\\\/#primaryimage\"},\"image\":{\"@id\":\"https:\\\/\\\/www.ariens.eu\\\/ie\\\/product\\\/zero-turn-mowers\\\/zenith-e-series\\\/zenith-e-60\\\/#primaryimage\"},\"thumbnailUrl\":\"https:\\\/\\\/www.ariens.eu\\\/ie\\\/wp-content\\\/uploads\\\/sites\\\/12\\\/2024\\\/05\\\/ariens-zenith-e-60-side-discharge-battery-zero-turn-front-left.webp\",\"datePublished\":\"2024-05-10T10:04:36+00:00\",\"dateModified\":\"2025-11-10T10:49:13+00:00\",\"description\":\"ZENITH E 60, a large commercial battery-powered zero-turn, with 152cm (60\\\") side discharge cutting deck, designed for noise sensitive areas.\",\"breadcrumb\":{\"@id\":\"https:\\\/\\\/www.ariens.eu\\\/ie\\\/product\\\/zero-turn-mowers\\\/zenith-e-series\\\/zenith-e-60\\\/#breadcrumb\"},\"inLanguage\":\"en-GB\",\"potentialAction\":[{\"@type\":\"ReadAction\",\"target\":[\"https:\\\/\\\/www.ariens.eu\\\/ie\\\/product\\\/zero-turn-mowers\\\/zenith-e-series\\\/zenith-e-60\\\/\"]}]},{\"@type\":\"ImageObject\",\"inLanguage\":\"en-GB\",\"@id\":\"https:\\\/\\\/www.ariens.eu\\\/ie\\\/product\\\/zero-turn-mowers\\\/zenith-e-series\\\/zenith-e-60\\\/#primaryimage\",\"url\":\"https:\\\/\\\/www.ariens.eu\\\/ie\\\/wp-content\\\/uploads\\\/sites\\\/12\\\/2024\\\/05\\\/ariens-zenith-e-60-side-discharge-battery-zero-turn-front-left.webp\",\"contentUrl\":\"https:\\\/\\\/www.ariens.eu\\\/ie\\\/wp-content\\\/uploads\\\/sites\\\/12\\\/2024\\\/05\\\/ariens-zenith-e-60-side-discharge-battery-zero-turn-front-left.webp\",\"width\":900,\"height\":650},{\"@type\":\"BreadcrumbList\",\"@id\":\"https:\\\/\\\/www.ariens.eu\\\/ie\\\/product\\\/zero-turn-mowers\\\/zenith-e-series\\\/zenith-e-60\\\/#breadcrumb\",\"itemListElement\":[{\"@type\":\"ListItem\",\"position\":1,\"name\":\"Home\",\"item\":\"https:\\\/\\\/www.ariens.eu\\\/ie\\\/\"},{\"@type\":\"ListItem\",\"position\":2,\"name\":\"Shop\",\"item\":\"https:\\\/\\\/www.ariens.eu\\\/ie\\\/shop\\\/\"},{\"@type\":\"ListItem\",\"position\":3,\"name\":\"ZENITH E 60\"}]},{\"@type\":\"WebSite\",\"@id\":\"https:\\\/\\\/www.ariens.eu\\\/ie\\\/#website\",\"url\":\"https:\\\/\\\/www.ariens.eu\\\/ie\\\/\",\"name\":\"Ariens | EMEAA\",\"description\":\"Powerful and reliable zero-turn mowers &amp; snow blowers for professional users and demanding private customers\",\"publisher\":{\"@id\":\"https:\\\/\\\/www.ariens.eu\\\/ie\\\/#organization\"},\"potentialAction\":[{\"@type\":\"SearchAction\",\"target\":{\"@type\":\"EntryPoint\",\"urlTemplate\":\"https:\\\/\\\/www.ariens.eu\\\/ie\\\/?s={search_term_string}\"},\"query-input\":{\"@type\":\"PropertyValueSpecification\",\"valueRequired\":true,\"valueName\":\"search_term_string\"}}],\"inLanguage\":\"en-GB\"},{\"@type\":\"Organization\",\"@id\":\"https:\\\/\\\/www.ariens.eu\\\/ie\\\/#organization\",\"name\":\"AriensCo GmbH\",\"url\":\"https:\\\/\\\/www.ariens.eu\\\/ie\\\/\",\"logo\":{\"@type\":\"ImageObject\",\"inLanguage\":\"en-GB\",\"@id\":\"https:\\\/\\\/www.ariens.eu\\\/ie\\\/#\\\/schema\\\/logo\\\/image\\\/\",\"url\":\"https:\\\/\\\/www.ariens.eu\\\/wp-content\\\/uploads\\\/2024\\\/11\\\/ariens-co-logo.jpg\",\"contentUrl\":\"https:\\\/\\\/www.ariens.eu\\\/wp-content\\\/uploads\\\/2024\\\/11\\\/ariens-co-logo.jpg\",\"width\":1000,\"height\":1000,\"caption\":\"AriensCo GmbH\"},\"image\":{\"@id\":\"https:\\\/\\\/www.ariens.eu\\\/ie\\\/#\\\/schema\\\/logo\\\/image\\\/\"}}]}<\/script>\n<!-- \/ Yoast SEO plugin. -->","yoast_head_json":{"title":"ZENITH E 60 - Battery powered zero-turn mower | Ariens","description":"ZENITH E 60, a large commercial battery-powered zero-turn, with 152cm (60\") side discharge cutting deck, designed for noise sensitive areas.","robots":{"index":"index","follow":"follow","max-snippet":"max-snippet:-1","max-image-preview":"max-image-preview:large","max-video-preview":"max-video-preview:-1"},"canonical":"https:\/\/www.ariens.eu\/ie\/product\/zero-turn-mowers\/zenith-e-series\/zenith-e-60\/","og_locale":"en_GB","og_type":"article","og_title":"ZENITH E 60 - Battery powered zero-turn mower | Ariens","og_description":"ZENITH E 60, a large commercial battery-powered zero-turn, with 152cm (60\") side discharge cutting deck, designed for noise sensitive areas.","og_url":"https:\/\/www.ariens.eu\/ie\/product\/zero-turn-mowers\/zenith-e-series\/zenith-e-60\/","og_site_name":"Ariens | EMEAA","article_modified_time":"2025-11-10T10:49:13+00:00","og_image":[{"width":900,"height":650,"url":"https:\/\/www.ariens.eu\/ie\/wp-content\/uploads\/sites\/12\/2024\/05\/ariens-zenith-e-60-side-discharge-battery-zero-turn-front-left.webp","type":"image\/webp"}],"twitter_card":"summary_large_image","twitter_misc":{"Estimated reading time":"4 minutes"},"schema":{"@context":"https:\/\/schema.org","@graph":[{"@type":"WebPage","@id":"https:\/\/www.ariens.eu\/ie\/product\/zero-turn-mowers\/zenith-e-series\/zenith-e-60\/","url":"https:\/\/www.ariens.eu\/ie\/product\/zero-turn-mowers\/zenith-e-series\/zenith-e-60\/","name":"ZENITH E 60 - Battery powered zero-turn mower | Ariens","isPartOf":{"@id":"https:\/\/www.ariens.eu\/ie\/#website"},"primaryImageOfPage":{"@id":"https:\/\/www.ariens.eu\/ie\/product\/zero-turn-mowers\/zenith-e-series\/zenith-e-60\/#primaryimage"},"image":{"@id":"https:\/\/www.ariens.eu\/ie\/product\/zero-turn-mowers\/zenith-e-series\/zenith-e-60\/#primaryimage"},"thumbnailUrl":"https:\/\/www.ariens.eu\/ie\/wp-content\/uploads\/sites\/12\/2024\/05\/ariens-zenith-e-60-side-discharge-battery-zero-turn-front-left.webp","datePublished":"2024-05-10T10:04:36+00:00","dateModified":"2025-11-10T10:49:13+00:00","description":"ZENITH E 60, a large commercial battery-powered zero-turn, with 152cm (60\") side discharge cutting deck, designed for noise sensitive areas.","breadcrumb":{"@id":"https:\/\/www.ariens.eu\/ie\/product\/zero-turn-mowers\/zenith-e-series\/zenith-e-60\/#breadcrumb"},"inLanguage":"en-GB","potentialAction":[{"@type":"ReadAction","target":["https:\/\/www.ariens.eu\/ie\/product\/zero-turn-mowers\/zenith-e-series\/zenith-e-60\/"]}]},{"@type":"ImageObject","inLanguage":"en-GB","@id":"https:\/\/www.ariens.eu\/ie\/product\/zero-turn-mowers\/zenith-e-series\/zenith-e-60\/#primaryimage","url":"https:\/\/www.ariens.eu\/ie\/wp-content\/uploads\/sites\/12\/2024\/05\/ariens-zenith-e-60-side-discharge-battery-zero-turn-front-left.webp","contentUrl":"https:\/\/www.ariens.eu\/ie\/wp-content\/uploads\/sites\/12\/2024\/05\/ariens-zenith-e-60-side-discharge-battery-zero-turn-front-left.webp","width":900,"height":650},{"@type":"BreadcrumbList","@id":"https:\/\/www.ariens.eu\/ie\/product\/zero-turn-mowers\/zenith-e-series\/zenith-e-60\/#breadcrumb","itemListElement":[{"@type":"ListItem","position":1,"name":"Home","item":"https:\/\/www.ariens.eu\/ie\/"},{"@type":"ListItem","position":2,"name":"Shop","item":"https:\/\/www.ariens.eu\/ie\/shop\/"},{"@type":"ListItem","position":3,"name":"ZENITH E 60"}]},{"@type":"WebSite","@id":"https:\/\/www.ariens.eu\/ie\/#website","url":"https:\/\/www.ariens.eu\/ie\/","name":"Ariens | EMEAA","description":"Powerful and reliable zero-turn mowers &amp; snow blowers for professional users and demanding private customers","publisher":{"@id":"https:\/\/www.ariens.eu\/ie\/#organization"},"potentialAction":[{"@type":"SearchAction","target":{"@type":"EntryPoint","urlTemplate":"https:\/\/www.ariens.eu\/ie\/?s={search_term_string}"},"query-input":{"@type":"PropertyValueSpecification","valueRequired":true,"valueName":"search_term_string"}}],"inLanguage":"en-GB"},{"@type":"Organization","@id":"https:\/\/www.ariens.eu\/ie\/#organization","name":"AriensCo GmbH","url":"https:\/\/www.ariens.eu\/ie\/","logo":{"@type":"ImageObject","inLanguage":"en-GB","@id":"https:\/\/www.ariens.eu\/ie\/#\/schema\/logo\/image\/","url":"https:\/\/www.ariens.eu\/wp-content\/uploads\/2024\/11\/ariens-co-logo.jpg","contentUrl":"https:\/\/www.ariens.eu\/wp-content\/uploads\/2024\/11\/ariens-co-logo.jpg","width":1000,"height":1000,"caption":"AriensCo GmbH"},"image":{"@id":"https:\/\/www.ariens.eu\/ie\/#\/schema\/logo\/image\/"}}]}},"_links":{"self":[{"href":"https:\/\/www.ariens.eu\/ie\/wp-json\/wp\/v2\/product\/2341","targetHints":{"allow":["GET"]}}],"collection":[{"href":"https:\/\/www.ariens.eu\/ie\/wp-json\/wp\/v2\/product"}],"about":[{"href":"https:\/\/www.ariens.eu\/ie\/wp-json\/wp\/v2\/types\/product"}],"replies":[{"embeddable":true,"href":"https:\/\/www.ariens.eu\/ie\/wp-json\/wp\/v2\/comments?post=2341"}],"wp:featuredmedia":[{"embeddable":true,"href":"https:\/\/www.ariens.eu\/ie\/wp-json\/wp\/v2\/media\/2665"}],"wp:attachment":[{"href":"https:\/\/www.ariens.eu\/ie\/wp-json\/wp\/v2\/media?parent=2341"}],"wp:term":[{"taxonomy":"product_brand","embeddable":true,"href":"https:\/\/www.ariens.eu\/ie\/wp-json\/wp\/v2\/product_brand?post=2341"},{"taxonomy":"product_cat","embeddable":true,"href":"https:\/\/www.ariens.eu\/ie\/wp-json\/wp\/v2\/product_cat?post=2341"},{"taxonomy":"product_tag","embeddable":true,"href":"https:\/\/www.ariens.eu\/ie\/wp-json\/wp\/v2\/product_tag?post=2341"}],"curies":[{"name":"wp","href":"https:\/\/api.w.org\/{rel}","templated":true}]}}