{"id":2305,"date":"2024-05-10T11:04:35","date_gmt":"2024-05-10T10:04:35","guid":{"rendered":"https:\/\/www.ariens.eu\/product\/hydro-pro-28-alpine-edition\/"},"modified":"2026-02-16T14:54:39","modified_gmt":"2026-02-16T14:54:39","slug":"hydro-pro-28-rapidtrak-alpine-edition","status":"publish","type":"product","link":"https:\/\/www.ariens.eu\/it\/prodotto\/spazzaneve\/serie-professional\/hydro-pro-28-rapidtrak-alpine-edition","title":{"rendered":"HYDRO PRO 28 RAPIDTRAK ALPINE EDITION"},"content":{"rendered":"<div class=\"acfd-block acfd-block__twocolumns mb-asm-1 container-fluid px-0 bg-default\">\n<div class=\"acfd-twocolumns\">\n<div class=\"row\">\n<div class='col-lg-9 mb-4 '>\n<div class=\"acfd-block acfd-block__headline container-fluid px-0 bg-default\">\n<div class=\"acfd-headline\">\n<h2 class='h2 text-left li_black'>Forza e robustezza per grandi quantit\u00e0 di neve.<\/h2>\n<\/p><\/div>\n<\/div><\/div>\n<div class='col-lg'>                    <\/div>\n<\/p><\/div>\n<\/div>\n<\/div>\n<div class=\"acfd-block acfd-block__twocolumns mb-asm-2 container-fluid px-0 bg-default\">\n<div class=\"acfd-twocolumns\">\n<div class=\"row\">\n<div class='col-lg-9 mb-4 '>\n<div class=\"acfd-block acfd-block__text container-fluid px-0 bg-default\">\n<div class=\"acfd-text li_black\">\n<p>Miliardi di fiocchi contro una sola macchina. Sembra un confronto equo. Domano con facilit\u00e0 anche le tempeste pi\u00f9 feroci. Le nevicate pi\u00f9 profonde e pesanti trovano la loro fine non appena metti in moto questo motore da 420 cc. Non serve essere un professionista per possederne uno, basta la volont\u00e0 di spostare quanta pi\u00f9 neve possibile nel minor tempo possibile. Fai il salto di qualit\u00e0 e lancia la neve come i veri pro.\u201d<\/p>\n<p>Il vertice della potenza: \u00e8 esattamente ci\u00f2 che offre l\u2019HYDRO PRO 28 RAPIDTRAK\u2122 ALPINE EDITION. Progettato per le alte quote e per prestazioni al massimo livello.<\/p>\n<ul>\n<li>Potente motore Ariens<sup>&reg;<\/sup> AX EFI da 420 cc con avviamento elettrico a pulsante<\/li>\n<li>Ampia larghezza di lavoro da 71 cm (28&#8243;) per spostare fino a 72 tonnellate di neve all\u2019ora<\/li>\n<li>Dotazioni premium come barra LED e faro, manopole riscaldate, controllo elettrico del camino e pattini professionali<\/li>\n<\/ul>\n<\/div>\n<\/div><\/div>\n<div class='col-lg'>                    <\/div>\n<\/p><\/div>\n<\/div>\n<\/div>\n<div class=\"acfd-block acfd-block__category mb-asm-3 container-fluid px-0 bg-default\">\n<div class=\"acfd-product-categories\">\n<h2 class=\"text-left mb-3\">\n        Interventi    <\/h2>\n<div class=\"product-categories_wrapper\">\n            <\/div>\n<\/div>\n<\/div>\n<div class=\"acfd-block acfd-block__twocolumns container-fluid container-fluid--force px-0 bg-default\">\n<div class=\"acfd-twocolumns\">\n<div class=\"row\">\n<div class='col-lg-12 mb-4 '>\n<div class=\"acfd-product-advantages--wrapper\">\n<h2 class=\"h1 bigger text-color-black text-center mb-5\">\n        Caratteristiche e vantaggi    <\/h2>\n<div class=\"acfd-product-advantages\">\n<div class=\"row\">\n<div class=\"col-md-6 mb-4 content\">\n                    <span class=\"d-block h5 text-color-brand mb-1\">Trazione idrostatica<\/span><\/p>\n<p>Regolazione continua della velocit\u00e0 durante la marcia. Basta intervenire sulla leva di comando.<\/p>\n<\/p><\/div>\n<div class=\"col-md-6 mb4 image\" style=\"background-image:url(https:\/\/www.ariens.eu\/it\/wp-content\/uploads\/sites\/13\/2024\/05\/Hydrostatic_Drive_03-scaled.webp)\">\n                <\/div>\n<\/p><\/div>\n<div class=\"row\">\n<div class=\"col-md-6 mb-4 content\">\n                    <span class=\"d-block h5 text-color-brand mb-1\">Girante ad alte prestazioni da 35,5 cm<\/span><\/p>\n<p>La tecnologia Ariens SHO (Super High Output) garantisce prestazioni massime. La potente girante espelle la neve dalla fresa in modo pi\u00f9 rapido ed efficiente, assicurando una capacit\u00e0 di lavoro molto elevata. Le prestazioni sono impressionanti: fino a 90 tonnellate di neve all\u2019ora.<\/p>\n<\/p><\/div>\n<div class=\"col-md-6 mb4 image\" style=\"background-image:url(https:\/\/www.ariens.eu\/it\/wp-content\/uploads\/sites\/13\/2024\/05\/SHO_Impeller.webp)\">\n                <\/div>\n<\/p><\/div>\n<div class=\"row\">\n<div class=\"col-md-6 mb-4 content\">\n                    <span class=\"d-block h5 text-color-brand mb-1\">Luce LED ad alta luminosit\u00e0<\/span><\/p>\n<p>Luce LED ultra\u2011luminosa di serie su tutti i modelli della gamma Professional. Consente una pulizia precisa al mattino, alla sera e durante le ore notturne.<\/p>\n<\/p><\/div>\n<div class=\"col-md-6 mb4 image\" style=\"background-image:url(https:\/\/www.ariens.eu\/it\/wp-content\/uploads\/sites\/13\/2024\/05\/LED_LIGHT_Solo-1.webp)\">\n                <\/div>\n<\/p><\/div>\n<div class=\"row\">\n<div class=\"col-md-6 mb-4 content\">\n                    <span class=\"d-block h5 text-color-brand mb-1\">Sterzata Auto\u2011Turn<\/span><\/p>\n<p>Procedi in linea retta con l\u2019assale posteriore bloccato per garantire la massima trazione. Non appena sterzi la macchina, l\u2019assale si sblocca e girare sul posto diventa un gioco da ragazzi. Un\u2019invenzione brevettata da Ariens.<\/p>\n<\/p><\/div>\n<div class=\"col-md-6 mb4 image\" style=\"background-image:url(https:\/\/www.ariens.eu\/it\/wp-content\/uploads\/sites\/13\/2024\/05\/feature6ars_fb_profe-2.png)\">\n                <\/div>\n<\/p><\/div>\n<div class=\"row\">\n<div class=\"col-md-6 mb-4 content\">\n                    <span class=\"d-block h5 text-color-brand mb-1\">Motore Ariens<sup>&reg;<\/sup> AX420 EFI<\/span><\/p>\n<p>Motore potente con iniezione elettronica (EFI), che si avvia facilmente anche nelle condizioni pi\u00f9 estreme. Alte prestazioni, consumi ridotti e risposta pi\u00f9 rapida della potenza.<\/p>\n<\/p><\/div>\n<div class=\"col-md-6 mb4 image\" style=\"background-image:url(https:\/\/www.ariens.eu\/it\/wp-content\/uploads\/sites\/13\/2024\/05\/Electric_start.webp)\">\n                <\/div>\n<\/p><\/div>\n<div class=\"row\">\n<div class=\"col-md-6 mb-4 content\">\n                    <span class=\"d-block h5 text-color-brand mb-1\">Manubri in acciaio rinforzato<\/span><\/p>\n<p>Le macchine robuste richiedono manubri solidi e resistenti. Questi sono realizzati al 100% in acciaio e completamente rinforzati.<\/p>\n<\/p><\/div>\n<div class=\"col-md-6 mb4 image\" style=\"background-image:url(https:\/\/www.ariens.eu\/it\/wp-content\/uploads\/sites\/13\/2024\/05\/Reinforced_Handlebars_02-scaled.webp)\">\n                <\/div>\n<\/p><\/div>\n<\/p><\/div>\n<\/div><\/div>\n<div class='col-lg'>                    <\/div>\n<\/p><\/div>\n<\/div>\n<\/div>\n","protected":false},"excerpt":{"rendered":"<p>Forza e robustezza per grandi quantit\u00e0 di neve. Miliardi di fiocchi contro una sola macchina. Sembra un confronto equo. Domano con facilit\u00e0 anche le tempeste pi\u00f9 feroci. Le nevicate pi\u00f9 profonde e pesanti trovano la loro fine non appena metti in moto questo motore da 420 cc. Non serve essere un professionista per possederne uno, [&hellip;]<\/p>\n","protected":false},"featured_media":6146,"comment_status":"open","ping_status":"closed","template":"","meta":{"_acf_changed":false,"_relevanssi_hide_post":"","_relevanssi_hide_content":"","_relevanssi_pin_for_all":"","_relevanssi_pin_keywords":"","_relevanssi_unpin_keywords":"","_relevanssi_related_keywords":"","_relevanssi_related_include_ids":"","_relevanssi_related_exclude_ids":"","_relevanssi_related_no_append":"","_relevanssi_related_not_related":"","_relevanssi_related_posts":"","_relevanssi_noindex_reason":""},"product_brand":[],"product_cat":[15],"product_tag":[],"class_list":{"0":"post-2305","1":"product","2":"type-product","3":"status-publish","4":"has-post-thumbnail","6":"product_variant-serie-professional","7":"product_usage_areas-municipalities-building-yards","8":"product_usage_areas-servizi-per-inverno","10":"first","11":"instock","12":"shipping-taxable","13":"product-type-simple"},"acf":[],"yoast_head":"<!-- This site is optimized with the Yoast SEO plugin v27.3 - https:\/\/yoast.com\/product\/yoast-seo-wordpress\/ -->\n<title>HYDRO PRO 28 RAPIDTRAK ALPINE EDITION | Ariens<\/title>\n<meta name=\"description\" content=\"Il vertice della potenza: \u00e8 esattamente ci\u00f2 che offre l\u2019HYDRO PRO 28 RAPIDTRAK ALPINE EDITION. Progettato per le alte quote e per prestazioni al massimo livello.\" \/>\n<meta name=\"robots\" content=\"index, follow, max-snippet:-1, max-image-preview:large, max-video-preview:-1\" \/>\n<link rel=\"canonical\" href=\"https:\/\/www.ariens.eu\/it\/prodotto\/spazzaneve\/serie-professional\/hydro-pro-28-rapidtrak-alpine-edition\/\" \/>\n<meta property=\"og:locale\" content=\"it_IT\" \/>\n<meta property=\"og:type\" content=\"article\" \/>\n<meta property=\"og:title\" content=\"HYDRO PRO 28 RAPIDTRAK ALPINE EDITION | Ariens\" \/>\n<meta property=\"og:description\" content=\"Il vertice della potenza: \u00e8 esattamente ci\u00f2 che offre l\u2019HYDRO PRO 28 RAPIDTRAK ALPINE EDITION. Progettato per le alte quote e per prestazioni al massimo livello.\" \/>\n<meta property=\"og:url\" content=\"https:\/\/www.ariens.eu\/it\/prodotto\/spazzaneve\/serie-professional\/hydro-pro-28-rapidtrak-alpine-edition\/\" \/>\n<meta property=\"og:site_name\" content=\"Ariens | EMEAA\" \/>\n<meta property=\"article:modified_time\" content=\"2026-02-16T14:54:39+00:00\" \/>\n<meta property=\"og:image\" content=\"https:\/\/www.ariens.eu\/it\/wp-content\/uploads\/sites\/13\/2026\/02\/ariens-professional-alpine-28-rapidtrak-snow-thrower-front34-1.webp\" \/>\n\t<meta property=\"og:image:width\" content=\"900\" \/>\n\t<meta property=\"og:image:height\" content=\"650\" \/>\n\t<meta property=\"og:image:type\" content=\"image\/webp\" \/>\n<meta name=\"twitter:card\" content=\"summary_large_image\" \/>\n<meta name=\"twitter:label1\" content=\"Tempo di lettura stimato\" \/>\n\t<meta name=\"twitter:data1\" content=\"2 minuti\" \/>\n<script type=\"application\/ld+json\" class=\"yoast-schema-graph\">{\"@context\":\"https:\\\/\\\/schema.org\",\"@graph\":[{\"@type\":\"WebPage\",\"@id\":\"https:\\\/\\\/www.ariens.eu\\\/it\\\/prodotto\\\/spazzaneve\\\/serie-professional\\\/hydro-pro-28-rapidtrak-alpine-edition\\\/\",\"url\":\"https:\\\/\\\/www.ariens.eu\\\/it\\\/prodotto\\\/spazzaneve\\\/serie-professional\\\/hydro-pro-28-rapidtrak-alpine-edition\\\/\",\"name\":\"HYDRO PRO 28 RAPIDTRAK ALPINE EDITION | Ariens\",\"isPartOf\":{\"@id\":\"https:\\\/\\\/www.ariens.eu\\\/it\\\/#website\"},\"primaryImageOfPage\":{\"@id\":\"https:\\\/\\\/www.ariens.eu\\\/it\\\/prodotto\\\/spazzaneve\\\/serie-professional\\\/hydro-pro-28-rapidtrak-alpine-edition\\\/#primaryimage\"},\"image\":{\"@id\":\"https:\\\/\\\/www.ariens.eu\\\/it\\\/prodotto\\\/spazzaneve\\\/serie-professional\\\/hydro-pro-28-rapidtrak-alpine-edition\\\/#primaryimage\"},\"thumbnailUrl\":\"https:\\\/\\\/www.ariens.eu\\\/it\\\/wp-content\\\/uploads\\\/sites\\\/13\\\/2026\\\/02\\\/ariens-professional-alpine-28-rapidtrak-snow-thrower-front34-1.webp\",\"datePublished\":\"2024-05-10T10:04:35+00:00\",\"dateModified\":\"2026-02-16T14:54:39+00:00\",\"description\":\"Il vertice della potenza: \u00e8 esattamente ci\u00f2 che offre l\u2019HYDRO PRO 28 RAPIDTRAK ALPINE EDITION. Progettato per le alte quote e per prestazioni al massimo livello.\",\"breadcrumb\":{\"@id\":\"https:\\\/\\\/www.ariens.eu\\\/it\\\/prodotto\\\/spazzaneve\\\/serie-professional\\\/hydro-pro-28-rapidtrak-alpine-edition\\\/#breadcrumb\"},\"inLanguage\":\"it-IT\",\"potentialAction\":[{\"@type\":\"ReadAction\",\"target\":[\"https:\\\/\\\/www.ariens.eu\\\/it\\\/prodotto\\\/spazzaneve\\\/serie-professional\\\/hydro-pro-28-rapidtrak-alpine-edition\\\/\"]}]},{\"@type\":\"ImageObject\",\"inLanguage\":\"it-IT\",\"@id\":\"https:\\\/\\\/www.ariens.eu\\\/it\\\/prodotto\\\/spazzaneve\\\/serie-professional\\\/hydro-pro-28-rapidtrak-alpine-edition\\\/#primaryimage\",\"url\":\"https:\\\/\\\/www.ariens.eu\\\/it\\\/wp-content\\\/uploads\\\/sites\\\/13\\\/2026\\\/02\\\/ariens-professional-alpine-28-rapidtrak-snow-thrower-front34-1.webp\",\"contentUrl\":\"https:\\\/\\\/www.ariens.eu\\\/it\\\/wp-content\\\/uploads\\\/sites\\\/13\\\/2026\\\/02\\\/ariens-professional-alpine-28-rapidtrak-snow-thrower-front34-1.webp\",\"width\":900,\"height\":650},{\"@type\":\"BreadcrumbList\",\"@id\":\"https:\\\/\\\/www.ariens.eu\\\/it\\\/prodotto\\\/spazzaneve\\\/serie-professional\\\/hydro-pro-28-rapidtrak-alpine-edition\\\/#breadcrumb\",\"itemListElement\":[{\"@type\":\"ListItem\",\"position\":1,\"name\":\"Home\",\"item\":\"https:\\\/\\\/www.ariens.eu\\\/it\\\/\"},{\"@type\":\"ListItem\",\"position\":2,\"name\":\"Shop\",\"item\":\"https:\\\/\\\/www.ariens.eu\\\/it\\\/shop\\\/\"},{\"@type\":\"ListItem\",\"position\":3,\"name\":\"HYDRO PRO 28 RAPIDTRAK ALPINE EDITION\"}]},{\"@type\":\"WebSite\",\"@id\":\"https:\\\/\\\/www.ariens.eu\\\/it\\\/#website\",\"url\":\"https:\\\/\\\/www.ariens.eu\\\/it\\\/\",\"name\":\"Ariens | EMEAA\",\"description\":\"Powerful and reliable zero-turn mowers &amp; snow blowers for professional users and demanding private customers\",\"publisher\":{\"@id\":\"https:\\\/\\\/www.ariens.eu\\\/it\\\/#organization\"},\"potentialAction\":[{\"@type\":\"SearchAction\",\"target\":{\"@type\":\"EntryPoint\",\"urlTemplate\":\"https:\\\/\\\/www.ariens.eu\\\/it\\\/?s={search_term_string}\"},\"query-input\":{\"@type\":\"PropertyValueSpecification\",\"valueRequired\":true,\"valueName\":\"search_term_string\"}}],\"inLanguage\":\"it-IT\"},{\"@type\":\"Organization\",\"@id\":\"https:\\\/\\\/www.ariens.eu\\\/it\\\/#organization\",\"name\":\"AriensCo GmbH\",\"url\":\"https:\\\/\\\/www.ariens.eu\\\/it\\\/\",\"logo\":{\"@type\":\"ImageObject\",\"inLanguage\":\"it-IT\",\"@id\":\"https:\\\/\\\/www.ariens.eu\\\/it\\\/#\\\/schema\\\/logo\\\/image\\\/\",\"url\":\"https:\\\/\\\/www.ariens.eu\\\/wp-content\\\/uploads\\\/2024\\\/11\\\/ariens-co-logo.jpg\",\"contentUrl\":\"https:\\\/\\\/www.ariens.eu\\\/wp-content\\\/uploads\\\/2024\\\/11\\\/ariens-co-logo.jpg\",\"width\":1000,\"height\":1000,\"caption\":\"AriensCo GmbH\"},\"image\":{\"@id\":\"https:\\\/\\\/www.ariens.eu\\\/it\\\/#\\\/schema\\\/logo\\\/image\\\/\"}}]}<\/script>\n<!-- \/ Yoast SEO plugin. -->","yoast_head_json":{"title":"HYDRO PRO 28 RAPIDTRAK ALPINE EDITION | Ariens","description":"Il vertice della potenza: \u00e8 esattamente ci\u00f2 che offre l\u2019HYDRO PRO 28 RAPIDTRAK ALPINE EDITION. Progettato per le alte quote e per prestazioni al massimo livello.","robots":{"index":"index","follow":"follow","max-snippet":"max-snippet:-1","max-image-preview":"max-image-preview:large","max-video-preview":"max-video-preview:-1"},"canonical":"https:\/\/www.ariens.eu\/it\/prodotto\/spazzaneve\/serie-professional\/hydro-pro-28-rapidtrak-alpine-edition\/","og_locale":"it_IT","og_type":"article","og_title":"HYDRO PRO 28 RAPIDTRAK ALPINE EDITION | Ariens","og_description":"Il vertice della potenza: \u00e8 esattamente ci\u00f2 che offre l\u2019HYDRO PRO 28 RAPIDTRAK ALPINE EDITION. Progettato per le alte quote e per prestazioni al massimo livello.","og_url":"https:\/\/www.ariens.eu\/it\/prodotto\/spazzaneve\/serie-professional\/hydro-pro-28-rapidtrak-alpine-edition\/","og_site_name":"Ariens | EMEAA","article_modified_time":"2026-02-16T14:54:39+00:00","og_image":[{"width":900,"height":650,"url":"https:\/\/www.ariens.eu\/it\/wp-content\/uploads\/sites\/13\/2026\/02\/ariens-professional-alpine-28-rapidtrak-snow-thrower-front34-1.webp","type":"image\/webp"}],"twitter_card":"summary_large_image","twitter_misc":{"Tempo di lettura stimato":"2 minuti"},"schema":{"@context":"https:\/\/schema.org","@graph":[{"@type":"WebPage","@id":"https:\/\/www.ariens.eu\/it\/prodotto\/spazzaneve\/serie-professional\/hydro-pro-28-rapidtrak-alpine-edition\/","url":"https:\/\/www.ariens.eu\/it\/prodotto\/spazzaneve\/serie-professional\/hydro-pro-28-rapidtrak-alpine-edition\/","name":"HYDRO PRO 28 RAPIDTRAK ALPINE EDITION | Ariens","isPartOf":{"@id":"https:\/\/www.ariens.eu\/it\/#website"},"primaryImageOfPage":{"@id":"https:\/\/www.ariens.eu\/it\/prodotto\/spazzaneve\/serie-professional\/hydro-pro-28-rapidtrak-alpine-edition\/#primaryimage"},"image":{"@id":"https:\/\/www.ariens.eu\/it\/prodotto\/spazzaneve\/serie-professional\/hydro-pro-28-rapidtrak-alpine-edition\/#primaryimage"},"thumbnailUrl":"https:\/\/www.ariens.eu\/it\/wp-content\/uploads\/sites\/13\/2026\/02\/ariens-professional-alpine-28-rapidtrak-snow-thrower-front34-1.webp","datePublished":"2024-05-10T10:04:35+00:00","dateModified":"2026-02-16T14:54:39+00:00","description":"Il vertice della potenza: \u00e8 esattamente ci\u00f2 che offre l\u2019HYDRO PRO 28 RAPIDTRAK ALPINE EDITION. Progettato per le alte quote e per prestazioni al massimo livello.","breadcrumb":{"@id":"https:\/\/www.ariens.eu\/it\/prodotto\/spazzaneve\/serie-professional\/hydro-pro-28-rapidtrak-alpine-edition\/#breadcrumb"},"inLanguage":"it-IT","potentialAction":[{"@type":"ReadAction","target":["https:\/\/www.ariens.eu\/it\/prodotto\/spazzaneve\/serie-professional\/hydro-pro-28-rapidtrak-alpine-edition\/"]}]},{"@type":"ImageObject","inLanguage":"it-IT","@id":"https:\/\/www.ariens.eu\/it\/prodotto\/spazzaneve\/serie-professional\/hydro-pro-28-rapidtrak-alpine-edition\/#primaryimage","url":"https:\/\/www.ariens.eu\/it\/wp-content\/uploads\/sites\/13\/2026\/02\/ariens-professional-alpine-28-rapidtrak-snow-thrower-front34-1.webp","contentUrl":"https:\/\/www.ariens.eu\/it\/wp-content\/uploads\/sites\/13\/2026\/02\/ariens-professional-alpine-28-rapidtrak-snow-thrower-front34-1.webp","width":900,"height":650},{"@type":"BreadcrumbList","@id":"https:\/\/www.ariens.eu\/it\/prodotto\/spazzaneve\/serie-professional\/hydro-pro-28-rapidtrak-alpine-edition\/#breadcrumb","itemListElement":[{"@type":"ListItem","position":1,"name":"Home","item":"https:\/\/www.ariens.eu\/it\/"},{"@type":"ListItem","position":2,"name":"Shop","item":"https:\/\/www.ariens.eu\/it\/shop\/"},{"@type":"ListItem","position":3,"name":"HYDRO PRO 28 RAPIDTRAK ALPINE EDITION"}]},{"@type":"WebSite","@id":"https:\/\/www.ariens.eu\/it\/#website","url":"https:\/\/www.ariens.eu\/it\/","name":"Ariens | EMEAA","description":"Powerful and reliable zero-turn mowers &amp; snow blowers for professional users and demanding private customers","publisher":{"@id":"https:\/\/www.ariens.eu\/it\/#organization"},"potentialAction":[{"@type":"SearchAction","target":{"@type":"EntryPoint","urlTemplate":"https:\/\/www.ariens.eu\/it\/?s={search_term_string}"},"query-input":{"@type":"PropertyValueSpecification","valueRequired":true,"valueName":"search_term_string"}}],"inLanguage":"it-IT"},{"@type":"Organization","@id":"https:\/\/www.ariens.eu\/it\/#organization","name":"AriensCo GmbH","url":"https:\/\/www.ariens.eu\/it\/","logo":{"@type":"ImageObject","inLanguage":"it-IT","@id":"https:\/\/www.ariens.eu\/it\/#\/schema\/logo\/image\/","url":"https:\/\/www.ariens.eu\/wp-content\/uploads\/2024\/11\/ariens-co-logo.jpg","contentUrl":"https:\/\/www.ariens.eu\/wp-content\/uploads\/2024\/11\/ariens-co-logo.jpg","width":1000,"height":1000,"caption":"AriensCo GmbH"},"image":{"@id":"https:\/\/www.ariens.eu\/it\/#\/schema\/logo\/image\/"}}]}},"_links":{"self":[{"href":"https:\/\/www.ariens.eu\/it\/wp-json\/wp\/v2\/product\/2305","targetHints":{"allow":["GET"]}}],"collection":[{"href":"https:\/\/www.ariens.eu\/it\/wp-json\/wp\/v2\/product"}],"about":[{"href":"https:\/\/www.ariens.eu\/it\/wp-json\/wp\/v2\/types\/product"}],"replies":[{"embeddable":true,"href":"https:\/\/www.ariens.eu\/it\/wp-json\/wp\/v2\/comments?post=2305"}],"wp:featuredmedia":[{"embeddable":true,"href":"https:\/\/www.ariens.eu\/it\/wp-json\/wp\/v2\/media\/6146"}],"wp:attachment":[{"href":"https:\/\/www.ariens.eu\/it\/wp-json\/wp\/v2\/media?parent=2305"}],"wp:term":[{"taxonomy":"product_brand","embeddable":true,"href":"https:\/\/www.ariens.eu\/it\/wp-json\/wp\/v2\/product_brand?post=2305"},{"taxonomy":"product_cat","embeddable":true,"href":"https:\/\/www.ariens.eu\/it\/wp-json\/wp\/v2\/product_cat?post=2305"},{"taxonomy":"product_tag","embeddable":true,"href":"https:\/\/www.ariens.eu\/it\/wp-json\/wp\/v2\/product_tag?post=2305"}],"curies":[{"name":"wp","href":"https:\/\/api.w.org\/{rel}","templated":true}]}}