{"id":2318,"date":"2024-05-10T11:04:36","date_gmt":"2024-05-10T10:04:36","guid":{"rendered":"https:\/\/www.ariens.eu\/product\/power-brush-44-112-cm\/"},"modified":"2026-01-06T12:22:20","modified_gmt":"2026-01-06T12:22:20","slug":"spazzolone-spazzola-rotativa","status":"publish","type":"product","link":"https:\/\/www.ariens.eu\/it\/prodotto\/spazzaneve\/accessori-per-serie-mammoth850\/spazzolone-spazzola-rotativa","title":{"rendered":"POWER BRUSH 44&#8243; 112 cm"},"content":{"rendered":"<div class=\"acfd-block acfd-block__twocolumns mb-asm-1 container-fluid px-0 bg-default\">\n<div class=\"acfd-twocolumns\">\n<div class=\"row\">\n<div class='col-lg-9 mb-4'>\n<div class=\"acfd-block acfd-block__headline mb-asm-1 container-fluid px-0 bg-default\">\n<div class=\"acfd-headline\">\n<h2 class='h2 text-left'>Massimo effetto di rimozione della neve con neve fresca.<\/h2>\n<\/p><\/div>\n<\/div>\n<div class=\"acfd-block acfd-block__text container-fluid px-0 bg-default\">\n<div class=\"acfd-text\">\n<p>Lo Spazzolone da 110cm \u00e8 una soluzione di alto livello per uno sgombero completo della superficie. Ideale per le sue propriet\u00e0 di tolleranza zero, questa spazzola pulisce perfettamente la superficie.<\/p>\n<p>\u00c8 dotato di innovativi dischi in setole polimeriche individuali, che garantiscono longevit\u00e0 e facilit\u00e0 di manutenzione con semplici opzioni di sostituzione quando usurati. Misurando 107cm di profondit\u00e0, 120 cm di larghezza e 65 cm di altezza, \u00e8 progettato per una copertura efficace. Con un peso di 196 kg, \u00e8 robusto ma maneggevole. La scopa elettrica vanta un angolo di rotazione massimo di 40 gradi, che consente un controllo direzionale efficiente. La sua impressionante velocit\u00e0 di rotazione di 220 giri\/min garantisce uno sgombero rapido ed efficace. \u00c8 uno strumento indispensabile per chiunque abbia bisogno di una pulizia precisa e completa delle superfici.<\/p>\n<\/div>\n<\/div><\/div>\n<div class='col-lg'>                    <\/div>\n<\/p><\/div>\n<\/div>\n<\/div>\n<div class=\"acfd-block acfd-block__twocolumns container-fluid px-0 bg-default\">\n<div class=\"acfd-twocolumns\">\n<div class=\"row\">\n<div class='col-lg-9 mb-4'>                    <\/div>\n<div class='col-lg'>                    <\/div>\n<\/p><\/div>\n<\/div>\n<\/div>\n","protected":false},"excerpt":{"rendered":"<p>Massimo effetto di rimozione della neve con neve fresca. Lo Spazzolone da 110cm \u00e8 una soluzione di alto livello per uno sgombero completo della superficie. Ideale per le sue propriet\u00e0 di tolleranza zero, questa spazzola pulisce perfettamente la superficie. \u00c8 dotato di innovativi dischi in setole polimeriche individuali, che garantiscono longevit\u00e0 e facilit\u00e0 di manutenzione [&hellip;]<\/p>\n","protected":false},"featured_media":3019,"comment_status":"open","ping_status":"closed","template":"","meta":{"_acf_changed":false,"_relevanssi_hide_post":"","_relevanssi_hide_content":"","_relevanssi_pin_for_all":"","_relevanssi_pin_keywords":"","_relevanssi_unpin_keywords":"","_relevanssi_related_keywords":"","_relevanssi_related_include_ids":"","_relevanssi_related_exclude_ids":"","_relevanssi_related_no_append":"","_relevanssi_related_not_related":"","_relevanssi_related_posts":"","_relevanssi_noindex_reason":""},"product_brand":[],"product_cat":[15],"product_tag":[],"class_list":{"0":"post-2318","1":"product","2":"type-product","3":"status-publish","4":"has-post-thumbnail","6":"product_variant-accessori-per-serie-mammoth850","7":"product_usage_areas-servizi-per-inverno","9":"first","10":"instock","11":"shipping-taxable","12":"product-type-simple"},"acf":[],"yoast_head":"<!-- This site is optimized with the Yoast SEO plugin v27.3 - https:\/\/yoast.com\/product\/yoast-seo-wordpress\/ -->\n<title>SPAZZOLONE - SerieMAMMOTH\u2122 850 | Ariens<\/title>\n<meta name=\"description\" content=\"Affronta con sicurezza la pulizia delle superfici con lo spazzolone da 44&quot;. Perfetto per aree a tolleranza zero, \u00e8 dotato di setole in polimero sostituibili\" \/>\n<meta name=\"robots\" content=\"index, follow, max-snippet:-1, max-image-preview:large, max-video-preview:-1\" \/>\n<link rel=\"canonical\" href=\"https:\/\/www.ariens.eu\/it\/prodotto\/spazzaneve\/accessori-per-serie-mammoth850\/spazzolone-spazzola-rotativa\/\" \/>\n<meta property=\"og:locale\" content=\"it_IT\" \/>\n<meta property=\"og:type\" content=\"article\" \/>\n<meta property=\"og:title\" content=\"SPAZZOLONE - SerieMAMMOTH\u2122 850 | Ariens\" \/>\n<meta property=\"og:description\" content=\"Affronta con sicurezza la pulizia delle superfici con lo spazzolone da 44&quot;. Perfetto per aree a tolleranza zero, \u00e8 dotato di setole in polimero sostituibili\" \/>\n<meta property=\"og:url\" content=\"https:\/\/www.ariens.eu\/it\/prodotto\/spazzaneve\/accessori-per-serie-mammoth850\/spazzolone-spazzola-rotativa\/\" \/>\n<meta property=\"og:site_name\" content=\"Ariens | EMEAA\" \/>\n<meta property=\"article:modified_time\" content=\"2026-01-06T12:22:20+00:00\" \/>\n<meta property=\"og:image\" content=\"https:\/\/www.ariens.eu\/it\/wp-content\/uploads\/sites\/13\/2024\/05\/951001-Mammoth-44in_Brush_FL34-scaled.webp\" \/>\n\t<meta property=\"og:image:width\" content=\"2560\" \/>\n\t<meta property=\"og:image:height\" content=\"1920\" \/>\n\t<meta property=\"og:image:type\" content=\"image\/webp\" \/>\n<meta name=\"twitter:card\" content=\"summary_large_image\" \/>\n<meta name=\"twitter:label1\" content=\"Tempo di lettura stimato\" \/>\n\t<meta name=\"twitter:data1\" content=\"1 minuto\" \/>\n<script type=\"application\/ld+json\" class=\"yoast-schema-graph\">{\"@context\":\"https:\\\/\\\/schema.org\",\"@graph\":[{\"@type\":\"WebPage\",\"@id\":\"https:\\\/\\\/www.ariens.eu\\\/it\\\/prodotto\\\/spazzaneve\\\/accessori-per-serie-mammoth850\\\/spazzolone-spazzola-rotativa\\\/\",\"url\":\"https:\\\/\\\/www.ariens.eu\\\/it\\\/prodotto\\\/spazzaneve\\\/accessori-per-serie-mammoth850\\\/spazzolone-spazzola-rotativa\\\/\",\"name\":\"SPAZZOLONE - SerieMAMMOTH\u2122 850 | Ariens\",\"isPartOf\":{\"@id\":\"https:\\\/\\\/www.ariens.eu\\\/it\\\/#website\"},\"primaryImageOfPage\":{\"@id\":\"https:\\\/\\\/www.ariens.eu\\\/it\\\/prodotto\\\/spazzaneve\\\/accessori-per-serie-mammoth850\\\/spazzolone-spazzola-rotativa\\\/#primaryimage\"},\"image\":{\"@id\":\"https:\\\/\\\/www.ariens.eu\\\/it\\\/prodotto\\\/spazzaneve\\\/accessori-per-serie-mammoth850\\\/spazzolone-spazzola-rotativa\\\/#primaryimage\"},\"thumbnailUrl\":\"https:\\\/\\\/www.ariens.eu\\\/it\\\/wp-content\\\/uploads\\\/sites\\\/13\\\/2024\\\/05\\\/951001-Mammoth-44in_Brush_FL34-scaled.webp\",\"datePublished\":\"2024-05-10T10:04:36+00:00\",\"dateModified\":\"2026-01-06T12:22:20+00:00\",\"description\":\"Affronta con sicurezza la pulizia delle superfici con lo spazzolone da 44\\\". Perfetto per aree a tolleranza zero, \u00e8 dotato di setole in polimero sostituibili\",\"breadcrumb\":{\"@id\":\"https:\\\/\\\/www.ariens.eu\\\/it\\\/prodotto\\\/spazzaneve\\\/accessori-per-serie-mammoth850\\\/spazzolone-spazzola-rotativa\\\/#breadcrumb\"},\"inLanguage\":\"it-IT\",\"potentialAction\":[{\"@type\":\"ReadAction\",\"target\":[\"https:\\\/\\\/www.ariens.eu\\\/it\\\/prodotto\\\/spazzaneve\\\/accessori-per-serie-mammoth850\\\/spazzolone-spazzola-rotativa\\\/\"]}]},{\"@type\":\"ImageObject\",\"inLanguage\":\"it-IT\",\"@id\":\"https:\\\/\\\/www.ariens.eu\\\/it\\\/prodotto\\\/spazzaneve\\\/accessori-per-serie-mammoth850\\\/spazzolone-spazzola-rotativa\\\/#primaryimage\",\"url\":\"https:\\\/\\\/www.ariens.eu\\\/it\\\/wp-content\\\/uploads\\\/sites\\\/13\\\/2024\\\/05\\\/951001-Mammoth-44in_Brush_FL34-scaled.webp\",\"contentUrl\":\"https:\\\/\\\/www.ariens.eu\\\/it\\\/wp-content\\\/uploads\\\/sites\\\/13\\\/2024\\\/05\\\/951001-Mammoth-44in_Brush_FL34-scaled.webp\",\"width\":2560,\"height\":1920},{\"@type\":\"BreadcrumbList\",\"@id\":\"https:\\\/\\\/www.ariens.eu\\\/it\\\/prodotto\\\/spazzaneve\\\/accessori-per-serie-mammoth850\\\/spazzolone-spazzola-rotativa\\\/#breadcrumb\",\"itemListElement\":[{\"@type\":\"ListItem\",\"position\":1,\"name\":\"Home\",\"item\":\"https:\\\/\\\/www.ariens.eu\\\/it\\\/\"},{\"@type\":\"ListItem\",\"position\":2,\"name\":\"Shop\",\"item\":\"https:\\\/\\\/www.ariens.eu\\\/it\\\/shop\\\/\"},{\"@type\":\"ListItem\",\"position\":3,\"name\":\"SPAZZOLONE 44&#8243; 112 cm\"}]},{\"@type\":\"WebSite\",\"@id\":\"https:\\\/\\\/www.ariens.eu\\\/it\\\/#website\",\"url\":\"https:\\\/\\\/www.ariens.eu\\\/it\\\/\",\"name\":\"Ariens | EMEAA\",\"description\":\"Powerful and reliable zero-turn mowers &amp; snow blowers for professional users and demanding private customers\",\"publisher\":{\"@id\":\"https:\\\/\\\/www.ariens.eu\\\/it\\\/#organization\"},\"potentialAction\":[{\"@type\":\"SearchAction\",\"target\":{\"@type\":\"EntryPoint\",\"urlTemplate\":\"https:\\\/\\\/www.ariens.eu\\\/it\\\/?s={search_term_string}\"},\"query-input\":{\"@type\":\"PropertyValueSpecification\",\"valueRequired\":true,\"valueName\":\"search_term_string\"}}],\"inLanguage\":\"it-IT\"},{\"@type\":\"Organization\",\"@id\":\"https:\\\/\\\/www.ariens.eu\\\/it\\\/#organization\",\"name\":\"AriensCo GmbH\",\"url\":\"https:\\\/\\\/www.ariens.eu\\\/it\\\/\",\"logo\":{\"@type\":\"ImageObject\",\"inLanguage\":\"it-IT\",\"@id\":\"https:\\\/\\\/www.ariens.eu\\\/it\\\/#\\\/schema\\\/logo\\\/image\\\/\",\"url\":\"https:\\\/\\\/www.ariens.eu\\\/wp-content\\\/uploads\\\/2024\\\/11\\\/ariens-co-logo.jpg\",\"contentUrl\":\"https:\\\/\\\/www.ariens.eu\\\/wp-content\\\/uploads\\\/2024\\\/11\\\/ariens-co-logo.jpg\",\"width\":1000,\"height\":1000,\"caption\":\"AriensCo GmbH\"},\"image\":{\"@id\":\"https:\\\/\\\/www.ariens.eu\\\/it\\\/#\\\/schema\\\/logo\\\/image\\\/\"}}]}<\/script>\n<!-- \/ Yoast SEO plugin. -->","yoast_head_json":{"title":"SPAZZOLONE - SerieMAMMOTH\u2122 850 | Ariens","description":"Affronta con sicurezza la pulizia delle superfici con lo spazzolone da 44\". Perfetto per aree a tolleranza zero, \u00e8 dotato di setole in polimero sostituibili","robots":{"index":"index","follow":"follow","max-snippet":"max-snippet:-1","max-image-preview":"max-image-preview:large","max-video-preview":"max-video-preview:-1"},"canonical":"https:\/\/www.ariens.eu\/it\/prodotto\/spazzaneve\/accessori-per-serie-mammoth850\/spazzolone-spazzola-rotativa\/","og_locale":"it_IT","og_type":"article","og_title":"SPAZZOLONE - SerieMAMMOTH\u2122 850 | Ariens","og_description":"Affronta con sicurezza la pulizia delle superfici con lo spazzolone da 44\". Perfetto per aree a tolleranza zero, \u00e8 dotato di setole in polimero sostituibili","og_url":"https:\/\/www.ariens.eu\/it\/prodotto\/spazzaneve\/accessori-per-serie-mammoth850\/spazzolone-spazzola-rotativa\/","og_site_name":"Ariens | EMEAA","article_modified_time":"2026-01-06T12:22:20+00:00","og_image":[{"width":2560,"height":1920,"url":"https:\/\/www.ariens.eu\/it\/wp-content\/uploads\/sites\/13\/2024\/05\/951001-Mammoth-44in_Brush_FL34-scaled.webp","type":"image\/webp"}],"twitter_card":"summary_large_image","twitter_misc":{"Tempo di lettura stimato":"1 minuto"},"schema":{"@context":"https:\/\/schema.org","@graph":[{"@type":"WebPage","@id":"https:\/\/www.ariens.eu\/it\/prodotto\/spazzaneve\/accessori-per-serie-mammoth850\/spazzolone-spazzola-rotativa\/","url":"https:\/\/www.ariens.eu\/it\/prodotto\/spazzaneve\/accessori-per-serie-mammoth850\/spazzolone-spazzola-rotativa\/","name":"SPAZZOLONE - SerieMAMMOTH\u2122 850 | Ariens","isPartOf":{"@id":"https:\/\/www.ariens.eu\/it\/#website"},"primaryImageOfPage":{"@id":"https:\/\/www.ariens.eu\/it\/prodotto\/spazzaneve\/accessori-per-serie-mammoth850\/spazzolone-spazzola-rotativa\/#primaryimage"},"image":{"@id":"https:\/\/www.ariens.eu\/it\/prodotto\/spazzaneve\/accessori-per-serie-mammoth850\/spazzolone-spazzola-rotativa\/#primaryimage"},"thumbnailUrl":"https:\/\/www.ariens.eu\/it\/wp-content\/uploads\/sites\/13\/2024\/05\/951001-Mammoth-44in_Brush_FL34-scaled.webp","datePublished":"2024-05-10T10:04:36+00:00","dateModified":"2026-01-06T12:22:20+00:00","description":"Affronta con sicurezza la pulizia delle superfici con lo spazzolone da 44\". Perfetto per aree a tolleranza zero, \u00e8 dotato di setole in polimero sostituibili","breadcrumb":{"@id":"https:\/\/www.ariens.eu\/it\/prodotto\/spazzaneve\/accessori-per-serie-mammoth850\/spazzolone-spazzola-rotativa\/#breadcrumb"},"inLanguage":"it-IT","potentialAction":[{"@type":"ReadAction","target":["https:\/\/www.ariens.eu\/it\/prodotto\/spazzaneve\/accessori-per-serie-mammoth850\/spazzolone-spazzola-rotativa\/"]}]},{"@type":"ImageObject","inLanguage":"it-IT","@id":"https:\/\/www.ariens.eu\/it\/prodotto\/spazzaneve\/accessori-per-serie-mammoth850\/spazzolone-spazzola-rotativa\/#primaryimage","url":"https:\/\/www.ariens.eu\/it\/wp-content\/uploads\/sites\/13\/2024\/05\/951001-Mammoth-44in_Brush_FL34-scaled.webp","contentUrl":"https:\/\/www.ariens.eu\/it\/wp-content\/uploads\/sites\/13\/2024\/05\/951001-Mammoth-44in_Brush_FL34-scaled.webp","width":2560,"height":1920},{"@type":"BreadcrumbList","@id":"https:\/\/www.ariens.eu\/it\/prodotto\/spazzaneve\/accessori-per-serie-mammoth850\/spazzolone-spazzola-rotativa\/#breadcrumb","itemListElement":[{"@type":"ListItem","position":1,"name":"Home","item":"https:\/\/www.ariens.eu\/it\/"},{"@type":"ListItem","position":2,"name":"Shop","item":"https:\/\/www.ariens.eu\/it\/shop\/"},{"@type":"ListItem","position":3,"name":"SPAZZOLONE 44&#8243; 112 cm"}]},{"@type":"WebSite","@id":"https:\/\/www.ariens.eu\/it\/#website","url":"https:\/\/www.ariens.eu\/it\/","name":"Ariens | EMEAA","description":"Powerful and reliable zero-turn mowers &amp; snow blowers for professional users and demanding private customers","publisher":{"@id":"https:\/\/www.ariens.eu\/it\/#organization"},"potentialAction":[{"@type":"SearchAction","target":{"@type":"EntryPoint","urlTemplate":"https:\/\/www.ariens.eu\/it\/?s={search_term_string}"},"query-input":{"@type":"PropertyValueSpecification","valueRequired":true,"valueName":"search_term_string"}}],"inLanguage":"it-IT"},{"@type":"Organization","@id":"https:\/\/www.ariens.eu\/it\/#organization","name":"AriensCo GmbH","url":"https:\/\/www.ariens.eu\/it\/","logo":{"@type":"ImageObject","inLanguage":"it-IT","@id":"https:\/\/www.ariens.eu\/it\/#\/schema\/logo\/image\/","url":"https:\/\/www.ariens.eu\/wp-content\/uploads\/2024\/11\/ariens-co-logo.jpg","contentUrl":"https:\/\/www.ariens.eu\/wp-content\/uploads\/2024\/11\/ariens-co-logo.jpg","width":1000,"height":1000,"caption":"AriensCo GmbH"},"image":{"@id":"https:\/\/www.ariens.eu\/it\/#\/schema\/logo\/image\/"}}]}},"_links":{"self":[{"href":"https:\/\/www.ariens.eu\/it\/wp-json\/wp\/v2\/product\/2318","targetHints":{"allow":["GET"]}}],"collection":[{"href":"https:\/\/www.ariens.eu\/it\/wp-json\/wp\/v2\/product"}],"about":[{"href":"https:\/\/www.ariens.eu\/it\/wp-json\/wp\/v2\/types\/product"}],"replies":[{"embeddable":true,"href":"https:\/\/www.ariens.eu\/it\/wp-json\/wp\/v2\/comments?post=2318"}],"wp:featuredmedia":[{"embeddable":true,"href":"https:\/\/www.ariens.eu\/it\/wp-json\/wp\/v2\/media\/3019"}],"wp:attachment":[{"href":"https:\/\/www.ariens.eu\/it\/wp-json\/wp\/v2\/media?parent=2318"}],"wp:term":[{"taxonomy":"product_brand","embeddable":true,"href":"https:\/\/www.ariens.eu\/it\/wp-json\/wp\/v2\/product_brand?post=2318"},{"taxonomy":"product_cat","embeddable":true,"href":"https:\/\/www.ariens.eu\/it\/wp-json\/wp\/v2\/product_cat?post=2318"},{"taxonomy":"product_tag","embeddable":true,"href":"https:\/\/www.ariens.eu\/it\/wp-json\/wp\/v2\/product_tag?post=2318"}],"curies":[{"name":"wp","href":"https:\/\/api.w.org\/{rel}","templated":true}]}}