{"id":2323,"date":"2024-05-10T11:04:36","date_gmt":"2024-05-10T10:04:36","guid":{"rendered":"https:\/\/www.ariens.eu\/product\/edge-34\/"},"modified":"2026-02-25T10:37:24","modified_gmt":"2026-02-25T10:37:24","slug":"edge-34-ariens-zero-turn","status":"publish","type":"product","link":"https:\/\/www.ariens.eu\/it\/prodotto\/tagliaerba-zero-turn\/edge-serie\/edge-34-ariens-zero-turn","title":{"rendered":"EDGE 34"},"content":{"rendered":"<div class=\"acfd-block acfd-block__headline mb-asm-1 container-fluid px-0 bg-default\">\n<div class=\"acfd-headline\">\n<h2 class='h2 text-left li_black'>Sfrutta la velocit\u00e0 e la praticit\u00e0 di EDGE per il tuo prato<\/h2>\n<\/p><\/div>\n<\/div>\n<div class=\"acfd-block acfd-block__twocolumns mb-asm-2 container-fluid px-0 bg-default\">\n<div class=\"acfd-twocolumns\">\n<div class=\"row\">\n<div class='col-lg-9 mb-4 '>\n<div class=\"acfd-block acfd-block__text container-fluid px-0 bg-default\">\n<div class=\"acfd-text li_black\">\n<p>Goditi i vantaggi di un tagliaerba Zero-Turn nel tuo giardino. Maggiore precisione di taglio e manovrabilit\u00e0 rispetto ad un trattorino tagliaerba tradizionale. Realizzato per giardini di piccole e medie dimensioni con presenza di passaggi stretti.<\/p>\n<ul>\n<li>L&#8217;EDGE 34 \u00e8 dotato di un piatto di taglio da 86 cm (34&#8243;) in acciaio<\/li>\n<li>Alimentato da un motore bicilindrico Ariens da 635 cc<\/li>\n<li>Regolazione rapida e semplice dell&#8217;altezza di taglio<\/li>\n<li>Il sistema di sollevamento del piatto a quattro punti offre una stabilit\u00e0 senza pari e un taglio costante<\/li>\n<li>Sedile con schienale alto per migliorare il comfort<\/li>\n<li>Disponibilit\u00e0 di vari accessori<\/li>\n<li>2-anni o 150 ore di Garanzia<\/li>\n<\/ul>\n<\/div>\n<\/div><\/div>\n<div class='col-lg'>                    <\/div>\n<\/p><\/div>\n<\/div>\n<\/div>\n<div class=\"acfd-block acfd-block__category mb-asm-3 container-fluid px-0 bg-default\">\n<div class=\"acfd-product-categories\">\n<h2 class=\"text-left mb-3\">\n        Eins\u00e4tze    <\/h2>\n<div class=\"product-categories_wrapper\">\n         <span data-description=\"Hai un giardino e vuoi mantenerlo sempre perfetto? A seconda della larghezza di taglio, i nostri tagliaerba possono gestire tutte le dimensioni dei giardini.\" class=\"product-category-single\"> Privati                <sup><i class=\"fa fa-info-circle\" aria-hidden=\"true\"><\/i><\/sup>            <\/span>  <span data-description=\"I nostri tagliaerba a benzina sono dotati di motori Kawasaki<sup>&reg;<\/sup> o Ariens di alta qualit\u00e0. Offrono prestazioni e affidabilit\u00e0 superiori alla media.\" class=\"product-category-single\"> Benzina                <sup><i class=\"fa fa-info-circle\" aria-hidden=\"true\"><\/i><\/sup>            <\/span>  <span data-description=\"Quando utilizzi un kit mulching, lo scarico laterale non \u00e8 pi\u00f9 necessario. Gli scarti d'erba vengono finemente sminuzzati e distribuiti uniformemente sul retro del prato. Le particelle di erba fine scompaiono nel prato diventando utile nutrimento.\" class=\"product-category-single\"> Mulching kit Optional                <sup><i class=\"fa fa-info-circle\" aria-hidden=\"true\"><\/i><\/sup>            <\/span>  <span data-description=\"I tosaerba con conducente a bordo, offrono un alto livello di comfort. Utilizziamo sedili di alta qualit\u00e0 a partire dal modello base. Ampio spazio per le gambe e controlli ergonomici sono di serie.\" class=\"product-category-single\"> Zero turn con conducente a bordo                <sup><i class=\"fa fa-info-circle\" aria-hidden=\"true\"><\/i><\/sup>            <\/span>  <span data-description=\"Con i modelli APEX e ZENITH, hai la scelta tra piatti di taglio con scarico laterale e piatti di taglio con scarico posteriore. Un piatto di taglio con scarico laterale espelle i ritagli attraverso un'apertura laterale e un deflettore. Il potente flusso d'aria poi li distribuisce su una vasta area. Un kit di pacciamatura opzionale pu\u00f2 essere installato nei piatti di taglio con scarico laterale. Quando viene utilizzato un kit di pacciamatura, i ritagli vengono finemente sminuzzati e espulsi sul retro. Lo scarico laterale e il deflettore vengono quindi chiusi o rimossi.\" class=\"product-category-single\"> Scarico Erba Laterale                <sup><i class=\"fa fa-info-circle\" aria-hidden=\"true\"><\/i><\/sup>            <\/span>  <span data-description=\"Tutti i tosaerba Ariens sono adatti per prati pianeggianti. Seleziona la larghezza di taglio in base alla dimensione della tua area e a eventuali aree strette limitanti.\" class=\"product-category-single\"> Terreni Pianeggianti                <sup><i class=\"fa fa-info-circle\" aria-hidden=\"true\"><\/i><\/sup>            <\/span>  <span data-description=\"I tosaerba Ariens si comportano bene su terreni sconnessi. Per i terreni ondulati, scegli piatti di taglio pi\u00f9 stretti per un modello di taglio pi\u00f9 uniforme.\" class=\"product-category-single\"> Terreni Sconnessi                <sup><i class=\"fa fa-info-circle\" aria-hidden=\"true\"><\/i><\/sup>            <\/span>  <span data-description=\"\u00c8 meglio scegliere una macchina con ruote larghe. Non superare il limite di sicurezza specificato di 15\u00b0 di inclinazione per i tosaerba a guida seduta e di 20\u00b0 per i tosaerba a guida in piedi. Su terreni ondulati, scegli piatti di taglio pi\u00f9 stretti per un modello di taglio pi\u00f9 uniforme. Il modello ZENITH ha una protezione antiribaltamento di serie. Pu\u00f2 essere montata anche sull'APEX.\" class=\"product-category-single\"> Terreni in Pendenza                <sup><i class=\"fa fa-info-circle\" aria-hidden=\"true\"><\/i><\/sup>            <\/span>  <span data-description=\"I tagliaerba zero-turn non sono solo per aree di grandi dimensioni. Il modello EDGE con una larghezza di taglio di 86 cm \u00e8 adatto per aree di circa 800 m\u00b2 e passaggi stretti.\" class=\"product-category-single\"> Piccole superfici                <sup><i class=\"fa fa-info-circle\" aria-hidden=\"true\"><\/i><\/sup>            <\/span>     <\/div>\n<\/div>\n<\/div>\n<div class=\"acfd-block acfd-block__twocolumns mb-asm-2 container-fluid container-fluid--force px-0 bg-default\">\n<div class=\"acfd-twocolumns\">\n<div class=\"row\">\n<div class='col-lg-12 mb-4 '>\n<div class=\"acfd-product-advantages--wrapper\">\n<h2 class=\"h1 bigger text-color-black text-center mb-5\">\n        Merkmale &amp; Vorteile    <\/h2>\n<div class=\"acfd-product-advantages\">\n<div class=\"row\">\n<div class=\"col-md-6 mb-4 content\">\n                    <span class=\"d-block h5 text-color-brand mb-1\">Comandi Intuitivi<\/span><\/p>\n<p>Controlla i due comandi delle ruote indipendenti con due sole leve di guida. Rimarrai stupito dalla precisione e facilit\u00e0 di questo sistema di sterzata. Ogni utente diventer\u00e0 un vero esperto di zero-turn in pochissimo tempo. Provalo tu stesso.<\/p>\n<\/p><\/div>\n<div class=\"col-md-6 mb4 image\" style=\"background-image:url(https:\/\/www.ariens.eu\/it\/wp-content\/uploads\/sites\/13\/2024\/05\/intuitive-control.webp)\">\n                <\/div>\n<\/p><\/div>\n<div class=\"row\">\n<div class=\"col-md-6 mb-4 content\">\n                    <span class=\"d-block h5 text-color-brand mb-1\">Qualit\u00e0 di taglio ai Vertici<\/span><\/p>\n<p>Piatto di taglio saldato dell&#8217;EDGE da 42&#8243; con due lame. Kit Mulching opzionale.<\/p>\n<\/p><\/div>\n<div class=\"col-md-6 mb4 image\" style=\"background-image:url(https:\/\/www.ariens.eu\/it\/wp-content\/uploads\/sites\/13\/2024\/08\/quality-of-cut.png)\">\n                <\/div>\n<\/p><\/div>\n<div class=\"row\">\n<div class=\"col-md-6 mb-4 content\">\n                    <span class=\"d-block h5 text-color-brand mb-1\">Gomme Larghe<\/span><\/p>\n<p>Pneumatici di grande diametro con una larga impronta offrono una trazione superiore e una guida pi\u00f9 fluida e confortevole.<\/p>\n<\/p><\/div>\n<div class=\"col-md-6 mb4 image\" style=\"background-image:url(https:\/\/www.ariens.eu\/it\/wp-content\/uploads\/sites\/13\/2024\/05\/larger-tires.webp)\">\n                <\/div>\n<\/p><\/div>\n<div class=\"row\">\n<div class=\"col-md-6 mb-4 content\">\n                    <span class=\"d-block h5 text-color-brand mb-1\">Comfort<\/span><\/p>\n<p>Il sedile sagomato del modello EDGE ha un ampio ritaglio, regolabile. Questo consente la circolazione dell&#8217;aria, mantenendo la schiena asciutta e aumentando il comfort di guida ad alte temperature esterne.<\/p>\n<p>Colori dei modelli CE: grigio.<\/p>\n<\/p><\/div>\n<div class=\"col-md-6 mb4 image\" style=\"background-image:url(https:\/\/www.ariens.eu\/it\/wp-content\/uploads\/sites\/13\/2024\/08\/seating-comfort.png)\">\n                <\/div>\n<\/p><\/div>\n<div class=\"row\">\n<div class=\"col-md-6 mb-4 content\">\n                    <span class=\"d-block h5 text-color-brand mb-1\">Regolazione altezza di taglio<\/span><\/p>\n<p>L&#8217;altezza di taglio pu\u00f2 essere regolata in 7 posizioni da 3,8 cm a 11,4 cm utilizzando la leva facilmente accessibile sul lato del sedile. Il piatto di taglio viene sollevato comodamente utilizzando un pedale.<\/p>\n<\/p><\/div>\n<div class=\"col-md-6 mb4 image\" style=\"background-image:url(https:\/\/www.ariens.eu\/it\/wp-content\/uploads\/sites\/13\/2024\/08\/cutting-height-adjustment-3.png)\">\n                <\/div>\n<\/p><\/div>\n<div class=\"row\">\n<div class=\"col-md-6 mb-4 content\">\n                    <span class=\"d-block h5 text-color-brand mb-1\">Motore ARIENS<\/span><\/p>\n<p>Il modello EDGE \u00e8 alimentato dall&#8217;affidabile motore Ariens da 635 cm\u00b3, a due cilindri, Stage V, OHV.<\/p>\n<\/p><\/div>\n<div class=\"col-md-6 mb4 image\" style=\"background-image:url(https:\/\/www.ariens.eu\/it\/wp-content\/uploads\/sites\/13\/2024\/05\/ariens-edge-zero-turn-635cc-twin-cylinder-ariens-engine.webp)\">\n                <\/div>\n<\/p><\/div>\n<\/p><\/div>\n<\/div><\/div>\n<div class='col-lg'>                    <\/div>\n<\/p><\/div>\n<\/div>\n<\/div>\n","protected":false},"excerpt":{"rendered":"<p>Sfrutta la velocit\u00e0 e la praticit\u00e0 di EDGE per il tuo prato Goditi i vantaggi di un tagliaerba Zero-Turn nel tuo giardino. Maggiore precisione di taglio e manovrabilit\u00e0 rispetto ad un trattorino tagliaerba tradizionale. Realizzato per giardini di piccole e medie dimensioni con presenza di passaggi stretti. L&#8217;EDGE 34 \u00e8 dotato di un piatto di [&hellip;]<\/p>\n","protected":false},"featured_media":5098,"comment_status":"open","ping_status":"closed","template":"","meta":{"_acf_changed":false,"_relevanssi_hide_post":"","_relevanssi_hide_content":"","_relevanssi_pin_for_all":"","_relevanssi_pin_keywords":"","_relevanssi_unpin_keywords":"","_relevanssi_related_keywords":"","_relevanssi_related_include_ids":"","_relevanssi_related_exclude_ids":"","_relevanssi_related_no_append":"","_relevanssi_related_not_related":"","_relevanssi_related_posts":"","_relevanssi_noindex_reason":""},"product_brand":[],"product_cat":[15],"product_tag":[],"class_list":{"0":"post-2323","1":"product","2":"type-product","3":"status-publish","4":"has-post-thumbnail","6":"product_variant-edge-serie","7":"product_usage_areas-giardini-privati","8":"product_usage_areas-servizi-di-pulizia-e-manutenzione","10":"first","11":"instock","12":"shipping-taxable","13":"product-type-simple"},"acf":[],"yoast_head":"<!-- This site is optimized with the Yoast SEO plugin v27.3 - https:\/\/yoast.com\/product\/yoast-seo-wordpress\/ -->\n<title>EDGE 34 Giardini di Medie dimensioni| Tagliaerba Ariens zero-turn<\/title>\n<meta name=\"description\" content=\"EDGE 34 Zero-Turn \u00e8 un modello performante nato per lo sfalcio di giardini privati di piccole e medie dimensioni.\" \/>\n<meta name=\"robots\" content=\"index, follow, max-snippet:-1, max-image-preview:large, max-video-preview:-1\" \/>\n<link rel=\"canonical\" href=\"https:\/\/www.ariens.eu\/it\/prodotto\/tagliaerba-zero-turn\/edge-serie\/edge-34-ariens-zero-turn\/\" \/>\n<meta property=\"og:locale\" content=\"it_IT\" \/>\n<meta property=\"og:type\" content=\"article\" \/>\n<meta property=\"og:title\" content=\"EDGE 34 Giardini di Medie dimensioni| Tagliaerba Ariens zero-turn\" \/>\n<meta property=\"og:description\" content=\"EDGE 34 Zero-Turn \u00e8 un modello performante nato per lo sfalcio di giardini privati di piccole e medie dimensioni.\" \/>\n<meta property=\"og:url\" content=\"https:\/\/www.ariens.eu\/it\/prodotto\/tagliaerba-zero-turn\/edge-serie\/edge-34-ariens-zero-turn\/\" \/>\n<meta property=\"og:site_name\" content=\"Ariens | EMEAA\" \/>\n<meta property=\"article:modified_time\" content=\"2026-02-25T10:37:24+00:00\" \/>\n<meta property=\"og:image\" content=\"https:\/\/www.ariens.eu\/it\/wp-content\/uploads\/sites\/13\/2024\/05\/ariens-zero-turn-edge-34-sd-my25.png\" \/>\n\t<meta property=\"og:image:width\" content=\"1024\" \/>\n\t<meta property=\"og:image:height\" content=\"720\" \/>\n\t<meta property=\"og:image:type\" content=\"image\/png\" \/>\n<meta name=\"twitter:card\" content=\"summary_large_image\" \/>\n<meta name=\"twitter:label1\" content=\"Tempo di lettura stimato\" \/>\n\t<meta name=\"twitter:data1\" content=\"2 minuti\" \/>\n<script type=\"application\/ld+json\" class=\"yoast-schema-graph\">{\"@context\":\"https:\\\/\\\/schema.org\",\"@graph\":[{\"@type\":\"WebPage\",\"@id\":\"https:\\\/\\\/www.ariens.eu\\\/it\\\/prodotto\\\/tagliaerba-zero-turn\\\/edge-serie\\\/edge-34-ariens-zero-turn\\\/\",\"url\":\"https:\\\/\\\/www.ariens.eu\\\/it\\\/prodotto\\\/tagliaerba-zero-turn\\\/edge-serie\\\/edge-34-ariens-zero-turn\\\/\",\"name\":\"EDGE 34 Giardini di Medie dimensioni| Tagliaerba Ariens zero-turn\",\"isPartOf\":{\"@id\":\"https:\\\/\\\/www.ariens.eu\\\/it\\\/#website\"},\"primaryImageOfPage\":{\"@id\":\"https:\\\/\\\/www.ariens.eu\\\/it\\\/prodotto\\\/tagliaerba-zero-turn\\\/edge-serie\\\/edge-34-ariens-zero-turn\\\/#primaryimage\"},\"image\":{\"@id\":\"https:\\\/\\\/www.ariens.eu\\\/it\\\/prodotto\\\/tagliaerba-zero-turn\\\/edge-serie\\\/edge-34-ariens-zero-turn\\\/#primaryimage\"},\"thumbnailUrl\":\"https:\\\/\\\/www.ariens.eu\\\/it\\\/wp-content\\\/uploads\\\/sites\\\/13\\\/2024\\\/05\\\/ariens-zero-turn-edge-34-sd-my25.png\",\"datePublished\":\"2024-05-10T10:04:36+00:00\",\"dateModified\":\"2026-02-25T10:37:24+00:00\",\"description\":\"EDGE 34 Zero-Turn \u00e8 un modello performante nato per lo sfalcio di giardini privati di piccole e medie dimensioni.\",\"breadcrumb\":{\"@id\":\"https:\\\/\\\/www.ariens.eu\\\/it\\\/prodotto\\\/tagliaerba-zero-turn\\\/edge-serie\\\/edge-34-ariens-zero-turn\\\/#breadcrumb\"},\"inLanguage\":\"it-IT\",\"potentialAction\":[{\"@type\":\"ReadAction\",\"target\":[\"https:\\\/\\\/www.ariens.eu\\\/it\\\/prodotto\\\/tagliaerba-zero-turn\\\/edge-serie\\\/edge-34-ariens-zero-turn\\\/\"]}]},{\"@type\":\"ImageObject\",\"inLanguage\":\"it-IT\",\"@id\":\"https:\\\/\\\/www.ariens.eu\\\/it\\\/prodotto\\\/tagliaerba-zero-turn\\\/edge-serie\\\/edge-34-ariens-zero-turn\\\/#primaryimage\",\"url\":\"https:\\\/\\\/www.ariens.eu\\\/it\\\/wp-content\\\/uploads\\\/sites\\\/13\\\/2024\\\/05\\\/ariens-zero-turn-edge-34-sd-my25.png\",\"contentUrl\":\"https:\\\/\\\/www.ariens.eu\\\/it\\\/wp-content\\\/uploads\\\/sites\\\/13\\\/2024\\\/05\\\/ariens-zero-turn-edge-34-sd-my25.png\",\"width\":1024,\"height\":720},{\"@type\":\"BreadcrumbList\",\"@id\":\"https:\\\/\\\/www.ariens.eu\\\/it\\\/prodotto\\\/tagliaerba-zero-turn\\\/edge-serie\\\/edge-34-ariens-zero-turn\\\/#breadcrumb\",\"itemListElement\":[{\"@type\":\"ListItem\",\"position\":1,\"name\":\"Home\",\"item\":\"https:\\\/\\\/www.ariens.eu\\\/it\\\/\"},{\"@type\":\"ListItem\",\"position\":2,\"name\":\"Shop\",\"item\":\"https:\\\/\\\/www.ariens.eu\\\/it\\\/shop\\\/\"},{\"@type\":\"ListItem\",\"position\":3,\"name\":\"EDGE 34\"}]},{\"@type\":\"WebSite\",\"@id\":\"https:\\\/\\\/www.ariens.eu\\\/it\\\/#website\",\"url\":\"https:\\\/\\\/www.ariens.eu\\\/it\\\/\",\"name\":\"Ariens | EMEAA\",\"description\":\"Powerful and reliable zero-turn mowers &amp; snow blowers for professional users and demanding private customers\",\"publisher\":{\"@id\":\"https:\\\/\\\/www.ariens.eu\\\/it\\\/#organization\"},\"potentialAction\":[{\"@type\":\"SearchAction\",\"target\":{\"@type\":\"EntryPoint\",\"urlTemplate\":\"https:\\\/\\\/www.ariens.eu\\\/it\\\/?s={search_term_string}\"},\"query-input\":{\"@type\":\"PropertyValueSpecification\",\"valueRequired\":true,\"valueName\":\"search_term_string\"}}],\"inLanguage\":\"it-IT\"},{\"@type\":\"Organization\",\"@id\":\"https:\\\/\\\/www.ariens.eu\\\/it\\\/#organization\",\"name\":\"AriensCo GmbH\",\"url\":\"https:\\\/\\\/www.ariens.eu\\\/it\\\/\",\"logo\":{\"@type\":\"ImageObject\",\"inLanguage\":\"it-IT\",\"@id\":\"https:\\\/\\\/www.ariens.eu\\\/it\\\/#\\\/schema\\\/logo\\\/image\\\/\",\"url\":\"https:\\\/\\\/www.ariens.eu\\\/wp-content\\\/uploads\\\/2024\\\/11\\\/ariens-co-logo.jpg\",\"contentUrl\":\"https:\\\/\\\/www.ariens.eu\\\/wp-content\\\/uploads\\\/2024\\\/11\\\/ariens-co-logo.jpg\",\"width\":1000,\"height\":1000,\"caption\":\"AriensCo GmbH\"},\"image\":{\"@id\":\"https:\\\/\\\/www.ariens.eu\\\/it\\\/#\\\/schema\\\/logo\\\/image\\\/\"}}]}<\/script>\n<!-- \/ Yoast SEO plugin. -->","yoast_head_json":{"title":"EDGE 34 Giardini di Medie dimensioni| Tagliaerba Ariens zero-turn","description":"EDGE 34 Zero-Turn \u00e8 un modello performante nato per lo sfalcio di giardini privati di piccole e medie dimensioni.","robots":{"index":"index","follow":"follow","max-snippet":"max-snippet:-1","max-image-preview":"max-image-preview:large","max-video-preview":"max-video-preview:-1"},"canonical":"https:\/\/www.ariens.eu\/it\/prodotto\/tagliaerba-zero-turn\/edge-serie\/edge-34-ariens-zero-turn\/","og_locale":"it_IT","og_type":"article","og_title":"EDGE 34 Giardini di Medie dimensioni| Tagliaerba Ariens zero-turn","og_description":"EDGE 34 Zero-Turn \u00e8 un modello performante nato per lo sfalcio di giardini privati di piccole e medie dimensioni.","og_url":"https:\/\/www.ariens.eu\/it\/prodotto\/tagliaerba-zero-turn\/edge-serie\/edge-34-ariens-zero-turn\/","og_site_name":"Ariens | EMEAA","article_modified_time":"2026-02-25T10:37:24+00:00","og_image":[{"width":1024,"height":720,"url":"https:\/\/www.ariens.eu\/it\/wp-content\/uploads\/sites\/13\/2024\/05\/ariens-zero-turn-edge-34-sd-my25.png","type":"image\/png"}],"twitter_card":"summary_large_image","twitter_misc":{"Tempo di lettura stimato":"2 minuti"},"schema":{"@context":"https:\/\/schema.org","@graph":[{"@type":"WebPage","@id":"https:\/\/www.ariens.eu\/it\/prodotto\/tagliaerba-zero-turn\/edge-serie\/edge-34-ariens-zero-turn\/","url":"https:\/\/www.ariens.eu\/it\/prodotto\/tagliaerba-zero-turn\/edge-serie\/edge-34-ariens-zero-turn\/","name":"EDGE 34 Giardini di Medie dimensioni| Tagliaerba Ariens zero-turn","isPartOf":{"@id":"https:\/\/www.ariens.eu\/it\/#website"},"primaryImageOfPage":{"@id":"https:\/\/www.ariens.eu\/it\/prodotto\/tagliaerba-zero-turn\/edge-serie\/edge-34-ariens-zero-turn\/#primaryimage"},"image":{"@id":"https:\/\/www.ariens.eu\/it\/prodotto\/tagliaerba-zero-turn\/edge-serie\/edge-34-ariens-zero-turn\/#primaryimage"},"thumbnailUrl":"https:\/\/www.ariens.eu\/it\/wp-content\/uploads\/sites\/13\/2024\/05\/ariens-zero-turn-edge-34-sd-my25.png","datePublished":"2024-05-10T10:04:36+00:00","dateModified":"2026-02-25T10:37:24+00:00","description":"EDGE 34 Zero-Turn \u00e8 un modello performante nato per lo sfalcio di giardini privati di piccole e medie dimensioni.","breadcrumb":{"@id":"https:\/\/www.ariens.eu\/it\/prodotto\/tagliaerba-zero-turn\/edge-serie\/edge-34-ariens-zero-turn\/#breadcrumb"},"inLanguage":"it-IT","potentialAction":[{"@type":"ReadAction","target":["https:\/\/www.ariens.eu\/it\/prodotto\/tagliaerba-zero-turn\/edge-serie\/edge-34-ariens-zero-turn\/"]}]},{"@type":"ImageObject","inLanguage":"it-IT","@id":"https:\/\/www.ariens.eu\/it\/prodotto\/tagliaerba-zero-turn\/edge-serie\/edge-34-ariens-zero-turn\/#primaryimage","url":"https:\/\/www.ariens.eu\/it\/wp-content\/uploads\/sites\/13\/2024\/05\/ariens-zero-turn-edge-34-sd-my25.png","contentUrl":"https:\/\/www.ariens.eu\/it\/wp-content\/uploads\/sites\/13\/2024\/05\/ariens-zero-turn-edge-34-sd-my25.png","width":1024,"height":720},{"@type":"BreadcrumbList","@id":"https:\/\/www.ariens.eu\/it\/prodotto\/tagliaerba-zero-turn\/edge-serie\/edge-34-ariens-zero-turn\/#breadcrumb","itemListElement":[{"@type":"ListItem","position":1,"name":"Home","item":"https:\/\/www.ariens.eu\/it\/"},{"@type":"ListItem","position":2,"name":"Shop","item":"https:\/\/www.ariens.eu\/it\/shop\/"},{"@type":"ListItem","position":3,"name":"EDGE 34"}]},{"@type":"WebSite","@id":"https:\/\/www.ariens.eu\/it\/#website","url":"https:\/\/www.ariens.eu\/it\/","name":"Ariens | EMEAA","description":"Powerful and reliable zero-turn mowers &amp; snow blowers for professional users and demanding private customers","publisher":{"@id":"https:\/\/www.ariens.eu\/it\/#organization"},"potentialAction":[{"@type":"SearchAction","target":{"@type":"EntryPoint","urlTemplate":"https:\/\/www.ariens.eu\/it\/?s={search_term_string}"},"query-input":{"@type":"PropertyValueSpecification","valueRequired":true,"valueName":"search_term_string"}}],"inLanguage":"it-IT"},{"@type":"Organization","@id":"https:\/\/www.ariens.eu\/it\/#organization","name":"AriensCo GmbH","url":"https:\/\/www.ariens.eu\/it\/","logo":{"@type":"ImageObject","inLanguage":"it-IT","@id":"https:\/\/www.ariens.eu\/it\/#\/schema\/logo\/image\/","url":"https:\/\/www.ariens.eu\/wp-content\/uploads\/2024\/11\/ariens-co-logo.jpg","contentUrl":"https:\/\/www.ariens.eu\/wp-content\/uploads\/2024\/11\/ariens-co-logo.jpg","width":1000,"height":1000,"caption":"AriensCo GmbH"},"image":{"@id":"https:\/\/www.ariens.eu\/it\/#\/schema\/logo\/image\/"}}]}},"_links":{"self":[{"href":"https:\/\/www.ariens.eu\/it\/wp-json\/wp\/v2\/product\/2323","targetHints":{"allow":["GET"]}}],"collection":[{"href":"https:\/\/www.ariens.eu\/it\/wp-json\/wp\/v2\/product"}],"about":[{"href":"https:\/\/www.ariens.eu\/it\/wp-json\/wp\/v2\/types\/product"}],"replies":[{"embeddable":true,"href":"https:\/\/www.ariens.eu\/it\/wp-json\/wp\/v2\/comments?post=2323"}],"wp:featuredmedia":[{"embeddable":true,"href":"https:\/\/www.ariens.eu\/it\/wp-json\/wp\/v2\/media\/5098"}],"wp:attachment":[{"href":"https:\/\/www.ariens.eu\/it\/wp-json\/wp\/v2\/media?parent=2323"}],"wp:term":[{"taxonomy":"product_brand","embeddable":true,"href":"https:\/\/www.ariens.eu\/it\/wp-json\/wp\/v2\/product_brand?post=2323"},{"taxonomy":"product_cat","embeddable":true,"href":"https:\/\/www.ariens.eu\/it\/wp-json\/wp\/v2\/product_cat?post=2323"},{"taxonomy":"product_tag","embeddable":true,"href":"https:\/\/www.ariens.eu\/it\/wp-json\/wp\/v2\/product_tag?post=2323"}],"curies":[{"name":"wp","href":"https:\/\/api.w.org\/{rel}","templated":true}]}}